{"id":47291,"date":"2026-03-24T17:51:03","date_gmt":"2026-03-24T14:51:03","guid":{"rendered":"https:\/\/siluteinfo.lt\/gde-ostanovitsya\/kempingi\/zona-otdyha-verdaine\/"},"modified":"2026-03-24T18:06:11","modified_gmt":"2026-03-24T15:06:11","slug":"zona-otdyha-verdaine","status":"publish","type":"page","link":"https:\/\/siluteinfo.lt\/ru\/gde-ostanovitsya\/kempingi\/zona-otdyha-verdaine\/","title":{"rendered":"\u0417\u043e\u043d\u0430 \u043e\u0442\u0434\u044b\u0445\u0430 \u00abVerdain\u0117\u00bb"},"content":{"rendered":"\t\t<div data-elementor-type=\"wp-page\" data-elementor-id=\"47291\" class=\"elementor elementor-47291 elementor-47280\" data-elementor-post-type=\"page\">\n\t\t\t\t<div class=\"wd-negative-gap elementor-element elementor-element-df1fcb5 e-flex e-con-boxed e-con e-parent\" data-id=\"df1fcb5\" data-element_type=\"container\" data-e-type=\"container\">\n\t\t\t\t\t<div class=\"e-con-inner\">\n\t\t<div class=\"elementor-element elementor-element-cc99fb3 e-con-full e-flex e-con e-child\" data-id=\"cc99fb3\" data-element_type=\"container\" data-e-type=\"container\">\n\t\t\t\t<div class=\"elementor-element elementor-element-5054104 elementor-widget elementor-widget-theme-post-featured-image elementor-widget-image\" data-id=\"5054104\" data-element_type=\"widget\" data-e-type=\"widget\" data-widget_type=\"theme-post-featured-image.default\">\n\t\t\t\t<div class=\"elementor-widget-container\">\n\t\t\t\t\t\t\t\t\t\t\t\t\t\t\t<img loading=\"lazy\" decoding=\"async\" width=\"1200\" height=\"900\" src=\"https:\/\/siluteinfo.lt\/wp-content\/themes\/woodmart\/images\/lazy.svg\" data-src=\"https:\/\/siluteinfo.lt\/wp-content\/uploads\/2023\/10\/apgyvendinimas-poilsiaviete-verdaine.jpg\" class=\" wd-lazy-blur attachment-full size-full wp-image-31789\" alt=\"\u041e\u043a\u0440\u0435\u0441\u0442\u043d\u043e\u0441\u0442\u0438 \u0437\u043e\u043d\u044b \u043e\u0442\u0434\u044b\u0445\u0430 \u00abVentain\u0117\u00bb\" srcset=\"\" data-srcset=\"https:\/\/siluteinfo.lt\/wp-content\/uploads\/2023\/10\/apgyvendinimas-poilsiaviete-verdaine.jpg 1200w, https:\/\/siluteinfo.lt\/wp-content\/uploads\/2023\/10\/apgyvendinimas-poilsiaviete-verdaine-400x300.jpg 400w, https:\/\/siluteinfo.lt\/wp-content\/uploads\/2023\/10\/apgyvendinimas-poilsiaviete-verdaine-768x576.jpg 768w\" sizes=\"auto, (max-width: 1200px) 100vw, 1200px\" \/>\t\t\t\t\t\t\t\t\t\t\t\t\t\t\t<\/div>\n\t\t\t\t<\/div>\n\t\t\t\t<\/div>\n\t\t<div class=\"elementor-element elementor-element-696fb17 e-con-full e-flex e-con e-child\" data-id=\"696fb17\" data-element_type=\"container\" data-e-type=\"container\">\n\t\t<div class=\"elementor-element elementor-element-d2388b7 e-con-full e-flex e-con e-child\" data-id=\"d2388b7\" data-element_type=\"container\" data-e-type=\"container\">\n\t\t\t\t<div class=\"elementor-element elementor-element-af8872b color-scheme-inherit text-left elementor-widget elementor-widget-text-editor\" data-id=\"af8872b\" data-element_type=\"widget\" data-e-type=\"widget\" data-widget_type=\"text-editor.default\">\n\t\t\t\t<div class=\"elementor-widget-container\">\n\t\t\t\t\t\t\t\t\t<p style=\"text-align: left;\">\u041f\u0440\u0438\u0433\u043b\u0430\u0448\u0430\u0435\u043c \u043f\u043e\u0441\u0435\u0442\u0438\u0442\u044c \u0437\u043e\u043d\u0443 \u043e\u0442\u0434\u044b\u0445\u0430 \u00abVerdain\u0117\u00bb \u0438 \u043f\u0440\u0438\u044f\u0442\u043d\u043e \u043f\u0440\u043e\u0432\u0435\u0441\u0442\u0438 \u0432\u0440\u0435\u043c\u044f!<\/p>\t\t\t\t\t\t\t\t<\/div>\n\t\t\t\t<\/div>\n\t\t\t\t<\/div>\n\t\t<div class=\"elementor-element elementor-element-aa34a1a e-con-full e-flex e-con e-child\" data-id=\"aa34a1a\" data-element_type=\"container\" data-e-type=\"container\">\n\t\t\t\t<div class=\"elementor-element elementor-element-8d70ab2 elementor-list-item-link-inline elementor-icon-list--layout-traditional elementor-widget elementor-widget-icon-list\" data-id=\"8d70ab2\" data-element_type=\"widget\" data-e-type=\"widget\" data-widget_type=\"icon-list.default\">\n\t\t\t\t<div class=\"elementor-widget-container\">\n\t\t\t\t\t\t\t<ul class=\"elementor-icon-list-items\">\n\t\t\t\t\t\t\t<li class=\"elementor-icon-list-item\">\n\t\t\t\t\t\t\t\t\t\t\t<span class=\"elementor-icon-list-icon\">\n\t\t\t\t\t\t\t<i aria-hidden=\"true\" class=\"fas fa-map-marker\"><\/i>\t\t\t\t\t\t<\/span>\n\t\t\t\t\t\t\t\t\t\t<span class=\"elementor-icon-list-text\">Til\u017e\u0117s g. 58, Verdain\u0117, \u0160ilut\u0117s r. sav. <\/span>\n\t\t\t\t\t\t\t\t\t<\/li>\n\t\t\t\t\t\t\t\t<li class=\"elementor-icon-list-item\">\n\t\t\t\t\t\t\t\t\t\t\t<a href=\"tel:+37063144567\">\n\n\t\t\t\t\t\t\t\t\t\t\t\t<span class=\"elementor-icon-list-icon\">\n\t\t\t\t\t\t\t<i aria-hidden=\"true\" class=\"fas fa-phone-alt\"><\/i>\t\t\t\t\t\t<\/span>\n\t\t\t\t\t\t\t\t\t\t<span class=\"elementor-icon-list-text\">+370 631 44 567<\/span>\n\t\t\t\t\t\t\t\t\t\t\t<\/a>\n\t\t\t\t\t\t\t\t\t<\/li>\n\t\t\t\t\t\t\t\t<li class=\"elementor-icon-list-item\">\n\t\t\t\t\t\t\t\t\t\t\t<a href=\"tel:+37060519661\">\n\n\t\t\t\t\t\t\t\t\t\t\t\t<span class=\"elementor-icon-list-icon\">\n\t\t\t\t\t\t\t<i aria-hidden=\"true\" class=\"fas fa-phone-alt\"><\/i>\t\t\t\t\t\t<\/span>\n\t\t\t\t\t\t\t\t\t\t<span class=\"elementor-icon-list-text\">+370 605 19 661<\/span>\n\t\t\t\t\t\t\t\t\t\t\t<\/a>\n\t\t\t\t\t\t\t\t\t<\/li>\n\t\t\t\t\t\t\t\t<li class=\"elementor-icon-list-item\">\n\t\t\t\t\t\t\t\t\t\t\t<a href=\"m&#97;&#105;&#108;&#x74;&#x6f;&#x3a;in&#102;&#111;&#x40;&#x76;&#x65;&#x72;da&#105;&#110;&#x65;&#x2e;&#x6c;&#x74;\">\n\n\t\t\t\t\t\t\t\t\t\t\t\t<span class=\"elementor-icon-list-icon\">\n\t\t\t\t\t\t\t<i aria-hidden=\"true\" class=\"fas fa-envelope\"><\/i>\t\t\t\t\t\t<\/span>\n\t\t\t\t\t\t\t\t\t\t<span class=\"elementor-icon-list-text\">&#x69;&#x6e;&#x66;&#x6f;&#x40;&#x76;&#x65;&#x72;&#x64;&#x61;&#x69;&#x6e;&#x65;&#x2e;&#x6c;&#x74;<\/span>\n\t\t\t\t\t\t\t\t\t\t\t<\/a>\n\t\t\t\t\t\t\t\t\t<\/li>\n\t\t\t\t\t\t\t\t<li class=\"elementor-icon-list-item\">\n\t\t\t\t\t\t\t\t\t\t\t<a href=\"https:\/\/www.verdaine.lt\/\" target=\"_blank\" rel=\"nofollow noopener\">\n\n\t\t\t\t\t\t\t\t\t\t\t\t<span class=\"elementor-icon-list-icon\">\n\t\t\t\t\t\t\t<i aria-hidden=\"true\" class=\"fas fa-globe\"><\/i>\t\t\t\t\t\t<\/span>\n\t\t\t\t\t\t\t\t\t\t<span class=\"elementor-icon-list-text\">www.verdaine.lt\/<\/span>\n\t\t\t\t\t\t\t\t\t\t\t<\/a>\n\t\t\t\t\t\t\t\t\t<\/li>\n\t\t\t\t\t\t\t\t<li class=\"elementor-icon-list-item\">\n\t\t\t\t\t\t\t\t\t\t\t<a href=\"https:\/\/www.facebook.com\/Verdainepoilsiaviete\" target=\"_blank\" rel=\"nofollow noopener\">\n\n\t\t\t\t\t\t\t\t\t\t\t\t<span class=\"elementor-icon-list-icon\">\n\t\t\t\t\t\t\t<i aria-hidden=\"true\" class=\"fab fa-facebook\"><\/i>\t\t\t\t\t\t<\/span>\n\t\t\t\t\t\t\t\t\t\t<span class=\"elementor-icon-list-text\">Facebook<\/span>\n\t\t\t\t\t\t\t\t\t\t\t<\/a>\n\t\t\t\t\t\t\t\t\t<\/li>\n\t\t\t\t\t\t<\/ul>\n\t\t\t\t\t\t<\/div>\n\t\t\t\t<\/div>\n\t\t\t\t<\/div>\n\t\t<div class=\"elementor-element elementor-element-02f15dc e-con-full e-flex e-con e-child\" data-id=\"02f15dc\" data-element_type=\"container\" data-e-type=\"container\">\n\t\t\t\t<div class=\"elementor-element elementor-element-936203b color-scheme-inherit text-left elementor-widget elementor-widget-text-editor\" data-id=\"936203b\" data-element_type=\"widget\" data-e-type=\"widget\" data-widget_type=\"text-editor.default\">\n\t\t\t\t<div class=\"elementor-widget-container\">\n\t\t\t\t\t\t\t\t\t<p style=\"text-align: left;\">\u0414\u0440\u0443\u0433\u0438\u0435 \u0443\u0441\u043b\u0443\u0433\u0438: \u043c\u0435\u0441\u0442\u043e \u0434\u043b\u044f \u043f\u0430\u043b\u0430\u0442\u043e\u043a, \u043f\u043b\u043e\u0449\u0430\u0434\u043a\u0430 \u0434\u043b\u044f \u043a\u0435\u043c\u043f\u0435\u0440\u043e\u0432, \u0431\u0435\u0441\u0435\u0434\u043a\u0430 \u043d\u0430 \u043e\u0442\u043a\u0440\u044b\u0442\u043e\u043c \u0432\u043e\u0437\u0434\u0443\u0445\u0435, \u043a\u0443\u043f\u0435\u043b\u044c (\u0433\u043e\u0440\u044f\u0447\u0430\u044f \u0431\u043e\u0447\u043a\u0430), \u043a\u043e\u0441\u0442\u0440\u043e\u0432\u0438\u0449\u0435, \u0432\u043e\u043b\u0435\u0439\u0431\u043e\u043b, \u0434\u0435\u0442\u0441\u043a\u0430\u044f \u0438\u0433\u0440\u043e\u0432\u0430\u044f \u043f\u043b\u043e\u0449\u0430\u0434\u043a\u0430, \u0442\u0430\u043a\u0436\u0435 \u043f\u0440\u0435\u0434\u043e\u0441\u0442\u0430\u0432\u043b\u044f\u044e\u0442\u0441\u044f \u0443\u0441\u043b\u0443\u0433\u0438 \u0440\u0430\u0437\u043c\u0435\u0449\u0435\u043d\u0438\u044f.<\/p>\t\t\t\t\t\t\t\t<\/div>\n\t\t\t\t<\/div>\n\t\t\t\t<\/div>\n\t\t\t\t<\/div>\n\t\t<div class=\"elementor-element elementor-element-1fc18a0 e-con-full e-flex e-con e-child\" data-id=\"1fc18a0\" data-element_type=\"container\" data-e-type=\"container\">\n\t\t\t\t<div class=\"elementor-element elementor-element-5ad3323 elementor-widget elementor-widget-shortcode\" data-id=\"5ad3323\" data-element_type=\"widget\" data-e-type=\"widget\" data-widget_type=\"shortcode.default\">\n\t\t\t\t<div class=\"elementor-widget-container\">\n\t\t\t\t\t\t\t<div class=\"elementor-shortcode\">\t\t<div id=\"maps-marker-pro-5ea6bb03\" class=\"maps-marker-pro mmp-list-below\" style=\"width: 100%;\">\n\t\t\t<div id=\"mmp-map-wrap-5ea6bb03\" class=\"mmp-map-wrap\">\n\t\t\t\t\t\t\t\t\t<div id=\"mmp-panel-5ea6bb03\" class=\"mmp-panel\"><\/div>\n\t\t\t\t\t\t\t\t<div id=\"mmp-map-5ea6bb03\" class=\"mmp-map\" style=\"height: 500px;\"><\/div>\n\t\t\t\t\t\t\t<\/div>\n\t\t\t\t\t\t\t<div id=\"mmp-list-5ea6bb03\" class=\"mmp-list\" style=\"flex-basis: 400px;\"><\/div>\n\t\t\t\t\t<\/div>\n\t\t<\/div>\n\t\t\t\t\t\t<\/div>\n\t\t\t\t<\/div>\n\t\t\t\t<\/div>\n\t\t\t\t\t<\/div>\n\t\t\t\t<\/div>\n\t\t\t\t<\/div>\n\t\t","protected":false},"excerpt":{"rendered":"<p>\u041f\u0440\u0438\u0433\u043b\u0430\u0448\u0430\u0435\u043c \u043f\u043e\u0441\u0435\u0442\u0438\u0442\u044c \u0437\u043e\u043d\u0443 \u043e\u0442\u0434\u044b\u0445\u0430 \u00abVerdain\u0117\u00bb \u0438 \u043f\u0440\u0438\u044f\u0442\u043d\u043e \u043f\u0440\u043e\u0432\u0435\u0441\u0442\u0438 \u0432\u0440\u0435\u043c\u044f! Til\u017e\u0117s g. 58, Verdain\u0117, \u0160ilut\u0117s r. sav. +370 631 44 567<\/p>\n","protected":false},"author":2,"featured_media":31789,"parent":47223,"menu_order":0,"comment_status":"closed","ping_status":"closed","template":"","meta":{"_acf_changed":false,"_monsterinsights_skip_tracking":false,"_monsterinsights_sitenote_active":false,"_monsterinsights_sitenote_note":"","_monsterinsights_sitenote_category":0,"footnotes":""},"class_list":["post-47291","page","type-page","status-publish","has-post-thumbnail","hentry"],"acf":[],"_links":{"self":[{"href":"https:\/\/siluteinfo.lt\/ru\/wp-json\/wp\/v2\/pages\/47291","targetHints":{"allow":["GET"]}}],"collection":[{"href":"https:\/\/siluteinfo.lt\/ru\/wp-json\/wp\/v2\/pages"}],"about":[{"href":"https:\/\/siluteinfo.lt\/ru\/wp-json\/wp\/v2\/types\/page"}],"author":[{"embeddable":true,"href":"https:\/\/siluteinfo.lt\/ru\/wp-json\/wp\/v2\/users\/2"}],"replies":[{"embeddable":true,"href":"https:\/\/siluteinfo.lt\/ru\/wp-json\/wp\/v2\/comments?post=47291"}],"version-history":[{"count":5,"href":"https:\/\/siluteinfo.lt\/ru\/wp-json\/wp\/v2\/pages\/47291\/revisions"}],"predecessor-version":[{"id":47296,"href":"https:\/\/siluteinfo.lt\/ru\/wp-json\/wp\/v2\/pages\/47291\/revisions\/47296"}],"up":[{"embeddable":true,"href":"https:\/\/siluteinfo.lt\/ru\/wp-json\/wp\/v2\/pages\/47223"}],"wp:featuredmedia":[{"embeddable":true,"href":"https:\/\/siluteinfo.lt\/ru\/wp-json\/wp\/v2\/media\/31789"}],"wp:attachment":[{"href":"https:\/\/siluteinfo.lt\/ru\/wp-json\/wp\/v2\/media?parent=47291"}],"curies":[{"name":"wp","href":"https:\/\/api.w.org\/{rel}","templated":true}]}}