{"id":47259,"date":"2026-03-24T15:29:00","date_gmt":"2026-03-24T12:29:00","guid":{"rendered":"https:\/\/siluteinfo.lt\/gde-ostanovitsya\/kempingi\/kemping-algimantasa-svitkina\/"},"modified":"2026-03-24T18:09:09","modified_gmt":"2026-03-24T15:09:09","slug":"kemping-algimantasa-svitkina","status":"publish","type":"page","link":"https:\/\/siluteinfo.lt\/ru\/gde-ostanovitsya\/kempingi\/kemping-algimantasa-svitkina\/","title":{"rendered":"\u041a\u0435\u043c\u043f\u0438\u043d\u0433 \u0410\u043b\u0433\u0438\u043c\u0430\u043d\u0442\u0430\u0441\u0430 \u0421\u0432\u0438\u0442\u043a\u0438\u043d\u0430"},"content":{"rendered":"\t\t<div data-elementor-type=\"wp-page\" data-elementor-id=\"47259\" class=\"elementor elementor-47259 elementor-47243\" data-elementor-post-type=\"page\">\n\t\t\t\t<div class=\"wd-negative-gap elementor-element elementor-element-b724c42 e-flex e-con-boxed e-con e-parent\" data-id=\"b724c42\" data-element_type=\"container\" data-e-type=\"container\">\n\t\t\t\t\t<div class=\"e-con-inner\">\n\t\t<div class=\"elementor-element elementor-element-1dee810 e-con-full e-flex e-con e-child\" data-id=\"1dee810\" data-element_type=\"container\" data-e-type=\"container\">\n\t\t\t\t<div class=\"elementor-element elementor-element-fec6dc7 elementor-widget elementor-widget-theme-post-featured-image elementor-widget-image\" data-id=\"fec6dc7\" data-element_type=\"widget\" data-e-type=\"widget\" data-widget_type=\"theme-post-featured-image.default\">\n\t\t\t\t<div class=\"elementor-widget-container\">\n\t\t\t\t\t\t\t\t\t\t\t\t\t\t\t<img loading=\"lazy\" decoding=\"async\" width=\"1200\" height=\"900\" src=\"https:\/\/siluteinfo.lt\/wp-content\/themes\/woodmart\/images\/lazy.svg\" data-src=\"https:\/\/siluteinfo.lt\/wp-content\/uploads\/2023\/10\/apgyvendinimas-algimanto-svitkino-stovyklaviete.jpg\" class=\" wd-lazy-blur attachment-full size-full wp-image-31795\" alt=\"\u041e\u043a\u0440\u0435\u0441\u0442\u043d\u043e\u0441\u0442\u0438 \u043a\u0435\u043c\u043f\u0438\u043d\u0433\u0430 \u0410\u043b\u0433\u0438\u043c\u0430\u043d\u0442\u0430\u0441\u0430 \u0421\u0432\u0438\u0442\u043a\u0438\u043d\u0430\" srcset=\"\" data-srcset=\"https:\/\/siluteinfo.lt\/wp-content\/uploads\/2023\/10\/apgyvendinimas-algimanto-svitkino-stovyklaviete.jpg 1200w, https:\/\/siluteinfo.lt\/wp-content\/uploads\/2023\/10\/apgyvendinimas-algimanto-svitkino-stovyklaviete-400x300.jpg 400w, https:\/\/siluteinfo.lt\/wp-content\/uploads\/2023\/10\/apgyvendinimas-algimanto-svitkino-stovyklaviete-768x576.jpg 768w\" sizes=\"auto, (max-width: 1200px) 100vw, 1200px\" \/>\t\t\t\t\t\t\t\t\t\t\t\t\t\t\t<\/div>\n\t\t\t\t<\/div>\n\t\t\t\t<\/div>\n\t\t<div class=\"elementor-element elementor-element-164d659 e-con-full e-flex e-con e-child\" data-id=\"164d659\" data-element_type=\"container\" data-e-type=\"container\">\n\t\t<div class=\"elementor-element elementor-element-cd91f35 e-con-full e-flex e-con e-child\" data-id=\"cd91f35\" data-element_type=\"container\" data-e-type=\"container\">\n\t\t\t\t<div class=\"elementor-element elementor-element-e1ad2e9 color-scheme-inherit text-left elementor-widget elementor-widget-text-editor\" data-id=\"e1ad2e9\" data-element_type=\"widget\" data-e-type=\"widget\" data-widget_type=\"text-editor.default\">\n\t\t\t\t<div class=\"elementor-widget-container\">\n\t\t\t\t\t\t\t\t\t<p style=\"text-align: left;\">\u041a\u0435\u043c\u043f\u0438\u043d\u0433 \u0440\u0430\u0441\u043f\u043e\u043b\u043e\u0436\u0435\u043d \u043d\u0430 \u0436\u0438\u0432\u043e\u043f\u0438\u0441\u043d\u043e\u043c \u0431\u0435\u0440\u0435\u0433\u0443 \u0440\u0435\u043a\u0438 \u0410\u0442\u043c\u0430\u0442\u0430, \u0432 \u0440\u0435\u0433\u0438\u043e\u043d\u0430\u043b\u044c\u043d\u043e\u043c \u043f\u0430\u0440\u043a\u0435 \u0434\u0435\u043b\u044c\u0442\u044b \u041d\u0435\u043c\u0430\u043d\u0430.<\/p>\t\t\t\t\t\t\t\t<\/div>\n\t\t\t\t<\/div>\n\t\t\t\t<\/div>\n\t\t<div class=\"elementor-element elementor-element-a124aae e-con-full e-flex e-con e-child\" data-id=\"a124aae\" data-element_type=\"container\" data-e-type=\"container\">\n\t\t\t\t<div class=\"elementor-element elementor-element-81c2707 elementor-list-item-link-inline elementor-icon-list--layout-traditional elementor-widget elementor-widget-icon-list\" data-id=\"81c2707\" data-element_type=\"widget\" data-e-type=\"widget\" data-widget_type=\"icon-list.default\">\n\t\t\t\t<div class=\"elementor-widget-container\">\n\t\t\t\t\t\t\t<ul class=\"elementor-icon-list-items\">\n\t\t\t\t\t\t\t<li class=\"elementor-icon-list-item\">\n\t\t\t\t\t\t\t\t\t\t\t<span class=\"elementor-icon-list-icon\">\n\t\t\t\t\t\t\t<i aria-hidden=\"true\" class=\"fas fa-map-marker\"><\/i>\t\t\t\t\t\t<\/span>\n\t\t\t\t\t\t\t\t\t\t<span class=\"elementor-icon-list-text\">Nemuno g. 6, Rusn\u0117, \u0160ilut\u0117s r. sav.  <\/span>\n\t\t\t\t\t\t\t\t\t<\/li>\n\t\t\t\t\t\t\t\t<li class=\"elementor-icon-list-item\">\n\t\t\t\t\t\t\t\t\t\t\t<a href=\"tel:+37068885619\">\n\n\t\t\t\t\t\t\t\t\t\t\t\t<span class=\"elementor-icon-list-icon\">\n\t\t\t\t\t\t\t<i aria-hidden=\"true\" class=\"fas fa-phone-alt\"><\/i>\t\t\t\t\t\t<\/span>\n\t\t\t\t\t\t\t\t\t\t<span class=\"elementor-icon-list-text\">+370 688 85 619<\/span>\n\t\t\t\t\t\t\t\t\t\t\t<\/a>\n\t\t\t\t\t\t\t\t\t<\/li>\n\t\t\t\t\t\t\t\t<li class=\"elementor-icon-list-item\">\n\t\t\t\t\t\t\t\t\t\t\t<a href=\"tel:+37067794835\">\n\n\t\t\t\t\t\t\t\t\t\t\t\t<span class=\"elementor-icon-list-icon\">\n\t\t\t\t\t\t\t<i aria-hidden=\"true\" class=\"fas fa-phone-alt\"><\/i>\t\t\t\t\t\t<\/span>\n\t\t\t\t\t\t\t\t\t\t<span class=\"elementor-icon-list-text\">+370 677 94 835<\/span>\n\t\t\t\t\t\t\t\t\t\t\t<\/a>\n\t\t\t\t\t\t\t\t\t<\/li>\n\t\t\t\t\t\t\t\t<li class=\"elementor-icon-list-item\">\n\t\t\t\t\t\t\t\t\t\t\t<a href=\"&#x6d;&#x61;&#x69;&#x6c;&#x74;&#x6f;&#x3a;&#x76;&#x69;&#x72;&#x67;&#105;&#110;&#105;&#106;&#97;&#64;&#103;mail&#46;c&#x6f;&#x6d;\">\n\n\t\t\t\t\t\t\t\t\t\t\t\t<span class=\"elementor-icon-list-icon\">\n\t\t\t\t\t\t\t<i aria-hidden=\"true\" class=\"fas fa-envelope\"><\/i>\t\t\t\t\t\t<\/span>\n\t\t\t\t\t\t\t\t\t\t<span class=\"elementor-icon-list-text\">&#x76;&#105;&#114;g&#x69;&#x6e;&#105;j&#x61;&#x40;&#103;ma&#x69;&#108;&#46;c&#x6f;&#x6d;<\/span>\n\t\t\t\t\t\t\t\t\t\t\t<\/a>\n\t\t\t\t\t\t\t\t\t<\/li>\n\t\t\t\t\t\t<\/ul>\n\t\t\t\t\t\t<\/div>\n\t\t\t\t<\/div>\n\t\t\t\t<\/div>\n\t\t<div class=\"elementor-element elementor-element-b0f12e6 e-con-full e-flex e-con e-child\" data-id=\"b0f12e6\" data-element_type=\"container\" data-e-type=\"container\">\n\t\t\t\t<div class=\"elementor-element elementor-element-88ea909 color-scheme-inherit text-left elementor-widget elementor-widget-text-editor\" data-id=\"88ea909\" data-element_type=\"widget\" data-e-type=\"widget\" data-widget_type=\"text-editor.default\">\n\t\t\t\t<div class=\"elementor-widget-container\">\n\t\t\t\t\t\t\t\t\t<p>\u0414\u043e\u043c\u0438\u043a\u0438 \/ \u043c\u0435\u0441\u0442 \u2013 2 \/ 14<br>\u0426\u0435\u043d\u0430: \u0434\u043e\u043c\u0438\u043a \u2013 72 EUR<br>\u0414\u0440\u0443\u0433\u0438\u0435 \u0443\u0441\u043b\u0443\u0433\u0438: \u0430\u0440\u0435\u043d\u0434\u0430 \u043f\u0440\u043e\u0433\u0443\u043b\u043e\u0447\u043d\u043e\u0433\u043e \u043a\u0430\u0442\u0435\u0440\u0430 \u043d\u0430 12 \u043c\u0435\u0441\u0442, \u043e\u0440\u0433\u0430\u043d\u0438\u0437\u0443\u044e\u0442\u0441\u044f \u043f\u043e\u0435\u0437\u0434\u043a\u0438 \u043f\u043e \u0434\u0435\u043b\u044c\u0442\u0435 \u041d\u0435\u043c\u0430\u043d\u0430 \u0438 \u041a\u0443\u0440\u0448\u0441\u043a\u043e\u043c\u0443 \u0437\u0430\u043b\u0438\u0432\u0443. \u041f\u0435\u0440\u0435\u0432\u043e\u0437\u043a\u0430 \u0432 \u041d\u0438\u0434\u0443 \u0438 \u0434\u0440\u0443\u0433\u0438\u0435 \u043f\u043e\u0440\u0442\u044b, \u0440\u044b\u0431\u0430\u043b\u043a\u0430. \u0412\u043e\u0437\u043c\u043e\u0436\u043d\u0430 \u0443\u0441\u0442\u0430\u043d\u043e\u0432\u043a\u0430 \u043f\u0430\u043b\u0430\u0442\u043e\u043a. \u0421\u0430\u0443\u043d\u0430 \u2013 \u0432\u0438\u0433\u0432\u0430\u043c. \u0420\u0430\u0437\u0440\u0435\u0448\u0435\u043d\u043e \u043f\u0440\u043e\u0436\u0438\u0432\u0430\u043d\u0438\u0435 \u0441 \u0436\u0438\u0432\u043e\u0442\u043d\u044b\u043c\u0438.<\/p>\t\t\t\t\t\t\t\t<\/div>\n\t\t\t\t<\/div>\n\t\t\t\t<\/div>\n\t\t\t\t<\/div>\n\t\t<div class=\"elementor-element elementor-element-ec02b9b e-con-full e-flex e-con e-child\" data-id=\"ec02b9b\" data-element_type=\"container\" data-e-type=\"container\">\n\t\t\t\t<div class=\"elementor-element elementor-element-bc296d8 elementor-widget elementor-widget-shortcode\" data-id=\"bc296d8\" data-element_type=\"widget\" data-e-type=\"widget\" data-widget_type=\"shortcode.default\">\n\t\t\t\t<div class=\"elementor-widget-container\">\n\t\t\t\t\t\t\t<div class=\"elementor-shortcode\">\t\t<div id=\"maps-marker-pro-4d1fc7b7\" class=\"maps-marker-pro mmp-list-below\" style=\"width: 100%;\">\n\t\t\t<div id=\"mmp-map-wrap-4d1fc7b7\" class=\"mmp-map-wrap\">\n\t\t\t\t\t\t\t\t\t<div id=\"mmp-panel-4d1fc7b7\" class=\"mmp-panel\"><\/div>\n\t\t\t\t\t\t\t\t<div id=\"mmp-map-4d1fc7b7\" class=\"mmp-map\" style=\"height: 500px;\"><\/div>\n\t\t\t\t\t\t\t<\/div>\n\t\t\t\t\t\t\t<div id=\"mmp-list-4d1fc7b7\" class=\"mmp-list\" style=\"flex-basis: 400px;\"><\/div>\n\t\t\t\t\t<\/div>\n\t\t<\/div>\n\t\t\t\t\t\t<\/div>\n\t\t\t\t<\/div>\n\t\t\t\t<\/div>\n\t\t\t\t\t<\/div>\n\t\t\t\t<\/div>\n\t\t\t\t<\/div>\n\t\t","protected":false},"excerpt":{"rendered":"<p>\u041a\u0435\u043c\u043f\u0438\u043d\u0433 \u0440\u0430\u0441\u043f\u043e\u043b\u043e\u0436\u0435\u043d \u043d\u0430 \u0436\u0438\u0432\u043e\u043f\u0438\u0441\u043d\u043e\u043c \u0431\u0435\u0440\u0435\u0433\u0443 \u0440\u0435\u043a\u0438 \u0410\u0442\u043c\u0430\u0442\u0430, \u0432 \u0440\u0435\u0433\u0438\u043e\u043d\u0430\u043b\u044c\u043d\u043e\u043c \u043f\u0430\u0440\u043a\u0435 \u0434\u0435\u043b\u044c\u0442\u044b \u041d\u0435\u043c\u0430\u043d\u0430. Nemuno g. 6, Rusn\u0117, \u0160ilut\u0117s r. sav. +370<\/p>\n","protected":false},"author":2,"featured_media":31795,"parent":47223,"menu_order":2,"comment_status":"closed","ping_status":"closed","template":"","meta":{"_acf_changed":false,"_monsterinsights_skip_tracking":false,"_monsterinsights_sitenote_active":false,"_monsterinsights_sitenote_note":"","_monsterinsights_sitenote_category":0,"footnotes":""},"class_list":["post-47259","page","type-page","status-publish","has-post-thumbnail","hentry"],"acf":[],"_links":{"self":[{"href":"https:\/\/siluteinfo.lt\/ru\/wp-json\/wp\/v2\/pages\/47259","targetHints":{"allow":["GET"]}}],"collection":[{"href":"https:\/\/siluteinfo.lt\/ru\/wp-json\/wp\/v2\/pages"}],"about":[{"href":"https:\/\/siluteinfo.lt\/ru\/wp-json\/wp\/v2\/types\/page"}],"author":[{"embeddable":true,"href":"https:\/\/siluteinfo.lt\/ru\/wp-json\/wp\/v2\/users\/2"}],"replies":[{"embeddable":true,"href":"https:\/\/siluteinfo.lt\/ru\/wp-json\/wp\/v2\/comments?post=47259"}],"version-history":[{"count":2,"href":"https:\/\/siluteinfo.lt\/ru\/wp-json\/wp\/v2\/pages\/47259\/revisions"}],"predecessor-version":[{"id":47301,"href":"https:\/\/siluteinfo.lt\/ru\/wp-json\/wp\/v2\/pages\/47259\/revisions\/47301"}],"up":[{"embeddable":true,"href":"https:\/\/siluteinfo.lt\/ru\/wp-json\/wp\/v2\/pages\/47223"}],"wp:featuredmedia":[{"embeddable":true,"href":"https:\/\/siluteinfo.lt\/ru\/wp-json\/wp\/v2\/media\/31795"}],"wp:attachment":[{"href":"https:\/\/siluteinfo.lt\/ru\/wp-json\/wp\/v2\/media?parent=47259"}],"curies":[{"name":"wp","href":"https:\/\/api.w.org\/{rel}","templated":true}]}}