{"id":47166,"date":"2026-02-21T16:45:18","date_gmt":"2026-02-21T14:45:18","guid":{"rendered":"https:\/\/siluteinfo.lt\/gde-ostanovitsya\/oteli-i-gostevye-doma\/gostevoi-dom-villa-verdaine\/"},"modified":"2026-04-09T08:43:34","modified_gmt":"2026-04-09T06:43:34","slug":"gostevoi-dom-villa-verdaine","status":"publish","type":"page","link":"https:\/\/siluteinfo.lt\/ru\/gde-ostanovitsya\/oteli-i-gostevye-doma\/gostevoi-dom-villa-verdaine\/","title":{"rendered":"\u0413\u043e\u0441\u0442\u0435\u0432\u043e\u0439 \u0434\u043e\u043c \u00abVilla Verdain\u0117\u00bb"},"content":{"rendered":"\t\t<div data-elementor-type=\"wp-page\" data-elementor-id=\"47166\" class=\"elementor elementor-47166 elementor-46703\" data-elementor-post-type=\"page\">\n\t\t\t\t<div class=\"wd-negative-gap elementor-element elementor-element-6d2e23b e-flex e-con-boxed e-con e-parent\" data-id=\"6d2e23b\" data-element_type=\"container\" data-e-type=\"container\">\n\t\t\t\t\t<div class=\"e-con-inner\">\n\t\t<div class=\"elementor-element elementor-element-9336f48 e-con-full e-flex e-con e-child\" data-id=\"9336f48\" data-element_type=\"container\" data-e-type=\"container\">\n\t\t\t\t<div class=\"elementor-element elementor-element-3d3e47a elementor-widget elementor-widget-theme-post-featured-image elementor-widget-image\" data-id=\"3d3e47a\" data-element_type=\"widget\" data-e-type=\"widget\" data-widget_type=\"theme-post-featured-image.default\">\n\t\t\t\t<div class=\"elementor-widget-container\">\n\t\t\t\t\t\t\t\t\t\t\t\t\t\t\t<img loading=\"lazy\" decoding=\"async\" width=\"1200\" height=\"900\" src=\"https:\/\/siluteinfo.lt\/wp-content\/themes\/woodmart\/images\/lazy.svg\" data-src=\"https:\/\/siluteinfo.lt\/wp-content\/uploads\/2023\/10\/apgyvendinimas-villa-verdaine.jpg\" class=\" wd-lazy-blur attachment-full size-full wp-image-31512\" alt=\"\u0417\u0434\u0430\u043d\u0438\u0435 \u0433\u043e\u0441\u0442\u0435\u0432\u043e\u0433\u043e \u0434\u043e\u043c\u0430 \u00abVilla Verdain\u0117\u00bb \u0432 \u0428\u0438\u043b\u0443\u0442\u0435\" srcset=\"\" data-srcset=\"https:\/\/siluteinfo.lt\/wp-content\/uploads\/2023\/10\/apgyvendinimas-villa-verdaine.jpg 1200w, https:\/\/siluteinfo.lt\/wp-content\/uploads\/2023\/10\/apgyvendinimas-villa-verdaine-400x300.jpg 400w, https:\/\/siluteinfo.lt\/wp-content\/uploads\/2023\/10\/apgyvendinimas-villa-verdaine-768x576.jpg 768w\" sizes=\"auto, (max-width: 1200px) 100vw, 1200px\" \/>\t\t\t\t\t\t\t\t\t\t\t\t\t\t\t<\/div>\n\t\t\t\t<\/div>\n\t\t\t\t<\/div>\n\t\t<div class=\"elementor-element elementor-element-15f57f2 e-con-full e-flex e-con e-child\" data-id=\"15f57f2\" data-element_type=\"container\" data-e-type=\"container\">\n\t\t<div class=\"elementor-element elementor-element-4ea1d0a e-con-full e-flex e-con e-child\" data-id=\"4ea1d0a\" data-element_type=\"container\" data-e-type=\"container\">\n\t\t\t\t<div class=\"elementor-element elementor-element-01269a2 color-scheme-inherit text-left elementor-widget elementor-widget-text-editor\" data-id=\"01269a2\" data-element_type=\"widget\" data-e-type=\"widget\" data-widget_type=\"text-editor.default\">\n\t\t\t\t<div class=\"elementor-widget-container\">\n\t\t\t\t\t\t\t\t\t<p style=\"text-align: left;\">\u0413\u043e\u0441\u0442\u0435\u0432\u043e\u0439 \u0434\u043e\u043c \u00abVilla Verdain\u0117\u00bb \u0440\u0430\u0441\u043f\u043e\u043b\u043e\u0436\u0435\u043d \u0432 \u0433\u043e\u0440\u043e\u0434\u0435 \u0428\u0438\u043b\u0443\u0442\u0435, \u0432 \u0438\u0441\u0442\u043e\u0440\u0438\u0447\u0435\u0441\u043a\u043e\u0439 \u0434\u0435\u0440\u0435\u0432\u043d\u0435 \u0412\u0435\u0440\u0434\u0430\u0438\u043d\u0435 (Verdain\u0117). \u042d\u0442\u043e \u043a\u043e\u043c\u043f\u043b\u0435\u043a\u0441 \u0437\u0434\u0430\u043d\u0438\u0439 \u0432 \u043f\u0440\u0443\u0441\u0441\u043a\u043e\u043c \u0430\u0440\u0445\u0438\u0442\u0435\u043a\u0442\u0443\u0440\u043d\u043e\u043c \u0441\u0442\u0438\u043b\u0435, \u0432\u043a\u043b\u044e\u0447\u0451\u043d\u043d\u044b\u0439 \u0432 \u0441\u043f\u0438\u0441\u043e\u043a \u043e\u0445\u0440\u0430\u043d\u044f\u0435\u043c\u044b\u0445 \u0433\u043e\u0441\u0443\u0434\u0430\u0440\u0441\u0442\u0432\u043e\u043c \u0438 \u043f\u043e\u0441\u0435\u0449\u0430\u0435\u043c\u044b\u0445 \u0442\u0443\u0440\u0438\u0441\u0442\u0430\u043c\u0438 \u043e\u0431\u044a\u0435\u043a\u0442\u043e\u0432. \u0412 \u0441\u043e\u0432\u0440\u0435\u043c\u0435\u043d\u043d\u043e \u043e\u0431\u043e\u0440\u0443\u0434\u043e\u0432\u0430\u043d\u043d\u043e\u043c 3-\u0437\u0432\u0451\u0437\u0434\u043e\u0447\u043d\u043e\u043c \u0433\u043e\u0441\u0442\u0435\u0432\u043e\u043c \u0434\u043e\u043c\u0435 \u2014 20 \u043e\u0434\u043d\u043e\u043c\u0435\u0441\u0442\u043d\u044b\u0445, \u0434\u0432\u0443\u0445\u043c\u0435\u0441\u0442\u043d\u044b\u0445 \u0438 \u0441\u0435\u043c\u0435\u0439\u043d\u044b\u0445 \u043d\u043e\u043c\u0435\u0440\u043e\u0432.   <br>\u0414\u043b\u044f \u0443\u0434\u043e\u0431\u0441\u0442\u0432\u0430 \u0433\u043e\u0441\u0442\u0435\u0439 \u043f\u0440\u0435\u0434\u043b\u0430\u0433\u0430\u044e\u0442\u0441\u044f \u043f\u0440\u043e\u0441\u0442\u043e\u0440\u043d\u044b\u0435 \u043a\u043e\u043d\u0446\u0435\u0440\u0442\u043d\u044b\u0435, \u043a\u043e\u043d\u0444\u0435\u0440\u0435\u043d\u0446\u0438\u043e\u043d\u043d\u044b\u0435 \u0438 event-\u0437\u0430\u043b\u044b, \u0432\u043c\u0435\u0449\u0430\u044e\u0449\u0438\u0435 \u043e\u0442 25 \u0434\u043e 250 \u0447\u0435\u043b\u043e\u0432\u0435\u043a. \u0423\u0434\u043e\u0431\u043d\u043e\u0435 \u0440\u0430\u0441\u043f\u043e\u043b\u043e\u0436\u0435\u043d\u0438\u0435 \u2014 \u0432\u0441\u0435\u0433\u043e 5 \u043c\u0438\u043d\u0443\u0442 \u0434\u043e \u0442\u043e\u0440\u0433\u043e\u0432\u043e\u0433\u043e \u0446\u0435\u043d\u0442\u0440\u0430 \u0438 \u0430\u0432\u0442\u043e\u0431\u0443\u0441\u043d\u043e\u0439 \u0441\u0442\u0430\u043d\u0446\u0438\u0438. <\/p>\t\t\t\t\t\t\t\t<\/div>\n\t\t\t\t<\/div>\n\t\t\t\t<\/div>\n\t\t<div class=\"elementor-element elementor-element-45dabac e-con-full e-flex e-con e-child\" data-id=\"45dabac\" data-element_type=\"container\" data-e-type=\"container\">\n\t\t\t\t<div class=\"elementor-element elementor-element-e1abdf2 elementor-list-item-link-inline elementor-icon-list--layout-traditional elementor-widget elementor-widget-icon-list\" data-id=\"e1abdf2\" data-element_type=\"widget\" data-e-type=\"widget\" data-widget_type=\"icon-list.default\">\n\t\t\t\t<div class=\"elementor-widget-container\">\n\t\t\t\t\t\t\t<ul class=\"elementor-icon-list-items\">\n\t\t\t\t\t\t\t<li class=\"elementor-icon-list-item\">\n\t\t\t\t\t\t\t\t\t\t\t<span class=\"elementor-icon-list-icon\">\n\t\t\t\t\t\t\t<i aria-hidden=\"true\" class=\"fas fa-map-marker\"><\/i>\t\t\t\t\t\t<\/span>\n\t\t\t\t\t\t\t\t\t\t<span class=\"elementor-icon-list-text\">Til\u017e\u0117s g. 24-1, \u0160ilut\u0117 <\/span>\n\t\t\t\t\t\t\t\t\t<\/li>\n\t\t\t\t\t\t\t\t<li class=\"elementor-icon-list-item\">\n\t\t\t\t\t\t\t\t\t\t\t<a href=\"tel:+37063468628\">\n\n\t\t\t\t\t\t\t\t\t\t\t\t<span class=\"elementor-icon-list-icon\">\n\t\t\t\t\t\t\t<i aria-hidden=\"true\" class=\"fas fa-phone-alt\"><\/i>\t\t\t\t\t\t<\/span>\n\t\t\t\t\t\t\t\t\t\t<span class=\"elementor-icon-list-text\">+370 634 68 628<\/span>\n\t\t\t\t\t\t\t\t\t\t\t<\/a>\n\t\t\t\t\t\t\t\t\t<\/li>\n\t\t\t\t\t\t\t\t<li class=\"elementor-icon-list-item\">\n\t\t\t\t\t\t\t\t\t\t\t<a href=\"&#x6d;&#x61;&#105;l&#x74;&#x6f;&#58;&#118;i&#x6c;&#x6c;&#97;&#118;e&#x72;&#x64;&#97;in&#x65;&#x40;&#103;m&#x61;&#x69;&#108;&#46;c&#x6f;&#x6d;\">\n\n\t\t\t\t\t\t\t\t\t\t\t\t<span class=\"elementor-icon-list-icon\">\n\t\t\t\t\t\t\t<i aria-hidden=\"true\" class=\"fas fa-envelope\"><\/i>\t\t\t\t\t\t<\/span>\n\t\t\t\t\t\t\t\t\t\t<span class=\"elementor-icon-list-text\">villaverdain&#101;&#64;&#103;&#109;&#97;&#105;&#108;&#46;&#99;&#111;&#109;<\/span>\n\t\t\t\t\t\t\t\t\t\t\t<\/a>\n\t\t\t\t\t\t\t\t\t<\/li>\n\t\t\t\t\t\t\t\t<li class=\"elementor-icon-list-item\">\n\t\t\t\t\t\t\t\t\t\t\t<a href=\"https:\/\/www.villaverdaine.com\" target=\"_blank\" rel=\"nofollow noopener\">\n\n\t\t\t\t\t\t\t\t\t\t\t\t<span class=\"elementor-icon-list-icon\">\n\t\t\t\t\t\t\t<i aria-hidden=\"true\" class=\"fas fa-globe\"><\/i>\t\t\t\t\t\t<\/span>\n\t\t\t\t\t\t\t\t\t\t<span class=\"elementor-icon-list-text\">www.villaverdaine.com<\/span>\n\t\t\t\t\t\t\t\t\t\t\t<\/a>\n\t\t\t\t\t\t\t\t\t<\/li>\n\t\t\t\t\t\t\t\t<li class=\"elementor-icon-list-item\">\n\t\t\t\t\t\t\t\t\t\t\t<a href=\"https:\/\/www.facebook.com\/VillaVerdaine\" target=\"_blank\" rel=\"nofollow noopener\">\n\n\t\t\t\t\t\t\t\t\t\t\t\t<span class=\"elementor-icon-list-icon\">\n\t\t\t\t\t\t\t<i aria-hidden=\"true\" class=\"fab fa-facebook\"><\/i>\t\t\t\t\t\t<\/span>\n\t\t\t\t\t\t\t\t\t\t<span class=\"elementor-icon-list-text\">Facebook<\/span>\n\t\t\t\t\t\t\t\t\t\t\t<\/a>\n\t\t\t\t\t\t\t\t\t<\/li>\n\t\t\t\t\t\t\t\t<li class=\"elementor-icon-list-item\">\n\t\t\t\t\t\t\t\t\t\t\t<a href=\"https:\/\/www.booking.com\/hotel\/lt\/villa-verdaine.lt.html\" target=\"_blank\" rel=\"nofollow noopener\">\n\n\t\t\t\t\t\t\t\t\t\t\t\t<span class=\"elementor-icon-list-icon\">\n\t\t\t\t\t\t\t<i aria-hidden=\"true\" class=\"fas fa-hotel\"><\/i>\t\t\t\t\t\t<\/span>\n\t\t\t\t\t\t\t\t\t\t<span class=\"elementor-icon-list-text\">Booking.com<\/span>\n\t\t\t\t\t\t\t\t\t\t\t<\/a>\n\t\t\t\t\t\t\t\t\t<\/li>\n\t\t\t\t\t\t<\/ul>\n\t\t\t\t\t\t<\/div>\n\t\t\t\t<\/div>\n\t\t\t\t<\/div>\n\t\t<div class=\"elementor-element elementor-element-9623360 e-con-full e-flex e-con e-child\" data-id=\"9623360\" data-element_type=\"container\" data-e-type=\"container\">\n\t\t\t\t<div class=\"elementor-element elementor-element-9b87d7e color-scheme-inherit text-left elementor-widget elementor-widget-text-editor\" data-id=\"9b87d7e\" data-element_type=\"widget\" data-e-type=\"widget\" data-widget_type=\"text-editor.default\">\n\t\t\t\t<div class=\"elementor-widget-container\">\n\t\t\t\t\t\t\t\t\t<p style=\"text-align: left;\">\u041a\u043e\u043b\u0438\u0447\u0435\u0441\u0442\u0432\u043e \u043d\u043e\u043c\u0435\u0440\u043e\u0432 \/ \u043c\u0435\u0441\u0442 \u2013 20 \/ 44<br>\u0426\u0435\u043d\u044b: 35\u201385 EUR<br>\u0411\u0430\u043d\u043a\u0435\u0442\u043d\u044b\u0435 \/ \u043a\u043e\u043d\u0444\u0435\u0440\u0435\u043d\u0446-\u0437\u0430\u043b\u044b: \u043a\u043e\u043d\u0446\u0435\u0440\u0442\u043d\u044b\u0439 \u0437\u0430\u043b \u043d\u0430 250 \u043c\u0435\u0441\u0442 \u0438 3 \u0431\u0430\u043d\u043a\u0435\u0442\u043d\u044b\u0445 \u0437\u0430\u043b\u0430 (25, 50, 120 \u043c\u0435\u0441\u0442)<br>\u0414\u0440\u0443\u0433\u0438\u0435 \u0443\u0441\u043b\u0443\u0433\u0438: \u043f\u0438\u0442\u0430\u043d\u0438\u0435 (\u043e\u0434\u043d\u043e\u0432\u0440\u0435\u043c\u0435\u043d\u043d\u043e \u0434\u043e 200 \u0447\u0435\u043b\u043e\u0432\u0435\u043a), \u0441\u043f\u0443\u0442\u043d\u0438\u043a\u043e\u0432\u043e\u0435 \u0422\u0412, \u043f\u0430\u0440\u043a\u043e\u0432\u043a\u0430. \u041e\u0440\u0433\u0430\u043d\u0438\u0437\u0443\u044e\u0442\u0441\u044f \u044d\u043a\u0441\u043a\u0443\u0440\u0441\u0438\u0438 \u043d\u0430 \u043f\u0440\u0438\u0440\u043e\u0434\u0443, \u0430\u0440\u0435\u043d\u0434\u0430 \u043b\u043e\u0434\u043e\u043a. <\/p>\t\t\t\t\t\t\t\t<\/div>\n\t\t\t\t<\/div>\n\t\t\t\t<\/div>\n\t\t<div class=\"elementor-element elementor-element-7655e49 e-con-full e-flex e-con e-child\" data-id=\"7655e49\" data-element_type=\"container\" data-e-type=\"container\">\n\t\t\t\t<\/div>\n\t\t\t\t<\/div>\n\t\t<div class=\"elementor-element elementor-element-856c7a8 e-con-full e-flex e-con e-child\" data-id=\"856c7a8\" data-element_type=\"container\" data-e-type=\"container\">\n\t\t\t\t<div class=\"elementor-element elementor-element-bd650a5 elementor-widget elementor-widget-shortcode\" data-id=\"bd650a5\" data-element_type=\"widget\" data-e-type=\"widget\" data-widget_type=\"shortcode.default\">\n\t\t\t\t<div class=\"elementor-widget-container\">\n\t\t\t\t\t\t\t<div class=\"elementor-shortcode\">\t\t<div id=\"maps-marker-pro-3f7ef433\" class=\"maps-marker-pro mmp-list-below\" style=\"width: 100%;\">\n\t\t\t<div id=\"mmp-map-wrap-3f7ef433\" class=\"mmp-map-wrap\">\n\t\t\t\t\t\t\t\t\t<div id=\"mmp-panel-3f7ef433\" class=\"mmp-panel\"><\/div>\n\t\t\t\t\t\t\t\t<div id=\"mmp-map-3f7ef433\" class=\"mmp-map\" style=\"height: 500px;\"><\/div>\n\t\t\t\t\t\t\t<\/div>\n\t\t\t\t\t\t\t<div id=\"mmp-list-3f7ef433\" class=\"mmp-list\" style=\"flex-basis: 400px;\"><\/div>\n\t\t\t\t\t<\/div>\n\t\t<\/div>\n\t\t\t\t\t\t<\/div>\n\t\t\t\t<\/div>\n\t\t\t\t<\/div>\n\t\t\t\t\t<\/div>\n\t\t\t\t<\/div>\n\t\t\t\t<\/div>\n\t\t","protected":false},"excerpt":{"rendered":"<p>\u0413\u043e\u0441\u0442\u0435\u0432\u043e\u0439 \u0434\u043e\u043c \u00abVilla Verdain\u0117\u00bb \u0440\u0430\u0441\u043f\u043e\u043b\u043e\u0436\u0435\u043d \u0432 \u0433\u043e\u0440\u043e\u0434\u0435 \u0428\u0438\u043b\u0443\u0442\u0435, \u0432 \u0438\u0441\u0442\u043e\u0440\u0438\u0447\u0435\u0441\u043a\u043e\u0439 \u0434\u0435\u0440\u0435\u0432\u043d\u0435 \u0412\u0435\u0440\u0434\u0430\u0438\u043d\u0435 (Verdain\u0117). \u042d\u0442\u043e \u043a\u043e\u043c\u043f\u043b\u0435\u043a\u0441 \u0437\u0434\u0430\u043d\u0438\u0439 \u0432 \u043f\u0440\u0443\u0441\u0441\u043a\u043e\u043c \u0430\u0440\u0445\u0438\u0442\u0435\u043a\u0442\u0443\u0440\u043d\u043e\u043c \u0441\u0442\u0438\u043b\u0435,<\/p>\n","protected":false},"author":2,"featured_media":31512,"parent":44646,"menu_order":4,"comment_status":"closed","ping_status":"closed","template":"","meta":{"_acf_changed":false,"_monsterinsights_skip_tracking":false,"_monsterinsights_sitenote_active":false,"_monsterinsights_sitenote_note":"","_monsterinsights_sitenote_category":0,"footnotes":""},"class_list":["post-47166","page","type-page","status-publish","has-post-thumbnail","hentry"],"acf":[],"_links":{"self":[{"href":"https:\/\/siluteinfo.lt\/ru\/wp-json\/wp\/v2\/pages\/47166","targetHints":{"allow":["GET"]}}],"collection":[{"href":"https:\/\/siluteinfo.lt\/ru\/wp-json\/wp\/v2\/pages"}],"about":[{"href":"https:\/\/siluteinfo.lt\/ru\/wp-json\/wp\/v2\/types\/page"}],"author":[{"embeddable":true,"href":"https:\/\/siluteinfo.lt\/ru\/wp-json\/wp\/v2\/users\/2"}],"replies":[{"embeddable":true,"href":"https:\/\/siluteinfo.lt\/ru\/wp-json\/wp\/v2\/comments?post=47166"}],"version-history":[{"count":4,"href":"https:\/\/siluteinfo.lt\/ru\/wp-json\/wp\/v2\/pages\/47166\/revisions"}],"predecessor-version":[{"id":47313,"href":"https:\/\/siluteinfo.lt\/ru\/wp-json\/wp\/v2\/pages\/47166\/revisions\/47313"}],"up":[{"embeddable":true,"href":"https:\/\/siluteinfo.lt\/ru\/wp-json\/wp\/v2\/pages\/44646"}],"wp:featuredmedia":[{"embeddable":true,"href":"https:\/\/siluteinfo.lt\/ru\/wp-json\/wp\/v2\/media\/31512"}],"wp:attachment":[{"href":"https:\/\/siluteinfo.lt\/ru\/wp-json\/wp\/v2\/media?parent=47166"}],"curies":[{"name":"wp","href":"https:\/\/api.w.org\/{rel}","templated":true}]}}