{"id":47160,"date":"2026-02-21T16:32:07","date_gmt":"2026-02-21T14:32:07","guid":{"rendered":"https:\/\/siluteinfo.lt\/gde-ostanovitsya\/oteli-i-gostevye-doma\/otel-ventaine\/"},"modified":"2026-04-09T08:43:36","modified_gmt":"2026-04-09T06:43:36","slug":"otel-ventaine","status":"publish","type":"page","link":"https:\/\/siluteinfo.lt\/ru\/gde-ostanovitsya\/oteli-i-gostevye-doma\/otel-ventaine\/","title":{"rendered":"\u041e\u0442\u0435\u043b\u044c \u00abVentain\u0117\u00bb"},"content":{"rendered":"\t\t<div data-elementor-type=\"wp-page\" data-elementor-id=\"47160\" class=\"elementor elementor-47160 elementor-46694\" data-elementor-post-type=\"page\">\n\t\t\t\t<div class=\"wd-negative-gap elementor-element elementor-element-29ddb94 e-flex e-con-boxed e-con e-parent\" data-id=\"29ddb94\" data-element_type=\"container\" data-e-type=\"container\">\n\t\t\t\t\t<div class=\"e-con-inner\">\n\t\t<div class=\"elementor-element elementor-element-396c5ef e-con-full e-flex e-con e-child\" data-id=\"396c5ef\" data-element_type=\"container\" data-e-type=\"container\">\n\t\t\t\t<div class=\"elementor-element elementor-element-6593325 elementor-widget elementor-widget-theme-post-featured-image elementor-widget-image\" data-id=\"6593325\" data-element_type=\"widget\" data-e-type=\"widget\" data-widget_type=\"theme-post-featured-image.default\">\n\t\t\t\t<div class=\"elementor-widget-container\">\n\t\t\t\t\t\t\t\t\t\t\t\t\t\t\t<img loading=\"lazy\" decoding=\"async\" width=\"1200\" height=\"900\" src=\"https:\/\/siluteinfo.lt\/wp-content\/themes\/woodmart\/images\/lazy.svg\" data-src=\"https:\/\/siluteinfo.lt\/wp-content\/uploads\/2023\/10\/apgyvendinimas-ventaine.jpg\" class=\" wd-lazy-blur attachment-full size-full wp-image-31506\" alt=\"\u0417\u0434\u0430\u043d\u0438\u0435 \u043e\u0442\u0435\u043b\u044f \u00abVentain\u0117\u00bb \u0432 \u0412\u0435\u043d\u0442\u0435\" srcset=\"\" data-srcset=\"https:\/\/siluteinfo.lt\/wp-content\/uploads\/2023\/10\/apgyvendinimas-ventaine.jpg 1200w, https:\/\/siluteinfo.lt\/wp-content\/uploads\/2023\/10\/apgyvendinimas-ventaine-400x300.jpg 400w, https:\/\/siluteinfo.lt\/wp-content\/uploads\/2023\/10\/apgyvendinimas-ventaine-768x576.jpg 768w\" sizes=\"auto, (max-width: 1200px) 100vw, 1200px\" \/>\t\t\t\t\t\t\t\t\t\t\t\t\t\t\t<\/div>\n\t\t\t\t<\/div>\n\t\t\t\t<\/div>\n\t\t<div class=\"elementor-element elementor-element-7888cad e-con-full e-flex e-con e-child\" data-id=\"7888cad\" data-element_type=\"container\" data-e-type=\"container\">\n\t\t<div class=\"elementor-element elementor-element-f196f42 e-con-full e-flex e-con e-child\" data-id=\"f196f42\" data-element_type=\"container\" data-e-type=\"container\">\n\t\t\t\t<div class=\"elementor-element elementor-element-5fe07c3 color-scheme-inherit text-left elementor-widget elementor-widget-text-editor\" data-id=\"5fe07c3\" data-element_type=\"widget\" data-e-type=\"widget\" data-widget_type=\"text-editor.default\">\n\t\t\t\t<div class=\"elementor-widget-container\">\n\t\t\t\t\t\t\t\t\t<p style=\"text-align: left;\">\u0426\u0435\u043d\u0442\u0440 \u043e\u0442\u0434\u044b\u0445\u0430 \u0438 \u0434\u043e\u0441\u0443\u0433\u0430 \u00abVentain\u0117\u00bb \u0440\u0430\u0441\u043f\u043e\u043b\u043e\u0436\u0435\u043d \u043d\u0430 \u0431\u0435\u0440\u0435\u0433\u0443 \u041a\u0443\u0440\u0448\u0441\u043a\u043e\u0433\u043e \u0437\u0430\u043b\u0438\u0432\u0430, \u043d\u0430 \u0436\u0438\u0432\u043e\u043f\u0438\u0441\u043d\u043e\u043c \u043f\u043e\u043b\u0443\u043e\u0441\u0442\u0440\u043e\u0432\u0435 \u043c\u044b\u0441 \u0412\u0435\u043d\u0442\u0435 (Vent\u0117s ragas), \u0432 \u0428\u0438\u043b\u0443\u0442\u0441\u043a\u043e\u043c \u0440\u0430\u0439\u043e\u043d\u0435. \u041a\u0440\u0443\u0433\u043b\u044b\u0439 \u0433\u043e\u0434 \u0432\u0430\u0441 \u043e\u0436\u0438\u0434\u0430\u0435\u0442 3-\u0437\u0432\u0451\u0437\u0434\u043e\u0447\u043d\u044b\u0439 \u043e\u0442\u0435\u043b\u044c \u0441 \u0443\u044e\u0442\u043d\u043e \u043e\u0431\u043e\u0440\u0443\u0434\u043e\u0432\u0430\u043d\u043d\u044b\u043c\u0438 \u043d\u043e\u043c\u0435\u0440\u0430\u043c\u0438. \u0423\u0441\u0430\u0434\u044c\u0431\u0430 \u043f\u0440\u0435\u0434\u043b\u0430\u0433\u0430\u0435\u0442 2 \u0443\u044e\u0442\u043d\u044b\u0445 \u043d\u043e\u043c\u0435\u0440\u0430 \u0441 \u043a\u0430\u043c\u0438\u043d\u043e\u043c, 4 \u0434\u0432\u0443\u0445\u043c\u0435\u0441\u0442\u043d\u044b\u0445 \u043d\u043e\u043c\u0435\u0440\u0430, 2 \u0442\u0440\u0451\u0445\u043c\u0435\u0441\u0442\u043d\u044b\u0445 \u0441\u0435\u043c\u0435\u0439\u043d\u044b\u0445 \u043d\u043e\u043c\u0435\u0440\u0430, \u0434\u043e\u043c\u0438\u043a \u043d\u0430 4 \u0447\u0435\u043b\u043e\u0432\u0435\u043a\u0430 \u0441 \u043f\u0430\u043d\u043e\u0440\u0430\u043c\u043d\u044b\u043c \u0432\u0438\u0434\u043e\u043c \u043d\u0430 \u041a\u0443\u0440\u0448\u0441\u043a\u0438\u0439 \u0437\u0430\u043b\u0438\u0432 \u0438 \u0432\u0438\u043b\u043b\u0443 \u043d\u0430 12 \u043c\u0435\u0441\u0442.  <br>\u041b\u0435\u0442\u043e\u043c \u043f\u0440\u0438\u0433\u043b\u0430\u0448\u0430\u0435\u043c \u043e\u0442\u0434\u043e\u0445\u043d\u0443\u0442\u044c \u0432 \u0434\u0435\u0440\u0435\u0432\u044f\u043d\u043d\u044b\u0445 \u0434\u043e\u043c\u0438\u043a\u0430\u0445 \u043d\u0430 \u0434\u0432\u043e\u0438\u0445 \u0438\u043b\u0438 \u0432 \u043a\u0435\u043c\u043f\u0438\u043d\u0433\u0435 \u043a\u0430\u0442\u0435\u0433\u043e\u0440\u0438\u0438 2*, \u0441\u043e\u043e\u0442\u0432\u0435\u0442\u0441\u0442\u0432\u0443\u044e\u0449\u0435\u043c \u0435\u0432\u0440\u043e\u043f\u0435\u0439\u0441\u043a\u0438\u043c \u0441\u0442\u0430\u043d\u0434\u0430\u0440\u0442\u0430\u043c, \u0433\u0434\u0435 \u0438\u043c\u0435\u0435\u0442\u0441\u044f 30 \u043c\u0435\u0441\u0442 \u0434\u043b\u044f \u0430\u0432\u0442\u043e\u0434\u043e\u043c\u043e\u0432. \u041d\u0430 \u043f\u0440\u043e\u0441\u0442\u043e\u0440\u043d\u043e\u0439 \u0438 \u0436\u0438\u0432\u043e\u043f\u0438\u0441\u043d\u043e\u0439 \u0442\u0435\u0440\u0440\u0438\u0442\u043e\u0440\u0438\u0438 \u043a\u0435\u043c\u043f\u0438\u043d\u0433\u0430 \u0442\u0430\u043a\u0436\u0435 \u043c\u043e\u0436\u043d\u043e \u0440\u0430\u0437\u043c\u0435\u0441\u0442\u0438\u0442\u044c\u0441\u044f \u0432 \u043f\u0430\u043b\u0430\u0442\u043e\u0447\u043d\u043e\u043c \u0433\u043e\u0440\u043e\u0434\u043a\u0435 \u043d\u0430 100 \u043c\u0435\u0441\u0442.<br>\u0414\u043b\u044f \u043f\u0440\u043e\u0432\u0435\u0434\u0435\u043d\u0438\u044f \u0441\u0435\u043c\u0438\u043d\u0430\u0440\u043e\u0432 \u0438 \u0434\u0440\u0443\u0433\u0438\u0445 \u043c\u0435\u0440\u043e\u043f\u0440\u0438\u044f\u0442\u0438\u0439 \u043f\u0440\u0435\u0434\u043b\u0430\u0433\u0430\u0435\u0442\u0441\u044f \u043a\u043e\u043d\u0444\u0435\u0440\u0435\u043d\u0446-\u0437\u0430\u043b, \u0432 \u043a\u043e\u0442\u043e\u0440\u043e\u043c \u043c\u043e\u0436\u043d\u043e \u0440\u0430\u0437\u043c\u0435\u0441\u0442\u0438\u0442\u044c \u0434\u043e 80 \u0447\u0435\u043b\u043e\u0432\u0435\u043a \u0432 \u0442\u0435\u0430\u0442\u0440\u0430\u043b\u044c\u043d\u043e\u043c \u0441\u0442\u0438\u043b\u0435 \u0438 \u0434\u043e 40 \u2014 \u0432 \u043a\u043b\u0430\u0441\u0441\u0435.<br>\u0412 \u0440\u0435\u0441\u0442\u043e\u0440\u0430\u043d\u0435, \u0440\u0430\u0431\u043e\u0442\u0430\u044e\u0449\u0435\u043c \u043b\u0435\u0442\u043e\u043c \u043f\u043e \u0432\u044b\u0445\u043e\u0434\u043d\u044b\u043c (\u043f\u044f\u0442\u043d\u0438\u0446\u0430\u2013\u0432\u043e\u0441\u043a\u0440\u0435\u0441\u0435\u043d\u044c\u0435), \u0433\u043e\u0441\u0442\u0438 \u043c\u043e\u0433\u0443\u0442 \u043d\u0430\u0441\u043b\u0430\u0434\u0438\u0442\u044c\u0441\u044f \u0431\u043b\u044e\u0434\u0430\u043c\u0438 \u0435\u0432\u0440\u043e\u043f\u0435\u0439\u0441\u043a\u043e\u0439 \u043a\u0443\u0445\u043d\u0438.<br>\u041f\u0440\u0438\u0447\u0430\u043b \u00abVentain\u0117\u00bb \u043f\u0440\u0438\u0441\u043f\u043e\u0441\u043e\u0431\u043b\u0435\u043d \u0434\u043b\u044f \u043a\u0440\u0430\u0442\u043a\u043e\u0441\u0440\u043e\u0447\u043d\u043e\u0439 \u0438 \u0434\u043e\u043b\u0433\u043e\u0441\u0440\u043e\u0447\u043d\u043e\u0439 \u0441\u0442\u043e\u044f\u043d\u043a\u0438 \u043c\u0430\u043b\u044b\u0445 \u043f\u0440\u043e\u0433\u0443\u043b\u043e\u0447\u043d\u044b\u0445 \u0441\u0443\u0434\u043e\u0432 \u0438 \u044f\u0445\u0442 (\u043e\u0441\u0430\u0434\u043a\u0430 \u0434\u043e 1 \u043c). \u041f\u0440\u0435\u0434\u0443\u0441\u043c\u043e\u0442\u0440\u0435\u043d\u0430 \u0432\u043e\u0437\u043c\u043e\u0436\u043d\u043e\u0441\u0442\u044c \u0441\u043f\u0443\u0441\u043a\u0430 \u0438 \u043f\u043e\u0434\u044a\u0451\u043c\u0430 \u0441\u0443\u0434\u043e\u0432 \u0441 \u043f\u043e\u043c\u043e\u0449\u044c\u044e \u0441\u043b\u0438\u043f\u0430 \u0438\u043b\u0438 \u043f\u043e\u0434\u044a\u0451\u043c\u043d\u0438\u043a\u0430.  <\/p>\t\t\t\t\t\t\t\t<\/div>\n\t\t\t\t<\/div>\n\t\t\t\t<\/div>\n\t\t<div class=\"elementor-element elementor-element-aaed888 e-con-full e-flex e-con e-child\" data-id=\"aaed888\" data-element_type=\"container\" data-e-type=\"container\">\n\t\t\t\t<div class=\"elementor-element elementor-element-7093644 elementor-list-item-link-inline elementor-icon-list--layout-traditional elementor-widget elementor-widget-icon-list\" data-id=\"7093644\" data-element_type=\"widget\" data-e-type=\"widget\" data-widget_type=\"icon-list.default\">\n\t\t\t\t<div class=\"elementor-widget-container\">\n\t\t\t\t\t\t\t<ul class=\"elementor-icon-list-items\">\n\t\t\t\t\t\t\t<li class=\"elementor-icon-list-item\">\n\t\t\t\t\t\t\t\t\t\t\t<span class=\"elementor-icon-list-icon\">\n\t\t\t\t\t\t\t<i aria-hidden=\"true\" class=\"fas fa-map-marker\"><\/i>\t\t\t\t\t\t<\/span>\n\t\t\t\t\t\t\t\t\t\t<span class=\"elementor-icon-list-text\">Mari\u0173 g. 7, Vent\u0117, \u0160ilut\u0117s r. sav.  <\/span>\n\t\t\t\t\t\t\t\t\t<\/li>\n\t\t\t\t\t\t\t\t<li class=\"elementor-icon-list-item\">\n\t\t\t\t\t\t\t\t\t\t\t<a href=\"tel:+37068670490\">\n\n\t\t\t\t\t\t\t\t\t\t\t\t<span class=\"elementor-icon-list-icon\">\n\t\t\t\t\t\t\t<i aria-hidden=\"true\" class=\"fas fa-phone-alt\"><\/i>\t\t\t\t\t\t<\/span>\n\t\t\t\t\t\t\t\t\t\t<span class=\"elementor-icon-list-text\">+370 686 70 490<\/span>\n\t\t\t\t\t\t\t\t\t\t\t<\/a>\n\t\t\t\t\t\t\t\t\t<\/li>\n\t\t\t\t\t\t\t\t<li class=\"elementor-icon-list-item\">\n\t\t\t\t\t\t\t\t\t\t\t<a href=\"&#x6d;&#x61;&#105;&#108;t&#x6f;&#x3a;&#x69;&#110;&#102;o&#x40;&#x76;&#x65;&#110;&#116;a&#x69;&#x6e;&#x65;&#46;&#108;t\">\n\n\t\t\t\t\t\t\t\t\t\t\t\t<span class=\"elementor-icon-list-icon\">\n\t\t\t\t\t\t\t<i aria-hidden=\"true\" class=\"fas fa-envelope\"><\/i>\t\t\t\t\t\t<\/span>\n\t\t\t\t\t\t\t\t\t\t<span class=\"elementor-icon-list-text\">&#105;&#x6e;f&#111;&#x40;v&#x65;&#x6e;&#116;&#x61;i&#110;&#x65;&#46;&#108;&#x74;<\/span>\n\t\t\t\t\t\t\t\t\t\t\t<\/a>\n\t\t\t\t\t\t\t\t\t<\/li>\n\t\t\t\t\t\t\t\t<li class=\"elementor-icon-list-item\">\n\t\t\t\t\t\t\t\t\t\t\t<a href=\"https:\/\/ventaine.lt\/\" target=\"_blank\" rel=\"nofollow noopener\">\n\n\t\t\t\t\t\t\t\t\t\t\t\t<span class=\"elementor-icon-list-icon\">\n\t\t\t\t\t\t\t<i aria-hidden=\"true\" class=\"fas fa-globe\"><\/i>\t\t\t\t\t\t<\/span>\n\t\t\t\t\t\t\t\t\t\t<span class=\"elementor-icon-list-text\">www.ventaine.lt<\/span>\n\t\t\t\t\t\t\t\t\t\t\t<\/a>\n\t\t\t\t\t\t\t\t\t<\/li>\n\t\t\t\t\t\t\t\t<li class=\"elementor-icon-list-item\">\n\t\t\t\t\t\t\t\t\t\t\t<a href=\"https:\/\/www.facebook.com\/ventaine\" target=\"_blank\" rel=\"nofollow noopener\">\n\n\t\t\t\t\t\t\t\t\t\t\t\t<span class=\"elementor-icon-list-icon\">\n\t\t\t\t\t\t\t<i aria-hidden=\"true\" class=\"fab fa-facebook\"><\/i>\t\t\t\t\t\t<\/span>\n\t\t\t\t\t\t\t\t\t\t<span class=\"elementor-icon-list-text\">Facebook<\/span>\n\t\t\t\t\t\t\t\t\t\t\t<\/a>\n\t\t\t\t\t\t\t\t\t<\/li>\n\t\t\t\t\t\t\t\t<li class=\"elementor-icon-list-item\">\n\t\t\t\t\t\t\t\t\t\t\t<a href=\"https:\/\/www.booking.com\/hotel\/lt\/viesbutis-ventaine.html\" target=\"_blank\" rel=\"nofollow noopener\">\n\n\t\t\t\t\t\t\t\t\t\t\t\t<span class=\"elementor-icon-list-icon\">\n\t\t\t\t\t\t\t<i aria-hidden=\"true\" class=\"fas fa-hotel\"><\/i>\t\t\t\t\t\t<\/span>\n\t\t\t\t\t\t\t\t\t\t<span class=\"elementor-icon-list-text\">Booking.com<\/span>\n\t\t\t\t\t\t\t\t\t\t\t<\/a>\n\t\t\t\t\t\t\t\t\t<\/li>\n\t\t\t\t\t\t<\/ul>\n\t\t\t\t\t\t<\/div>\n\t\t\t\t<\/div>\n\t\t\t\t<\/div>\n\t\t<div class=\"elementor-element elementor-element-adf33ba e-con-full e-flex e-con e-child\" data-id=\"adf33ba\" data-element_type=\"container\" data-e-type=\"container\">\n\t\t\t\t<div class=\"elementor-element elementor-element-36d61fe color-scheme-inherit text-left elementor-widget elementor-widget-text-editor\" data-id=\"36d61fe\" data-element_type=\"widget\" data-e-type=\"widget\" data-widget_type=\"text-editor.default\">\n\t\t\t\t<div class=\"elementor-widget-container\">\n\t\t\t\t\t\t\t\t\t<p style=\"text-align: left;\">\u041a\u043e\u043b\u0438\u0447\u0435\u0441\u0442\u0432\u043e \u043d\u043e\u043c\u0435\u0440\u043e\u0432 \/ \u043c\u0435\u0441\u0442: \u043e\u0442\u0435\u043b\u044c \u2013 12 \/ 32, \u043a\u0435\u043c\u043f\u0438\u043d\u0433 \u2013 8 \/ 30<br>\u0421\u0442\u0430\u043d\u0434\u0430\u0440\u0442\u043d\u044b\u0435 \u0434\u0432\u0443\u0445\u043c\u0435\u0441\u0442\u043d\u044b\u0435 \u2013 8, \u0430\u043f\u0430\u0440\u0442\u0430\u043c\u0435\u043d\u0442\u044b \u2013 2, \u043b\u044e\u043a\u0441\u044b \u2013 2<br>\u0426\u0435\u043d\u0430: 22\u2013120 EUR<br>\u0411\u0430\u043d\u043a\u0435\u0442\u043d\u044b\u0435 \/ \u043a\u043e\u043d\u0444\u0435\u0440\u0435\u043d\u0446-\u0437\u0430\u043b\u044b \u2013 20 \/ 80 \u043c\u0435\u0441\u0442<br>\u0414\u0440\u0443\u0433\u0438\u0435 \u0443\u0441\u043b\u0443\u0433\u0438: \u043a\u0430\u044f\u043a\u0438, SUP-\u0434\u043e\u0441\u043a\u0438, \u0441\u043a\u043e\u0440\u043e\u0441\u0442\u043d\u043e\u0439 \u043a\u0430\u0442\u0435\u0440 \u043d\u0430 7 \u043c\u0435\u0441\u0442, \u0441\u0443\u0434\u043d\u043e \u043d\u0430 50 \u043c\u0435\u0441\u0442, \u044f\u0445\u0442\u0430, \u0433\u0438\u0434\u0440\u043e\u0446\u0438\u043a\u043b, \u0432\u043e\u043b\u0435\u0439\u0431\u043e\u043b\u044c\u043d\u044b\u0435 \u043f\u043b\u043e\u0449\u0430\u0434\u043a\u0438, \u0431\u0438\u043b\u044c\u044f\u0440\u0434, \u043d\u0430\u0441\u0442\u043e\u043b\u044c\u043d\u044b\u0439 \u0442\u0435\u043d\u043d\u0438\u0441, \u0430\u044d\u0440\u043e\u0445\u043e\u043a\u043a\u0435\u0439. \u041f\u0430\u0440\u043e\u043c \u0432 \u041d\u0438\u0434\u0443 \u0441 \u0438\u044e\u043d\u044f \u043f\u043e \u0441\u0435\u043d\u0442\u044f\u0431\u0440\u044c. \u0414\u043b\u044f \u0431\u043e\u043b\u044c\u0448\u0438\u0445 \u0433\u0440\u0443\u043f\u043f (\u043e\u0442 10 \u0447\u0435\u043b\u043e\u0432\u0435\u043a) \u043e\u0440\u0433\u0430\u043d\u0438\u0437\u0443\u044e\u0442\u0441\u044f \u044d\u043a\u0441\u043a\u0443\u0440\u0441\u0438\u0438 \u043d\u0430 \u043b\u043e\u0434\u043a\u0435 \u043f\u043e \u0434\u0435\u043b\u044c\u0442\u0435 \u041d\u0435\u043c\u0430\u043d\u0430. \u041f\u043e \u043f\u0440\u0435\u0434\u0432\u0430\u0440\u0438\u0442\u0435\u043b\u044c\u043d\u043e\u0439 \u0434\u043e\u0433\u043e\u0432\u043e\u0440\u0451\u043d\u043d\u043e\u0441\u0442\u0438 \u0432\u043e\u0437\u043c\u043e\u0436\u043d\u043e \u0440\u0430\u0437\u043c\u0435\u0449\u0435\u043d\u0438\u0435 \u0441 \u0436\u0438\u0432\u043e\u0442\u043d\u044b\u043c\u0438.<\/p>\t\t\t\t\t\t\t\t<\/div>\n\t\t\t\t<\/div>\n\t\t\t\t<\/div>\n\t\t<div class=\"elementor-element elementor-element-165de0f e-con-full e-flex e-con e-child\" data-id=\"165de0f\" data-element_type=\"container\" data-e-type=\"container\">\n\t\t\t\t<\/div>\n\t\t\t\t<\/div>\n\t\t<div class=\"elementor-element elementor-element-3780489 e-con-full e-flex e-con e-child\" data-id=\"3780489\" data-element_type=\"container\" data-e-type=\"container\">\n\t\t\t\t<div class=\"elementor-element elementor-element-0af677c elementor-widget elementor-widget-shortcode\" data-id=\"0af677c\" data-element_type=\"widget\" data-e-type=\"widget\" data-widget_type=\"shortcode.default\">\n\t\t\t\t<div class=\"elementor-widget-container\">\n\t\t\t\t\t\t\t<div class=\"elementor-shortcode\">\t\t<div id=\"maps-marker-pro-2e01d04f\" class=\"maps-marker-pro mmp-list-below\" style=\"width: 100%;\">\n\t\t\t<div id=\"mmp-map-wrap-2e01d04f\" class=\"mmp-map-wrap\">\n\t\t\t\t\t\t\t\t\t<div id=\"mmp-panel-2e01d04f\" class=\"mmp-panel\"><\/div>\n\t\t\t\t\t\t\t\t<div id=\"mmp-map-2e01d04f\" class=\"mmp-map\" style=\"height: 500px;\"><\/div>\n\t\t\t\t\t\t\t<\/div>\n\t\t\t\t\t\t\t<div id=\"mmp-list-2e01d04f\" class=\"mmp-list\" style=\"flex-basis: 400px;\"><\/div>\n\t\t\t\t\t<\/div>\n\t\t<\/div>\n\t\t\t\t\t\t<\/div>\n\t\t\t\t<\/div>\n\t\t\t\t<\/div>\n\t\t\t\t\t<\/div>\n\t\t\t\t<\/div>\n\t\t\t\t<\/div>\n\t\t","protected":false},"excerpt":{"rendered":"<p>\u0426\u0435\u043d\u0442\u0440 \u043e\u0442\u0434\u044b\u0445\u0430 \u0438 \u0434\u043e\u0441\u0443\u0433\u0430 \u00abVentain\u0117\u00bb \u0440\u0430\u0441\u043f\u043e\u043b\u043e\u0436\u0435\u043d \u043d\u0430 \u0431\u0435\u0440\u0435\u0433\u0443 \u041a\u0443\u0440\u0448\u0441\u043a\u043e\u0433\u043e \u0437\u0430\u043b\u0438\u0432\u0430, \u043d\u0430 \u0436\u0438\u0432\u043e\u043f\u0438\u0441\u043d\u043e\u043c \u043f\u043e\u043b\u0443\u043e\u0441\u0442\u0440\u043e\u0432\u0435 \u043c\u044b\u0441 \u0412\u0435\u043d\u0442\u0435 (Vent\u0117s ragas), \u0432 \u0428\u0438\u043b\u0443\u0442\u0441\u043a\u043e\u043c \u0440\u0430\u0439\u043e\u043d\u0435.<\/p>\n","protected":false},"author":2,"featured_media":31506,"parent":44646,"menu_order":5,"comment_status":"closed","ping_status":"closed","template":"","meta":{"_acf_changed":false,"_monsterinsights_skip_tracking":false,"_monsterinsights_sitenote_active":false,"_monsterinsights_sitenote_note":"","_monsterinsights_sitenote_category":0,"footnotes":""},"class_list":["post-47160","page","type-page","status-publish","has-post-thumbnail","hentry"],"acf":[],"_links":{"self":[{"href":"https:\/\/siluteinfo.lt\/ru\/wp-json\/wp\/v2\/pages\/47160","targetHints":{"allow":["GET"]}}],"collection":[{"href":"https:\/\/siluteinfo.lt\/ru\/wp-json\/wp\/v2\/pages"}],"about":[{"href":"https:\/\/siluteinfo.lt\/ru\/wp-json\/wp\/v2\/types\/page"}],"author":[{"embeddable":true,"href":"https:\/\/siluteinfo.lt\/ru\/wp-json\/wp\/v2\/users\/2"}],"replies":[{"embeddable":true,"href":"https:\/\/siluteinfo.lt\/ru\/wp-json\/wp\/v2\/comments?post=47160"}],"version-history":[{"count":6,"href":"https:\/\/siluteinfo.lt\/ru\/wp-json\/wp\/v2\/pages\/47160\/revisions"}],"predecessor-version":[{"id":47207,"href":"https:\/\/siluteinfo.lt\/ru\/wp-json\/wp\/v2\/pages\/47160\/revisions\/47207"}],"up":[{"embeddable":true,"href":"https:\/\/siluteinfo.lt\/ru\/wp-json\/wp\/v2\/pages\/44646"}],"wp:featuredmedia":[{"embeddable":true,"href":"https:\/\/siluteinfo.lt\/ru\/wp-json\/wp\/v2\/media\/31506"}],"wp:attachment":[{"href":"https:\/\/siluteinfo.lt\/ru\/wp-json\/wp\/v2\/media?parent=47160"}],"curies":[{"name":"wp","href":"https:\/\/api.w.org\/{rel}","templated":true}]}}