{"id":47151,"date":"2026-01-27T23:50:37","date_gmt":"2026-01-27T21:50:37","guid":{"rendered":"https:\/\/siluteinfo.lt\/gde-ostanovitsya\/oteli-i-gostevye-doma\/otel-deims\/"},"modified":"2026-04-09T08:43:32","modified_gmt":"2026-04-09T06:43:32","slug":"otel-deims","status":"publish","type":"page","link":"https:\/\/siluteinfo.lt\/ru\/gde-ostanovitsya\/oteli-i-gostevye-doma\/otel-deims\/","title":{"rendered":"\u041e\u0442\u0435\u043b\u044c \u00abDeims\u00bb"},"content":{"rendered":"\t\t<div data-elementor-type=\"wp-page\" data-elementor-id=\"47151\" class=\"elementor elementor-47151 elementor-46501\" data-elementor-post-type=\"page\">\n\t\t\t\t<div class=\"wd-negative-gap elementor-element elementor-element-8d31ba4 e-flex e-con-boxed e-con e-parent\" data-id=\"8d31ba4\" data-element_type=\"container\" data-e-type=\"container\">\n\t\t\t\t\t<div class=\"e-con-inner\">\n\t\t<div class=\"elementor-element elementor-element-7fbad3f e-con-full e-flex e-con e-child\" data-id=\"7fbad3f\" data-element_type=\"container\" data-e-type=\"container\">\n\t\t\t\t<div class=\"elementor-element elementor-element-a1c1a8a elementor-widget elementor-widget-theme-post-featured-image elementor-widget-image\" data-id=\"a1c1a8a\" data-element_type=\"widget\" data-e-type=\"widget\" data-widget_type=\"theme-post-featured-image.default\">\n\t\t\t\t<div class=\"elementor-widget-container\">\n\t\t\t\t\t\t\t\t\t\t\t\t\t\t\t<img loading=\"lazy\" decoding=\"async\" width=\"1200\" height=\"800\" src=\"https:\/\/siluteinfo.lt\/wp-content\/themes\/woodmart\/images\/lazy.svg\" data-src=\"https:\/\/siluteinfo.lt\/wp-content\/uploads\/2025\/05\/apgyvendinimas-viesbutis-deims.jpg\" class=\" wd-lazy-blur attachment-full size-full wp-image-42067\" alt=\"\u0417\u0434\u0430\u043d\u0438\u0435 \u043e\u0442\u0435\u043b\u044f \u00abDeims\u00bb \u0432 \u0428\u0438\u043b\u0443\u0442\u0435\" srcset=\"\" data-srcset=\"https:\/\/siluteinfo.lt\/wp-content\/uploads\/2025\/05\/apgyvendinimas-viesbutis-deims.jpg 1200w, https:\/\/siluteinfo.lt\/wp-content\/uploads\/2025\/05\/apgyvendinimas-viesbutis-deims-400x267.jpg 400w, https:\/\/siluteinfo.lt\/wp-content\/uploads\/2025\/05\/apgyvendinimas-viesbutis-deims-768x512.jpg 768w\" sizes=\"auto, (max-width: 1200px) 100vw, 1200px\" \/>\t\t\t\t\t\t\t\t\t\t\t\t\t\t\t<\/div>\n\t\t\t\t<\/div>\n\t\t\t\t<\/div>\n\t\t<div class=\"elementor-element elementor-element-3d99804 e-con-full e-flex e-con e-child\" data-id=\"3d99804\" data-element_type=\"container\" data-e-type=\"container\">\n\t\t<div class=\"elementor-element elementor-element-a9295e1 e-con-full e-flex e-con e-child\" data-id=\"a9295e1\" data-element_type=\"container\" data-e-type=\"container\">\n\t\t\t\t<div class=\"elementor-element elementor-element-d4b0dec color-scheme-inherit text-left elementor-widget elementor-widget-text-editor\" data-id=\"d4b0dec\" data-element_type=\"widget\" data-e-type=\"widget\" data-widget_type=\"text-editor.default\">\n\t\t\t\t<div class=\"elementor-widget-container\">\n\t\t\t\t\t\t\t\t\t<p>\u041e\u0442\u0435\u043b\u044c \u00abDeims\u00bb \u0440\u0430\u0441\u043f\u043e\u043b\u043e\u0436\u0435\u043d \u0432 \u0441\u0430\u043c\u043e\u043c \u0446\u0435\u043d\u0442\u0440\u0435 \u0433\u043e\u0440\u043e\u0434\u0430 \u0428\u0438\u043b\u0443\u0442\u0435, \u043d\u0430 \u0443\u043b\u0438\u0446\u0435 \u041b\u0435\u0442\u0443\u0432\u0438\u043d\u0438\u043d\u043a\u0443 (Lietuvinink\u0173 g.). \u042d\u0442\u043e \u0435\u0434\u0438\u043d\u0441\u0442\u0432\u0435\u043d\u043d\u044b\u0439 \u043e\u0442\u0435\u043b\u044c \u0432 \u0428\u0438\u043b\u0443\u0442\u0435, \u0432 \u043a\u043e\u0442\u043e\u0440\u043e\u043c \u043e\u0434\u043d\u043e\u0432\u0440\u0435\u043c\u0435\u043d\u043d\u043e \u043c\u043e\u0433\u0443\u0442 \u0440\u0430\u0437\u043c\u0435\u0441\u0442\u0438\u0442\u044c\u0441\u044f \u0434\u043e 85 \u0433\u043e\u0441\u0442\u0435\u0439 (\u0441 \u0434\u043e\u043f\u043e\u043b\u043d\u0438\u0442\u0435\u043b\u044c\u043d\u044b\u043c\u0438 \u043a\u0440\u043e\u0432\u0430\u0442\u044f\u043c\u0438). \u0412 3-\u0437\u0432\u0451\u0437\u0434\u043e\u0447\u043d\u043e\u043c \u043e\u0442\u0435\u043b\u0435 \u2014 43 \u043d\u043e\u043c\u0435\u0440\u0430. \u041e\u0442\u0435\u043b\u044c \u043d\u0430\u0445\u043e\u0434\u0438\u0442\u0441\u044f \u043d\u0430 \u0437\u0430\u043a\u0440\u044b\u0442\u043e\u0439 \u0438 \u043e\u0445\u0440\u0430\u043d\u044f\u0435\u043c\u043e\u0439 \u0442\u0435\u0440\u0440\u0438\u0442\u043e\u0440\u0438\u0438. \u0422\u0430\u043a\u0436\u0435 \u043f\u0440\u0435\u0434\u043b\u0430\u0433\u0430\u0435\u0442\u0441\u044f \u043a\u043e\u043d\u0444\u0435\u0440\u0435\u043d\u0446-\u0437\u0430\u043b \u043d\u0430 50 \u043c\u0435\u0441\u0442.    <\/p>\t\t\t\t\t\t\t\t<\/div>\n\t\t\t\t<\/div>\n\t\t\t\t<\/div>\n\t\t<div class=\"elementor-element elementor-element-67074e7 e-con-full e-flex e-con e-child\" data-id=\"67074e7\" data-element_type=\"container\" data-e-type=\"container\">\n\t\t\t\t<div class=\"elementor-element elementor-element-fd98efa elementor-list-item-link-inline elementor-icon-list--layout-traditional elementor-widget elementor-widget-icon-list\" data-id=\"fd98efa\" data-element_type=\"widget\" data-e-type=\"widget\" data-widget_type=\"icon-list.default\">\n\t\t\t\t<div class=\"elementor-widget-container\">\n\t\t\t\t\t\t\t<ul class=\"elementor-icon-list-items\">\n\t\t\t\t\t\t\t<li class=\"elementor-icon-list-item\">\n\t\t\t\t\t\t\t\t\t\t\t<span class=\"elementor-icon-list-icon\">\n\t\t\t\t\t\t\t<i aria-hidden=\"true\" class=\"fas fa-map-marker\"><\/i>\t\t\t\t\t\t<\/span>\n\t\t\t\t\t\t\t\t\t\t<span class=\"elementor-icon-list-text\">Lietuvinink\u0173 g. 70, \u0160ilut\u0117 <\/span>\n\t\t\t\t\t\t\t\t\t<\/li>\n\t\t\t\t\t\t\t\t<li class=\"elementor-icon-list-item\">\n\t\t\t\t\t\t\t\t\t\t\t<a href=\"tel:+37044152345\">\n\n\t\t\t\t\t\t\t\t\t\t\t\t<span class=\"elementor-icon-list-icon\">\n\t\t\t\t\t\t\t<i aria-hidden=\"true\" class=\"fas fa-phone-alt\"><\/i>\t\t\t\t\t\t<\/span>\n\t\t\t\t\t\t\t\t\t\t<span class=\"elementor-icon-list-text\">+370 441  52 345<\/span>\n\t\t\t\t\t\t\t\t\t\t\t<\/a>\n\t\t\t\t\t\t\t\t\t<\/li>\n\t\t\t\t\t\t\t\t<li class=\"elementor-icon-list-item\">\n\t\t\t\t\t\t\t\t\t\t\t<a href=\"m&#97;&#105;&#x6c;&#x74;o&#58;&#97;&#x64;&#x6d;&#x69;n&#64;&#100;&#x65;&#x69;ms&#46;&#x6c;&#x74;\">\n\n\t\t\t\t\t\t\t\t\t\t\t\t<span class=\"elementor-icon-list-icon\">\n\t\t\t\t\t\t\t<i aria-hidden=\"true\" class=\"fas fa-envelope\"><\/i>\t\t\t\t\t\t<\/span>\n\t\t\t\t\t\t\t\t\t\t<span class=\"elementor-icon-list-text\">&#x61;&#100;&#109;&#x69;&#x6e;&#64;&#100;&#x65;&#x69;&#109;&#115;&#x2e;&#x6c;&#116;<\/span>\n\t\t\t\t\t\t\t\t\t\t\t<\/a>\n\t\t\t\t\t\t\t\t\t<\/li>\n\t\t\t\t\t\t\t\t<li class=\"elementor-icon-list-item\">\n\t\t\t\t\t\t\t\t\t\t\t<a href=\"http:\/\/www.deims.lt\" target=\"_blank\" rel=\"nofollow noopener\">\n\n\t\t\t\t\t\t\t\t\t\t\t\t<span class=\"elementor-icon-list-icon\">\n\t\t\t\t\t\t\t<i aria-hidden=\"true\" class=\"fas fa-globe\"><\/i>\t\t\t\t\t\t<\/span>\n\t\t\t\t\t\t\t\t\t\t<span class=\"elementor-icon-list-text\">www.deims.lt<\/span>\n\t\t\t\t\t\t\t\t\t\t\t<\/a>\n\t\t\t\t\t\t\t\t\t<\/li>\n\t\t\t\t\t\t\t\t<li class=\"elementor-icon-list-item\">\n\t\t\t\t\t\t\t\t\t\t\t<a href=\"https:\/\/www.facebook.com\/viesbutis.deims\" target=\"_blank\" rel=\"nofollow noopener\">\n\n\t\t\t\t\t\t\t\t\t\t\t\t<span class=\"elementor-icon-list-icon\">\n\t\t\t\t\t\t\t<i aria-hidden=\"true\" class=\"fab fa-facebook\"><\/i>\t\t\t\t\t\t<\/span>\n\t\t\t\t\t\t\t\t\t\t<span class=\"elementor-icon-list-text\">Facebook<\/span>\n\t\t\t\t\t\t\t\t\t\t\t<\/a>\n\t\t\t\t\t\t\t\t\t<\/li>\n\t\t\t\t\t\t\t\t<li class=\"elementor-icon-list-item\">\n\t\t\t\t\t\t\t\t\t\t\t<a href=\"https:\/\/www.booking.com\/hotel\/lt\/deims.html\" target=\"_blank\" rel=\"nofollow noopener\">\n\n\t\t\t\t\t\t\t\t\t\t\t\t<span class=\"elementor-icon-list-icon\">\n\t\t\t\t\t\t\t<i aria-hidden=\"true\" class=\"fas fa-hotel\"><\/i>\t\t\t\t\t\t<\/span>\n\t\t\t\t\t\t\t\t\t\t<span class=\"elementor-icon-list-text\">Booking.com<\/span>\n\t\t\t\t\t\t\t\t\t\t\t<\/a>\n\t\t\t\t\t\t\t\t\t<\/li>\n\t\t\t\t\t\t<\/ul>\n\t\t\t\t\t\t<\/div>\n\t\t\t\t<\/div>\n\t\t\t\t<\/div>\n\t\t<div class=\"elementor-element elementor-element-f67e614 e-con-full e-flex e-con e-child\" data-id=\"f67e614\" data-element_type=\"container\" data-e-type=\"container\">\n\t\t\t\t<div class=\"elementor-element elementor-element-2063e3c color-scheme-inherit text-left elementor-widget elementor-widget-text-editor\" data-id=\"2063e3c\" data-element_type=\"widget\" data-e-type=\"widget\" data-widget_type=\"text-editor.default\">\n\t\t\t\t<div class=\"elementor-widget-container\">\n\t\t\t\t\t\t\t\t\t<p style=\"text-align: left;\">\u041a\u043e\u043b\u0438\u0447\u0435\u0441\u0442\u0432\u043e \u043d\u043e\u043c\u0435\u0440\u043e\u0432 \/ \u043c\u0435\u0441\u0442 \u2013 43 \/ 85<br>\u0421\u0442\u0430\u043d\u0434\u0430\u0440\u0442\u043d\u044b\u0435 \u043e\u0434\u043d\u043e\u043c\u0435\u0441\u0442\u043d\u044b\u0435 \u2013 13, \u0434\u0432\u0443\u0445\u043c\u0435\u0441\u0442\u043d\u044b\u0435 \u2013 27, \u0442\u0440\u0451\u0445\u043c\u0435\u0441\u0442\u043d\u044b\u0435 \u2013 3<br>\u0426\u0435\u043d\u044b: 40\u201390 EUR<br>\u0411\u0430\u043d\u043a\u0435\u0442\u043d\u044b\u0439 \/ \u043a\u043e\u043d\u0444\u0435\u0440\u0435\u043d\u0446-\u0437\u0430\u043b \u2013 50 \u043c\u0435\u0441\u0442<br>\u0414\u0440\u0443\u0433\u0438\u0435 \u0443\u0441\u043b\u0443\u0433\u0438: \u043f\u0430\u0440\u043a\u043e\u0432\u043a\u0430, \u0433\u0430\u0440\u0430\u0436 \u0434\u043b\u044f \u0432\u0435\u043b\u043e\u0441\u0438\u043f\u0435\u0434\u043e\u0432. \u041f\u043e \u043f\u0440\u0435\u0434\u0432\u0430\u0440\u0438\u0442\u0435\u043b\u044c\u043d\u043e\u0439 \u0434\u043e\u0433\u043e\u0432\u043e\u0440\u0451\u043d\u043d\u043e\u0441\u0442\u0438 \u0432\u043e\u0437\u043c\u043e\u0436\u043d\u043e \u0440\u0430\u0437\u043c\u0435\u0449\u0435\u043d\u0438\u0435 \u0441 \u0436\u0438\u0432\u043e\u0442\u043d\u044b\u043c\u0438 \u0437\u0430 \u0434\u043e\u043f\u043e\u043b\u043d\u0438\u0442\u0435\u043b\u044c\u043d\u0443\u044e \u043f\u043b\u0430\u0442\u0443. <\/p>\t\t\t\t\t\t\t\t<\/div>\n\t\t\t\t<\/div>\n\t\t\t\t<\/div>\n\t\t<div class=\"elementor-element elementor-element-bf38714 e-con-full e-flex e-con e-child\" data-id=\"bf38714\" data-element_type=\"container\" data-e-type=\"container\">\n\t\t\t\t<\/div>\n\t\t\t\t<\/div>\n\t\t<div class=\"elementor-element elementor-element-838d023 e-con-full e-flex e-con e-child\" data-id=\"838d023\" data-element_type=\"container\" data-e-type=\"container\">\n\t\t\t\t<div class=\"elementor-element elementor-element-24c3893 elementor-widget elementor-widget-shortcode\" data-id=\"24c3893\" data-element_type=\"widget\" data-e-type=\"widget\" data-widget_type=\"shortcode.default\">\n\t\t\t\t<div class=\"elementor-widget-container\">\n\t\t\t\t\t\t\t<div class=\"elementor-shortcode\">\t\t<div id=\"maps-marker-pro-1911a535\" class=\"maps-marker-pro mmp-list-below\" style=\"width: 100%;\">\n\t\t\t<div id=\"mmp-map-wrap-1911a535\" class=\"mmp-map-wrap\">\n\t\t\t\t\t\t\t\t\t<div id=\"mmp-panel-1911a535\" class=\"mmp-panel\"><\/div>\n\t\t\t\t\t\t\t\t<div id=\"mmp-map-1911a535\" class=\"mmp-map\" style=\"height: 500px;\"><\/div>\n\t\t\t\t\t\t\t<\/div>\n\t\t\t\t\t\t\t<div id=\"mmp-list-1911a535\" class=\"mmp-list\" style=\"flex-basis: 400px;\"><\/div>\n\t\t\t\t\t<\/div>\n\t\t<\/div>\n\t\t\t\t\t\t<\/div>\n\t\t\t\t<\/div>\n\t\t\t\t<\/div>\n\t\t\t\t\t<\/div>\n\t\t\t\t<\/div>\n\t\t\t\t<\/div>\n\t\t","protected":false},"excerpt":{"rendered":"<p>\u041e\u0442\u0435\u043b\u044c \u00abDeims\u00bb \u0440\u0430\u0441\u043f\u043e\u043b\u043e\u0436\u0435\u043d \u0432 \u0441\u0430\u043c\u043e\u043c \u0446\u0435\u043d\u0442\u0440\u0435 \u0433\u043e\u0440\u043e\u0434\u0430 \u0428\u0438\u043b\u0443\u0442\u0435, \u043d\u0430 \u0443\u043b\u0438\u0446\u0435 \u041b\u0435\u0442\u0443\u0432\u0438\u043d\u0438\u043d\u043a\u0443 (Lietuvinink\u0173 g.). \u042d\u0442\u043e \u0435\u0434\u0438\u043d\u0441\u0442\u0432\u0435\u043d\u043d\u044b\u0439 \u043e\u0442\u0435\u043b\u044c \u0432 \u0428\u0438\u043b\u0443\u0442\u0435, \u0432 \u043a\u043e\u0442\u043e\u0440\u043e\u043c<\/p>\n","protected":false},"author":2,"featured_media":42067,"parent":44646,"menu_order":3,"comment_status":"closed","ping_status":"closed","template":"","meta":{"_acf_changed":false,"_monsterinsights_skip_tracking":false,"_monsterinsights_sitenote_active":false,"_monsterinsights_sitenote_note":"","_monsterinsights_sitenote_category":0,"footnotes":""},"class_list":["post-47151","page","type-page","status-publish","has-post-thumbnail","hentry"],"acf":[],"_links":{"self":[{"href":"https:\/\/siluteinfo.lt\/ru\/wp-json\/wp\/v2\/pages\/47151","targetHints":{"allow":["GET"]}}],"collection":[{"href":"https:\/\/siluteinfo.lt\/ru\/wp-json\/wp\/v2\/pages"}],"about":[{"href":"https:\/\/siluteinfo.lt\/ru\/wp-json\/wp\/v2\/types\/page"}],"author":[{"embeddable":true,"href":"https:\/\/siluteinfo.lt\/ru\/wp-json\/wp\/v2\/users\/2"}],"replies":[{"embeddable":true,"href":"https:\/\/siluteinfo.lt\/ru\/wp-json\/wp\/v2\/comments?post=47151"}],"version-history":[{"count":2,"href":"https:\/\/siluteinfo.lt\/ru\/wp-json\/wp\/v2\/pages\/47151\/revisions"}],"predecessor-version":[{"id":47197,"href":"https:\/\/siluteinfo.lt\/ru\/wp-json\/wp\/v2\/pages\/47151\/revisions\/47197"}],"up":[{"embeddable":true,"href":"https:\/\/siluteinfo.lt\/ru\/wp-json\/wp\/v2\/pages\/44646"}],"wp:featuredmedia":[{"embeddable":true,"href":"https:\/\/siluteinfo.lt\/ru\/wp-json\/wp\/v2\/media\/42067"}],"wp:attachment":[{"href":"https:\/\/siluteinfo.lt\/ru\/wp-json\/wp\/v2\/media?parent=47151"}],"curies":[{"name":"wp","href":"https:\/\/api.w.org\/{rel}","templated":true}]}}