{"id":43966,"date":"2023-03-18T23:23:56","date_gmt":"2023-03-18T21:23:56","guid":{"rendered":"https:\/\/siluteinfo.lt\/dosug\/mesta-dlia-poseshchenija\/evangelichesko-lyuteranskaya-tserkov-v-vyzhyai\/"},"modified":"2025-06-19T08:59:32","modified_gmt":"2025-06-19T06:59:32","slug":"evangelichesko-lyuteranskaya-tserkov-v-vyzhyai","status":"publish","type":"page","link":"https:\/\/siluteinfo.lt\/ru\/dosug\/mesta-dlia-poseshchenija\/evangelichesko-lyuteranskaya-tserkov-v-vyzhyai\/","title":{"rendered":"\u0415\u0432\u0430\u043d\u0433\u0435\u043b\u0438\u0447\u0435\u0441\u043a\u043e-\u043b\u044e\u0442\u0435\u0440\u0430\u043d\u0441\u043a\u0430\u044f \u0446\u0435\u0440\u043a\u043e\u0432\u044c \u0432 \u0412\u0438\u0436\u044f\u0439"},"content":{"rendered":"\t\t<div data-elementor-type=\"wp-page\" data-elementor-id=\"43966\" class=\"elementor elementor-43966 elementor-22179\" data-elementor-post-type=\"page\">\n\t\t\t\t<div class=\"wd-negative-gap elementor-element elementor-element-c401948 e-flex e-con-boxed e-con e-parent\" data-id=\"c401948\" data-element_type=\"container\" data-e-type=\"container\">\n\t\t\t\t\t<div class=\"e-con-inner\">\n\t\t<div class=\"elementor-element elementor-element-afcaa11 e-con-full e-flex e-con e-child\" data-id=\"afcaa11\" data-element_type=\"container\" data-e-type=\"container\">\n\t\t\t\t<div class=\"elementor-element elementor-element-58998e6 elementor-widget elementor-widget-theme-post-featured-image elementor-widget-image\" data-id=\"58998e6\" data-element_type=\"widget\" data-e-type=\"widget\" data-widget_type=\"theme-post-featured-image.default\">\n\t\t\t\t<div class=\"elementor-widget-container\">\n\t\t\t\t\t\t\t\t\t\t\t\t\t\t\t<img loading=\"lazy\" decoding=\"async\" width=\"1200\" height=\"900\" src=\"https:\/\/siluteinfo.lt\/wp-content\/themes\/woodmart\/images\/lazy.svg\" data-src=\"https:\/\/siluteinfo.lt\/wp-content\/uploads\/2023\/11\/lankomi-vyziu-evangeliku-liuteronu-baznycia.jpg\" class=\" wd-lazy-blur attachment-full size-full wp-image-32238\" alt=\"Evangelik\u0173 liuteron\u0173 ba\u017eny\u010dia Vy\u017eiuose\" srcset=\"\" data-srcset=\"https:\/\/siluteinfo.lt\/wp-content\/uploads\/2023\/11\/lankomi-vyziu-evangeliku-liuteronu-baznycia.jpg 1200w, https:\/\/siluteinfo.lt\/wp-content\/uploads\/2023\/11\/lankomi-vyziu-evangeliku-liuteronu-baznycia-400x300.jpg 400w, https:\/\/siluteinfo.lt\/wp-content\/uploads\/2023\/11\/lankomi-vyziu-evangeliku-liuteronu-baznycia-768x576.jpg 768w\" sizes=\"auto, (max-width: 1200px) 100vw, 1200px\" \/>\t\t\t\t\t\t\t\t\t\t\t\t\t\t\t<\/div>\n\t\t\t\t<\/div>\n\t\t\t\t<\/div>\n\t\t<div class=\"elementor-element elementor-element-885e2af e-con-full e-flex e-con e-child\" data-id=\"885e2af\" data-element_type=\"container\" data-e-type=\"container\">\n\t\t\t\t<div class=\"elementor-element elementor-element-3e8b8fd color-scheme-inherit text-left elementor-widget elementor-widget-text-editor\" data-id=\"3e8b8fd\" data-element_type=\"widget\" data-e-type=\"widget\" data-widget_type=\"text-editor.default\">\n\t\t\t\t<div class=\"elementor-widget-container\">\n\t\t\t\t\t\t\t\t\t<div dir=\"auto\" style=\"font-style: normal; font-variant-ligatures: normal; font-variant-caps: normal; font-weight: 400; font-family: Jost, Arial, Helvetica, sans-serif; font-size: 16px; white-space: normal; text-align: justify;\"><div dir=\"auto\" style=\"font-style: normal; font-variant-ligatures: normal; font-variant-caps: normal; font-weight: 400; font-family: Jost, Arial, Helvetica, sans-serif; font-size: 16px; white-space: normal; text-align: justify;\"><div dir=\"auto\" style=\"font-style: normal; font-variant-ligatures: normal; font-variant-caps: normal; font-weight: 400; font-family: Jost, Arial, Helvetica, sans-serif; font-size: 16px; white-space: normal; text-align: justify;\"><div dir=\"auto\" style=\"font-style: normal; font-variant-ligatures: normal; font-variant-caps: normal; font-weight: 400; font-family: Jost, Arial, Helvetica, sans-serif; font-size: 16px; white-space: normal; text-align: justify;\"><div dir=\"auto\" style=\"font-style: normal; font-variant-ligatures: normal; font-variant-caps: normal; font-weight: 400; font-family: Jost, Arial, Helvetica, sans-serif; font-size: 16px; white-space: normal; text-align: justify;\"><div dir=\"auto\" style=\"font-style: normal; font-variant-ligatures: normal; font-variant-caps: normal; font-weight: 400; font-family: Jost, Arial, Helvetica, sans-serif; font-size: 16px; white-space: normal; text-align: justify;\"><div dir=\"auto\" style=\"font-style: normal; font-variant-ligatures: normal; font-variant-caps: normal; font-weight: 400; font-family: Jost, Arial, Helvetica, sans-serif; font-size: 16px; white-space: normal; text-align: justify;\"><div dir=\"auto\" style=\"font-style: normal; font-variant-ligatures: normal; font-variant-caps: normal; font-weight: 400; font-family: Jost, Arial, Helvetica, sans-serif; font-size: 16px; white-space: normal; text-align: justify;\"><div dir=\"auto\" style=\"font-style: normal; font-variant-ligatures: normal; font-variant-caps: normal; font-weight: 400; font-family: Jost, Arial, Helvetica, sans-serif; font-size: 16px; white-space: normal; text-align: justify;\"><p style=\"text-align: left;\">\u0421\u0442\u0440\u043e\u0438\u0442\u0435\u043b\u044c\u0441\u0442\u0432\u043e \u0446\u0435\u0440\u043a\u0432\u0438 \u043d\u0430\u0447\u0430\u043b\u043e\u0441\u044c \u0432 1865 \u0433\u043e\u0434\u0443. \u0426\u0435\u0440\u043a\u043e\u0432\u044c \u043f\u0440\u044f\u043c\u043e\u0443\u0433\u043e\u043b\u044c\u043d\u043e\u0439 \u0444\u043e\u0440\u043c\u044b, \u0432\u044b\u043f\u043e\u043b\u043d\u0435\u043d\u0430 \u0432 \u0433\u043e\u0442\u0438\u043a\u043e-\u0440\u043e\u043c\u0430\u043d\u0441\u043a\u043e\u043c \u0441\u0442\u0438\u043b\u0435, \u0441 \u043e\u0434\u043d\u043e\u0439 \u0431\u0430\u0448\u043d\u0435\u0439 \u0438 \u043f\u044f\u0442\u0438\u0433\u0440\u0430\u043d\u043d\u043e\u0439 \u0430\u043f\u0441\u0438\u0434\u043e\u0439. \u0412\u043d\u0443\u0442\u0440\u0438 \u0431\u044b\u043b\u0438 \u0441\u043f\u0440\u043e\u0435\u043a\u0442\u0438\u0440\u043e\u0432\u0430\u043d\u044b \u0434\u0435\u0440\u0435\u0432\u044f\u043d\u043d\u044b\u0435 \u043f\u043e\u0442\u043e\u043b\u043a\u0438 \u0442\u0440\u0430\u043f\u0435\u0446\u0438\u0435\u0432\u0438\u0434\u043d\u043e\u0439 \u0444\u043e\u0440\u043c\u044b, \u043d\u0435\u0431\u043e\u043b\u044c\u0448\u043e\u0439 \u0430\u043b\u0442\u0430\u0440\u044c \u0441 \u0442\u0440\u0451\u0445 \u0441\u0442\u043e\u0440\u043e\u043d \u043e\u043a\u0440\u0443\u0436\u0430\u043b\u0438 \u043f\u0440\u043e\u0441\u0442\u043e\u0440\u043d\u044b\u0435 \u0445\u043e\u0440\u044b. \u0412 1883 \u0433\u043e\u0434\u0443 \u0443\u0441\u0442\u0430\u043d\u043e\u0432\u0438\u043b\u0438 \u043e\u0440\u0433\u0430\u043d \u0441 16 \u0440\u0435\u0433\u0438\u0441\u0442\u0440\u0430\u043c\u0438 \u0438 \u044f\u0440\u043a\u0438\u043c \u0437\u0432\u0443\u0447\u0430\u043d\u0438\u0435\u043c. \u0412 \u043c\u0430\u0441\u0441\u0438\u0432\u043d\u043e\u0439 \u0431\u0430\u0448\u043d\u0435 \u0432\u044b\u0441\u043e\u0442\u043e\u0439 36 \u043c\u0435\u0442\u0440\u043e\u0432 \u0431\u044b\u043b\u0438 \u043f\u043e\u0434\u043d\u044f\u0442\u044b \u0434\u0432\u0430 \u0431\u0440\u043e\u043d\u0437\u043e\u0432\u044b\u0445 \u043a\u043e\u043b\u043e\u043a\u043e\u043b\u0430.<br>\u0412\u043e \u0432\u0440\u0435\u043c\u044f \u0432\u043e\u0439\u043d\u044b \u0446\u0435\u0440\u043a\u043e\u0432\u044c \u0431\u044b\u043b\u0430 \u043f\u043e\u0432\u0440\u0435\u0436\u0434\u0435\u043d\u0430, \u043f\u043e\u0437\u0436\u0435 \u0432 \u043d\u0435\u0439 \u0443\u0441\u0442\u0440\u043e\u0438\u043b\u0438 \u0437\u0435\u0440\u043d\u043e\u0445\u0440\u0430\u043d\u0438\u043b\u0438\u0449\u0435. \u0412 1993 \u0433\u043e\u0434\u0443 \u0446\u0435\u0440\u043a\u043e\u0432\u044c \u0431\u044b\u043b\u0430 \u0432\u043e\u0437\u0432\u0440\u0430\u0449\u0435\u043d\u0430 \u043b\u044e\u0442\u0435\u0440\u0430\u043d\u0430\u043c, \u043e\u0442\u0440\u0435\u0441\u0442\u0430\u0432\u0440\u0438\u0440\u043e\u0432\u0430\u043d\u0430, \u0443\u043a\u0440\u0430\u0448\u0435\u043d\u0430 \u0438 \u0432\u043d\u043e\u0432\u044c \u043e\u0441\u0432\u044f\u0449\u0435\u043d\u0430 \u0434\u043b\u044f \u043f\u0430\u0441\u0442\u044b\u0440\u0441\u043a\u043e\u0439 \u0434\u0435\u044f\u0442\u0435\u043b\u044c\u043d\u043e\u0441\u0442\u0438.         <\/p><\/div><\/div><\/div><\/div><\/div><\/div><\/div><\/div><\/div>\t\t\t\t\t\t\t\t<\/div>\n\t\t\t\t<\/div>\n\t\t\t\t<\/div>\n\t\t<div class=\"elementor-element elementor-element-0a1d637 e-con-full e-flex e-con e-child\" data-id=\"0a1d637\" data-element_type=\"container\" data-e-type=\"container\">\n\t\t\t\t<div class=\"elementor-element elementor-element-f60b7f8 elementor-widget elementor-widget-shortcode\" data-id=\"f60b7f8\" data-element_type=\"widget\" data-e-type=\"widget\" data-widget_type=\"shortcode.default\">\n\t\t\t\t<div class=\"elementor-widget-container\">\n\t\t\t\t\t\t\t<div class=\"elementor-shortcode\">\t\t<div id=\"maps-marker-pro-477c0c2d\" class=\"maps-marker-pro mmp-list-below\" style=\"width: 100%;\">\n\t\t\t<div id=\"mmp-map-wrap-477c0c2d\" class=\"mmp-map-wrap\">\n\t\t\t\t\t\t\t\t\t<div id=\"mmp-panel-477c0c2d\" class=\"mmp-panel\"><\/div>\n\t\t\t\t\t\t\t\t<div id=\"mmp-map-477c0c2d\" class=\"mmp-map\" style=\"height: 500px;\"><\/div>\n\t\t\t\t\t\t\t<\/div>\n\t\t\t\t\t\t\t<div id=\"mmp-list-477c0c2d\" class=\"mmp-list\" style=\"flex-basis: 400px;\"><\/div>\n\t\t\t\t\t<\/div>\n\t\t<\/div>\n\t\t\t\t\t\t<\/div>\n\t\t\t\t<\/div>\n\t\t\t\t<\/div>\n\t\t\t\t\t<\/div>\n\t\t\t\t<\/div>\n\t\t\t\t<\/div>\n\t\t","protected":false},"excerpt":{"rendered":"<p>\u0421\u0442\u0440\u043e\u0438\u0442\u0435\u043b\u044c\u0441\u0442\u0432\u043e \u0446\u0435\u0440\u043a\u0432\u0438 \u043d\u0430\u0447\u0430\u043b\u043e\u0441\u044c \u0432 1865 \u0433\u043e\u0434\u0443. \u0426\u0435\u0440\u043a\u043e\u0432\u044c \u043f\u0440\u044f\u043c\u043e\u0443\u0433\u043e\u043b\u044c\u043d\u043e\u0439 \u0444\u043e\u0440\u043c\u044b, \u0432\u044b\u043f\u043e\u043b\u043d\u0435\u043d\u0430 \u0432 \u0433\u043e\u0442\u0438\u043a\u043e-\u0440\u043e\u043c\u0430\u043d\u0441\u043a\u043e\u043c \u0441\u0442\u0438\u043b\u0435, \u0441 \u043e\u0434\u043d\u043e\u0439 \u0431\u0430\u0448\u043d\u0435\u0439 \u0438 \u043f\u044f\u0442\u0438\u0433\u0440\u0430\u043d\u043d\u043e\u0439 \u0430\u043f\u0441\u0438\u0434\u043e\u0439. \u0412\u043d\u0443\u0442\u0440\u0438<\/p>\n","protected":false},"author":2,"featured_media":32238,"parent":23278,"menu_order":112,"comment_status":"closed","ping_status":"closed","template":"","meta":{"_acf_changed":false,"_monsterinsights_skip_tracking":false,"_monsterinsights_sitenote_active":false,"_monsterinsights_sitenote_note":"","_monsterinsights_sitenote_category":0,"footnotes":""},"class_list":["post-43966","page","type-page","status-publish","has-post-thumbnail","hentry"],"acf":[],"_links":{"self":[{"href":"https:\/\/siluteinfo.lt\/ru\/wp-json\/wp\/v2\/pages\/43966","targetHints":{"allow":["GET"]}}],"collection":[{"href":"https:\/\/siluteinfo.lt\/ru\/wp-json\/wp\/v2\/pages"}],"about":[{"href":"https:\/\/siluteinfo.lt\/ru\/wp-json\/wp\/v2\/types\/page"}],"author":[{"embeddable":true,"href":"https:\/\/siluteinfo.lt\/ru\/wp-json\/wp\/v2\/users\/2"}],"replies":[{"embeddable":true,"href":"https:\/\/siluteinfo.lt\/ru\/wp-json\/wp\/v2\/comments?post=43966"}],"version-history":[{"count":0,"href":"https:\/\/siluteinfo.lt\/ru\/wp-json\/wp\/v2\/pages\/43966\/revisions"}],"up":[{"embeddable":true,"href":"https:\/\/siluteinfo.lt\/ru\/wp-json\/wp\/v2\/pages\/23278"}],"wp:featuredmedia":[{"embeddable":true,"href":"https:\/\/siluteinfo.lt\/ru\/wp-json\/wp\/v2\/media\/32238"}],"wp:attachment":[{"href":"https:\/\/siluteinfo.lt\/ru\/wp-json\/wp\/v2\/media?parent=43966"}],"curies":[{"name":"wp","href":"https:\/\/api.w.org\/{rel}","templated":true}]}}