{"id":43926,"date":"2023-03-18T23:28:38","date_gmt":"2023-03-18T21:28:38","guid":{"rendered":"https:\/\/siluteinfo.lt\/dosug\/mesta-dlia-poseshchenija\/evangelichesko-lyuteranskaya-tserkov-v-saugai\/"},"modified":"2025-06-19T08:38:58","modified_gmt":"2025-06-19T06:38:58","slug":"evangelichesko-lyuteranskaya-tserkov-v-saugai","status":"publish","type":"page","link":"https:\/\/siluteinfo.lt\/ru\/dosug\/mesta-dlia-poseshchenija\/evangelichesko-lyuteranskaya-tserkov-v-saugai\/","title":{"rendered":"\u0415\u0432\u0430\u043d\u0433\u0435\u043b\u0438\u0447\u0435\u0441\u043a\u043e-\u043b\u044e\u0442\u0435\u0440\u0430\u043d\u0441\u043a\u0430\u044f \u0446\u0435\u0440\u043a\u043e\u0432\u044c \u0432 \u0421\u0430\u0443\u0433\u0430\u0439"},"content":{"rendered":"\t\t<div data-elementor-type=\"wp-page\" data-elementor-id=\"43926\" class=\"elementor elementor-43926 elementor-22184\" data-elementor-post-type=\"page\">\n\t\t\t\t<div class=\"wd-negative-gap elementor-element elementor-element-018fd8b e-flex e-con-boxed e-con e-parent\" data-id=\"018fd8b\" data-element_type=\"container\" data-e-type=\"container\">\n\t\t\t\t\t<div class=\"e-con-inner\">\n\t\t<div class=\"elementor-element elementor-element-af7d665 e-con-full e-flex e-con e-child\" data-id=\"af7d665\" data-element_type=\"container\" data-e-type=\"container\">\n\t\t\t\t<div class=\"elementor-element elementor-element-4d0413c elementor-widget elementor-widget-theme-post-featured-image elementor-widget-image\" data-id=\"4d0413c\" data-element_type=\"widget\" data-e-type=\"widget\" data-widget_type=\"theme-post-featured-image.default\">\n\t\t\t\t<div class=\"elementor-widget-container\">\n\t\t\t\t\t\t\t\t\t\t\t\t\t\t\t<img loading=\"lazy\" decoding=\"async\" width=\"1200\" height=\"800\" src=\"https:\/\/siluteinfo.lt\/wp-content\/themes\/woodmart\/images\/lazy.svg\" data-src=\"https:\/\/siluteinfo.lt\/wp-content\/uploads\/2025\/06\/lankomi-saugu-evangeliku-liuteronu-baznycia.jpg\" class=\" wd-lazy-blur attachment-full size-full wp-image-43601\" alt=\"Liuteron\u0173 ba\u017eny\u010dia Saugose\" srcset=\"\" data-srcset=\"https:\/\/siluteinfo.lt\/wp-content\/uploads\/2025\/06\/lankomi-saugu-evangeliku-liuteronu-baznycia.jpg 1200w, https:\/\/siluteinfo.lt\/wp-content\/uploads\/2025\/06\/lankomi-saugu-evangeliku-liuteronu-baznycia-800x533.jpg 800w, https:\/\/siluteinfo.lt\/wp-content\/uploads\/2025\/06\/lankomi-saugu-evangeliku-liuteronu-baznycia-768x512.jpg 768w\" sizes=\"auto, (max-width: 1200px) 100vw, 1200px\" \/>\t\t\t\t\t\t\t\t\t\t\t\t\t\t\t<\/div>\n\t\t\t\t<\/div>\n\t\t\t\t<\/div>\n\t\t<div class=\"elementor-element elementor-element-a622ec8 e-con-full e-flex e-con e-child\" data-id=\"a622ec8\" data-element_type=\"container\" data-e-type=\"container\">\n\t\t\t\t<div class=\"elementor-element elementor-element-cc9c784 color-scheme-inherit text-left elementor-widget elementor-widget-text-editor\" data-id=\"cc9c784\" data-element_type=\"widget\" data-e-type=\"widget\" data-widget_type=\"text-editor.default\">\n\t\t\t\t<div class=\"elementor-widget-container\">\n\t\t\t\t\t\t\t\t\t<div dir=\"auto\" style=\"font-style: normal; font-variant-ligatures: normal; font-variant-caps: normal; font-weight: 400; font-family: Jost, Arial, Helvetica, sans-serif; font-size: 16px; white-space: normal; text-align: justify;\"><div dir=\"auto\" style=\"font-style: normal; font-variant-ligatures: normal; font-variant-caps: normal; font-weight: 400; font-family: Jost, Arial, Helvetica, sans-serif; font-size: 16px; white-space: normal; text-align: justify;\"><div dir=\"auto\" style=\"font-style: normal; font-variant-ligatures: normal; font-variant-caps: normal; font-weight: 400; font-family: Jost, Arial, Helvetica, sans-serif; font-size: 16px; white-space: normal; text-align: justify;\"><div dir=\"auto\" style=\"font-style: normal; font-variant-ligatures: normal; font-variant-caps: normal; font-weight: 400; font-family: Jost, Arial, Helvetica, sans-serif; font-size: 16px; white-space: normal; text-align: justify;\"><div dir=\"auto\" style=\"font-style: normal; font-variant-ligatures: normal; font-variant-caps: normal; font-weight: 400; font-family: Jost, Arial, Helvetica, sans-serif; font-size: 16px; white-space: normal; text-align: justify;\"><div dir=\"auto\" style=\"font-style: normal; font-variant-ligatures: normal; font-variant-caps: normal; font-weight: 400; font-family: Jost, Arial, Helvetica, sans-serif; font-size: 16px; white-space: normal; text-align: justify;\"><div dir=\"auto\" style=\"font-style: normal; font-variant-ligatures: normal; font-variant-caps: normal; font-weight: 400; font-family: Jost, Arial, Helvetica, sans-serif; font-size: 16px; white-space: normal; text-align: justify;\"><p style=\"text-align: left;\">\u0421\u0442\u0440\u043e\u0438\u0442\u0435\u043b\u044c\u0441\u0442\u0432\u043e \u043c\u043e\u043b\u0438\u0442\u0432\u0435\u043d\u043d\u043e\u0433\u043e \u0434\u043e\u043c\u0430 \u0432 \u0421\u0430\u0443\u0433\u0430\u0439 \u043d\u0430\u0447\u0430\u043b\u043e\u0441\u044c \u0432 1845 \u0433\u043e\u0434\u0443. \u041f\u0440\u044f\u043c\u043e\u0443\u0433\u043e\u043b\u044c\u043d\u0430\u044f, \u0432\u044b\u0441\u043e\u043a\u0430\u044f \u0438 \u043c\u0430\u0441\u0441\u0438\u0432\u043d\u0430\u044f \u0446\u0435\u0440\u043a\u043e\u0432\u044c \u0438\u0437 \u043a\u0440\u0430\u0441\u043d\u043e\u0433\u043e \u043a\u0438\u0440\u043f\u0438\u0447\u0430 \u0441 \u043d\u0435\u0431\u043e\u043b\u044c\u0448\u043e\u0439 \u0431\u0430\u0448\u0435\u043d\u043a\u043e\u0439 \u0441\u0442\u0440\u043e\u0438\u043b\u0430\u0441\u044c \u0442\u0440\u0438 \u0433\u043e\u0434\u0430. \u041e\u0441\u0432\u044f\u0449\u0435\u043d\u0438\u0435 \u0441\u043e\u0441\u0442\u043e\u044f\u043b\u043e\u0441\u044c \u0442\u043e\u043b\u044c\u043a\u043e 9 \u043e\u043a\u0442\u044f\u0431\u0440\u044f 1857 \u0433\u043e\u0434\u0430. \u041e\u0434\u043d\u043e\u043d\u0435\u0444\u043d\u044b\u0439 \u0445\u0440\u0430\u043c \u0441 \u0430\u043f\u0441\u0438\u0434\u043e\u0439, \u043e\u0444\u043e\u0440\u043c\u043b\u0435\u043d\u043d\u044b\u0439 \u0445\u0443\u0434\u043e\u0436\u043d\u0438\u043a\u043e\u043c, \u0438\u043c\u0435\u043b \u043e\u0431\u044a\u0435\u0434\u0438\u043d\u0451\u043d\u043d\u044b\u0439 \u0430\u043b\u0442\u0430\u0440\u044c-\u043a\u0430\u0444\u0435\u0434\u0440\u0443, \u043f\u0440\u043e\u0441\u0442\u043e\u0440\u043d\u044b\u0435 \u0445\u043e\u0440\u044b, \u043e\u0440\u0433\u0430\u043d \u0441 14 \u0440\u0435\u0433\u0438\u0441\u0442\u0440\u0430\u043c\u0438 \u0438 \u043e\u0434\u0438\u043d \u043a\u043e\u043b\u043e\u043a\u043e\u043b.    <br>\u0412\u043e \u0432\u0440\u0435\u043c\u044f \u0432\u043e\u0439\u043d\u044b \u0437\u0434\u0430\u043d\u0438\u0435 \u0446\u0435\u0440\u043a\u0432\u0438 \u0431\u044b\u043b\u043e \u0441\u043b\u0435\u0433\u043a\u0430 \u043f\u043e\u0432\u0440\u0435\u0436\u0434\u0435\u043d\u043e, \u043d\u043e \u0436\u0438\u0442\u0435\u043b\u0438 \u0431\u044b\u0441\u0442\u0440\u043e \u0435\u0433\u043e \u0432\u043e\u0441\u0441\u0442\u0430\u043d\u043e\u0432\u0438\u043b\u0438. \u0412 \u043d\u0430\u0441\u0442\u043e\u044f\u0449\u0435\u0435 \u0432\u0440\u0435\u043c\u044f \u0437\u0434\u0435\u0441\u044c \u043f\u0440\u043e\u0432\u043e\u0434\u044f\u0442\u0441\u044f \u0435\u0432\u0430\u043d\u0433\u0435\u043b\u0438\u0447\u0435\u0441\u043a\u043e-\u043b\u044e\u0442\u0435\u0440\u0430\u043d\u0441\u043a\u0438\u0435 \u0441\u043b\u0443\u0436\u0431\u044b.<br>\u0412 1947 \u0433\u043e\u0434\u0443 \u0432 \u0447\u0430\u0441\u043e\u0432\u043d\u0435 \u043d\u0430 \u043a\u043b\u0430\u0434\u0431\u0438\u0449\u0435 \u043b\u044e\u0442\u0435\u0440\u0430\u043d\u0441\u043a\u043e\u0439 \u0446\u0435\u0440\u043a\u0432\u0438 \u0431\u044b\u043b\u0430 \u043e\u0441\u043d\u043e\u0432\u0430\u043d\u0430 \u043a\u0430\u0442\u043e\u043b\u0438\u0447\u0435\u0441\u043a\u0430\u044f \u0446\u0435\u0440\u043a\u043e\u0432\u044c \u0421\u0432\u044f\u0442\u043e\u0433\u043e \u041a\u0430\u0437\u0438\u043c\u0438\u0440\u0430. \u041e\u043d\u0430 \u043d\u0435\u0432\u044b\u0441\u043e\u043a\u0430\u044f, \u043f\u0440\u044f\u043c\u043e\u0443\u0433\u043e\u043b\u044c\u043d\u043e\u0439 \u0444\u043e\u0440\u043c\u044b, \u0441 \u0442\u0440\u0435\u043c\u044f \u0430\u043b\u0442\u0430\u0440\u044f\u043c\u0438 \u0432\u043d\u0443\u0442\u0440\u0438.    <\/p><\/div><\/div><\/div><\/div><\/div><\/div><\/div>\t\t\t\t\t\t\t\t<\/div>\n\t\t\t\t<\/div>\n\t\t\t\t<\/div>\n\t\t<div class=\"elementor-element elementor-element-08489ec e-con-full e-flex e-con e-child\" data-id=\"08489ec\" data-element_type=\"container\" data-e-type=\"container\">\n\t\t\t\t<div class=\"elementor-element elementor-element-ea8ae25 elementor-widget elementor-widget-shortcode\" data-id=\"ea8ae25\" data-element_type=\"widget\" data-e-type=\"widget\" data-widget_type=\"shortcode.default\">\n\t\t\t\t<div class=\"elementor-widget-container\">\n\t\t\t\t\t\t\t<div class=\"elementor-shortcode\">\t\t<div id=\"maps-marker-pro-0d181e2d\" class=\"maps-marker-pro mmp-list-below\" style=\"width: 100%;\">\n\t\t\t<div id=\"mmp-map-wrap-0d181e2d\" class=\"mmp-map-wrap\">\n\t\t\t\t\t\t\t\t\t<div id=\"mmp-panel-0d181e2d\" class=\"mmp-panel\"><\/div>\n\t\t\t\t\t\t\t\t<div id=\"mmp-map-0d181e2d\" class=\"mmp-map\" style=\"height: 500px;\"><\/div>\n\t\t\t\t\t\t\t<\/div>\n\t\t\t\t\t\t\t<div id=\"mmp-list-0d181e2d\" class=\"mmp-list\" style=\"flex-basis: 400px;\"><\/div>\n\t\t\t\t\t<\/div>\n\t\t<\/div>\n\t\t\t\t\t\t<\/div>\n\t\t\t\t<\/div>\n\t\t\t\t<\/div>\n\t\t\t\t\t<\/div>\n\t\t\t\t<\/div>\n\t\t\t\t<\/div>\n\t\t","protected":false},"excerpt":{"rendered":"<p>\u0421\u0442\u0440\u043e\u0438\u0442\u0435\u043b\u044c\u0441\u0442\u0432\u043e \u043c\u043e\u043b\u0438\u0442\u0432\u0435\u043d\u043d\u043e\u0433\u043e \u0434\u043e\u043c\u0430 \u0432 \u0421\u0430\u0443\u0433\u0430\u0439 \u043d\u0430\u0447\u0430\u043b\u043e\u0441\u044c \u0432 1845 \u0433\u043e\u0434\u0443. \u041f\u0440\u044f\u043c\u043e\u0443\u0433\u043e\u043b\u044c\u043d\u0430\u044f, \u0432\u044b\u0441\u043e\u043a\u0430\u044f \u0438 \u043c\u0430\u0441\u0441\u0438\u0432\u043d\u0430\u044f \u0446\u0435\u0440\u043a\u043e\u0432\u044c \u0438\u0437 \u043a\u0440\u0430\u0441\u043d\u043e\u0433\u043e \u043a\u0438\u0440\u043f\u0438\u0447\u0430 \u0441 \u043d\u0435\u0431\u043e\u043b\u044c\u0448\u043e\u0439 \u0431\u0430\u0448\u0435\u043d\u043a\u043e\u0439<\/p>\n","protected":false},"author":2,"featured_media":43601,"parent":23278,"menu_order":108,"comment_status":"closed","ping_status":"closed","template":"","meta":{"_acf_changed":false,"_monsterinsights_skip_tracking":false,"_monsterinsights_sitenote_active":false,"_monsterinsights_sitenote_note":"","_monsterinsights_sitenote_category":0,"footnotes":""},"class_list":["post-43926","page","type-page","status-publish","has-post-thumbnail","hentry"],"acf":[],"_links":{"self":[{"href":"https:\/\/siluteinfo.lt\/ru\/wp-json\/wp\/v2\/pages\/43926","targetHints":{"allow":["GET"]}}],"collection":[{"href":"https:\/\/siluteinfo.lt\/ru\/wp-json\/wp\/v2\/pages"}],"about":[{"href":"https:\/\/siluteinfo.lt\/ru\/wp-json\/wp\/v2\/types\/page"}],"author":[{"embeddable":true,"href":"https:\/\/siluteinfo.lt\/ru\/wp-json\/wp\/v2\/users\/2"}],"replies":[{"embeddable":true,"href":"https:\/\/siluteinfo.lt\/ru\/wp-json\/wp\/v2\/comments?post=43926"}],"version-history":[{"count":0,"href":"https:\/\/siluteinfo.lt\/ru\/wp-json\/wp\/v2\/pages\/43926\/revisions"}],"up":[{"embeddable":true,"href":"https:\/\/siluteinfo.lt\/ru\/wp-json\/wp\/v2\/pages\/23278"}],"wp:featuredmedia":[{"embeddable":true,"href":"https:\/\/siluteinfo.lt\/ru\/wp-json\/wp\/v2\/media\/43601"}],"wp:attachment":[{"href":"https:\/\/siluteinfo.lt\/ru\/wp-json\/wp\/v2\/media?parent=43926"}],"curies":[{"name":"wp","href":"https:\/\/api.w.org\/{rel}","templated":true}]}}