{"id":43906,"date":"2022-05-26T06:15:27","date_gmt":"2022-05-26T04:15:27","guid":{"rendered":"https:\/\/siluteinfo.lt\/dosug\/mesta-dlia-poseshchenija\/evangelichesko-lyuteranskaya-tserkov-v-kataychyae\/"},"modified":"2025-06-19T08:26:05","modified_gmt":"2025-06-19T06:26:05","slug":"evangelichesko-lyuteranskaya-tserkov-v-kataychyae","status":"publish","type":"page","link":"https:\/\/siluteinfo.lt\/ru\/dosug\/mesta-dlia-poseshchenija\/evangelichesko-lyuteranskaya-tserkov-v-kataychyae\/","title":{"rendered":"\u0415\u0432\u0430\u043d\u0433\u0435\u043b\u0438\u0447\u0435\u0441\u043a\u043e-\u043b\u044e\u0442\u0435\u0440\u0430\u043d\u0441\u043a\u0430\u044f \u0446\u0435\u0440\u043a\u043e\u0432\u044c \u0432 \u041a\u0430\u0442\u0430\u0439\u0447\u044f\u0435"},"content":{"rendered":"\t\t<div data-elementor-type=\"wp-page\" data-elementor-id=\"43906\" class=\"elementor elementor-43906 elementor-11347\" data-elementor-post-type=\"page\">\n\t\t\t\t<div class=\"wd-negative-gap elementor-element elementor-element-8310776 e-flex e-con-boxed e-con e-parent\" data-id=\"8310776\" data-element_type=\"container\" data-e-type=\"container\">\n\t\t\t\t\t<div class=\"e-con-inner\">\n\t\t<div class=\"elementor-element elementor-element-33a8851 e-con-full e-flex e-con e-child\" data-id=\"33a8851\" data-element_type=\"container\" data-e-type=\"container\">\n\t\t\t\t<div class=\"elementor-element elementor-element-c97200f elementor-widget elementor-widget-theme-post-featured-image elementor-widget-image\" data-id=\"c97200f\" data-element_type=\"widget\" data-e-type=\"widget\" data-widget_type=\"theme-post-featured-image.default\">\n\t\t\t\t<div class=\"elementor-widget-container\">\n\t\t\t\t\t\t\t\t\t\t\t\t\t\t\t<img loading=\"lazy\" decoding=\"async\" width=\"1200\" height=\"800\" src=\"https:\/\/siluteinfo.lt\/wp-content\/themes\/woodmart\/images\/lazy.svg\" data-src=\"https:\/\/siluteinfo.lt\/wp-content\/uploads\/2025\/06\/lankomi-katyciu-evangeliku-liuteronu-baznycia.jpg\" class=\" wd-lazy-blur attachment-full size-full wp-image-43585\" alt=\"Evangelik\u0173 liuteron\u0173 ba\u017eny\u010dia Katy\u010diuose\" srcset=\"\" data-srcset=\"https:\/\/siluteinfo.lt\/wp-content\/uploads\/2025\/06\/lankomi-katyciu-evangeliku-liuteronu-baznycia.jpg 1200w, https:\/\/siluteinfo.lt\/wp-content\/uploads\/2025\/06\/lankomi-katyciu-evangeliku-liuteronu-baznycia-800x533.jpg 800w, https:\/\/siluteinfo.lt\/wp-content\/uploads\/2025\/06\/lankomi-katyciu-evangeliku-liuteronu-baznycia-768x512.jpg 768w\" sizes=\"auto, (max-width: 1200px) 100vw, 1200px\" \/>\t\t\t\t\t\t\t\t\t\t\t\t\t\t\t<\/div>\n\t\t\t\t<\/div>\n\t\t\t\t<\/div>\n\t\t<div class=\"elementor-element elementor-element-65569b3 e-con-full e-flex e-con e-child\" data-id=\"65569b3\" data-element_type=\"container\" data-e-type=\"container\">\n\t\t\t\t<div class=\"elementor-element elementor-element-a366e61 color-scheme-inherit text-left elementor-widget elementor-widget-text-editor\" data-id=\"a366e61\" data-element_type=\"widget\" data-e-type=\"widget\" data-widget_type=\"text-editor.default\">\n\t\t\t\t<div class=\"elementor-widget-container\">\n\t\t\t\t\t\t\t\t\t<div dir=\"auto\" style=\"font-style: normal; font-variant-ligatures: normal; font-variant-caps: normal; font-weight: 400; font-family: Jost, Arial, Helvetica, sans-serif; font-size: 16px; white-space: normal; text-align: justify;\"><div dir=\"auto\" style=\"font-style: normal; font-variant-ligatures: normal; font-variant-caps: normal; font-weight: 400; font-family: Jost, Arial, Helvetica, sans-serif; font-size: 16px; white-space: normal; text-align: justify;\"><div dir=\"auto\" style=\"font-style: normal; font-variant-ligatures: normal; font-variant-caps: normal; font-weight: 400; font-family: Jost, Arial, Helvetica, sans-serif; font-size: 16px; white-space: normal; text-align: justify;\"><div dir=\"auto\" style=\"font-style: normal; font-variant-ligatures: normal; font-variant-caps: normal; font-weight: 400; font-family: Jost, Arial, Helvetica, sans-serif; font-size: 16px; white-space: normal; text-align: justify;\"><div dir=\"auto\" style=\"font-style: normal; font-variant-ligatures: normal; font-variant-caps: normal; font-weight: 400; font-family: Jost, Arial, Helvetica, sans-serif; font-size: 16px; white-space: normal; text-align: justify;\"><div dir=\"auto\" style=\"font-style: normal; font-variant-ligatures: normal; font-variant-caps: normal; font-weight: 400; font-family: Jost, Arial, Helvetica, sans-serif; font-size: 16px; white-space: normal; text-align: justify;\"><div dir=\"auto\" style=\"font-style: normal; font-variant-ligatures: normal; font-variant-caps: normal; font-weight: 400; font-family: Jost, Arial, Helvetica, sans-serif; font-size: 16px; white-space: normal; text-align: justify;\"><p style=\"text-align: left;\">\u0426\u0435\u0440\u043a\u043e\u0432\u044c \u0432 \u041a\u0430\u0442\u0430\u0439\u0447\u044f\u0435, \u043f\u043e\u0441\u0442\u0440\u043e\u0435\u043d\u043d\u0430\u044f \u0438\u0437 \u0432\u0430\u043b\u0443\u043d\u043e\u0432 \u0438 \u043a\u0438\u0440\u043f\u0438\u0447\u0430 \u0441 \u0434\u0435\u0440\u0435\u0432\u044f\u043d\u043d\u043e\u0439 \u0431\u0430\u0448\u043d\u0435\u0439, \u0431\u044b\u043b\u0430 \u0432\u043e\u0437\u0432\u0435\u0434\u0435\u043d\u0430 \u0432 1734 \u0433\u043e\u0434\u0443 \u0440\u044f\u0434\u043e\u043c \u0441\u043e \u0441\u0442\u0430\u0440\u044b\u043c \u043a\u043b\u0430\u0434\u0431\u0438\u0449\u0435\u043c. \u0412 1801 \u0433\u043e\u0434\u0443 \u0443\u0440\u0430\u0433\u0430\u043d \u0440\u0430\u0437\u0440\u0443\u0448\u0438\u043b \u043a\u043e\u043b\u043e\u043a\u043e\u043b\u044c\u043d\u044e. \u0412 1894 \u0433\u043e\u0434\u0443 \u0437\u0434\u0430\u043d\u0438\u0435 \u0431\u044b\u043b\u043e \u043a\u0430\u043f\u0438\u0442\u0430\u043b\u044c\u043d\u043e \u043f\u0435\u0440\u0435\u0441\u0442\u0440\u043e\u0435\u043d\u043e \u0438 \u043e\u0442\u0440\u0435\u043c\u043e\u043d\u0442\u0438\u0440\u043e\u0432\u0430\u043d\u043e. \u0426\u0435\u0440\u043a\u043e\u0432\u044c \u043f\u0440\u0438\u043e\u0431\u0440\u0435\u043b\u0430 \u0441\u0442\u0440\u043e\u0433\u0443\u044e \u043f\u0440\u044f\u043c\u043e\u0443\u0433\u043e\u043b\u044c\u043d\u0443\u044e \u0444\u043e\u0440\u043c\u0443 (25 \u00d7 12 \u043c) \u0438 \u0434\u0435\u0440\u0435\u0432\u044f\u043d\u043d\u0443\u044e \u0431\u0430\u0448\u043d\u044e \u0441 \u0448\u0430\u0442\u0440\u043e\u0432\u043e\u0439 \u043a\u0440\u044b\u0448\u0435\u0439. \u0412 \u0431\u0430\u0448\u043d\u0435 \u0432\u0438\u0441\u0435\u043b\u0438 \u0442\u0440\u0438 \u043a\u043e\u043b\u043e\u043a\u043e\u043b\u0430, \u043e\u0434\u0438\u043d \u0438\u0437 \u043a\u043e\u0442\u043e\u0440\u044b\u0445 \u0431\u044b\u043b \u043f\u043e\u0434\u0430\u0440\u0435\u043d \u043a\u043e\u0440\u043e\u043b\u0435\u0432\u043e\u0439 \u041f\u0440\u0443\u0441\u0441\u0438\u0438 \u041b\u0443\u0438\u0437\u043e\u0439. \u041a\u043e\u043b\u043e\u043a\u043e\u043b\u0430 \u0437\u0432\u043e\u043d\u0438\u043b\u0438 \u0434\u043e 1955 \u0433\u043e\u0434\u0430.<br>\u0412 1955 \u0433\u043e\u0434\u0443 \u0441\u043e\u0432\u0435\u0442\u0441\u043a\u0430\u044f \u0432\u043b\u0430\u0441\u0442\u044c \u043d\u0430\u0446\u0438\u043e\u043d\u0430\u043b\u0438\u0437\u0438\u0440\u043e\u0432\u0430\u043b\u0430 \u0446\u0435\u0440\u043a\u043e\u0432\u044c \u0438 \u0440\u0435\u0448\u0438\u043b\u0430 \u043f\u0440\u0435\u0432\u0440\u0430\u0442\u0438\u0442\u044c \u0435\u0451 \u0432 \u043a\u0438\u043d\u043e\u0442\u0435\u0430\u0442\u0440. \u0418\u043d\u0442\u0435\u0440\u044c\u0435\u0440 \u0431\u044b\u043b \u043f\u0435\u0440\u0435\u0441\u0442\u0440\u043e\u0435\u043d: \u0430\u043b\u0442\u0430\u0440\u044c \u0438 \u043a\u0430\u0444\u0435\u0434\u0440\u0430 \u0443\u043d\u0438\u0447\u0442\u043e\u0436\u0435\u043d\u044b, \u0440\u0435\u043b\u0438\u0433\u0438\u043e\u0437\u043d\u0430\u044f \u0441\u0438\u043c\u0432\u043e\u043b\u0438\u043a\u0430 \u043b\u0438\u043a\u0432\u0438\u0434\u0438\u0440\u043e\u0432\u0430\u043d\u0430. \u0411\u0430\u0448\u043d\u044e \u0441\u043d\u0435\u0441\u043b\u0438, \u043a\u043e\u043b\u043e\u043a\u043e\u043b\u0430 \u0441\u043d\u044f\u043b\u0438, \u043e\u0434\u0438\u043d \u2013 \u043f\u043e\u0434\u0430\u0440\u043e\u043a \u043a\u043e\u0440\u043e\u043b\u0435\u0432\u044b \u2013 \u0431\u044b\u043b \u0440\u0430\u0437\u0431\u0438\u0442. \u041a\u0443\u0434\u0430 \u043e\u043d \u0438\u0441\u0447\u0435\u0437, \u043d\u0438\u043a\u0442\u043e \u043d\u0435 \u0437\u043d\u0430\u0435\u0442. \u0410\u043b\u0442\u0430\u0440\u044c \u0437\u0430\u0434\u0435\u043b\u0430\u043b\u0438 \u043a\u0438\u0440\u043f\u0438\u0447\u043e\u043c, \u043a\u0440\u0438\u043f\u0442\u044b \u043f\u043e\u0434 \u043f\u043e\u043b\u043e\u043c \u0443\u043d\u0438\u0447\u0442\u043e\u0436\u0438\u043b\u0438, \u043e\u0440\u0433\u0430\u043d \u0440\u0430\u0437\u0440\u0443\u0448\u0438\u043b\u0438. \u0416\u0438\u0442\u0435\u043b\u0438 \u041a\u0430\u0442\u0430\u0439\u0447\u044f\u044f \u043e\u0442\u043a\u0430\u0437\u0430\u043b\u0438\u0441\u044c \u043f\u043e\u0441\u0435\u0449\u0430\u0442\u044c \u00ab\u0446\u0435\u043d\u0442\u0440 \u043a\u0443\u043b\u044c\u0442\u0443\u0440\u044b\u00bb. \u0412 1958 \u0433\u043e\u0434\u0443 \u0437\u0434\u0430\u043d\u0438\u0435 \u0431\u044b\u043b\u043e \u0432\u043e\u0437\u0432\u0440\u0430\u0449\u0435\u043d\u043e. \u0415\u0432\u0430\u043d\u0433\u0435\u043b\u0438\u0447\u0435\u0441\u043a\u043e-\u043b\u044e\u0442\u0435\u0440\u0430\u043d\u0441\u043a\u0430\u044f \u043e\u0431\u0449\u0438\u043d\u0430 \u043d\u0430\u0447\u0430\u043b\u0430 \u0432\u043e\u0441\u0441\u0442\u0430\u043d\u043e\u0432\u043b\u0435\u043d\u0438\u0435. \u041f\u043e\u0441\u043b\u0435 \u0440\u0435\u0441\u0442\u0430\u0432\u0440\u0430\u0446\u0438\u0438 \u0432 1994 \u0433\u043e\u0434\u0443 \u043a\u043e\u043b\u043e\u043a\u043e\u043b\u044c\u043d\u044f \u0431\u044b\u043b\u0430 \u0432\u043e\u0441\u0441\u0442\u0430\u043d\u043e\u0432\u043b\u0435\u043d\u0430, \u0443\u0441\u0442\u0430\u043d\u043e\u0432\u043b\u0435\u043d \u043d\u043e\u0432\u044b\u0439 \u043a\u043e\u043b\u043e\u043a\u043e\u043b, \u0438 \u0441\u043d\u043e\u0432\u0430 \u043f\u0440\u043e\u0445\u043e\u0434\u044f\u0442 \u0431\u043e\u0433\u043e\u0441\u043b\u0443\u0436\u0435\u043d\u0438\u044f.                  <\/p><\/div><\/div><\/div><\/div><\/div><\/div><\/div>\t\t\t\t\t\t\t\t<\/div>\n\t\t\t\t<\/div>\n\t\t\t\t<\/div>\n\t\t<div class=\"elementor-element elementor-element-af918ed e-con-full e-flex e-con e-child\" data-id=\"af918ed\" data-element_type=\"container\" data-e-type=\"container\">\n\t\t\t\t<div class=\"elementor-element elementor-element-901bc33 elementor-widget elementor-widget-shortcode\" data-id=\"901bc33\" data-element_type=\"widget\" data-e-type=\"widget\" data-widget_type=\"shortcode.default\">\n\t\t\t\t<div class=\"elementor-widget-container\">\n\t\t\t\t\t\t\t<div class=\"elementor-shortcode\">\t\t<div id=\"maps-marker-pro-e6b83341\" class=\"maps-marker-pro mmp-list-below\" style=\"width: 100%;\">\n\t\t\t<div id=\"mmp-map-wrap-e6b83341\" class=\"mmp-map-wrap\">\n\t\t\t\t\t\t\t\t\t<div id=\"mmp-panel-e6b83341\" class=\"mmp-panel\"><\/div>\n\t\t\t\t\t\t\t\t<div id=\"mmp-map-e6b83341\" class=\"mmp-map\" style=\"height: 500px;\"><\/div>\n\t\t\t\t\t\t\t<\/div>\n\t\t\t\t\t\t\t<div id=\"mmp-list-e6b83341\" class=\"mmp-list\" style=\"flex-basis: 400px;\"><\/div>\n\t\t\t\t\t<\/div>\n\t\t<\/div>\n\t\t\t\t\t\t<\/div>\n\t\t\t\t<\/div>\n\t\t\t\t<\/div>\n\t\t\t\t\t<\/div>\n\t\t\t\t<\/div>\n\t\t\t\t<\/div>\n\t\t","protected":false},"excerpt":{"rendered":"<p>\u0426\u0435\u0440\u043a\u043e\u0432\u044c \u0432 \u041a\u0430\u0442\u0430\u0439\u0447\u044f\u0435, \u043f\u043e\u0441\u0442\u0440\u043e\u0435\u043d\u043d\u0430\u044f \u0438\u0437 \u0432\u0430\u043b\u0443\u043d\u043e\u0432 \u0438 \u043a\u0438\u0440\u043f\u0438\u0447\u0430 \u0441 \u0434\u0435\u0440\u0435\u0432\u044f\u043d\u043d\u043e\u0439 \u0431\u0430\u0448\u043d\u0435\u0439, \u0431\u044b\u043b\u0430 \u0432\u043e\u0437\u0432\u0435\u0434\u0435\u043d\u0430 \u0432 1734 \u0433\u043e\u0434\u0443 \u0440\u044f\u0434\u043e\u043c \u0441\u043e \u0441\u0442\u0430\u0440\u044b\u043c \u043a\u043b\u0430\u0434\u0431\u0438\u0449\u0435\u043c.<\/p>\n","protected":false},"author":1,"featured_media":43585,"parent":23278,"menu_order":106,"comment_status":"closed","ping_status":"closed","template":"","meta":{"_acf_changed":false,"_monsterinsights_skip_tracking":false,"_monsterinsights_sitenote_active":false,"_monsterinsights_sitenote_note":"","_monsterinsights_sitenote_category":0,"footnotes":""},"class_list":["post-43906","page","type-page","status-publish","has-post-thumbnail","hentry"],"acf":[],"_links":{"self":[{"href":"https:\/\/siluteinfo.lt\/ru\/wp-json\/wp\/v2\/pages\/43906","targetHints":{"allow":["GET"]}}],"collection":[{"href":"https:\/\/siluteinfo.lt\/ru\/wp-json\/wp\/v2\/pages"}],"about":[{"href":"https:\/\/siluteinfo.lt\/ru\/wp-json\/wp\/v2\/types\/page"}],"author":[{"embeddable":true,"href":"https:\/\/siluteinfo.lt\/ru\/wp-json\/wp\/v2\/users\/1"}],"replies":[{"embeddable":true,"href":"https:\/\/siluteinfo.lt\/ru\/wp-json\/wp\/v2\/comments?post=43906"}],"version-history":[{"count":0,"href":"https:\/\/siluteinfo.lt\/ru\/wp-json\/wp\/v2\/pages\/43906\/revisions"}],"up":[{"embeddable":true,"href":"https:\/\/siluteinfo.lt\/ru\/wp-json\/wp\/v2\/pages\/23278"}],"wp:featuredmedia":[{"embeddable":true,"href":"https:\/\/siluteinfo.lt\/ru\/wp-json\/wp\/v2\/media\/43585"}],"wp:attachment":[{"href":"https:\/\/siluteinfo.lt\/ru\/wp-json\/wp\/v2\/media?parent=43906"}],"curies":[{"name":"wp","href":"https:\/\/api.w.org\/{rel}","templated":true}]}}