{"id":43896,"date":"2022-05-26T06:16:10","date_gmt":"2022-05-26T04:16:10","guid":{"rendered":"https:\/\/siluteinfo.lt\/dosug\/mesta-dlia-poseshchenija\/rynochnaya-ploshchad-v-kataychyae\/"},"modified":"2025-06-19T08:21:23","modified_gmt":"2025-06-19T06:21:23","slug":"rynochnaya-ploshchad-v-kataychyae","status":"publish","type":"page","link":"https:\/\/siluteinfo.lt\/ru\/dosug\/mesta-dlia-poseshchenija\/rynochnaya-ploshchad-v-kataychyae\/","title":{"rendered":"\u0420\u044b\u043d\u043e\u0447\u043d\u0430\u044f \u043f\u043b\u043e\u0449\u0430\u0434\u044c \u0432 \u041a\u0430\u0442\u0430\u0439\u0447\u044f\u0435"},"content":{"rendered":"\t\t<div data-elementor-type=\"wp-page\" data-elementor-id=\"43896\" class=\"elementor elementor-43896 elementor-11351\" data-elementor-post-type=\"page\">\n\t\t\t\t<div class=\"wd-negative-gap elementor-element elementor-element-9de8bce e-flex e-con-boxed e-con e-parent\" data-id=\"9de8bce\" data-element_type=\"container\" data-e-type=\"container\">\n\t\t\t\t\t<div class=\"e-con-inner\">\n\t\t<div class=\"elementor-element elementor-element-aaea1da e-con-full e-flex e-con e-child\" data-id=\"aaea1da\" data-element_type=\"container\" data-e-type=\"container\">\n\t\t\t\t<div class=\"elementor-element elementor-element-2cdb0a3 elementor-widget elementor-widget-theme-post-featured-image elementor-widget-image\" data-id=\"2cdb0a3\" data-element_type=\"widget\" data-e-type=\"widget\" data-widget_type=\"theme-post-featured-image.default\">\n\t\t\t\t<div class=\"elementor-widget-container\">\n\t\t\t\t\t\t\t\t\t\t\t\t\t\t\t<img loading=\"lazy\" decoding=\"async\" width=\"1200\" height=\"900\" src=\"https:\/\/siluteinfo.lt\/wp-content\/themes\/woodmart\/images\/lazy.svg\" data-src=\"https:\/\/siluteinfo.lt\/wp-content\/uploads\/2023\/11\/lankomi-katyciu-turgaus-aikste.jpg\" class=\" wd-lazy-blur attachment-full size-full wp-image-32184\" alt=\"Turgaus aik\u0161t\u0117 Katy\u010diuose\" srcset=\"\" data-srcset=\"https:\/\/siluteinfo.lt\/wp-content\/uploads\/2023\/11\/lankomi-katyciu-turgaus-aikste.jpg 1200w, https:\/\/siluteinfo.lt\/wp-content\/uploads\/2023\/11\/lankomi-katyciu-turgaus-aikste-400x300.jpg 400w, https:\/\/siluteinfo.lt\/wp-content\/uploads\/2023\/11\/lankomi-katyciu-turgaus-aikste-768x576.jpg 768w\" sizes=\"auto, (max-width: 1200px) 100vw, 1200px\" \/>\t\t\t\t\t\t\t\t\t\t\t\t\t\t\t<\/div>\n\t\t\t\t<\/div>\n\t\t\t\t<\/div>\n\t\t<div class=\"elementor-element elementor-element-3456296 e-con-full e-flex e-con e-child\" data-id=\"3456296\" data-element_type=\"container\" data-e-type=\"container\">\n\t\t\t\t<div class=\"elementor-element elementor-element-8408613 color-scheme-inherit text-left elementor-widget elementor-widget-text-editor\" data-id=\"8408613\" data-element_type=\"widget\" data-e-type=\"widget\" data-widget_type=\"text-editor.default\">\n\t\t\t\t<div class=\"elementor-widget-container\">\n\t\t\t\t\t\t\t\t\t<div dir=\"auto\" style=\"font-style: normal; font-variant-ligatures: normal; font-variant-caps: normal; font-weight: 400; font-family: Jost, Arial, Helvetica, sans-serif; font-size: 16px; white-space: normal; text-align: justify;\"><div dir=\"auto\" style=\"font-style: normal; font-variant-ligatures: normal; font-variant-caps: normal; font-weight: 400; font-family: Jost, Arial, Helvetica, sans-serif; font-size: 16px; white-space: normal; text-align: justify;\"><div dir=\"auto\" style=\"font-style: normal; font-variant-ligatures: normal; font-variant-caps: normal; font-weight: 400; font-family: Jost, Arial, Helvetica, sans-serif; font-size: 16px; white-space: normal; text-align: justify;\"><div dir=\"auto\" style=\"font-style: normal; font-variant-ligatures: normal; font-variant-caps: normal; font-weight: 400; font-family: Jost, Arial, Helvetica, sans-serif; font-size: 16px; white-space: normal; text-align: justify;\"><div dir=\"auto\" style=\"font-style: normal; font-variant-ligatures: normal; font-variant-caps: normal; font-weight: 400; font-family: Jost, Arial, Helvetica, sans-serif; font-size: 16px; white-space: normal; text-align: justify;\"><div dir=\"auto\" style=\"font-style: normal; font-variant-ligatures: normal; font-variant-caps: normal; font-weight: 400; font-family: Jost, Arial, Helvetica, sans-serif; font-size: 16px; white-space: normal; text-align: justify;\"><div dir=\"auto\" style=\"font-style: normal; font-variant-ligatures: normal; font-variant-caps: normal; font-weight: 400; font-family: Jost, Arial, Helvetica, sans-serif; font-size: 16px; white-space: normal; text-align: justify;\"><div dir=\"auto\" style=\"font-style: normal; font-variant-ligatures: normal; font-variant-caps: normal; font-weight: 400; font-family: Jost, Arial, Helvetica, sans-serif; font-size: 16px; white-space: normal; text-align: justify;\"><p style=\"text-align: left;\">\u0412\u043e\u0437\u043b\u0435 \u0446\u0435\u0440\u043a\u0432\u0438, \u043d\u0430 \u043f\u0435\u0440\u0435\u043a\u0440\u0451\u0441\u0442\u043a\u0435 \u0434\u043e\u0440\u043e\u0433 \u0414\u0435\u0433\u0443\u0447\u044f\u0439, \u0421\u0442\u0443\u0431\u0440\u044f\u0439 \u0438 \u041c\u044f\u0434\u0438\u0448\u043a\u044f\u0439\u043c\u0438, \u0431\u044b\u043b\u0430 \u0441\u043e\u0437\u0434\u0430\u043d\u0430 \u0440\u044b\u043d\u043e\u0447\u043d\u0430\u044f \u043f\u043b\u043e\u0449\u0430\u0434\u044c \u0441 \u0442\u043e\u0440\u0433\u043e\u0432\u044b\u043c\u0438 \u0440\u044f\u0434\u0430\u043c\u0438. \u0412 1906 \u0433\u043e\u0434\u0443 \u043d\u0430\u0447\u0430\u043b\u0430\u0441\u044c \u0435\u0451 \u043c\u043e\u0449\u0451\u043d\u0430\u044f \u043a\u0430\u043c\u043d\u0435\u043c \u043e\u0442\u0434\u0435\u043b\u043a\u0430. \u041f\u043b\u043e\u0449\u0430\u0434\u044c \u0431\u044b\u043b\u0430 \u043e\u043a\u0440\u0443\u0436\u0435\u043d\u0430 \u0434\u0435\u043a\u043e\u0440\u0430\u0442\u0438\u0432\u043d\u044b\u043c\u0438 \u043a\u0438\u0440\u043f\u0438\u0447\u043d\u044b\u043c\u0438 \u0437\u0434\u0430\u043d\u0438\u044f\u043c\u0438 \u0432 1\u20133 \u044d\u0442\u0430\u0436\u0430.<br>\u0412 \u043f\u043e\u0441\u043b\u0435\u0432\u043e\u0435\u043d\u043d\u044b\u0435 \u0433\u043e\u0434\u044b \u043e\u043a\u0440\u0435\u0441\u0442\u043d\u044b\u0435 \u0445\u0443\u0442\u043e\u0440\u0430 \u0431\u044b\u043b\u0438 \u043f\u043e\u043b\u043d\u043e\u0441\u0442\u044c\u044e \u0443\u043d\u0438\u0447\u0442\u043e\u0436\u0435\u043d\u044b, \u0441\u0442\u0430\u0440\u0438\u043d\u043d\u044b\u0435 \u043a\u0438\u0440\u043f\u0438\u0447\u043d\u044b\u0435 \u0437\u0434\u0430\u043d\u0438\u044f \u043d\u0430\u0447\u0430\u043b\u0438 \u0440\u0430\u0437\u0440\u0443\u0448\u0430\u0442\u044c\u0441\u044f. \u0422\u0435\u043c \u043d\u0435 \u043c\u0435\u043d\u0435\u0435, \u043e\u043d\u0438 \u0434\u043e\u043b\u0433\u043e\u0435 \u0432\u0440\u0435\u043c\u044f \u0432\u044b\u0434\u0435\u0440\u0436\u0438\u0432\u0430\u043b\u0438 \u0433\u043e\u0434\u044b \u0441\u043e\u0432\u0435\u0442\u0441\u043a\u043e\u0433\u043e \u0437\u0430\u043f\u0443\u0441\u0442\u0435\u043d\u0438\u044f \u0438 \u0431\u0435\u0441\u043f\u043e\u0440\u044f\u0434\u043a\u0430.<br>\u041f\u043e\u0441\u043b\u0435 1990 \u0433\u043e\u0434\u0430 \u041a\u0430\u0442\u0430\u0439\u0447\u044f\u0439 \u043f\u0440\u043e\u0434\u043e\u043b\u0436\u0430\u043b \u043f\u0440\u0438\u0445\u043e\u0434\u0438\u0442\u044c \u0432 \u0443\u043f\u0430\u0434\u043e\u043a. \u0412 \u0433\u043e\u0434\u044b \u043d\u0435\u0437\u0430\u0432\u0438\u0441\u0438\u043c\u043e\u0441\u0442\u0438 \u0442\u0440\u0451\u0445\u044d\u0442\u0430\u0436\u043d\u044b\u0435 \u0434\u043e\u043c\u0430 \u043d\u0430 \u043f\u043b\u043e\u0449\u0430\u0434\u0438 \u0431\u044b\u043b\u0438 \u0437\u0430\u0431\u0440\u043e\u0448\u0435\u043d\u044b \u0438 \u043f\u043e\u0437\u0436\u0435 \u0441\u043d\u0435\u0441\u0435\u043d\u044b. \u0422\u043e\u043b\u044c\u043a\u043e \u0432 2005 \u0433\u043e\u0434\u0443 \u0438\u0441\u0442\u043e\u0440\u0438\u0447\u0435\u0441\u043a\u0430\u044f \u0447\u0430\u0441\u0442\u044c \u041a\u0430\u0442\u0430\u0439\u0447\u044f\u044f \u0431\u044b\u043b\u0430 \u0432\u043a\u043b\u044e\u0447\u0435\u043d\u0430 \u0432 \u0420\u0435\u0433\u0438\u0441\u0442\u0440 \u043a\u0443\u043b\u044c\u0442\u0443\u0440\u043d\u043e\u0433\u043e \u043d\u0430\u0441\u043b\u0435\u0434\u0438\u044f \u041b\u0438\u0442\u043e\u0432\u0441\u043a\u043e\u0439 \u0420\u0435\u0441\u043f\u0443\u0431\u043b\u0438\u043a\u0438 \u2014 \u0431\u0435\u0437 \u0443\u043a\u0430\u0437\u0430\u043d\u0438\u044f \u0435\u0451 \u0446\u0435\u043d\u043d\u043e\u0441\u0442\u0438.      <\/p><\/div><\/div><\/div><\/div><\/div><\/div><\/div><\/div>\t\t\t\t\t\t\t\t<\/div>\n\t\t\t\t<\/div>\n\t\t\t\t<\/div>\n\t\t<div class=\"elementor-element elementor-element-113abb4 e-con-full e-flex e-con e-child\" data-id=\"113abb4\" data-element_type=\"container\" data-e-type=\"container\">\n\t\t\t\t<div class=\"elementor-element elementor-element-12a75b0 elementor-widget elementor-widget-shortcode\" data-id=\"12a75b0\" data-element_type=\"widget\" data-e-type=\"widget\" data-widget_type=\"shortcode.default\">\n\t\t\t\t<div class=\"elementor-widget-container\">\n\t\t\t\t\t\t\t<div class=\"elementor-shortcode\">\t\t<div id=\"maps-marker-pro-f4a048e2\" class=\"maps-marker-pro mmp-list-below\" style=\"width: 100%;\">\n\t\t\t<div id=\"mmp-map-wrap-f4a048e2\" class=\"mmp-map-wrap\">\n\t\t\t\t\t\t\t\t\t<div id=\"mmp-panel-f4a048e2\" class=\"mmp-panel\"><\/div>\n\t\t\t\t\t\t\t\t<div id=\"mmp-map-f4a048e2\" class=\"mmp-map\" style=\"height: 500px;\"><\/div>\n\t\t\t\t\t\t\t<\/div>\n\t\t\t\t\t\t\t<div id=\"mmp-list-f4a048e2\" class=\"mmp-list\" style=\"flex-basis: 400px;\"><\/div>\n\t\t\t\t\t<\/div>\n\t\t<\/div>\n\t\t\t\t\t\t<\/div>\n\t\t\t\t<\/div>\n\t\t\t\t<\/div>\n\t\t\t\t\t<\/div>\n\t\t\t\t<\/div>\n\t\t\t\t<\/div>\n\t\t","protected":false},"excerpt":{"rendered":"<p>\u0412\u043e\u0437\u043b\u0435 \u0446\u0435\u0440\u043a\u0432\u0438, \u043d\u0430 \u043f\u0435\u0440\u0435\u043a\u0440\u0451\u0441\u0442\u043a\u0435 \u0434\u043e\u0440\u043e\u0433 \u0414\u0435\u0433\u0443\u0447\u044f\u0439, \u0421\u0442\u0443\u0431\u0440\u044f\u0439 \u0438 \u041c\u044f\u0434\u0438\u0448\u043a\u044f\u0439\u043c\u0438, \u0431\u044b\u043b\u0430 \u0441\u043e\u0437\u0434\u0430\u043d\u0430 \u0440\u044b\u043d\u043e\u0447\u043d\u0430\u044f \u043f\u043b\u043e\u0449\u0430\u0434\u044c \u0441 \u0442\u043e\u0440\u0433\u043e\u0432\u044b\u043c\u0438 \u0440\u044f\u0434\u0430\u043c\u0438. \u0412 1906 \u0433\u043e\u0434\u0443 \u043d\u0430\u0447\u0430\u043b\u0430\u0441\u044c<\/p>\n","protected":false},"author":1,"featured_media":32184,"parent":23278,"menu_order":105,"comment_status":"closed","ping_status":"closed","template":"","meta":{"_acf_changed":false,"_monsterinsights_skip_tracking":false,"_monsterinsights_sitenote_active":false,"_monsterinsights_sitenote_note":"","_monsterinsights_sitenote_category":0,"footnotes":""},"class_list":["post-43896","page","type-page","status-publish","has-post-thumbnail","hentry"],"acf":[],"_links":{"self":[{"href":"https:\/\/siluteinfo.lt\/ru\/wp-json\/wp\/v2\/pages\/43896","targetHints":{"allow":["GET"]}}],"collection":[{"href":"https:\/\/siluteinfo.lt\/ru\/wp-json\/wp\/v2\/pages"}],"about":[{"href":"https:\/\/siluteinfo.lt\/ru\/wp-json\/wp\/v2\/types\/page"}],"author":[{"embeddable":true,"href":"https:\/\/siluteinfo.lt\/ru\/wp-json\/wp\/v2\/users\/1"}],"replies":[{"embeddable":true,"href":"https:\/\/siluteinfo.lt\/ru\/wp-json\/wp\/v2\/comments?post=43896"}],"version-history":[{"count":0,"href":"https:\/\/siluteinfo.lt\/ru\/wp-json\/wp\/v2\/pages\/43896\/revisions"}],"up":[{"embeddable":true,"href":"https:\/\/siluteinfo.lt\/ru\/wp-json\/wp\/v2\/pages\/23278"}],"wp:featuredmedia":[{"embeddable":true,"href":"https:\/\/siluteinfo.lt\/ru\/wp-json\/wp\/v2\/media\/32184"}],"wp:attachment":[{"href":"https:\/\/siluteinfo.lt\/ru\/wp-json\/wp\/v2\/media?parent=43896"}],"curies":[{"name":"wp","href":"https:\/\/api.w.org\/{rel}","templated":true}]}}