{"id":43886,"date":"2022-05-26T06:17:29","date_gmt":"2022-05-26T04:17:29","guid":{"rendered":"https:\/\/siluteinfo.lt\/dosug\/mesta-dlia-poseshchenija\/pamyatnyy-kamen-martinu-mazhvidasu\/"},"modified":"2025-06-19T08:17:56","modified_gmt":"2025-06-19T06:17:56","slug":"pamyatnyy-kamen-martinu-mazhvidasu","status":"publish","type":"page","link":"https:\/\/siluteinfo.lt\/ru\/dosug\/mesta-dlia-poseshchenija\/pamyatnyy-kamen-martinu-mazhvidasu\/","title":{"rendered":"\u041f\u0430\u043c\u044f\u0442\u043d\u044b\u0439 \u043a\u0430\u043c\u0435\u043d\u044c \u041c\u0430\u0440\u0442\u0438\u043d\u0443 \u041c\u0430\u0436\u0432\u0438\u0434\u0430\u0441\u0443"},"content":{"rendered":"\t\t<div data-elementor-type=\"wp-page\" data-elementor-id=\"43886\" class=\"elementor elementor-43886 elementor-11357\" data-elementor-post-type=\"page\">\n\t\t\t\t<div class=\"wd-negative-gap elementor-element elementor-element-18f33d9 e-flex e-con-boxed e-con e-parent\" data-id=\"18f33d9\" data-element_type=\"container\" data-e-type=\"container\">\n\t\t\t\t\t<div class=\"e-con-inner\">\n\t\t<div class=\"elementor-element elementor-element-5d8893b e-con-full e-flex e-con e-child\" data-id=\"5d8893b\" data-element_type=\"container\" data-e-type=\"container\">\n\t\t\t\t<div class=\"elementor-element elementor-element-e7a25f4 elementor-widget elementor-widget-theme-post-featured-image elementor-widget-image\" data-id=\"e7a25f4\" data-element_type=\"widget\" data-e-type=\"widget\" data-widget_type=\"theme-post-featured-image.default\">\n\t\t\t\t<div class=\"elementor-widget-container\">\n\t\t\t\t\t\t\t\t\t\t\t\t\t\t\t<img loading=\"lazy\" decoding=\"async\" width=\"1200\" height=\"800\" src=\"https:\/\/siluteinfo.lt\/wp-content\/themes\/woodmart\/images\/lazy.svg\" data-src=\"https:\/\/siluteinfo.lt\/wp-content\/uploads\/2023\/11\/lankomi-paminklinis-akmuo-martynui-mazvydui.jpg\" class=\" wd-lazy-blur attachment-full size-full wp-image-32177\" alt=\"Paminklinis akmuo Martynui Ma\u017evydui Laukst\u0117n\u0173 kaime\" srcset=\"\" data-srcset=\"https:\/\/siluteinfo.lt\/wp-content\/uploads\/2023\/11\/lankomi-paminklinis-akmuo-martynui-mazvydui.jpg 1200w, https:\/\/siluteinfo.lt\/wp-content\/uploads\/2023\/11\/lankomi-paminklinis-akmuo-martynui-mazvydui-400x267.jpg 400w, https:\/\/siluteinfo.lt\/wp-content\/uploads\/2023\/11\/lankomi-paminklinis-akmuo-martynui-mazvydui-768x512.jpg 768w\" sizes=\"auto, (max-width: 1200px) 100vw, 1200px\" \/>\t\t\t\t\t\t\t\t\t\t\t\t\t\t\t<\/div>\n\t\t\t\t<\/div>\n\t\t\t\t<\/div>\n\t\t<div class=\"elementor-element elementor-element-7b18738 e-con-full e-flex e-con e-child\" data-id=\"7b18738\" data-element_type=\"container\" data-e-type=\"container\">\n\t\t\t\t<div class=\"elementor-element elementor-element-a8303c6 color-scheme-inherit text-left elementor-widget elementor-widget-text-editor\" data-id=\"a8303c6\" data-element_type=\"widget\" data-e-type=\"widget\" data-widget_type=\"text-editor.default\">\n\t\t\t\t<div class=\"elementor-widget-container\">\n\t\t\t\t\t\t\t\t\t<div dir=\"auto\" style=\"font-style: normal; font-variant-ligatures: normal; font-variant-caps: normal; font-weight: 400; font-family: Jost, Arial, Helvetica, sans-serif; font-size: 16px; white-space: normal; text-align: justify;\"><div dir=\"auto\" style=\"font-style: normal; font-variant-ligatures: normal; font-variant-caps: normal; font-weight: 400; font-family: Jost, Arial, Helvetica, sans-serif; font-size: 16px; white-space: normal; text-align: justify;\"><div dir=\"auto\" style=\"font-style: normal; font-variant-ligatures: normal; font-variant-caps: normal; font-weight: 400; font-family: Jost, Arial, Helvetica, sans-serif; font-size: 16px; white-space: normal; text-align: justify;\"><div dir=\"auto\" style=\"font-style: normal; font-variant-ligatures: normal; font-variant-caps: normal; font-weight: 400; font-family: Jost, Arial, Helvetica, sans-serif; font-size: 16px; white-space: normal; text-align: justify;\"><div dir=\"auto\" style=\"font-style: normal; font-variant-ligatures: normal; font-variant-caps: normal; font-weight: 400; font-family: Jost, Arial, Helvetica, sans-serif; font-size: 16px; white-space: normal; text-align: justify;\"><div dir=\"auto\" style=\"font-style: normal; font-variant-ligatures: normal; font-variant-caps: normal; font-weight: 400; font-family: Jost, Arial, Helvetica, sans-serif; font-size: 16px; white-space: normal; text-align: justify;\"><div dir=\"auto\" style=\"font-style: normal; font-variant-ligatures: normal; font-variant-caps: normal; font-weight: 400; font-family: Jost, Arial, Helvetica, sans-serif; font-size: 16px; white-space: normal; text-align: justify;\"><div dir=\"auto\" style=\"font-style: normal; font-variant-ligatures: normal; font-variant-caps: normal; font-weight: 400; font-family: Jost, Arial, Helvetica, sans-serif; font-size: 16px; white-space: normal; text-align: justify;\"><p style=\"text-align: left;\">\u0412 \u0434\u0435\u0440\u0435\u0432\u043d\u0435 \u041b\u0430\u0443\u043a\u0441\u0442\u0435\u043d\u0430\u0439, \u0443 \u0434\u043e\u0440\u043e\u0433\u0438 \u0416\u0435\u043c\u0430\u0439\u0447\u044e-\u041d\u0430\u0443\u043c\u0438\u0441\u0442\u0438\u0441 \u2013 \u0413\u0430\u0440\u0434\u0430\u043c\u0430\u0441 \u2013 \u0428\u0432\u0435\u043a\u0448\u043d\u0430, \u0441\u0442\u043e\u0438\u0442 \u043f\u0430\u043c\u044f\u0442\u043d\u044b\u0439 \u043a\u0430\u043c\u0435\u043d\u044c \u0441 \u043d\u0430\u0434\u043f\u0438\u0441\u044c\u044e:<br>&#171;\u0412 \u044d\u0442\u0438\u0445 \u043e\u043a\u0440\u0435\u0441\u0442\u043d\u043e\u0441\u0442\u044f\u0445 \u0428\u0432\u0435\u043a\u0448\u043d\u044b, \u0413\u0430\u0440\u0434\u0430\u043c\u0430\u0441\u0430 \u0438 \u0416\u0435\u043c\u0430\u0439\u0447\u044e-\u041d\u0430\u0443\u043c\u0438\u0441\u0442\u0438\u0441\u0430 \u043e\u043a\u043e\u043b\u043e 1510 \u0433\u043e\u0434\u0430 \u0440\u043e\u0434\u0438\u043b\u0441\u044f \u0430\u0432\u0442\u043e\u0440 \u043f\u0435\u0440\u0432\u043e\u0439 \u043b\u0438\u0442\u043e\u0432\u0441\u043a\u043e\u0439 \u043a\u043d\u0438\u0433\u0438 \u041c\u0430\u0440\u0442\u0438\u043d \u041c\u0430\u0436\u0432\u0438\u0434\u0430\u0441. \u041f\u0430\u043c\u044f\u0442\u043d\u044b\u0439 \u043a\u0430\u043c\u0435\u043d\u044c, \u0443\u0441\u0442\u0430\u043d\u043e\u0432\u043b\u0435\u043d\u043d\u044b\u0439 7 \u043c\u0430\u044f 2001 \u0433\u043e\u0434\u0430, \u043e\u0431\u043e\u0437\u043d\u0430\u0447\u0430\u0435\u0442 (\u043f\u0440\u0435\u0434\u043f\u043e\u043b\u043e\u0436\u0438\u0442\u0435\u043b\u044c\u043d\u043e) \u043c\u0435\u0441\u0442\u043e \u0440\u043e\u0436\u0434\u0435\u043d\u0438\u044f \u0430\u0432\u0442\u043e\u0440\u0430.&#187;    <br>\u041c\u0430\u0436\u0432\u0438\u0434\u0430\u0441 \u043f\u043e\u0434\u0433\u043e\u0442\u043e\u0432\u0438\u043b, \u043d\u0430\u043f\u0438\u0441\u0430\u043b \u0438 \u0438\u0437\u0434\u0430\u043b \u043f\u0435\u0440\u0432\u044b\u0435 \u0448\u0435\u0441\u0442\u044c \u043a\u043d\u0438\u0433 \u0438 \u0431\u0440\u043e\u0448\u044e\u0440 \u043d\u0430 \u043b\u0438\u0442\u043e\u0432\u0441\u043a\u043e\u043c \u044f\u0437\u044b\u043a\u0435. \u0412\u0441\u0435 \u043e\u043d\u0438 \u0431\u044b\u043b\u0438 \u043e\u043f\u0443\u0431\u043b\u0438\u043a\u043e\u0432\u0430\u043d\u044b \u0432 \u041a\u0451\u043d\u0438\u0433\u0441\u0431\u0435\u0440\u0433\u0435. \u041f\u0435\u0440\u0432\u0430\u044f \u043b\u0438\u0442\u043e\u0432\u0441\u043a\u0430\u044f \u043a\u043d\u0438\u0433\u0430, \u041a\u0430\u0442\u0435\u0445\u0438\u0437\u0438\u0441, \u0432\u044b\u0448\u043b\u0430 \u0432 1547 \u0433\u043e\u0434\u0443.   <\/p><\/div><\/div><\/div><\/div><\/div><\/div><\/div><\/div>\t\t\t\t\t\t\t\t<\/div>\n\t\t\t\t<\/div>\n\t\t\t\t<\/div>\n\t\t<div class=\"elementor-element elementor-element-cee9c83 e-con-full e-flex e-con e-child\" data-id=\"cee9c83\" data-element_type=\"container\" data-e-type=\"container\">\n\t\t\t\t<div class=\"elementor-element elementor-element-9bb80df elementor-widget elementor-widget-shortcode\" data-id=\"9bb80df\" data-element_type=\"widget\" data-e-type=\"widget\" data-widget_type=\"shortcode.default\">\n\t\t\t\t<div class=\"elementor-widget-container\">\n\t\t\t\t\t\t\t<div class=\"elementor-shortcode\">\t\t<div id=\"maps-marker-pro-54617811\" class=\"maps-marker-pro mmp-list-below\" style=\"width: 100%;\">\n\t\t\t<div id=\"mmp-map-wrap-54617811\" class=\"mmp-map-wrap\">\n\t\t\t\t\t\t\t\t\t<div id=\"mmp-panel-54617811\" class=\"mmp-panel\"><\/div>\n\t\t\t\t\t\t\t\t<div id=\"mmp-map-54617811\" class=\"mmp-map\" style=\"height: 500px;\"><\/div>\n\t\t\t\t\t\t\t<\/div>\n\t\t\t\t\t\t\t<div id=\"mmp-list-54617811\" class=\"mmp-list\" style=\"flex-basis: 400px;\"><\/div>\n\t\t\t\t\t<\/div>\n\t\t<\/div>\n\t\t\t\t\t\t<\/div>\n\t\t\t\t<\/div>\n\t\t\t\t<\/div>\n\t\t\t\t\t<\/div>\n\t\t\t\t<\/div>\n\t\t\t\t<\/div>\n\t\t","protected":false},"excerpt":{"rendered":"<p>\u0412 \u0434\u0435\u0440\u0435\u0432\u043d\u0435 \u041b\u0430\u0443\u043a\u0441\u0442\u0435\u043d\u0430\u0439, \u0443 \u0434\u043e\u0440\u043e\u0433\u0438 \u0416\u0435\u043c\u0430\u0439\u0447\u044e-\u041d\u0430\u0443\u043c\u0438\u0441\u0442\u0438\u0441 \u2013 \u0413\u0430\u0440\u0434\u0430\u043c\u0430\u0441 \u2013 \u0428\u0432\u0435\u043a\u0448\u043d\u0430, \u0441\u0442\u043e\u0438\u0442 \u043f\u0430\u043c\u044f\u0442\u043d\u044b\u0439 \u043a\u0430\u043c\u0435\u043d\u044c \u0441 \u043d\u0430\u0434\u043f\u0438\u0441\u044c\u044e:&#171;\u0412 \u044d\u0442\u0438\u0445 \u043e\u043a\u0440\u0435\u0441\u0442\u043d\u043e\u0441\u0442\u044f\u0445 \u0428\u0432\u0435\u043a\u0448\u043d\u044b, \u0413\u0430\u0440\u0434\u0430\u043c\u0430\u0441\u0430 \u0438<\/p>\n","protected":false},"author":1,"featured_media":32177,"parent":23278,"menu_order":104,"comment_status":"closed","ping_status":"closed","template":"","meta":{"_acf_changed":false,"_monsterinsights_skip_tracking":false,"_monsterinsights_sitenote_active":false,"_monsterinsights_sitenote_note":"","_monsterinsights_sitenote_category":0,"footnotes":""},"class_list":["post-43886","page","type-page","status-publish","has-post-thumbnail","hentry"],"acf":[],"_links":{"self":[{"href":"https:\/\/siluteinfo.lt\/ru\/wp-json\/wp\/v2\/pages\/43886","targetHints":{"allow":["GET"]}}],"collection":[{"href":"https:\/\/siluteinfo.lt\/ru\/wp-json\/wp\/v2\/pages"}],"about":[{"href":"https:\/\/siluteinfo.lt\/ru\/wp-json\/wp\/v2\/types\/page"}],"author":[{"embeddable":true,"href":"https:\/\/siluteinfo.lt\/ru\/wp-json\/wp\/v2\/users\/1"}],"replies":[{"embeddable":true,"href":"https:\/\/siluteinfo.lt\/ru\/wp-json\/wp\/v2\/comments?post=43886"}],"version-history":[{"count":0,"href":"https:\/\/siluteinfo.lt\/ru\/wp-json\/wp\/v2\/pages\/43886\/revisions"}],"up":[{"embeddable":true,"href":"https:\/\/siluteinfo.lt\/ru\/wp-json\/wp\/v2\/pages\/23278"}],"wp:featuredmedia":[{"embeddable":true,"href":"https:\/\/siluteinfo.lt\/ru\/wp-json\/wp\/v2\/media\/32177"}],"wp:attachment":[{"href":"https:\/\/siluteinfo.lt\/ru\/wp-json\/wp\/v2\/media?parent=43886"}],"curies":[{"name":"wp","href":"https:\/\/api.w.org\/{rel}","templated":true}]}}