{"id":43856,"date":"2022-05-26T06:05:23","date_gmt":"2022-05-26T04:05:23","guid":{"rendered":"https:\/\/siluteinfo.lt\/dosug\/mesta-dlia-poseshchenija\/tserkov-vincenta-ferrera-deguciai\/"},"modified":"2025-06-18T21:06:29","modified_gmt":"2025-06-18T19:06:29","slug":"tserkov-vincenta-ferrera-deguciai","status":"publish","type":"page","link":"https:\/\/siluteinfo.lt\/ru\/dosug\/mesta-dlia-poseshchenija\/tserkov-vincenta-ferrera-deguciai\/","title":{"rendered":"\u0426\u0435\u0440\u043a\u043e\u0432\u044c \u0421\u0432\u044f\u0442\u043e\u0433\u043e \u0412\u0438\u043d\u0441\u0435\u043d\u0442\u0430 \u0424\u0435\u0440\u0440\u0435\u0440\u0430 \u0432 \u0414\u0435\u0433\u0443\u0447\u044f\u0435"},"content":{"rendered":"\t\t<div data-elementor-type=\"wp-page\" data-elementor-id=\"43856\" class=\"elementor elementor-43856 elementor-11309\" data-elementor-post-type=\"page\">\n\t\t\t\t<div class=\"wd-negative-gap elementor-element elementor-element-ddd4294 e-flex e-con-boxed e-con e-parent\" data-id=\"ddd4294\" data-element_type=\"container\" data-e-type=\"container\">\n\t\t\t\t\t<div class=\"e-con-inner\">\n\t\t<div class=\"elementor-element elementor-element-4022b8b e-con-full e-flex e-con e-child\" data-id=\"4022b8b\" data-element_type=\"container\" data-e-type=\"container\">\n\t\t\t\t<div class=\"elementor-element elementor-element-b8b9f44 elementor-widget elementor-widget-theme-post-featured-image elementor-widget-image\" data-id=\"b8b9f44\" data-element_type=\"widget\" data-e-type=\"widget\" data-widget_type=\"theme-post-featured-image.default\">\n\t\t\t\t<div class=\"elementor-widget-container\">\n\t\t\t\t\t\t\t\t\t\t\t\t\t\t\t<img loading=\"lazy\" decoding=\"async\" width=\"1200\" height=\"800\" src=\"https:\/\/siluteinfo.lt\/wp-content\/themes\/woodmart\/images\/lazy.svg\" data-src=\"https:\/\/siluteinfo.lt\/wp-content\/uploads\/2025\/06\/lankomi-deguciu-sv-vincento-ferero-baznycia.jpg\" class=\" wd-lazy-blur attachment-full size-full wp-image-43578\" alt=\"\u0160v. Vincento Ferero ba\u017eny\u010dia Degu\u010diuose\" srcset=\"\" data-srcset=\"https:\/\/siluteinfo.lt\/wp-content\/uploads\/2025\/06\/lankomi-deguciu-sv-vincento-ferero-baznycia.jpg 1200w, https:\/\/siluteinfo.lt\/wp-content\/uploads\/2025\/06\/lankomi-deguciu-sv-vincento-ferero-baznycia-800x533.jpg 800w, https:\/\/siluteinfo.lt\/wp-content\/uploads\/2025\/06\/lankomi-deguciu-sv-vincento-ferero-baznycia-768x512.jpg 768w\" sizes=\"auto, (max-width: 1200px) 100vw, 1200px\" \/>\t\t\t\t\t\t\t\t\t\t\t\t\t\t\t<\/div>\n\t\t\t\t<\/div>\n\t\t\t\t<\/div>\n\t\t<div class=\"elementor-element elementor-element-a12530b e-con-full e-flex e-con e-child\" data-id=\"a12530b\" data-element_type=\"container\" data-e-type=\"container\">\n\t\t\t\t<div class=\"elementor-element elementor-element-5e4e028 color-scheme-inherit text-left elementor-widget elementor-widget-text-editor\" data-id=\"5e4e028\" data-element_type=\"widget\" data-e-type=\"widget\" data-widget_type=\"text-editor.default\">\n\t\t\t\t<div class=\"elementor-widget-container\">\n\t\t\t\t\t\t\t\t\t<div dir=\"auto\" style=\"font-style: normal; font-variant-ligatures: normal; font-variant-caps: normal; font-weight: 400; font-family: Jost, Arial, Helvetica, sans-serif; font-size: 16px; white-space: normal; text-align: justify;\"><div dir=\"auto\" style=\"font-style: normal; font-variant-ligatures: normal; font-variant-caps: normal; font-weight: 400; font-family: Jost, Arial, Helvetica, sans-serif; font-size: 16px; white-space: normal; text-align: justify;\"><div dir=\"auto\" style=\"font-style: normal; font-variant-ligatures: normal; font-variant-caps: normal; font-weight: 400; font-family: Jost, Arial, Helvetica, sans-serif; font-size: 16px; white-space: normal; text-align: justify;\"><div dir=\"auto\" style=\"font-style: normal; font-variant-ligatures: normal; font-variant-caps: normal; font-weight: 400; font-family: Jost, Arial, Helvetica, sans-serif; font-size: 16px; white-space: normal; text-align: justify;\"><div dir=\"auto\" style=\"font-style: normal; font-variant-ligatures: normal; font-variant-caps: normal; font-weight: 400; font-family: Jost, Arial, Helvetica, sans-serif; font-size: 16px; white-space: normal; text-align: justify;\"><div dir=\"auto\" style=\"font-style: normal; font-variant-ligatures: normal; font-variant-caps: normal; font-weight: 400; font-family: Jost, Arial, Helvetica, sans-serif; font-size: 16px; white-space: normal; text-align: justify;\"><div dir=\"auto\" style=\"font-style: normal; font-variant-ligatures: normal; font-variant-caps: normal; font-weight: 400; font-family: Jost, Arial, Helvetica, sans-serif; font-size: 16px; white-space: normal; text-align: justify;\"><div dir=\"auto\" style=\"font-style: normal; font-variant-ligatures: normal; font-variant-caps: normal; font-weight: 400; font-family: Jost, Arial, Helvetica, sans-serif; font-size: 16px; white-space: normal; text-align: justify;\"><p style=\"text-align: left;\">\u0426\u0435\u0440\u043a\u043e\u0432\u044c \u0421\u0432\u044f\u0442\u043e\u0433\u043e \u0412\u0438\u043d\u0441\u0435\u043d\u0442\u0430 \u0424\u0435\u0440\u0440\u0435\u0440\u0430 \u0432 \u0414\u0435\u0433\u0443\u0447\u044f\u0435 \u2013 \u0432\u043e\u0437\u043c\u043e\u0436\u043d\u043e, \u0435\u0434\u0438\u043d\u0441\u0442\u0432\u0435\u043d\u043d\u0430\u044f \u0441\u043e\u0445\u0440\u0430\u043d\u0438\u0432\u0448\u0430\u044f\u0441\u044f \u0442\u0440\u0435\u0443\u0433\u043e\u043b\u044c\u043d\u0430\u044f \u0434\u0435\u0440\u0435\u0432\u044f\u043d\u043d\u0430\u044f \u0446\u0435\u0440\u043a\u043e\u0432\u044c \u0432 \u0415\u0432\u0440\u043e\u043f\u0435. \u0422\u0440\u0435\u0443\u0433\u043e\u043b\u044c\u043d\u0430\u044f \u0444\u043e\u0440\u043c\u0430 \u0441\u0438\u043c\u0432\u043e\u043b\u0438\u0437\u0438\u0440\u0443\u0435\u0442 \u0421\u0432\u044f\u0442\u0443\u044e \u0422\u0440\u043e\u0438\u0446\u0443.<br>\u0411\u0430\u0440\u043e\u0447\u043d\u0443\u044e \u0446\u0435\u0440\u043a\u043e\u0432\u044c \u043f\u043e\u0441\u0442\u0440\u043e\u0438\u043b \u0432 1760 \u0433\u043e\u0434\u0443 \u0422\u0430\u0434\u0430\u0441 \u0411\u0438\u043b\u044f\u0432\u0438\u0447\u044e\u0441, \u0441\u0442\u0430\u0440\u043e\u0441\u0442\u0430 \u0412\u0430\u0439\u043d\u0443\u0442\u0430, \u043f\u0440\u0438 \u043f\u043e\u0434\u0434\u0435\u0440\u0436\u043a\u0435 \u0410\u0434\u0430\u043c\u0430 \u0411\u0438\u043b\u044f\u0432\u0438\u0447\u044e\u0441\u0430 \u0438 \u0411\u043e\u0433\u0443\u043c\u0438\u043b\u044b \u0411\u0443\u0434\u0440\u0438\u043a\u0430\u0439\u0442\u0435.<br>\u0421\u0443\u0449\u0435\u0441\u0442\u0432\u0443\u0435\u0442 \u0432\u0435\u0440\u0441\u0438\u044f, \u0447\u0442\u043e \u0442\u043e\u043b\u0447\u043a\u043e\u043c \u043a \u0441\u0442\u0440\u043e\u0438\u0442\u0435\u043b\u044c\u0441\u0442\u0432\u0443 \u0441\u0442\u0430\u043b\u0430 \u0441\u0435\u043c\u0435\u0439\u043d\u0430\u044f \u0442\u0440\u0430\u0433\u0435\u0434\u0438\u044f \u2013 \u0432\u043e \u0432\u0440\u0435\u043c\u044f \u043d\u0430\u043f\u0430\u0434\u0435\u043d\u0438\u044f \u0410\u043b\u0435\u043a\u0441\u0430\u043d\u0434\u0440\u0430 \u043d\u0430 \u0438\u043c\u0435\u043d\u0438\u0435 \u0431\u0440\u0430\u0442\u0430 \u043f\u043e\u0433\u0438\u0431\u043b\u0430 \u0435\u0433\u043e \u0434\u043e\u0447\u044c.      <br>\u041d\u0435\u0441\u043c\u043e\u0442\u0440\u044f \u043d\u0430 \u0431\u0435\u0434\u043d\u043e\u0441\u0442\u044c, \u043f\u0440\u0438\u0445\u043e\u0434 \u0432\u0441\u0435\u0433\u0434\u0430 \u0441\u043e\u0434\u0435\u0440\u0436\u0430\u043b\u0441\u044f \u0432 \u043f\u043e\u0440\u044f\u0434\u043a\u0435. \u0420\u0435\u0441\u0442\u0430\u0432\u0440\u0430\u0446\u0438\u0438 \u043f\u0440\u043e\u0438\u0441\u0445\u043e\u0434\u0438\u043b\u0438 \u0432 1840 \u0433., \u0432 \u043a\u043e\u043d\u0446\u0435 XIX \u0432\u0435\u043a\u0430 \u0438 \u0432 1923\u20131938 \u0433\u0433.<br>\u0412 2011 \u0433\u043e\u0434\u0443 \u0431\u044b\u043b\u0430 \u043e\u0431\u043d\u0430\u0440\u0443\u0436\u0435\u043d\u0430 \u0438 \u0441\u043e\u0445\u0440\u0430\u043d\u0435\u043d\u0430 \u043d\u0430\u0434\u043f\u0438\u0441\u044c \u043e \u043f\u043e\u043a\u0440\u0430\u0441\u043a\u0435 \u0438\u043d\u0442\u0435\u0440\u044c\u0435\u0440\u0430 \u0432 1984 \u0433\u043e\u0434\u0443.<br>\u0412\u043d\u0443\u0442\u0440\u0438 \u2013 \u043f\u043b\u043e\u0441\u043a\u0438\u0435 \u043f\u043e\u0442\u043e\u043b\u043a\u0438 \u043d\u0430 \u0441\u0442\u043e\u043b\u0431\u0430\u0445, \u0442\u0440\u0438 \u0431\u0430\u0440\u043e\u0447\u043d\u044b\u0445 \u0430\u043b\u0442\u0430\u0440\u044f \u0432 \u043f\u0440\u0435\u0441\u0431\u0438\u0442\u0435\u0440\u0438\u0438. \u0413\u043b\u0430\u0432\u043d\u044b\u0439 \u0430\u043b\u0442\u0430\u0440\u044c \u0443\u043a\u0440\u0430\u0448\u0435\u043d \u0440\u0435\u0437\u044c\u0431\u043e\u0439, \u0441\u0442\u0430\u0442\u0443\u044f\u043c\u0438 \u0441\u0432. \u0412\u0430\u0440\u0432\u0430\u0440\u044b \u0438 \u0441\u0432. \u0415\u043b\u0435\u043d\u044b.<br>\u0421\u043e\u0445\u0440\u0430\u043d\u0438\u043b\u0438\u0441\u044c \u043e\u0431\u0440\u0430\u0437\u044b \u0441\u0432. \u0410\u043d\u0442\u043e\u043d\u0438\u044f \u041f\u0430\u0434\u0443\u0430\u043d\u0441\u043a\u043e\u0433\u043e, \u0441\u0432. \u0418\u0443\u0434\u044b \u0422\u0430\u0434\u0434\u0435\u044f \u0438 \u0441\u0432. \u0418\u043e\u0441\u0438\u0444\u0430 (~1760\u20131763), \u0430 \u0442\u0430\u043a\u0436\u0435 \u0438\u043a\u043e\u043d\u0430 \u0441\u0432. \u0412\u0438\u043d\u0441\u0435\u043d\u0442\u0430 \u2013 \u0441\u0447\u0438\u0442\u0430\u043b\u0430\u0441\u044c \u0447\u0443\u0434\u043e\u0442\u0432\u043e\u0440\u043d\u043e\u0439.<br>\u0420\u0435\u0434\u043a\u0438\u0439 \u044d\u043b\u0435\u043c\u0435\u043d\u0442 \u2013 \u0430\u043c\u0432\u043e\u043d \u0441 \u0432\u0441\u0442\u0440\u043e\u0435\u043d\u043d\u043e\u0439 \u0438\u0441\u043f\u043e\u0432\u0435\u0434\u0430\u043b\u044c\u043d\u0435\u0439.         <br>\u0426\u0435\u0440\u043a\u043e\u0432\u043d\u044b\u0439 \u0434\u0432\u043e\u0440 \u043e\u043a\u0440\u0443\u0436\u0435\u043d \u043a\u0430\u043c\u0435\u043d\u043d\u043e\u0439 \u0441\u0442\u0435\u043d\u043e\u0439, \u0441 \u0434\u0432\u0443\u043c\u044f \u0432\u043e\u0440\u043e\u0442\u0430\u043c\u0438, \u0447\u0430\u0441\u043e\u0432\u043d\u0435\u0439, \u0434\u0435\u0440\u0435\u0432\u044f\u043d\u043d\u044b\u043c \u043a\u0440\u0435\u0441\u0442\u043e\u043c \u0438 \u043a\u043e\u043b\u043e\u043a\u043e\u043b\u044c\u043d\u0435\u0439.  <\/p><\/div><\/div><\/div><\/div><\/div><\/div><\/div><\/div>\t\t\t\t\t\t\t\t<\/div>\n\t\t\t\t<\/div>\n\t\t\t\t<\/div>\n\t\t<div class=\"elementor-element elementor-element-99ffa0c e-con-full e-flex e-con e-child\" data-id=\"99ffa0c\" data-element_type=\"container\" data-e-type=\"container\">\n\t\t\t\t<div class=\"elementor-element elementor-element-76d23d6 elementor-widget elementor-widget-shortcode\" data-id=\"76d23d6\" data-element_type=\"widget\" data-e-type=\"widget\" data-widget_type=\"shortcode.default\">\n\t\t\t\t<div class=\"elementor-widget-container\">\n\t\t\t\t\t\t\t<div class=\"elementor-shortcode\">\t\t<div id=\"maps-marker-pro-7ba5e163\" class=\"maps-marker-pro mmp-list-below\" style=\"width: 100%;\">\n\t\t\t<div id=\"mmp-map-wrap-7ba5e163\" class=\"mmp-map-wrap\">\n\t\t\t\t\t\t\t\t\t<div id=\"mmp-panel-7ba5e163\" class=\"mmp-panel\"><\/div>\n\t\t\t\t\t\t\t\t<div id=\"mmp-map-7ba5e163\" class=\"mmp-map\" style=\"height: 500px;\"><\/div>\n\t\t\t\t\t\t\t<\/div>\n\t\t\t\t\t\t\t<div id=\"mmp-list-7ba5e163\" class=\"mmp-list\" style=\"flex-basis: 400px;\"><\/div>\n\t\t\t\t\t<\/div>\n\t\t<\/div>\n\t\t\t\t\t\t<\/div>\n\t\t\t\t<\/div>\n\t\t\t\t<\/div>\n\t\t\t\t\t<\/div>\n\t\t\t\t<\/div>\n\t\t\t\t<\/div>\n\t\t","protected":false},"excerpt":{"rendered":"<p>\u0426\u0435\u0440\u043a\u043e\u0432\u044c \u0421\u0432\u044f\u0442\u043e\u0433\u043e \u0412\u0438\u043d\u0441\u0435\u043d\u0442\u0430 \u0424\u0435\u0440\u0440\u0435\u0440\u0430 \u0432 \u0414\u0435\u0433\u0443\u0447\u044f\u0435 \u2013 \u0432\u043e\u0437\u043c\u043e\u0436\u043d\u043e, \u0435\u0434\u0438\u043d\u0441\u0442\u0432\u0435\u043d\u043d\u0430\u044f \u0441\u043e\u0445\u0440\u0430\u043d\u0438\u0432\u0448\u0430\u044f\u0441\u044f \u0442\u0440\u0435\u0443\u0433\u043e\u043b\u044c\u043d\u0430\u044f \u0434\u0435\u0440\u0435\u0432\u044f\u043d\u043d\u0430\u044f \u0446\u0435\u0440\u043a\u043e\u0432\u044c \u0432 \u0415\u0432\u0440\u043e\u043f\u0435. \u0422\u0440\u0435\u0443\u0433\u043e\u043b\u044c\u043d\u0430\u044f \u0444\u043e\u0440\u043c\u0430 \u0441\u0438\u043c\u0432\u043e\u043b\u0438\u0437\u0438\u0440\u0443\u0435\u0442 \u0421\u0432\u044f\u0442\u0443\u044e \u0422\u0440\u043e\u0438\u0446\u0443.\u0411\u0430\u0440\u043e\u0447\u043d\u0443\u044e<\/p>\n","protected":false},"author":1,"featured_media":43578,"parent":23278,"menu_order":101,"comment_status":"closed","ping_status":"closed","template":"","meta":{"_acf_changed":false,"_monsterinsights_skip_tracking":false,"_monsterinsights_sitenote_active":false,"_monsterinsights_sitenote_note":"","_monsterinsights_sitenote_category":0,"footnotes":""},"class_list":["post-43856","page","type-page","status-publish","has-post-thumbnail","hentry"],"acf":[],"_links":{"self":[{"href":"https:\/\/siluteinfo.lt\/ru\/wp-json\/wp\/v2\/pages\/43856","targetHints":{"allow":["GET"]}}],"collection":[{"href":"https:\/\/siluteinfo.lt\/ru\/wp-json\/wp\/v2\/pages"}],"about":[{"href":"https:\/\/siluteinfo.lt\/ru\/wp-json\/wp\/v2\/types\/page"}],"author":[{"embeddable":true,"href":"https:\/\/siluteinfo.lt\/ru\/wp-json\/wp\/v2\/users\/1"}],"replies":[{"embeddable":true,"href":"https:\/\/siluteinfo.lt\/ru\/wp-json\/wp\/v2\/comments?post=43856"}],"version-history":[{"count":0,"href":"https:\/\/siluteinfo.lt\/ru\/wp-json\/wp\/v2\/pages\/43856\/revisions"}],"up":[{"embeddable":true,"href":"https:\/\/siluteinfo.lt\/ru\/wp-json\/wp\/v2\/pages\/23278"}],"wp:featuredmedia":[{"embeddable":true,"href":"https:\/\/siluteinfo.lt\/ru\/wp-json\/wp\/v2\/media\/43578"}],"wp:attachment":[{"href":"https:\/\/siluteinfo.lt\/ru\/wp-json\/wp\/v2\/media?parent=43856"}],"curies":[{"name":"wp","href":"https:\/\/api.w.org\/{rel}","templated":true}]}}