{"id":43836,"date":"2022-05-26T06:07:31","date_gmt":"2022-05-26T04:07:31","guid":{"rendered":"https:\/\/siluteinfo.lt\/dosug\/mesta-dlia-poseshchenija\/pamyatnik-pavshim-za-svobodu-litvy\/"},"modified":"2025-06-18T20:55:48","modified_gmt":"2025-06-18T18:55:48","slug":"pamyatnik-pavshim-za-svobodu-litvy","status":"publish","type":"page","link":"https:\/\/siluteinfo.lt\/ru\/dosug\/mesta-dlia-poseshchenija\/pamyatnik-pavshim-za-svobodu-litvy\/","title":{"rendered":"\u041f\u0430\u043c\u044f\u0442\u043d\u0438\u043a \u00ab\u041f\u0430\u0432\u0448\u0438\u043c \u0437\u0430 \u0441\u0432\u043e\u0431\u043e\u0434\u0443 \u041b\u0438\u0442\u0432\u044b\u00bb"},"content":{"rendered":"\t\t<div data-elementor-type=\"wp-page\" data-elementor-id=\"43836\" class=\"elementor elementor-43836 elementor-11313\" data-elementor-post-type=\"page\">\n\t\t\t\t<div class=\"wd-negative-gap elementor-element elementor-element-a5efac2 e-flex e-con-boxed e-con e-parent\" data-id=\"a5efac2\" data-element_type=\"container\" data-e-type=\"container\">\n\t\t\t\t\t<div class=\"e-con-inner\">\n\t\t<div class=\"elementor-element elementor-element-42de26b e-con-full e-flex e-con e-child\" data-id=\"42de26b\" data-element_type=\"container\" data-e-type=\"container\">\n\t\t\t\t<div class=\"elementor-element elementor-element-eb6ea81 elementor-widget elementor-widget-theme-post-featured-image elementor-widget-image\" data-id=\"eb6ea81\" data-element_type=\"widget\" data-e-type=\"widget\" data-widget_type=\"theme-post-featured-image.default\">\n\t\t\t\t<div class=\"elementor-widget-container\">\n\t\t\t\t\t\t\t\t\t\t\t\t\t\t\t<img loading=\"lazy\" decoding=\"async\" width=\"1200\" height=\"800\" src=\"https:\/\/siluteinfo.lt\/wp-content\/themes\/woodmart\/images\/lazy.svg\" data-src=\"https:\/\/siluteinfo.lt\/wp-content\/uploads\/2023\/11\/lankomi-paminklas-zuvusiems-del-lietuvos-laisves.jpg\" class=\" wd-lazy-blur attachment-full size-full wp-image-32142\" alt=\"Paminklas \u201e\u017duvusiems d\u0117l Lietuvos laisv\u0117s\u201c \u017demai\u010di\u0173 Naumiestyje\" srcset=\"\" data-srcset=\"https:\/\/siluteinfo.lt\/wp-content\/uploads\/2023\/11\/lankomi-paminklas-zuvusiems-del-lietuvos-laisves.jpg 1200w, https:\/\/siluteinfo.lt\/wp-content\/uploads\/2023\/11\/lankomi-paminklas-zuvusiems-del-lietuvos-laisves-400x267.jpg 400w, https:\/\/siluteinfo.lt\/wp-content\/uploads\/2023\/11\/lankomi-paminklas-zuvusiems-del-lietuvos-laisves-768x512.jpg 768w\" sizes=\"auto, (max-width: 1200px) 100vw, 1200px\" \/>\t\t\t\t\t\t\t\t\t\t\t\t\t\t\t<\/div>\n\t\t\t\t<\/div>\n\t\t\t\t<\/div>\n\t\t<div class=\"elementor-element elementor-element-bd18322 e-con-full e-flex e-con e-child\" data-id=\"bd18322\" data-element_type=\"container\" data-e-type=\"container\">\n\t\t\t\t<div class=\"elementor-element elementor-element-ee3e477 color-scheme-inherit text-left elementor-widget elementor-widget-text-editor\" data-id=\"ee3e477\" data-element_type=\"widget\" data-e-type=\"widget\" data-widget_type=\"text-editor.default\">\n\t\t\t\t<div class=\"elementor-widget-container\">\n\t\t\t\t\t\t\t\t\t<div dir=\"auto\" style=\"font-style: normal; font-variant-ligatures: normal; font-variant-caps: normal; font-weight: 400; font-family: Jost, Arial, Helvetica, sans-serif; font-size: 16px; white-space: normal; text-align: justify;\"><div dir=\"auto\" style=\"font-style: normal; font-variant-ligatures: normal; font-variant-caps: normal; font-weight: 400; font-family: Jost, Arial, Helvetica, sans-serif; font-size: 16px; white-space: normal; text-align: justify;\"><div dir=\"auto\" style=\"font-style: normal; font-variant-ligatures: normal; font-variant-caps: normal; font-weight: 400; font-family: Jost, Arial, Helvetica, sans-serif; font-size: 16px; white-space: normal; text-align: justify;\"><div dir=\"auto\" style=\"font-style: normal; font-variant-ligatures: normal; font-variant-caps: normal; font-weight: 400; font-family: Jost, Arial, Helvetica, sans-serif; font-size: 16px; white-space: normal; text-align: justify;\"><div dir=\"auto\" style=\"font-style: normal; font-variant-ligatures: normal; font-variant-caps: normal; font-weight: 400; font-family: Jost, Arial, Helvetica, sans-serif; font-size: 16px; white-space: normal; text-align: justify;\"><div dir=\"auto\" style=\"font-style: normal; font-variant-ligatures: normal; font-variant-caps: normal; font-weight: 400; font-family: Jost, Arial, Helvetica, sans-serif; font-size: 16px; white-space: normal; text-align: justify;\"><div dir=\"auto\" style=\"font-style: normal; font-variant-ligatures: normal; font-variant-caps: normal; font-weight: 400; font-family: Jost, Arial, Helvetica, sans-serif; font-size: 16px; white-space: normal; text-align: justify;\"><p style=\"text-align: left;\">\u041f\u0430\u043c\u044f\u0442\u043d\u0438\u043a \u00ab\u041f\u0430\u0432\u0448\u0438\u043c \u0437\u0430 \u0441\u0432\u043e\u0431\u043e\u0434\u0443 \u041b\u0438\u0442\u0432\u044b\u00bb \u0431\u044b\u043b \u0443\u0441\u0442\u0430\u043d\u043e\u0432\u043b\u0435\u043d \u0432 1928 \u0433\u043e\u0434\u0443 \u0432 \u0446\u0435\u043d\u0442\u0440\u0435 \u0416\u044f\u043c\u0430\u0439\u0442\u044e \u041d\u0430\u0443\u043c\u0435\u0441\u0442\u0438\u0441\u0430.<br>\u042d\u0442\u043e \u0434\u0432\u0443\u0445\u044a\u044f\u0440\u0443\u0441\u043d\u044b\u0439 \u043e\u0431\u0435\u043b\u0438\u0441\u043a (\u043a\u0430\u043c\u0435\u043d\u043d\u0430\u044f \u043a\u043b\u0430\u0434\u043a\u0430 \u0438 \u0431\u0435\u0442\u043e\u043d) \u0441 \u0432\u0435\u0440\u0448\u0438\u043d\u043e\u0439 \u0432 \u0444\u043e\u0440\u043c\u0435 \u0431\u0430\u0448\u043d\u0438 \u0413\u0435\u0434\u0438\u043c\u0438\u043d\u0430.<br>\u0412 1951 \u0433\u043e\u0434\u0443 \u043f\u0430\u043c\u044f\u0442\u043d\u0438\u043a \u0431\u044b\u043b \u0441\u043d\u0435\u0441\u0451\u043d \u0438 \u0437\u0430\u043a\u043e\u043f\u0430\u043d.<br>\u0412 \u043e\u043a\u0442\u044f\u0431\u0440\u0435 1988 \u0433\u043e\u0434\u0430 \u0435\u0433\u043e \u043e\u0442\u043a\u043e\u043f\u0430\u043b\u0438 \u0438 \u0432\u043e\u0441\u0441\u0442\u0430\u043d\u043e\u0432\u0438\u043b\u0438 \u043c\u0435\u0441\u0442\u043d\u044b\u0435 \u043c\u0430\u0441\u0442\u0435\u0440\u0430.      <\/p><\/div><\/div><\/div><\/div><\/div><\/div><\/div>\t\t\t\t\t\t\t\t<\/div>\n\t\t\t\t<\/div>\n\t\t\t\t<\/div>\n\t\t<div class=\"elementor-element elementor-element-69d7367 e-con-full e-flex e-con e-child\" data-id=\"69d7367\" data-element_type=\"container\" data-e-type=\"container\">\n\t\t\t\t<div class=\"elementor-element elementor-element-8e79721 elementor-widget elementor-widget-shortcode\" data-id=\"8e79721\" data-element_type=\"widget\" data-e-type=\"widget\" data-widget_type=\"shortcode.default\">\n\t\t\t\t<div class=\"elementor-widget-container\">\n\t\t\t\t\t\t\t<div class=\"elementor-shortcode\">\t\t<div id=\"maps-marker-pro-8428c918\" class=\"maps-marker-pro mmp-list-below\" style=\"width: 100%;\">\n\t\t\t<div id=\"mmp-map-wrap-8428c918\" class=\"mmp-map-wrap\">\n\t\t\t\t\t\t\t\t\t<div id=\"mmp-panel-8428c918\" class=\"mmp-panel\"><\/div>\n\t\t\t\t\t\t\t\t<div id=\"mmp-map-8428c918\" class=\"mmp-map\" style=\"height: 500px;\"><\/div>\n\t\t\t\t\t\t\t<\/div>\n\t\t\t\t\t\t\t<div id=\"mmp-list-8428c918\" class=\"mmp-list\" style=\"flex-basis: 400px;\"><\/div>\n\t\t\t\t\t<\/div>\n\t\t<\/div>\n\t\t\t\t\t\t<\/div>\n\t\t\t\t<\/div>\n\t\t\t\t<\/div>\n\t\t\t\t\t<\/div>\n\t\t\t\t<\/div>\n\t\t\t\t<\/div>\n\t\t","protected":false},"excerpt":{"rendered":"<p>\u041f\u0430\u043c\u044f\u0442\u043d\u0438\u043a \u00ab\u041f\u0430\u0432\u0448\u0438\u043c \u0437\u0430 \u0441\u0432\u043e\u0431\u043e\u0434\u0443 \u041b\u0438\u0442\u0432\u044b\u00bb \u0431\u044b\u043b \u0443\u0441\u0442\u0430\u043d\u043e\u0432\u043b\u0435\u043d \u0432 1928 \u0433\u043e\u0434\u0443 \u0432 \u0446\u0435\u043d\u0442\u0440\u0435 \u0416\u044f\u043c\u0430\u0439\u0442\u044e \u041d\u0430\u0443\u043c\u0435\u0441\u0442\u0438\u0441\u0430.\u042d\u0442\u043e \u0434\u0432\u0443\u0445\u044a\u044f\u0440\u0443\u0441\u043d\u044b\u0439 \u043e\u0431\u0435\u043b\u0438\u0441\u043a (\u043a\u0430\u043c\u0435\u043d\u043d\u0430\u044f \u043a\u043b\u0430\u0434\u043a\u0430 \u0438 \u0431\u0435\u0442\u043e\u043d)<\/p>\n","protected":false},"author":1,"featured_media":32142,"parent":23278,"menu_order":99,"comment_status":"closed","ping_status":"closed","template":"","meta":{"_acf_changed":false,"_monsterinsights_skip_tracking":false,"_monsterinsights_sitenote_active":false,"_monsterinsights_sitenote_note":"","_monsterinsights_sitenote_category":0,"footnotes":""},"class_list":["post-43836","page","type-page","status-publish","has-post-thumbnail","hentry"],"acf":[],"_links":{"self":[{"href":"https:\/\/siluteinfo.lt\/ru\/wp-json\/wp\/v2\/pages\/43836","targetHints":{"allow":["GET"]}}],"collection":[{"href":"https:\/\/siluteinfo.lt\/ru\/wp-json\/wp\/v2\/pages"}],"about":[{"href":"https:\/\/siluteinfo.lt\/ru\/wp-json\/wp\/v2\/types\/page"}],"author":[{"embeddable":true,"href":"https:\/\/siluteinfo.lt\/ru\/wp-json\/wp\/v2\/users\/1"}],"replies":[{"embeddable":true,"href":"https:\/\/siluteinfo.lt\/ru\/wp-json\/wp\/v2\/comments?post=43836"}],"version-history":[{"count":0,"href":"https:\/\/siluteinfo.lt\/ru\/wp-json\/wp\/v2\/pages\/43836\/revisions"}],"up":[{"embeddable":true,"href":"https:\/\/siluteinfo.lt\/ru\/wp-json\/wp\/v2\/pages\/23278"}],"wp:featuredmedia":[{"embeddable":true,"href":"https:\/\/siluteinfo.lt\/ru\/wp-json\/wp\/v2\/media\/32142"}],"wp:attachment":[{"href":"https:\/\/siluteinfo.lt\/ru\/wp-json\/wp\/v2\/media?parent=43836"}],"curies":[{"name":"wp","href":"https:\/\/api.w.org\/{rel}","templated":true}]}}