{"id":43826,"date":"2022-05-26T06:07:56","date_gmt":"2022-05-26T04:07:56","guid":{"rendered":"https:\/\/siluteinfo.lt\/dosug\/mesta-dlia-poseshchenija\/rynok-zemaiciu-naumiestis\/"},"modified":"2025-06-18T20:51:46","modified_gmt":"2025-06-18T18:51:46","slug":"rynok-zemaiciu-naumiestis","status":"publish","type":"page","link":"https:\/\/siluteinfo.lt\/ru\/dosug\/mesta-dlia-poseshchenija\/rynok-zemaiciu-naumiestis\/","title":{"rendered":"\u0420\u044b\u043d\u043e\u0447\u043d\u0430\u044f \u043f\u043b\u043e\u0449\u0430\u0434\u044c \u0416\u044f\u043c\u0430\u0439\u0442\u044e \u041d\u0430\u0443\u043c\u0435\u0441\u0442\u0438\u0441\u0430"},"content":{"rendered":"\t\t<div data-elementor-type=\"wp-page\" data-elementor-id=\"43826\" class=\"elementor elementor-43826 elementor-11315\" data-elementor-post-type=\"page\">\n\t\t\t\t<div class=\"wd-negative-gap elementor-element elementor-element-fd4d6e2 e-flex e-con-boxed e-con e-parent\" data-id=\"fd4d6e2\" data-element_type=\"container\" data-e-type=\"container\">\n\t\t\t\t\t<div class=\"e-con-inner\">\n\t\t<div class=\"elementor-element elementor-element-10f959f e-con-full e-flex e-con e-child\" data-id=\"10f959f\" data-element_type=\"container\" data-e-type=\"container\">\n\t\t\t\t<div class=\"elementor-element elementor-element-e6ec241 elementor-widget elementor-widget-theme-post-featured-image elementor-widget-image\" data-id=\"e6ec241\" data-element_type=\"widget\" data-e-type=\"widget\" data-widget_type=\"theme-post-featured-image.default\">\n\t\t\t\t<div class=\"elementor-widget-container\">\n\t\t\t\t\t\t\t\t\t\t\t\t\t\t\t<img loading=\"lazy\" decoding=\"async\" width=\"1200\" height=\"800\" src=\"https:\/\/siluteinfo.lt\/wp-content\/themes\/woodmart\/images\/lazy.svg\" data-src=\"https:\/\/siluteinfo.lt\/wp-content\/uploads\/2025\/06\/lankomi-zemaiciu-naumiescio-turgaus-aikste.jpg\" class=\" wd-lazy-blur attachment-full size-full wp-image-43557\" alt=\"Turgaus aik\u0161t\u0117 \u017demai\u010di\u0173 Naumiestyje\" srcset=\"\" data-srcset=\"https:\/\/siluteinfo.lt\/wp-content\/uploads\/2025\/06\/lankomi-zemaiciu-naumiescio-turgaus-aikste.jpg 1200w, https:\/\/siluteinfo.lt\/wp-content\/uploads\/2025\/06\/lankomi-zemaiciu-naumiescio-turgaus-aikste-800x533.jpg 800w, https:\/\/siluteinfo.lt\/wp-content\/uploads\/2025\/06\/lankomi-zemaiciu-naumiescio-turgaus-aikste-768x512.jpg 768w\" sizes=\"auto, (max-width: 1200px) 100vw, 1200px\" \/>\t\t\t\t\t\t\t\t\t\t\t\t\t\t\t<\/div>\n\t\t\t\t<\/div>\n\t\t\t\t<\/div>\n\t\t<div class=\"elementor-element elementor-element-a445a0a e-con-full e-flex e-con e-child\" data-id=\"a445a0a\" data-element_type=\"container\" data-e-type=\"container\">\n\t\t\t\t<div class=\"elementor-element elementor-element-e4e3e14 color-scheme-inherit text-left elementor-widget elementor-widget-text-editor\" data-id=\"e4e3e14\" data-element_type=\"widget\" data-e-type=\"widget\" data-widget_type=\"text-editor.default\">\n\t\t\t\t<div class=\"elementor-widget-container\">\n\t\t\t\t\t\t\t\t\t<div dir=\"auto\" style=\"font-style: normal; font-variant-ligatures: normal; font-variant-caps: normal; font-weight: 400; font-family: Jost, Arial, Helvetica, sans-serif; font-size: 16px; white-space: normal; text-align: justify;\"><div dir=\"auto\" style=\"font-style: normal; font-variant-ligatures: normal; font-variant-caps: normal; font-weight: 400; font-family: Jost, Arial, Helvetica, sans-serif; font-size: 16px; white-space: normal; text-align: justify;\"><div dir=\"auto\" style=\"font-style: normal; font-variant-ligatures: normal; font-variant-caps: normal; font-weight: 400; font-family: Jost, Arial, Helvetica, sans-serif; font-size: 16px; white-space: normal; text-align: justify;\"><div dir=\"auto\" style=\"font-style: normal; font-variant-ligatures: normal; font-variant-caps: normal; font-weight: 400; font-family: Jost, Arial, Helvetica, sans-serif; font-size: 16px; white-space: normal; text-align: justify;\"><div dir=\"auto\" style=\"font-style: normal; font-variant-ligatures: normal; font-variant-caps: normal; font-weight: 400; font-family: Jost, Arial, Helvetica, sans-serif; font-size: 16px; white-space: normal; text-align: justify;\"><div dir=\"auto\" style=\"font-style: normal; font-variant-ligatures: normal; font-variant-caps: normal; font-weight: 400; font-family: Jost, Arial, Helvetica, sans-serif; font-size: 16px; white-space: normal; text-align: justify;\"><div dir=\"auto\" style=\"font-style: normal; font-variant-ligatures: normal; font-variant-caps: normal; font-weight: 400; font-family: Jost, Arial, Helvetica, sans-serif; font-size: 16px; white-space: normal; text-align: justify;\"><p style=\"text-align: left;\">\u0420\u044b\u043d\u043e\u0447\u043d\u0430\u044f \u043f\u043b\u043e\u0449\u0430\u0434\u044c \u0416\u044f\u043c\u0430\u0439\u0442\u044e \u041d\u0430\u0443\u043c\u0435\u0441\u0442\u0438\u0441\u0430 \u2014 \u044d\u0442\u043e \u0443\u0447\u0430\u0441\u0442\u043e\u043a \u043d\u0435\u043f\u0440\u0430\u0432\u0438\u043b\u044c\u043d\u043e\u0439 \u0442\u0440\u0435\u0443\u0433\u043e\u043b\u044c\u043d\u043e\u0439 \u0444\u043e\u0440\u043c\u044b \u0434\u043b\u0438\u043d\u043e\u0439 \u043e\u043a\u043e\u043b\u043e \u043f\u043e\u043b\u0443\u043a\u0438\u043b\u043e\u043c\u0435\u0442\u0440\u0430 \u0438 \u043f\u043b\u043e\u0449\u0430\u0434\u044c\u044e \u043e\u043a\u043e\u043b\u043e \u043e\u0434\u043d\u043e\u0433\u043e \u0433\u0435\u043a\u0442\u0430\u0440\u0430, \u0432\u044b\u043c\u043e\u0449\u0435\u043d\u043d\u044b\u0439 \u043a\u0430\u043c\u043d\u0435\u043c \u0438 \u0437\u0430\u0441\u0442\u0440\u043e\u0435\u043d\u043d\u044b\u0439 \u043a\u0438\u0440\u043f\u0438\u0447\u043d\u044b\u043c\u0438 \u0438 \u0434\u0435\u0440\u0435\u0432\u044f\u043d\u043d\u044b\u043c\u0438 \u0437\u0434\u0430\u043d\u0438\u044f\u043c\u0438.<br>\u0412 1928 \u0433\u043e\u0434\u0443 \u043d\u0430 \u043e\u0441\u0442\u0440\u043e\u043c \u0443\u0433\u043b\u0443 \u043f\u043b\u043e\u0449\u0430\u0434\u0438 \u043c\u0430\u0441\u0442\u0435\u0440, \u043a\u043d\u0438\u0433\u043e\u043d\u043e\u0448\u0430 \u0438 \u0441\u0442\u043e\u043b\u044f\u0440 \u0414\u043e\u043c\u0438\u043d\u0438\u043d\u043a\u0430\u0441 \u041c\u0430\u0440\u043a\u0432\u0430\u043b\u0434\u0430\u0441 \u0443\u0441\u0442\u0430\u043d\u043e\u0432\u0438\u043b \u043f\u0430\u043c\u044f\u0442\u043d\u0438\u043a \u0432 \u0447\u0435\u0441\u0442\u044c 10-\u043b\u0435\u0442\u0438\u044f \u043d\u0435\u0437\u0430\u0432\u0438\u0441\u0438\u043c\u043e\u0441\u0442\u0438 \u041b\u0438\u0442\u0432\u044b. <br>\u041d\u0430 \u043f\u043e\u0432\u0441\u0435\u0434\u043d\u0435\u0432\u043d\u0443\u044e \u0436\u0438\u0437\u043d\u044c \u0436\u0438\u0442\u0435\u043b\u0435\u0439 \u0441\u0438\u043b\u044c\u043d\u043e \u0432\u043b\u0438\u044f\u043b\u0430 \u0431\u043b\u0438\u0437\u043a\u0430\u044f \u0433\u0440\u0430\u043d\u0438\u0446\u0430 \u043c\u0435\u0436\u0434\u0443 \u041c\u0430\u043b\u043e\u0439 \u0438 \u0412\u0435\u043b\u0438\u043a\u043e\u0439 \u041b\u0438\u0442\u0432\u043e\u0439.<br>\u0416\u044f\u043c\u0430\u0439\u0442\u044e \u041d\u0430\u0443\u043c\u0435\u0441\u0442\u0438\u0441 \u043a\u0430\u043a \u043f\u043e\u0433\u0440\u0430\u043d\u0438\u0447\u043d\u044b\u0439 \u0433\u043e\u0440\u043e\u0434 \u043e\u0442\u043b\u0438\u0447\u0430\u043b\u0441\u044f \u043c\u043d\u043e\u0433\u043e\u043d\u0430\u0446\u0438\u043e\u043d\u0430\u043b\u044c\u043d\u043e\u0439 \u043a\u0443\u043b\u044c\u0442\u0443\u0440\u043d\u043e\u0439 \u0430\u0442\u043c\u043e\u0441\u0444\u0435\u0440\u043e\u0439.<br>\u0414\u043e \u0441\u0438\u0445 \u043f\u043e\u0440 \u0432 \u0433\u043e\u0440\u043e\u0434\u043a\u0435 \u0441\u043e\u0445\u0440\u0430\u043d\u0438\u043b\u0438\u0441\u044c \u0442\u0440\u0438 \u0445\u0440\u0430\u043c\u0430: \u0435\u0432\u0430\u043d\u0433\u0435\u043b\u0438\u0447\u0435\u0441\u043a\u043e-\u043b\u044e\u0442\u0435\u0440\u0430\u043d\u0441\u043a\u0430\u044f \u0446\u0435\u0440\u043a\u043e\u0432\u044c (1842 \u0433.), \u043a\u0430\u0442\u043e\u043b\u0438\u0447\u0435\u0441\u043a\u0430\u044f \u0446\u0435\u0440\u043a\u043e\u0432\u044c (1782 \u0433.) \u0438 \u0441\u0438\u043d\u0430\u0433\u043e\u0433\u0430 (1816 \u0433.).  <br>\u041c\u043e\u0449\u0451\u043d\u0430\u044f \u043a\u0430\u043c\u043d\u0435\u043c \u0440\u044b\u043d\u043e\u0447\u043d\u0430\u044f \u043f\u043b\u043e\u0449\u0430\u0434\u044c, \u043f\u043e\u0447\u0442\u0438 \u043d\u0435 \u0438\u0437\u043c\u0435\u043d\u0438\u0432\u0448\u0430\u044f\u0441\u044f \u0441 \u043d\u0430\u0447\u0430\u043b\u0430 XIX \u0432\u0435\u043a\u0430, \u043d\u0430\u043f\u043e\u043c\u0438\u043d\u0430\u0435\u0442 \u043e \u0436\u0438\u0437\u043d\u0438 \u043c\u043d\u043e\u0433\u043e\u043d\u0430\u0446\u0438\u043e\u043d\u0430\u043b\u044c\u043d\u043e\u0433\u043e \u0433\u043e\u0440\u043e\u0434\u043a\u0430.<br>\u041e\u043a\u0440\u0443\u0436\u0430\u044e\u0449\u0438\u0435 \u0434\u043e\u043c\u0430 \u0441\u043b\u0443\u0436\u0430\u0442 \u0436\u0438\u0432\u044b\u043c\u0438 \u044d\u043a\u0441\u043f\u043e\u043d\u0430\u0442\u0430\u043c\u0438: \u043a\u043e\u0433\u0434\u0430-\u0442\u043e \u0437\u0434\u0435\u0441\u044c \u0431\u044b\u043b\u0438 \u043c\u0430\u0433\u0430\u0437\u0438\u043d\u044b, \u0442\u0440\u0430\u043a\u0442\u0438\u0440\u044b \u0438 \u043c\u0430\u0441\u0442\u0435\u0440\u0441\u043a\u0438\u0435 \u0435\u0432\u0440\u0435\u0435\u0432, \u043b\u0438\u0442\u043e\u0432\u0446\u0435\u0432 \u0438 \u043b\u0438\u0442\u043e\u0432\u0438\u043d\u043d\u0438\u043a\u043e\u0432.   <br>\u041c\u0435\u0441\u0442\u043d\u044b\u0439 \u043c\u0443\u0437\u0435\u0439 \u043f\u043e\u0441\u0432\u044f\u0449\u0451\u043d \u0441\u043e\u0445\u0440\u0430\u043d\u0435\u043d\u0438\u044e \u0438\u0441\u0442\u043e\u0440\u0438\u0438 \u044d\u0442\u043e\u0433\u043e \u043f\u043e\u0433\u0440\u0430\u043d\u0438\u0447\u043d\u043e\u0433\u043e \u043c\u043d\u043e\u0433\u043e\u043d\u0430\u0446\u0438\u043e\u043d\u0430\u043b\u044c\u043d\u043e\u0433\u043e \u0433\u043e\u0440\u043e\u0434\u043a\u0430.<\/p><\/div><\/div><\/div><\/div><\/div><\/div><\/div>\t\t\t\t\t\t\t\t<\/div>\n\t\t\t\t<\/div>\n\t\t\t\t<\/div>\n\t\t<div class=\"elementor-element elementor-element-ad201fd e-con-full e-flex e-con e-child\" data-id=\"ad201fd\" data-element_type=\"container\" data-e-type=\"container\">\n\t\t\t\t<div class=\"elementor-element elementor-element-507df43 elementor-widget elementor-widget-shortcode\" data-id=\"507df43\" data-element_type=\"widget\" data-e-type=\"widget\" data-widget_type=\"shortcode.default\">\n\t\t\t\t<div class=\"elementor-widget-container\">\n\t\t\t\t\t\t\t<div class=\"elementor-shortcode\">\t\t<div id=\"maps-marker-pro-e4045d9e\" class=\"maps-marker-pro mmp-list-below\" style=\"width: 100%;\">\n\t\t\t<div id=\"mmp-map-wrap-e4045d9e\" class=\"mmp-map-wrap\">\n\t\t\t\t\t\t\t\t\t<div id=\"mmp-panel-e4045d9e\" class=\"mmp-panel\"><\/div>\n\t\t\t\t\t\t\t\t<div id=\"mmp-map-e4045d9e\" class=\"mmp-map\" style=\"height: 500px;\"><\/div>\n\t\t\t\t\t\t\t<\/div>\n\t\t\t\t\t\t\t<div id=\"mmp-list-e4045d9e\" class=\"mmp-list\" style=\"flex-basis: 400px;\"><\/div>\n\t\t\t\t\t<\/div>\n\t\t<\/div>\n\t\t\t\t\t\t<\/div>\n\t\t\t\t<\/div>\n\t\t\t\t<\/div>\n\t\t\t\t\t<\/div>\n\t\t\t\t<\/div>\n\t\t\t\t<\/div>\n\t\t","protected":false},"excerpt":{"rendered":"<p>\u0420\u044b\u043d\u043e\u0447\u043d\u0430\u044f \u043f\u043b\u043e\u0449\u0430\u0434\u044c \u0416\u044f\u043c\u0430\u0439\u0442\u044e \u041d\u0430\u0443\u043c\u0435\u0441\u0442\u0438\u0441\u0430 \u2014 \u044d\u0442\u043e \u0443\u0447\u0430\u0441\u0442\u043e\u043a \u043d\u0435\u043f\u0440\u0430\u0432\u0438\u043b\u044c\u043d\u043e\u0439 \u0442\u0440\u0435\u0443\u0433\u043e\u043b\u044c\u043d\u043e\u0439 \u0444\u043e\u0440\u043c\u044b \u0434\u043b\u0438\u043d\u043e\u0439 \u043e\u043a\u043e\u043b\u043e \u043f\u043e\u043b\u0443\u043a\u0438\u043b\u043e\u043c\u0435\u0442\u0440\u0430 \u0438 \u043f\u043b\u043e\u0449\u0430\u0434\u044c\u044e \u043e\u043a\u043e\u043b\u043e \u043e\u0434\u043d\u043e\u0433\u043e \u0433\u0435\u043a\u0442\u0430\u0440\u0430, \u0432\u044b\u043c\u043e\u0449\u0435\u043d\u043d\u044b\u0439 \u043a\u0430\u043c\u043d\u0435\u043c<\/p>\n","protected":false},"author":1,"featured_media":43557,"parent":23278,"menu_order":98,"comment_status":"closed","ping_status":"closed","template":"","meta":{"_acf_changed":false,"_monsterinsights_skip_tracking":false,"_monsterinsights_sitenote_active":false,"_monsterinsights_sitenote_note":"","_monsterinsights_sitenote_category":0,"footnotes":""},"class_list":["post-43826","page","type-page","status-publish","has-post-thumbnail","hentry"],"acf":[],"_links":{"self":[{"href":"https:\/\/siluteinfo.lt\/ru\/wp-json\/wp\/v2\/pages\/43826","targetHints":{"allow":["GET"]}}],"collection":[{"href":"https:\/\/siluteinfo.lt\/ru\/wp-json\/wp\/v2\/pages"}],"about":[{"href":"https:\/\/siluteinfo.lt\/ru\/wp-json\/wp\/v2\/types\/page"}],"author":[{"embeddable":true,"href":"https:\/\/siluteinfo.lt\/ru\/wp-json\/wp\/v2\/users\/1"}],"replies":[{"embeddable":true,"href":"https:\/\/siluteinfo.lt\/ru\/wp-json\/wp\/v2\/comments?post=43826"}],"version-history":[{"count":0,"href":"https:\/\/siluteinfo.lt\/ru\/wp-json\/wp\/v2\/pages\/43826\/revisions"}],"up":[{"embeddable":true,"href":"https:\/\/siluteinfo.lt\/ru\/wp-json\/wp\/v2\/pages\/23278"}],"wp:featuredmedia":[{"embeddable":true,"href":"https:\/\/siluteinfo.lt\/ru\/wp-json\/wp\/v2\/media\/43557"}],"wp:attachment":[{"href":"https:\/\/siluteinfo.lt\/ru\/wp-json\/wp\/v2\/media?parent=43826"}],"curies":[{"name":"wp","href":"https:\/\/api.w.org\/{rel}","templated":true}]}}