{"id":43806,"date":"2022-05-26T06:05:04","date_gmt":"2022-05-26T04:05:04","guid":{"rendered":"https:\/\/siluteinfo.lt\/dosug\/mesta-dlia-poseshchenija\/cerkov-mihaila-arhangela-naumiestis\/"},"modified":"2025-06-18T20:36:12","modified_gmt":"2025-06-18T18:36:12","slug":"cerkov-mihaila-arhangela-naumiestis","status":"publish","type":"page","link":"https:\/\/siluteinfo.lt\/ru\/dosug\/mesta-dlia-poseshchenija\/cerkov-mihaila-arhangela-naumiestis\/","title":{"rendered":"\u0426\u0435\u0440\u043a\u043e\u0432\u044c \u0421\u0432\u044f\u0442\u043e\u0433\u043e \u0410\u0440\u0445\u0430\u043d\u0433\u0435\u043b\u0430 \u041c\u0438\u0445\u0430\u0438\u043b\u0430 \u0432 \u0416\u044f\u043c\u0430\u0439\u0442\u044e \u041d\u0430\u0443\u043c\u0435\u0441\u0442\u0438\u0441\u0435"},"content":{"rendered":"\t\t<div data-elementor-type=\"wp-page\" data-elementor-id=\"43806\" class=\"elementor elementor-43806 elementor-11307\" data-elementor-post-type=\"page\">\n\t\t\t\t<div class=\"wd-negative-gap elementor-element elementor-element-6145478 e-flex e-con-boxed e-con e-parent\" data-id=\"6145478\" data-element_type=\"container\" data-e-type=\"container\">\n\t\t\t\t\t<div class=\"e-con-inner\">\n\t\t<div class=\"elementor-element elementor-element-443ff6b e-con-full e-flex e-con e-child\" data-id=\"443ff6b\" data-element_type=\"container\" data-e-type=\"container\">\n\t\t\t\t<div class=\"elementor-element elementor-element-4fdf32d elementor-widget elementor-widget-theme-post-featured-image elementor-widget-image\" data-id=\"4fdf32d\" data-element_type=\"widget\" data-e-type=\"widget\" data-widget_type=\"theme-post-featured-image.default\">\n\t\t\t\t<div class=\"elementor-widget-container\">\n\t\t\t\t\t\t\t\t\t\t\t\t\t\t\t<img loading=\"lazy\" decoding=\"async\" width=\"1200\" height=\"800\" src=\"https:\/\/siluteinfo.lt\/wp-content\/themes\/woodmart\/images\/lazy.svg\" data-src=\"https:\/\/siluteinfo.lt\/wp-content\/uploads\/2025\/06\/lankomi-zemaiciu-naumiescio-sv-arkangelo-mykolo-baznycia.jpg\" class=\" wd-lazy-blur attachment-full size-full wp-image-43564\" alt=\"\u0160v. arkangelo Mykolo ba\u017eny\u010dia \u017demai\u010di\u0173 Naumiestyje\" srcset=\"\" data-srcset=\"https:\/\/siluteinfo.lt\/wp-content\/uploads\/2025\/06\/lankomi-zemaiciu-naumiescio-sv-arkangelo-mykolo-baznycia.jpg 1200w, https:\/\/siluteinfo.lt\/wp-content\/uploads\/2025\/06\/lankomi-zemaiciu-naumiescio-sv-arkangelo-mykolo-baznycia-800x533.jpg 800w, https:\/\/siluteinfo.lt\/wp-content\/uploads\/2025\/06\/lankomi-zemaiciu-naumiescio-sv-arkangelo-mykolo-baznycia-768x512.jpg 768w\" sizes=\"auto, (max-width: 1200px) 100vw, 1200px\" \/>\t\t\t\t\t\t\t\t\t\t\t\t\t\t\t<\/div>\n\t\t\t\t<\/div>\n\t\t\t\t<\/div>\n\t\t<div class=\"elementor-element elementor-element-eee8a5c e-con-full e-flex e-con e-child\" data-id=\"eee8a5c\" data-element_type=\"container\" data-e-type=\"container\">\n\t\t\t\t<div class=\"elementor-element elementor-element-478f89c color-scheme-inherit text-left elementor-widget elementor-widget-text-editor\" data-id=\"478f89c\" data-element_type=\"widget\" data-e-type=\"widget\" data-widget_type=\"text-editor.default\">\n\t\t\t\t<div class=\"elementor-widget-container\">\n\t\t\t\t\t\t\t\t\t<div dir=\"auto\" style=\"font-style: normal; font-variant-ligatures: normal; font-variant-caps: normal; font-weight: 400; font-family: Jost, Arial, Helvetica, sans-serif; font-size: 16px; white-space: normal; text-align: justify;\"><div dir=\"auto\" style=\"font-style: normal; font-variant-ligatures: normal; font-variant-caps: normal; font-weight: 400; font-family: Jost, Arial, Helvetica, sans-serif; font-size: 16px; white-space: normal; text-align: justify;\"><div dir=\"auto\" style=\"font-style: normal; font-variant-ligatures: normal; font-variant-caps: normal; font-weight: 400; font-family: Jost, Arial, Helvetica, sans-serif; font-size: 16px; white-space: normal; text-align: justify;\"><div dir=\"auto\" style=\"font-style: normal; font-variant-ligatures: normal; font-variant-caps: normal; font-weight: 400; font-family: Jost, Arial, Helvetica, sans-serif; font-size: 16px; white-space: normal; text-align: justify;\"><div dir=\"auto\" style=\"font-style: normal; font-variant-ligatures: normal; font-variant-caps: normal; font-weight: 400; font-family: Jost, Arial, Helvetica, sans-serif; font-size: 16px; white-space: normal; text-align: justify;\"><div dir=\"auto\" style=\"font-style: normal; font-variant-ligatures: normal; font-variant-caps: normal; font-weight: 400; font-family: Jost, Arial, Helvetica, sans-serif; font-size: 16px; white-space: normal; text-align: justify;\"><div dir=\"auto\" style=\"font-style: normal; font-variant-ligatures: normal; font-variant-caps: normal; font-weight: 400; font-family: Jost, Arial, Helvetica, sans-serif; font-size: 16px; white-space: normal; text-align: justify;\"><p style=\"text-align: left;\">\u0420\u0438\u043c\u0441\u043a\u043e-\u043a\u0430\u0442\u043e\u043b\u0438\u0447\u0435\u0441\u043a\u0430\u044f \u0446\u0435\u0440\u043a\u043e\u0432\u044c \u0421\u0432\u044f\u0442\u043e\u0433\u043e \u0410\u0440\u0445\u0430\u043d\u0433\u0435\u043b\u0430 \u041c\u0438\u0445\u0430\u0438\u043b\u0430 \u0432 \u0416\u044f\u043c\u0430\u0439\u0442\u044e \u041d\u0430\u0443\u043c\u0435\u0441\u0442\u0438\u0441\u0435 \u0431\u044b\u043b\u0430 \u043f\u043e\u0441\u0442\u0440\u043e\u0435\u043d\u0430 \u0432 1782 \u0433\u043e\u0434\u0443 \u043f\u043e \u0438\u043d\u0438\u0446\u0438\u0430\u0442\u0438\u0432\u0435 \u0432\u043b\u0430\u0434\u0435\u043b\u044c\u0446\u0430 \u0433\u043e\u0440\u043e\u0434\u043a\u0430 \u041c\u0438\u043a\u043e\u043b\u0430\u0441\u0430 \u0420\u043e\u043d\u0438\u043a\u0435\u0440\u0430.<br>\u0412 1790 \u0433\u043e\u0434\u0443 \u0435\u0451 \u043e\u0441\u0432\u044f\u0442\u0438\u043b \u0441\u0430\u043c\u043e\u0433\u0438\u0442\u0441\u043a\u0438\u0439 \u0435\u043f\u0438\u0441\u043a\u043e\u043f \u042e\u043e\u0437\u0430\u043f\u0430\u0441 \u041a\u043e\u0448\u0447\u0430, \u0434\u0430\u0432 \u0435\u0439 \u0438\u043c\u044f \u0421\u0432\u044f\u0442\u043e\u0433\u043e \u041c\u0438\u0445\u0430\u0438\u043b\u0430 \u0410\u0440\u0445\u0430\u043d\u0433\u0435\u043b\u0430 \u0432 \u0447\u0435\u0441\u0442\u044c \u043e\u0441\u043d\u043e\u0432\u0430\u0442\u0435\u043b\u044f.<br>\u0426\u0435\u0440\u043a\u043e\u0432\u044c \u0440\u0430\u0441\u043f\u043e\u043b\u043e\u0436\u0435\u043d\u0430 \u043d\u0430 \u0445\u043e\u043b\u043c\u0435 \u0412\u0430\u043d\u0430\u0433\u044f\u0439, \u0442\u0430\u043a\u0436\u0435 \u043d\u0430\u0437\u044b\u0432\u0430\u0435\u043c\u043e\u043c \u0417\u0435\u043b\u0451\u043d\u044b\u043c \u0445\u043e\u043b\u043c\u043e\u043c, \u0432\u043d\u0435\u0441\u0451\u043d\u043d\u043e\u043c \u0432 \u0440\u0435\u0435\u0441\u0442\u0440 \u0430\u0440\u0445\u0435\u043e\u043b\u043e\u0433\u0438\u0447\u0435\u0441\u043a\u0438\u0445 \u043f\u0430\u043c\u044f\u0442\u043d\u0438\u043a\u043e\u0432.     <br>\u042d\u0442\u043e \u0434\u0435\u0440\u0435\u0432\u044f\u043d\u043d\u0430\u044f \u0446\u0435\u0440\u043a\u043e\u0432\u044c \u043d\u0430\u0440\u043e\u0434\u043d\u043e\u0439 \u0430\u0440\u0445\u0438\u0442\u0435\u043a\u0442\u0443\u0440\u044b \u0441 \u044d\u043b\u0435\u043c\u0435\u043d\u0442\u0430\u043c\u0438 \u043d\u0435\u043e\u0433\u043e\u0442\u0438\u043a\u0438.<br>\u041f\u043b\u0430\u043d \u0437\u0434\u0430\u043d\u0438\u044f \u2014 \u043a\u0440\u0435\u0441\u0442\u043e\u043e\u0431\u0440\u0430\u0437\u043d\u044b\u0439, \u0441 \u043d\u0435\u0431\u043e\u043b\u044c\u0448\u043e\u0439 \u0431\u0430\u0448\u0435\u043d\u043a\u043e\u0439 \u043d\u0430 \u043f\u0435\u0440\u0435\u0441\u0435\u0447\u0435\u043d\u0438\u0438 \u043a\u0440\u044b\u0448\u0438.<br>\u0412\u043d\u0443\u0442\u0440\u0438 \u2014 \u0441\u0442\u0430\u0440\u0438\u043d\u043d\u044b\u0435 \u043a\u0430\u0440\u0442\u0438\u043d\u044b, \u043e\u0440\u0433\u0430\u043d, \u0442\u0440\u0438 \u0430\u043b\u0442\u0430\u0440\u044f, \u043a\u0430\u0444\u0435\u0434\u0440\u0430, \u0434\u0432\u0430 \u043a\u043e\u0432\u0430\u043d\u044b\u0445 \u043a\u0440\u0435\u0441\u0442\u0430 XIX \u0432\u0435\u043a\u0430, \u0434\u0435\u0440\u0435\u0432\u044f\u043d\u043d\u0430\u044f \u0441\u043a\u0443\u043b\u044c\u043f\u0442\u0443\u0440\u0430 \u0420\u0430\u0441\u043f\u044f\u0442\u043e\u0433\u043e \u0425\u0440\u0438\u0441\u0442\u0430 \u043d\u0430\u0447\u0430\u043b\u0430 XX \u0432\u0435\u043a\u0430.<br>\u041d\u0430 \u0442\u0435\u0440\u0440\u0438\u0442\u043e\u0440\u0438\u0438 \u0446\u0435\u0440\u043a\u0432\u0438 \u0432 1890 \u0433\u043e\u0434\u0443 \u0443\u0441\u0442\u0430\u043d\u043e\u0432\u043b\u0435\u043d \u0434\u0435\u0440\u0435\u0432\u044f\u043d\u043d\u044b\u0439 \u0441\u0442\u043e\u043b\u0431\u0438\u043a \u0441 \u0443\u043a\u0440\u0430\u0448\u0435\u043d\u043d\u044b\u043c \u0436\u0435\u043b\u0435\u0437\u043d\u044b\u043c \u043a\u0440\u0435\u0441\u0442\u043e\u043c.<br>\u0412 \u0446\u0435\u0440\u043a\u0432\u0438 \u0435\u0441\u0442\u044c \u0442\u0440\u0438 \u0434\u0435\u0440\u0435\u0432\u044f\u043d\u043d\u044b\u0435 \u0441\u043a\u0443\u043b\u044c\u043f\u0442\u0443\u0440\u044b \u043d\u0430\u0447\u0430\u043b\u0430 XX \u0432\u0435\u043a\u0430: \u0425\u0440\u0438\u0441\u0442\u043e\u0441 \u0443 \u0441\u0442\u043e\u043b\u0431\u0430, \u0420\u0430\u0441\u043f\u044f\u0442\u044b\u0439 \u0418\u0438\u0441\u0443\u0441 \u0438 \u0418\u0438\u0441\u0443\u0441 \u041d\u0430\u0437\u0430\u0440\u044f\u043d\u0438\u043d.<br>\u0412 2006 \u0433\u043e\u0434\u0443 \u043f\u0440\u0438\u0445\u043e\u0434 \u043f\u0440\u0438\u043e\u0431\u0440\u0451\u043b \u043d\u043e\u0432\u044b\u0439 \u043a\u043e\u043b\u043e\u043a\u043e\u043b.           <\/p><\/div><\/div><\/div><\/div><\/div><\/div><\/div>\t\t\t\t\t\t\t\t<\/div>\n\t\t\t\t<\/div>\n\t\t\t\t<\/div>\n\t\t<div class=\"elementor-element elementor-element-dc03cae e-con-full e-flex e-con e-child\" data-id=\"dc03cae\" data-element_type=\"container\" data-e-type=\"container\">\n\t\t\t\t<div class=\"elementor-element elementor-element-9771be1 elementor-widget elementor-widget-shortcode\" data-id=\"9771be1\" data-element_type=\"widget\" data-e-type=\"widget\" data-widget_type=\"shortcode.default\">\n\t\t\t\t<div class=\"elementor-widget-container\">\n\t\t\t\t\t\t\t<div class=\"elementor-shortcode\">\t\t<div id=\"maps-marker-pro-2f8f3529\" class=\"maps-marker-pro mmp-list-below\" style=\"width: 100%;\">\n\t\t\t<div id=\"mmp-map-wrap-2f8f3529\" class=\"mmp-map-wrap\">\n\t\t\t\t\t\t\t\t\t<div id=\"mmp-panel-2f8f3529\" class=\"mmp-panel\"><\/div>\n\t\t\t\t\t\t\t\t<div id=\"mmp-map-2f8f3529\" class=\"mmp-map\" style=\"height: 500px;\"><\/div>\n\t\t\t\t\t\t\t<\/div>\n\t\t\t\t\t\t\t<div id=\"mmp-list-2f8f3529\" class=\"mmp-list\" style=\"flex-basis: 400px;\"><\/div>\n\t\t\t\t\t<\/div>\n\t\t<\/div>\n\t\t\t\t\t\t<\/div>\n\t\t\t\t<\/div>\n\t\t\t\t<\/div>\n\t\t\t\t\t<\/div>\n\t\t\t\t<\/div>\n\t\t\t\t<\/div>\n\t\t","protected":false},"excerpt":{"rendered":"<p>\u0420\u0438\u043c\u0441\u043a\u043e-\u043a\u0430\u0442\u043e\u043b\u0438\u0447\u0435\u0441\u043a\u0430\u044f \u0446\u0435\u0440\u043a\u043e\u0432\u044c \u0421\u0432\u044f\u0442\u043e\u0433\u043e \u0410\u0440\u0445\u0430\u043d\u0433\u0435\u043b\u0430 \u041c\u0438\u0445\u0430\u0438\u043b\u0430 \u0432 \u0416\u044f\u043c\u0430\u0439\u0442\u044e \u041d\u0430\u0443\u043c\u0435\u0441\u0442\u0438\u0441\u0435 \u0431\u044b\u043b\u0430 \u043f\u043e\u0441\u0442\u0440\u043e\u0435\u043d\u0430 \u0432 1782 \u0433\u043e\u0434\u0443 \u043f\u043e \u0438\u043d\u0438\u0446\u0438\u0430\u0442\u0438\u0432\u0435 \u0432\u043b\u0430\u0434\u0435\u043b\u044c\u0446\u0430 \u0433\u043e\u0440\u043e\u0434\u043a\u0430 \u041c\u0438\u043a\u043e\u043b\u0430\u0441\u0430 \u0420\u043e\u043d\u0438\u043a\u0435\u0440\u0430.\u0412 1790<\/p>\n","protected":false},"author":1,"featured_media":43564,"parent":23278,"menu_order":96,"comment_status":"closed","ping_status":"closed","template":"","meta":{"_acf_changed":false,"_monsterinsights_skip_tracking":false,"_monsterinsights_sitenote_active":false,"_monsterinsights_sitenote_note":"","_monsterinsights_sitenote_category":0,"footnotes":""},"class_list":["post-43806","page","type-page","status-publish","has-post-thumbnail","hentry"],"acf":[],"_links":{"self":[{"href":"https:\/\/siluteinfo.lt\/ru\/wp-json\/wp\/v2\/pages\/43806","targetHints":{"allow":["GET"]}}],"collection":[{"href":"https:\/\/siluteinfo.lt\/ru\/wp-json\/wp\/v2\/pages"}],"about":[{"href":"https:\/\/siluteinfo.lt\/ru\/wp-json\/wp\/v2\/types\/page"}],"author":[{"embeddable":true,"href":"https:\/\/siluteinfo.lt\/ru\/wp-json\/wp\/v2\/users\/1"}],"replies":[{"embeddable":true,"href":"https:\/\/siluteinfo.lt\/ru\/wp-json\/wp\/v2\/comments?post=43806"}],"version-history":[{"count":0,"href":"https:\/\/siluteinfo.lt\/ru\/wp-json\/wp\/v2\/pages\/43806\/revisions"}],"up":[{"embeddable":true,"href":"https:\/\/siluteinfo.lt\/ru\/wp-json\/wp\/v2\/pages\/23278"}],"wp:featuredmedia":[{"embeddable":true,"href":"https:\/\/siluteinfo.lt\/ru\/wp-json\/wp\/v2\/media\/43564"}],"wp:attachment":[{"href":"https:\/\/siluteinfo.lt\/ru\/wp-json\/wp\/v2\/media?parent=43806"}],"curies":[{"name":"wp","href":"https:\/\/api.w.org\/{rel}","templated":true}]}}