{"id":43782,"date":"2022-05-26T05:43:52","date_gmt":"2022-05-26T03:43:52","guid":{"rendered":"https:\/\/siluteinfo.lt\/dosug\/mesta-dlia-poseshchenija\/grota-lurd-v-inkaklyay\/"},"modified":"2025-06-18T20:24:17","modified_gmt":"2025-06-18T18:24:17","slug":"grota-lurd-v-inkaklyay","status":"publish","type":"page","link":"https:\/\/siluteinfo.lt\/ru\/dosug\/mesta-dlia-poseshchenija\/grota-lurd-v-inkaklyay\/","title":{"rendered":"\u0413\u0440\u043e\u0442\u0430 \u041b\u0443\u0440\u0434 \u0432 \u0418\u043d\u043a\u0430\u043a\u043b\u044f\u0439"},"content":{"rendered":"\t\t<div data-elementor-type=\"wp-page\" data-elementor-id=\"43782\" class=\"elementor elementor-43782 elementor-11303\" data-elementor-post-type=\"page\">\n\t\t\t\t<div class=\"wd-negative-gap elementor-element elementor-element-97b6d01 e-flex e-con-boxed e-con e-parent\" data-id=\"97b6d01\" data-element_type=\"container\" data-e-type=\"container\">\n\t\t\t\t\t<div class=\"e-con-inner\">\n\t\t<div class=\"elementor-element elementor-element-4f6dff2 e-con-full e-flex e-con e-child\" data-id=\"4f6dff2\" data-element_type=\"container\" data-e-type=\"container\">\n\t\t\t\t<div class=\"elementor-element elementor-element-f363105 elementor-widget elementor-widget-theme-post-featured-image elementor-widget-image\" data-id=\"f363105\" data-element_type=\"widget\" data-e-type=\"widget\" data-widget_type=\"theme-post-featured-image.default\">\n\t\t\t\t<div class=\"elementor-widget-container\">\n\t\t\t\t\t\t\t\t\t\t\t\t\t\t\t<img loading=\"lazy\" decoding=\"async\" width=\"1200\" height=\"800\" src=\"https:\/\/siluteinfo.lt\/wp-content\/themes\/woodmart\/images\/lazy.svg\" data-src=\"https:\/\/siluteinfo.lt\/wp-content\/uploads\/2025\/06\/lankomi-inkakliu-lurdo-grota.jpg\" class=\" wd-lazy-blur attachment-full size-full wp-image-43550\" alt=\"Lurdo grota Inkakliuose\" srcset=\"\" data-srcset=\"https:\/\/siluteinfo.lt\/wp-content\/uploads\/2025\/06\/lankomi-inkakliu-lurdo-grota.jpg 1200w, https:\/\/siluteinfo.lt\/wp-content\/uploads\/2025\/06\/lankomi-inkakliu-lurdo-grota-800x533.jpg 800w, https:\/\/siluteinfo.lt\/wp-content\/uploads\/2025\/06\/lankomi-inkakliu-lurdo-grota-768x512.jpg 768w\" sizes=\"auto, (max-width: 1200px) 100vw, 1200px\" \/>\t\t\t\t\t\t\t\t\t\t\t\t\t\t\t<\/div>\n\t\t\t\t<\/div>\n\t\t\t\t<\/div>\n\t\t<div class=\"elementor-element elementor-element-3e23bf0 e-con-full e-flex e-con e-child\" data-id=\"3e23bf0\" data-element_type=\"container\" data-e-type=\"container\">\n\t\t\t\t<div class=\"elementor-element elementor-element-f1ab9c7 color-scheme-inherit text-left elementor-widget elementor-widget-text-editor\" data-id=\"f1ab9c7\" data-element_type=\"widget\" data-e-type=\"widget\" data-widget_type=\"text-editor.default\">\n\t\t\t\t<div class=\"elementor-widget-container\">\n\t\t\t\t\t\t\t\t\t<div dir=\"auto\" style=\"font-style: normal; font-variant-ligatures: normal; font-variant-caps: normal; font-weight: 400; font-family: Jost, Arial, Helvetica, sans-serif; font-size: 16px; white-space: normal; text-align: justify;\"><div dir=\"auto\" style=\"font-style: normal; font-variant-ligatures: normal; font-variant-caps: normal; font-weight: 400; font-family: Jost, Arial, Helvetica, sans-serif; font-size: 16px; white-space: normal; text-align: justify;\"><div dir=\"auto\" style=\"font-style: normal; font-variant-ligatures: normal; font-variant-caps: normal; font-weight: 400; font-family: Jost, Arial, Helvetica, sans-serif; font-size: 16px; white-space: normal; text-align: justify;\"><div dir=\"auto\" style=\"font-style: normal; font-variant-ligatures: normal; font-variant-caps: normal; font-weight: 400; font-family: Jost, Arial, Helvetica, sans-serif; font-size: 16px; white-space: normal; text-align: justify;\"><div dir=\"auto\" style=\"font-style: normal; font-variant-ligatures: normal; font-variant-caps: normal; font-weight: 400; font-family: Jost, Arial, Helvetica, sans-serif; font-size: 16px; white-space: normal; text-align: justify;\"><div dir=\"auto\" style=\"font-style: normal; font-variant-ligatures: normal; font-variant-caps: normal; font-weight: 400; font-family: Jost, Arial, Helvetica, sans-serif; font-size: 16px; white-space: normal; text-align: justify;\"><div dir=\"auto\" style=\"font-style: normal; font-variant-ligatures: normal; font-variant-caps: normal; font-weight: 400; font-family: Jost, Arial, Helvetica, sans-serif; font-size: 16px; white-space: normal; text-align: justify;\"><p style=\"text-align: left;\">1914 m. prie kelio auk\u0161tame \u0161laite Inkakli\u0173 \u016bkininkai \u012freng\u0117 Lurdo grotos imitacij\u0105 su Marijos statula ir \u0161altin\u0117liu. Anot gyventoj\u0173, skulpt\u016bros apa\u010dioje, prie \u0160v\u010d. Mergel\u0117s Marijos koj\u0173, buvo \u012fm\u016brytas juodas Kristaus kapo uolos akmenukas, kur\u012f prelatas J. Maciejauskas parve\u017e\u0117 i\u0161 Jeruzal\u0117s. \u0160alia Lurdo yra \u0161ulinys, \u012f kur\u012f, \u017emoni\u0173 teigimu, \u012fpilta vandens i\u0161 Pranc\u016bzijos Lurdo grotos. \u0160\u012f \u0161altinio vanden\u012f \u017emon\u0117s laiko stebuklingu.<br>V\u0117liau pastatyta m\u016brin\u0117 koply\u010dia. Grota atnaujinta 1989 m.      <\/p><\/div><\/div><\/div><\/div><\/div><\/div><\/div>\t\t\t\t\t\t\t\t<\/div>\n\t\t\t\t<\/div>\n\t\t\t\t<\/div>\n\t\t<div class=\"elementor-element elementor-element-107acdb e-con-full e-flex e-con e-child\" data-id=\"107acdb\" data-element_type=\"container\" data-e-type=\"container\">\n\t\t\t\t<div class=\"elementor-element elementor-element-a75aee8 elementor-widget elementor-widget-shortcode\" data-id=\"a75aee8\" data-element_type=\"widget\" data-e-type=\"widget\" data-widget_type=\"shortcode.default\">\n\t\t\t\t<div class=\"elementor-widget-container\">\n\t\t\t\t\t\t\t<div class=\"elementor-shortcode\">\t\t<div id=\"maps-marker-pro-bdae978b\" class=\"maps-marker-pro mmp-list-below\" style=\"width: 100%;\">\n\t\t\t<div id=\"mmp-map-wrap-bdae978b\" class=\"mmp-map-wrap\">\n\t\t\t\t\t\t\t\t\t<div id=\"mmp-panel-bdae978b\" class=\"mmp-panel\"><\/div>\n\t\t\t\t\t\t\t\t<div id=\"mmp-map-bdae978b\" class=\"mmp-map\" style=\"height: 500px;\"><\/div>\n\t\t\t\t\t\t\t<\/div>\n\t\t\t\t\t\t\t<div id=\"mmp-list-bdae978b\" class=\"mmp-list\" style=\"flex-basis: 400px;\"><\/div>\n\t\t\t\t\t<\/div>\n\t\t<\/div>\n\t\t\t\t\t\t<\/div>\n\t\t\t\t<\/div>\n\t\t\t\t<\/div>\n\t\t\t\t\t<\/div>\n\t\t\t\t<\/div>\n\t\t\t\t<\/div>\n\t\t","protected":false},"excerpt":{"rendered":"<p>1914 m. prie kelio auk\u0161tame \u0161laite Inkakli\u0173 \u016bkininkai \u012freng\u0117 Lurdo grotos imitacij\u0105 su Marijos statula ir \u0161altin\u0117liu. Anot gyventoj\u0173, skulpt\u016bros<\/p>\n","protected":false},"author":1,"featured_media":43550,"parent":23278,"menu_order":94,"comment_status":"closed","ping_status":"closed","template":"","meta":{"_acf_changed":false,"_monsterinsights_skip_tracking":false,"_monsterinsights_sitenote_active":false,"_monsterinsights_sitenote_note":"","_monsterinsights_sitenote_category":0,"footnotes":""},"class_list":["post-43782","page","type-page","status-publish","has-post-thumbnail","hentry"],"acf":[],"_links":{"self":[{"href":"https:\/\/siluteinfo.lt\/ru\/wp-json\/wp\/v2\/pages\/43782","targetHints":{"allow":["GET"]}}],"collection":[{"href":"https:\/\/siluteinfo.lt\/ru\/wp-json\/wp\/v2\/pages"}],"about":[{"href":"https:\/\/siluteinfo.lt\/ru\/wp-json\/wp\/v2\/types\/page"}],"author":[{"embeddable":true,"href":"https:\/\/siluteinfo.lt\/ru\/wp-json\/wp\/v2\/users\/1"}],"replies":[{"embeddable":true,"href":"https:\/\/siluteinfo.lt\/ru\/wp-json\/wp\/v2\/comments?post=43782"}],"version-history":[{"count":0,"href":"https:\/\/siluteinfo.lt\/ru\/wp-json\/wp\/v2\/pages\/43782\/revisions"}],"up":[{"embeddable":true,"href":"https:\/\/siluteinfo.lt\/ru\/wp-json\/wp\/v2\/pages\/23278"}],"wp:featuredmedia":[{"embeddable":true,"href":"https:\/\/siluteinfo.lt\/ru\/wp-json\/wp\/v2\/media\/43550"}],"wp:attachment":[{"href":"https:\/\/siluteinfo.lt\/ru\/wp-json\/wp\/v2\/media?parent=43782"}],"curies":[{"name":"wp","href":"https:\/\/api.w.org\/{rel}","templated":true}]}}