{"id":43774,"date":"2022-05-26T05:43:10","date_gmt":"2022-05-26T03:43:10","guid":{"rendered":"https:\/\/siluteinfo.lt\/dosug\/mesta-dlia-poseshchenija\/vodyanaya-melnitsa-v-vilkenai\/"},"modified":"2025-06-18T20:19:52","modified_gmt":"2025-06-18T18:19:52","slug":"vodyanaya-melnitsa-v-vilkenai","status":"publish","type":"page","link":"https:\/\/siluteinfo.lt\/ru\/dosug\/mesta-dlia-poseshchenija\/vodyanaya-melnitsa-v-vilkenai\/","title":{"rendered":"\u0412\u043e\u0434\u044f\u043d\u0430\u044f \u043c\u0435\u043b\u044c\u043d\u0438\u0446\u0430 \u0432 \u0412\u0438\u043b\u043a\u044f\u043d\u0430\u0435"},"content":{"rendered":"\t\t<div data-elementor-type=\"wp-page\" data-elementor-id=\"43774\" class=\"elementor elementor-43774 elementor-11299\" data-elementor-post-type=\"page\">\n\t\t\t\t<div class=\"wd-negative-gap elementor-element elementor-element-954f0db e-flex e-con-boxed e-con e-parent\" data-id=\"954f0db\" data-element_type=\"container\" data-e-type=\"container\">\n\t\t\t\t\t<div class=\"e-con-inner\">\n\t\t<div class=\"elementor-element elementor-element-9c12c1b e-con-full e-flex e-con e-child\" data-id=\"9c12c1b\" data-element_type=\"container\" data-e-type=\"container\">\n\t\t\t\t<div class=\"elementor-element elementor-element-9d90392 elementor-widget elementor-widget-theme-post-featured-image elementor-widget-image\" data-id=\"9d90392\" data-element_type=\"widget\" data-e-type=\"widget\" data-widget_type=\"theme-post-featured-image.default\">\n\t\t\t\t<div class=\"elementor-widget-container\">\n\t\t\t\t\t\t\t\t\t\t\t\t\t\t\t<img loading=\"lazy\" decoding=\"async\" width=\"1200\" height=\"800\" src=\"https:\/\/siluteinfo.lt\/wp-content\/themes\/woodmart\/images\/lazy.svg\" data-src=\"https:\/\/siluteinfo.lt\/wp-content\/uploads\/2025\/06\/lankomi-vilkenu-vandens-malunas.jpg\" class=\" wd-lazy-blur attachment-full size-full wp-image-43543\" alt=\"Vilk\u0117n\u0173 vandens mal\u016bnas\" srcset=\"\" data-srcset=\"https:\/\/siluteinfo.lt\/wp-content\/uploads\/2025\/06\/lankomi-vilkenu-vandens-malunas.jpg 1200w, https:\/\/siluteinfo.lt\/wp-content\/uploads\/2025\/06\/lankomi-vilkenu-vandens-malunas-800x533.jpg 800w, https:\/\/siluteinfo.lt\/wp-content\/uploads\/2025\/06\/lankomi-vilkenu-vandens-malunas-768x512.jpg 768w\" sizes=\"auto, (max-width: 1200px) 100vw, 1200px\" \/>\t\t\t\t\t\t\t\t\t\t\t\t\t\t\t<\/div>\n\t\t\t\t<\/div>\n\t\t\t\t<\/div>\n\t\t<div class=\"elementor-element elementor-element-f7b443e e-con-full e-flex e-con e-child\" data-id=\"f7b443e\" data-element_type=\"container\" data-e-type=\"container\">\n\t\t\t\t<div class=\"elementor-element elementor-element-f817772 color-scheme-inherit text-left elementor-widget elementor-widget-text-editor\" data-id=\"f817772\" data-element_type=\"widget\" data-e-type=\"widget\" data-widget_type=\"text-editor.default\">\n\t\t\t\t<div class=\"elementor-widget-container\">\n\t\t\t\t\t\t\t\t\t<div dir=\"auto\" style=\"font-style: normal; font-variant-ligatures: normal; font-variant-caps: normal; font-weight: 400; font-family: Jost, Arial, Helvetica, sans-serif; font-size: 16px; white-space: normal; text-align: justify;\"><div dir=\"auto\" style=\"font-style: normal; font-variant-ligatures: normal; font-variant-caps: normal; font-weight: 400; font-family: Jost, Arial, Helvetica, sans-serif; font-size: 16px; white-space: normal; text-align: justify;\"><div dir=\"auto\" style=\"font-style: normal; font-variant-ligatures: normal; font-variant-caps: normal; font-weight: 400; font-family: Jost, Arial, Helvetica, sans-serif; font-size: 16px; white-space: normal; text-align: justify;\"><div dir=\"auto\" style=\"font-style: normal; font-variant-ligatures: normal; font-variant-caps: normal; font-weight: 400; font-family: Jost, Arial, Helvetica, sans-serif; font-size: 16px; white-space: normal; text-align: justify;\"><div dir=\"auto\" style=\"font-style: normal; font-variant-ligatures: normal; font-variant-caps: normal; font-weight: 400; font-family: Jost, Arial, Helvetica, sans-serif; font-size: 16px; white-space: normal; text-align: justify;\"><div dir=\"auto\" style=\"font-style: normal; font-variant-ligatures: normal; font-variant-caps: normal; font-weight: 400; font-family: Jost, Arial, Helvetica, sans-serif; font-size: 16px; white-space: normal; text-align: justify;\"><div dir=\"auto\" style=\"font-style: normal; font-variant-ligatures: normal; font-variant-caps: normal; font-weight: 400; font-family: Jost, Arial, Helvetica, sans-serif; font-size: 16px; white-space: normal; text-align: justify;\"><p style=\"text-align: left;\">\u0412 1843 \u0433\u043e\u0434\u0443 \u043f\u043e \u0438\u043d\u0438\u0446\u0438\u0430\u0442\u0438\u0432\u0435 \u0433\u0440\u0430\u0444\u0430 \u0424\u0440\u0430\u043d\u0446\u0438\u0448\u043a\u0443\u0441\u0430 \u041f\u043b\u044f\u0442\u0435\u0440\u0430 \u0431\u044b\u043b\u0430 \u043f\u0435\u0440\u0435\u0433\u043e\u0440\u043e\u0436\u0435\u043d\u0430 \u0440\u0435\u043a\u0430 \u0428\u0432\u0435\u043a\u0448\u043d\u0430\u043b\u0435, \u0438 \u0437\u0434\u0435\u0441\u044c \u043f\u043e\u0441\u0442\u0440\u043e\u0438\u043b\u0438 \u0432\u043e\u0434\u044f\u043d\u0443\u044e \u043c\u0435\u043b\u044c\u043d\u0438\u0446\u0443. \u041e\u043d\u0430 \u044f\u0432\u043b\u044f\u0435\u0442\u0441\u044f \u0447\u0430\u0441\u0442\u044c\u044e \u0443\u0441\u0430\u0434\u0435\u0431\u043d\u043e\u0433\u043e \u043a\u043e\u043c\u043f\u043b\u0435\u043a\u0441\u0430 \u0412\u0438\u043b\u043a\u044f\u043d\u0430\u0439.<br>\u0412 1891 \u0433\u043e\u0434\u0443 \u043d\u0430\u0432\u043e\u0434\u043d\u0435\u043d\u0438\u0435 \u0440\u0430\u0437\u0440\u0443\u0448\u0438\u043b\u043e \u043f\u043b\u043e\u0442\u0438\u043d\u0443, \u0438 \u043c\u0435\u043b\u044c\u043d\u0438\u0446\u0443 \u0432\u043e\u0441\u0441\u0442\u0430\u043d\u043e\u0432\u0438\u043b\u0438. \u0412 1936 \u0433\u043e\u0434\u0443 \u0431\u044b\u043b \u0443\u0441\u0442\u0430\u043d\u043e\u0432\u043b\u0435\u043d \u0434\u0438\u0437\u0435\u043b\u044c\u043d\u044b\u0439 \u0434\u0432\u0438\u0433\u0430\u0442\u0435\u043b\u044c, \u0438\u0441\u043f\u043e\u043b\u044c\u0437\u043e\u0432\u0430\u0432\u0448\u0438\u0439\u0441\u044f \u043f\u0440\u0438 \u043d\u0435\u0445\u0432\u0430\u0442\u043a\u0435 \u0432\u043e\u0434\u044b. \u041c\u0435\u043b\u044c\u043d\u0438\u0446\u0430 \u0440\u0430\u0431\u043e\u0442\u0430\u043b\u0430 \u0434\u043e 1964 \u0433\u043e\u0434\u0430.<br>\u0412 1993 \u0433\u043e\u0434\u0443 \u0443\u0441\u0430\u0434\u044c\u0431\u0430 \u0431\u044b\u043b\u0430 \u0432\u043e\u0437\u0432\u0440\u0430\u0449\u0435\u043d\u0430 \u043d\u0430\u0441\u043b\u0435\u0434\u043d\u0438\u043a\u0430\u043c \u0441\u0435\u043c\u044c\u0438 \u041f\u043b\u044f\u0442\u0435\u0440\u043e\u0432, \u0430 \u0432 1995 \u0433\u043e\u0434\u0443 \u0437\u0430\u0432\u0435\u0440\u0448\u0451\u043d \u043a\u0430\u043f\u0438\u0442\u0430\u043b\u044c\u043d\u044b\u0439 \u0440\u0435\u043c\u043e\u043d\u0442 \u043c\u0435\u043b\u044c\u043d\u0438\u0446\u044b. \u0421\u0435\u0439\u0447\u0430\u0441 \u0432 \u0437\u0434\u0430\u043d\u0438\u0438 \u0440\u0430\u0431\u043e\u0442\u0430\u0435\u0442 \u043e\u0442\u0435\u043b\u044c \u0441 \u0440\u0435\u0441\u0442\u043e\u0440\u0430\u043d\u043e\u043c.         <\/p><\/div><\/div><\/div><\/div><\/div><\/div><\/div>\t\t\t\t\t\t\t\t<\/div>\n\t\t\t\t<\/div>\n\t\t\t\t<\/div>\n\t\t<div class=\"elementor-element elementor-element-b715d77 e-con-full e-flex e-con e-child\" data-id=\"b715d77\" data-element_type=\"container\" data-e-type=\"container\">\n\t\t\t\t<div class=\"elementor-element elementor-element-b9249fe elementor-widget elementor-widget-shortcode\" data-id=\"b9249fe\" data-element_type=\"widget\" data-e-type=\"widget\" data-widget_type=\"shortcode.default\">\n\t\t\t\t<div class=\"elementor-widget-container\">\n\t\t\t\t\t\t\t<div class=\"elementor-shortcode\">\t\t<div id=\"maps-marker-pro-f24b93e1\" class=\"maps-marker-pro mmp-list-below\" style=\"width: 100%;\">\n\t\t\t<div id=\"mmp-map-wrap-f24b93e1\" class=\"mmp-map-wrap\">\n\t\t\t\t\t\t\t\t\t<div id=\"mmp-panel-f24b93e1\" class=\"mmp-panel\"><\/div>\n\t\t\t\t\t\t\t\t<div id=\"mmp-map-f24b93e1\" class=\"mmp-map\" style=\"height: 500px;\"><\/div>\n\t\t\t\t\t\t\t<\/div>\n\t\t\t\t\t\t\t<div id=\"mmp-list-f24b93e1\" class=\"mmp-list\" style=\"flex-basis: 400px;\"><\/div>\n\t\t\t\t\t<\/div>\n\t\t<\/div>\n\t\t\t\t\t\t<\/div>\n\t\t\t\t<\/div>\n\t\t\t\t<\/div>\n\t\t\t\t\t<\/div>\n\t\t\t\t<\/div>\n\t\t\t\t<\/div>\n\t\t","protected":false},"excerpt":{"rendered":"<p>\u0412 1843 \u0433\u043e\u0434\u0443 \u043f\u043e \u0438\u043d\u0438\u0446\u0438\u0430\u0442\u0438\u0432\u0435 \u0433\u0440\u0430\u0444\u0430 \u0424\u0440\u0430\u043d\u0446\u0438\u0448\u043a\u0443\u0441\u0430 \u041f\u043b\u044f\u0442\u0435\u0440\u0430 \u0431\u044b\u043b\u0430 \u043f\u0435\u0440\u0435\u0433\u043e\u0440\u043e\u0436\u0435\u043d\u0430 \u0440\u0435\u043a\u0430 \u0428\u0432\u0435\u043a\u0448\u043d\u0430\u043b\u0435, \u0438 \u0437\u0434\u0435\u0441\u044c \u043f\u043e\u0441\u0442\u0440\u043e\u0438\u043b\u0438 \u0432\u043e\u0434\u044f\u043d\u0443\u044e \u043c\u0435\u043b\u044c\u043d\u0438\u0446\u0443. \u041e\u043d\u0430 \u044f\u0432\u043b\u044f\u0435\u0442\u0441\u044f \u0447\u0430\u0441\u0442\u044c\u044e<\/p>\n","protected":false},"author":1,"featured_media":43543,"parent":23278,"menu_order":93,"comment_status":"closed","ping_status":"closed","template":"","meta":{"_acf_changed":false,"_monsterinsights_skip_tracking":false,"_monsterinsights_sitenote_active":false,"_monsterinsights_sitenote_note":"","_monsterinsights_sitenote_category":0,"footnotes":""},"class_list":["post-43774","page","type-page","status-publish","has-post-thumbnail","hentry"],"acf":[],"_links":{"self":[{"href":"https:\/\/siluteinfo.lt\/ru\/wp-json\/wp\/v2\/pages\/43774","targetHints":{"allow":["GET"]}}],"collection":[{"href":"https:\/\/siluteinfo.lt\/ru\/wp-json\/wp\/v2\/pages"}],"about":[{"href":"https:\/\/siluteinfo.lt\/ru\/wp-json\/wp\/v2\/types\/page"}],"author":[{"embeddable":true,"href":"https:\/\/siluteinfo.lt\/ru\/wp-json\/wp\/v2\/users\/1"}],"replies":[{"embeddable":true,"href":"https:\/\/siluteinfo.lt\/ru\/wp-json\/wp\/v2\/comments?post=43774"}],"version-history":[{"count":0,"href":"https:\/\/siluteinfo.lt\/ru\/wp-json\/wp\/v2\/pages\/43774\/revisions"}],"up":[{"embeddable":true,"href":"https:\/\/siluteinfo.lt\/ru\/wp-json\/wp\/v2\/pages\/23278"}],"wp:featuredmedia":[{"embeddable":true,"href":"https:\/\/siluteinfo.lt\/ru\/wp-json\/wp\/v2\/media\/43543"}],"wp:attachment":[{"href":"https:\/\/siluteinfo.lt\/ru\/wp-json\/wp\/v2\/media?parent=43774"}],"curies":[{"name":"wp","href":"https:\/\/api.w.org\/{rel}","templated":true}]}}