{"id":43764,"date":"2022-05-26T05:41:01","date_gmt":"2022-05-26T03:41:01","guid":{"rendered":"https:\/\/siluteinfo.lt\/dosug\/mesta-dlia-poseshchenija\/usadba-vilkenai\/"},"modified":"2025-06-18T19:50:20","modified_gmt":"2025-06-18T17:50:20","slug":"usadba-vilkenai","status":"publish","type":"page","link":"https:\/\/siluteinfo.lt\/ru\/dosug\/mesta-dlia-poseshchenija\/usadba-vilkenai\/","title":{"rendered":"\u0423\u0441\u0430\u0434\u044c\u0431\u0430 \u0412\u0438\u043b\u043a\u044f\u043d\u0430\u0439"},"content":{"rendered":"\t\t<div data-elementor-type=\"wp-page\" data-elementor-id=\"43764\" class=\"elementor elementor-43764 elementor-11289\" data-elementor-post-type=\"page\">\n\t\t\t\t<div class=\"wd-negative-gap elementor-element elementor-element-f11479e e-flex e-con-boxed e-con e-parent\" data-id=\"f11479e\" data-element_type=\"container\" data-e-type=\"container\">\n\t\t\t\t\t<div class=\"e-con-inner\">\n\t\t<div class=\"elementor-element elementor-element-f73d323 e-con-full e-flex e-con e-child\" data-id=\"f73d323\" data-element_type=\"container\" data-e-type=\"container\">\n\t\t\t\t<div class=\"elementor-element elementor-element-8c660b1 elementor-widget elementor-widget-theme-post-featured-image elementor-widget-image\" data-id=\"8c660b1\" data-element_type=\"widget\" data-e-type=\"widget\" data-widget_type=\"theme-post-featured-image.default\">\n\t\t\t\t<div class=\"elementor-widget-container\">\n\t\t\t\t\t\t\t\t\t\t\t\t\t\t\t<img loading=\"lazy\" decoding=\"async\" width=\"1200\" height=\"800\" src=\"https:\/\/siluteinfo.lt\/wp-content\/themes\/woodmart\/images\/lazy.svg\" data-src=\"https:\/\/siluteinfo.lt\/wp-content\/uploads\/2025\/06\/lankomi-vilkeno-dvaras.jpg\" class=\" wd-lazy-blur attachment-full size-full wp-image-43534\" alt=\"Vilk\u0117no dvaras \u0160v\u0117k\u0161noje\" srcset=\"\" data-srcset=\"https:\/\/siluteinfo.lt\/wp-content\/uploads\/2025\/06\/lankomi-vilkeno-dvaras.jpg 1200w, https:\/\/siluteinfo.lt\/wp-content\/uploads\/2025\/06\/lankomi-vilkeno-dvaras-800x533.jpg 800w, https:\/\/siluteinfo.lt\/wp-content\/uploads\/2025\/06\/lankomi-vilkeno-dvaras-768x512.jpg 768w\" sizes=\"auto, (max-width: 1200px) 100vw, 1200px\" \/>\t\t\t\t\t\t\t\t\t\t\t\t\t\t\t<\/div>\n\t\t\t\t<\/div>\n\t\t\t\t<\/div>\n\t\t<div class=\"elementor-element elementor-element-668db03 e-con-full e-flex e-con e-child\" data-id=\"668db03\" data-element_type=\"container\" data-e-type=\"container\">\n\t\t\t\t<div class=\"elementor-element elementor-element-1d4a9fe color-scheme-inherit text-left elementor-widget elementor-widget-text-editor\" data-id=\"1d4a9fe\" data-element_type=\"widget\" data-e-type=\"widget\" data-widget_type=\"text-editor.default\">\n\t\t\t\t<div class=\"elementor-widget-container\">\n\t\t\t\t\t\t\t\t\t<div dir=\"auto\" style=\"font-style: normal; font-variant-ligatures: normal; font-variant-caps: normal; font-weight: 400; font-family: Jost, Arial, Helvetica, sans-serif; font-size: 16px; white-space: normal; text-align: justify;\"><div dir=\"auto\" style=\"font-style: normal; font-variant-ligatures: normal; font-variant-caps: normal; font-weight: 400; font-family: Jost, Arial, Helvetica, sans-serif; font-size: 16px; white-space: normal; text-align: justify;\"><div dir=\"auto\" style=\"font-style: normal; font-variant-ligatures: normal; font-variant-caps: normal; font-weight: 400; font-family: Jost, Arial, Helvetica, sans-serif; font-size: 16px; white-space: normal; text-align: justify;\"><div dir=\"auto\" style=\"font-style: normal; font-variant-ligatures: normal; font-variant-caps: normal; font-weight: 400; font-family: Jost, Arial, Helvetica, sans-serif; font-size: 16px; white-space: normal; text-align: justify;\"><div dir=\"auto\" style=\"font-style: normal; font-variant-ligatures: normal; font-variant-caps: normal; font-weight: 400; font-family: Jost, Arial, Helvetica, sans-serif; font-size: 16px; white-space: normal; text-align: justify;\"><div dir=\"auto\" style=\"font-style: normal; font-variant-ligatures: normal; font-variant-caps: normal; font-weight: 400; font-family: Jost, Arial, Helvetica, sans-serif; font-size: 16px; white-space: normal; text-align: justify;\"><div dir=\"auto\" style=\"font-style: normal; font-variant-ligatures: normal; font-variant-caps: normal; font-weight: 400; font-family: Jost, Arial, Helvetica, sans-serif; font-size: 16px; white-space: normal; text-align: justify;\"><p style=\"text-align: left;\">\u0421\u043e\u0432\u0440\u0435\u043c\u0435\u043d\u043d\u044b\u0439 \u0434\u0432\u043e\u0440\u0435\u0446 \u0431\u044b\u043b \u043f\u043e\u0441\u0442\u0440\u043e\u0435\u043d \u0433\u0440\u0430\u0444\u043e\u043c \u0410\u043b\u0435\u043a\u0441\u0430\u043d\u0434\u0440\u0430\u0441\u043e\u043c \u041f\u043b\u044f\u0442\u0435\u0440\u043e\u043c. \u041f\u043e \u0438\u043d\u0438\u0446\u0438\u0430\u0442\u0438\u0432\u0435 \u0435\u0433\u043e \u0436\u0435\u043d\u044b \u0431\u044b\u043b \u0437\u0430\u043b\u043e\u0436\u0435\u043d \u043f\u0430\u0440\u043a. \u0423\u0441\u0430\u0434\u0435\u0431\u043d\u044b\u0439 \u0430\u043d\u0441\u0430\u043c\u0431\u043b\u044c \u0444\u043e\u0440\u043c\u0438\u0440\u043e\u0432\u0430\u043b\u0441\u044f \u0432 1880\u20131897 \u0433\u043e\u0434\u0430\u0445.<br>\u0414\u0432\u043e\u0440\u0435\u0446 \u0432 \u0412\u0438\u043b\u043a\u044f\u043d\u0430\u0435 \u2014 \u044d\u0442\u043e \u0434\u0432\u0443\u0445\u044d\u0442\u0430\u0436\u043d\u043e\u0435 \u0437\u0434\u0430\u043d\u0438\u0435 \u0432 \u043d\u0435\u043e\u0440\u0435\u043d\u0435\u0441\u0441\u0430\u043d\u0441\u043d\u043e\u043c \u0441\u0442\u0438\u043b\u0435, \u0441 \u043f\u0440\u043e\u0441\u0442\u043e\u0439 \u0441\u0438\u043c\u043c\u0435\u0442\u0440\u0438\u0447\u043d\u043e\u0439 \u043f\u043b\u0430\u043d\u0438\u0440\u043e\u0432\u043a\u043e\u0439 \u0438 \u0431\u0430\u0448\u043d\u0435\u0439. \u041d\u0430 \u0433\u043b\u0430\u0432\u043d\u043e\u043c \u0444\u0430\u0441\u0430\u0434\u0435 \u2014 \u043f\u043e\u0440\u0442\u0438\u043a \u0441 \u0447\u0435\u0442\u044b\u0440\u044c\u043c\u044f \u043a\u0438\u0440\u043f\u0438\u0447\u043d\u044b\u043c\u0438 \u043a\u043e\u043b\u043e\u043d\u043d\u0430\u043c\u0438, \u043d\u0430 \u0437\u0430\u0434\u043d\u0435\u043c \u2014 \u0431\u0430\u043b\u043a\u043e\u043d.<br>\u0427\u0442\u043e\u0431\u044b \u043f\u0440\u0438\u0434\u0430\u0442\u044c \u0437\u0434\u0430\u043d\u0438\u044e \u043b\u0451\u0433\u043a\u043e\u0441\u0442\u044c \u0438 \u044d\u043b\u0435\u0433\u0430\u043d\u0442\u043d\u043e\u0441\u0442\u044c, \u0430\u0440\u0445\u0438\u0442\u0435\u043a\u0442\u043e\u0440 \u0441\u043f\u0440\u043e\u0435\u043a\u0442\u0438\u0440\u043e\u0432\u0430\u043b \u043d\u0430\u0434 \u0440\u0438\u0437\u0430\u043b\u0438\u0442\u0430\u043c\u0438 \u0430\u0436\u0443\u0440\u043d\u044b\u0439 \u0444\u0440\u043e\u043d\u0442\u043e\u043d \u0441 \u0433\u0435\u0440\u0431\u043e\u043c \u0440\u043e\u0434\u0430 \u041f\u043b\u044f\u0442\u0435\u0440\u043e\u0432 \u0432 \u0446\u0435\u043d\u0442\u0440\u0435.<br>\u041f\u0430\u0440\u043a, \u0440\u0430\u0437\u0431\u0438\u0442\u044b\u0439 \u0432 \u0436\u0438\u0432\u043e\u043f\u0438\u0441\u043d\u043e\u043c \u0445\u043e\u043b\u043c\u0438\u0441\u0442\u043e\u043c \u0440\u0435\u043b\u044c\u0435\u0444\u0435, \u043e\u0442\u043d\u043e\u0441\u0438\u0442\u0441\u044f \u043a \u0441\u043c\u0435\u0448\u0430\u043d\u043d\u043e\u043c\u0443 \u0442\u0438\u043f\u0443 \u043f\u0430\u0440\u043a\u043e\u0432.<br>\u0412 1993 \u0433\u043e\u0434\u0443 \u0434\u0432\u043e\u0440\u0435\u0446 \u0438 \u043f\u0430\u0440\u043a \u0431\u044b\u043b\u0438 \u0432\u043e\u0437\u0432\u0440\u0430\u0449\u0435\u043d\u044b \u043d\u0430\u0441\u043b\u0435\u0434\u043d\u0438\u0446\u0435 \u0440\u043e\u0434\u0430 \u041f\u043b\u044f\u0442\u0435\u0440\u043e\u0432 \u2014 \u041b\u0430\u0439\u043c\u0435 \u0424\u0435\u043b\u0438\u0446\u0438\u0435 \u041f\u043b\u044f\u0442\u0435\u0440\u0435\u043d\u0435.<br>\u0412 2007 \u0433\u043e\u0434\u0443 \u0431\u044b\u043b\u0430 \u043e\u0442\u0440\u0435\u0441\u0442\u0430\u0432\u0440\u0438\u0440\u043e\u0432\u0430\u043d\u0430 \u0432\u043d\u0435\u0448\u043d\u044f\u044f \u0447\u0430\u0441\u0442\u044c \u0434\u0432\u043e\u0440\u0446\u0430.       <\/p><\/div><\/div><\/div><\/div><\/div><\/div><\/div>\t\t\t\t\t\t\t\t<\/div>\n\t\t\t\t<\/div>\n\t\t\t\t<\/div>\n\t\t<div class=\"elementor-element elementor-element-0171e8f e-con-full e-flex e-con e-child\" data-id=\"0171e8f\" data-element_type=\"container\" data-e-type=\"container\">\n\t\t\t\t<div class=\"elementor-element elementor-element-5dc9ee8 elementor-widget elementor-widget-shortcode\" data-id=\"5dc9ee8\" data-element_type=\"widget\" data-e-type=\"widget\" data-widget_type=\"shortcode.default\">\n\t\t\t\t<div class=\"elementor-widget-container\">\n\t\t\t\t\t\t\t<div class=\"elementor-shortcode\">\t\t<div id=\"maps-marker-pro-cac99578\" class=\"maps-marker-pro mmp-list-below\" style=\"width: 100%;\">\n\t\t\t<div id=\"mmp-map-wrap-cac99578\" class=\"mmp-map-wrap\">\n\t\t\t\t\t\t\t\t\t<div id=\"mmp-panel-cac99578\" class=\"mmp-panel\"><\/div>\n\t\t\t\t\t\t\t\t<div id=\"mmp-map-cac99578\" class=\"mmp-map\" style=\"height: 500px;\"><\/div>\n\t\t\t\t\t\t\t<\/div>\n\t\t\t\t\t\t\t<div id=\"mmp-list-cac99578\" class=\"mmp-list\" style=\"flex-basis: 400px;\"><\/div>\n\t\t\t\t\t<\/div>\n\t\t<\/div>\n\t\t\t\t\t\t<\/div>\n\t\t\t\t<\/div>\n\t\t\t\t<\/div>\n\t\t\t\t\t<\/div>\n\t\t\t\t<\/div>\n\t\t\t\t<\/div>\n\t\t","protected":false},"excerpt":{"rendered":"<p>\u0421\u043e\u0432\u0440\u0435\u043c\u0435\u043d\u043d\u044b\u0439 \u0434\u0432\u043e\u0440\u0435\u0446 \u0431\u044b\u043b \u043f\u043e\u0441\u0442\u0440\u043e\u0435\u043d \u0433\u0440\u0430\u0444\u043e\u043c \u0410\u043b\u0435\u043a\u0441\u0430\u043d\u0434\u0440\u0430\u0441\u043e\u043c \u041f\u043b\u044f\u0442\u0435\u0440\u043e\u043c. \u041f\u043e \u0438\u043d\u0438\u0446\u0438\u0430\u0442\u0438\u0432\u0435 \u0435\u0433\u043e \u0436\u0435\u043d\u044b \u0431\u044b\u043b \u0437\u0430\u043b\u043e\u0436\u0435\u043d \u043f\u0430\u0440\u043a. \u0423\u0441\u0430\u0434\u0435\u0431\u043d\u044b\u0439 \u0430\u043d\u0441\u0430\u043c\u0431\u043b\u044c \u0444\u043e\u0440\u043c\u0438\u0440\u043e\u0432\u0430\u043b\u0441\u044f \u0432 1880\u20131897 \u0433\u043e\u0434\u0430\u0445.\u0414\u0432\u043e\u0440\u0435\u0446<\/p>\n","protected":false},"author":1,"featured_media":43534,"parent":23278,"menu_order":92,"comment_status":"closed","ping_status":"closed","template":"","meta":{"_acf_changed":false,"_monsterinsights_skip_tracking":false,"_monsterinsights_sitenote_active":false,"_monsterinsights_sitenote_note":"","_monsterinsights_sitenote_category":0,"footnotes":""},"class_list":["post-43764","page","type-page","status-publish","has-post-thumbnail","hentry"],"acf":[],"_links":{"self":[{"href":"https:\/\/siluteinfo.lt\/ru\/wp-json\/wp\/v2\/pages\/43764","targetHints":{"allow":["GET"]}}],"collection":[{"href":"https:\/\/siluteinfo.lt\/ru\/wp-json\/wp\/v2\/pages"}],"about":[{"href":"https:\/\/siluteinfo.lt\/ru\/wp-json\/wp\/v2\/types\/page"}],"author":[{"embeddable":true,"href":"https:\/\/siluteinfo.lt\/ru\/wp-json\/wp\/v2\/users\/1"}],"replies":[{"embeddable":true,"href":"https:\/\/siluteinfo.lt\/ru\/wp-json\/wp\/v2\/comments?post=43764"}],"version-history":[{"count":0,"href":"https:\/\/siluteinfo.lt\/ru\/wp-json\/wp\/v2\/pages\/43764\/revisions"}],"up":[{"embeddable":true,"href":"https:\/\/siluteinfo.lt\/ru\/wp-json\/wp\/v2\/pages\/23278"}],"wp:featuredmedia":[{"embeddable":true,"href":"https:\/\/siluteinfo.lt\/ru\/wp-json\/wp\/v2\/media\/43534"}],"wp:attachment":[{"href":"https:\/\/siluteinfo.lt\/ru\/wp-json\/wp\/v2\/media?parent=43764"}],"curies":[{"name":"wp","href":"https:\/\/api.w.org\/{rel}","templated":true}]}}