{"id":43754,"date":"2022-05-26T05:43:33","date_gmt":"2022-05-26T03:43:33","guid":{"rendered":"https:\/\/siluteinfo.lt\/dosug\/mesta-dlia-poseshchenija\/pamyatnik-zhuravl\/"},"modified":"2025-06-18T19:47:38","modified_gmt":"2025-06-18T17:47:38","slug":"pamyatnik-zhuravl","status":"publish","type":"page","link":"https:\/\/siluteinfo.lt\/ru\/dosug\/mesta-dlia-poseshchenija\/pamyatnik-zhuravl\/","title":{"rendered":"\u041f\u0430\u043c\u044f\u0442\u043d\u0438\u043a \u00ab\u0416\u0443\u0440\u0430\u0432\u043b\u044c\u00bb"},"content":{"rendered":"\t\t<div data-elementor-type=\"wp-page\" data-elementor-id=\"43754\" class=\"elementor elementor-43754 elementor-11301\" data-elementor-post-type=\"page\">\n\t\t\t\t<div class=\"wd-negative-gap elementor-element elementor-element-d10ec55 e-flex e-con-boxed e-con e-parent\" data-id=\"d10ec55\" data-element_type=\"container\" data-e-type=\"container\">\n\t\t\t\t\t<div class=\"e-con-inner\">\n\t\t<div class=\"elementor-element elementor-element-0d93d2f e-con-full e-flex e-con e-child\" data-id=\"0d93d2f\" data-element_type=\"container\" data-e-type=\"container\">\n\t\t\t\t<div class=\"elementor-element elementor-element-2fa329e elementor-widget elementor-widget-theme-post-featured-image elementor-widget-image\" data-id=\"2fa329e\" data-element_type=\"widget\" data-e-type=\"widget\" data-widget_type=\"theme-post-featured-image.default\">\n\t\t\t\t<div class=\"elementor-widget-container\">\n\t\t\t\t\t\t\t\t\t\t\t\t\t\t\t<img loading=\"lazy\" decoding=\"async\" width=\"1200\" height=\"800\" src=\"https:\/\/siluteinfo.lt\/wp-content\/themes\/woodmart\/images\/lazy.svg\" data-src=\"https:\/\/siluteinfo.lt\/wp-content\/uploads\/2025\/06\/lankomi-paminklas-gerve.jpg\" class=\" wd-lazy-blur attachment-full size-full wp-image-43527\" alt=\"Paminklas gerv\u0117 \u0161alia \u0160v\u0117k\u0161nos\" srcset=\"\" data-srcset=\"https:\/\/siluteinfo.lt\/wp-content\/uploads\/2025\/06\/lankomi-paminklas-gerve.jpg 1200w, https:\/\/siluteinfo.lt\/wp-content\/uploads\/2025\/06\/lankomi-paminklas-gerve-800x533.jpg 800w, https:\/\/siluteinfo.lt\/wp-content\/uploads\/2025\/06\/lankomi-paminklas-gerve-768x512.jpg 768w\" sizes=\"auto, (max-width: 1200px) 100vw, 1200px\" \/>\t\t\t\t\t\t\t\t\t\t\t\t\t\t\t<\/div>\n\t\t\t\t<\/div>\n\t\t\t\t<\/div>\n\t\t<div class=\"elementor-element elementor-element-ccf13dd e-con-full e-flex e-con e-child\" data-id=\"ccf13dd\" data-element_type=\"container\" data-e-type=\"container\">\n\t\t\t\t<div class=\"elementor-element elementor-element-39c12db color-scheme-inherit text-left elementor-widget elementor-widget-text-editor\" data-id=\"39c12db\" data-element_type=\"widget\" data-e-type=\"widget\" data-widget_type=\"text-editor.default\">\n\t\t\t\t<div class=\"elementor-widget-container\">\n\t\t\t\t\t\t\t\t\t<div dir=\"auto\" style=\"font-style: normal; font-variant-ligatures: normal; font-variant-caps: normal; font-weight: 400; font-family: Jost, Arial, Helvetica, sans-serif; font-size: 16px; white-space: normal; text-align: justify;\"><div dir=\"auto\" style=\"font-style: normal; font-variant-ligatures: normal; font-variant-caps: normal; font-weight: 400; font-family: Jost, Arial, Helvetica, sans-serif; font-size: 16px; white-space: normal; text-align: justify;\"><div dir=\"auto\" style=\"font-style: normal; font-variant-ligatures: normal; font-variant-caps: normal; font-weight: 400; font-family: Jost, Arial, Helvetica, sans-serif; font-size: 16px; white-space: normal; text-align: justify;\"><div dir=\"auto\" style=\"font-style: normal; font-variant-ligatures: normal; font-variant-caps: normal; font-weight: 400; font-family: Jost, Arial, Helvetica, sans-serif; font-size: 16px; white-space: normal; text-align: justify;\"><div dir=\"auto\" style=\"font-style: normal; font-variant-ligatures: normal; font-variant-caps: normal; font-weight: 400; font-family: Jost, Arial, Helvetica, sans-serif; font-size: 16px; white-space: normal; text-align: justify;\"><div dir=\"auto\" style=\"font-style: normal; font-variant-ligatures: normal; font-variant-caps: normal; font-weight: 400; font-family: Jost, Arial, Helvetica, sans-serif; font-size: 16px; white-space: normal; text-align: justify;\"><div dir=\"auto\" style=\"font-style: normal; font-variant-ligatures: normal; font-variant-caps: normal; font-weight: 400; font-family: Jost, Arial, Helvetica, sans-serif; font-size: 16px; white-space: normal; text-align: justify;\"><p style=\"text-align: left;\">\u041f\u0430\u043c\u044f\u0442\u043d\u0438\u043a \u00ab\u0416\u0443\u0440\u0430\u0432\u043b\u044c\u00bb \u0443\u0441\u0442\u0430\u043d\u043e\u0432\u043b\u0435\u043d \u0432 \u0436\u0438\u0432\u043e\u043f\u0438\u0441\u043d\u043e\u043c \u043c\u0435\u0441\u0442\u0435 \u2014 \u043d\u0430 \u0442\u0430\u043a \u043d\u0430\u0437\u044b\u0432\u0430\u0435\u043c\u043e\u043c \u0445\u043e\u043b\u043c\u0435 \u041f\u0430\u0440\u0430\u043a\u0430\u0443\u043d\u0438\u0442\u0435, \u043e\u0442\u043a\u0443\u0434\u0430 \u043e\u0442\u043a\u0440\u044b\u0432\u0430\u0435\u0442\u0441\u044f \u043f\u0430\u043d\u043e\u0440\u0430\u043c\u0430 \u0433\u043e\u0440\u043e\u0434\u0430 \u0428\u0432\u0435\u043a\u0448\u043d\u0430.<br>\u042d\u0442\u043e \u0438\u0441\u0442\u043e\u0440\u0438\u0447\u0435\u0441\u043a\u043e\u0435 \u043c\u0435\u0441\u0442\u043e: \u0432 \u0438\u044e\u043b\u0435 1831 \u0433\u043e\u0434\u0430 \u0437\u0434\u0435\u0441\u044c \u043e\u0442\u0434\u044b\u0445\u0430\u043b\u0430 \u0430\u0440\u043c\u0438\u044f \u043f\u043e\u0432\u0441\u0442\u0430\u043d\u0446\u0435\u0432 \u0433\u0435\u043d\u0435\u0440\u0430\u043b\u0430 \u0424. \u0420\u043e\u043b\u0430\u043d\u0434\u0430, \u0430 \u0432 1948 \u0433\u043e\u0434\u0443 \u0432 \u0441\u0442\u043e\u044f\u0432\u0448\u0435\u043c \u0437\u0434\u0435\u0441\u044c \u0441\u0430\u0440\u0430\u0435 \u0432\u0440\u0435\u043c\u0435\u043d\u043d\u043e \u0443\u0434\u0435\u0440\u0436\u0438\u0432\u0430\u043b\u0438\u0441\u044c \u043b\u044e\u0434\u0438, \u0434\u0435\u043f\u043e\u0440\u0442\u0438\u0440\u0443\u0435\u043c\u044b\u0435 \u0432 \u0421\u0438\u0431\u0438\u0440\u044c. \u042d\u0442\u0438 \u0434\u0430\u0442\u044b \u0432\u044b\u0431\u0438\u0442\u044b \u043d\u0430 \u043a\u0430\u043c\u0435\u043d\u043d\u044b\u0445 \u043f\u043b\u0438\u0442\u0430\u0445 \u043f\u043e \u0431\u043e\u043a\u0430\u043c \u043f\u0430\u043c\u044f\u0442\u043d\u0438\u043a\u0430.   <br>\u041f\u0430\u043c\u044f\u0442\u043d\u0438\u043a \u0441\u0434\u0435\u043b\u0430\u043d \u0438\u0437 \u043e\u0433\u0440\u043e\u043c\u043d\u043e\u0433\u043e \u043a\u0430\u043c\u043d\u044f \u0432\u0435\u0441\u043e\u043c 34 \u0442\u043e\u043d\u043d\u044b. \u0414\u0432\u0435 \u0440\u0443\u043a\u0438 \u0442\u044f\u043d\u0443\u0442\u0441\u044f \u043a \u0441\u0432\u043e\u0431\u043e\u0434\u043d\u043e \u043b\u0435\u0442\u044f\u0449\u0435\u043c\u0443 \u0436\u0443\u0440\u0430\u0432\u043b\u044e, \u0432\u043e\u0437\u0432\u0440\u0430\u0449\u0430\u044e\u0449\u0435\u043c\u0443\u0441\u044f \u0432\u0435\u0441\u043d\u043e\u0439 \u0432 \u0441\u0432\u043e\u0451 \u0433\u043d\u0435\u0437\u0434\u043e \u2014 \u0441\u0438\u043c\u0432\u043e\u043b \u0432\u0435\u0447\u043d\u043e\u0433\u043e \u0441\u0442\u0440\u0435\u043c\u043b\u0435\u043d\u0438\u044f \u043a \u0441\u0432\u043e\u0431\u043e\u0434\u0435.<br>\u041f\u0430\u043c\u044f\u0442\u043d\u0438\u043a \u043f\u043e\u0441\u0432\u044f\u0449\u0451\u043d \u0422\u044b\u0441\u044f\u0447\u0435\u043b\u0435\u0442\u0438\u044e \u0443\u043f\u043e\u043c\u0438\u043d\u0430\u043d\u0438\u044f \u0438\u043c\u0435\u043d\u0438 \u041b\u0438\u0442\u0432\u044b \u0438 \u0443\u0432\u0435\u043a\u043e\u0432\u0435\u0447\u0438\u0432\u0430\u0435\u0442 \u0436\u0435\u0440\u0442\u0432\u044b \u043d\u0430\u0440\u043e\u0434\u0430.<br>\u0421\u043a\u0443\u043b\u044c\u043f\u0442\u0443\u0440\u0443 \u0436\u0443\u0440\u0430\u0432\u043b\u044f \u0438\u0437 \u043c\u0435\u0442\u0430\u043b\u043b\u0430 \u0432\u044b\u043a\u043e\u0432\u0430\u043b\u0430 \u0438 \u0437\u0430\u043a\u0440\u0435\u043f\u0438\u043b\u0430 \u043f\u0430\u0440\u0430 \u043a\u0443\u0437\u043d\u0435\u0446\u043e\u0432 \u0438\u0437 \u0412\u0438\u043b\u043a\u0438\u0447\u044f\u0439 \u2014 \u0414\u0430\u0440\u044e\u0441 \u0438 \u0410\u0438\u0434\u0430 \u0412\u0438\u043b\u044f\u0439. \u0410\u0432\u0442\u043e\u0440 \u0438\u0434\u0435\u0438 \u2014 \u041f\u044f\u0442\u0440\u0430\u0441 \u0421\u0442\u0430\u043d\u0438\u0441\u043b\u043e\u0432\u0430c.   <\/p><\/div><\/div><\/div><\/div><\/div><\/div><\/div>\t\t\t\t\t\t\t\t<\/div>\n\t\t\t\t<\/div>\n\t\t\t\t<\/div>\n\t\t<div class=\"elementor-element elementor-element-68dd2f3 e-con-full e-flex e-con e-child\" data-id=\"68dd2f3\" data-element_type=\"container\" data-e-type=\"container\">\n\t\t\t\t<div class=\"elementor-element elementor-element-1cf3c49 elementor-widget elementor-widget-shortcode\" data-id=\"1cf3c49\" data-element_type=\"widget\" data-e-type=\"widget\" data-widget_type=\"shortcode.default\">\n\t\t\t\t<div class=\"elementor-widget-container\">\n\t\t\t\t\t\t\t<div class=\"elementor-shortcode\">\t\t<div id=\"maps-marker-pro-23f168f7\" class=\"maps-marker-pro mmp-list-below\" style=\"width: 100%;\">\n\t\t\t<div id=\"mmp-map-wrap-23f168f7\" class=\"mmp-map-wrap\">\n\t\t\t\t\t\t\t\t\t<div id=\"mmp-panel-23f168f7\" class=\"mmp-panel\"><\/div>\n\t\t\t\t\t\t\t\t<div id=\"mmp-map-23f168f7\" class=\"mmp-map\" style=\"height: 500px;\"><\/div>\n\t\t\t\t\t\t\t<\/div>\n\t\t\t\t\t\t\t<div id=\"mmp-list-23f168f7\" class=\"mmp-list\" style=\"flex-basis: 400px;\"><\/div>\n\t\t\t\t\t<\/div>\n\t\t<\/div>\n\t\t\t\t\t\t<\/div>\n\t\t\t\t<\/div>\n\t\t\t\t<\/div>\n\t\t\t\t\t<\/div>\n\t\t\t\t<\/div>\n\t\t\t\t<\/div>\n\t\t","protected":false},"excerpt":{"rendered":"<p>\u041f\u0430\u043c\u044f\u0442\u043d\u0438\u043a \u00ab\u0416\u0443\u0440\u0430\u0432\u043b\u044c\u00bb \u0443\u0441\u0442\u0430\u043d\u043e\u0432\u043b\u0435\u043d \u0432 \u0436\u0438\u0432\u043e\u043f\u0438\u0441\u043d\u043e\u043c \u043c\u0435\u0441\u0442\u0435 \u2014 \u043d\u0430 \u0442\u0430\u043a \u043d\u0430\u0437\u044b\u0432\u0430\u0435\u043c\u043e\u043c \u0445\u043e\u043b\u043c\u0435 \u041f\u0430\u0440\u0430\u043a\u0430\u0443\u043d\u0438\u0442\u0435, \u043e\u0442\u043a\u0443\u0434\u0430 \u043e\u0442\u043a\u0440\u044b\u0432\u0430\u0435\u0442\u0441\u044f \u043f\u0430\u043d\u043e\u0440\u0430\u043c\u0430 \u0433\u043e\u0440\u043e\u0434\u0430 \u0428\u0432\u0435\u043a\u0448\u043d\u0430.\u042d\u0442\u043e \u0438\u0441\u0442\u043e\u0440\u0438\u0447\u0435\u0441\u043a\u043e\u0435 \u043c\u0435\u0441\u0442\u043e: \u0432<\/p>\n","protected":false},"author":1,"featured_media":43527,"parent":23278,"menu_order":91,"comment_status":"closed","ping_status":"closed","template":"","meta":{"_acf_changed":false,"_monsterinsights_skip_tracking":false,"_monsterinsights_sitenote_active":false,"_monsterinsights_sitenote_note":"","_monsterinsights_sitenote_category":0,"footnotes":""},"class_list":["post-43754","page","type-page","status-publish","has-post-thumbnail","hentry"],"acf":[],"_links":{"self":[{"href":"https:\/\/siluteinfo.lt\/ru\/wp-json\/wp\/v2\/pages\/43754","targetHints":{"allow":["GET"]}}],"collection":[{"href":"https:\/\/siluteinfo.lt\/ru\/wp-json\/wp\/v2\/pages"}],"about":[{"href":"https:\/\/siluteinfo.lt\/ru\/wp-json\/wp\/v2\/types\/page"}],"author":[{"embeddable":true,"href":"https:\/\/siluteinfo.lt\/ru\/wp-json\/wp\/v2\/users\/1"}],"replies":[{"embeddable":true,"href":"https:\/\/siluteinfo.lt\/ru\/wp-json\/wp\/v2\/comments?post=43754"}],"version-history":[{"count":0,"href":"https:\/\/siluteinfo.lt\/ru\/wp-json\/wp\/v2\/pages\/43754\/revisions"}],"up":[{"embeddable":true,"href":"https:\/\/siluteinfo.lt\/ru\/wp-json\/wp\/v2\/pages\/23278"}],"wp:featuredmedia":[{"embeddable":true,"href":"https:\/\/siluteinfo.lt\/ru\/wp-json\/wp\/v2\/media\/43527"}],"wp:attachment":[{"href":"https:\/\/siluteinfo.lt\/ru\/wp-json\/wp\/v2\/media?parent=43754"}],"curies":[{"name":"wp","href":"https:\/\/api.w.org\/{rel}","templated":true}]}}