{"id":43744,"date":"2022-05-26T05:41:46","date_gmt":"2022-05-26T03:41:46","guid":{"rendered":"https:\/\/siluteinfo.lt\/dosug\/mesta-dlia-poseshchenija\/evangelichesko-lyuteranskaya-cerkov-v-shveksne\/"},"modified":"2025-06-18T19:43:49","modified_gmt":"2025-06-18T17:43:49","slug":"evangelichesko-lyuteranskaya-cerkov-v-shveksne","status":"publish","type":"page","link":"https:\/\/siluteinfo.lt\/ru\/dosug\/mesta-dlia-poseshchenija\/evangelichesko-lyuteranskaya-cerkov-v-shveksne\/","title":{"rendered":"\u0415\u0432\u0430\u043d\u0433\u0435\u043b\u0438\u0447\u0435\u0441\u043a\u043e-\u043b\u044e\u0442\u0435\u0440\u0430\u043d\u0441\u043a\u0430\u044f \u0446\u0435\u0440\u043a\u043e\u0432\u044c \u0432 \u0428\u0432\u0435\u043a\u0448\u043d\u0435"},"content":{"rendered":"\t\t<div data-elementor-type=\"wp-page\" data-elementor-id=\"43744\" class=\"elementor elementor-43744 elementor-11293\" data-elementor-post-type=\"page\">\n\t\t\t\t<div class=\"wd-negative-gap elementor-element elementor-element-c18f184 e-flex e-con-boxed e-con e-parent\" data-id=\"c18f184\" data-element_type=\"container\" data-e-type=\"container\">\n\t\t\t\t\t<div class=\"e-con-inner\">\n\t\t<div class=\"elementor-element elementor-element-5b4f306 e-con-full e-flex e-con e-child\" data-id=\"5b4f306\" data-element_type=\"container\" data-e-type=\"container\">\n\t\t\t\t<div class=\"elementor-element elementor-element-ffc498c elementor-widget elementor-widget-theme-post-featured-image elementor-widget-image\" data-id=\"ffc498c\" data-element_type=\"widget\" data-e-type=\"widget\" data-widget_type=\"theme-post-featured-image.default\">\n\t\t\t\t<div class=\"elementor-widget-container\">\n\t\t\t\t\t\t\t\t\t\t\t\t\t\t\t<img loading=\"lazy\" decoding=\"async\" width=\"1200\" height=\"800\" src=\"https:\/\/siluteinfo.lt\/wp-content\/themes\/woodmart\/images\/lazy.svg\" data-src=\"https:\/\/siluteinfo.lt\/wp-content\/uploads\/2023\/11\/lankomi-sveksnos-evangeliku-liuteronu-baznycia.jpg\" class=\" wd-lazy-blur attachment-full size-full wp-image-32069\" alt=\"Evangelik\u0173 liuteron\u0173 ba\u017eny\u010dia \u0160v\u0117k\u0161noje\" srcset=\"\" data-srcset=\"https:\/\/siluteinfo.lt\/wp-content\/uploads\/2023\/11\/lankomi-sveksnos-evangeliku-liuteronu-baznycia.jpg 1200w, https:\/\/siluteinfo.lt\/wp-content\/uploads\/2023\/11\/lankomi-sveksnos-evangeliku-liuteronu-baznycia-400x267.jpg 400w, https:\/\/siluteinfo.lt\/wp-content\/uploads\/2023\/11\/lankomi-sveksnos-evangeliku-liuteronu-baznycia-768x512.jpg 768w\" sizes=\"auto, (max-width: 1200px) 100vw, 1200px\" \/>\t\t\t\t\t\t\t\t\t\t\t\t\t\t\t<\/div>\n\t\t\t\t<\/div>\n\t\t\t\t<\/div>\n\t\t<div class=\"elementor-element elementor-element-a05a7c0 e-con-full e-flex e-con e-child\" data-id=\"a05a7c0\" data-element_type=\"container\" data-e-type=\"container\">\n\t\t\t\t<div class=\"elementor-element elementor-element-304936d color-scheme-inherit text-left elementor-widget elementor-widget-text-editor\" data-id=\"304936d\" data-element_type=\"widget\" data-e-type=\"widget\" data-widget_type=\"text-editor.default\">\n\t\t\t\t<div class=\"elementor-widget-container\">\n\t\t\t\t\t\t\t\t\t<div dir=\"auto\" style=\"font-style: normal; font-variant-ligatures: normal; font-variant-caps: normal; font-weight: 400; font-family: Jost, Arial, Helvetica, sans-serif; font-size: 16px; white-space: normal; text-align: justify;\"><div dir=\"auto\" style=\"font-style: normal; font-variant-ligatures: normal; font-variant-caps: normal; font-weight: 400; font-family: Jost, Arial, Helvetica, sans-serif; font-size: 16px; white-space: normal; text-align: justify;\"><div dir=\"auto\" style=\"font-style: normal; font-variant-ligatures: normal; font-variant-caps: normal; font-weight: 400; font-family: Jost, Arial, Helvetica, sans-serif; font-size: 16px; white-space: normal; text-align: justify;\"><div dir=\"auto\" style=\"font-style: normal; font-variant-ligatures: normal; font-variant-caps: normal; font-weight: 400; font-family: Jost, Arial, Helvetica, sans-serif; font-size: 16px; white-space: normal; text-align: justify;\"><div dir=\"auto\" style=\"font-style: normal; font-variant-ligatures: normal; font-variant-caps: normal; font-weight: 400; font-family: Jost, Arial, Helvetica, sans-serif; font-size: 16px; white-space: normal; text-align: justify;\"><div dir=\"auto\" style=\"font-style: normal; font-variant-ligatures: normal; font-variant-caps: normal; font-weight: 400; font-family: Jost, Arial, Helvetica, sans-serif; font-size: 16px; white-space: normal; text-align: justify;\"><div dir=\"auto\" style=\"font-style: normal; font-variant-ligatures: normal; font-variant-caps: normal; font-weight: 400; font-family: Jost, Arial, Helvetica, sans-serif; font-size: 16px; white-space: normal; text-align: justify;\"><p style=\"text-align: left;\">\u041d\u0435\u043e\u0431\u0445\u043e\u0434\u0438\u043c\u043e\u0441\u0442\u044c \u0441\u043e\u0437\u0434\u0430\u043d\u0438\u044f \u0435\u0432\u0430\u043d\u0433\u0435\u043b\u0438\u0447\u0435\u0441\u043a\u043e-\u043b\u044e\u0442\u0435\u0440\u0430\u043d\u0441\u043a\u043e\u0433\u043e \u043f\u0440\u0438\u0445\u043e\u0434\u0430 \u0432 \u0428\u0432\u0435\u043a\u0448\u043d\u0435 \u0432\u043e\u0437\u043d\u0438\u043a\u043b\u0430 \u0432 \u043a\u043e\u043d\u0446\u0435 XVII \u0432\u0435\u043a\u0430 \u0438 \u043e\u0441\u043e\u0431\u0435\u043d\u043d\u043e \u0443\u0441\u0438\u043b\u0438\u043b\u0430\u0441\u044c \u0432 \u043d\u0430\u0447\u0430\u043b\u0435 XVIII \u0432\u0435\u043a\u0430, \u043a\u043e\u0433\u0434\u0430 \u0441\u044e\u0434\u0430 \u043d\u0430\u0447\u0430\u043b\u0438 \u043f\u0435\u0440\u0435\u0441\u0435\u043b\u044f\u0442\u044c\u0441\u044f \u043b\u0438\u0442\u043e\u0432\u0441\u043a\u0438\u0435 \u0438 \u043d\u0435\u043c\u0435\u0446\u043a\u0438\u0435 \u0440\u0435\u043c\u0435\u0441\u043b\u0435\u043d\u043d\u0438\u043a\u0438 \u0438\u0437 \u041f\u0440\u0443\u0441\u0441\u0438\u0438.  <br>\u041f\u0435\u0440\u0432\u0430\u044f \u043b\u044e\u0442\u0435\u0440\u0430\u043d\u0441\u043a\u0430\u044f \u0446\u0435\u0440\u043a\u043e\u0432\u044c \u0431\u044b\u043b\u0430 \u043f\u043e\u0441\u0442\u0440\u043e\u0435\u043d\u0430 \u0432 1819 \u0433\u043e\u0434\u0443 \u043d\u0430 \u043c\u0435\u0441\u0442\u0435, \u0433\u0434\u0435 \u0441\u0435\u0439\u0447\u0430\u0441 \u0443\u0441\u0442\u0430\u043d\u043e\u0432\u043b\u0435\u043d \u043f\u0430\u043c\u044f\u0442\u043d\u0438\u043a \u0421\u0432\u044f\u0442\u043e\u043c\u0443 \u0424\u043b\u043e\u0440\u0438\u0430\u043d\u0443, \u043d\u043e \u0432 1856 \u0433\u043e\u0434\u0443 \u0435\u0451 \u0443\u043d\u0438\u0447\u0442\u043e\u0436\u0438\u043b \u043f\u043e\u0436\u0430\u0440. \u041d\u044b\u043d\u0435\u0448\u043d\u044f\u044f \u0446\u0435\u0440\u043a\u043e\u0432\u044c \u043f\u043e\u0441\u0442\u0440\u043e\u0435\u043d\u0430 \u0432 1867 \u0433\u043e\u0434\u0443, \u0430 \u0431\u0430\u0448\u043d\u044f \u043f\u0440\u0438\u0441\u0442\u0440\u043e\u0435\u043d\u0430 \u0432 1913-\u043c.<br>\u041d\u0435\u043a\u043e\u0442\u043e\u0440\u044b\u0435 \u0441\u043e\u043c\u043d\u0438\u0442\u0435\u043b\u044c\u043d\u044b\u0435 \u0438\u0441\u0442\u043e\u0447\u043d\u0438\u043a\u0438 \u0443\u0442\u0432\u0435\u0440\u0436\u0434\u0430\u044e\u0442, \u0447\u0442\u043e \u0432\u0441\u0435 \u0435\u0432\u0430\u043d\u0433\u0435\u043b\u0438\u043a\u0438 \u0428\u0432\u0435\u043a\u0448\u043d\u044b \u0431\u044b\u043b\u0438 \u043d\u0435\u043c\u0446\u0430\u043c\u0438. \u041d\u0430 \u0441\u0430\u043c\u043e\u043c \u0434\u0435\u043b\u0435 \u0431\u043e\u043b\u044c\u0448\u0438\u043d\u0441\u0442\u0432\u043e \u0431\u044b\u043b\u0438 \u043b\u0438\u0442\u043e\u0432\u0446\u0430\u043c\u0438 \u0441 \u043b\u0438\u0442\u043e\u0432\u0441\u043a\u0438\u043c\u0438 \u0444\u0430\u043c\u0438\u043b\u0438\u044f\u043c\u0438, \u043d\u0430\u043f\u0440\u0438\u043c\u0435\u0440, \u041d\u0430\u0443\u0439\u043e\u043a\u0430\u0441, \u0413\u0438\u043d\u0442\u0430\u0443\u043a\u0430\u0441, \u041a\u0430\u043b\u0432\u0430\u0439\u0442\u0438\u0441, \u042d\u043d\u0434\u0440\u0443\u043b\u0438\u0441 \u0438 \u0434\u0440.<br>\u0412 2005 \u0433\u043e\u0434\u0443 \u0446\u0435\u0440\u043a\u043e\u0432\u044c \u0441\u0435\u0440\u044c\u0451\u0437\u043d\u043e \u043f\u043e\u0441\u0442\u0440\u0430\u0434\u0430\u043b\u0430 \u043e\u0442 \u0443\u0440\u0430\u0433\u0430\u043d\u0430 \u00ab\u042d\u0440\u0432\u0438\u043d\u00bb. \u0421\u0438\u043b\u044c\u043d\u044b\u0439 \u0432\u0435\u0442\u0435\u0440 \u0441\u043e\u0440\u0432\u0430\u043b \u043a\u0440\u044b\u0448\u0443, \u0434\u043e\u0436\u0434\u044c \u0437\u0430\u043b\u0438\u043b \u0438 \u0431\u0435\u0437 \u0442\u043e\u0433\u043e \u043f\u0440\u043e\u043c\u043e\u043a\u0448\u0443\u044e \u0437\u0430\u043f\u0430\u0434\u043d\u0443\u044e \u0441\u0442\u0435\u043d\u0443 \u0430\u043b\u0442\u0430\u0440\u044f. \u0426\u0435\u0440\u043a\u043e\u0432\u044c \u0431\u044b\u0441\u0442\u0440\u043e \u0432\u043e\u0441\u0441\u0442\u0430\u043d\u043e\u0432\u0438\u043b\u0438, \u0438 \u0441\u0435\u0433\u043e\u0434\u043d\u044f \u043c\u044b \u043f\u043e-\u043f\u0440\u0435\u0436\u043d\u0435\u043c\u0443 \u043c\u043e\u0436\u0435\u043c \u0432\u043e\u0441\u0445\u0438\u0449\u0430\u0442\u044c\u0441\u044f \u0437\u0434\u0430\u043d\u0438\u0435\u043c \u0441 \u0431\u043e\u043b\u0435\u0435 \u0447\u0435\u043c 150-\u043b\u0435\u0442\u043d\u0435\u0439 \u0438\u0441\u0442\u043e\u0440\u0438\u0435\u0439.     <\/p><\/div><\/div><\/div><\/div><\/div><\/div><\/div>\t\t\t\t\t\t\t\t<\/div>\n\t\t\t\t<\/div>\n\t\t\t\t<\/div>\n\t\t<div class=\"elementor-element elementor-element-7621abc e-con-full e-flex e-con e-child\" data-id=\"7621abc\" data-element_type=\"container\" data-e-type=\"container\">\n\t\t\t\t<div class=\"elementor-element elementor-element-d65d912 elementor-widget elementor-widget-shortcode\" data-id=\"d65d912\" data-element_type=\"widget\" data-e-type=\"widget\" data-widget_type=\"shortcode.default\">\n\t\t\t\t<div class=\"elementor-widget-container\">\n\t\t\t\t\t\t\t<div class=\"elementor-shortcode\">\t\t<div id=\"maps-marker-pro-47ed57ef\" class=\"maps-marker-pro mmp-list-below\" style=\"width: 100%;\">\n\t\t\t<div id=\"mmp-map-wrap-47ed57ef\" class=\"mmp-map-wrap\">\n\t\t\t\t\t\t\t\t\t<div id=\"mmp-panel-47ed57ef\" class=\"mmp-panel\"><\/div>\n\t\t\t\t\t\t\t\t<div id=\"mmp-map-47ed57ef\" class=\"mmp-map\" style=\"height: 500px;\"><\/div>\n\t\t\t\t\t\t\t<\/div>\n\t\t\t\t\t\t\t<div id=\"mmp-list-47ed57ef\" class=\"mmp-list\" style=\"flex-basis: 400px;\"><\/div>\n\t\t\t\t\t<\/div>\n\t\t<\/div>\n\t\t\t\t\t\t<\/div>\n\t\t\t\t<\/div>\n\t\t\t\t<\/div>\n\t\t\t\t\t<\/div>\n\t\t\t\t<\/div>\n\t\t\t\t<\/div>\n\t\t","protected":false},"excerpt":{"rendered":"<p>\u041d\u0435\u043e\u0431\u0445\u043e\u0434\u0438\u043c\u043e\u0441\u0442\u044c \u0441\u043e\u0437\u0434\u0430\u043d\u0438\u044f \u0435\u0432\u0430\u043d\u0433\u0435\u043b\u0438\u0447\u0435\u0441\u043a\u043e-\u043b\u044e\u0442\u0435\u0440\u0430\u043d\u0441\u043a\u043e\u0433\u043e \u043f\u0440\u0438\u0445\u043e\u0434\u0430 \u0432 \u0428\u0432\u0435\u043a\u0448\u043d\u0435 \u0432\u043e\u0437\u043d\u0438\u043a\u043b\u0430 \u0432 \u043a\u043e\u043d\u0446\u0435 XVII \u0432\u0435\u043a\u0430 \u0438 \u043e\u0441\u043e\u0431\u0435\u043d\u043d\u043e \u0443\u0441\u0438\u043b\u0438\u043b\u0430\u0441\u044c \u0432 \u043d\u0430\u0447\u0430\u043b\u0435 XVIII \u0432\u0435\u043a\u0430, \u043a\u043e\u0433\u0434\u0430 \u0441\u044e\u0434\u0430<\/p>\n","protected":false},"author":1,"featured_media":32069,"parent":23278,"menu_order":90,"comment_status":"closed","ping_status":"closed","template":"","meta":{"_acf_changed":false,"_monsterinsights_skip_tracking":false,"_monsterinsights_sitenote_active":false,"_monsterinsights_sitenote_note":"","_monsterinsights_sitenote_category":0,"footnotes":""},"class_list":["post-43744","page","type-page","status-publish","has-post-thumbnail","hentry"],"acf":[],"_links":{"self":[{"href":"https:\/\/siluteinfo.lt\/ru\/wp-json\/wp\/v2\/pages\/43744","targetHints":{"allow":["GET"]}}],"collection":[{"href":"https:\/\/siluteinfo.lt\/ru\/wp-json\/wp\/v2\/pages"}],"about":[{"href":"https:\/\/siluteinfo.lt\/ru\/wp-json\/wp\/v2\/types\/page"}],"author":[{"embeddable":true,"href":"https:\/\/siluteinfo.lt\/ru\/wp-json\/wp\/v2\/users\/1"}],"replies":[{"embeddable":true,"href":"https:\/\/siluteinfo.lt\/ru\/wp-json\/wp\/v2\/comments?post=43744"}],"version-history":[{"count":0,"href":"https:\/\/siluteinfo.lt\/ru\/wp-json\/wp\/v2\/pages\/43744\/revisions"}],"up":[{"embeddable":true,"href":"https:\/\/siluteinfo.lt\/ru\/wp-json\/wp\/v2\/pages\/23278"}],"wp:featuredmedia":[{"embeddable":true,"href":"https:\/\/siluteinfo.lt\/ru\/wp-json\/wp\/v2\/media\/32069"}],"wp:attachment":[{"href":"https:\/\/siluteinfo.lt\/ru\/wp-json\/wp\/v2\/media?parent=43744"}],"curies":[{"name":"wp","href":"https:\/\/api.w.org\/{rel}","templated":true}]}}