{"id":43724,"date":"2022-05-26T05:41:21","date_gmt":"2022-05-26T03:41:21","guid":{"rendered":"https:\/\/siluteinfo.lt\/dosug\/mesta-dlia-poseshchenija\/viaduk\/"},"modified":"2025-06-18T19:37:12","modified_gmt":"2025-06-18T17:37:12","slug":"viaduk","status":"publish","type":"page","link":"https:\/\/siluteinfo.lt\/ru\/dosug\/mesta-dlia-poseshchenija\/viaduk\/","title":{"rendered":"\u0412\u0438\u0430\u0434\u0443\u043a"},"content":{"rendered":"\t\t<div data-elementor-type=\"wp-page\" data-elementor-id=\"43724\" class=\"elementor elementor-43724 elementor-11291\" data-elementor-post-type=\"page\">\n\t\t\t\t<div class=\"wd-negative-gap elementor-element elementor-element-b04b0b1 e-flex e-con-boxed e-con e-parent\" data-id=\"b04b0b1\" data-element_type=\"container\" data-e-type=\"container\">\n\t\t\t\t\t<div class=\"e-con-inner\">\n\t\t<div class=\"elementor-element elementor-element-198fe7c e-con-full e-flex e-con e-child\" data-id=\"198fe7c\" data-element_type=\"container\" data-e-type=\"container\">\n\t\t\t\t<div class=\"elementor-element elementor-element-d1a046f elementor-widget elementor-widget-theme-post-featured-image elementor-widget-image\" data-id=\"d1a046f\" data-element_type=\"widget\" data-e-type=\"widget\" data-widget_type=\"theme-post-featured-image.default\">\n\t\t\t\t<div class=\"elementor-widget-container\">\n\t\t\t\t\t\t\t\t\t\t\t\t\t\t\t<img loading=\"lazy\" decoding=\"async\" width=\"1200\" height=\"800\" src=\"https:\/\/siluteinfo.lt\/wp-content\/themes\/woodmart\/images\/lazy.svg\" data-src=\"https:\/\/siluteinfo.lt\/wp-content\/uploads\/2025\/05\/lankomi-viadukas.jpg\" class=\" wd-lazy-blur attachment-full size-full wp-image-42039\" alt=\"Viadukas \u0160v\u0117k\u0161noje\" srcset=\"\" data-srcset=\"https:\/\/siluteinfo.lt\/wp-content\/uploads\/2025\/05\/lankomi-viadukas.jpg 1200w, https:\/\/siluteinfo.lt\/wp-content\/uploads\/2025\/05\/lankomi-viadukas-400x267.jpg 400w, https:\/\/siluteinfo.lt\/wp-content\/uploads\/2025\/05\/lankomi-viadukas-768x512.jpg 768w\" sizes=\"auto, (max-width: 1200px) 100vw, 1200px\" \/>\t\t\t\t\t\t\t\t\t\t\t\t\t\t\t<\/div>\n\t\t\t\t<\/div>\n\t\t\t\t<\/div>\n\t\t<div class=\"elementor-element elementor-element-aadce0c e-con-full e-flex e-con e-child\" data-id=\"aadce0c\" data-element_type=\"container\" data-e-type=\"container\">\n\t\t\t\t<div class=\"elementor-element elementor-element-16c5f4d color-scheme-inherit text-left elementor-widget elementor-widget-text-editor\" data-id=\"16c5f4d\" data-element_type=\"widget\" data-e-type=\"widget\" data-widget_type=\"text-editor.default\">\n\t\t\t\t<div class=\"elementor-widget-container\">\n\t\t\t\t\t\t\t\t\t<div dir=\"auto\" style=\"font-style: normal; font-variant-ligatures: normal; font-variant-caps: normal; font-weight: 400; font-family: Jost, Arial, Helvetica, sans-serif; font-size: 16px; white-space: normal; text-align: justify;\"><div dir=\"auto\" style=\"font-style: normal; font-variant-ligatures: normal; font-variant-caps: normal; font-weight: 400; font-family: Jost, Arial, Helvetica, sans-serif; font-size: 16px; white-space: normal; text-align: justify;\"><div dir=\"auto\" style=\"font-style: normal; font-variant-ligatures: normal; font-variant-caps: normal; font-weight: 400; font-family: Jost, Arial, Helvetica, sans-serif; font-size: 16px; white-space: normal; text-align: justify;\"><div dir=\"auto\" style=\"font-style: normal; font-variant-ligatures: normal; font-variant-caps: normal; font-weight: 400; font-family: Jost, Arial, Helvetica, sans-serif; font-size: 16px; white-space: normal; text-align: justify;\"><div dir=\"auto\" style=\"font-style: normal; font-variant-ligatures: normal; font-variant-caps: normal; font-weight: 400; font-family: Jost, Arial, Helvetica, sans-serif; font-size: 16px; white-space: normal; text-align: justify;\"><div dir=\"auto\" style=\"font-style: normal; font-variant-ligatures: normal; font-variant-caps: normal; font-weight: 400; font-family: Jost, Arial, Helvetica, sans-serif; font-size: 16px; white-space: normal; text-align: justify;\"><div dir=\"auto\" style=\"font-style: normal; font-variant-ligatures: normal; font-variant-caps: normal; font-weight: 400; font-family: Jost, Arial, Helvetica, sans-serif; font-size: 16px; white-space: normal; text-align: justify;\"><p style=\"text-align: left;\">\u0423\u043d\u0438\u043a\u0430\u043b\u044c\u043d\u043e\u0439 \u043e\u0441\u043e\u0431\u0435\u043d\u043d\u043e\u0441\u0442\u044c\u044e \u0446\u0435\u0440\u043a\u0432\u0438 \u0421\u0432\u044f\u0442\u043e\u0433\u043e \u0410\u043f\u043e\u0441\u0442\u043e\u043b\u0430 \u0418\u0430\u043a\u043e\u0432\u0430 \u0432 \u0428\u0432\u0435\u043a\u0448\u043d\u0435, \u0430 \u0432\u043e\u0437\u043c\u043e\u0436\u043d\u043e, \u0438 \u0432\u0441\u0435\u0433\u043e \u0433\u043e\u0440\u043e\u0434\u043a\u0430, \u044f\u0432\u043b\u044f\u0435\u0442\u0441\u044f \u043f\u0435\u0448\u0435\u0445\u043e\u0434\u043d\u044b\u0439 \u043c\u043e\u0441\u0442\u0438\u043a \u043d\u0430\u0434 \u0443\u043b\u0438\u0446\u0435\u0439, \u0441\u043e\u0435\u0434\u0438\u043d\u044f\u044e\u0449\u0438\u0439 \u043f\u0440\u0438\u043b\u0435\u0433\u0430\u044e\u0449\u0438\u0439 \u043f\u0430\u0440\u043a \u0441 \u0446\u0435\u0440\u043a\u043e\u0432\u043d\u044b\u043c \u0434\u0432\u043e\u0440\u043e\u043c.<br>\u0412\u0438\u0430\u0434\u0443\u043a \u0431\u044b\u043b \u043f\u043e\u0441\u0442\u0440\u043e\u0435\u043d \u043e\u043a\u043e\u043b\u043e 1885 \u0433\u043e\u0434\u0430 \u0432\u043c\u0435\u0441\u0442\u0435 \u0441 \u0446\u0435\u0440\u043a\u043e\u0432\u043d\u044b\u043c \u0434\u0432\u043e\u0440\u043e\u043c \u2014 \u043f\u043e\u0447\u0442\u0438 \u0437\u0430 20 \u043b\u0435\u0442 \u0434\u043e \u0441\u0430\u043c\u043e\u0439 \u0446\u0435\u0440\u043a\u0432\u0438. \u0415\u0433\u043e \u0434\u0435\u043a\u043e\u0440\u0430\u0442\u0438\u0432\u043d\u044b\u0435 \u044d\u043b\u0435\u043c\u0435\u043d\u0442\u044b, \u043a\u0430\u043a \u0438 \u043e\u0433\u0440\u0430\u0434\u0430 \u0446\u0435\u0440\u043a\u043e\u0432\u043d\u043e\u0433\u043e \u0434\u0432\u043e\u0440\u0430, \u0432\u044b\u043f\u043e\u043b\u043d\u0435\u043d\u044b \u0432 \u043d\u0435\u043e\u0433\u043e\u0442\u0438\u0447\u0435\u0441\u043a\u043e\u043c \u0441\u0442\u0438\u043b\u0435.<br>\u042d\u0442\u043e \u0443\u043d\u0438\u043a\u0430\u043b\u044c\u043d\u043e\u0435 \u0441\u043e\u043e\u0440\u0443\u0436\u0435\u043d\u0438\u0435 \u0432 \u041b\u0438\u0442\u0432\u0435, \u0438 \u0435\u0433\u043e \u0438\u0437\u043e\u0431\u0440\u0430\u0436\u0435\u043d\u0438\u0435 \u0438\u0441\u043f\u043e\u043b\u044c\u0437\u0443\u0435\u0442\u0441\u044f \u043d\u0430 \u0433\u0435\u0440\u0431\u0435 \u0428\u0432\u0435\u043a\u0448\u043d\u044b.     <\/p><\/div><\/div><\/div><\/div><\/div><\/div><\/div>\t\t\t\t\t\t\t\t<\/div>\n\t\t\t\t<\/div>\n\t\t\t\t<\/div>\n\t\t<div class=\"elementor-element elementor-element-58f4bbc e-con-full e-flex e-con e-child\" data-id=\"58f4bbc\" data-element_type=\"container\" data-e-type=\"container\">\n\t\t\t\t<div class=\"elementor-element elementor-element-2ac126c elementor-widget elementor-widget-shortcode\" data-id=\"2ac126c\" data-element_type=\"widget\" data-e-type=\"widget\" data-widget_type=\"shortcode.default\">\n\t\t\t\t<div class=\"elementor-widget-container\">\n\t\t\t\t\t\t\t<div class=\"elementor-shortcode\">\t\t<div id=\"maps-marker-pro-f0d9f9ee\" class=\"maps-marker-pro mmp-list-below\" style=\"width: 100%;\">\n\t\t\t<div id=\"mmp-map-wrap-f0d9f9ee\" class=\"mmp-map-wrap\">\n\t\t\t\t\t\t\t\t\t<div id=\"mmp-panel-f0d9f9ee\" class=\"mmp-panel\"><\/div>\n\t\t\t\t\t\t\t\t<div id=\"mmp-map-f0d9f9ee\" class=\"mmp-map\" style=\"height: 500px;\"><\/div>\n\t\t\t\t\t\t\t<\/div>\n\t\t\t\t\t\t\t<div id=\"mmp-list-f0d9f9ee\" class=\"mmp-list\" style=\"flex-basis: 400px;\"><\/div>\n\t\t\t\t\t<\/div>\n\t\t<\/div>\n\t\t\t\t\t\t<\/div>\n\t\t\t\t<\/div>\n\t\t\t\t<\/div>\n\t\t\t\t\t<\/div>\n\t\t\t\t<\/div>\n\t\t\t\t<\/div>\n\t\t","protected":false},"excerpt":{"rendered":"<p>\u0423\u043d\u0438\u043a\u0430\u043b\u044c\u043d\u043e\u0439 \u043e\u0441\u043e\u0431\u0435\u043d\u043d\u043e\u0441\u0442\u044c\u044e \u0446\u0435\u0440\u043a\u0432\u0438 \u0421\u0432\u044f\u0442\u043e\u0433\u043e \u0410\u043f\u043e\u0441\u0442\u043e\u043b\u0430 \u0418\u0430\u043a\u043e\u0432\u0430 \u0432 \u0428\u0432\u0435\u043a\u0448\u043d\u0435, \u0430 \u0432\u043e\u0437\u043c\u043e\u0436\u043d\u043e, \u0438 \u0432\u0441\u0435\u0433\u043e \u0433\u043e\u0440\u043e\u0434\u043a\u0430, \u044f\u0432\u043b\u044f\u0435\u0442\u0441\u044f \u043f\u0435\u0448\u0435\u0445\u043e\u0434\u043d\u044b\u0439 \u043c\u043e\u0441\u0442\u0438\u043a \u043d\u0430\u0434 \u0443\u043b\u0438\u0446\u0435\u0439, \u0441\u043e\u0435\u0434\u0438\u043d\u044f\u044e\u0449\u0438\u0439 \u043f\u0440\u0438\u043b\u0435\u0433\u0430\u044e\u0449\u0438\u0439<\/p>\n","protected":false},"author":1,"featured_media":42039,"parent":23278,"menu_order":88,"comment_status":"closed","ping_status":"closed","template":"","meta":{"_acf_changed":false,"_monsterinsights_skip_tracking":false,"_monsterinsights_sitenote_active":false,"_monsterinsights_sitenote_note":"","_monsterinsights_sitenote_category":0,"footnotes":""},"class_list":["post-43724","page","type-page","status-publish","has-post-thumbnail","hentry"],"acf":[],"_links":{"self":[{"href":"https:\/\/siluteinfo.lt\/ru\/wp-json\/wp\/v2\/pages\/43724","targetHints":{"allow":["GET"]}}],"collection":[{"href":"https:\/\/siluteinfo.lt\/ru\/wp-json\/wp\/v2\/pages"}],"about":[{"href":"https:\/\/siluteinfo.lt\/ru\/wp-json\/wp\/v2\/types\/page"}],"author":[{"embeddable":true,"href":"https:\/\/siluteinfo.lt\/ru\/wp-json\/wp\/v2\/users\/1"}],"replies":[{"embeddable":true,"href":"https:\/\/siluteinfo.lt\/ru\/wp-json\/wp\/v2\/comments?post=43724"}],"version-history":[{"count":0,"href":"https:\/\/siluteinfo.lt\/ru\/wp-json\/wp\/v2\/pages\/43724\/revisions"}],"up":[{"embeddable":true,"href":"https:\/\/siluteinfo.lt\/ru\/wp-json\/wp\/v2\/pages\/23278"}],"wp:featuredmedia":[{"embeddable":true,"href":"https:\/\/siluteinfo.lt\/ru\/wp-json\/wp\/v2\/media\/42039"}],"wp:attachment":[{"href":"https:\/\/siluteinfo.lt\/ru\/wp-json\/wp\/v2\/media?parent=43724"}],"curies":[{"name":"wp","href":"https:\/\/api.w.org\/{rel}","templated":true}]}}