{"id":43712,"date":"2022-05-26T05:40:37","date_gmt":"2022-05-26T03:40:37","guid":{"rendered":"https:\/\/siluteinfo.lt\/dosug\/mesta-dlia-poseshchenija\/cerkov-svyatogo-apostola-iakova-v-shveksne\/"},"modified":"2025-06-18T19:33:06","modified_gmt":"2025-06-18T17:33:06","slug":"cerkov-svyatogo-apostola-iakova-v-shveksne","status":"publish","type":"page","link":"https:\/\/siluteinfo.lt\/ru\/dosug\/mesta-dlia-poseshchenija\/cerkov-svyatogo-apostola-iakova-v-shveksne\/","title":{"rendered":"\u0426\u0435\u0440\u043a\u043e\u0432\u044c \u0421\u0432\u044f\u0442\u043e\u0433\u043e \u0410\u043f\u043e\u0441\u0442\u043e\u043b\u0430 \u0418\u0430\u043a\u043e\u0432\u0430 \u0432 \u0428\u0432\u0435\u043a\u0448\u043d\u0435"},"content":{"rendered":"\t\t<div data-elementor-type=\"wp-page\" data-elementor-id=\"43712\" class=\"elementor elementor-43712 elementor-11287\" data-elementor-post-type=\"page\">\n\t\t\t\t<div class=\"wd-negative-gap elementor-element elementor-element-9ebcffe e-flex e-con-boxed e-con e-parent\" data-id=\"9ebcffe\" data-element_type=\"container\" data-e-type=\"container\">\n\t\t\t\t\t<div class=\"e-con-inner\">\n\t\t<div class=\"elementor-element elementor-element-b6653e5 e-con-full e-flex e-con e-child\" data-id=\"b6653e5\" data-element_type=\"container\" data-e-type=\"container\">\n\t\t\t\t<div class=\"elementor-element elementor-element-edd49b8 elementor-widget elementor-widget-theme-post-featured-image elementor-widget-image\" data-id=\"edd49b8\" data-element_type=\"widget\" data-e-type=\"widget\" data-widget_type=\"theme-post-featured-image.default\">\n\t\t\t\t<div class=\"elementor-widget-container\">\n\t\t\t\t\t\t\t\t\t\t\t\t\t\t\t<img loading=\"lazy\" decoding=\"async\" width=\"1200\" height=\"800\" src=\"https:\/\/siluteinfo.lt\/wp-content\/themes\/woodmart\/images\/lazy.svg\" data-src=\"https:\/\/siluteinfo.lt\/wp-content\/uploads\/2023\/11\/lankomi-sveksnos-sv-apastalo-jokubo-baznycia.jpg\" class=\" wd-lazy-blur attachment-full size-full wp-image-32048\" alt=\"\u0160v. Apa\u0161talo Jok\u016bbo ba\u017eny\u010dia \u0160v\u0117k\u0161noje\" srcset=\"\" data-srcset=\"https:\/\/siluteinfo.lt\/wp-content\/uploads\/2023\/11\/lankomi-sveksnos-sv-apastalo-jokubo-baznycia.jpg 1200w, https:\/\/siluteinfo.lt\/wp-content\/uploads\/2023\/11\/lankomi-sveksnos-sv-apastalo-jokubo-baznycia-400x267.jpg 400w, https:\/\/siluteinfo.lt\/wp-content\/uploads\/2023\/11\/lankomi-sveksnos-sv-apastalo-jokubo-baznycia-768x512.jpg 768w\" sizes=\"auto, (max-width: 1200px) 100vw, 1200px\" \/>\t\t\t\t\t\t\t\t\t\t\t\t\t\t\t<\/div>\n\t\t\t\t<\/div>\n\t\t\t\t<\/div>\n\t\t<div class=\"elementor-element elementor-element-2fcc88e e-con-full e-flex e-con e-child\" data-id=\"2fcc88e\" data-element_type=\"container\" data-e-type=\"container\">\n\t\t\t\t<div class=\"elementor-element elementor-element-8b51749 color-scheme-inherit text-left elementor-widget elementor-widget-text-editor\" data-id=\"8b51749\" data-element_type=\"widget\" data-e-type=\"widget\" data-widget_type=\"text-editor.default\">\n\t\t\t\t<div class=\"elementor-widget-container\">\n\t\t\t\t\t\t\t\t\t<div dir=\"auto\" style=\"font-style: normal; font-variant-ligatures: normal; font-variant-caps: normal; font-weight: 400; font-family: Jost, Arial, Helvetica, sans-serif; font-size: 16px; white-space: normal; text-align: justify;\"><div dir=\"auto\" style=\"font-style: normal; font-variant-ligatures: normal; font-variant-caps: normal; font-weight: 400; font-family: Jost, Arial, Helvetica, sans-serif; font-size: 16px; white-space: normal; text-align: justify;\"><div dir=\"auto\" style=\"font-style: normal; font-variant-ligatures: normal; font-variant-caps: normal; font-weight: 400; font-family: Jost, Arial, Helvetica, sans-serif; font-size: 16px; white-space: normal; text-align: justify;\"><div dir=\"auto\" style=\"font-style: normal; font-variant-ligatures: normal; font-variant-caps: normal; font-weight: 400; font-family: Jost, Arial, Helvetica, sans-serif; font-size: 16px; white-space: normal; text-align: justify;\"><div dir=\"auto\" style=\"font-style: normal; font-variant-ligatures: normal; font-variant-caps: normal; font-weight: 400; font-family: Jost, Arial, Helvetica, sans-serif; font-size: 16px; white-space: normal; text-align: justify;\"><div dir=\"auto\" style=\"font-style: normal; font-variant-ligatures: normal; font-variant-caps: normal; font-weight: 400; font-family: Jost, Arial, Helvetica, sans-serif; font-size: 16px; white-space: normal; text-align: justify;\"><p style=\"text-align: left;\">\u041d\u0435\u043e\u0433\u043e\u0442\u0438\u0447\u0435\u0441\u043a\u0430\u044f \u0446\u0435\u0440\u043a\u043e\u0432\u044c, \u043f\u043e\u0441\u0442\u0440\u043e\u0435\u043d\u043d\u0430\u044f \u0432 1905 \u0433\u043e\u0434\u0443 \u043f\u043e \u043f\u0440\u043e\u0435\u043a\u0442\u0443 \u0448\u0432\u0435\u0434\u0441\u043a\u043e\u0433\u043e \u0430\u0440\u0445\u0438\u0442\u0435\u043a\u0442\u043e\u0440\u0430 \u041a\u0430\u0440\u043b\u0430 \u042d\u0434\u0443\u0430\u0440\u0434\u0430 \u0421\u0442\u0440\u0430\u043d\u0434\u043c\u0430\u043d\u0430, \u044f\u0432\u043b\u044f\u0435\u0442\u0441\u044f \u043e\u0434\u043d\u0438\u043c \u0438\u0437 \u0433\u043b\u0430\u0432\u043d\u044b\u0445 \u0430\u0440\u0445\u0438\u0442\u0435\u043a\u0442\u0443\u0440\u043d\u044b\u0445 \u043f\u0430\u043c\u044f\u0442\u043d\u0438\u043a\u043e\u0432 \u0433\u043e\u0440\u043e\u0434\u0430. \u0421\u0442\u0440\u043e\u0438\u0442\u0435\u043b\u044c\u0441\u0442\u0432\u043e \u0444\u0438\u043d\u0430\u043d\u0441\u0438\u0440\u043e\u0432\u0430\u043b\u0438 \u0433\u0440\u0430\u0444\u044b \u041f\u043b\u044f\u0442\u0435\u0440\u044b \u0438\u0437 \u0428\u0432\u0435\u043a\u0448\u043d\u0435 \u0438 \u0412\u0438\u043b\u043a\u0435\u043d\u0430, \u0430 \u0442\u0430\u043a\u0436\u0435 \u0436\u0438\u0442\u0435\u043b\u0438 \u0428\u0432\u0435\u043a\u0448\u043d\u0435 \u0438 \u0441\u043e\u0441\u0435\u0434\u043d\u0438\u0445 \u043f\u0440\u0438\u0445\u043e\u0434\u043e\u0432. \u0427\u0430\u0441\u0442\u044c \u0441\u0440\u0435\u0434\u0441\u0442\u0432 \u043f\u043e\u0441\u0442\u0443\u043f\u0438\u043b\u0430 \u043e\u0442 \u043b\u0438\u0442\u043e\u0432\u0441\u043a\u0438\u0445 \u044d\u043c\u0438\u0433\u0440\u0430\u043d\u0442\u043e\u0432 \u0432 \u0421\u0428\u0410.  <br>\u0426\u0435\u0440\u043a\u043e\u0432\u044c \u0441\u043e\u0441\u0442\u043e\u0438\u0442 \u0438\u0437 \u0442\u0440\u0451\u0445 \u043f\u0440\u043e\u0434\u043e\u043b\u044c\u043d\u044b\u0445 \u043d\u0435\u0444\u043e\u0432, \u043f\u0435\u0440\u0435\u0441\u0435\u043a\u0430\u0435\u043c\u044b\u0445 \u0442\u0440\u0430\u043d\u0441\u0435\u043f\u0442\u043e\u043c. \u0412\u044b\u0441\u043e\u0442\u0430 \u0431\u0430\u0448\u0435\u043d \u2014 65 \u043c\u0435\u0442\u0440\u043e\u0432. \u0418\u043d\u0442\u0435\u0440\u044c\u0435\u0440 \u0443\u043a\u0440\u0430\u0448\u0430\u044e\u0442 8 \u0430\u043b\u0442\u0430\u0440\u0435\u0439. \u0413\u043b\u0430\u0432\u043d\u044b\u0439 \u0430\u043b\u0442\u0430\u0440\u044c, \u043f\u043e\u0447\u0442\u0438 16 \u043c\u0435\u0442\u0440\u043e\u0432 \u0432 \u0432\u044b\u0441\u043e\u0442\u0443, \u0432\u043c\u0435\u0441\u0442\u0435 \u0441 \u043a\u0430\u0444\u0435\u0434\u0440\u043e\u0439 \u0438\u0437\u0433\u043e\u0442\u043e\u0432\u043b\u0435\u043d \u0432 \u0422\u0438\u0440\u043e\u043b\u0435, \u0410\u0432\u0441\u0442\u0440\u0438\u044f, \u043d\u0430 \u0444\u0430\u0431\u0440\u0438\u043a\u0435 \u041f\u0443\u0440\u0433\u0435\u0440\u0430. \u041f\u043e\u0434 \u0433\u043b\u0430\u0432\u043d\u044b\u043c \u0430\u043b\u0442\u0430\u0440\u0451\u043c \u043d\u0430\u0445\u043e\u0434\u0438\u0442\u0441\u044f \u043a\u0440\u0438\u043f\u0442\u0430.<br>\u0426\u0435\u0440\u043a\u043e\u0432\u043d\u044b\u0439 \u0434\u0432\u043e\u0440 \u0441\u043e\u0435\u0434\u0438\u043d\u0451\u043d \u0441 \u043f\u0430\u0440\u043a\u043e\u043c \u0443\u043d\u0438\u043a\u0430\u043b\u044c\u043d\u044b\u043c \u0430\u0440\u043e\u0447\u043d\u044b\u043c \u043f\u0435\u0448\u0435\u0445\u043e\u0434\u043d\u044b\u043c \u043c\u043e\u0441\u0442\u043e\u043c \u2013 \u0432\u0438\u0430\u0434\u0443\u043a\u043e\u043c, \u043f\u043e\u0441\u0442\u0440\u043e\u0435\u043d\u043d\u044b\u043c \u043e\u043a\u043e\u043b\u043e 1885 \u0433\u043e\u0434\u0430. \u042d\u0442\u043e \u0440\u0435\u0434\u043a\u043e\u0435 \u0430\u0440\u0445\u0438\u0442\u0435\u043a\u0442\u0443\u0440\u043d\u043e\u0435 \u0441\u043e\u043e\u0440\u0443\u0436\u0435\u043d\u0438\u0435 \u0432 \u041b\u0438\u0442\u0432\u0435.      <\/p><\/div><\/div><\/div><\/div><\/div><\/div>\t\t\t\t\t\t\t\t<\/div>\n\t\t\t\t<\/div>\n\t\t\t\t<\/div>\n\t\t<div class=\"elementor-element elementor-element-399b033 e-con-full e-flex e-con e-child\" data-id=\"399b033\" data-element_type=\"container\" data-e-type=\"container\">\n\t\t\t\t<div class=\"elementor-element elementor-element-70ac158 elementor-widget elementor-widget-shortcode\" data-id=\"70ac158\" data-element_type=\"widget\" data-e-type=\"widget\" data-widget_type=\"shortcode.default\">\n\t\t\t\t<div class=\"elementor-widget-container\">\n\t\t\t\t\t\t\t<div class=\"elementor-shortcode\">\t\t<div id=\"maps-marker-pro-0cbdc19b\" class=\"maps-marker-pro mmp-list-below\" style=\"width: 100%;\">\n\t\t\t<div id=\"mmp-map-wrap-0cbdc19b\" class=\"mmp-map-wrap\">\n\t\t\t\t\t\t\t\t\t<div id=\"mmp-panel-0cbdc19b\" class=\"mmp-panel\"><\/div>\n\t\t\t\t\t\t\t\t<div id=\"mmp-map-0cbdc19b\" class=\"mmp-map\" style=\"height: 500px;\"><\/div>\n\t\t\t\t\t\t\t<\/div>\n\t\t\t\t\t\t\t<div id=\"mmp-list-0cbdc19b\" class=\"mmp-list\" style=\"flex-basis: 400px;\"><\/div>\n\t\t\t\t\t<\/div>\n\t\t<\/div>\n\t\t\t\t\t\t<\/div>\n\t\t\t\t<\/div>\n\t\t\t\t<\/div>\n\t\t\t\t\t<\/div>\n\t\t\t\t<\/div>\n\t\t\t\t<\/div>\n\t\t","protected":false},"excerpt":{"rendered":"<p>\u041d\u0435\u043e\u0433\u043e\u0442\u0438\u0447\u0435\u0441\u043a\u0430\u044f \u0446\u0435\u0440\u043a\u043e\u0432\u044c, \u043f\u043e\u0441\u0442\u0440\u043e\u0435\u043d\u043d\u0430\u044f \u0432 1905 \u0433\u043e\u0434\u0443 \u043f\u043e \u043f\u0440\u043e\u0435\u043a\u0442\u0443 \u0448\u0432\u0435\u0434\u0441\u043a\u043e\u0433\u043e \u0430\u0440\u0445\u0438\u0442\u0435\u043a\u0442\u043e\u0440\u0430 \u041a\u0430\u0440\u043b\u0430 \u042d\u0434\u0443\u0430\u0440\u0434\u0430 \u0421\u0442\u0440\u0430\u043d\u0434\u043c\u0430\u043d\u0430, \u044f\u0432\u043b\u044f\u0435\u0442\u0441\u044f \u043e\u0434\u043d\u0438\u043c \u0438\u0437 \u0433\u043b\u0430\u0432\u043d\u044b\u0445 \u0430\u0440\u0445\u0438\u0442\u0435\u043a\u0442\u0443\u0440\u043d\u044b\u0445 \u043f\u0430\u043c\u044f\u0442\u043d\u0438\u043a\u043e\u0432 \u0433\u043e\u0440\u043e\u0434\u0430.<\/p>\n","protected":false},"author":1,"featured_media":32048,"parent":23278,"menu_order":87,"comment_status":"closed","ping_status":"closed","template":"","meta":{"_acf_changed":false,"_monsterinsights_skip_tracking":false,"_monsterinsights_sitenote_active":false,"_monsterinsights_sitenote_note":"","_monsterinsights_sitenote_category":0,"footnotes":""},"class_list":["post-43712","page","type-page","status-publish","has-post-thumbnail","hentry"],"acf":[],"_links":{"self":[{"href":"https:\/\/siluteinfo.lt\/ru\/wp-json\/wp\/v2\/pages\/43712","targetHints":{"allow":["GET"]}}],"collection":[{"href":"https:\/\/siluteinfo.lt\/ru\/wp-json\/wp\/v2\/pages"}],"about":[{"href":"https:\/\/siluteinfo.lt\/ru\/wp-json\/wp\/v2\/types\/page"}],"author":[{"embeddable":true,"href":"https:\/\/siluteinfo.lt\/ru\/wp-json\/wp\/v2\/users\/1"}],"replies":[{"embeddable":true,"href":"https:\/\/siluteinfo.lt\/ru\/wp-json\/wp\/v2\/comments?post=43712"}],"version-history":[{"count":0,"href":"https:\/\/siluteinfo.lt\/ru\/wp-json\/wp\/v2\/pages\/43712\/revisions"}],"up":[{"embeddable":true,"href":"https:\/\/siluteinfo.lt\/ru\/wp-json\/wp\/v2\/pages\/23278"}],"wp:featuredmedia":[{"embeddable":true,"href":"https:\/\/siluteinfo.lt\/ru\/wp-json\/wp\/v2\/media\/32048"}],"wp:attachment":[{"href":"https:\/\/siluteinfo.lt\/ru\/wp-json\/wp\/v2\/media?parent=43712"}],"curies":[{"name":"wp","href":"https:\/\/api.w.org\/{rel}","templated":true}]}}