{"id":43694,"date":"2022-05-26T06:10:37","date_gmt":"2022-05-26T04:10:37","guid":{"rendered":"https:\/\/siluteinfo.lt\/dosug\/mesta-dlia-poseshchenija\/etnograficheskaya-usadba-muzej-rybaka\/"},"modified":"2025-06-18T19:24:21","modified_gmt":"2025-06-18T17:24:21","slug":"etnograficheskaya-usadba-muzej-rybaka","status":"publish","type":"page","link":"https:\/\/siluteinfo.lt\/ru\/dosug\/mesta-dlia-poseshchenija\/etnograficheskaya-usadba-muzej-rybaka\/","title":{"rendered":"\u042d\u0442\u043d\u043e\u0433\u0440\u0430\u0444\u0438\u0447\u0435\u0441\u043a\u0430\u044f \u0443\u0441\u0430\u0434\u044c\u0431\u0430-\u043c\u0443\u0437\u0435\u0439 \u0440\u044b\u0431\u0430\u043a\u0430"},"content":{"rendered":"\t\t<div data-elementor-type=\"wp-page\" data-elementor-id=\"43694\" class=\"elementor elementor-43694 elementor-11325\" data-elementor-post-type=\"page\">\n\t\t\t\t<div class=\"wd-negative-gap elementor-element elementor-element-9c74c9d e-flex e-con-boxed e-con e-parent\" data-id=\"9c74c9d\" data-element_type=\"container\" data-e-type=\"container\">\n\t\t\t\t\t<div class=\"e-con-inner\">\n\t\t<div class=\"elementor-element elementor-element-02ef3d5 e-con-full e-flex e-con e-child\" data-id=\"02ef3d5\" data-element_type=\"container\" data-e-type=\"container\">\n\t\t\t\t<div class=\"elementor-element elementor-element-f16730d elementor-widget elementor-widget-theme-post-featured-image elementor-widget-image\" data-id=\"f16730d\" data-element_type=\"widget\" data-e-type=\"widget\" data-widget_type=\"theme-post-featured-image.default\">\n\t\t\t\t<div class=\"elementor-widget-container\">\n\t\t\t\t\t\t\t\t\t\t\t\t\t\t\t<img loading=\"lazy\" decoding=\"async\" width=\"1200\" height=\"900\" src=\"https:\/\/siluteinfo.lt\/wp-content\/themes\/woodmart\/images\/lazy.svg\" data-src=\"https:\/\/siluteinfo.lt\/wp-content\/uploads\/2023\/11\/lankomi-etnografine-zvejo-sodyba-muziejus.jpg\" class=\" wd-lazy-blur attachment-full size-full wp-image-32020\" alt=\"Etnografin\u0117 \u017evejo sodyba-muziejus Rusn\u0117je\" srcset=\"\" data-srcset=\"https:\/\/siluteinfo.lt\/wp-content\/uploads\/2023\/11\/lankomi-etnografine-zvejo-sodyba-muziejus.jpg 1200w, https:\/\/siluteinfo.lt\/wp-content\/uploads\/2023\/11\/lankomi-etnografine-zvejo-sodyba-muziejus-400x300.jpg 400w, https:\/\/siluteinfo.lt\/wp-content\/uploads\/2023\/11\/lankomi-etnografine-zvejo-sodyba-muziejus-768x576.jpg 768w\" sizes=\"auto, (max-width: 1200px) 100vw, 1200px\" \/>\t\t\t\t\t\t\t\t\t\t\t\t\t\t\t<\/div>\n\t\t\t\t<\/div>\n\t\t\t\t<\/div>\n\t\t<div class=\"elementor-element elementor-element-b0175c8 e-con-full e-flex e-con e-child\" data-id=\"b0175c8\" data-element_type=\"container\" data-e-type=\"container\">\n\t\t\t\t<div class=\"elementor-element elementor-element-846eb78 color-scheme-inherit text-left elementor-widget elementor-widget-text-editor\" data-id=\"846eb78\" data-element_type=\"widget\" data-e-type=\"widget\" data-widget_type=\"text-editor.default\">\n\t\t\t\t<div class=\"elementor-widget-container\">\n\t\t\t\t\t\t\t\t\t<div dir=\"auto\" style=\"font-style: normal; font-variant-ligatures: normal; font-variant-caps: normal; font-weight: 400; font-family: Jost, Arial, Helvetica, sans-serif; font-size: 16px; white-space: normal; text-align: justify;\"><div dir=\"auto\" style=\"font-style: normal; font-variant-ligatures: normal; font-variant-caps: normal; font-weight: 400; font-family: Jost, Arial, Helvetica, sans-serif; font-size: 16px; white-space: normal; text-align: justify;\"><div dir=\"auto\" style=\"font-style: normal; font-variant-ligatures: normal; font-variant-caps: normal; font-weight: 400; font-family: Jost, Arial, Helvetica, sans-serif; font-size: 16px; white-space: normal; text-align: justify;\"><div dir=\"auto\" style=\"font-style: normal; font-variant-ligatures: normal; font-variant-caps: normal; font-weight: 400; font-family: Jost, Arial, Helvetica, sans-serif; font-size: 16px; white-space: normal; text-align: justify;\"><div dir=\"auto\" style=\"font-style: normal; font-variant-ligatures: normal; font-variant-caps: normal; font-weight: 400; font-family: Jost, Arial, Helvetica, sans-serif; font-size: 16px; white-space: normal; text-align: justify;\"><p style=\"text-align: left;\">\u042d\u0442\u043d\u043e\u0433\u0440\u0430\u0444\u0438\u0447\u0435\u0441\u043a\u0430\u044f \u0443\u0441\u0430\u0434\u044c\u0431\u0430-\u043c\u0443\u0437\u0435\u0439 \u0440\u044b\u0431\u0430\u043a\u0430 \u041a\u0430\u0437\u0438\u043c\u0435\u0440\u0430 \u0411\u0430\u043d\u0438 \u0431\u044b\u043b\u0430 \u043e\u0441\u043d\u043e\u0432\u0430\u043d\u0430 \u0432 1997 \u0433\u043e\u0434\u0443 \u043a\u0430\u043a \u0442\u0438\u043f\u0438\u0447\u043d\u0430\u044f \u0443\u0441\u0430\u0434\u044c\u0431\u0430 \u0440\u044b\u0431\u043e\u043b\u043e\u0432\u0430-\u0437\u0435\u043c\u043b\u0435\u0434\u0435\u043b\u044c\u0446\u0430. \u0412 \u0443\u0441\u0430\u0434\u044c\u0431\u0435 \u0441\u043e\u0431\u0440\u0430\u043d\u043e \u043c\u043d\u043e\u0436\u0435\u0441\u0442\u0432\u043e \u0441\u0442\u0430\u0440\u0438\u043d\u043d\u044b\u0445, \u043d\u044b\u043d\u0435 \u043d\u0435\u0438\u0441\u043f\u043e\u043b\u044c\u0437\u0443\u0435\u043c\u044b\u0445 \u043f\u0440\u0435\u0434\u043c\u0435\u0442\u043e\u0432: \u0440\u044b\u0431\u043e\u043b\u043e\u0432\u043d\u044b\u0435 \u0438 \u0431\u044b\u0442\u043e\u0432\u044b\u0435 \u043f\u0440\u0438\u043d\u0430\u0434\u043b\u0435\u0436\u043d\u043e\u0441\u0442\u0438, \u043c\u0435\u0431\u0435\u043b\u044c, \u0438\u043d\u0441\u0442\u0440\u0443\u043c\u0435\u043d\u0442\u044b, \u043e\u0434\u0435\u0436\u0434\u0430 \u0438 \u0434\u0440. \u0427\u0442\u043e\u0431\u044b \u0443\u0437\u043d\u0430\u0442\u044c \u0438\u0441\u0442\u043e\u0440\u0438\u044e \u0438 \u043d\u0430\u0437\u043d\u0430\u0447\u0435\u043d\u0438\u0435 \u043a\u0430\u0436\u0434\u043e\u0433\u043e \u2013 \u043f\u043e\u0442\u0440\u0435\u0431\u0443\u0435\u0442\u0441\u044f \u043d\u0435\u043c\u0430\u043b\u043e \u0432\u0440\u0435\u043c\u0435\u043d\u0438. \u042d\u0442\u043e\u0439 \u0443\u0441\u0430\u0434\u044c\u0431\u0435 \u0431\u043e\u043b\u0435\u0435 200 \u043b\u0435\u0442.<br>\u0426\u0435\u043b\u044c \u044d\u0442\u043d\u043e\u0433\u0440\u0430\u0444\u0438\u0447\u0435\u0441\u043a\u043e\u0439 \u0443\u0441\u0430\u0434\u044c\u0431\u044b \u2013 \u0445\u043e\u0442\u044f \u0431\u044b \u043d\u0430 \u043c\u0433\u043d\u043e\u0432\u0435\u043d\u0438\u0435 \u043f\u0435\u0440\u0435\u043d\u0435\u0441\u0442\u0438 \u043d\u044b\u043d\u0435\u0448\u043d\u0438\u0435 \u0438 \u0431\u0443\u0434\u0443\u0449\u0438\u0435 \u043f\u043e\u043a\u043e\u043b\u0435\u043d\u0438\u044f, \u0438\u043d\u0442\u0435\u0440\u0435\u0441\u0443\u044e\u0449\u0438\u0435\u0441\u044f \u0438\u0441\u0442\u043e\u0440\u0438\u0435\u0439 \u043e\u0441\u0442\u0440\u043e\u0432\u0430, \u0432 \u043a\u043e\u043d\u0435\u0446 XIX \u2013 \u043d\u0430\u0447\u0430\u043b\u043e XX \u0432\u0435\u043a\u0430. \u042d\u043a\u0441\u043f\u043e\u0437\u0438\u0446\u0438\u044f \u0437\u043d\u0430\u043a\u043e\u043c\u0438\u0442 \u0441 \u043e\u0431\u0440\u0430\u0437\u043e\u043c \u0436\u0438\u0437\u043d\u0438 \u0438 \u0437\u0430\u043d\u044f\u0442\u0438\u044f\u043c\u0438 \u0442\u0438\u043f\u0438\u0447\u043d\u043e\u0433\u043e \u0440\u044b\u0431\u043e\u043b\u043e\u0432\u0430-\u0437\u0435\u043c\u043b\u0435\u0434\u0435\u043b\u044c\u0446\u0430 \u0440\u0435\u0433\u0438\u043e\u043d\u0430 \u041f\u0430\u043c\u0430\u0440\u044c\u0435. <\/p><p style=\"text-align: left;\">\u041f\u0440\u0438\u043c\u0435\u0447\u0430\u043d\u0438\u0435: \u043e\u0431\u044a\u0435\u043a\u0442 \u043d\u0430\u0445\u043e\u0434\u0438\u0442\u0441\u044f \u0432 \u0447\u0430\u0441\u0442\u043d\u043e\u0439 \u0441\u043e\u0431\u0441\u0442\u0432\u0435\u043d\u043d\u043e\u0441\u0442\u0438, \u043f\u043e\u0441\u0435\u0449\u0435\u043d\u0438\u0435 \u043e\u0433\u0440\u0430\u043d\u0438\u0447\u0435\u043d\u043e (\u0432 \u0440\u0430\u0431\u043e\u0447\u0438\u0435 \u0434\u043d\u0438 \u0437\u0430\u043a\u0440\u044b\u0442\u043e, \u043d\u0435\u043e\u0431\u0445\u043e\u0434\u0438\u043c\u043e \u0434\u043e\u0433\u043e\u0432\u0430\u0440\u0438\u0432\u0430\u0442\u044c\u0441\u044f \u0437\u0430\u0440\u0430\u043d\u0435\u0435).<\/p><\/div><\/div><\/div><\/div><\/div>\t\t\t\t\t\t\t\t<\/div>\n\t\t\t\t<\/div>\n\t\t\t\t<\/div>\n\t\t<div class=\"elementor-element elementor-element-0501306 e-con-full e-flex e-con e-child\" data-id=\"0501306\" data-element_type=\"container\" data-e-type=\"container\">\n\t\t\t\t<div class=\"elementor-element elementor-element-ffe1ccf elementor-widget elementor-widget-shortcode\" data-id=\"ffe1ccf\" data-element_type=\"widget\" data-e-type=\"widget\" data-widget_type=\"shortcode.default\">\n\t\t\t\t<div class=\"elementor-widget-container\">\n\t\t\t\t\t\t\t<div class=\"elementor-shortcode\">\t\t<div id=\"maps-marker-pro-3832c119\" class=\"maps-marker-pro mmp-list-below\" style=\"width: 100%;\">\n\t\t\t<div id=\"mmp-map-wrap-3832c119\" class=\"mmp-map-wrap\">\n\t\t\t\t\t\t\t\t\t<div id=\"mmp-panel-3832c119\" class=\"mmp-panel\"><\/div>\n\t\t\t\t\t\t\t\t<div id=\"mmp-map-3832c119\" class=\"mmp-map\" style=\"height: 500px;\"><\/div>\n\t\t\t\t\t\t\t<\/div>\n\t\t\t\t\t\t\t<div id=\"mmp-list-3832c119\" class=\"mmp-list\" style=\"flex-basis: 400px;\"><\/div>\n\t\t\t\t\t<\/div>\n\t\t<\/div>\n\t\t\t\t\t\t<\/div>\n\t\t\t\t<\/div>\n\t\t\t\t<\/div>\n\t\t\t\t\t<\/div>\n\t\t\t\t<\/div>\n\t\t\t\t<\/div>\n\t\t","protected":false},"excerpt":{"rendered":"<p>\u042d\u0442\u043d\u043e\u0433\u0440\u0430\u0444\u0438\u0447\u0435\u0441\u043a\u0430\u044f \u0443\u0441\u0430\u0434\u044c\u0431\u0430-\u043c\u0443\u0437\u0435\u0439 \u0440\u044b\u0431\u0430\u043a\u0430 \u041a\u0430\u0437\u0438\u043c\u0435\u0440\u0430 \u0411\u0430\u043d\u0438 \u0431\u044b\u043b\u0430 \u043e\u0441\u043d\u043e\u0432\u0430\u043d\u0430 \u0432 1997 \u0433\u043e\u0434\u0443 \u043a\u0430\u043a \u0442\u0438\u043f\u0438\u0447\u043d\u0430\u044f \u0443\u0441\u0430\u0434\u044c\u0431\u0430 \u0440\u044b\u0431\u043e\u043b\u043e\u0432\u0430-\u0437\u0435\u043c\u043b\u0435\u0434\u0435\u043b\u044c\u0446\u0430. \u0412 \u0443\u0441\u0430\u0434\u044c\u0431\u0435 \u0441\u043e\u0431\u0440\u0430\u043d\u043e \u043c\u043d\u043e\u0436\u0435\u0441\u0442\u0432\u043e \u0441\u0442\u0430\u0440\u0438\u043d\u043d\u044b\u0445, \u043d\u044b\u043d\u0435<\/p>\n","protected":false},"author":1,"featured_media":32020,"parent":23278,"menu_order":83,"comment_status":"closed","ping_status":"closed","template":"","meta":{"_acf_changed":false,"_monsterinsights_skip_tracking":false,"_monsterinsights_sitenote_active":false,"_monsterinsights_sitenote_note":"","_monsterinsights_sitenote_category":0,"footnotes":""},"class_list":["post-43694","page","type-page","status-publish","has-post-thumbnail","hentry"],"acf":[],"_links":{"self":[{"href":"https:\/\/siluteinfo.lt\/ru\/wp-json\/wp\/v2\/pages\/43694","targetHints":{"allow":["GET"]}}],"collection":[{"href":"https:\/\/siluteinfo.lt\/ru\/wp-json\/wp\/v2\/pages"}],"about":[{"href":"https:\/\/siluteinfo.lt\/ru\/wp-json\/wp\/v2\/types\/page"}],"author":[{"embeddable":true,"href":"https:\/\/siluteinfo.lt\/ru\/wp-json\/wp\/v2\/users\/1"}],"replies":[{"embeddable":true,"href":"https:\/\/siluteinfo.lt\/ru\/wp-json\/wp\/v2\/comments?post=43694"}],"version-history":[{"count":0,"href":"https:\/\/siluteinfo.lt\/ru\/wp-json\/wp\/v2\/pages\/43694\/revisions"}],"up":[{"embeddable":true,"href":"https:\/\/siluteinfo.lt\/ru\/wp-json\/wp\/v2\/pages\/23278"}],"wp:featuredmedia":[{"embeddable":true,"href":"https:\/\/siluteinfo.lt\/ru\/wp-json\/wp\/v2\/media\/32020"}],"wp:attachment":[{"href":"https:\/\/siluteinfo.lt\/ru\/wp-json\/wp\/v2\/media?parent=43694"}],"curies":[{"name":"wp","href":"https:\/\/api.w.org\/{rel}","templated":true}]}}