{"id":43433,"date":"2023-06-01T16:48:00","date_gmt":"2023-06-01T14:48:00","guid":{"rendered":"https:\/\/siluteinfo.lt\/dosug\/mesta-dlia-poseshchenija\/zdanie-byvshey-villa-verdaine\/"},"modified":"2025-06-12T15:28:30","modified_gmt":"2025-06-12T13:28:30","slug":"zdanie-byvshey-villa-verdaine","status":"publish","type":"page","link":"https:\/\/siluteinfo.lt\/ru\/dosug\/mesta-dlia-poseshchenija\/zdanie-byvshey-villa-verdaine\/","title":{"rendered":"\u0417\u0434\u0430\u043d\u0438\u0435 \u0431\u044b\u0432\u0448\u0435\u0439 \u00ab\u0412\u0438\u043b\u043b\u044b \u0412\u0435\u0440\u0434\u0430\u0439\u043d\u044d\u00bb"},"content":{"rendered":"\t\t<div data-elementor-type=\"wp-page\" data-elementor-id=\"43433\" class=\"elementor elementor-43433 elementor-24689\" data-elementor-post-type=\"page\">\n\t\t\t\t<div class=\"wd-negative-gap elementor-element elementor-element-a63ebc0 e-flex e-con-boxed e-con e-parent\" data-id=\"a63ebc0\" data-element_type=\"container\" data-e-type=\"container\">\n\t\t\t\t\t<div class=\"e-con-inner\">\n\t\t<div class=\"elementor-element elementor-element-642aa79 e-con-full e-flex e-con e-child\" data-id=\"642aa79\" data-element_type=\"container\" data-e-type=\"container\">\n\t\t\t\t<div class=\"elementor-element elementor-element-b2d5cae elementor-widget elementor-widget-theme-post-featured-image elementor-widget-image\" data-id=\"b2d5cae\" data-element_type=\"widget\" data-e-type=\"widget\" data-widget_type=\"theme-post-featured-image.default\">\n\t\t\t\t<div class=\"elementor-widget-container\">\n\t\t\t\t\t\t\t\t\t\t\t\t\t\t\t<img loading=\"lazy\" decoding=\"async\" width=\"1200\" height=\"900\" src=\"https:\/\/siluteinfo.lt\/wp-content\/themes\/woodmart\/images\/lazy.svg\" data-src=\"https:\/\/siluteinfo.lt\/wp-content\/uploads\/2023\/11\/lankomi-buvusios-verdaines-vilos-pastatas.jpg\" class=\" wd-lazy-blur attachment-full size-full wp-image-31931\" alt=\"Buvusios \u201eVerdain\u0117s vilos\u201c pastatas Verdain\u0117s kaime\" srcset=\"\" data-srcset=\"https:\/\/siluteinfo.lt\/wp-content\/uploads\/2023\/11\/lankomi-buvusios-verdaines-vilos-pastatas.jpg 1200w, https:\/\/siluteinfo.lt\/wp-content\/uploads\/2023\/11\/lankomi-buvusios-verdaines-vilos-pastatas-400x300.jpg 400w, https:\/\/siluteinfo.lt\/wp-content\/uploads\/2023\/11\/lankomi-buvusios-verdaines-vilos-pastatas-768x576.jpg 768w\" sizes=\"auto, (max-width: 1200px) 100vw, 1200px\" \/>\t\t\t\t\t\t\t\t\t\t\t\t\t\t\t<\/div>\n\t\t\t\t<\/div>\n\t\t\t\t<\/div>\n\t\t<div class=\"elementor-element elementor-element-19213d9 e-con-full e-flex e-con e-child\" data-id=\"19213d9\" data-element_type=\"container\" data-e-type=\"container\">\n\t\t\t\t<div class=\"elementor-element elementor-element-9a93ae6 color-scheme-inherit text-left elementor-widget elementor-widget-text-editor\" data-id=\"9a93ae6\" data-element_type=\"widget\" data-e-type=\"widget\" data-widget_type=\"text-editor.default\">\n\t\t\t\t<div class=\"elementor-widget-container\">\n\t\t\t\t\t\t\t\t\t<div dir=\"auto\" style=\"font-style: normal; font-variant-ligatures: normal; font-variant-caps: normal; font-weight: 400; font-family: Jost, Arial, Helvetica, sans-serif; font-size: 16px; white-space: normal; text-align: justify;\"><div dir=\"auto\" style=\"font-style: normal; font-variant-ligatures: normal; font-variant-caps: normal; font-weight: 400; font-family: Jost, Arial, Helvetica, sans-serif; font-size: 16px; white-space: normal; text-align: justify;\"><div dir=\"auto\" style=\"font-style: normal; font-variant-ligatures: normal; font-variant-caps: normal; font-weight: 400; font-family: Jost, Arial, Helvetica, sans-serif; font-size: 16px; white-space: normal; text-align: justify;\"><div dir=\"auto\" style=\"font-style: normal; font-variant-ligatures: normal; font-variant-caps: normal; font-weight: 400; font-family: Jost, Arial, Helvetica, sans-serif; font-size: 16px; white-space: normal; text-align: justify;\"><p style=\"text-align: left;\">\u041f\u0435\u0440\u0435\u0434 \u041f\u0435\u0440\u0432\u043e\u0439 \u043c\u0438\u0440\u043e\u0432\u043e\u0439 \u0432\u043e\u0439\u043d\u043e\u0439 \u043d\u0430 \u043c\u0435\u0441\u0442\u0435 \u0441\u0442\u0430\u0440\u043e\u0433\u043e \u0434\u0435\u0440\u0435\u0432\u044f\u043d\u043d\u043e\u0433\u043e \u0442\u0440\u0430\u043a\u0442\u0438\u0440\u0430 (\u043d\u0430\u0437\u044b\u0432\u0430\u0432\u0448\u0435\u0433\u043e\u0441\u044f \u0412\u0435\u0440\u0445\u043d\u0438\u043c) \u043f\u043e\u0441\u0442\u0440\u043e\u0438\u043b\u0438 \u043a\u0440\u0430\u0441\u0438\u0432\u043e\u0435 \u043a\u0438\u0440\u043f\u0438\u0447\u043d\u043e\u0435 \u0437\u0434\u0430\u043d\u0438\u0435 \u2014 \u0440\u0435\u0441\u0442\u043e\u0440\u0430\u043d Villa Werden (\u0412\u0438\u043b\u043b\u0430 \u0412\u0435\u0440\u0434\u0430\u0439\u043d\u044d). \u0412\u043e \u0434\u0432\u043e\u0440\u0435 \u043f\u043e\u0441\u0430\u0434\u0438\u043b\u0438 \u0434\u0435\u0440\u0435\u0432\u044c\u044f \u0438 \u043a\u0443\u0441\u0442\u0430\u0440\u043d\u0438\u043a\u0438, \u043b\u0435\u0442\u043e\u043c \u0441\u0442\u043e\u044f\u043b\u0438 \u0441\u0442\u043e\u043b\u0438\u043a\u0438 \u0438 \u0441\u0442\u0443\u043b\u044c\u044f. \u042d\u0442\u043e \u0431\u044b\u043b\u043e \u0438\u0437\u043b\u044e\u0431\u043b\u0435\u043d\u043d\u043e\u0435 \u043c\u0435\u0441\u0442\u043e \u0436\u0438\u0442\u0435\u043b\u0435\u0439 \u0428\u0438\u043b\u043e\u043a\u0430\u0440\u0447\u0435\u043c\u044b.<br>\u0412\u043e \u0434\u0432\u043e\u0440\u0435 \u0432\u043e\u0437\u0432\u0435\u043b\u0438 \u043f\u0440\u043e\u0441\u0442\u043e\u0440\u043d\u044b\u0439 \u043a\u0438\u0440\u043f\u0438\u0447\u043d\u044b\u0439 \u0437\u0430\u043b \u0441\u043e \u0441\u0446\u0435\u043d\u043e\u0439, \u0433\u0434\u0435 \u043f\u0440\u043e\u0445\u043e\u0434\u0438\u043b\u0438 \u0441\u043f\u0435\u043a\u0442\u0430\u043a\u043b\u0438, \u043a\u043e\u043d\u0446\u0435\u0440\u0442\u044b, \u0442\u0430\u043d\u0446\u044b \u0438 \u0441\u043e\u0431\u0440\u0430\u043d\u0438\u044f. \u0420\u0435\u0441\u0442\u043e\u0440\u0430\u043d \u0438\u043c\u0435\u043b \u043e\u0434\u0438\u043d \u0438\u0437 \u043f\u0435\u0440\u0432\u044b\u0445 \u0440\u0430\u0434\u0438\u043e\u043f\u0440\u0438\u0435\u043c\u043d\u0438\u043a\u043e\u0432 \u0432 \u041a\u043b\u0430\u0439\u043f\u0435\u0434\u0441\u043a\u043e\u043c \u043a\u0440\u0430\u0435 \u2014 \u0441 1924 \u0433\u043e\u0434\u0430 \u043f\u043e\u0441\u0435\u0442\u0438\u0442\u0435\u043b\u0438 \u0441\u043b\u0443\u0448\u0430\u043b\u0438 \u043f\u0435\u0440\u0435\u0434\u0430\u0447\u0438 \u0438\u0437 \u041a\u0451\u043d\u0438\u0433\u0441\u0431\u0435\u0440\u0433\u0430, \u0411\u0435\u0440\u043b\u0438\u043d\u0430, \u041b\u043e\u043d\u0434\u043e\u043d\u0430.<br>19 \u044f\u043d\u0432\u0430\u0440\u044f 1923 \u0433\u043e\u0434\u0430 \u0432 \u044d\u0442\u043e\u043c \u0437\u0434\u0430\u043d\u0438\u0438 \u0441\u043e\u0431\u0440\u0430\u043b\u0441\u044f \u0421\u0435\u0439\u043c \u0428\u0438\u043b\u0443\u0442\u0435. \u0411\u043e\u043b\u0435\u0435 120 \u043f\u0440\u0435\u0434\u0441\u0442\u0430\u0432\u0438\u0442\u0435\u043b\u0435\u0439 \u043f\u043e\u0434\u043f\u0438\u0441\u0430\u043b\u0438 \u0434\u0435\u043a\u043b\u0430\u0440\u0430\u0446\u0438\u044e \u043e \u043f\u0440\u0438\u0441\u043e\u0435\u0434\u0438\u043d\u0435\u043d\u0438\u0438 \u041a\u043b\u0430\u0439\u043f\u0435\u0434\u0441\u043a\u043e\u0433\u043e \u043a\u0440\u0430\u044f \u043a \u0432\u043e\u0441\u0441\u0442\u0430\u043d\u043e\u0432\u043b\u0435\u043d\u043d\u043e\u043c\u0443 \u043b\u0438\u0442\u043e\u0432\u0441\u043a\u043e\u043c\u0443 \u0433\u043e\u0441\u0443\u0434\u0430\u0440\u0441\u0442\u0432\u0443 \u043d\u0430 \u043f\u0440\u0430\u0432\u0430\u0445 \u0430\u0432\u0442\u043e\u043d\u043e\u043c\u0438\u0438.    <\/p><p style=\"text-align: left;\">\u041f\u043e\u0441\u043b\u0435 \u0432\u043e\u0439\u043d\u044b (\u0432 1946 \u0433.) \u0437\u0434\u0435\u0441\u044c \u0440\u0430\u0437\u043c\u0435\u0441\u0442\u0438\u043b\u043e\u0441\u044c \u0434\u043e\u0440\u043e\u0436\u043d\u043e\u0435 \u0443\u043f\u0440\u0430\u0432\u043b\u0435\u043d\u0438\u0435, \u0430 \u0442\u0435\u043f\u0435\u0440\u044c \u0440\u0430\u0431\u043e\u0442\u0430\u0435\u0442 \u043a\u043e\u043c\u043f\u0430\u043d\u0438\u044f \u201e\u0160ilut\u0117s automobili\u0173 keliai\u201c.<br>\u041c\u0435\u0441\u0442\u043e \u043e\u0442\u043c\u0435\u0447\u0435\u043d\u043e \u043f\u0430\u043c\u044f\u0442\u043d\u043e\u0439 \u0442\u0430\u0431\u043b\u0438\u0447\u043a\u043e\u0439 \u0438 \u0443\u043d\u0438\u043a\u0430\u043b\u044c\u043d\u043e\u0439 \u0445\u0443\u0434\u043e\u0436\u0435\u0441\u0442\u0432\u0435\u043d\u043d\u043e\u0439 \u0438\u043d\u0441\u0442\u0430\u043b\u043b\u044f\u0446\u0438\u0435\u0439 \u00ab\u0414\u0435\u043b\u0435\u0433\u0430\u0442\u044b\u00bb, \u0438\u0437\u043e\u0431\u0440\u0430\u0436\u0430\u044e\u0449\u0435\u0439 \u043f\u0440\u0435\u0434\u0441\u0442\u0430\u0432\u0438\u0442\u0435\u043b\u0435\u0439 \u0412\u0435\u0440\u0445\u043e\u0432\u043d\u043e\u0433\u043e \u043a\u043e\u043c\u0438\u0442\u0435\u0442\u0430 \u0441\u043f\u0430\u0441\u0435\u043d\u0438\u044f \u041c\u0430\u043b\u043e\u0439 \u041b\u0438\u0442\u0432\u044b: \u0412\u0438\u043b\u0438\u044e\u0441\u0430 \u0428\u0430\u0443\u043b\u0438\u043d\u0441\u043a\u0438\u0441\u0430, \u041c\u0430\u0440\u0442\u0456\u043d\u0430\u0441\u0430 \u042f\u043d\u043a\u0443\u0441\u0430, \u0419\u043e\u043d\u0430\u0441\u0430 \u0412\u0430\u043d\u0430\u0433\u0430\u0439\u0442\u0438\u0441\u0430, \u042e\u0440\u0433\u0438\u0441\u0430 \u041b\u0435\u0431\u0430\u0440\u0442\u0430\u0441\u0430 \u0438 \u042e\u0440\u0433\u0438\u0441\u0430 \u0411\u0440\u0443\u0432\u0435\u043b\u044f\u0439\u0442\u0438\u0441\u0430. <\/p><\/div><\/div><\/div><\/div>\t\t\t\t\t\t\t\t<\/div>\n\t\t\t\t<\/div>\n\t\t\t\t<\/div>\n\t\t<div class=\"elementor-element elementor-element-9ace103 e-con-full e-flex e-con e-child\" data-id=\"9ace103\" data-element_type=\"container\" data-e-type=\"container\">\n\t\t\t\t<div class=\"elementor-element elementor-element-4c6e249 elementor-widget elementor-widget-shortcode\" data-id=\"4c6e249\" data-element_type=\"widget\" data-e-type=\"widget\" data-widget_type=\"shortcode.default\">\n\t\t\t\t<div class=\"elementor-widget-container\">\n\t\t\t\t\t\t\t<div class=\"elementor-shortcode\">\t\t<div id=\"maps-marker-pro-37e2f430\" class=\"maps-marker-pro mmp-list-below\" style=\"width: 100%;\">\n\t\t\t<div id=\"mmp-map-wrap-37e2f430\" class=\"mmp-map-wrap\">\n\t\t\t\t\t\t\t\t\t<div id=\"mmp-panel-37e2f430\" class=\"mmp-panel\"><\/div>\n\t\t\t\t\t\t\t\t<div id=\"mmp-map-37e2f430\" class=\"mmp-map\" style=\"height: 500px;\"><\/div>\n\t\t\t\t\t\t\t<\/div>\n\t\t\t\t\t\t\t<div id=\"mmp-list-37e2f430\" class=\"mmp-list\" style=\"flex-basis: 400px;\"><\/div>\n\t\t\t\t\t<\/div>\n\t\t<\/div>\n\t\t\t\t\t\t<\/div>\n\t\t\t\t<\/div>\n\t\t\t\t<\/div>\n\t\t\t\t\t<\/div>\n\t\t\t\t<\/div>\n\t\t\t\t<\/div>\n\t\t","protected":false},"excerpt":{"rendered":"<p>\u041f\u0435\u0440\u0435\u0434 \u041f\u0435\u0440\u0432\u043e\u0439 \u043c\u0438\u0440\u043e\u0432\u043e\u0439 \u0432\u043e\u0439\u043d\u043e\u0439 \u043d\u0430 \u043c\u0435\u0441\u0442\u0435 \u0441\u0442\u0430\u0440\u043e\u0433\u043e \u0434\u0435\u0440\u0435\u0432\u044f\u043d\u043d\u043e\u0433\u043e \u0442\u0440\u0430\u043a\u0442\u0438\u0440\u0430 (\u043d\u0430\u0437\u044b\u0432\u0430\u0432\u0448\u0435\u0433\u043e\u0441\u044f \u0412\u0435\u0440\u0445\u043d\u0438\u043c) \u043f\u043e\u0441\u0442\u0440\u043e\u0438\u043b\u0438 \u043a\u0440\u0430\u0441\u0438\u0432\u043e\u0435 \u043a\u0438\u0440\u043f\u0438\u0447\u043d\u043e\u0435 \u0437\u0434\u0430\u043d\u0438\u0435 \u2014 \u0440\u0435\u0441\u0442\u043e\u0440\u0430\u043d Villa Werden (\u0412\u0438\u043b\u043b\u0430<\/p>\n","protected":false},"author":2,"featured_media":31931,"parent":23278,"menu_order":70,"comment_status":"closed","ping_status":"closed","template":"","meta":{"_acf_changed":false,"_monsterinsights_skip_tracking":false,"_monsterinsights_sitenote_active":false,"_monsterinsights_sitenote_note":"","_monsterinsights_sitenote_category":0,"footnotes":""},"class_list":["post-43433","page","type-page","status-publish","has-post-thumbnail","hentry"],"acf":[],"_links":{"self":[{"href":"https:\/\/siluteinfo.lt\/ru\/wp-json\/wp\/v2\/pages\/43433","targetHints":{"allow":["GET"]}}],"collection":[{"href":"https:\/\/siluteinfo.lt\/ru\/wp-json\/wp\/v2\/pages"}],"about":[{"href":"https:\/\/siluteinfo.lt\/ru\/wp-json\/wp\/v2\/types\/page"}],"author":[{"embeddable":true,"href":"https:\/\/siluteinfo.lt\/ru\/wp-json\/wp\/v2\/users\/2"}],"replies":[{"embeddable":true,"href":"https:\/\/siluteinfo.lt\/ru\/wp-json\/wp\/v2\/comments?post=43433"}],"version-history":[{"count":0,"href":"https:\/\/siluteinfo.lt\/ru\/wp-json\/wp\/v2\/pages\/43433\/revisions"}],"up":[{"embeddable":true,"href":"https:\/\/siluteinfo.lt\/ru\/wp-json\/wp\/v2\/pages\/23278"}],"wp:featuredmedia":[{"embeddable":true,"href":"https:\/\/siluteinfo.lt\/ru\/wp-json\/wp\/v2\/media\/31931"}],"wp:attachment":[{"href":"https:\/\/siluteinfo.lt\/ru\/wp-json\/wp\/v2\/media?parent=43433"}],"curies":[{"name":"wp","href":"https:\/\/api.w.org\/{rel}","templated":true}]}}