{"id":43421,"date":"2022-05-26T05:34:45","date_gmt":"2022-05-26T03:34:45","guid":{"rendered":"https:\/\/siluteinfo.lt\/dosug\/mesta-dlia-poseshchenija\/zdanie-zheleznodorozhnogo-vokzala-shilute\/"},"modified":"2025-06-12T15:23:58","modified_gmt":"2025-06-12T13:23:58","slug":"zdanie-zheleznodorozhnogo-vokzala-shilute","status":"publish","type":"page","link":"https:\/\/siluteinfo.lt\/ru\/dosug\/mesta-dlia-poseshchenija\/zdanie-zheleznodorozhnogo-vokzala-shilute\/","title":{"rendered":"\u0417\u0434\u0430\u043d\u0438\u0435 \u0436\u0435\u043b\u0435\u0437\u043d\u043e\u0434\u043e\u0440\u043e\u0436\u043d\u043e\u0433\u043e \u0432\u043e\u043a\u0437\u0430\u043b\u0430 \u0432 \u0428\u0438\u043b\u0443\u0442\u0435"},"content":{"rendered":"\t\t<div data-elementor-type=\"wp-page\" data-elementor-id=\"43421\" class=\"elementor elementor-43421 elementor-11265\" data-elementor-post-type=\"page\">\n\t\t\t\t<div class=\"wd-negative-gap elementor-element elementor-element-da344e7 e-flex e-con-boxed e-con e-parent\" data-id=\"da344e7\" data-element_type=\"container\" data-e-type=\"container\">\n\t\t\t\t\t<div class=\"e-con-inner\">\n\t\t<div class=\"elementor-element elementor-element-2a42953 e-con-full e-flex e-con e-child\" data-id=\"2a42953\" data-element_type=\"container\" data-e-type=\"container\">\n\t\t\t\t<div class=\"elementor-element elementor-element-4742016 elementor-widget elementor-widget-theme-post-featured-image elementor-widget-image\" data-id=\"4742016\" data-element_type=\"widget\" data-e-type=\"widget\" data-widget_type=\"theme-post-featured-image.default\">\n\t\t\t\t<div class=\"elementor-widget-container\">\n\t\t\t\t\t\t\t\t\t\t\t\t\t\t\t<img loading=\"lazy\" decoding=\"async\" width=\"1200\" height=\"900\" src=\"https:\/\/siluteinfo.lt\/wp-content\/themes\/woodmart\/images\/lazy.svg\" data-src=\"https:\/\/siluteinfo.lt\/wp-content\/uploads\/2023\/11\/lankomi-gelezinkelio-stoties-pastatas.jpg\" class=\" wd-lazy-blur attachment-full size-full wp-image-31925\" alt=\"Gele\u017einkelio stoties pastatas \u0160ilut\u0117je\" srcset=\"\" data-srcset=\"https:\/\/siluteinfo.lt\/wp-content\/uploads\/2023\/11\/lankomi-gelezinkelio-stoties-pastatas.jpg 1200w, https:\/\/siluteinfo.lt\/wp-content\/uploads\/2023\/11\/lankomi-gelezinkelio-stoties-pastatas-400x300.jpg 400w, https:\/\/siluteinfo.lt\/wp-content\/uploads\/2023\/11\/lankomi-gelezinkelio-stoties-pastatas-768x576.jpg 768w\" sizes=\"auto, (max-width: 1200px) 100vw, 1200px\" \/>\t\t\t\t\t\t\t\t\t\t\t\t\t\t\t<\/div>\n\t\t\t\t<\/div>\n\t\t\t\t<\/div>\n\t\t<div class=\"elementor-element elementor-element-5c61d66 e-con-full e-flex e-con e-child\" data-id=\"5c61d66\" data-element_type=\"container\" data-e-type=\"container\">\n\t\t\t\t<div class=\"elementor-element elementor-element-2d80946 color-scheme-inherit text-left elementor-widget elementor-widget-text-editor\" data-id=\"2d80946\" data-element_type=\"widget\" data-e-type=\"widget\" data-widget_type=\"text-editor.default\">\n\t\t\t\t<div class=\"elementor-widget-container\">\n\t\t\t\t\t\t\t\t\t<div dir=\"auto\" style=\"font-style: normal; font-variant-ligatures: normal; font-variant-caps: normal; font-weight: 400; font-family: Jost, Arial, Helvetica, sans-serif; font-size: 16px; white-space: normal; text-align: justify;\"><div dir=\"auto\" style=\"font-style: normal; font-variant-ligatures: normal; font-variant-caps: normal; font-weight: 400; font-family: Jost, Arial, Helvetica, sans-serif; font-size: 16px; white-space: normal; text-align: justify;\"><div dir=\"auto\" style=\"font-style: normal; font-variant-ligatures: normal; font-variant-caps: normal; font-weight: 400; font-family: Jost, Arial, Helvetica, sans-serif; font-size: 16px; white-space: normal; text-align: justify;\"><div dir=\"auto\" style=\"font-style: normal; font-variant-ligatures: normal; font-variant-caps: normal; font-weight: 400; font-family: Jost, Arial, Helvetica, sans-serif; font-size: 16px; white-space: normal; text-align: justify;\"><div dir=\"auto\" style=\"font-style: normal; font-variant-ligatures: normal; font-variant-caps: normal; font-weight: 400; font-family: Jost, Arial, Helvetica, sans-serif; font-size: 16px; white-space: normal; text-align: justify;\"><p style=\"text-align: left;\">\u0421\u0442\u0440\u043e\u0438\u0442\u0435\u043b\u044c\u0441\u0442\u0432\u043e \u0436\u0435\u043b\u0435\u0437\u043d\u043e\u0439 \u0434\u043e\u0440\u043e\u0433\u0438 \u041a\u043b\u0430\u0439\u043f\u0435\u0434\u0430\u2013\u0422\u0438\u043b\u044c\u0437\u0438\u0442 \u043d\u0430\u0447\u0430\u043b\u043e\u0441\u044c \u0432\u0435\u0441\u043d\u043e\u0439 1872 \u0433\u043e\u0434\u0430 \u0438 \u0437\u0430\u0432\u0435\u0440\u0448\u0438\u043b\u043e\u0441\u044c 1 \u0438\u044e\u043b\u044f 1875 \u0433\u043e\u0434\u0430. \u0412\u043e\u043a\u0437\u0430\u043b \u0431\u044b\u043b \u043f\u043e\u0441\u0442\u0440\u043e\u0435\u043d \u0432 \u0434\u0435\u0440\u0435\u0432\u043d\u0435 \u0416\u0438\u0431\u0430\u0439, \u043f\u043e\u044d\u0442\u043e\u043c\u0443 \u0435\u0433\u043e \u043d\u0430\u0437\u044b\u0432\u0430\u043b\u0438 \u0441\u0442\u0430\u043d\u0446\u0438\u0435\u0439 \u0416\u0438\u0431\u0430\u0439\u2013\u0428\u0438\u043b\u043e\u043a\u0430\u0440\u0447\u0435\u043c\u0430. \u0417\u0434\u0435\u0441\u044c \u0431\u044b\u043b\u0438 \u0432\u0441\u0435 \u043d\u0435\u043e\u0431\u0445\u043e\u0434\u0438\u043c\u044b\u0435 \u0437\u0434\u0430\u043d\u0438\u044f, \u0432\u043e\u0434\u043e\u043f\u0440\u043e\u0432\u043e\u0434, \u0436\u0438\u043b\u044b\u0435 \u0434\u043e\u043c\u0430 \u0434\u043b\u044f \u0440\u0430\u0431\u043e\u0442\u043d\u0438\u043a\u043e\u0432 \u0436\u0435\u043b\u0435\u0437\u043d\u043e\u0439 \u0434\u043e\u0440\u043e\u0433\u0438 \u0438 \u043d\u0435\u0431\u043e\u043b\u044c\u0448\u043e\u0435 \u0434\u0435\u043f\u043e \u0434\u043b\u044f \u043e\u0431\u0441\u043b\u0443\u0436\u0438\u0432\u0430\u043d\u0438\u044f \u043f\u0430\u0440\u043e\u0432\u043e\u0437\u043e\u0432.<br>\u041a\u043e\u043c\u043f\u043b\u0435\u043a\u0441 \u0437\u0434\u0430\u043d\u0438\u0439 \u0432 \u0441\u0442\u0438\u043b\u0435 \u043c\u043e\u0434\u0435\u0440\u043d \u043f\u043e\u0441\u0442\u0440\u043e\u0435\u043d \u0432 \u043a\u043e\u043d\u0446\u0435 XIX \u2013 \u043d\u0430\u0447\u0430\u043b\u0435 XX \u0432\u0435\u043a\u0430 \u0438 \u044f\u0432\u043b\u044f\u0435\u0442\u0441\u044f \u043e\u0445\u0440\u0430\u043d\u044f\u0435\u043c\u044b\u043c \u043e\u0431\u044a\u0435\u043a\u0442\u043e\u043c \u043a\u0443\u043b\u044c\u0442\u0443\u0440\u043d\u043e\u0433\u043e \u043d\u0430\u0441\u043b\u0435\u0434\u0438\u044f. \u0417\u0434\u0430\u043d\u0438\u044f \u043a\u0438\u0440\u043f\u0438\u0447\u043d\u044b\u0435, \u0441 \u0447\u0435\u0440\u0435\u0434\u043e\u0432\u0430\u043d\u0438\u0435\u043c \u043e\u0434\u043d\u043e\u0433\u043e \u0438 \u0434\u0432\u0443\u0445 \u044d\u0442\u0430\u0436\u0435\u0439. \u0426\u0435\u043d\u0442\u0440\u0430\u043b\u044c\u043d\u0430\u044f \u0447\u0430\u0441\u0442\u044c \u2013 \u0434\u0432\u0443\u0445\u044d\u0442\u0430\u0436\u043d\u0430\u044f, \u044e\u0436\u043d\u043e\u0435 \u043a\u0440\u044b\u043b\u043e \u2013 \u043e\u0434\u043d\u043e\u044d\u0442\u0430\u0436\u043d\u043e\u0435, \u0441\u0435\u0432\u0435\u0440\u043d\u043e\u0435 \u2013 \u0434\u0432\u0443\u0445\u044d\u0442\u0430\u0436\u043d\u043e\u0435. \u041f\u043b\u0430\u0442\u0444\u043e\u0440\u043c\u0430 \u043d\u0430\u0445\u043e\u0434\u0438\u0442\u0441\u044f \u0441 \u0432\u043e\u0441\u0442\u043e\u0447\u043d\u043e\u0439 \u0441\u0442\u043e\u0440\u043e\u043d\u044b. \u0412\u0445\u043e\u0434\u044b \u0440\u0430\u0441\u043f\u043e\u043b\u043e\u0436\u0435\u043d\u044b \u043d\u0430 \u0432\u043e\u0441\u0442\u043e\u043a\u0435 \u0438 \u0437\u0430\u043f\u0430\u0434\u0435. \u041d\u0430 \u0432\u0442\u043e\u0440\u043e\u043c \u044d\u0442\u0430\u0436\u0435 \u2014 \u043f\u044f\u0442\u044c \u0436\u0438\u043b\u044b\u0445 \u043a\u0432\u0430\u0440\u0442\u0438\u0440. \u0421\u043e\u0445\u0440\u0430\u043d\u0438\u043b\u0430\u0441\u044c \u0441\u0435\u0442\u044c \u043d\u0435\u0441\u0443\u0449\u0438\u0445 \u0441\u0442\u0435\u043d, \u043d\u043e \u0444\u0443\u043d\u043a\u0446\u0438\u0438 \u043f\u043e\u043c\u0435\u0449\u0435\u043d\u0438\u0439 \u0438\u0437\u043c\u0435\u043d\u0435\u043d\u044b. \u041f\u0440\u0435\u0434\u043f\u043e\u043b\u0430\u0433\u0430\u0435\u0442\u0441\u044f, \u0447\u0442\u043e \u0432 \u044e\u0436\u043d\u043e\u043c \u043a\u0440\u044b\u043b\u0435 \u043d\u0430\u0445\u043e\u0434\u0438\u043b\u0441\u044f \u0440\u0435\u0441\u0442\u043e\u0440\u0430\u043d, \u0432\u043f\u043e\u0441\u043b\u0435\u0434\u0441\u0442\u0432\u0438\u0438 \u043f\u0435\u0440\u0435\u043e\u0431\u043e\u0440\u0443\u0434\u043e\u0432\u0430\u043d\u043d\u044b\u0439 \u0432 \u0437\u0430\u043b \u043e\u0436\u0438\u0434\u0430\u043d\u0438\u044f.        <\/p><\/div><\/div><\/div><\/div><\/div>\t\t\t\t\t\t\t\t<\/div>\n\t\t\t\t<\/div>\n\t\t\t\t<\/div>\n\t\t<div class=\"elementor-element elementor-element-e2676f2 e-con-full e-flex e-con e-child\" data-id=\"e2676f2\" data-element_type=\"container\" data-e-type=\"container\">\n\t\t\t\t<div class=\"elementor-element elementor-element-c49aca1 elementor-widget elementor-widget-shortcode\" data-id=\"c49aca1\" data-element_type=\"widget\" data-e-type=\"widget\" data-widget_type=\"shortcode.default\">\n\t\t\t\t<div class=\"elementor-widget-container\">\n\t\t\t\t\t\t\t<div class=\"elementor-shortcode\">\t\t<div id=\"maps-marker-pro-5cf16040\" class=\"maps-marker-pro mmp-list-below\" style=\"width: 100%;\">\n\t\t\t<div id=\"mmp-map-wrap-5cf16040\" class=\"mmp-map-wrap\">\n\t\t\t\t\t\t\t\t\t<div id=\"mmp-panel-5cf16040\" class=\"mmp-panel\"><\/div>\n\t\t\t\t\t\t\t\t<div id=\"mmp-map-5cf16040\" class=\"mmp-map\" style=\"height: 500px;\"><\/div>\n\t\t\t\t\t\t\t<\/div>\n\t\t\t\t\t\t\t<div id=\"mmp-list-5cf16040\" class=\"mmp-list\" style=\"flex-basis: 400px;\"><\/div>\n\t\t\t\t\t<\/div>\n\t\t<\/div>\n\t\t\t\t\t\t<\/div>\n\t\t\t\t<\/div>\n\t\t\t\t<\/div>\n\t\t\t\t\t<\/div>\n\t\t\t\t<\/div>\n\t\t\t\t<\/div>\n\t\t","protected":false},"excerpt":{"rendered":"<p>\u0421\u0442\u0440\u043e\u0438\u0442\u0435\u043b\u044c\u0441\u0442\u0432\u043e \u0436\u0435\u043b\u0435\u0437\u043d\u043e\u0439 \u0434\u043e\u0440\u043e\u0433\u0438 \u041a\u043b\u0430\u0439\u043f\u0435\u0434\u0430\u2013\u0422\u0438\u043b\u044c\u0437\u0438\u0442 \u043d\u0430\u0447\u0430\u043b\u043e\u0441\u044c \u0432\u0435\u0441\u043d\u043e\u0439 1872 \u0433\u043e\u0434\u0430 \u0438 \u0437\u0430\u0432\u0435\u0440\u0448\u0438\u043b\u043e\u0441\u044c 1 \u0438\u044e\u043b\u044f 1875 \u0433\u043e\u0434\u0430. \u0412\u043e\u043a\u0437\u0430\u043b \u0431\u044b\u043b \u043f\u043e\u0441\u0442\u0440\u043e\u0435\u043d \u0432 \u0434\u0435\u0440\u0435\u0432\u043d\u0435 \u0416\u0438\u0431\u0430\u0439,<\/p>\n","protected":false},"author":1,"featured_media":31925,"parent":23278,"menu_order":69,"comment_status":"closed","ping_status":"closed","template":"","meta":{"_acf_changed":false,"_monsterinsights_skip_tracking":false,"_monsterinsights_sitenote_active":false,"_monsterinsights_sitenote_note":"","_monsterinsights_sitenote_category":0,"footnotes":""},"class_list":["post-43421","page","type-page","status-publish","has-post-thumbnail","hentry"],"acf":[],"_links":{"self":[{"href":"https:\/\/siluteinfo.lt\/ru\/wp-json\/wp\/v2\/pages\/43421","targetHints":{"allow":["GET"]}}],"collection":[{"href":"https:\/\/siluteinfo.lt\/ru\/wp-json\/wp\/v2\/pages"}],"about":[{"href":"https:\/\/siluteinfo.lt\/ru\/wp-json\/wp\/v2\/types\/page"}],"author":[{"embeddable":true,"href":"https:\/\/siluteinfo.lt\/ru\/wp-json\/wp\/v2\/users\/1"}],"replies":[{"embeddable":true,"href":"https:\/\/siluteinfo.lt\/ru\/wp-json\/wp\/v2\/comments?post=43421"}],"version-history":[{"count":0,"href":"https:\/\/siluteinfo.lt\/ru\/wp-json\/wp\/v2\/pages\/43421\/revisions"}],"up":[{"embeddable":true,"href":"https:\/\/siluteinfo.lt\/ru\/wp-json\/wp\/v2\/pages\/23278"}],"wp:featuredmedia":[{"embeddable":true,"href":"https:\/\/siluteinfo.lt\/ru\/wp-json\/wp\/v2\/media\/31925"}],"wp:attachment":[{"href":"https:\/\/siluteinfo.lt\/ru\/wp-json\/wp\/v2\/media?parent=43421"}],"curies":[{"name":"wp","href":"https:\/\/api.w.org\/{rel}","templated":true}]}}