{"id":43401,"date":"2022-05-26T05:38:17","date_gmt":"2022-05-26T03:38:17","guid":{"rendered":"https:\/\/siluteinfo.lt\/dosug\/mesta-dlia-poseshchenija\/kompleks-byvshego-gazovogo-zavoda\/"},"modified":"2025-06-12T15:15:08","modified_gmt":"2025-06-12T13:15:08","slug":"kompleks-byvshego-gazovogo-zavoda","status":"publish","type":"page","link":"https:\/\/siluteinfo.lt\/ru\/dosug\/mesta-dlia-poseshchenija\/kompleks-byvshego-gazovogo-zavoda\/","title":{"rendered":"\u041a\u043e\u043c\u043f\u043b\u0435\u043a\u0441 \u0437\u0434\u0430\u043d\u0438\u0439 \u0431\u044b\u0432\u0448\u0435\u0433\u043e \u0433\u0430\u0437\u043e\u0432\u043e\u0433\u043e \u0437\u0430\u0432\u043e\u0434\u0430"},"content":{"rendered":"\t\t<div data-elementor-type=\"wp-page\" data-elementor-id=\"43401\" class=\"elementor elementor-43401 elementor-11277\" data-elementor-post-type=\"page\">\n\t\t\t\t<div class=\"wd-negative-gap elementor-element elementor-element-1ba6379 e-flex e-con-boxed e-con e-parent\" data-id=\"1ba6379\" data-element_type=\"container\" data-e-type=\"container\">\n\t\t\t\t\t<div class=\"e-con-inner\">\n\t\t<div class=\"elementor-element elementor-element-56e5be1 e-con-full e-flex e-con e-child\" data-id=\"56e5be1\" data-element_type=\"container\" data-e-type=\"container\">\n\t\t\t\t<div class=\"elementor-element elementor-element-110e6eb elementor-widget elementor-widget-theme-post-featured-image elementor-widget-image\" data-id=\"110e6eb\" data-element_type=\"widget\" data-e-type=\"widget\" data-widget_type=\"theme-post-featured-image.default\">\n\t\t\t\t<div class=\"elementor-widget-container\">\n\t\t\t\t\t\t\t\t\t\t\t\t\t\t\t<img loading=\"lazy\" decoding=\"async\" width=\"1200\" height=\"800\" src=\"https:\/\/siluteinfo.lt\/wp-content\/themes\/woodmart\/images\/lazy.svg\" data-src=\"https:\/\/siluteinfo.lt\/wp-content\/uploads\/2023\/11\/lankomi-buvusio-duju-fabriko-pastatu-kompleksas.jpg\" class=\" wd-lazy-blur attachment-full size-full wp-image-31912\" alt=\"Buvusio duj\u0173 fabriko pastat\u0173 kompleksas \u0160ilut\u0117je\" srcset=\"\" data-srcset=\"https:\/\/siluteinfo.lt\/wp-content\/uploads\/2023\/11\/lankomi-buvusio-duju-fabriko-pastatu-kompleksas.jpg 1200w, https:\/\/siluteinfo.lt\/wp-content\/uploads\/2023\/11\/lankomi-buvusio-duju-fabriko-pastatu-kompleksas-400x267.jpg 400w, https:\/\/siluteinfo.lt\/wp-content\/uploads\/2023\/11\/lankomi-buvusio-duju-fabriko-pastatu-kompleksas-768x512.jpg 768w\" sizes=\"auto, (max-width: 1200px) 100vw, 1200px\" \/>\t\t\t\t\t\t\t\t\t\t\t\t\t\t\t<\/div>\n\t\t\t\t<\/div>\n\t\t\t\t<\/div>\n\t\t<div class=\"elementor-element elementor-element-88c5a39 e-con-full e-flex e-con e-child\" data-id=\"88c5a39\" data-element_type=\"container\" data-e-type=\"container\">\n\t\t\t\t<div class=\"elementor-element elementor-element-d2a95c9 color-scheme-inherit text-left elementor-widget elementor-widget-text-editor\" data-id=\"d2a95c9\" data-element_type=\"widget\" data-e-type=\"widget\" data-widget_type=\"text-editor.default\">\n\t\t\t\t<div class=\"elementor-widget-container\">\n\t\t\t\t\t\t\t\t\t<div dir=\"auto\" style=\"font-style: normal; font-variant-ligatures: normal; font-variant-caps: normal; font-weight: 400; font-family: Jost, Arial, Helvetica, sans-serif; font-size: 16px; white-space: normal; text-align: justify;\"><div dir=\"auto\" style=\"font-style: normal; font-variant-ligatures: normal; font-variant-caps: normal; font-weight: 400; font-family: Jost, Arial, Helvetica, sans-serif; font-size: 16px; white-space: normal; text-align: justify;\"><div dir=\"auto\" style=\"font-style: normal; font-variant-ligatures: normal; font-variant-caps: normal; font-weight: 400; font-family: Jost, Arial, Helvetica, sans-serif; font-size: 16px; white-space: normal; text-align: justify;\"><div dir=\"auto\" style=\"font-style: normal; font-variant-ligatures: normal; font-variant-caps: normal; font-weight: 400; font-family: Jost, Arial, Helvetica, sans-serif; font-size: 16px; white-space: normal; text-align: justify;\"><p style=\"text-align: left;\">\u0412 1907 \u0433\u043e\u0434\u0443 \u043d\u0430 \u043e\u043a\u0440\u0430\u0438\u043d\u0435 \u0433\u043e\u0440\u043e\u0434\u0430 \u0428\u0438\u043b\u0443\u0442\u0435, \u0432 \u0440\u0430\u0439\u043e\u043d\u0435 \u0412\u0435\u0440\u0434\u0430\u0439\u043d\u0435, \u0431\u044b\u043b \u043f\u043e\u0441\u0442\u0440\u043e\u0435\u043d \u0438 \u0432\u0432\u0435\u0434\u0451\u043d \u0432 \u044d\u043a\u0441\u043f\u043b\u0443\u0430\u0442\u0430\u0446\u0438\u044e \u0433\u0430\u0437\u043e\u0432\u044b\u0439 \u0437\u0430\u0432\u043e\u0434. \u0417\u0430\u0432\u043e\u0434 \u0438\u043c\u0435\u043b \u0434\u0432\u0435 \u043f\u0435\u0447\u0438, \u043a\u0430\u0436\u0434\u0430\u044f \u0441 \u043e\u0434\u043d\u043e\u0439 \u0440\u0435\u0442\u043e\u0440\u0442\u043e\u0439. \u041d\u0430 \u0442\u0435\u0440\u0440\u0438\u0442\u043e\u0440\u0438\u0438 \u043d\u0430\u0445\u043e\u0434\u0438\u043b\u0441\u044f \u043d\u0430\u0437\u0435\u043c\u043d\u044b\u0439 \u0440\u0435\u0437\u0435\u0440\u0432\u0443\u0430\u0440 \u043e\u0431\u044a\u0451\u043c\u043e\u043c 800\u20131000 \u043c\u00b3. \u0413\u0430\u0437 \u043f\u0440\u043e\u0438\u0437\u0432\u043e\u0434\u0438\u043b\u0441\u044f \u0438\u0437 \u043a\u0430\u043c\u0435\u043d\u043d\u043e\u0433\u043e \u0443\u0433\u043b\u044f, \u0434\u043e\u0441\u0442\u0430\u0432\u043b\u044f\u0432\u0448\u0435\u0433\u043e\u0441\u044f \u0432 \u0428\u0438\u043b\u0443\u0442\u0435 \u043f\u043e \u0436\u0435\u043b\u0435\u0437\u043d\u043e\u0439 \u0434\u043e\u0440\u043e\u0433\u0435, \u0430 \u043e\u0442\u0442\u0443\u0434\u0430 \u2013 \u043d\u0430 \u0437\u0430\u0432\u043e\u0434 \u0433\u0443\u0436\u0435\u0432\u044b\u043c \u0442\u0440\u0430\u043d\u0441\u043f\u043e\u0440\u0442\u043e\u043c. \u0413\u0430\u0437 \u043f\u043e \u0442\u0440\u0443\u0431\u043e\u043f\u0440\u043e\u0432\u043e\u0434\u0430\u043c \u043f\u043e\u0441\u0442\u0443\u043f\u0430\u043b \u0432 \u0443\u0447\u0440\u0435\u0436\u0434\u0435\u043d\u0438\u044f, \u043f\u0440\u0435\u0434\u043f\u0440\u0438\u044f\u0442\u0438\u044f \u0438 \u0436\u0438\u043b\u044b\u0435 \u0434\u043e\u043c\u0430 \u0428\u0438\u043b\u043e\u043a\u0430\u0440\u0446\u0435\u043c\u044b, \u0416\u0438\u0431\u044b \u0438 \u0412\u0435\u0440\u0434\u0430\u0439\u043d\u0435, \u0438\u0441\u043f\u043e\u043b\u044c\u0437\u043e\u0432\u0430\u043b\u0441\u044f \u0442\u0430\u043a\u0436\u0435 \u0434\u043b\u044f \u0443\u043b\u0438\u0447\u043d\u043e\u0433\u043e \u043e\u0441\u0432\u0435\u0449\u0435\u043d\u0438\u044f.<br>\u0412 1945 \u0433\u043e\u0434\u0443, \u043f\u043e\u0441\u043b\u0435 \u043f\u0440\u0438\u0445\u043e\u0434\u0430 \u0421\u043e\u0432\u0435\u0442\u0441\u043a\u043e\u0439 \u0430\u0440\u043c\u0438\u0438, \u043f\u0440\u0435\u0434\u043f\u0440\u0438\u043d\u044f\u0442\u0430 \u043f\u043e\u043f\u044b\u0442\u043a\u0430 \u0437\u0430\u043f\u0443\u0441\u0442\u0438\u0442\u044c \u0437\u0430\u0432\u043e\u0434, \u043d\u043e \u043e\u0431\u043e\u0440\u0443\u0434\u043e\u0432\u0430\u043d\u0438\u0435 \u043e\u043a\u0430\u0437\u0430\u043b\u043e\u0441\u044c \u0443\u0441\u0442\u0430\u0440\u0435\u0432\u0448\u0438\u043c \u0438 \u0438\u0437\u043d\u043e\u0448\u0435\u043d\u043d\u044b\u043c, \u0438 \u043f\u043e\u0434\u0430\u0447\u0430 \u0433\u0430\u0437\u0430 \u043d\u0435 \u0431\u044b\u043b\u0430 \u0432\u043e\u0441\u0441\u0442\u0430\u043d\u043e\u0432\u043b\u0435\u043d\u0430. \u0412 1950 \u0433\u043e\u0434\u0443 \u0437\u0434\u0430\u043d\u0438\u044f \u0438 \u0442\u0435\u0440\u0440\u0438\u0442\u043e\u0440\u0438\u044f \u0431\u044b\u043b\u0438 \u043f\u0435\u0440\u0435\u0434\u0430\u043d\u044b \u0441\u043e\u0437\u0434\u0430\u044e\u0449\u0435\u0439\u0441\u044f \u0428\u0438\u043b\u0443\u0442\u0441\u043a\u043e\u0439 \u043c\u0430\u0448\u0438\u043d\u043d\u043e-\u043c\u0435\u043b\u0438\u043e\u0440\u0430\u0442\u0438\u0432\u043d\u043e\u0439 \u0441\u0442\u0430\u043d\u0446\u0438\u0438. \u0417\u0430\u0432\u043e\u0434\u0441\u043a\u0438\u0435 \u0437\u0434\u0430\u043d\u0438\u044f \u0431\u044b\u043b\u0438 \u043f\u0435\u0440\u0435\u0441\u0442\u0440\u043e\u0435\u043d\u044b, \u043e\u0431\u043e\u0440\u0443\u0434\u043e\u0432\u0430\u043d\u0438\u0435 \u0434\u0435\u043c\u043e\u043d\u0442\u0438\u0440\u043e\u0432\u0430\u043d\u043e, \u043f\u043e\u043c\u0435\u0449\u0435\u043d\u0438\u044f \u043f\u0435\u0440\u0435\u043e\u0431\u043e\u0440\u0443\u0434\u043e\u0432\u0430\u043d\u044b \u0432 \u0446\u0435\u0445\u0430 \u0438 \u0441\u043a\u043b\u0430\u0434\u044b.            <br>\u0421\u0435\u0433\u043e\u0434\u043d\u044f \u0432 \u043e\u0434\u043d\u043e\u043c \u0438\u0437 \u0431\u044b\u0432\u0448\u0438\u0445 \u0437\u0430\u0432\u043e\u0434\u0441\u043a\u0438\u0445 \u0437\u0434\u0430\u043d\u0438\u0439 \u0440\u0430\u0441\u043f\u043e\u043b\u043e\u0436\u0435\u043d \u0433\u043e\u0441\u0442\u0435\u0432\u043e\u0439 \u0434\u043e\u043c Villa Verdain\u0117.<\/p><\/div><\/div><\/div><\/div>\t\t\t\t\t\t\t\t<\/div>\n\t\t\t\t<\/div>\n\t\t\t\t<\/div>\n\t\t<div class=\"elementor-element elementor-element-0644f6b e-con-full e-flex e-con e-child\" data-id=\"0644f6b\" data-element_type=\"container\" data-e-type=\"container\">\n\t\t\t\t<div class=\"elementor-element elementor-element-4dfa713 elementor-widget elementor-widget-shortcode\" data-id=\"4dfa713\" data-element_type=\"widget\" data-e-type=\"widget\" data-widget_type=\"shortcode.default\">\n\t\t\t\t<div class=\"elementor-widget-container\">\n\t\t\t\t\t\t\t<div class=\"elementor-shortcode\">\t\t<div id=\"maps-marker-pro-96447e69\" class=\"maps-marker-pro mmp-list-below\" style=\"width: 100%;\">\n\t\t\t<div id=\"mmp-map-wrap-96447e69\" class=\"mmp-map-wrap\">\n\t\t\t\t\t\t\t\t\t<div id=\"mmp-panel-96447e69\" class=\"mmp-panel\"><\/div>\n\t\t\t\t\t\t\t\t<div id=\"mmp-map-96447e69\" class=\"mmp-map\" style=\"height: 500px;\"><\/div>\n\t\t\t\t\t\t\t<\/div>\n\t\t\t\t\t\t\t<div id=\"mmp-list-96447e69\" class=\"mmp-list\" style=\"flex-basis: 400px;\"><\/div>\n\t\t\t\t\t<\/div>\n\t\t<\/div>\n\t\t\t\t\t\t<\/div>\n\t\t\t\t<\/div>\n\t\t\t\t<\/div>\n\t\t\t\t\t<\/div>\n\t\t\t\t<\/div>\n\t\t\t\t<\/div>\n\t\t","protected":false},"excerpt":{"rendered":"<p>\u0412 1907 \u0433\u043e\u0434\u0443 \u043d\u0430 \u043e\u043a\u0440\u0430\u0438\u043d\u0435 \u0433\u043e\u0440\u043e\u0434\u0430 \u0428\u0438\u043b\u0443\u0442\u0435, \u0432 \u0440\u0430\u0439\u043e\u043d\u0435 \u0412\u0435\u0440\u0434\u0430\u0439\u043d\u0435, \u0431\u044b\u043b \u043f\u043e\u0441\u0442\u0440\u043e\u0435\u043d \u0438 \u0432\u0432\u0435\u0434\u0451\u043d \u0432 \u044d\u043a\u0441\u043f\u043b\u0443\u0430\u0442\u0430\u0446\u0438\u044e \u0433\u0430\u0437\u043e\u0432\u044b\u0439 \u0437\u0430\u0432\u043e\u0434. \u0417\u0430\u0432\u043e\u0434 \u0438\u043c\u0435\u043b<\/p>\n","protected":false},"author":1,"featured_media":31912,"parent":23278,"menu_order":67,"comment_status":"closed","ping_status":"closed","template":"","meta":{"_acf_changed":false,"_monsterinsights_skip_tracking":false,"_monsterinsights_sitenote_active":false,"_monsterinsights_sitenote_note":"","_monsterinsights_sitenote_category":0,"footnotes":""},"class_list":["post-43401","page","type-page","status-publish","has-post-thumbnail","hentry"],"acf":[],"_links":{"self":[{"href":"https:\/\/siluteinfo.lt\/ru\/wp-json\/wp\/v2\/pages\/43401","targetHints":{"allow":["GET"]}}],"collection":[{"href":"https:\/\/siluteinfo.lt\/ru\/wp-json\/wp\/v2\/pages"}],"about":[{"href":"https:\/\/siluteinfo.lt\/ru\/wp-json\/wp\/v2\/types\/page"}],"author":[{"embeddable":true,"href":"https:\/\/siluteinfo.lt\/ru\/wp-json\/wp\/v2\/users\/1"}],"replies":[{"embeddable":true,"href":"https:\/\/siluteinfo.lt\/ru\/wp-json\/wp\/v2\/comments?post=43401"}],"version-history":[{"count":0,"href":"https:\/\/siluteinfo.lt\/ru\/wp-json\/wp\/v2\/pages\/43401\/revisions"}],"up":[{"embeddable":true,"href":"https:\/\/siluteinfo.lt\/ru\/wp-json\/wp\/v2\/pages\/23278"}],"wp:featuredmedia":[{"embeddable":true,"href":"https:\/\/siluteinfo.lt\/ru\/wp-json\/wp\/v2\/media\/31912"}],"wp:attachment":[{"href":"https:\/\/siluteinfo.lt\/ru\/wp-json\/wp\/v2\/media?parent=43401"}],"curies":[{"name":"wp","href":"https:\/\/api.w.org\/{rel}","templated":true}]}}