{"id":43373,"date":"2022-05-26T05:37:10","date_gmt":"2022-05-26T03:37:10","guid":{"rendered":"https:\/\/siluteinfo.lt\/dosug\/mesta-dlia-poseshchenija\/byvshiy-sud-i-tyurma-na-200-mest\/"},"modified":"2025-06-12T15:03:30","modified_gmt":"2025-06-12T13:03:30","slug":"byvshiy-sud-i-tyurma-na-200-mest","status":"publish","type":"page","link":"https:\/\/siluteinfo.lt\/ru\/dosug\/mesta-dlia-poseshchenija\/byvshiy-sud-i-tyurma-na-200-mest\/","title":{"rendered":"\u0411\u044b\u0432\u0448\u0438\u0439 \u0441\u0443\u0434 \u0438 \u0442\u044e\u0440\u044c\u043c\u0430 \u043d\u0430 200 \u043c\u0435\u0441\u0442"},"content":{"rendered":"\t\t<div data-elementor-type=\"wp-page\" data-elementor-id=\"43373\" class=\"elementor elementor-43373 elementor-11273\" data-elementor-post-type=\"page\">\n\t\t\t\t<div class=\"wd-negative-gap elementor-element elementor-element-6ffb344 e-flex e-con-boxed e-con e-parent\" data-id=\"6ffb344\" data-element_type=\"container\" data-e-type=\"container\">\n\t\t\t\t\t<div class=\"e-con-inner\">\n\t\t<div class=\"elementor-element elementor-element-1498857 e-con-full e-flex e-con e-child\" data-id=\"1498857\" data-element_type=\"container\" data-e-type=\"container\">\n\t\t\t\t<div class=\"elementor-element elementor-element-4f198c6 elementor-widget elementor-widget-theme-post-featured-image elementor-widget-image\" data-id=\"4f198c6\" data-element_type=\"widget\" data-e-type=\"widget\" data-widget_type=\"theme-post-featured-image.default\">\n\t\t\t\t<div class=\"elementor-widget-container\">\n\t\t\t\t\t\t\t\t\t\t\t\t\t\t\t<img loading=\"lazy\" decoding=\"async\" width=\"1200\" height=\"900\" src=\"https:\/\/siluteinfo.lt\/wp-content\/themes\/woodmart\/images\/lazy.svg\" data-src=\"https:\/\/siluteinfo.lt\/wp-content\/uploads\/2023\/11\/lankomi-buve-teismo-rumai.jpg\" class=\" wd-lazy-blur attachment-full size-full wp-image-31892\" alt=\"Buvusi\u0173 teismo r\u016bm\u0173 ir 200 viet\u0173 kal\u0117jimo pastatas \u0160ilut\u0117je\" srcset=\"\" data-srcset=\"https:\/\/siluteinfo.lt\/wp-content\/uploads\/2023\/11\/lankomi-buve-teismo-rumai.jpg 1200w, https:\/\/siluteinfo.lt\/wp-content\/uploads\/2023\/11\/lankomi-buve-teismo-rumai-400x300.jpg 400w, https:\/\/siluteinfo.lt\/wp-content\/uploads\/2023\/11\/lankomi-buve-teismo-rumai-768x576.jpg 768w\" sizes=\"auto, (max-width: 1200px) 100vw, 1200px\" \/>\t\t\t\t\t\t\t\t\t\t\t\t\t\t\t<\/div>\n\t\t\t\t<\/div>\n\t\t\t\t<\/div>\n\t\t<div class=\"elementor-element elementor-element-9a245b8 e-con-full e-flex e-con e-child\" data-id=\"9a245b8\" data-element_type=\"container\" data-e-type=\"container\">\n\t\t\t\t<div class=\"elementor-element elementor-element-6de0dd7 color-scheme-inherit text-left elementor-widget elementor-widget-text-editor\" data-id=\"6de0dd7\" data-element_type=\"widget\" data-e-type=\"widget\" data-widget_type=\"text-editor.default\">\n\t\t\t\t<div class=\"elementor-widget-container\">\n\t\t\t\t\t\t\t\t\t<div dir=\"auto\" style=\"font-style: normal; font-variant-ligatures: normal; font-variant-caps: normal; font-weight: 400; font-family: Jost, Arial, Helvetica, sans-serif; font-size: 16px; white-space: normal; text-align: justify;\"><div dir=\"auto\" style=\"font-style: normal; font-variant-ligatures: normal; font-variant-caps: normal; font-weight: 400; font-family: Jost, Arial, Helvetica, sans-serif; font-size: 16px; white-space: normal; text-align: justify;\"><p style=\"text-align: left;\">\u0412 1848 \u0433\u043e\u0434\u0443 \u043d\u0430 \u0442\u0435\u0440\u0440\u0438\u0442\u043e\u0440\u0438\u0438 \u0431\u044b\u0432\u0448\u0435\u0439 \u0434\u0435\u0440\u0435\u0432\u043d\u0438 \u0416\u0438\u0431\u044b \u0431\u044b\u043b\u0438 \u043f\u043e\u0441\u0442\u0440\u043e\u0435\u043d\u044b \u0437\u0434\u0430\u043d\u0438\u044f \u043e\u043a\u0440\u0443\u0436\u043d\u043e\u0433\u043e \u0441\u0443\u0434\u0430 \u0438 \u0442\u044e\u0440\u044c\u043c\u044b \u043d\u0430 200 \u0437\u0430\u043a\u043b\u044e\u0447\u0451\u043d\u043d\u044b\u0445. \u0417\u0434\u0435\u0441\u044c \u0441\u043e\u0434\u0435\u0440\u0436\u0430\u043b\u0438\u0441\u044c \u0436\u0438\u0442\u0435\u043b\u0438 \u043e\u043a\u0440\u0435\u0441\u0442\u043d\u044b\u0445 \u0434\u0435\u0440\u0435\u0432\u0435\u043d\u044c, \u043f\u0440\u0438\u0433\u043e\u0432\u043e\u0440\u0451\u043d\u043d\u044b\u0435 \u043a \u0441\u0440\u043e\u043a\u0430\u043c \u0434\u043e 3 \u043b\u0435\u0442.<br>\u0412 1909 \u0433\u043e\u0434\u0443 \u0437\u0434\u0430\u043d\u0438\u044f \u0441\u0443\u0434\u0430 \u0431\u044b\u043b\u0438 \u0440\u0435\u043a\u043e\u043d\u0441\u0442\u0440\u0443\u0438\u0440\u043e\u0432\u0430\u043d\u044b \u2013 \u043d\u0430\u0434\u0441\u0442\u0440\u043e\u0435\u043d \u0442\u0440\u0435\u0442\u0438\u0439 \u044d\u0442\u0430\u0436 \u0438 \u0434\u043e\u0431\u0430\u0432\u043b\u0435\u043d\u043e \u0442\u0440\u0435\u0442\u044c\u0435 \u0437\u0434\u0430\u043d\u0438\u0435. \u0422\u044e\u0440\u044c\u043c\u0430 \u043f\u0440\u043e\u0434\u043e\u043b\u0436\u0430\u043b\u0430 \u0434\u0435\u0439\u0441\u0442\u0432\u043e\u0432\u0430\u0442\u044c \u043f\u043e\u0441\u043b\u0435 \u043f\u0440\u0438\u0441\u043e\u0435\u0434\u0438\u043d\u0435\u043d\u0438\u044f \u041a\u043b\u0430\u0439\u043f\u0435\u0434\u0441\u043a\u043e\u0433\u043e \u043a\u0440\u0430\u044f \u043a \u041d\u0435\u0437\u0430\u0432\u0438\u0441\u0438\u043c\u043e\u0439 \u041b\u0438\u0442\u0432\u0435 \u0438 \u0432\u043e \u0432\u0440\u0435\u043c\u0435\u043d\u0430 \u043d\u0430\u0446\u0438\u0441\u0442\u0441\u043a\u043e\u0439 \u043e\u043a\u043a\u0443\u043f\u0430\u0446\u0438\u0438. \u041f\u043e\u0441\u043b\u0435 1944 \u0433\u043e\u0434\u0430 \u0437\u0434\u0435\u0441\u044c \u043d\u0430\u0445\u043e\u0434\u0438\u043b\u0430\u0441\u044c \u0442\u044e\u0440\u044c\u043c\u0430 \u0441\u0442\u0430\u043b\u0438\u043d\u0441\u043a\u043e\u0433\u043e \u0440\u0435\u0436\u0438\u043c\u0430 \u0434\u043b\u044f \u043f\u043e\u043b\u0438\u0442\u0438\u0447\u0435\u0441\u043a\u0438\u0445 \u0437\u0430\u043a\u043b\u044e\u0447\u0451\u043d\u043d\u044b\u0445. \u041f\u043e\u0441\u043b\u0435 \u0441\u043c\u0435\u0440\u0442\u0438 \u0421\u0442\u0430\u043b\u0438\u043d\u0430 \u0442\u044e\u0440\u044c\u043c\u0430 \u0431\u044b\u043b\u0430 \u043b\u0438\u043a\u0432\u0438\u0434\u0438\u0440\u043e\u0432\u0430\u043d\u0430.<br>\u0421 1954 \u0433\u043e\u0434\u0430 \u0437\u0434\u0430\u043d\u0438\u044f \u0438\u0441\u043f\u043e\u043b\u044c\u0437\u0443\u044e\u0442\u0441\u044f \u0434\u043b\u044f \u043f\u0440\u043e\u0444\u0435\u0441\u0441\u0438\u043e\u043d\u0430\u043b\u044c\u043d\u043e\u0433\u043e \u043e\u0431\u0440\u0430\u0437\u043e\u0432\u0430\u043d\u0438\u044f \u2013 \u0437\u0434\u0435\u0441\u044c \u0440\u0430\u0441\u043f\u043e\u043b\u043e\u0436\u0438\u043b\u0430\u0441\u044c \u0448\u043a\u043e\u043b\u0430 \u0442\u0443\u0440\u0438\u0437\u043c\u0430 \u0438 \u0431\u0438\u0437\u043d\u0435\u0441\u0430 \u0432 \u0428\u0438\u043b\u0443\u0442\u0435. \u0412 \u0431\u044b\u0432\u0448\u0435\u043c \u0437\u0434\u0430\u043d\u0438\u0438 \u0441\u0443\u0434\u0430 \u0440\u0430\u0441\u043f\u043e\u043b\u043e\u0436\u0435\u043d\u044b \u043a\u043b\u0430\u0441\u0441\u044b, \u0432 \u0431\u044b\u0432\u0448\u0435\u0439 \u0442\u044e\u0440\u044c\u043c\u0435 \u2014 \u043e\u0431\u0449\u0435\u0436\u0438\u0442\u0438\u0435.<br>\u0412 2011 \u0433\u043e\u0434\u0443 \u0432 \u0431\u044b\u0432\u0448\u0435\u043c \u043a\u0430\u0440\u0446\u0435\u0440\u0435 \u043f\u043e\u0447\u0442\u0438 \u0441\u0442\u043e\u043b\u0435\u0442\u043d\u0435\u0439 \u0442\u044e\u0440\u044c\u043c\u044b \u0431\u044b\u043b \u043e\u0442\u043a\u0440\u044b\u0442 \u043c\u0443\u0437\u0435\u0439.         <\/p><\/div><\/div>\t\t\t\t\t\t\t\t<\/div>\n\t\t\t\t<\/div>\n\t\t\t\t<\/div>\n\t\t<div class=\"elementor-element elementor-element-6a777b3 e-con-full e-flex e-con e-child\" data-id=\"6a777b3\" data-element_type=\"container\" data-e-type=\"container\">\n\t\t\t\t<div class=\"elementor-element elementor-element-02d24a0 elementor-widget elementor-widget-shortcode\" data-id=\"02d24a0\" data-element_type=\"widget\" data-e-type=\"widget\" data-widget_type=\"shortcode.default\">\n\t\t\t\t<div class=\"elementor-widget-container\">\n\t\t\t\t\t\t\t<div class=\"elementor-shortcode\">\t\t<div id=\"maps-marker-pro-fcf737a0\" class=\"maps-marker-pro mmp-list-below\" style=\"width: 100%;\">\n\t\t\t<div id=\"mmp-map-wrap-fcf737a0\" class=\"mmp-map-wrap\">\n\t\t\t\t\t\t\t\t\t<div id=\"mmp-panel-fcf737a0\" class=\"mmp-panel\"><\/div>\n\t\t\t\t\t\t\t\t<div id=\"mmp-map-fcf737a0\" class=\"mmp-map\" style=\"height: 500px;\"><\/div>\n\t\t\t\t\t\t\t<\/div>\n\t\t\t\t\t\t\t<div id=\"mmp-list-fcf737a0\" class=\"mmp-list\" style=\"flex-basis: 400px;\"><\/div>\n\t\t\t\t\t<\/div>\n\t\t<\/div>\n\t\t\t\t\t\t<\/div>\n\t\t\t\t<\/div>\n\t\t\t\t<\/div>\n\t\t\t\t\t<\/div>\n\t\t\t\t<\/div>\n\t\t\t\t<\/div>\n\t\t","protected":false},"excerpt":{"rendered":"<p>\u0412 1848 \u0433\u043e\u0434\u0443 \u043d\u0430 \u0442\u0435\u0440\u0440\u0438\u0442\u043e\u0440\u0438\u0438 \u0431\u044b\u0432\u0448\u0435\u0439 \u0434\u0435\u0440\u0435\u0432\u043d\u0438 \u0416\u0438\u0431\u044b \u0431\u044b\u043b\u0438 \u043f\u043e\u0441\u0442\u0440\u043e\u0435\u043d\u044b \u0437\u0434\u0430\u043d\u0438\u044f \u043e\u043a\u0440\u0443\u0436\u043d\u043e\u0433\u043e \u0441\u0443\u0434\u0430 \u0438 \u0442\u044e\u0440\u044c\u043c\u044b \u043d\u0430 200 \u0437\u0430\u043a\u043b\u044e\u0447\u0451\u043d\u043d\u044b\u0445. \u0417\u0434\u0435\u0441\u044c \u0441\u043e\u0434\u0435\u0440\u0436\u0430\u043b\u0438\u0441\u044c<\/p>\n","protected":false},"author":1,"featured_media":31892,"parent":23278,"menu_order":64,"comment_status":"closed","ping_status":"closed","template":"","meta":{"_acf_changed":false,"_monsterinsights_skip_tracking":false,"_monsterinsights_sitenote_active":false,"_monsterinsights_sitenote_note":"","_monsterinsights_sitenote_category":0,"footnotes":""},"class_list":["post-43373","page","type-page","status-publish","has-post-thumbnail","hentry"],"acf":[],"_links":{"self":[{"href":"https:\/\/siluteinfo.lt\/ru\/wp-json\/wp\/v2\/pages\/43373","targetHints":{"allow":["GET"]}}],"collection":[{"href":"https:\/\/siluteinfo.lt\/ru\/wp-json\/wp\/v2\/pages"}],"about":[{"href":"https:\/\/siluteinfo.lt\/ru\/wp-json\/wp\/v2\/types\/page"}],"author":[{"embeddable":true,"href":"https:\/\/siluteinfo.lt\/ru\/wp-json\/wp\/v2\/users\/1"}],"replies":[{"embeddable":true,"href":"https:\/\/siluteinfo.lt\/ru\/wp-json\/wp\/v2\/comments?post=43373"}],"version-history":[{"count":0,"href":"https:\/\/siluteinfo.lt\/ru\/wp-json\/wp\/v2\/pages\/43373\/revisions"}],"up":[{"embeddable":true,"href":"https:\/\/siluteinfo.lt\/ru\/wp-json\/wp\/v2\/pages\/23278"}],"wp:featuredmedia":[{"embeddable":true,"href":"https:\/\/siluteinfo.lt\/ru\/wp-json\/wp\/v2\/media\/31892"}],"wp:attachment":[{"href":"https:\/\/siluteinfo.lt\/ru\/wp-json\/wp\/v2\/media?parent=43373"}],"curies":[{"name":"wp","href":"https:\/\/api.w.org\/{rel}","templated":true}]}}