{"id":43323,"date":"2022-05-26T05:38:47","date_gmt":"2022-05-26T03:38:47","guid":{"rendered":"https:\/\/siluteinfo.lt\/dosug\/mesta-dlia-poseshchenija\/pervaya-byvshaya-gerderovskaya-gimnaziya-v-shilute\/"},"modified":"2025-06-12T14:40:36","modified_gmt":"2025-06-12T12:40:36","slug":"pervaya-byvshaya-gerderovskaya-gimnaziya-v-shilute","status":"publish","type":"page","link":"https:\/\/siluteinfo.lt\/ru\/dosug\/mesta-dlia-poseshchenija\/pervaya-byvshaya-gerderovskaya-gimnaziya-v-shilute\/","title":{"rendered":"\u041f\u0435\u0440\u0432\u0430\u044f (\u0431\u044b\u0432\u0448\u0430\u044f \u0413\u0435\u0440\u0434\u0435\u0440\u043e\u0432\u0441\u043a\u0430\u044f) \u0433\u0438\u043c\u043d\u0430\u0437\u0438\u044f \u0432 \u0428\u0438\u043b\u0443\u0442\u0435"},"content":{"rendered":"\t\t<div data-elementor-type=\"wp-page\" data-elementor-id=\"43323\" class=\"elementor elementor-43323 elementor-11279\" data-elementor-post-type=\"page\">\n\t\t\t\t<div class=\"wd-negative-gap elementor-element elementor-element-b32558b e-flex e-con-boxed e-con e-parent\" data-id=\"b32558b\" data-element_type=\"container\" data-e-type=\"container\">\n\t\t\t\t\t<div class=\"e-con-inner\">\n\t\t<div class=\"elementor-element elementor-element-ee412d6 e-con-full e-flex e-con e-child\" data-id=\"ee412d6\" data-element_type=\"container\" data-e-type=\"container\">\n\t\t\t\t<div class=\"elementor-element elementor-element-48cdd22 elementor-widget elementor-widget-theme-post-featured-image elementor-widget-image\" data-id=\"48cdd22\" data-element_type=\"widget\" data-e-type=\"widget\" data-widget_type=\"theme-post-featured-image.default\">\n\t\t\t\t<div class=\"elementor-widget-container\">\n\t\t\t\t\t\t\t\t\t\t\t\t\t\t\t<img loading=\"lazy\" decoding=\"async\" width=\"1200\" height=\"800\" src=\"https:\/\/siluteinfo.lt\/wp-content\/themes\/woodmart\/images\/lazy.svg\" data-src=\"https:\/\/siluteinfo.lt\/wp-content\/uploads\/2024\/06\/lankomi-silutes-pirmoji-gimnazija.jpg\" class=\" wd-lazy-blur attachment-full size-full wp-image-36430\" alt=\"\u0160ilut\u0117s pirmosios gimnazijos pastatas \u0160ilut\u0117je\" srcset=\"\" data-srcset=\"https:\/\/siluteinfo.lt\/wp-content\/uploads\/2024\/06\/lankomi-silutes-pirmoji-gimnazija.jpg 1200w, https:\/\/siluteinfo.lt\/wp-content\/uploads\/2024\/06\/lankomi-silutes-pirmoji-gimnazija-400x267.jpg 400w, https:\/\/siluteinfo.lt\/wp-content\/uploads\/2024\/06\/lankomi-silutes-pirmoji-gimnazija-768x512.jpg 768w\" sizes=\"auto, (max-width: 1200px) 100vw, 1200px\" \/>\t\t\t\t\t\t\t\t\t\t\t\t\t\t\t<\/div>\n\t\t\t\t<\/div>\n\t\t\t\t<\/div>\n\t\t<div class=\"elementor-element elementor-element-ca382ad e-con-full e-flex e-con e-child\" data-id=\"ca382ad\" data-element_type=\"container\" data-e-type=\"container\">\n\t\t\t\t<div class=\"elementor-element elementor-element-63435dc color-scheme-inherit text-left elementor-widget elementor-widget-text-editor\" data-id=\"63435dc\" data-element_type=\"widget\" data-e-type=\"widget\" data-widget_type=\"text-editor.default\">\n\t\t\t\t<div class=\"elementor-widget-container\">\n\t\t\t\t\t\t\t\t\t<div dir=\"auto\" style=\"font-style: normal; font-variant-ligatures: normal; font-variant-caps: normal; font-weight: 400; font-family: Jost, Arial, Helvetica, sans-serif; font-size: 16px; white-space: normal; text-align: justify;\"><div dir=\"auto\" style=\"font-style: normal; font-variant-ligatures: normal; font-variant-caps: normal; font-weight: 400; font-family: Jost, Arial, Helvetica, sans-serif; font-size: 16px; white-space: normal; text-align: justify;\"><div dir=\"auto\" style=\"font-style: normal; font-variant-ligatures: normal; font-variant-caps: normal; font-weight: 400; font-family: Jost, Arial, Helvetica, sans-serif; font-size: 16px; white-space: normal; text-align: justify;\"><p style=\"text-align: left;\">\u0412 1864 \u0433\u043e\u0434\u0443 \u0432 \u0442\u043e\u0433\u0434\u0430\u0448\u043d\u0435\u043c \u0428\u0438\u043b\u043e\u043a\u0430\u0440\u0447\u0435\u043c\u0435 \u0431\u044b\u043b\u0430 \u043e\u0441\u043d\u043e\u0432\u0430\u043d\u0430 \u0432\u044b\u0441\u0448\u0430\u044f \u0448\u043a\u043e\u043b\u0430 \u0434\u043b\u044f \u043c\u0430\u043b\u044c\u0447\u0438\u043a\u043e\u0432, \u043d\u0430\u0437\u044b\u0432\u0430\u0435\u043c\u0430\u044f \u0441\u0435\u043c\u0435\u0439\u043d\u043e\u0439 \u0448\u043a\u043e\u043b\u043e\u0439. \u0412 1917 \u0433\u043e\u0434\u0443 \u0431\u044b\u043b \u0441\u043e\u0437\u0434\u0430\u043d \u043a\u043e\u043c\u0438\u0442\u0435\u0442 \u043f\u043e \u0443\u0447\u0440\u0435\u0436\u0434\u0435\u043d\u0438\u044e \u0433\u0438\u043c\u043d\u0430\u0437\u0438\u0438, \u0438 16 \u0430\u043f\u0440\u0435\u043b\u044f 1918 \u0433\u043e\u0434\u0430 \u043d\u0430\u0447\u0430\u043b\u0430 \u0441\u0432\u043e\u044e \u0434\u0435\u044f\u0442\u0435\u043b\u044c\u043d\u043e\u0441\u0442\u044c \u0433\u0438\u043c\u043d\u0430\u0437\u0438\u044f-\u043b\u0438\u0446\u0435\u0439 \u0428\u0438\u043b\u043e\u043a\u0430\u0440\u0447\u0435\u043c\u044b, \u043f\u043e\u043b\u0443\u0447\u0438\u0432\u0448\u0430\u044f \u0438\u043c\u044f \u0413\u0435\u0440\u0434\u0435\u0440\u0430. \u0412 1926 \u0433\u043e\u0434\u0443 \u0441\u043e\u0441\u0442\u043e\u044f\u043b\u0441\u044f \u043f\u0435\u0440\u0432\u044b\u0439 \u0432\u044b\u043f\u0443\u0441\u043a.<br>\u0412 1928 \u0433\u043e\u0434\u0443 \u0431\u044b\u043b \u0441\u0444\u043e\u0440\u043c\u0438\u0440\u043e\u0432\u0430\u043d \u043a\u043e\u043c\u0438\u0442\u0435\u0442 \u043f\u043e \u0441\u0442\u0440\u043e\u0438\u0442\u0435\u043b\u044c\u0441\u0442\u0432\u0443 \u043d\u043e\u0432\u043e\u0433\u043e \u0448\u043a\u043e\u043b\u044c\u043d\u043e\u0433\u043e \u0437\u0434\u0430\u043d\u0438\u044f. \u0417\u0435\u043c\u0435\u043b\u044c\u043d\u044b\u0439 \u0443\u0447\u0430\u0441\u0442\u043e\u043a \u043f\u043e\u0436\u0435\u0440\u0442\u0432\u043e\u0432\u0430\u043b \u043f\u043e\u043c\u0435\u0449\u0438\u043a \u0425\u0443\u0433\u043e \u0428\u043e\u0439\u0443\u0441, \u043f\u0440\u043e\u0435\u043a\u0442 \u043f\u043e\u0434\u0433\u043e\u0442\u043e\u0432\u0438\u043b \u0430\u0440\u0445\u0438\u0442\u0435\u043a\u0442\u043e\u0440 \u0438\u0437 \u0428\u0438\u043b\u0443\u0442\u0435 \u041a\u0443\u0440\u0442 \u0413\u0443\u0442\u043a\u043d\u0435\u0445\u0442. \u0417\u0434\u0430\u043d\u0438\u0435 \u0413\u0435\u0440\u0434\u0435\u0440\u043e\u0432\u0441\u043a\u043e\u0439 \u0433\u0438\u043c\u043d\u0430\u0437\u0438\u0438 \u0431\u044b\u043b\u043e \u0442\u043e\u0440\u0436\u0435\u0441\u0442\u0432\u0435\u043d\u043d\u043e \u043e\u0442\u043a\u0440\u044b\u0442\u043e 11 \u043e\u043a\u0442\u044f\u0431\u0440\u044f 1930 \u0433\u043e\u0434\u0430.<br>\u0413\u0435\u0440\u0434\u0435\u0440\u043e\u0432\u0441\u043a\u0430\u044f \u0433\u0438\u043c\u043d\u0430\u0437\u0438\u044f \u0434\u0435\u0439\u0441\u0442\u0432\u043e\u0432\u0430\u043b\u0430 \u0434\u043e \u043e\u0441\u0435\u043d\u0438 1944 \u0433\u043e\u0434\u0430. \u041f\u043e\u0441\u043b\u0435 \u0412\u0442\u043e\u0440\u043e\u0439 \u043c\u0438\u0440\u043e\u0432\u043e\u0439 \u0432\u043e\u0439\u043d\u044b \u0432 \u044d\u0442\u0438\u0445 \u043f\u043e\u043c\u0435\u0449\u0435\u043d\u0438\u044f\u0445 \u0440\u0430\u0437\u043c\u0435\u0441\u0442\u0438\u043b\u0430\u0441\u044c 1-\u044f \u0433\u0438\u043c\u043d\u0430\u0437\u0438\u044f \u0428\u0438\u043b\u0443\u0442\u0435, \u043f\u043e\u0437\u0436\u0435 \u2013 \u0441\u0440\u0435\u0434\u043d\u044f\u044f \u0448\u043a\u043e\u043b\u0430. \u0412 2004 \u0433\u043e\u0434\u0443 \u0448\u043a\u043e\u043b\u0435 \u0431\u044b\u043b\u043e \u043e\u0444\u0438\u0446\u0438\u0430\u043b\u044c\u043d\u043e \u0432\u043e\u0437\u0432\u0440\u0430\u0449\u0435\u043d\u043e \u043d\u0430\u0437\u0432\u0430\u043d\u0438\u0435 \u041f\u0435\u0440\u0432\u0430\u044f \u0433\u0438\u043c\u043d\u0430\u0437\u0438\u044f \u0428\u0438\u043b\u0443\u0442\u0435, \u043f\u043e\u0434\u0447\u0435\u0440\u043a\u0438\u0432\u0430\u044e\u0449\u0435\u0435 \u0435\u0451 \u0438\u0441\u0442\u043e\u0440\u0438\u0447\u0435\u0441\u043a\u043e\u0435 \u0437\u043d\u0430\u0447\u0435\u043d\u0438\u0435 \u0434\u043b\u044f \u0433\u043e\u0440\u043e\u0434\u0430 \u0438 \u0440\u0435\u0433\u0438\u043e\u043d\u0430.                  <\/p><\/div><\/div><\/div>\t\t\t\t\t\t\t\t<\/div>\n\t\t\t\t<\/div>\n\t\t\t\t<\/div>\n\t\t<div class=\"elementor-element elementor-element-1c9f456 e-con-full e-flex e-con e-child\" data-id=\"1c9f456\" data-element_type=\"container\" data-e-type=\"container\">\n\t\t\t\t<div class=\"elementor-element elementor-element-ed429d2 elementor-widget elementor-widget-shortcode\" data-id=\"ed429d2\" data-element_type=\"widget\" data-e-type=\"widget\" data-widget_type=\"shortcode.default\">\n\t\t\t\t<div class=\"elementor-widget-container\">\n\t\t\t\t\t\t\t<div class=\"elementor-shortcode\">\t\t<div id=\"maps-marker-pro-d5560d3d\" class=\"maps-marker-pro mmp-list-below\" style=\"width: 100%;\">\n\t\t\t<div id=\"mmp-map-wrap-d5560d3d\" class=\"mmp-map-wrap\">\n\t\t\t\t\t\t\t\t\t<div id=\"mmp-panel-d5560d3d\" class=\"mmp-panel\"><\/div>\n\t\t\t\t\t\t\t\t<div id=\"mmp-map-d5560d3d\" class=\"mmp-map\" style=\"height: 500px;\"><\/div>\n\t\t\t\t\t\t\t<\/div>\n\t\t\t\t\t\t\t<div id=\"mmp-list-d5560d3d\" class=\"mmp-list\" style=\"flex-basis: 400px;\"><\/div>\n\t\t\t\t\t<\/div>\n\t\t<\/div>\n\t\t\t\t\t\t<\/div>\n\t\t\t\t<\/div>\n\t\t\t\t<\/div>\n\t\t\t\t\t<\/div>\n\t\t\t\t<\/div>\n\t\t\t\t<\/div>\n\t\t","protected":false},"excerpt":{"rendered":"<p>\u0412 1864 \u0433\u043e\u0434\u0443 \u0432 \u0442\u043e\u0433\u0434\u0430\u0448\u043d\u0435\u043c \u0428\u0438\u043b\u043e\u043a\u0430\u0440\u0447\u0435\u043c\u0435 \u0431\u044b\u043b\u0430 \u043e\u0441\u043d\u043e\u0432\u0430\u043d\u0430 \u0432\u044b\u0441\u0448\u0430\u044f \u0448\u043a\u043e\u043b\u0430 \u0434\u043b\u044f \u043c\u0430\u043b\u044c\u0447\u0438\u043a\u043e\u0432, \u043d\u0430\u0437\u044b\u0432\u0430\u0435\u043c\u0430\u044f \u0441\u0435\u043c\u0435\u0439\u043d\u043e\u0439 \u0448\u043a\u043e\u043b\u043e\u0439. \u0412 1917 \u0433\u043e\u0434\u0443 \u0431\u044b\u043b \u0441\u043e\u0437\u0434\u0430\u043d<\/p>\n","protected":false},"author":1,"featured_media":36430,"parent":23278,"menu_order":60,"comment_status":"closed","ping_status":"closed","template":"","meta":{"_acf_changed":false,"_monsterinsights_skip_tracking":false,"_monsterinsights_sitenote_active":false,"_monsterinsights_sitenote_note":"","_monsterinsights_sitenote_category":0,"footnotes":""},"class_list":["post-43323","page","type-page","status-publish","has-post-thumbnail","hentry"],"acf":[],"_links":{"self":[{"href":"https:\/\/siluteinfo.lt\/ru\/wp-json\/wp\/v2\/pages\/43323","targetHints":{"allow":["GET"]}}],"collection":[{"href":"https:\/\/siluteinfo.lt\/ru\/wp-json\/wp\/v2\/pages"}],"about":[{"href":"https:\/\/siluteinfo.lt\/ru\/wp-json\/wp\/v2\/types\/page"}],"author":[{"embeddable":true,"href":"https:\/\/siluteinfo.lt\/ru\/wp-json\/wp\/v2\/users\/1"}],"replies":[{"embeddable":true,"href":"https:\/\/siluteinfo.lt\/ru\/wp-json\/wp\/v2\/comments?post=43323"}],"version-history":[{"count":0,"href":"https:\/\/siluteinfo.lt\/ru\/wp-json\/wp\/v2\/pages\/43323\/revisions"}],"up":[{"embeddable":true,"href":"https:\/\/siluteinfo.lt\/ru\/wp-json\/wp\/v2\/pages\/23278"}],"wp:featuredmedia":[{"embeddable":true,"href":"https:\/\/siluteinfo.lt\/ru\/wp-json\/wp\/v2\/media\/36430"}],"wp:attachment":[{"href":"https:\/\/siluteinfo.lt\/ru\/wp-json\/wp\/v2\/media?parent=43323"}],"curies":[{"name":"wp","href":"https:\/\/api.w.org\/{rel}","templated":true}]}}