{"id":43293,"date":"2022-05-25T16:24:41","date_gmt":"2022-05-25T14:24:41","guid":{"rendered":"https:\/\/siluteinfo.lt\/dosug\/mesta-dlia-poseshchenija\/evangelichesko-lyuteranskaya-tserkov-v-shilute\/"},"modified":"2025-06-12T09:08:07","modified_gmt":"2025-06-12T07:08:07","slug":"evangelichesko-lyuteranskaya-tserkov-v-shilute","status":"publish","type":"page","link":"https:\/\/siluteinfo.lt\/ru\/dosug\/mesta-dlia-poseshchenija\/evangelichesko-lyuteranskaya-tserkov-v-shilute\/","title":{"rendered":"\u0415\u0432\u0430\u043d\u0433\u0435\u043b\u0438\u0447\u0435\u0441\u043a\u043e-\u043b\u044e\u0442\u0435\u0440\u0430\u043d\u0441\u043a\u0430\u044f \u0446\u0435\u0440\u043a\u043e\u0432\u044c \u0432 \u0428\u0438\u043b\u0443\u0442\u0435"},"content":{"rendered":"\t\t<div data-elementor-type=\"wp-page\" data-elementor-id=\"43293\" class=\"elementor elementor-43293 elementor-11245\" data-elementor-post-type=\"page\">\n\t\t\t\t<div class=\"wd-negative-gap elementor-element elementor-element-ed3368c e-flex e-con-boxed e-con e-parent\" data-id=\"ed3368c\" data-element_type=\"container\" data-e-type=\"container\">\n\t\t\t\t\t<div class=\"e-con-inner\">\n\t\t<div class=\"elementor-element elementor-element-78f5466 e-con-full e-flex e-con e-child\" data-id=\"78f5466\" data-element_type=\"container\" data-e-type=\"container\">\n\t\t\t\t<div class=\"elementor-element elementor-element-b5806a4 elementor-widget elementor-widget-theme-post-featured-image elementor-widget-image\" data-id=\"b5806a4\" data-element_type=\"widget\" data-e-type=\"widget\" data-widget_type=\"theme-post-featured-image.default\">\n\t\t\t\t<div class=\"elementor-widget-container\">\n\t\t\t\t\t\t\t\t\t\t\t\t\t\t\t<img loading=\"lazy\" decoding=\"async\" width=\"1200\" height=\"800\" src=\"https:\/\/siluteinfo.lt\/wp-content\/themes\/woodmart\/images\/lazy.svg\" data-src=\"https:\/\/siluteinfo.lt\/wp-content\/uploads\/2024\/06\/lankomi-silutes-evangeliku-liuteronu-baznycia.jpg\" class=\" wd-lazy-blur attachment-full size-full wp-image-36412\" alt=\"Evangelik\u0173 liuteron\u0173 ba\u017eny\u010dia \u0160ilut\u0117je\" srcset=\"\" data-srcset=\"https:\/\/siluteinfo.lt\/wp-content\/uploads\/2024\/06\/lankomi-silutes-evangeliku-liuteronu-baznycia.jpg 1200w, https:\/\/siluteinfo.lt\/wp-content\/uploads\/2024\/06\/lankomi-silutes-evangeliku-liuteronu-baznycia-400x267.jpg 400w, https:\/\/siluteinfo.lt\/wp-content\/uploads\/2024\/06\/lankomi-silutes-evangeliku-liuteronu-baznycia-768x512.jpg 768w\" sizes=\"auto, (max-width: 1200px) 100vw, 1200px\" \/>\t\t\t\t\t\t\t\t\t\t\t\t\t\t\t<\/div>\n\t\t\t\t<\/div>\n\t\t\t\t<\/div>\n\t\t<div class=\"elementor-element elementor-element-f8ce626 e-con-full e-flex e-con e-child\" data-id=\"f8ce626\" data-element_type=\"container\" data-e-type=\"container\">\n\t\t\t\t<div class=\"elementor-element elementor-element-0c62e88 color-scheme-inherit text-left elementor-widget elementor-widget-text-editor\" data-id=\"0c62e88\" data-element_type=\"widget\" data-e-type=\"widget\" data-widget_type=\"text-editor.default\">\n\t\t\t\t<div class=\"elementor-widget-container\">\n\t\t\t\t\t\t\t\t\t<div dir=\"auto\" style=\"font-style: normal; font-variant-ligatures: normal; font-variant-caps: normal; font-weight: 400; font-family: Jost, Arial, Helvetica, sans-serif; font-size: 16px; white-space: normal; text-align: justify;\"><div dir=\"auto\" style=\"font-style: normal; font-variant-ligatures: normal; font-variant-caps: normal; font-weight: 400; font-family: Jost, Arial, Helvetica, sans-serif; font-size: 16px; white-space: normal; text-align: justify;\"><div dir=\"auto\" style=\"font-style: normal; font-variant-ligatures: normal; font-variant-caps: normal; font-weight: 400; font-family: Jost, Arial, Helvetica, sans-serif; font-size: 16px; white-space: normal; text-align: justify;\"><p style=\"text-align: left;\">\u0426\u0435\u0440\u043a\u043e\u0432\u044c \u0432 \u0428\u0438\u043b\u0443\u0442\u0435 \u0441\u0447\u0438\u0442\u0430\u043b\u0430\u0441\u044c \u043e\u0434\u043d\u043e\u0439 \u0438\u0437 \u0441\u0430\u043c\u044b\u0445 \u043a\u0440\u0430\u0441\u0438\u0432\u044b\u0445 \u0435\u0432\u0430\u043d\u0433\u0435\u043b\u0438\u0447\u0435\u0441\u043a\u043e-\u043b\u044e\u0442\u0435\u0440\u0430\u043d\u0441\u043a\u0438\u0445 \u0446\u0435\u0440\u043a\u0432\u0435\u0439 \u0412\u043e\u0441\u0442\u043e\u0447\u043d\u043e\u0439 \u041f\u0440\u0443\u0441\u0441\u0438\u0438. \u0417\u0435\u043c\u043b\u044e \u043f\u043e\u0434 \u0441\u0442\u0440\u043e\u0438\u0442\u0435\u043b\u044c\u0441\u0442\u0432\u043e \u0446\u0435\u0440\u043a\u0432\u0438 \u0438 \u043f\u0430\u0441\u0442\u043e\u0440\u0430\u0442 \u043f\u0440\u0435\u0434\u043e\u0441\u0442\u0430\u0432\u0438\u043b \u0432\u043b\u0430\u0434\u0435\u043b\u0435\u0446 \u0438\u043c\u0435\u043d\u0438\u044f \u0425\u0443\u0433\u043e \u0428\u043e\u0439\u0443\u0441. \u0426\u0435\u0440\u043a\u043e\u0432\u044c \u0431\u044b\u043b\u0430 \u043f\u043e\u0441\u0442\u0440\u043e\u0435\u043d\u0430 \u0432 1926 \u0433\u043e\u0434\u0443 \u043f\u043e \u043f\u0440\u043e\u0435\u043a\u0442\u0443 \u0430\u0440\u0445\u0438\u0442\u0435\u043a\u0442\u043e\u0440\u0430 \u041a. \u0413\u0443\u0442\u043a\u043d\u0435\u0445\u0442\u0430. \u0412\u043d\u0435\u0448\u043d\u0435 \u0435\u0451 \u043e\u0442\u043b\u0438\u0447\u0430\u0435\u0442 50-\u043c\u0435\u0442\u0440\u043e\u0432\u0430\u044f \u0431\u0430\u0448\u043d\u044f \u0441 \u0442\u0440\u0435\u043c\u044f \u043a\u043e\u043b\u043e\u043a\u043e\u043b\u0430\u043c\u0438 \u0438 \u043a\u0440\u0443\u043f\u043d\u0435\u0439\u0448\u0438\u043c\u0438 \u0432 \u041b\u0438\u0442\u0432\u0435 \u0431\u0430\u0448\u0435\u043d\u043d\u044b\u043c\u0438 \u0447\u0430\u0441\u0430\u043c\u0438.<br>\u0418\u043d\u0442\u0435\u0440\u044c\u0435\u0440 \u0443\u043a\u0440\u0430\u0448\u0430\u044e\u0442 \u043a\u043e\u043b\u043e\u043d\u043d\u044b, \u0431\u0430\u043b\u043a\u043e\u043d\u044b, \u0432\u0438\u0442\u0440\u0430\u0436\u0438 \u0438 \u0436\u0438\u0432\u043e\u043f\u0438\u0441\u044c; \u043f\u0440\u0435\u0434\u0443\u0441\u043c\u043e\u0442\u0440\u0435\u043d\u043e 950 \u0441\u0438\u0434\u044f\u0447\u0438\u0445 \u043c\u0435\u0441\u0442. \u0417\u0430 \u0433\u043b\u0430\u0432\u043d\u044b\u043c \u0430\u043b\u0442\u0430\u0440\u0451\u043c \u0440\u0430\u0441\u043f\u043e\u043b\u043e\u0436\u0435\u043d\u0430 \u0444\u0440\u0435\u0441\u043a\u0430 \u043f\u043b\u043e\u0449\u0430\u0434\u044c\u044e 80 \u043c\u00b2, \u043d\u0430\u043f\u0438\u0441\u0430\u043d\u043d\u0430\u044f \u043f\u0440\u043e\u0444\u0435\u0441\u0441\u043e\u0440\u043e\u043c \u041a\u0451\u043d\u0438\u0433\u0441\u0431\u0435\u0440\u0433\u0441\u043a\u043e\u0439 \u0430\u043a\u0430\u0434\u0435\u043c\u0438\u0438 \u0445\u0443\u0434\u043e\u0436\u0435\u0441\u0442\u0432 \u0420\u0438\u0445\u0430\u0440\u0434\u043e\u043c \u041f\u0444\u0430\u0439\u0444\u0435\u0440\u043e\u043c. \u041d\u0430 \u0444\u0440\u0435\u0441\u043a\u0435 \u0438\u0437\u043e\u0431\u0440\u0430\u0436\u0435\u043d\u044b 104 \u0444\u0438\u0433\u0443\u0440\u044b: \u043a\u0430\u0442\u043e\u043b\u0438\u0447\u0435\u0441\u043a\u0438\u0435 \u0441\u0432\u044f\u0442\u044b\u0435, \u0434\u0435\u044f\u0442\u0435\u043b\u0438 \u0420\u0435\u0444\u043e\u0440\u043c\u0430\u0446\u0438\u0438 \u0438 \u0435\u0432\u0430\u043d\u0433\u0435\u043b\u0438\u0447\u0435\u0441\u043a\u043e\u0439 \u0446\u0435\u0440\u043a\u0432\u0438, \u0443\u0447\u0451\u043d\u044b\u0435, \u0445\u0443\u0434\u043e\u0436\u043d\u0438\u043a\u0438, \u0447\u043b\u0435\u043d\u044b \u0446\u0435\u0440\u043a\u043e\u0432\u043d\u043e\u0433\u043e \u0441\u043e\u0432\u0435\u0442\u0430, \u0441\u0442\u0440\u043e\u0438\u0442\u0435\u043b\u0438. \u0421\u0440\u0435\u0434\u0438 \u043d\u0438\u0445 \u0438 \u043c\u0435\u0446\u0435\u043d\u0430\u0442 \u0425. \u0428\u043e\u0439\u0443\u0441, \u0434\u0435\u0440\u0436\u0430\u0449\u0438\u0439 \u043c\u043e\u0434\u0435\u043b\u044c \u0446\u0435\u0440\u043a\u0432\u0438.<br>\u0426\u0435\u0440\u043a\u043e\u0432\u044c \u043d\u0435 \u043f\u043e\u0441\u0442\u0440\u0430\u0434\u0430\u043b\u0430 \u0432\u043e \u0432\u0440\u0435\u043c\u044f \u0412\u0442\u043e\u0440\u043e\u0439 \u043c\u0438\u0440\u043e\u0432\u043e\u0439 \u0432\u043e\u0439\u043d\u044b. \u041f\u043e\u0441\u043b\u0435\u0432\u043e\u0435\u043d\u043d\u0430\u044f \u0435\u0432\u0430\u043d\u0433\u0435\u043b\u0438\u0447\u0435\u0441\u043a\u043e-\u043b\u044e\u0442\u0435\u0440\u0430\u043d\u0441\u043a\u0430\u044f \u043e\u0431\u0449\u0438\u043d\u0430 \u0428\u0438\u043b\u0443\u0442\u0435 \u0431\u044b\u043b\u0430 \u043e\u0444\u0438\u0446\u0438\u0430\u043b\u044c\u043d\u043e \u0437\u0430\u0440\u0435\u0433\u0438\u0441\u0442\u0440\u0438\u0440\u043e\u0432\u0430\u043d\u0430 27 \u0430\u0432\u0433\u0443\u0441\u0442\u0430 1948 \u0433\u043e\u0434\u0430.         <\/p><\/div><\/div><\/div>\t\t\t\t\t\t\t\t<\/div>\n\t\t\t\t<\/div>\n\t\t\t\t<\/div>\n\t\t<div class=\"elementor-element elementor-element-def02c5 e-con-full e-flex e-con e-child\" data-id=\"def02c5\" data-element_type=\"container\" data-e-type=\"container\">\n\t\t\t\t<div class=\"elementor-element elementor-element-aeb9d8f elementor-widget elementor-widget-shortcode\" data-id=\"aeb9d8f\" data-element_type=\"widget\" data-e-type=\"widget\" data-widget_type=\"shortcode.default\">\n\t\t\t\t<div class=\"elementor-widget-container\">\n\t\t\t\t\t\t\t<div class=\"elementor-shortcode\">\t\t<div id=\"maps-marker-pro-bb040d87\" class=\"maps-marker-pro mmp-list-below\" style=\"width: 100%;\">\n\t\t\t<div id=\"mmp-map-wrap-bb040d87\" class=\"mmp-map-wrap\">\n\t\t\t\t\t\t\t\t\t<div id=\"mmp-panel-bb040d87\" class=\"mmp-panel\"><\/div>\n\t\t\t\t\t\t\t\t<div id=\"mmp-map-bb040d87\" class=\"mmp-map\" style=\"height: 500px;\"><\/div>\n\t\t\t\t\t\t\t<\/div>\n\t\t\t\t\t\t\t<div id=\"mmp-list-bb040d87\" class=\"mmp-list\" style=\"flex-basis: 400px;\"><\/div>\n\t\t\t\t\t<\/div>\n\t\t<\/div>\n\t\t\t\t\t\t<\/div>\n\t\t\t\t<\/div>\n\t\t\t\t<\/div>\n\t\t\t\t\t<\/div>\n\t\t\t\t<\/div>\n\t\t\t\t<\/div>\n\t\t","protected":false},"excerpt":{"rendered":"<p>\u0426\u0435\u0440\u043a\u043e\u0432\u044c \u0432 \u0428\u0438\u043b\u0443\u0442\u0435 \u0441\u0447\u0438\u0442\u0430\u043b\u0430\u0441\u044c \u043e\u0434\u043d\u043e\u0439 \u0438\u0437 \u0441\u0430\u043c\u044b\u0445 \u043a\u0440\u0430\u0441\u0438\u0432\u044b\u0445 \u0435\u0432\u0430\u043d\u0433\u0435\u043b\u0438\u0447\u0435\u0441\u043a\u043e-\u043b\u044e\u0442\u0435\u0440\u0430\u043d\u0441\u043a\u0438\u0445 \u0446\u0435\u0440\u043a\u0432\u0435\u0439 \u0412\u043e\u0441\u0442\u043e\u0447\u043d\u043e\u0439 \u041f\u0440\u0443\u0441\u0441\u0438\u0438. \u0417\u0435\u043c\u043b\u044e \u043f\u043e\u0434 \u0441\u0442\u0440\u043e\u0438\u0442\u0435\u043b\u044c\u0441\u0442\u0432\u043e \u0446\u0435\u0440\u043a\u0432\u0438 \u0438 \u043f\u0430\u0441\u0442\u043e\u0440\u0430\u0442 \u043f\u0440\u0435\u0434\u043e\u0441\u0442\u0430\u0432\u0438\u043b \u0432\u043b\u0430\u0434\u0435\u043b\u0435\u0446<\/p>\n","protected":false},"author":1,"featured_media":36412,"parent":23278,"menu_order":57,"comment_status":"closed","ping_status":"closed","template":"","meta":{"_acf_changed":false,"_monsterinsights_skip_tracking":false,"_monsterinsights_sitenote_active":false,"_monsterinsights_sitenote_note":"","_monsterinsights_sitenote_category":0,"footnotes":""},"class_list":["post-43293","page","type-page","status-publish","has-post-thumbnail","hentry"],"acf":[],"_links":{"self":[{"href":"https:\/\/siluteinfo.lt\/ru\/wp-json\/wp\/v2\/pages\/43293","targetHints":{"allow":["GET"]}}],"collection":[{"href":"https:\/\/siluteinfo.lt\/ru\/wp-json\/wp\/v2\/pages"}],"about":[{"href":"https:\/\/siluteinfo.lt\/ru\/wp-json\/wp\/v2\/types\/page"}],"author":[{"embeddable":true,"href":"https:\/\/siluteinfo.lt\/ru\/wp-json\/wp\/v2\/users\/1"}],"replies":[{"embeddable":true,"href":"https:\/\/siluteinfo.lt\/ru\/wp-json\/wp\/v2\/comments?post=43293"}],"version-history":[{"count":0,"href":"https:\/\/siluteinfo.lt\/ru\/wp-json\/wp\/v2\/pages\/43293\/revisions"}],"up":[{"embeddable":true,"href":"https:\/\/siluteinfo.lt\/ru\/wp-json\/wp\/v2\/pages\/23278"}],"wp:featuredmedia":[{"embeddable":true,"href":"https:\/\/siluteinfo.lt\/ru\/wp-json\/wp\/v2\/media\/36412"}],"wp:attachment":[{"href":"https:\/\/siluteinfo.lt\/ru\/wp-json\/wp\/v2\/media?parent=43293"}],"curies":[{"name":"wp","href":"https:\/\/api.w.org\/{rel}","templated":true}]}}