{"id":43273,"date":"2022-05-25T16:25:05","date_gmt":"2022-05-25T14:25:05","guid":{"rendered":"https:\/\/siluteinfo.lt\/dosug\/mesta-dlia-poseshchenija\/sekrety-silute\/"},"modified":"2025-06-12T08:57:24","modified_gmt":"2025-06-12T06:57:24","slug":"sekrety-silute","status":"publish","type":"page","link":"https:\/\/siluteinfo.lt\/ru\/dosug\/mesta-dlia-poseshchenija\/sekrety-silute\/","title":{"rendered":"\u0421\u0435\u043a\u0440\u0435\u0442\u044b \u0428\u0438\u043b\u0443\u0442\u0435"},"content":{"rendered":"\t\t<div data-elementor-type=\"wp-page\" data-elementor-id=\"43273\" class=\"elementor elementor-43273 elementor-11247\" data-elementor-post-type=\"page\">\n\t\t\t\t<div class=\"wd-negative-gap elementor-element elementor-element-944dc90 e-flex e-con-boxed e-con e-parent\" data-id=\"944dc90\" data-element_type=\"container\" data-e-type=\"container\">\n\t\t\t\t\t<div class=\"e-con-inner\">\n\t\t<div class=\"elementor-element elementor-element-069a90e e-con-full e-flex e-con e-child\" data-id=\"069a90e\" data-element_type=\"container\" data-e-type=\"container\">\n\t\t\t\t<div class=\"elementor-element elementor-element-5e5d559 elementor-widget elementor-widget-theme-post-featured-image elementor-widget-image\" data-id=\"5e5d559\" data-element_type=\"widget\" data-e-type=\"widget\" data-widget_type=\"theme-post-featured-image.default\">\n\t\t\t\t<div class=\"elementor-widget-container\">\n\t\t\t\t\t\t\t\t\t\t\t\t\t\t\t<img loading=\"lazy\" decoding=\"async\" width=\"935\" height=\"623\" src=\"https:\/\/siluteinfo.lt\/wp-content\/themes\/woodmart\/images\/lazy.svg\" data-src=\"https:\/\/siluteinfo.lt\/wp-content\/uploads\/2024\/06\/lankomi-silutes-sekretai.jpg\" class=\" wd-lazy-blur attachment-full size-full wp-image-36394\" alt=\"\u0160ilut\u0117s sekretai \u2013 miniati\u016brinis dvira\u010di\u0173 taisyklos kambarys po stiklu\" srcset=\"\" data-srcset=\"https:\/\/siluteinfo.lt\/wp-content\/uploads\/2024\/06\/lankomi-silutes-sekretai.jpg 935w, https:\/\/siluteinfo.lt\/wp-content\/uploads\/2024\/06\/lankomi-silutes-sekretai-400x267.jpg 400w, https:\/\/siluteinfo.lt\/wp-content\/uploads\/2024\/06\/lankomi-silutes-sekretai-768x512.jpg 768w\" sizes=\"auto, (max-width: 935px) 100vw, 935px\" \/>\t\t\t\t\t\t\t\t\t\t\t\t\t\t\t<\/div>\n\t\t\t\t<\/div>\n\t\t\t\t<\/div>\n\t\t<div class=\"elementor-element elementor-element-07a18eb e-con-full e-flex e-con e-child\" data-id=\"07a18eb\" data-element_type=\"container\" data-e-type=\"container\">\n\t\t\t\t<div class=\"elementor-element elementor-element-061e52b color-scheme-inherit text-left elementor-widget elementor-widget-text-editor\" data-id=\"061e52b\" data-element_type=\"widget\" data-e-type=\"widget\" data-widget_type=\"text-editor.default\">\n\t\t\t\t<div class=\"elementor-widget-container\">\n\t\t\t\t\t\t\t\t\t<div dir=\"auto\" style=\"font-style: normal; font-variant-ligatures: normal; font-variant-caps: normal; font-weight: 400; font-family: Jost, Arial, Helvetica, sans-serif; font-size: 16px; white-space: normal; text-align: justify;\"><div dir=\"auto\" style=\"font-style: normal; font-variant-ligatures: normal; font-variant-caps: normal; font-weight: 400; font-family: Jost, Arial, Helvetica, sans-serif; font-size: 16px; white-space: normal; text-align: justify;\"><div dir=\"auto\" style=\"font-style: normal; font-variant-ligatures: normal; font-variant-caps: normal; font-weight: 400; font-family: Jost, Arial, Helvetica, sans-serif; font-size: 16px; white-space: normal; text-align: justify;\"><p style=\"text-align: left;\">\u0427\u0442\u043e \u043f\u0440\u0438\u0445\u043e\u0434\u0438\u0442 \u043d\u0430 \u0443\u043c \u043f\u0440\u0438 \u0441\u043b\u043e\u0432\u0435 \u00ab\u0441\u0435\u043a\u0440\u0435\u0442\u044b\u00bb? \u041a\u043e\u043d\u0435\u0447\u043d\u043e \u0436\u0435, \u0434\u0435\u0442\u0441\u0442\u0432\u043e \u2014 \u043a\u043e\u0433\u0434\u0430 \u0434\u0435\u0442\u0438 \u0432\u044b\u043a\u0430\u043f\u044b\u0432\u0430\u043b\u0438 \u044f\u043c\u043a\u0438, \u043f\u0440\u044f\u0442\u0430\u043b\u0438 \u0442\u0443\u0434\u0430 \u0444\u0430\u043d\u0442\u0438\u043a\u0438, \u0431\u043b\u0435\u0441\u0442\u043a\u0438, \u043a\u0430\u043c\u0435\u0448\u043a\u0438, \u043d\u0430\u043a\u0440\u044b\u0432\u0430\u043b\u0438 \u043a\u0443\u0441\u043e\u0447\u043a\u043e\u043c \u0441\u0442\u0435\u043a\u043b\u0430 \u0438 \u0437\u0430\u043a\u0430\u043f\u044b\u0432\u0430\u043b\u0438. \u0421\u043a\u043e\u043b\u044c\u043a\u043e \u0440\u0430\u0434\u043e\u0441\u0442\u0438 \u043f\u0440\u0438\u043d\u043e\u0441\u0438\u043b\u0438 \u0442\u0430\u043a\u0438\u0435 \u043d\u0430\u0445\u043e\u0434\u043a\u0438!  <br>\u00ab\u0421\u0435\u043a\u0440\u0435\u0442\u044b \u0428\u0438\u043b\u0443\u0442\u0435\u00bb \u2014 \u0443\u043d\u0438\u043a\u0430\u043b\u044c\u043d\u044b\u0439 \u043f\u0440\u043e\u0435\u043a\u0442 \u0432 \u041b\u0438\u0442\u0432\u0435 \u0438 \u0415\u0432\u0440\u043e\u043f\u0435, \u0440\u0430\u0441\u0441\u043a\u0430\u0437\u044b\u0432\u0430\u044e\u0449\u0438\u0439 \u0438\u0441\u0442\u043e\u0440\u0438\u044e \u0433\u043e\u0440\u043e\u0434\u0430 \u0447\u0435\u0440\u0435\u0437 \u044d\u043b\u0435\u043c\u0435\u043d\u0442\u044b \u043c\u0430\u043b\u043e\u0439 \u0430\u0440\u0445\u0438\u0442\u0435\u043a\u0442\u0443\u0440\u044b. \u042d\u0442\u043e \u043c\u0438\u043d\u0438\u0430\u0442\u044e\u0440\u043d\u044b\u0435 \u00ab\u043a\u043e\u043c\u043d\u0430\u0442\u043a\u0438\u00bb, \u0432\u0441\u0442\u0440\u043e\u0435\u043d\u043d\u044b\u0435 \u0432 \u0442\u0440\u043e\u0442\u0443\u0430\u0440 \u0438 \u043f\u043e\u043a\u0440\u044b\u0442\u044b\u0435 \u0441\u0442\u0435\u043a\u043b\u043e\u043c, \u0432 \u043a\u043e\u0442\u043e\u0440\u044b\u0445 \u0432\u043e\u0441\u0441\u043e\u0437\u0434\u0430\u043d\u0430 \u0436\u0438\u0437\u043d\u044c \u0432 \u0434\u043e\u043c\u0430\u0445 \u0428\u0438\u043b\u0443\u0442\u0435 \u043a\u043e\u043d\u0446\u0430 XIX \u2014 \u043d\u0430\u0447\u0430\u043b\u0430 XX \u0432\u0435\u043a\u0430.<br>\u041d\u0430 \u0442\u0440\u043e\u0442\u0443\u0430\u0440\u0435 \u043f\u043e \u0443\u043b\u0438\u0446\u0435 \u041b\u0435\u0442\u0443\u0432\u0438\u043d\u0438\u043d\u043a\u0443 \u0443\u0441\u0442\u0430\u043d\u043e\u0432\u043b\u0435\u043d\u043e 20 \u0442\u0430\u043a\u0438\u0445 \u043e\u0431\u044a\u0435\u043a\u0442\u043e\u0432. \u0418\u0445 \u043b\u0435\u0433\u043a\u043e \u043d\u0430\u0439\u0442\u0438, \u0435\u0441\u043b\u0438 \u0441\u043c\u043e\u0442\u0440\u0435\u0442\u044c \u043f\u043e\u0434 \u043d\u043e\u0433\u0438 \u043f\u043e \u043e\u0431\u0435 \u0441\u0442\u043e\u0440\u043e\u043d\u044b \u0443\u043b\u0438\u0446\u044b \u2014 \u043e\u0442 \u0443\u0441\u0430\u0434\u044c\u0431\u044b \u0425\u0443\u0433\u043e \u0428\u043e\u044f \u0434\u043e \u043f\u0435\u0440\u0435\u043a\u0440\u0451\u0441\u0442\u043a\u0430 \u0441 \u0443\u043b\u0438\u0446\u0430\u043c\u0438 \u0422\u0430\u0438\u043a\u043e\u0441 \u0438 \u042d\u0433\u043b\u044f\u0439. \u0421\u0435\u043a\u0440\u0435\u0442\u044b \u043f\u043e\u0437\u0432\u043e\u043b\u044f\u044e\u0442 \u0437\u0430\u0433\u043b\u044f\u043d\u0443\u0442\u044c \u0432 \u0431\u044b\u0442 \u043c\u0430\u0441\u043b\u043e\u0434\u0435\u043b\u0430, \u0441\u0442\u0440\u043e\u0438\u0442\u0435\u043b\u044f, \u0443\u0432\u0438\u0434\u0435\u0442\u044c \u043a\u0430\u0431\u0438\u043d\u0435\u0442 \u0441\u0442\u043e\u043c\u0430\u0442\u043e\u043b\u043e\u0433\u0430, \u0432\u0438\u0442\u0440\u0438\u043d\u0443 \u0441\u0442\u0430\u0440\u0438\u043d\u043d\u043e\u0439 \u043a\u043e\u043d\u0434\u0438\u0442\u0435\u0440\u0441\u043a\u043e\u0439, \u0430\u0442\u043c\u043e\u0441\u0444\u0435\u0440\u0443 \u0432\u043e\u043a\u0437\u0430\u043b\u0430 \u0443\u0437\u043a\u043e\u043a\u043e\u043b\u0435\u0439\u043a\u0438, \u0430\u0432\u0442\u043e\u0431\u0443\u0441\u043d\u043e\u0439 \u0441\u0442\u0430\u043d\u0446\u0438\u0438 \u0438 \u043f\u043e\u0447\u0442\u044b. \u041e\u0441\u043e\u0431\u0435\u043d\u043d\u043e \u0432\u043f\u0435\u0447\u0430\u0442\u043b\u044f\u044e\u0449\u0435 \u043e\u043d\u0438 \u0432\u044b\u0433\u043b\u044f\u0434\u044f\u0442 \u043d\u043e\u0447\u044c\u044e \u2014 \u043f\u043e\u0434\u0441\u0432\u0435\u0447\u0438\u0432\u0430\u044e\u0442\u0441\u044f \u0438\u0437\u043d\u0443\u0442\u0440\u0438.     <\/p><p style=\"text-align: left;\"><strong><a href=\"http:\/\/siluteinfo.lt\/wp-content\/uploads\/2020\/08\/zemelapiscompressed5.pdf\">\u041a\u0430\u0440\u0442\u0430 \u0441\u0435\u043a\u0440\u0435\u0442\u043e\u0432<\/a><\/strong><\/p><p style=\"text-align: left;\"><strong>\u041f\u043e\u0434\u0440\u043e\u0431\u043d\u0435\u0435: <a href=\"http:\/\/www.silutessekretai.lt\" target=\"_blank\" rel=\"noopener\">www.silutessekretai.lt<\/a><\/strong><\/p><\/div><\/div><\/div>\t\t\t\t\t\t\t\t<\/div>\n\t\t\t\t<\/div>\n\t\t\t\t<\/div>\n\t\t<div class=\"elementor-element elementor-element-c043a38 e-con-full e-flex e-con e-child\" data-id=\"c043a38\" data-element_type=\"container\" data-e-type=\"container\">\n\t\t\t\t<div class=\"elementor-element elementor-element-ae12b4d elementor-widget elementor-widget-shortcode\" data-id=\"ae12b4d\" data-element_type=\"widget\" data-e-type=\"widget\" data-widget_type=\"shortcode.default\">\n\t\t\t\t<div class=\"elementor-widget-container\">\n\t\t\t\t\t\t\t<div class=\"elementor-shortcode\">\t\t<div id=\"maps-marker-pro-c52b80f4\" class=\"maps-marker-pro mmp-list-below\" style=\"width: 100%;\">\n\t\t\t<div id=\"mmp-map-wrap-c52b80f4\" class=\"mmp-map-wrap\">\n\t\t\t\t\t\t\t\t\t<div id=\"mmp-panel-c52b80f4\" class=\"mmp-panel\"><\/div>\n\t\t\t\t\t\t\t\t<div id=\"mmp-map-c52b80f4\" class=\"mmp-map\" style=\"height: 500px;\"><\/div>\n\t\t\t\t\t\t\t<\/div>\n\t\t\t\t\t\t\t<div id=\"mmp-list-c52b80f4\" class=\"mmp-list\" style=\"flex-basis: 400px;\"><\/div>\n\t\t\t\t\t<\/div>\n\t\t<\/div>\n\t\t\t\t\t\t<\/div>\n\t\t\t\t<\/div>\n\t\t\t\t<\/div>\n\t\t\t\t\t<\/div>\n\t\t\t\t<\/div>\n\t\t\t\t<\/div>\n\t\t","protected":false},"excerpt":{"rendered":"<p>\u0427\u0442\u043e \u043f\u0440\u0438\u0445\u043e\u0434\u0438\u0442 \u043d\u0430 \u0443\u043c \u043f\u0440\u0438 \u0441\u043b\u043e\u0432\u0435 \u00ab\u0441\u0435\u043a\u0440\u0435\u0442\u044b\u00bb? \u041a\u043e\u043d\u0435\u0447\u043d\u043e \u0436\u0435, \u0434\u0435\u0442\u0441\u0442\u0432\u043e \u2014 \u043a\u043e\u0433\u0434\u0430 \u0434\u0435\u0442\u0438 \u0432\u044b\u043a\u0430\u043f\u044b\u0432\u0430\u043b\u0438 \u044f\u043c\u043a\u0438, \u043f\u0440\u044f\u0442\u0430\u043b\u0438 \u0442\u0443\u0434\u0430 \u0444\u0430\u043d\u0442\u0438\u043a\u0438, \u0431\u043b\u0435\u0441\u0442\u043a\u0438, \u043a\u0430\u043c\u0435\u0448\u043a\u0438,<\/p>\n","protected":false},"author":1,"featured_media":36394,"parent":23278,"menu_order":54,"comment_status":"closed","ping_status":"closed","template":"","meta":{"_acf_changed":false,"_monsterinsights_skip_tracking":false,"_monsterinsights_sitenote_active":false,"_monsterinsights_sitenote_note":"","_monsterinsights_sitenote_category":0,"footnotes":""},"class_list":["post-43273","page","type-page","status-publish","has-post-thumbnail","hentry"],"acf":[],"_links":{"self":[{"href":"https:\/\/siluteinfo.lt\/ru\/wp-json\/wp\/v2\/pages\/43273","targetHints":{"allow":["GET"]}}],"collection":[{"href":"https:\/\/siluteinfo.lt\/ru\/wp-json\/wp\/v2\/pages"}],"about":[{"href":"https:\/\/siluteinfo.lt\/ru\/wp-json\/wp\/v2\/types\/page"}],"author":[{"embeddable":true,"href":"https:\/\/siluteinfo.lt\/ru\/wp-json\/wp\/v2\/users\/1"}],"replies":[{"embeddable":true,"href":"https:\/\/siluteinfo.lt\/ru\/wp-json\/wp\/v2\/comments?post=43273"}],"version-history":[{"count":0,"href":"https:\/\/siluteinfo.lt\/ru\/wp-json\/wp\/v2\/pages\/43273\/revisions"}],"up":[{"embeddable":true,"href":"https:\/\/siluteinfo.lt\/ru\/wp-json\/wp\/v2\/pages\/23278"}],"wp:featuredmedia":[{"embeddable":true,"href":"https:\/\/siluteinfo.lt\/ru\/wp-json\/wp\/v2\/media\/36394"}],"wp:attachment":[{"href":"https:\/\/siluteinfo.lt\/ru\/wp-json\/wp\/v2\/media?parent=43273"}],"curies":[{"name":"wp","href":"https:\/\/api.w.org\/{rel}","templated":true}]}}