{"id":43165,"date":"2022-05-26T05:33:59","date_gmt":"2022-05-26T03:33:59","guid":{"rendered":"https:\/\/siluteinfo.lt\/dosug\/mesta-dlia-poseshchenija\/staraya-rynochnaya-ploshchad\/"},"modified":"2025-06-10T17:45:40","modified_gmt":"2025-06-10T15:45:40","slug":"staraya-rynochnaya-ploshchad","status":"publish","type":"page","link":"https:\/\/siluteinfo.lt\/ru\/dosug\/mesta-dlia-poseshchenija\/staraya-rynochnaya-ploshchad\/","title":{"rendered":"\u0421\u0442\u0430\u0440\u0430\u044f \u0420\u044b\u043d\u043e\u0447\u043d\u0430\u044f \u043f\u043b\u043e\u0449\u0430\u0434\u044c"},"content":{"rendered":"\t\t<div data-elementor-type=\"wp-page\" data-elementor-id=\"43165\" class=\"elementor elementor-43165 elementor-11261\" data-elementor-post-type=\"page\">\n\t\t\t\t<div class=\"wd-negative-gap elementor-element elementor-element-ed6b498 e-flex e-con-boxed e-con e-parent\" data-id=\"ed6b498\" data-element_type=\"container\" data-e-type=\"container\">\n\t\t\t\t\t<div class=\"e-con-inner\">\n\t\t<div class=\"elementor-element elementor-element-68ff536 e-con-full e-flex e-con e-child\" data-id=\"68ff536\" data-element_type=\"container\" data-e-type=\"container\">\n\t\t\t\t<div class=\"elementor-element elementor-element-63e293c elementor-widget elementor-widget-theme-post-featured-image elementor-widget-image\" data-id=\"63e293c\" data-element_type=\"widget\" data-e-type=\"widget\" data-widget_type=\"theme-post-featured-image.default\">\n\t\t\t\t<div class=\"elementor-widget-container\">\n\t\t\t\t\t\t\t\t\t\t\t\t\t\t\t<img loading=\"lazy\" decoding=\"async\" width=\"1200\" height=\"800\" src=\"https:\/\/siluteinfo.lt\/wp-content\/themes\/woodmart\/images\/lazy.svg\" data-src=\"https:\/\/siluteinfo.lt\/wp-content\/uploads\/2025\/05\/lankomi-senoji-silutes-turgaus-aikste.jpg\" class=\" wd-lazy-blur attachment-full size-full wp-image-42046\" alt=\"Senoji turgaus aik\u0161t\u0117 \u0160ilut\u0117je\" srcset=\"\" data-srcset=\"https:\/\/siluteinfo.lt\/wp-content\/uploads\/2025\/05\/lankomi-senoji-silutes-turgaus-aikste.jpg 1200w, https:\/\/siluteinfo.lt\/wp-content\/uploads\/2025\/05\/lankomi-senoji-silutes-turgaus-aikste-400x267.jpg 400w, https:\/\/siluteinfo.lt\/wp-content\/uploads\/2025\/05\/lankomi-senoji-silutes-turgaus-aikste-768x512.jpg 768w\" sizes=\"auto, (max-width: 1200px) 100vw, 1200px\" \/>\t\t\t\t\t\t\t\t\t\t\t\t\t\t\t<\/div>\n\t\t\t\t<\/div>\n\t\t\t\t<\/div>\n\t\t<div class=\"elementor-element elementor-element-515a8eb e-con-full e-flex e-con e-child\" data-id=\"515a8eb\" data-element_type=\"container\" data-e-type=\"container\">\n\t\t\t\t<div class=\"elementor-element elementor-element-fed4599 color-scheme-inherit text-left elementor-widget elementor-widget-text-editor\" data-id=\"fed4599\" data-element_type=\"widget\" data-e-type=\"widget\" data-widget_type=\"text-editor.default\">\n\t\t\t\t<div class=\"elementor-widget-container\">\n\t\t\t\t\t\t\t\t\t<div dir=\"auto\" style=\"font-style: normal; font-variant-ligatures: normal; font-variant-caps: normal; font-weight: 400; font-family: Jost, Arial, Helvetica, sans-serif; font-size: 16px; white-space: normal; text-align: justify;\"><div dir=\"auto\" style=\"font-style: normal; font-variant-ligatures: normal; font-variant-caps: normal; font-weight: 400; font-family: Jost, Arial, Helvetica, sans-serif; font-size: 16px; white-space: normal; text-align: justify;\"><p style=\"text-align: left;\">\u0421 XVI \u0432\u0435\u043a\u0430 \u0434\u043e \u0412\u0442\u043e\u0440\u043e\u0439 \u043c\u0438\u0440\u043e\u0432\u043e\u0439 \u0432\u043e\u0439\u043d\u044b \u0432\u0430\u0436\u043d\u0435\u0439\u0448\u0438\u043c \u044d\u043b\u0435\u043c\u0435\u043d\u0442\u043e\u043c \u0433\u043e\u0440\u043e\u0434\u0430 \u0428\u0438\u043b\u0443\u0442\u0435 \u0431\u044b\u043b\u0438 \u043c\u0430\u0441\u0448\u0442\u0430\u0431\u043d\u044b\u0435 \u044f\u0440\u043c\u0430\u0440\u043a\u0438, \u043f\u0440\u043e\u0445\u043e\u0434\u0438\u0432\u0448\u0438\u0435 \u043d\u0430 \u0421\u0442\u0430\u0440\u043e\u0439 \u0440\u044b\u043d\u043e\u0447\u043d\u043e\u0439 \u043f\u043b\u043e\u0449\u0430\u0434\u0438. \u0421\u044e\u0434\u0430 \u0441\u044a\u0435\u0437\u0436\u0430\u043b\u0438\u0441\u044c \u0440\u044b\u0431\u0430\u043a\u0438, \u0444\u0435\u0440\u043c\u0435\u0440\u044b, \u0442\u043e\u0440\u0433\u043e\u0432\u0446\u044b \u0438\u0437 \u043e\u043a\u0440\u0435\u0441\u0442\u043d\u044b\u0445 \u043f\u043e\u0441\u0435\u043b\u0435\u043d\u0438\u0439, \u041a\u0451\u043d\u0438\u0433\u0441\u0431\u0435\u0440\u0433\u0430, \u041a\u043b\u0430\u0439\u043f\u0435\u0434\u044b \u0438 \u0416\u0435\u043c\u0430\u0439\u0442\u0438\u0438 \u0438\u0437 \u0412\u0435\u043b\u0438\u043a\u043e\u0439 \u041b\u0438\u0442\u0432\u044b. \u0420\u044f\u0434\u043e\u043c \u0441 \u0440\u044b\u043d\u043e\u0447\u043d\u043e\u0439 \u043f\u043b\u043e\u0449\u0430\u0434\u044c\u044e \u0431\u044b\u043b\u0430 \u043f\u043e\u0441\u0442\u0440\u043e\u0435\u043d\u0430 \u043f\u0435\u0440\u0432\u0430\u044f \u043a\u043e\u0440\u0447\u043c\u0430, \u043e\u0442 \u043a\u043e\u0442\u043e\u0440\u043e\u0439, \u043f\u043e \u043f\u0440\u0435\u0434\u043f\u043e\u043b\u043e\u0436\u0435\u043d\u0438\u044f\u043c, \u043d\u0430\u0447\u0430\u043b\u043e\u0441\u044c \u0440\u0430\u0441\u0448\u0438\u0440\u0435\u043d\u0438\u0435 \u0433\u043e\u0440\u043e\u0434\u0430 \u0428\u0438\u043b\u0443\u0442\u0435. \u0417\u043d\u0430\u043c\u0435\u043d\u0438\u0442\u044b\u0439 \u0440\u044b\u0431\u043d\u044b\u0439 \u0440\u044b\u043d\u043e\u043a \u043d\u0430 \u044d\u0442\u043e\u0439 \u043f\u043b\u043e\u0449\u0430\u0434\u0438 \u0440\u0430\u0431\u043e\u0442\u0430\u043b \u043d\u0435\u0441\u043a\u043e\u043b\u044c\u043a\u043e \u0441\u0442\u043e\u043b\u0435\u0442\u0438\u0439.    <br>\u0421\u0442\u0430\u0440\u0430\u044f \u0440\u044b\u043d\u043e\u0447\u043d\u0430\u044f \u043f\u043b\u043e\u0449\u0430\u0434\u044c \u0432 \u0428\u0438\u043b\u0443\u0442\u0435 \u0434\u043e \u0441\u0438\u0445 \u043f\u043e\u0440 \u043e\u043a\u0440\u0443\u0436\u0435\u043d\u0430 \u0438\u0441\u0442\u043e\u0440\u0438\u0447\u0435\u0441\u043a\u0438\u043c\u0438 \u0437\u0434\u0430\u043d\u0438\u044f\u043c\u0438. \u0415\u0451 \u043f\u043b\u0430\u043d\u0438\u0440\u043e\u0432\u043a\u0430 \u043f\u0440\u0430\u043a\u0442\u0438\u0447\u0435\u0441\u043a\u0438 \u043d\u0435 \u0438\u0437\u043c\u0435\u043d\u0438\u043b\u0430\u0441\u044c \u2014 \u0437\u0430 \u0438\u0441\u043a\u043b\u044e\u0447\u0435\u043d\u0438\u0435\u043c \u043d\u0430\u0441\u044b\u043f\u0438 \u0432\u0434\u043e\u043b\u044c \u0438\u0437\u043b\u0443\u0447\u0438\u043d\u044b \u0440\u0435\u043a\u0438 \u0428\u0438\u0448\u0430 \u0438 \u043c\u043e\u0449\u0451\u043d\u043d\u043e\u0439 \u0431\u0443\u043b\u044b\u0436\u043d\u043e\u0439 \u043c\u043e\u0441\u0442\u043e\u0432\u043e\u0439 \u043f\u043e\u0434 \u0430\u0441\u0444\u0430\u043b\u044c\u0442\u043e\u043c. \u042d\u0442\u043e \u043c\u0435\u0441\u0442\u043e, \u0443 \u0438\u0437\u043b\u0443\u0447\u0438\u043d\u044b \u0428\u0438\u0448\u0438, \u0443\u0441\u0430\u0434\u044c\u0431\u044b \u0428\u0438\u043b\u0443\u0442\u0435 \u0438 \u0436\u0435\u043b\u0435\u0437\u043d\u043e\u0433\u043e \u043c\u043e\u0441\u0442\u0430 \u043d\u0430 \u0434\u043e\u0440\u043e\u0433\u0435 \u0432 \u0420\u0443\u0441\u043d\u0435, \u0441\u043b\u0443\u0436\u0438\u043b\u043e \u0442\u043e\u0440\u0433\u043e\u0432\u043e\u0439 \u043f\u043b\u043e\u0449\u0430\u0434\u044c\u044e \u043f\u043e\u0447\u0442\u0438 500 \u043b\u0435\u0442. <br>\u0421\u0442\u0430\u0440\u0430\u044f \u0440\u044b\u043d\u043e\u0447\u043d\u0430\u044f \u043f\u043b\u043e\u0449\u0430\u0434\u044c \u2014 \u043e\u0434\u043d\u043e \u0438\u0437 \u0434\u0440\u0435\u0432\u043d\u0435\u0439\u0448\u0438\u0445 \u0438\u0441\u0442\u043e\u0440\u0438\u0447\u0435\u0441\u043a\u0438\u0445 \u043c\u0435\u0441\u0442 \u0428\u0438\u043b\u0443\u0442\u0435, \u0441\u0432\u044f\u0437\u0430\u043d\u043d\u043e\u0435 \u0441 \u0432\u0430\u0436\u043d\u0435\u0439\u0448\u0438\u043c\u0438 \u044d\u0442\u0430\u043f\u0430\u043c\u0438 \u0435\u0433\u043e \u0440\u0430\u0437\u0432\u0438\u0442\u0438\u044f. \u0412 2022 \u0433\u043e\u0434\u0443 \u043f\u043b\u043e\u0449\u0430\u0434\u044c \u0431\u044b\u043b\u0430 \u043e\u0431\u043d\u043e\u0432\u043b\u0435\u043d\u0430.  <\/p><\/div><\/div>\t\t\t\t\t\t\t\t<\/div>\n\t\t\t\t<\/div>\n\t\t\t\t<\/div>\n\t\t<div class=\"elementor-element elementor-element-dc6d28e e-con-full e-flex e-con e-child\" data-id=\"dc6d28e\" data-element_type=\"container\" data-e-type=\"container\">\n\t\t\t\t<div class=\"elementor-element elementor-element-fdcfb5b elementor-widget elementor-widget-shortcode\" data-id=\"fdcfb5b\" data-element_type=\"widget\" data-e-type=\"widget\" data-widget_type=\"shortcode.default\">\n\t\t\t\t<div class=\"elementor-widget-container\">\n\t\t\t\t\t\t\t<div class=\"elementor-shortcode\">\t\t<div id=\"maps-marker-pro-09ab1b4a\" class=\"maps-marker-pro mmp-list-below\" style=\"width: 100%;\">\n\t\t\t<div id=\"mmp-map-wrap-09ab1b4a\" class=\"mmp-map-wrap\">\n\t\t\t\t\t\t\t\t\t<div id=\"mmp-panel-09ab1b4a\" class=\"mmp-panel\"><\/div>\n\t\t\t\t\t\t\t\t<div id=\"mmp-map-09ab1b4a\" class=\"mmp-map\" style=\"height: 500px;\"><\/div>\n\t\t\t\t\t\t\t<\/div>\n\t\t\t\t\t\t\t<div id=\"mmp-list-09ab1b4a\" class=\"mmp-list\" style=\"flex-basis: 400px;\"><\/div>\n\t\t\t\t\t<\/div>\n\t\t<\/div>\n\t\t\t\t\t\t<\/div>\n\t\t\t\t<\/div>\n\t\t\t\t<\/div>\n\t\t\t\t\t<\/div>\n\t\t\t\t<\/div>\n\t\t\t\t<\/div>\n\t\t","protected":false},"excerpt":{"rendered":"<p>\u0421 XVI \u0432\u0435\u043a\u0430 \u0434\u043e \u0412\u0442\u043e\u0440\u043e\u0439 \u043c\u0438\u0440\u043e\u0432\u043e\u0439 \u0432\u043e\u0439\u043d\u044b \u0432\u0430\u0436\u043d\u0435\u0439\u0448\u0438\u043c \u044d\u043b\u0435\u043c\u0435\u043d\u0442\u043e\u043c \u0433\u043e\u0440\u043e\u0434\u0430 \u0428\u0438\u043b\u0443\u0442\u0435 \u0431\u044b\u043b\u0438 \u043c\u0430\u0441\u0448\u0442\u0430\u0431\u043d\u044b\u0435 \u044f\u0440\u043c\u0430\u0440\u043a\u0438, \u043f\u0440\u043e\u0445\u043e\u0434\u0438\u0432\u0448\u0438\u0435 \u043d\u0430 \u0421\u0442\u0430\u0440\u043e\u0439 \u0440\u044b\u043d\u043e\u0447\u043d\u043e\u0439 \u043f\u043b\u043e\u0449\u0430\u0434\u0438. \u0421\u044e\u0434\u0430<\/p>\n","protected":false},"author":1,"featured_media":42046,"parent":23278,"menu_order":53,"comment_status":"closed","ping_status":"closed","template":"","meta":{"_acf_changed":false,"_monsterinsights_skip_tracking":false,"_monsterinsights_sitenote_active":false,"_monsterinsights_sitenote_note":"","_monsterinsights_sitenote_category":0,"footnotes":""},"class_list":["post-43165","page","type-page","status-publish","has-post-thumbnail","hentry"],"acf":[],"_links":{"self":[{"href":"https:\/\/siluteinfo.lt\/ru\/wp-json\/wp\/v2\/pages\/43165","targetHints":{"allow":["GET"]}}],"collection":[{"href":"https:\/\/siluteinfo.lt\/ru\/wp-json\/wp\/v2\/pages"}],"about":[{"href":"https:\/\/siluteinfo.lt\/ru\/wp-json\/wp\/v2\/types\/page"}],"author":[{"embeddable":true,"href":"https:\/\/siluteinfo.lt\/ru\/wp-json\/wp\/v2\/users\/1"}],"replies":[{"embeddable":true,"href":"https:\/\/siluteinfo.lt\/ru\/wp-json\/wp\/v2\/comments?post=43165"}],"version-history":[{"count":0,"href":"https:\/\/siluteinfo.lt\/ru\/wp-json\/wp\/v2\/pages\/43165\/revisions"}],"up":[{"embeddable":true,"href":"https:\/\/siluteinfo.lt\/ru\/wp-json\/wp\/v2\/pages\/23278"}],"wp:featuredmedia":[{"embeddable":true,"href":"https:\/\/siluteinfo.lt\/ru\/wp-json\/wp\/v2\/media\/42046"}],"wp:attachment":[{"href":"https:\/\/siluteinfo.lt\/ru\/wp-json\/wp\/v2\/media?parent=43165"}],"curies":[{"name":"wp","href":"https:\/\/api.w.org\/{rel}","templated":true}]}}