{"id":41228,"date":"2022-06-11T07:46:07","date_gmt":"2022-06-11T05:46:07","guid":{"rendered":"https:\/\/siluteinfo.lt\/transport\/suda\/lodka-aras\/"},"modified":"2025-05-15T09:49:35","modified_gmt":"2025-05-15T07:49:35","slug":"lodka-aras","status":"publish","type":"page","link":"https:\/\/siluteinfo.lt\/ru\/transport\/suda\/lodka-aras\/","title":{"rendered":"\u041b\u043e\u0434\u043a\u0430 \u00abAras\u00bb"},"content":{"rendered":"\t\t<div data-elementor-type=\"wp-page\" data-elementor-id=\"41228\" class=\"elementor elementor-41228 elementor-12840\" data-elementor-post-type=\"page\">\n\t\t\t\t\t\t<section class=\"wd-negative-gap elementor-section elementor-top-section elementor-element elementor-element-12ad792 elementor-section-boxed elementor-section-height-default elementor-section-height-default\" data-id=\"12ad792\" data-element_type=\"section\" data-e-type=\"section\">\n\t\t\t\t\t\t<div class=\"elementor-container elementor-column-gap-default\">\n\t\t\t\t\t<div class=\"elementor-column elementor-col-100 elementor-top-column elementor-element elementor-element-63cd9c9\" data-id=\"63cd9c9\" data-element_type=\"column\" data-e-type=\"column\">\n\t\t\t<div class=\"elementor-widget-wrap elementor-element-populated\">\n\t\t\t\t\t\t<section class=\"wd-negative-gap elementor-section elementor-inner-section elementor-element elementor-element-04fa7ae elementor-section-boxed elementor-section-height-default elementor-section-height-default\" data-id=\"04fa7ae\" data-element_type=\"section\" data-e-type=\"section\">\n\t\t\t\t\t\t<div class=\"elementor-container elementor-column-gap-default\">\n\t\t\t\t\t<div class=\"elementor-column elementor-col-50 elementor-inner-column elementor-element elementor-element-6ccd7c1\" data-id=\"6ccd7c1\" data-element_type=\"column\" data-e-type=\"column\">\n\t\t\t<div class=\"elementor-widget-wrap elementor-element-populated\">\n\t\t\t\t\t\t<div class=\"elementor-element elementor-element-5f6cec6 elementor-widget elementor-widget-theme-post-featured-image elementor-widget-image\" data-id=\"5f6cec6\" data-element_type=\"widget\" data-e-type=\"widget\" data-widget_type=\"theme-post-featured-image.default\">\n\t\t\t\t<div class=\"elementor-widget-container\">\n\t\t\t\t\t\t\t\t\t\t\t\t\t\t\t<img loading=\"lazy\" decoding=\"async\" width=\"1200\" height=\"900\" src=\"https:\/\/siluteinfo.lt\/wp-content\/themes\/woodmart\/images\/lazy.svg\" data-src=\"https:\/\/siluteinfo.lt\/wp-content\/uploads\/2023\/10\/laivininkai-aras.jpg\" class=\" wd-lazy-blur attachment-large size-large wp-image-30634\" alt=\"\" srcset=\"\" data-srcset=\"https:\/\/siluteinfo.lt\/wp-content\/uploads\/2023\/10\/laivininkai-aras.jpg 1200w, https:\/\/siluteinfo.lt\/wp-content\/uploads\/2023\/10\/laivininkai-aras-400x300.jpg 400w, https:\/\/siluteinfo.lt\/wp-content\/uploads\/2023\/10\/laivininkai-aras-768x576.jpg 768w\" sizes=\"auto, (max-width: 1200px) 100vw, 1200px\" \/>\t\t\t\t\t\t\t\t\t\t\t\t\t\t\t<\/div>\n\t\t\t\t<\/div>\n\t\t\t\t\t<\/div>\n\t\t<\/div>\n\t\t\t\t<div class=\"elementor-column elementor-col-50 elementor-inner-column elementor-element elementor-element-5678ccc\" data-id=\"5678ccc\" data-element_type=\"column\" data-e-type=\"column\">\n\t\t\t<div class=\"elementor-widget-wrap elementor-element-populated\">\n\t\t\t\t\t\t<div class=\"elementor-element elementor-element-7a51a8e color-scheme-inherit text-left elementor-widget elementor-widget-text-editor\" data-id=\"7a51a8e\" data-element_type=\"widget\" data-e-type=\"widget\" data-widget_type=\"text-editor.default\">\n\t\t\t\t<div class=\"elementor-widget-container\">\n\t\t\t\t\t\t\t\t\t<p><strong>\u041a\u043e\u043b\u0438\u0447\u0435\u0441\u0442\u0432\u043e \u043c\u0435\u0441\u0442 \u2013 12<\/strong><\/p><p>\u041c\u0435\u0441\u0442\u043e \u0441\u0442\u043e\u044f\u043d\u043a\u0438 \u2013 Pakaln\u0117s g. 64, Pakaln\u0117, \u0160ilut\u0117s r. sav.<br>\u0422\u0435\u043b. +370 686 81 919<br>\u042d\u043b. \u043f\u043e\u0447\u0442\u0430 <a href=\"&#109;&#x61;&#x69;l&#116;&#x6f;:&#112;&#x61;&#x6b;&#97;&#x6c;&#x6e;e&#115;&#x76;i&#110;&#x67;&#x69;&#115;&#x40;&#x67;m&#97;&#x69;l&#46;&#x63;&#x6f;&#109;\">p&#97;&#107;&#x61;&#x6c;&#x6e;es&#118;&#105;&#x6e;&#x67;&#x69;s&#64;&#103;&#109;&#x61;&#x69;&#x6c;&#46;&#99;&#111;&#x6d;<\/a>    <\/p>\t\t\t\t\t\t\t\t<\/div>\n\t\t\t\t<\/div>\n\t\t\t\t\t<\/div>\n\t\t<\/div>\n\t\t\t\t\t<\/div>\n\t\t<\/section>\n\t\t\t\t<section class=\"wd-negative-gap elementor-section elementor-inner-section elementor-element elementor-element-87a0075 elementor-section-boxed elementor-section-height-default elementor-section-height-default\" data-id=\"87a0075\" data-element_type=\"section\" data-e-type=\"section\">\n\t\t\t\t\t\t<div class=\"elementor-container elementor-column-gap-default\">\n\t\t\t\t\t<div class=\"elementor-column elementor-col-100 elementor-inner-column elementor-element elementor-element-f9e6b20\" data-id=\"f9e6b20\" data-element_type=\"column\" data-e-type=\"column\">\n\t\t\t<div class=\"elementor-widget-wrap elementor-element-populated\">\n\t\t\t\t\t\t\t<\/div>\n\t\t<\/div>\n\t\t\t\t\t<\/div>\n\t\t<\/section>\n\t\t\t\t\t<\/div>\n\t\t<\/div>\n\t\t\t\t\t<\/div>\n\t\t<\/section>\n\t\t\t\t<\/div>\n\t\t","protected":false},"excerpt":{"rendered":"<p>\u041a\u043e\u043b\u0438\u0447\u0435\u0441\u0442\u0432\u043e \u043c\u0435\u0441\u0442 \u2013 12 \u041c\u0435\u0441\u0442\u043e \u0441\u0442\u043e\u044f\u043d\u043a\u0438 \u2013 Pakaln\u0117s g. 64, Pakaln\u0117, \u0160ilut\u0117s r. sav.\u0422\u0435\u043b. +370 686 81 919\u042d\u043b. \u043f\u043e\u0447\u0442\u0430 pa&#107;&#97;&#x6c;&#x6e;&#x65;&#x73;vi&#110;&#103;&#x69;&#x73;&#x40;&#x67;ma&#105;&#108;&#46;&#x63;&#x6f;&#x6d;<\/p>\n","protected":false},"author":1,"featured_media":30634,"parent":23091,"menu_order":32,"comment_status":"closed","ping_status":"closed","template":"","meta":{"_acf_changed":false,"_monsterinsights_skip_tracking":false,"_monsterinsights_sitenote_active":false,"_monsterinsights_sitenote_note":"","_monsterinsights_sitenote_category":0,"footnotes":""},"class_list":["post-41228","page","type-page","status-publish","has-post-thumbnail","hentry"],"acf":[],"_links":{"self":[{"href":"https:\/\/siluteinfo.lt\/ru\/wp-json\/wp\/v2\/pages\/41228","targetHints":{"allow":["GET"]}}],"collection":[{"href":"https:\/\/siluteinfo.lt\/ru\/wp-json\/wp\/v2\/pages"}],"about":[{"href":"https:\/\/siluteinfo.lt\/ru\/wp-json\/wp\/v2\/types\/page"}],"author":[{"embeddable":true,"href":"https:\/\/siluteinfo.lt\/ru\/wp-json\/wp\/v2\/users\/1"}],"replies":[{"embeddable":true,"href":"https:\/\/siluteinfo.lt\/ru\/wp-json\/wp\/v2\/comments?post=41228"}],"version-history":[{"count":0,"href":"https:\/\/siluteinfo.lt\/ru\/wp-json\/wp\/v2\/pages\/41228\/revisions"}],"up":[{"embeddable":true,"href":"https:\/\/siluteinfo.lt\/ru\/wp-json\/wp\/v2\/pages\/23091"}],"wp:featuredmedia":[{"embeddable":true,"href":"https:\/\/siluteinfo.lt\/ru\/wp-json\/wp\/v2\/media\/30634"}],"wp:attachment":[{"href":"https:\/\/siluteinfo.lt\/ru\/wp-json\/wp\/v2\/media?parent=41228"}],"curies":[{"name":"wp","href":"https:\/\/api.w.org\/{rel}","templated":true}]}}