{"id":41118,"date":"2022-06-11T07:39:43","date_gmt":"2022-06-11T05:39:43","guid":{"rendered":"https:\/\/siluteinfo.lt\/transport\/suda\/skorostnoy-kater\/"},"modified":"2025-05-15T08:38:25","modified_gmt":"2025-05-15T06:38:25","slug":"skorostnoy-kater","status":"publish","type":"page","link":"https:\/\/siluteinfo.lt\/ru\/transport\/suda\/skorostnoy-kater\/","title":{"rendered":"\u0421\u043a\u043e\u0440\u043e\u0441\u0442\u043d\u043e\u0439 \u043a\u0430\u0442\u0435\u0440"},"content":{"rendered":"\t\t<div data-elementor-type=\"wp-page\" data-elementor-id=\"41118\" class=\"elementor elementor-41118 elementor-12804\" data-elementor-post-type=\"page\">\n\t\t\t\t\t\t<section class=\"wd-negative-gap elementor-section elementor-top-section elementor-element elementor-element-f611daf elementor-section-boxed elementor-section-height-default elementor-section-height-default\" data-id=\"f611daf\" data-element_type=\"section\" data-e-type=\"section\">\n\t\t\t\t\t\t<div class=\"elementor-container elementor-column-gap-default\">\n\t\t\t\t\t<div class=\"elementor-column elementor-col-100 elementor-top-column elementor-element elementor-element-43f96c0\" data-id=\"43f96c0\" data-element_type=\"column\" data-e-type=\"column\">\n\t\t\t<div class=\"elementor-widget-wrap elementor-element-populated\">\n\t\t\t\t\t\t<section class=\"wd-negative-gap elementor-section elementor-inner-section elementor-element elementor-element-a275be2 elementor-section-boxed elementor-section-height-default elementor-section-height-default\" data-id=\"a275be2\" data-element_type=\"section\" data-e-type=\"section\">\n\t\t\t\t\t\t<div class=\"elementor-container elementor-column-gap-default\">\n\t\t\t\t\t<div class=\"elementor-column elementor-col-50 elementor-inner-column elementor-element elementor-element-ad00ba9\" data-id=\"ad00ba9\" data-element_type=\"column\" data-e-type=\"column\">\n\t\t\t<div class=\"elementor-widget-wrap elementor-element-populated\">\n\t\t\t\t\t\t<div class=\"elementor-element elementor-element-f87a17e elementor-widget elementor-widget-theme-post-featured-image elementor-widget-image\" data-id=\"f87a17e\" data-element_type=\"widget\" data-e-type=\"widget\" data-widget_type=\"theme-post-featured-image.default\">\n\t\t\t\t<div class=\"elementor-widget-container\">\n\t\t\t\t\t\t\t\t\t\t\t\t\t\t\t<img loading=\"lazy\" decoding=\"async\" width=\"780\" height=\"240\" src=\"https:\/\/siluteinfo.lt\/wp-content\/themes\/woodmart\/images\/lazy.svg\" data-src=\"https:\/\/siluteinfo.lt\/wp-content\/uploads\/2023\/10\/laivininkai-greitaeigis-kateris-skirvytele.jpg\" class=\" wd-lazy-blur attachment-large size-large wp-image-30571\" alt=\"\" srcset=\"\" data-srcset=\"https:\/\/siluteinfo.lt\/wp-content\/uploads\/2023\/10\/laivininkai-greitaeigis-kateris-skirvytele.jpg 780w, https:\/\/siluteinfo.lt\/wp-content\/uploads\/2023\/10\/laivininkai-greitaeigis-kateris-skirvytele-400x123.jpg 400w, https:\/\/siluteinfo.lt\/wp-content\/uploads\/2023\/10\/laivininkai-greitaeigis-kateris-skirvytele-768x236.jpg 768w\" sizes=\"auto, (max-width: 780px) 100vw, 780px\" \/>\t\t\t\t\t\t\t\t\t\t\t\t\t\t\t<\/div>\n\t\t\t\t<\/div>\n\t\t\t\t\t<\/div>\n\t\t<\/div>\n\t\t\t\t<div class=\"elementor-column elementor-col-50 elementor-inner-column elementor-element elementor-element-10c3b48\" data-id=\"10c3b48\" data-element_type=\"column\" data-e-type=\"column\">\n\t\t\t<div class=\"elementor-widget-wrap elementor-element-populated\">\n\t\t\t\t\t\t<div class=\"elementor-element elementor-element-5358c97 color-scheme-inherit text-left elementor-widget elementor-widget-text-editor\" data-id=\"5358c97\" data-element_type=\"widget\" data-e-type=\"widget\" data-widget_type=\"text-editor.default\">\n\t\t\t\t<div class=\"elementor-widget-container\">\n\t\t\t\t\t\t\t\t\t<p><strong>\u041a\u043e\u043b\u0438\u0447\u0435\u0441\u0442\u0432\u043e \u043c\u0435\u0441\u0442 \u2013 8<\/strong><\/p><p>\u041c\u0435\u0441\u0442\u043e \u0441\u0442\u043e\u044f\u043d\u043a\u0438 \u2013 Skirvyt\u0117l\u0117s g. 3, Rusn\u0117, \u0160ilut\u0117s r. sav.<br>\u0422\u0435\u043b.: +370 652 30 980, +370 686 49 427<br>\u042d\u043b. \u043f\u043e\u0447\u0442\u0430 <a href=\"&#109;&#x61;&#105;&#x6c;t&#111;&#x3a;&#118;&#x61;c&#x6c;o&#118;&#x61;&#115;&#x72;u&#x73;&#x6e;&#101;&#x40;g&#x6d;a&#105;&#x6c;&#46;&#x63;o&#x6d;\">&#118;&#x61;c&#x6c;&#x6f;&#118;&#x61;s&#114;&#x75;&#115;&#x6e;e&#64;&#x67;m&#x61;i&#108;&#x2e;c&#x6f;&#x6d;<\/a>   <br><a href=\"http:\/\/skirvytele.lt\" target=\"_blank\" rel=\"noopener\">www.skirvytele.lt<\/a><\/p>\t\t\t\t\t\t\t\t<\/div>\n\t\t\t\t<\/div>\n\t\t\t\t\t<\/div>\n\t\t<\/div>\n\t\t\t\t\t<\/div>\n\t\t<\/section>\n\t\t\t\t<section class=\"wd-negative-gap elementor-section elementor-inner-section elementor-element elementor-element-e5a2214 elementor-section-boxed elementor-section-height-default elementor-section-height-default\" data-id=\"e5a2214\" data-element_type=\"section\" data-e-type=\"section\">\n\t\t\t\t\t\t<div class=\"elementor-container elementor-column-gap-default\">\n\t\t\t\t\t<div class=\"elementor-column elementor-col-100 elementor-inner-column elementor-element elementor-element-7c248b9\" data-id=\"7c248b9\" data-element_type=\"column\" data-e-type=\"column\">\n\t\t\t<div class=\"elementor-widget-wrap elementor-element-populated\">\n\t\t\t\t\t\t\t<\/div>\n\t\t<\/div>\n\t\t\t\t\t<\/div>\n\t\t<\/section>\n\t\t\t\t\t<\/div>\n\t\t<\/div>\n\t\t\t\t\t<\/div>\n\t\t<\/section>\n\t\t\t\t<\/div>\n\t\t","protected":false},"excerpt":{"rendered":"<p>\u041a\u043e\u043b\u0438\u0447\u0435\u0441\u0442\u0432\u043e \u043c\u0435\u0441\u0442 \u2013 8 \u041c\u0435\u0441\u0442\u043e \u0441\u0442\u043e\u044f\u043d\u043a\u0438 \u2013 Skirvyt\u0117l\u0117s g. 3, Rusn\u0117, \u0160ilut\u0117s r. sav.\u0422\u0435\u043b.: +370 652 30 980, +370 686<\/p>\n","protected":false},"author":1,"featured_media":30571,"parent":23091,"menu_order":23,"comment_status":"closed","ping_status":"closed","template":"","meta":{"_acf_changed":false,"_monsterinsights_skip_tracking":false,"_monsterinsights_sitenote_active":false,"_monsterinsights_sitenote_note":"","_monsterinsights_sitenote_category":0,"footnotes":""},"class_list":["post-41118","page","type-page","status-publish","has-post-thumbnail","hentry"],"acf":[],"_links":{"self":[{"href":"https:\/\/siluteinfo.lt\/ru\/wp-json\/wp\/v2\/pages\/41118","targetHints":{"allow":["GET"]}}],"collection":[{"href":"https:\/\/siluteinfo.lt\/ru\/wp-json\/wp\/v2\/pages"}],"about":[{"href":"https:\/\/siluteinfo.lt\/ru\/wp-json\/wp\/v2\/types\/page"}],"author":[{"embeddable":true,"href":"https:\/\/siluteinfo.lt\/ru\/wp-json\/wp\/v2\/users\/1"}],"replies":[{"embeddable":true,"href":"https:\/\/siluteinfo.lt\/ru\/wp-json\/wp\/v2\/comments?post=41118"}],"version-history":[{"count":0,"href":"https:\/\/siluteinfo.lt\/ru\/wp-json\/wp\/v2\/pages\/41118\/revisions"}],"up":[{"embeddable":true,"href":"https:\/\/siluteinfo.lt\/ru\/wp-json\/wp\/v2\/pages\/23091"}],"wp:featuredmedia":[{"embeddable":true,"href":"https:\/\/siluteinfo.lt\/ru\/wp-json\/wp\/v2\/media\/30571"}],"wp:attachment":[{"href":"https:\/\/siluteinfo.lt\/ru\/wp-json\/wp\/v2\/media?parent=41118"}],"curies":[{"name":"wp","href":"https:\/\/api.w.org\/{rel}","templated":true}]}}