{"id":40638,"date":"2023-05-30T08:23:14","date_gmt":"2023-05-30T06:23:14","guid":{"rendered":"https:\/\/siluteinfo.lt\/transport\/suda\/lodka-forelle-flicka\/"},"modified":"2025-06-10T10:12:31","modified_gmt":"2025-06-10T08:12:31","slug":"lodka-forelle-flicka","status":"publish","type":"page","link":"https:\/\/siluteinfo.lt\/ru\/transport\/suda\/lodka-forelle-flicka\/","title":{"rendered":"\u041b\u043e\u0434\u043a\u0430 \u00abForelle-Flicka\u00bb"},"content":{"rendered":"\t\t<div data-elementor-type=\"wp-page\" data-elementor-id=\"40638\" class=\"elementor elementor-40638 elementor-24540\" data-elementor-post-type=\"page\">\n\t\t\t\t\t\t<section class=\"wd-negative-gap elementor-section elementor-top-section elementor-element elementor-element-b806441 elementor-section-boxed elementor-section-height-default elementor-section-height-default\" data-id=\"b806441\" data-element_type=\"section\" data-e-type=\"section\">\n\t\t\t\t\t\t<div class=\"elementor-container elementor-column-gap-default\">\n\t\t\t\t\t<div class=\"elementor-column elementor-col-100 elementor-top-column elementor-element elementor-element-1b03fb4\" data-id=\"1b03fb4\" data-element_type=\"column\" data-e-type=\"column\">\n\t\t\t<div class=\"elementor-widget-wrap elementor-element-populated\">\n\t\t\t\t\t\t<section class=\"wd-negative-gap elementor-section elementor-inner-section elementor-element elementor-element-8a14745 elementor-section-boxed elementor-section-height-default elementor-section-height-default\" data-id=\"8a14745\" data-element_type=\"section\" data-e-type=\"section\">\n\t\t\t\t\t\t<div class=\"elementor-container elementor-column-gap-default\">\n\t\t\t\t\t<div class=\"elementor-column elementor-col-50 elementor-inner-column elementor-element elementor-element-24e6c56\" data-id=\"24e6c56\" data-element_type=\"column\" data-e-type=\"column\">\n\t\t\t<div class=\"elementor-widget-wrap elementor-element-populated\">\n\t\t\t\t\t\t<div class=\"elementor-element elementor-element-c756f4d elementor-widget elementor-widget-theme-post-featured-image elementor-widget-image\" data-id=\"c756f4d\" data-element_type=\"widget\" data-e-type=\"widget\" data-widget_type=\"theme-post-featured-image.default\">\n\t\t\t\t<div class=\"elementor-widget-container\">\n\t\t\t\t\t\t\t\t\t\t\t\t\t\t\t<img loading=\"lazy\" decoding=\"async\" width=\"1200\" height=\"800\" src=\"https:\/\/siluteinfo.lt\/wp-content\/themes\/woodmart\/images\/lazy.svg\" data-src=\"https:\/\/siluteinfo.lt\/wp-content\/uploads\/2025\/06\/laivininkai-forelle-flicka.jpg\" class=\" wd-lazy-blur attachment-large size-large wp-image-43103\" alt=\"Laivas \u201eForelle Flicka\u201c Uostadvaryje\" srcset=\"\" data-srcset=\"https:\/\/siluteinfo.lt\/wp-content\/uploads\/2025\/06\/laivininkai-forelle-flicka.jpg 1200w, https:\/\/siluteinfo.lt\/wp-content\/uploads\/2025\/06\/laivininkai-forelle-flicka-400x267.jpg 400w, https:\/\/siluteinfo.lt\/wp-content\/uploads\/2025\/06\/laivininkai-forelle-flicka-768x512.jpg 768w\" sizes=\"auto, (max-width: 1200px) 100vw, 1200px\" \/>\t\t\t\t\t\t\t\t\t\t\t\t\t\t\t<\/div>\n\t\t\t\t<\/div>\n\t\t\t\t\t<\/div>\n\t\t<\/div>\n\t\t\t\t<div class=\"elementor-column elementor-col-50 elementor-inner-column elementor-element elementor-element-8c575ad\" data-id=\"8c575ad\" data-element_type=\"column\" data-e-type=\"column\">\n\t\t\t<div class=\"elementor-widget-wrap elementor-element-populated\">\n\t\t\t\t\t\t<div class=\"elementor-element elementor-element-d1bd433 color-scheme-inherit text-left elementor-widget elementor-widget-text-editor\" data-id=\"d1bd433\" data-element_type=\"widget\" data-e-type=\"widget\" data-widget_type=\"text-editor.default\">\n\t\t\t\t<div class=\"elementor-widget-container\">\n\t\t\t\t\t\t\t\t\t<p><strong>\u041a\u043e\u043b\u0438\u0447\u0435\u0441\u0442\u0432\u043e \u043c\u0435\u0441\u0442 \u2013 80<\/strong><\/p>\n<p>\u041c\u0435\u0441\u0442\u043e \u0441\u0442\u043e\u044f\u043d\u043a\u0438 \u2013 Krok\u0173 Lankos g. 33, Minija, \u0160ilut\u0117s r. sav.<br>\u0422\u0435\u043b. +370 686 66 600<br>\u042d\u043b. \u043f\u043e\u0447\u0442\u0430 <a href=\"&#x6d;&#x61;&#105;&#108;&#116;o&#x3a;&#x6d;&#x69;&#110;&#105;ja&#x40;&#x6d;&#x69;&#110;&#103;e&#x73;&#x65;&#x67;&#122;&#111;&#116;i&#x6b;&#x61;&#x2e;&#108;&#116;\">&#x6d;&#105;&#110;i&#x6a;&#x61;&#64;m&#x69;&#x6e;&#103;e&#x73;&#x65;&#103;z&#x6f;&#x74;&#105;k&#x61;&#x2e;&#108;t<br><\/a><a href=\"https:\/\/www.mingeskaimas.lt\" target=\"_blank\" rel=\"noopener\">www.mingeskaimas.lt<\/a>   <\/p>\n<ul>\n<li>\u041b\u043e\u0434\u043a\u0430 \u00abForelle-Flicka\u00bb \u0442\u0430\u043a\u0436\u0435 \u0440\u0430\u0431\u043e\u0442\u0430\u0435\u0442 \u043a\u0430\u043a \u043f\u0430\u0440\u043e\u043c \u0438 \u0432 \u0441\u0435\u0437\u043e\u043d \u0445\u043e\u0434\u0438\u0442 \u043f\u043e \u043c\u0430\u0440\u0448\u0440\u0443\u0442\u0443 \u041c\u0418\u041d\u0418\u042f\u2013\u0423\u041e\u0421\u0422\u0410\u0414\u0412\u0410\u0420\u0418\u0421\u2013\u041d\u0418\u0414\u0410\u2013\u0423\u041e\u0421\u0422\u0410\u0414\u0412\u0410\u0420\u0418\u0421\u2013\u041c\u0418\u041d\u0418\u042f<br>\u0418\u043d\u0444\u043e\u0440\u043c\u0430\u0446\u0438\u044f \u043e \u043f\u0430\u0440\u043e\u043c\u0430\u0445: <a href=\"https:\/\/siluteinfo.lt\/ru\/transport\/paromy\/\">www.siluteinfo.lt\/ru\/transport\/paromy\/<\/a><\/li>\n<\/ul>\t\t\t\t\t\t\t\t<\/div>\n\t\t\t\t<\/div>\n\t\t\t\t\t<\/div>\n\t\t<\/div>\n\t\t\t\t\t<\/div>\n\t\t<\/section>\n\t\t\t\t<section class=\"wd-negative-gap elementor-section elementor-inner-section elementor-element elementor-element-896f07a elementor-section-boxed elementor-section-height-default elementor-section-height-default\" data-id=\"896f07a\" data-element_type=\"section\" data-e-type=\"section\">\n\t\t\t\t\t\t<div class=\"elementor-container elementor-column-gap-default\">\n\t\t\t\t\t<div class=\"elementor-column elementor-col-100 elementor-inner-column elementor-element elementor-element-a634c5f\" data-id=\"a634c5f\" data-element_type=\"column\" data-e-type=\"column\">\n\t\t\t<div class=\"elementor-widget-wrap elementor-element-populated\">\n\t\t\t\t\t\t\t<\/div>\n\t\t<\/div>\n\t\t\t\t\t<\/div>\n\t\t<\/section>\n\t\t\t\t\t<\/div>\n\t\t<\/div>\n\t\t\t\t\t<\/div>\n\t\t<\/section>\n\t\t\t\t<\/div>\n\t\t","protected":false},"excerpt":{"rendered":"<p>\u041a\u043e\u043b\u0438\u0447\u0435\u0441\u0442\u0432\u043e \u043c\u0435\u0441\u0442 \u2013 80 \u041c\u0435\u0441\u0442\u043e \u0441\u0442\u043e\u044f\u043d\u043a\u0438 \u2013 Krok\u0173 Lankos g. 33, Minija, \u0160ilut\u0117s r. sav.\u0422\u0435\u043b. +370 686 66 600\u042d\u043b. \u043f\u043e\u0447\u0442\u0430<\/p>\n","protected":false},"author":6,"featured_media":43103,"parent":23091,"menu_order":9,"comment_status":"closed","ping_status":"closed","template":"","meta":{"_acf_changed":false,"_monsterinsights_skip_tracking":false,"_monsterinsights_sitenote_active":false,"_monsterinsights_sitenote_note":"","_monsterinsights_sitenote_category":0,"footnotes":""},"class_list":["post-40638","page","type-page","status-publish","has-post-thumbnail","hentry"],"acf":[],"_links":{"self":[{"href":"https:\/\/siluteinfo.lt\/ru\/wp-json\/wp\/v2\/pages\/40638","targetHints":{"allow":["GET"]}}],"collection":[{"href":"https:\/\/siluteinfo.lt\/ru\/wp-json\/wp\/v2\/pages"}],"about":[{"href":"https:\/\/siluteinfo.lt\/ru\/wp-json\/wp\/v2\/types\/page"}],"author":[{"embeddable":true,"href":"https:\/\/siluteinfo.lt\/ru\/wp-json\/wp\/v2\/users\/6"}],"replies":[{"embeddable":true,"href":"https:\/\/siluteinfo.lt\/ru\/wp-json\/wp\/v2\/comments?post=40638"}],"version-history":[{"count":0,"href":"https:\/\/siluteinfo.lt\/ru\/wp-json\/wp\/v2\/pages\/40638\/revisions"}],"up":[{"embeddable":true,"href":"https:\/\/siluteinfo.lt\/ru\/wp-json\/wp\/v2\/pages\/23091"}],"wp:featuredmedia":[{"embeddable":true,"href":"https:\/\/siluteinfo.lt\/ru\/wp-json\/wp\/v2\/media\/43103"}],"wp:attachment":[{"href":"https:\/\/siluteinfo.lt\/ru\/wp-json\/wp\/v2\/media?parent=40638"}],"curies":[{"name":"wp","href":"https:\/\/api.w.org\/{rel}","templated":true}]}}