{"id":40507,"date":"2022-06-11T11:59:38","date_gmt":"2022-06-11T09:59:38","guid":{"rendered":"https:\/\/siluteinfo.lt\/dosug\/turisticheskiye-agentstva-i-organizatory-turov\/turisticheskoye-agentstvo-upaite\/"},"modified":"2025-04-22T20:15:11","modified_gmt":"2025-04-22T18:15:11","slug":"turisticheskoye-agentstvo-upaite","status":"publish","type":"page","link":"https:\/\/siluteinfo.lt\/ru\/dosug\/turisticheskiye-agentstva-i-organizatory-turov\/turisticheskoye-agentstvo-upaite\/","title":{"rendered":"\u0422\u0443\u0440\u0438\u0441\u0442\u0438\u0447\u0435\u0441\u043a\u043e\u0435 \u0430\u0433\u0435\u043d\u0442\u0441\u0442\u0432\u043e &#171;Upait\u0117&#187;"},"content":{"rendered":"\t\t<div data-elementor-type=\"wp-page\" data-elementor-id=\"40507\" class=\"elementor elementor-40507 elementor-13283\" data-elementor-post-type=\"page\">\n\t\t\t\t\t\t<section class=\"wd-negative-gap elementor-section elementor-top-section elementor-element elementor-element-14b3238 elementor-section-boxed elementor-section-height-default elementor-section-height-default\" data-id=\"14b3238\" data-element_type=\"section\" data-e-type=\"section\">\n\t\t\t\t\t\t<div class=\"elementor-container elementor-column-gap-default\">\n\t\t\t\t\t<div class=\"elementor-column elementor-col-100 elementor-top-column elementor-element elementor-element-52001b96\" data-id=\"52001b96\" data-element_type=\"column\" data-e-type=\"column\">\n\t\t\t<div class=\"elementor-widget-wrap elementor-element-populated\">\n\t\t\t\t\t\t<div class=\"elementor-element elementor-element-25afc15a color-scheme-inherit text-left elementor-widget elementor-widget-text-editor\" data-id=\"25afc15a\" data-element_type=\"widget\" data-e-type=\"widget\" data-widget_type=\"text-editor.default\">\n\t\t\t\t<div class=\"elementor-widget-container\">\n\t\t\t\t\t\t\t\t\t<p>\u041c\u044b \u2013 \u0436\u0438\u0442\u0435\u043b\u0438 \u043f\u0440\u0438\u043c\u043e\u0440\u0441\u043a\u043e\u0433\u043e \u043a\u0440\u0430\u044f \u041f\u0430\u043c\u044f\u0440\u0438\u0441, \u0442\u0435\u0441\u043d\u043e \u0441\u0432\u044f\u0437\u0430\u043d\u044b \u0441 \u0432\u043e\u0434\u0430\u043c\u0438, \u043f\u0430\u0432\u043e\u0434\u043a\u0430\u043c\u0438 \u0438 \u0432\u0435\u0442\u0440\u043e\u043c. \u041d\u0430\u0448\u0435 \u0431\u043e\u0433\u0430\u0442\u0441\u0442\u0432\u043e \u2013 \u0433\u0443\u0441\u0442\u0430\u044f \u0441\u0435\u0442\u044c \u0440\u0435\u043a, \u041a\u0443\u0440\u0448\u0441\u043a\u0438\u0439 \u0437\u0430\u043b\u0438\u0432 \u0438 \u043f\u043e\u0439\u043c\u0435\u043d\u043d\u044b\u0435 \u043b\u0443\u0433\u0430. \u041d\u0430\u0448\u0430 \u0440\u0430\u0434\u043e\u0441\u0442\u044c \u2013 \u0438\u0437\u043e\u0431\u0438\u043b\u0438\u0435 \u0440\u044b\u0431\u044b \u0438 \u043f\u0442\u0438\u0446.<br>\u041c\u044b \u0433\u043e\u0442\u043e\u0432\u044b \u043f\u043e\u0434\u0435\u043b\u0438\u0442\u044c\u0441\u044f \u0432\u0441\u0435\u043c \u044d\u0442\u0438\u043c \u0441 \u043d\u0430\u0448\u0438\u043c\u0438 \u0433\u043e\u0441\u0442\u044f\u043c\u0438. \u041c\u044b \u043f\u043e\u0437\u043d\u0430\u043a\u043e\u043c\u0438\u043c \u0432\u0430\u0441 \u0441 \u043d\u0430\u0448\u0438\u043c \u043e\u0431\u0440\u0430\u0437\u043e\u043c \u0436\u0438\u0437\u043d\u0438, \u043a\u0443\u043b\u044c\u0442\u0443\u0440\u043e\u0439, \u0442\u0440\u0430\u0434\u0438\u0446\u0438\u044f\u043c\u0438, \u043f\u0440\u0438\u0433\u043b\u0430\u0441\u0438\u043c \u043f\u043e\u043f\u0440\u043e\u0431\u043e\u0432\u0430\u0442\u044c \u043d\u0430\u0448\u0435 \u043a\u0443\u043b\u0438\u043d\u0430\u0440\u043d\u043e\u0435 \u043d\u0430\u0441\u043b\u0435\u0434\u0438\u0435 \u0438 \u043f\u043e\u043a\u0430\u0436\u0435\u043c \u0441\u0430\u043c\u044b\u0435 \u043a\u0440\u0430\u0441\u0438\u0432\u044b\u0435 \u0443\u0433\u043e\u043b\u043a\u0438 \u043d\u0430\u0448\u0435\u0433\u043e \u043a\u0440\u0430\u044f.<br>\u0427\u0442\u043e\u0431\u044b \u0432\u044b \u043d\u0435 \u0437\u0430\u0431\u043b\u0443\u0434\u0438\u043b\u0438\u0441\u044c \u043d\u0438 \u0441\u0440\u0435\u0434\u0438 \u043d\u0430\u0448\u0438\u0445 \u0432\u043e\u0434, \u043d\u0438 \u0432 \u0440\u0430\u0437\u043d\u043e\u043e\u0431\u0440\u0430\u0437\u0438\u0438 \u043f\u0440\u0435\u0434\u043e\u0441\u0442\u0430\u0432\u043b\u044f\u0435\u043c\u044b\u0445 \u0443\u0441\u043b\u0443\u0433, \u043c\u044b \u043e\u0431\u044a\u0435\u0434\u0438\u043d\u0438\u043b\u0438\u0441\u044c \u0432 \u043e\u0434\u043d\u043e\u043c \u043c\u0435\u0441\u0442\u0435 \u2013 <a href=\"https:\/\/upaite.lt\/\" target=\"_blank\" rel=\"noopener\">www.upaite.lt<\/a>   <\/p><p>\u041d\u0430\u0441 \u043e\u0431\u044a\u0435\u0434\u0438\u043d\u044f\u0435\u0442 \u0436\u0435\u043b\u0430\u043d\u0438\u0435, \u0447\u0442\u043e\u0431\u044b \u0432\u044b \u043f\u043e\u043b\u0443\u0447\u0438\u043b\u0438 \u043b\u0443\u0447\u0448\u0438\u0435 \u0432\u043f\u0435\u0447\u0430\u0442\u043b\u0435\u043d\u0438\u044f \u0438 \u0443\u0432\u0435\u0437\u043b\u0438 \u0441 \u0441\u043e\u0431\u043e\u0439 \u0441\u0430\u043c\u044b\u0435 \u043f\u0440\u0438\u044f\u0442\u043d\u044b\u0435 \u0432\u043e\u0441\u043f\u043e\u043c\u0438\u043d\u0430\u043d\u0438\u044f.<\/p><p>\u0422\u0443\u0440\u0438\u0441\u0442\u0438\u0447\u0435\u0441\u043a\u043e\u0435 \u0430\u0433\u0435\u043d\u0442\u0441\u0442\u0432\u043e &#171;Upait\u0117&#187;<br>\u0422\u0435\u043b. +370 688 39 447<br>Lietuvinink\u0173 g. 48 A, \u0160ilut\u0117  <\/p>\t\t\t\t\t\t\t\t<\/div>\n\t\t\t\t<\/div>\n\t\t\t\t\t<\/div>\n\t\t<\/div>\n\t\t\t\t\t<\/div>\n\t\t<\/section>\n\t\t\t\t<\/div>\n\t\t","protected":false},"excerpt":{"rendered":"<p>\u041c\u044b \u2013 \u0436\u0438\u0442\u0435\u043b\u0438 \u043f\u0440\u0438\u043c\u043e\u0440\u0441\u043a\u043e\u0433\u043e \u043a\u0440\u0430\u044f \u041f\u0430\u043c\u044f\u0440\u0438\u0441, \u0442\u0435\u0441\u043d\u043e \u0441\u0432\u044f\u0437\u0430\u043d\u044b \u0441 \u0432\u043e\u0434\u0430\u043c\u0438, \u043f\u0430\u0432\u043e\u0434\u043a\u0430\u043c\u0438 \u0438 \u0432\u0435\u0442\u0440\u043e\u043c. \u041d\u0430\u0448\u0435 \u0431\u043e\u0433\u0430\u0442\u0441\u0442\u0432\u043e \u2013 \u0433\u0443\u0441\u0442\u0430\u044f \u0441\u0435\u0442\u044c \u0440\u0435\u043a, \u041a\u0443\u0440\u0448\u0441\u043a\u0438\u0439<\/p>\n","protected":false},"author":1,"featured_media":13287,"parent":40486,"menu_order":1,"comment_status":"closed","ping_status":"closed","template":"","meta":{"_acf_changed":false,"_monsterinsights_skip_tracking":false,"_monsterinsights_sitenote_active":false,"_monsterinsights_sitenote_note":"","_monsterinsights_sitenote_category":0,"footnotes":""},"class_list":["post-40507","page","type-page","status-publish","has-post-thumbnail","hentry"],"acf":[],"_links":{"self":[{"href":"https:\/\/siluteinfo.lt\/ru\/wp-json\/wp\/v2\/pages\/40507","targetHints":{"allow":["GET"]}}],"collection":[{"href":"https:\/\/siluteinfo.lt\/ru\/wp-json\/wp\/v2\/pages"}],"about":[{"href":"https:\/\/siluteinfo.lt\/ru\/wp-json\/wp\/v2\/types\/page"}],"author":[{"embeddable":true,"href":"https:\/\/siluteinfo.lt\/ru\/wp-json\/wp\/v2\/users\/1"}],"replies":[{"embeddable":true,"href":"https:\/\/siluteinfo.lt\/ru\/wp-json\/wp\/v2\/comments?post=40507"}],"version-history":[{"count":0,"href":"https:\/\/siluteinfo.lt\/ru\/wp-json\/wp\/v2\/pages\/40507\/revisions"}],"up":[{"embeddable":true,"href":"https:\/\/siluteinfo.lt\/ru\/wp-json\/wp\/v2\/pages\/40486"}],"wp:featuredmedia":[{"embeddable":true,"href":"https:\/\/siluteinfo.lt\/ru\/wp-json\/wp\/v2\/media\/13287"}],"wp:attachment":[{"href":"https:\/\/siluteinfo.lt\/ru\/wp-json\/wp\/v2\/media?parent=40507"}],"curies":[{"name":"wp","href":"https:\/\/api.w.org\/{rel}","templated":true}]}}