{"id":40441,"date":"2024-12-20T13:04:08","date_gmt":"2024-12-20T11:04:08","guid":{"rendered":"https:\/\/siluteinfo.lt\/dosug\/aktyvnyj-otdych\/basseyn-v-shilute\/"},"modified":"2025-05-20T07:28:41","modified_gmt":"2025-05-20T05:28:41","slug":"basseyn-v-shilute","status":"publish","type":"page","link":"https:\/\/siluteinfo.lt\/ru\/dosug\/aktyvnyj-otdych\/basseyn-v-shilute\/","title":{"rendered":"\u0411\u0430\u0441\u0441\u0435\u0439\u043d \u0432 \u0428\u0438\u043b\u0443\u0442\u0435"},"content":{"rendered":"\t\t<div data-elementor-type=\"wp-page\" data-elementor-id=\"40441\" class=\"elementor elementor-40441 elementor-37989\" data-elementor-post-type=\"page\">\n\t\t\t\t\t\t<section class=\"wd-negative-gap elementor-section elementor-top-section elementor-element elementor-element-6806269 elementor-section-boxed elementor-section-height-default elementor-section-height-default\" data-id=\"6806269\" data-element_type=\"section\" data-e-type=\"section\">\n\t\t\t\t\t\t<div class=\"elementor-container elementor-column-gap-default\">\n\t\t\t\t\t<div class=\"elementor-column elementor-col-100 elementor-top-column elementor-element elementor-element-93f0e14\" data-id=\"93f0e14\" data-element_type=\"column\" data-e-type=\"column\">\n\t\t\t<div class=\"elementor-widget-wrap elementor-element-populated\">\n\t\t\t\t\t\t<section class=\"wd-negative-gap elementor-section elementor-inner-section elementor-element elementor-element-217d47b elementor-section-boxed elementor-section-height-default elementor-section-height-default\" data-id=\"217d47b\" data-element_type=\"section\" data-e-type=\"section\">\n\t\t\t\t\t\t<div class=\"elementor-container elementor-column-gap-default\">\n\t\t\t\t\t<div class=\"elementor-column elementor-col-50 elementor-inner-column elementor-element elementor-element-dd0ed0d\" data-id=\"dd0ed0d\" data-element_type=\"column\" data-e-type=\"column\">\n\t\t\t<div class=\"elementor-widget-wrap elementor-element-populated\">\n\t\t\t\t\t\t<div class=\"elementor-element elementor-element-b9a7788 elementor-widget elementor-widget-theme-post-featured-image elementor-widget-image\" data-id=\"b9a7788\" data-element_type=\"widget\" data-e-type=\"widget\" data-widget_type=\"theme-post-featured-image.default\">\n\t\t\t\t<div class=\"elementor-widget-container\">\n\t\t\t\t\t\t\t\t\t\t\t\t\t\t\t<img loading=\"lazy\" decoding=\"async\" width=\"1000\" height=\"666\" src=\"https:\/\/siluteinfo.lt\/wp-content\/themes\/woodmart\/images\/lazy.svg\" data-src=\"https:\/\/siluteinfo.lt\/wp-content\/uploads\/2025\/03\/pramogos-silutes-baseinas.jpg\" class=\" wd-lazy-blur attachment-large size-large wp-image-39199\" alt=\"Laisvalaikio ir sporto nam\u0173 pastatas \u0160ilut\u0117je\" srcset=\"\" data-srcset=\"https:\/\/siluteinfo.lt\/wp-content\/uploads\/2025\/03\/pramogos-silutes-baseinas.jpg 1000w, https:\/\/siluteinfo.lt\/wp-content\/uploads\/2025\/03\/pramogos-silutes-baseinas-400x266.jpg 400w, https:\/\/siluteinfo.lt\/wp-content\/uploads\/2025\/03\/pramogos-silutes-baseinas-768x511.jpg 768w\" sizes=\"auto, (max-width: 1000px) 100vw, 1000px\" \/>\t\t\t\t\t\t\t\t\t\t\t\t\t\t\t<\/div>\n\t\t\t\t<\/div>\n\t\t\t\t\t<\/div>\n\t\t<\/div>\n\t\t\t\t<div class=\"elementor-column elementor-col-50 elementor-inner-column elementor-element elementor-element-7f29403\" data-id=\"7f29403\" data-element_type=\"column\" data-e-type=\"column\">\n\t\t\t<div class=\"elementor-widget-wrap elementor-element-populated\">\n\t\t\t\t\t\t<div class=\"elementor-element elementor-element-453d810 color-scheme-inherit text-left elementor-widget elementor-widget-text-editor\" data-id=\"453d810\" data-element_type=\"widget\" data-e-type=\"widget\" data-widget_type=\"text-editor.default\">\n\t\t\t\t<div class=\"elementor-widget-container\">\n\t\t\t\t\t\t\t\t\t<p><em>\u0423\u0441\u043b\u0443\u0433\u0438:<\/em> 25-\u043c\u0435\u0442\u0440\u043e\u0432\u044b\u0439 \u0431\u0430\u0441\u0441\u0435\u0439\u043d \u0441 4 \u0434\u043e\u0440\u043e\u0436\u043a\u0430\u043c\u0438; 3 \u0441\u0430\u0443\u043d\u044b (\u0442\u0443\u0440\u0435\u0446\u043a\u0430\u044f, \u0441\u043e\u043b\u044f\u043d\u0430\u044f, \u043f\u0430\u0440\u043e\u0432\u0430\u044f); \u0434\u0436\u0430\u043a\u0443\u0437\u0438; \u0434\u0435\u0442\u0441\u043a\u0438\u0439 \u0431\u0430\u0441\u0441\u0435\u0439\u043d; \u043c\u0430\u0441\u0441\u0430\u0436\u043d\u044b\u0439 \u0431\u0430\u0441\u0441\u0435\u0439\u043d; \u0440\u0435\u043a\u0430; \u0437\u043e\u043d\u0430 \u043e\u0442\u0434\u044b\u0445\u0430.<\/p><h5 class=\"wp-block-heading\"><strong>\u0411\u0410\u0421\u0421\u0415\u0419\u041d \u0418 SPA-\u0417\u041e\u041d\u0410<\/strong><\/h5><p>4 \u0434\u043e\u0440\u043e\u0436\u043a\u0438 \u043f\u043e 25 \u043c, \u0433\u043b\u0443\u0431\u0438\u043d\u0430: 1,28\u20131,82 \u043c.<br>SPA: 3 \u0441\u0430\u0443\u043d\u044b, \u0434\u0436\u0430\u043a\u0443\u0437\u0438, \u0440\u0430\u0437\u0432\u043b\u0435\u043a\u0430\u0442\u0435\u043b\u044c\u043d\u044b\u0439 \u0431\u0430\u0441\u0441\u0435\u0439\u043d \u0441 \u043c\u0430\u0441\u0441\u0430\u0436\u0430\u043c\u0438 \u0434\u043b\u044f \u0434\u0435\u0442\u0435\u0439 \u0438 \u0432\u0437\u0440\u043e\u0441\u043b\u044b\u0445.<br>2 \u043f\u0430\u0440\u043e\u0432\u044b\u0435 \u0441\u0430\u0443\u043d\u044b, \u043e\u0434\u043d\u0430 \u0441 \u0433\u0438\u043c\u0430\u043b\u0430\u0439\u0441\u043a\u043e\u0439 \u0441\u043e\u043b\u044f\u043d\u043e\u0439 \u0441\u0442\u0435\u043d\u043e\u0439.<br>\u0414\u0436\u0430\u043a\u0443\u0437\u0438 \u0432\u043c\u0435\u0449\u0430\u0435\u0442 ~15 \u0447\u0435\u043b\u043e\u0432\u0435\u043a.<br>2 \u0440\u0430\u0437\u0430 \u0432 \u043d\u0435\u0434\u0435\u043b\u044e \u2013 \u0437\u0430\u043d\u044f\u0442\u0438\u044f \u043f\u043e \u043e\u0437\u0434\u043e\u0440\u043e\u0432\u043b\u0435\u043d\u0438\u044e \u0441 \u0438\u043d\u0441\u0442\u0440\u0443\u043a\u0442\u043e\u0440\u043e\u043c, \u0442\u0430\u043a\u0436\u0435 \u0438\u043d\u0434\u0438\u0432\u0438\u0434\u0443\u0430\u043b\u044c\u043d\u043e\u0435 \u043e\u0431\u0443\u0447\u0435\u043d\u0438\u0435 \u043f\u043b\u0430\u0432\u0430\u043d\u0438\u044e.  <\/p><h5 class=\"wp-block-heading\">PIRTYS<\/h5><p>\u0421\u043e\u043b\u044f\u043d\u0430\u044f \u0441\u0430\u0443\u043d\u0430 \u2013 75\u201390\u2103, \u0432\u043b\u0430\u0436\u043d\u043e\u0441\u0442\u044c 40\u201360%<br>\u0418\u043e\u043d\u0438\u0437\u0438\u0440\u043e\u0432\u0430\u043d\u043d\u044b\u0439 \u0432\u043e\u0437\u0434\u0443\u0445 \u0443\u0431\u0438\u0432\u0430\u0435\u0442 \u0431\u0430\u043a\u0442\u0435\u0440\u0438\u0438, \u043e\u0447\u0438\u0449\u0430\u0435\u0442 \u0434\u044b\u0445\u0430\u0442\u0435\u043b\u044c\u043d\u044b\u0435 \u043f\u0443\u0442\u0438, \u0441\u043d\u0438\u043c\u0430\u0435\u0442 \u0441\u0442\u0440\u0435\u0441\u0441 \u0438 \u0443\u043b\u0443\u0447\u0448\u0430\u0435\u0442 \u043d\u0430\u0441\u0442\u0440\u043e\u0435\u043d\u0438\u0435.   <\/p><p>\u0422\u0443\u0440\u0435\u0446\u043a\u0430\u044f \u0431\u0430\u043d\u044f \u2013 45\u201350\u2103, \u0432\u043b\u0430\u0436\u043d\u043e\u0441\u0442\u044c 85\u201399%<br>\u041e\u0442\u0434\u044b\u0445 \u043d\u0430 \u043f\u043e\u0434\u043e\u0433\u0440\u0435\u0432\u0430\u0435\u043c\u044b\u0445 \u0441\u043a\u0430\u043c\u0435\u0439\u043a\u0430\u0445, \u043f\u043e\u0434\u0434\u0435\u0440\u0436\u0430\u043d\u0438\u0435 \u0432\u043b\u0430\u0436\u043d\u043e\u0441\u0442\u0438 \u043f\u0443\u0442\u0435\u043c \u0440\u0430\u0437\u0431\u0440\u044b\u0437\u0433\u0438\u0432\u0430\u043d\u0438\u044f \u0432\u043e\u0434\u044b. <\/p><p>\u041f\u0430\u0440\u043e\u0432\u0430\u044f \u0441\u0430\u0443\u043d\u0430 \u2013 75\u201390\u2103, \u0432\u043b\u0430\u0436\u043d\u043e\u0441\u0442\u044c 40\u201360%<br>\u0421\u043d\u0438\u043c\u0430\u0435\u0442 \u0441\u0442\u0440\u0435\u0441\u0441, \u043e\u0447\u0438\u0449\u0430\u0435\u0442 \u043a\u043e\u0436\u0443, \u0443\u043a\u0440\u0435\u043f\u043b\u044f\u0435\u0442 \u0438\u043c\u043c\u0443\u043d\u0438\u0442\u0435\u0442.<\/p><h5 class=\"wp-block-heading\"><strong>\u0422\u0420\u0415\u041d\u0410\u0416\u0415\u0420\u041d\u042b\u0419 \u0417\u0410\u041b<\/strong><\/h5><p>373 \u043c\u00b2, \u0441\u043e\u0432\u0440\u0435\u043c\u0435\u043d\u043d\u043e\u0435 \u043e\u0431\u043e\u0440\u0443\u0434\u043e\u0432\u0430\u043d\u0438\u0435: \u0431\u0435\u0433\u043e\u0432\u044b\u0435 \u0434\u043e\u0440\u043e\u0436\u043a\u0438, \u0432\u0435\u043b\u043e\u0441\u0438\u043f\u0435\u0434\u044b, \u044d\u043b\u043b\u0438\u043f\u0441\u044b, \u0441\u0432\u043e\u0431\u043e\u0434\u043d\u044b\u0435 \u0432\u0435\u0441\u0430, \u0437\u043e\u043d\u0430 \u0444\u0443\u043d\u043a\u0446\u0438\u043e\u043d\u0430\u043b\u044c\u043d\u043e\u0433\u043e \u0442\u0440\u0435\u043d\u0438\u043d\u0433\u0430, \u0430\u043a\u0441\u0435\u0441\u0441\u0443\u0430\u0440\u044b (\u043c\u044f\u0447\u0438, \u043a\u043e\u0432\u0440\u0438\u043a\u0438, \u0440\u0435\u0437\u0438\u043d\u043a\u0438 \u0438 \u0434\u0440.). <\/p><p>\u0424\u0443\u043d\u043a\u0446\u0438\u043e\u043d\u0430\u043b\u044c\u043d\u044b\u0435 \u0442\u0440\u0435\u043d\u0438\u0440\u043e\u0432\u043a\u0438 \u2013 2 \u0440\u0430\u0437\u0430 \u0432 \u043d\u0435\u0434\u0435\u043b\u044e. \u0414\u043e\u0441\u0442\u0443\u043f\u043d\u044b \u0438\u043d\u0434\u0438\u0432\u0438\u0434\u0443\u0430\u043b\u044c\u043d\u044b\u0435 \u0437\u0430\u043d\u044f\u0442\u0438\u044f \u0438 \u043f\u0440\u043e\u0433\u0440\u0430\u043c\u043c\u044b. <\/p><p>\u041a\u043e\u043d\u0442\u0430\u043a\u0442\u044b: <a href=\"tel:044151132\">+370 441 51 132<\/a>, <a href=\"&#109;&#x61;&#105;&#x6c;&#116;&#x6f;:&#x73;i&#108;&#x75;&#116;&#x65;&#115;&#x62;a&#x73;e&#105;&#x6e;&#97;&#x73;&#64;&#x67;&#109;&#x61;i&#x6c;&#46;&#99;&#x6f;&#109;\">s&#105;&#x6c;&#x75;t&#101;&#x73;&#x62;a&#115;&#101;&#x69;&#x6e;a&#115;&#x40;&#x67;m&#97;&#x69;&#x6c;&#46;&#99;&#111;&#x6d;<br><\/a>\u041f\u043e\u0434\u0440\u043e\u0431\u043d\u0435\u0435: https:\/\/www.silutessportomokykla.lt\/silutes-baseinas<\/p>\t\t\t\t\t\t\t\t<\/div>\n\t\t\t\t<\/div>\n\t\t\t\t\t<\/div>\n\t\t<\/div>\n\t\t\t\t\t<\/div>\n\t\t<\/section>\n\t\t\t\t<section class=\"wd-negative-gap elementor-section elementor-inner-section elementor-element elementor-element-2a3ee62 elementor-section-boxed elementor-section-height-default elementor-section-height-default\" data-id=\"2a3ee62\" data-element_type=\"section\" data-e-type=\"section\">\n\t\t\t\t\t\t<div class=\"elementor-container elementor-column-gap-default\">\n\t\t\t\t\t<div class=\"elementor-column elementor-col-100 elementor-inner-column elementor-element elementor-element-ad94078\" data-id=\"ad94078\" data-element_type=\"column\" data-e-type=\"column\">\n\t\t\t<div class=\"elementor-widget-wrap elementor-element-populated\">\n\t\t\t\t\t\t\t<\/div>\n\t\t<\/div>\n\t\t\t\t\t<\/div>\n\t\t<\/section>\n\t\t\t\t\t<\/div>\n\t\t<\/div>\n\t\t\t\t\t<\/div>\n\t\t<\/section>\n\t\t\t\t<\/div>\n\t\t","protected":false},"excerpt":{"rendered":"<p>\u0423\u0441\u043b\u0443\u0433\u0438: 25-\u043c\u0435\u0442\u0440\u043e\u0432\u044b\u0439 \u0431\u0430\u0441\u0441\u0435\u0439\u043d \u0441 4 \u0434\u043e\u0440\u043e\u0436\u043a\u0430\u043c\u0438; 3 \u0441\u0430\u0443\u043d\u044b (\u0442\u0443\u0440\u0435\u0446\u043a\u0430\u044f, \u0441\u043e\u043b\u044f\u043d\u0430\u044f, \u043f\u0430\u0440\u043e\u0432\u0430\u044f); \u0434\u0436\u0430\u043a\u0443\u0437\u0438; \u0434\u0435\u0442\u0441\u043a\u0438\u0439 \u0431\u0430\u0441\u0441\u0435\u0439\u043d; \u043c\u0430\u0441\u0441\u0430\u0436\u043d\u044b\u0439 \u0431\u0430\u0441\u0441\u0435\u0439\u043d; \u0440\u0435\u043a\u0430; \u0437\u043e\u043d\u0430 \u043e\u0442\u0434\u044b\u0445\u0430. \u0411\u0410\u0421\u0421\u0415\u0419\u041d<\/p>\n","protected":false},"author":6,"featured_media":39199,"parent":23261,"menu_order":2,"comment_status":"closed","ping_status":"closed","template":"","meta":{"_acf_changed":false,"_monsterinsights_skip_tracking":false,"_monsterinsights_sitenote_active":false,"_monsterinsights_sitenote_note":"","_monsterinsights_sitenote_category":0,"footnotes":""},"class_list":["post-40441","page","type-page","status-publish","has-post-thumbnail","hentry"],"acf":[],"_links":{"self":[{"href":"https:\/\/siluteinfo.lt\/ru\/wp-json\/wp\/v2\/pages\/40441","targetHints":{"allow":["GET"]}}],"collection":[{"href":"https:\/\/siluteinfo.lt\/ru\/wp-json\/wp\/v2\/pages"}],"about":[{"href":"https:\/\/siluteinfo.lt\/ru\/wp-json\/wp\/v2\/types\/page"}],"author":[{"embeddable":true,"href":"https:\/\/siluteinfo.lt\/ru\/wp-json\/wp\/v2\/users\/6"}],"replies":[{"embeddable":true,"href":"https:\/\/siluteinfo.lt\/ru\/wp-json\/wp\/v2\/comments?post=40441"}],"version-history":[{"count":0,"href":"https:\/\/siluteinfo.lt\/ru\/wp-json\/wp\/v2\/pages\/40441\/revisions"}],"up":[{"embeddable":true,"href":"https:\/\/siluteinfo.lt\/ru\/wp-json\/wp\/v2\/pages\/23261"}],"wp:featuredmedia":[{"embeddable":true,"href":"https:\/\/siluteinfo.lt\/ru\/wp-json\/wp\/v2\/media\/39199"}],"wp:attachment":[{"href":"https:\/\/siluteinfo.lt\/ru\/wp-json\/wp\/v2\/media?parent=40441"}],"curies":[{"name":"wp","href":"https:\/\/api.w.org\/{rel}","templated":true}]}}