{"id":38923,"date":"2022-06-11T13:17:29","date_gmt":"2022-06-11T10:17:29","guid":{"rendered":"https:\/\/siluteinfo.lt\/tsentr-traditsionnykh-remyosel\/formy-zayavleniy-i-drugie-dokumenty\/"},"modified":"2025-05-20T20:36:46","modified_gmt":"2025-05-20T18:36:46","slug":"formy-zayavleniy-i-drugie-dokumenty","status":"publish","type":"page","link":"https:\/\/siluteinfo.lt\/ru\/tsentr-traditsionnykh-remyosel\/formy-zayavleniy-i-drugie-dokumenty\/","title":{"rendered":"\u0424\u043e\u0440\u043c\u044b \u0437\u0430\u044f\u0432\u043b\u0435\u043d\u0438\u0439 \u0438 \u0434\u0440\u0443\u0433\u0438\u0435 \u0434\u043e\u043a\u0443\u043c\u0435\u043d\u0442\u044b"},"content":{"rendered":"\t\t<div data-elementor-type=\"wp-page\" data-elementor-id=\"38923\" class=\"elementor elementor-38923 elementor-13431\" data-elementor-post-type=\"page\">\n\t\t\t\t<div class=\"wd-negative-gap elementor-element elementor-element-62cff83 e-flex e-con-boxed e-con e-parent\" data-id=\"62cff83\" data-element_type=\"container\" data-e-type=\"container\">\n\t\t\t\t\t<div class=\"e-con-inner\">\n\t\t\t\t<div class=\"elementor-element elementor-element-94f1a69 elementor-list-item-link-inline elementor-icon-list--layout-traditional elementor-widget elementor-widget-icon-list\" data-id=\"94f1a69\" data-element_type=\"widget\" data-e-type=\"widget\" data-widget_type=\"icon-list.default\">\n\t\t\t\t<div class=\"elementor-widget-container\">\n\t\t\t\t\t\t\t<ul class=\"elementor-icon-list-items\">\n\t\t\t\t\t\t\t<li class=\"elementor-icon-list-item\">\n\t\t\t\t\t\t\t\t\t\t\t<a href=\"https:\/\/siluteinfo.lt\/wp-content\/uploads\/2024\/08\/prasymas-sertifikuoti-tautinio-paveldo-produkta-tradiciniu-amatu-mokymo-programa-tradicine-muge.pdf\" target=\"_blank\">\n\n\t\t\t\t\t\t\t\t\t\t\t\t<span class=\"elementor-icon-list-icon\">\n\t\t\t\t\t\t\t<i aria-hidden=\"true\" class=\"fas fa-file-pdf\"><\/i>\t\t\t\t\t\t<\/span>\n\t\t\t\t\t\t\t\t\t\t<span class=\"elementor-icon-list-text\">Pra\u0161ymas sertifikuoti Tautinio paveldo produkt\u0105, tradicini\u0173 amat\u0173 mokymo program\u0105, tradicin\u0119 mug\u0119<\/span>\n\t\t\t\t\t\t\t\t\t\t\t<\/a>\n\t\t\t\t\t\t\t\t\t<\/li>\n\t\t\t\t\t\t\t\t<li class=\"elementor-icon-list-item\">\n\t\t\t\t\t\t\t\t\t\t\t<a href=\"https:\/\/siluteinfo.lt\/wp-content\/uploads\/2024\/08\/prasymas-sertifikuoti-atestuoti-tradiciniu-amatu-meistra.pdf\" target=\"_blank\">\n\n\t\t\t\t\t\t\t\t\t\t\t\t<span class=\"elementor-icon-list-icon\">\n\t\t\t\t\t\t\t<i aria-hidden=\"true\" class=\"fas fa-file-pdf\"><\/i>\t\t\t\t\t\t<\/span>\n\t\t\t\t\t\t\t\t\t\t<span class=\"elementor-icon-list-text\">Pra\u0161ymas sertifikuoti atestuoti tradicini\u0173 amat\u0173 meistr\u0105<\/span>\n\t\t\t\t\t\t\t\t\t\t\t<\/a>\n\t\t\t\t\t\t\t\t\t<\/li>\n\t\t\t\t\t\t\t\t<li class=\"elementor-icon-list-item\">\n\t\t\t\t\t\t\t\t\t\t\t<a href=\"https:\/\/siluteinfo.lt\/wp-content\/uploads\/2024\/08\/tradicinio-amato-mokymo-programos-pateikimo-forma.pdf\" target=\"_blank\">\n\n\t\t\t\t\t\t\t\t\t\t\t\t<span class=\"elementor-icon-list-icon\">\n\t\t\t\t\t\t\t<i aria-hidden=\"true\" class=\"fas fa-file-pdf\"><\/i>\t\t\t\t\t\t<\/span>\n\t\t\t\t\t\t\t\t\t\t<span class=\"elementor-icon-list-text\">Tradicinio amato mokymo programos pateikimo forma<\/span>\n\t\t\t\t\t\t\t\t\t\t\t<\/a>\n\t\t\t\t\t\t\t\t\t<\/li>\n\t\t\t\t\t\t\t\t<li class=\"elementor-icon-list-item\">\n\t\t\t\t\t\t\t\t\t\t\t<a href=\"https:\/\/siluteinfo.lt\/wp-content\/uploads\/2024\/08\/tautinio-paveldo-produktu-tradiciniu-amatu-neformaliojo-mokymo-programu-sertifikavimo-tradiciniu-meistru-atestavimo-tvarkos-aprasas.pdf\" target=\"_blank\">\n\n\t\t\t\t\t\t\t\t\t\t\t\t<span class=\"elementor-icon-list-icon\">\n\t\t\t\t\t\t\t<i aria-hidden=\"true\" class=\"fas fa-file-pdf\"><\/i>\t\t\t\t\t\t<\/span>\n\t\t\t\t\t\t\t\t\t\t<span class=\"elementor-icon-list-text\">Tautinio paveldo produkt\u0173, tradicini\u0173 amat\u0173 neformaliojo mokymo program\u0173, tradicini\u0173 amat\u0173 meistr\u0173 atestavimo ir pra\u0161ym\u0173 sertifikuoti tautinio paveldo produktus tvarkos apra\u0161as<\/span>\n\t\t\t\t\t\t\t\t\t\t\t<\/a>\n\t\t\t\t\t\t\t\t\t<\/li>\n\t\t\t\t\t\t\t\t<li class=\"elementor-icon-list-item\">\n\t\t\t\t\t\t\t\t\t\t\t<a href=\"https:\/\/siluteinfo.lt\/wp-content\/uploads\/2024\/08\/tradiciniu-amatu-klasifikacijos-aprasas.pdf\" target=\"_blank\">\n\n\t\t\t\t\t\t\t\t\t\t\t\t<span class=\"elementor-icon-list-icon\">\n\t\t\t\t\t\t\t<i aria-hidden=\"true\" class=\"fas fa-file-pdf\"><\/i>\t\t\t\t\t\t<\/span>\n\t\t\t\t\t\t\t\t\t\t<span class=\"elementor-icon-list-text\">Tradicini\u0173 amat\u0173 klasifikacijos apra\u0161as<\/span>\n\t\t\t\t\t\t\t\t\t\t\t<\/a>\n\t\t\t\t\t\t\t\t\t<\/li>\n\t\t\t\t\t\t\t\t<li class=\"elementor-icon-list-item\">\n\t\t\t\t\t\t\t\t\t\t\t<a href=\"https:\/\/siluteinfo.lt\/wp-content\/uploads\/2024\/08\/tautinio-paveldo-produktu-atitikties-tradicijai-kriteriju-aprasas-ir-tautinio-paveldo-produktu-atitikties-lietuvos-etninei-kulturai-vertinimo-rodikliu-savadas.pdf\" target=\"_blank\">\n\n\t\t\t\t\t\t\t\t\t\t\t\t<span class=\"elementor-icon-list-icon\">\n\t\t\t\t\t\t\t<i aria-hidden=\"true\" class=\"fas fa-file-pdf\"><\/i>\t\t\t\t\t\t<\/span>\n\t\t\t\t\t\t\t\t\t\t<span class=\"elementor-icon-list-text\">Tautinio paveldo produkt\u0173, tradicini\u0173 amat\u0173 meistr\u0173 ir tradicini\u0173 amat\u0173 neformaliojo mokymo program\u0173 atitikties tradicijai kriterij\u0173 apra\u0161as ir Tautinio paveldo produkt\u0173 atitikties Lietuvos etninei kult\u016brai vertinimo rodikli\u0173 s\u0105vadas<\/span>\n\t\t\t\t\t\t\t\t\t\t\t<\/a>\n\t\t\t\t\t\t\t\t\t<\/li>\n\t\t\t\t\t\t\t\t<li class=\"elementor-icon-list-item\">\n\t\t\t\t\t\t\t\t\t\t\t<a href=\"https:\/\/siluteinfo.lt\/wp-content\/uploads\/2024\/08\/tautinio-paveldo-produktu-budingu-konkreciai-vietovei-ar-etnografiniam-regionui-atitikties-specifikacija.pdf\" target=\"_blank\">\n\n\t\t\t\t\t\t\t\t\t\t\t\t<span class=\"elementor-icon-list-icon\">\n\t\t\t\t\t\t\t<i aria-hidden=\"true\" class=\"fas fa-file-pdf\"><\/i>\t\t\t\t\t\t<\/span>\n\t\t\t\t\t\t\t\t\t\t<span class=\"elementor-icon-list-text\">Tautinio paveldo produkt\u0173, b\u016bding\u0173 konkre\u010diai vietovei ar etnografiniam regionui, atitikties specifikacija<\/span>\n\t\t\t\t\t\t\t\t\t\t\t<\/a>\n\t\t\t\t\t\t\t\t\t<\/li>\n\t\t\t\t\t\t\t\t<li class=\"elementor-icon-list-item\">\n\t\t\t\t\t\t\t\t\t\t\t<a href=\"https:\/\/siluteinfo.lt\/wp-content\/uploads\/2024\/08\/lietuvos-respublikos-tautinio-paveldo-produktu-istatymas.pdf\" target=\"_blank\">\n\n\t\t\t\t\t\t\t\t\t\t\t\t<span class=\"elementor-icon-list-icon\">\n\t\t\t\t\t\t\t<i aria-hidden=\"true\" class=\"fas fa-file-pdf\"><\/i>\t\t\t\t\t\t<\/span>\n\t\t\t\t\t\t\t\t\t\t<span class=\"elementor-icon-list-text\">Lietuvos Respublikos tautinio paveldo produkt\u0173 \u012fstatymas<\/span>\n\t\t\t\t\t\t\t\t\t\t\t<\/a>\n\t\t\t\t\t\t\t\t\t<\/li>\n\t\t\t\t\t\t<\/ul>\n\t\t\t\t\t\t<\/div>\n\t\t\t\t<\/div>\n\t\t\t\t\t<\/div>\n\t\t\t\t<\/div>\n\t\t\t\t<\/div>\n\t\t","protected":false},"excerpt":{"rendered":"<p>Pra\u0161ymas sertifikuoti Tautinio paveldo produkt\u0105, tradicini\u0173 amat\u0173 mokymo program\u0105, tradicin\u0119 mug\u0119 Pra\u0161ymas sertifikuoti atestuoti tradicini\u0173 amat\u0173 meistr\u0105 Tradicinio amato mokymo<\/p>\n","protected":false},"author":1,"featured_media":0,"parent":23087,"menu_order":6,"comment_status":"closed","ping_status":"closed","template":"","meta":{"_acf_changed":false,"_monsterinsights_skip_tracking":false,"_monsterinsights_sitenote_active":false,"_monsterinsights_sitenote_note":"","_monsterinsights_sitenote_category":0,"footnotes":""},"class_list":["post-38923","page","type-page","status-publish","hentry"],"acf":[],"_links":{"self":[{"href":"https:\/\/siluteinfo.lt\/ru\/wp-json\/wp\/v2\/pages\/38923","targetHints":{"allow":["GET"]}}],"collection":[{"href":"https:\/\/siluteinfo.lt\/ru\/wp-json\/wp\/v2\/pages"}],"about":[{"href":"https:\/\/siluteinfo.lt\/ru\/wp-json\/wp\/v2\/types\/page"}],"author":[{"embeddable":true,"href":"https:\/\/siluteinfo.lt\/ru\/wp-json\/wp\/v2\/users\/1"}],"replies":[{"embeddable":true,"href":"https:\/\/siluteinfo.lt\/ru\/wp-json\/wp\/v2\/comments?post=38923"}],"version-history":[{"count":0,"href":"https:\/\/siluteinfo.lt\/ru\/wp-json\/wp\/v2\/pages\/38923\/revisions"}],"up":[{"embeddable":true,"href":"https:\/\/siluteinfo.lt\/ru\/wp-json\/wp\/v2\/pages\/23087"}],"wp:attachment":[{"href":"https:\/\/siluteinfo.lt\/ru\/wp-json\/wp\/v2\/media?parent=38923"}],"curies":[{"name":"wp","href":"https:\/\/api.w.org\/{rel}","templated":true}]}}