{"id":38646,"date":"2022-05-25T16:25:34","date_gmt":"2022-05-25T14:25:34","guid":{"rendered":"https:\/\/siluteinfo.lt\/dosug\/mesta-dlia-poseshchenija\/usadba-hugo-shoja-v-silute\/"},"modified":"2025-05-22T09:26:25","modified_gmt":"2025-05-22T07:26:25","slug":"usadba-hugo-shoja-v-silute","status":"publish","type":"page","link":"https:\/\/siluteinfo.lt\/ru\/dosug\/mesta-dlia-poseshchenija\/usadba-hugo-shoja-v-silute\/","title":{"rendered":"\u0423\u0441\u0430\u0434\u044c\u0431\u0430 \u0425\u0443\u0433\u043e \u0428\u043e\u044f \u0432 \u0428\u0438\u043b\u0443\u0442\u0435"},"content":{"rendered":"\t\t<div data-elementor-type=\"wp-page\" data-elementor-id=\"38646\" class=\"elementor elementor-38646 elementor-11249\" data-elementor-post-type=\"page\">\n\t\t\t\t<div class=\"wd-negative-gap elementor-element elementor-element-25262aa e-flex e-con-boxed e-con e-parent\" data-id=\"25262aa\" data-element_type=\"container\" data-e-type=\"container\">\n\t\t\t\t\t<div class=\"e-con-inner\">\n\t\t<div class=\"elementor-element elementor-element-740980e e-con-full e-flex e-con e-child\" data-id=\"740980e\" data-element_type=\"container\" data-e-type=\"container\">\n\t\t\t\t<div class=\"elementor-element elementor-element-2ac0f14 elementor-widget elementor-widget-theme-post-featured-image elementor-widget-image\" data-id=\"2ac0f14\" data-element_type=\"widget\" data-e-type=\"widget\" data-widget_type=\"theme-post-featured-image.default\">\n\t\t\t\t<div class=\"elementor-widget-container\">\n\t\t\t\t\t\t\t\t\t\t\t\t\t\t\t<img loading=\"lazy\" decoding=\"async\" width=\"1200\" height=\"800\" src=\"https:\/\/siluteinfo.lt\/wp-content\/themes\/woodmart\/images\/lazy.svg\" data-src=\"https:\/\/siluteinfo.lt\/wp-content\/uploads\/2024\/06\/lankomi-hugo-sojaus-dvaras.jpg\" class=\" wd-lazy-blur attachment-full size-full wp-image-36376\" alt=\"Hugo \u0160ojaus dvaras \u0160ilut\u0117je\" srcset=\"\" data-srcset=\"https:\/\/siluteinfo.lt\/wp-content\/uploads\/2024\/06\/lankomi-hugo-sojaus-dvaras.jpg 1200w, https:\/\/siluteinfo.lt\/wp-content\/uploads\/2024\/06\/lankomi-hugo-sojaus-dvaras-400x267.jpg 400w, https:\/\/siluteinfo.lt\/wp-content\/uploads\/2024\/06\/lankomi-hugo-sojaus-dvaras-768x512.jpg 768w\" sizes=\"auto, (max-width: 1200px) 100vw, 1200px\" \/>\t\t\t\t\t\t\t\t\t\t\t\t\t\t\t<\/div>\n\t\t\t\t<\/div>\n\t\t\t\t<\/div>\n\t\t<div class=\"elementor-element elementor-element-70f0d24 e-con-full e-flex e-con e-child\" data-id=\"70f0d24\" data-element_type=\"container\" data-e-type=\"container\">\n\t\t\t\t<div class=\"elementor-element elementor-element-f6dba40 color-scheme-inherit text-left elementor-widget elementor-widget-text-editor\" data-id=\"f6dba40\" data-element_type=\"widget\" data-e-type=\"widget\" data-widget_type=\"text-editor.default\">\n\t\t\t\t<div class=\"elementor-widget-container\">\n\t\t\t\t\t\t\t\t\t<p style=\"text-align: left;\">\u0413\u043e\u0441\u0443\u0434\u0430\u0440\u0441\u0442\u0432\u0435\u043d\u043d\u0430\u044f \u0443\u0441\u0430\u0434\u044c\u0431\u0430 \u0432 \u0428\u0438\u043b\u0443\u0442\u0435 \u0431\u044b\u043b\u0430 \u043e\u0441\u043d\u043e\u0432\u0430\u043d\u0430 \u0432 1721 \u0433\u043e\u0434\u0443. \u042d\u0442\u043e \u044d\u043b\u0435\u0433\u0430\u043d\u0442\u043d\u044b\u0439 \u043f\u0430\u043c\u044f\u0442\u043d\u0438\u043a \u0430\u0440\u0445\u0438\u0442\u0435\u043a\u0442\u0443\u0440\u044b \u043f\u043e\u0437\u0434\u043d\u0435\u0433\u043e \u043a\u043b\u0430\u0441\u0441\u0438\u0446\u0438\u0437\u043c\u0430 \u0438 \u0438\u0441\u0442\u043e\u0440\u0438\u0437\u043c\u0430 \u0441 \u0443\u0442\u043e\u043d\u0447\u0451\u043d\u043d\u044b\u043c \u0434\u0435\u043a\u043e\u0440\u043e\u043c, \u0445\u0430\u0440\u0430\u043a\u0442\u0435\u0440\u043d\u044b\u043c \u0434\u043b\u044f \u041a\u043b\u0430\u0439\u043f\u0435\u0434\u0441\u043a\u043e\u0433\u043e \u043a\u0440\u0430\u044f.  <br>\u0412 1819 \u0433\u043e\u0434\u0443 \u0443\u0441\u0430\u0434\u044c\u0431\u0430 \u043f\u0435\u0440\u0435\u0448\u043b\u0430 \u0432\u043e \u0432\u043b\u0430\u0434\u0435\u043d\u0438\u0435 \u0424\u0440\u0430\u043d\u0446\u0430 \u0412\u0438\u043b\u044c\u0433\u0435\u043b\u044c\u043c\u0430 \u0420\u0430\u0434\u043a\u0435 (Franz Wilhelm Radke), \u043d\u043e \u0435\u0451 \u043d\u0430\u0441\u0442\u043e\u044f\u0449\u0435\u0435 \u0432\u043e\u0437\u0440\u043e\u0436\u0434\u0435\u043d\u0438\u0435 \u0438 \u0440\u0430\u0441\u0446\u0432\u0435\u0442 \u043d\u0430\u0447\u0430\u043b\u0438\u0441\u044c \u0432 1889 \u0433\u043e\u0434\u0443, \u043a\u043e\u0433\u0434\u0430 \u0435\u0451 \u043f\u0440\u0438\u043e\u0431\u0440\u0451\u043b \u0434\u043e\u043a\u0442\u043e\u0440 \u0425\u0443\u0433\u043e \u0428\u043e\u0439 (Hugo Scheu). \u042d\u0442\u043e\u0442 \u0434\u0430\u043b\u044c\u043d\u043e\u0432\u0438\u0434\u043d\u044b\u0439 \u043f\u043e\u043c\u0435\u0449\u0438\u043a \u043c\u043e\u0434\u0435\u0440\u043d\u0438\u0437\u0438\u0440\u043e\u0432\u0430\u043b \u0445\u043e\u0437\u044f\u0439\u0441\u0442\u0432\u043e, \u0447\u0430\u0441\u0442\u044c \u0437\u0435\u043c\u0435\u043b\u044c \u0441\u0434\u0430\u043b \u0432 \u0430\u0440\u0435\u043d\u0434\u0443, \u0430 \u0447\u0430\u0441\u0442\u044c \u043f\u043e\u0434\u0430\u0440\u0438\u043b \u0433\u043e\u0440\u043e\u0434\u0443. \u041c\u043d\u043e\u0433\u0438\u0435 \u0432\u0430\u0436\u043d\u044b\u0435 \u043e\u0431\u044a\u0435\u043a\u0442\u044b \u0428\u0438\u043b\u0443\u0442\u0435 \u2014 \u043e\u043a\u0440\u0443\u0436\u043d\u0430\u044f \u0431\u043e\u043b\u044c\u043d\u0438\u0446\u0430, \u0440\u044b\u043d\u043e\u0447\u043d\u0430\u044f \u043f\u043b\u043e\u0449\u0430\u0434\u044c, \u0433\u0438\u043c\u043d\u0430\u0437\u0438\u044f, \u0431\u044b\u0432\u0448\u0430\u044f \u043d\u0430\u0447\u0430\u043b\u044c\u043d\u0430\u044f \u0448\u043a\u043e\u043b\u0430, \u043f\u043e\u0447\u0442\u0430, \u043f\u043e\u0436\u0430\u0440\u043d\u0430\u044f \u0447\u0430\u0441\u0442\u044c, \u043f\u043e\u0440\u0442, \u0435\u0432\u0430\u043d\u0433\u0435\u043b\u0438\u0447\u0435\u0441\u043a\u043e-\u043b\u044e\u0442\u0435\u0440\u0430\u043d\u0441\u043a\u0430\u044f \u0446\u0435\u0440\u043a\u043e\u0432\u044c \u0438 \u0434\u0440\u0443\u0433\u0438\u0435 \u2014 \u0431\u044b\u043b\u0438 \u043f\u043e\u0441\u0442\u0440\u043e\u0435\u043d\u044b \u043d\u0430 \u0431\u044b\u0432\u0448\u0438\u0445 \u0437\u0435\u043c\u043b\u044f\u0445 \u0443\u0441\u0430\u0434\u044c\u0431\u044b. \u0411\u043b\u0430\u0433\u043e\u0434\u0430\u0440\u044f \u0441\u0432\u043e\u0435\u0439 \u043c\u0435\u0446\u0435\u043d\u0430\u0442\u0441\u043a\u043e\u0439 \u0434\u0435\u044f\u0442\u0435\u043b\u044c\u043d\u043e\u0441\u0442\u0438 \u0434\u043e\u043a\u0442\u043e\u0440 \u0425\u0443\u0433\u043e \u0428\u043e\u0439 \u043f\u043e \u043f\u0440\u0430\u0432\u0443 \u0441\u0447\u0438\u0442\u0430\u0435\u0442\u0441\u044f \u0431\u043b\u0430\u0433\u043e\u0442\u0432\u043e\u0440\u0438\u0442\u0435\u043b\u0435\u043c \u0433\u043e\u0440\u043e\u0434\u0430 \u0428\u0438\u043b\u0443\u0442\u0435.<br>\u0412 \u0432\u043e\u0441\u0441\u0442\u0430\u043d\u043e\u0432\u043b\u0435\u043d\u043d\u043e\u0439 \u0443\u0441\u0430\u0434\u044c\u0431\u0435 \u0431\u044b\u043b \u043e\u0441\u043d\u043e\u0432\u0430\u043d \u043f\u0435\u0440\u0432\u044b\u0439 \u043c\u0443\u0437\u0435\u0439 \u041a\u043b\u0430\u0439\u043f\u0435\u0434\u0441\u043a\u043e\u0433\u043e \u043a\u0440\u0430\u044f, \u0432 \u043a\u043e\u0442\u043e\u0440\u043e\u043c \u0445\u0440\u0430\u043d\u0438\u043b\u0438\u0441\u044c \u0443\u043d\u0438\u043a\u0430\u043b\u044c\u043d\u044b\u0435 \u043a\u043e\u043b\u043b\u0435\u043a\u0446\u0438\u0438 \u0438\u0441\u0442\u043e\u0440\u0438\u0447\u0435\u0441\u043a\u0438\u0445 \u0438 \u043a\u0443\u043b\u044c\u0442\u0443\u0440\u043d\u044b\u0445 \u0446\u0435\u043d\u043d\u043e\u0441\u0442\u0435\u0439. \u041a \u0441\u043e\u0436\u0430\u043b\u0435\u043d\u0438\u044e, \u0432 \u043e\u043a\u0442\u044f\u0431\u0440\u0435 1944 \u0433\u043e\u0434\u0430, \u043a\u043e\u0433\u0434\u0430 \u0432 \u0443\u0441\u0430\u0434\u044c\u0431\u0435 \u0440\u0430\u0437\u043c\u0435\u0441\u0442\u0438\u043b\u0430\u0441\u044c \u041a\u0440\u0430\u0441\u043d\u0430\u044f \u0430\u0440\u043c\u0438\u044f, \u0437\u043d\u0430\u0447\u0438\u0442\u0435\u043b\u044c\u043d\u0430\u044f \u0447\u0430\u0441\u0442\u044c \u043c\u0443\u0437\u0435\u0439\u043d\u044b\u0445 \u044d\u043a\u0441\u043f\u043e\u043d\u0430\u0442\u043e\u0432 \u0431\u044b\u043b\u0430 \u0443\u043d\u0438\u0447\u0442\u043e\u0436\u0435\u043d\u0430. \u0412 \u0441\u043e\u0432\u0435\u0442\u0441\u043a\u043e\u0435 \u0432\u0440\u0435\u043c\u044f \u0437\u0434\u0435\u0441\u044c \u0440\u0430\u0441\u043f\u043e\u043b\u0430\u0433\u0430\u043b\u0438\u0441\u044c \u0432\u0441\u043f\u043e\u043c\u043e\u0433\u0430\u0442\u0435\u043b\u044c\u043d\u043e\u0435 \u0445\u043e\u0437\u044f\u0439\u0441\u0442\u0432\u043e \u0438\u0441\u043f\u043e\u043b\u043d\u0438\u0442\u0435\u043b\u044c\u043d\u043e\u0433\u043e \u043a\u043e\u043c\u0438\u0442\u0435\u0442\u0430, \u0441\u0435\u043b\u044c\u0441\u043a\u043e\u0445\u043e\u0437\u044f\u0439\u0441\u0442\u0432\u0435\u043d\u043d\u0430\u044f \u0448\u043a\u043e\u043b\u0430 \u0438 \u0441\u0435\u043b\u044c\u0441\u043a\u043e\u0445\u043e\u0437\u044f\u0439\u0441\u0442\u0432\u0435\u043d\u043d\u044b\u0439 \u0442\u0435\u0445\u043d\u0438\u043a\u0443\u043c.<br>\u0421 2015 \u0433\u043e\u0434\u0430 \u0432 \u0443\u0441\u0430\u0434\u044c\u0431\u0435 \u0440\u0430\u0431\u043e\u0442\u0430\u0435\u0442 \u043c\u0443\u0437\u0435\u0439 \u0425\u0443\u0433\u043e \u0428\u043e\u044f (Hugo Scheu), \u0433\u0434\u0435 \u043c\u043e\u0436\u043d\u043e \u043f\u043e\u0437\u043d\u0430\u043a\u043e\u043c\u0438\u0442\u044c\u0441\u044f \u0441 \u0438\u0441\u0442\u043e\u0440\u0438\u0435\u0439 \u0438 \u043a\u0443\u043b\u044c\u0442\u0443\u0440\u043d\u044b\u043c \u043d\u0430\u0441\u043b\u0435\u0434\u0438\u0435\u043c \u0440\u0435\u0433\u0438\u043e\u043d\u0430. \u0417\u0434\u0435\u0441\u044c \u0436\u0435 \u043d\u0430\u0445\u043e\u0434\u0438\u0442\u0441\u044f \u0442\u0443\u0440\u0438\u0441\u0442\u0438\u0447\u0435\u0441\u043a\u0438\u0439 \u0438\u043d\u0444\u043e\u0440\u043c\u0430\u0446\u0438\u043e\u043d\u043d\u044b\u0439 \u0446\u0435\u043d\u0442\u0440 \u0428\u0438\u043b\u0443\u0442\u0435, \u0430 \u0432 \u0447\u0430\u0441\u0442\u0438 \u0431\u044b\u0432\u0448\u0438\u0445 \u0445\u043e\u0437\u044f\u0439\u0441\u0442\u0432\u0435\u043d\u043d\u044b\u0445 \u043f\u043e\u0441\u0442\u0440\u043e\u0435\u043a \u0444\u0443\u043d\u043a\u0446\u0438\u043e\u043d\u0438\u0440\u0443\u044e\u0442 \u0440\u0435\u0441\u0442\u0430\u0432\u0440\u0430\u0446\u0438\u043e\u043d\u043d\u044b\u0435 \u0438 \u043e\u0431\u0440\u0430\u0437\u043e\u0432\u0430\u0442\u0435\u043b\u044c\u043d\u044b\u0435 \u0446\u0435\u043d\u0442\u0440\u044b. <\/p>\t\t\t\t\t\t\t\t<\/div>\n\t\t\t\t<\/div>\n\t\t\t\t<\/div>\n\t\t<div class=\"elementor-element elementor-element-0991361 e-con-full e-flex e-con e-child\" data-id=\"0991361\" data-element_type=\"container\" data-e-type=\"container\">\n\t\t\t\t<div class=\"elementor-element elementor-element-cc6bd06 elementor-widget elementor-widget-shortcode\" data-id=\"cc6bd06\" data-element_type=\"widget\" data-e-type=\"widget\" data-widget_type=\"shortcode.default\">\n\t\t\t\t<div class=\"elementor-widget-container\">\n\t\t\t\t\t\t\t<div class=\"elementor-shortcode\">\t\t<div id=\"maps-marker-pro-2269d80a\" class=\"maps-marker-pro mmp-list-below\" style=\"width: 100%;\">\n\t\t\t<div id=\"mmp-map-wrap-2269d80a\" class=\"mmp-map-wrap\">\n\t\t\t\t\t\t\t\t\t<div id=\"mmp-panel-2269d80a\" class=\"mmp-panel\"><\/div>\n\t\t\t\t\t\t\t\t<div id=\"mmp-map-2269d80a\" class=\"mmp-map\" style=\"height: 500px;\"><\/div>\n\t\t\t\t\t\t\t<\/div>\n\t\t\t\t\t\t\t<div id=\"mmp-list-2269d80a\" class=\"mmp-list\" style=\"flex-basis: 400px;\"><\/div>\n\t\t\t\t\t<\/div>\n\t\t<\/div>\n\t\t\t\t\t\t<\/div>\n\t\t\t\t<\/div>\n\t\t\t\t<\/div>\n\t\t\t\t\t<\/div>\n\t\t\t\t<\/div>\n\t\t\t\t<\/div>\n\t\t","protected":false},"excerpt":{"rendered":"<p>\u0413\u043e\u0441\u0443\u0434\u0430\u0440\u0441\u0442\u0432\u0435\u043d\u043d\u0430\u044f \u0443\u0441\u0430\u0434\u044c\u0431\u0430 \u0432 \u0428\u0438\u043b\u0443\u0442\u0435 \u0431\u044b\u043b\u0430 \u043e\u0441\u043d\u043e\u0432\u0430\u043d\u0430 \u0432 1721 \u0433\u043e\u0434\u0443. \u042d\u0442\u043e \u044d\u043b\u0435\u0433\u0430\u043d\u0442\u043d\u044b\u0439 \u043f\u0430\u043c\u044f\u0442\u043d\u0438\u043a \u0430\u0440\u0445\u0438\u0442\u0435\u043a\u0442\u0443\u0440\u044b \u043f\u043e\u0437\u0434\u043d\u0435\u0433\u043e \u043a\u043b\u0430\u0441\u0441\u0438\u0446\u0438\u0437\u043c\u0430 \u0438 \u0438\u0441\u0442\u043e\u0440\u0438\u0437\u043c\u0430 \u0441 \u0443\u0442\u043e\u043d\u0447\u0451\u043d\u043d\u044b\u043c \u0434\u0435\u043a\u043e\u0440\u043e\u043c,<\/p>\n","protected":false},"author":1,"featured_media":36376,"parent":23278,"menu_order":51,"comment_status":"closed","ping_status":"closed","template":"","meta":{"_acf_changed":false,"_monsterinsights_skip_tracking":false,"_monsterinsights_sitenote_active":false,"_monsterinsights_sitenote_note":"","_monsterinsights_sitenote_category":0,"footnotes":""},"class_list":["post-38646","page","type-page","status-publish","has-post-thumbnail","hentry"],"acf":[],"_links":{"self":[{"href":"https:\/\/siluteinfo.lt\/ru\/wp-json\/wp\/v2\/pages\/38646","targetHints":{"allow":["GET"]}}],"collection":[{"href":"https:\/\/siluteinfo.lt\/ru\/wp-json\/wp\/v2\/pages"}],"about":[{"href":"https:\/\/siluteinfo.lt\/ru\/wp-json\/wp\/v2\/types\/page"}],"author":[{"embeddable":true,"href":"https:\/\/siluteinfo.lt\/ru\/wp-json\/wp\/v2\/users\/1"}],"replies":[{"embeddable":true,"href":"https:\/\/siluteinfo.lt\/ru\/wp-json\/wp\/v2\/comments?post=38646"}],"version-history":[{"count":0,"href":"https:\/\/siluteinfo.lt\/ru\/wp-json\/wp\/v2\/pages\/38646\/revisions"}],"up":[{"embeddable":true,"href":"https:\/\/siluteinfo.lt\/ru\/wp-json\/wp\/v2\/pages\/23278"}],"wp:featuredmedia":[{"embeddable":true,"href":"https:\/\/siluteinfo.lt\/ru\/wp-json\/wp\/v2\/media\/36376"}],"wp:attachment":[{"href":"https:\/\/siluteinfo.lt\/ru\/wp-json\/wp\/v2\/media?parent=38646"}],"curies":[{"name":"wp","href":"https:\/\/api.w.org\/{rel}","templated":true}]}}