{"id":27001,"date":"2022-06-11T07:05:30","date_gmt":"2022-06-11T05:05:30","guid":{"rendered":"https:\/\/siluteinfo.lt\/prozhivanie\/usadby\/minges-vila\/"},"modified":"2023-10-31T20:53:42","modified_gmt":"2023-10-31T18:53:42","slug":"minges-vila","status":"publish","type":"page","link":"https:\/\/siluteinfo.lt\/ru\/prozhivanie\/usadby\/minges-vila\/","title":{"rendered":"Ming\u0117s vila"},"content":{"rendered":"\t\t<div data-elementor-type=\"wp-page\" data-elementor-id=\"27001\" class=\"elementor elementor-27001 elementor-12624\" data-elementor-post-type=\"page\">\n\t\t\t\t\t\t<section class=\"wd-negative-gap elementor-section elementor-top-section elementor-element elementor-element-6bca6ec elementor-section-boxed elementor-section-height-default elementor-section-height-default\" data-id=\"6bca6ec\" data-element_type=\"section\" data-e-type=\"section\">\n\t\t\t\t\t\t<div class=\"elementor-container elementor-column-gap-default\">\n\t\t\t\t\t<div class=\"elementor-column elementor-col-100 elementor-top-column elementor-element elementor-element-7384af4\" data-id=\"7384af4\" data-element_type=\"column\" data-e-type=\"column\">\n\t\t\t<div class=\"elementor-widget-wrap elementor-element-populated\">\n\t\t\t\t\t\t<section class=\"wd-negative-gap elementor-section elementor-inner-section elementor-element elementor-element-1bc4580 elementor-section-boxed elementor-section-height-default elementor-section-height-default\" data-id=\"1bc4580\" data-element_type=\"section\" data-e-type=\"section\">\n\t\t\t\t\t\t<div class=\"elementor-container elementor-column-gap-default\">\n\t\t\t\t\t<div class=\"elementor-column elementor-col-50 elementor-inner-column elementor-element elementor-element-c867b14\" data-id=\"c867b14\" data-element_type=\"column\" data-e-type=\"column\">\n\t\t\t<div class=\"elementor-widget-wrap elementor-element-populated\">\n\t\t\t\t\t\t<div class=\"elementor-element elementor-element-cda7383 elementor-widget elementor-widget-theme-post-featured-image elementor-widget-image\" data-id=\"cda7383\" data-element_type=\"widget\" data-e-type=\"widget\" data-widget_type=\"theme-post-featured-image.default\">\n\t\t\t\t<div class=\"elementor-widget-container\">\n\t\t\t\t\t\t\t\t\t\t\t\t\t\t\t<img loading=\"lazy\" decoding=\"async\" width=\"780\" height=\"240\" src=\"https:\/\/siluteinfo.lt\/wp-content\/themes\/woodmart\/images\/lazy.svg\" data-src=\"https:\/\/siluteinfo.lt\/wp-content\/uploads\/2022\/06\/Minges_vila_780x240.jpg\" class=\" wd-lazy-blur attachment-large size-large wp-image-12628\" alt=\"\" srcset=\"\" data-srcset=\"https:\/\/siluteinfo.lt\/wp-content\/uploads\/2022\/06\/Minges_vila_780x240.jpg 780w, https:\/\/siluteinfo.lt\/wp-content\/uploads\/2022\/06\/Minges_vila_780x240-400x123.jpg 400w, https:\/\/siluteinfo.lt\/wp-content\/uploads\/2022\/06\/Minges_vila_780x240-768x236.jpg 768w\" sizes=\"auto, (max-width: 780px) 100vw, 780px\" \/>\t\t\t\t\t\t\t\t\t\t\t\t\t\t\t<\/div>\n\t\t\t\t<\/div>\n\t\t\t\t\t<\/div>\n\t\t<\/div>\n\t\t\t\t<div class=\"elementor-column elementor-col-50 elementor-inner-column elementor-element elementor-element-e01b0dc\" data-id=\"e01b0dc\" data-element_type=\"column\" data-e-type=\"column\">\n\t\t\t<div class=\"elementor-widget-wrap elementor-element-populated\">\n\t\t\t\t\t\t<div class=\"elementor-element elementor-element-153aa9c4 color-scheme-inherit text-left elementor-widget elementor-widget-text-editor\" data-id=\"153aa9c4\" data-element_type=\"widget\" data-e-type=\"widget\" data-widget_type=\"text-editor.default\">\n\t\t\t\t<div class=\"elementor-widget-container\">\n\t\t\t\t\t\t\t\t\t<p>\u041f\u043e\u043c\u043d\u0438\u0442\u0435 \u043b\u0438 \u0432\u044b, \u043a\u043e\u0433\u0434\u0430 \u0432 \u043f\u043e\u0441\u043b\u0435\u0434\u043d\u0438\u0439 \u0440\u0430\u0437 \u0433\u0443\u043b\u044f\u043b\u0438 \u043f\u043e \u043b\u0443\u0433\u0443, \u043f\u043e\u043a\u0440\u044b\u0442\u043e\u043c\u0443 \u043a\u0430\u043f\u043b\u044f\u043c\u0438 \u0440\u043e\u0441\u044b? \u041a\u043e\u0433\u0434\u0430 \u0432 \u043f\u043e\u0441\u043b\u0435\u0434\u043d\u0438\u0439 \u0440\u0430\u0437 \u0432\u044b \u0432\u0441\u0442\u0440\u0435\u0447\u0430\u043b\u0438 \u0432\u043e\u0441\u0445\u043e\u0434 \u0441\u043e\u043b\u043d\u0446\u0430, \u043f\u043e\u0441\u0432\u0438\u0441\u0442\u044b\u0432\u0430\u044f \u0432\u043c\u0435\u0441\u0442\u0435 \u0441 \u0440\u0430\u043d\u043d\u0438\u043c\u0438 \u043f\u0442\u0438\u0446\u0430\u043c\u0438? \u041d\u0435 \u043f\u043e\u0440\u0430 \u043b\u0438 \u0435\u0449\u0435 \u043e\u0441\u0442\u0430\u0432\u0438\u0442\u044c \u0441\u0442\u0440\u0435\u0441\u0441, \u0441\u043f\u0435\u0448\u043a\u0443, \u043d\u0435\u0441\u043a\u043e\u043d\u0447\u0430\u0435\u043c\u0443\u044e \u0440\u0430\u0431\u043e\u0442\u0443 \u0438 \u0437\u0430\u0431\u043e\u0442\u044b \u0432 \u0433\u043e\u0440\u043e\u0434\u0435 \u0438 \u043f\u0440\u0438\u0435\u0445\u0430\u0442\u044c \u043a \u043d\u0430\u043c \u0432 \u0434\u0435\u0440\u0435\u0432\u043d\u044e \u041c\u0438\u043d\u0433\u0435 \u0432 \u0443\u0441\u0430\u0434\u044c\u0431\u0443 \u0430\u0433\u0440\u043e\u0442\u0443\u0440\u0438\u0437\u043c\u0430 \u201eMing\u0117s vila\u201c?<br \/>\u041c\u044b \u043f\u0440\u0435\u0434\u043b\u0430\u0433\u0430\u0435\u043c \u0432\u0430\u043c \u0442\u0438\u0448\u0438\u043d\u0443, \u043f\u043e\u043a\u043e\u0439 \u0438 \u043b\u0435\u0433\u043a\u0438\u0439 \u0432\u0435\u0442\u0435\u0440\u043e\u043a. \u041c\u044b \u043f\u0440\u0435\u0434\u043b\u0430\u0433\u0430\u0435\u043c \u0432\u0430\u043c \u043e\u0442\u0434\u044b\u0445 \u0432 \u043c\u0435\u0441\u0442\u043d\u043e\u0441\u0442\u0438, \u0433\u0434\u0435 \u043d\u0430 \u043f\u0440\u043e\u0442\u044f\u0436\u0435\u043d\u0438\u0438 \u0432\u0435\u043a\u043e\u0432 \u043b\u044e\u0434\u0438 \u0436\u0438\u043b\u0438 \u0432 \u0433\u0430\u0440\u043c\u043e\u043d\u0438\u0438 \u0441 \u043f\u0440\u0438\u0440\u043e\u0434\u043e\u0439. \u041c\u044b \u043f\u0440\u0435\u0434\u043b\u0430\u0433\u0430\u0435\u043c \u0432\u0430\u043c \u0432\u043e\u0437\u043c\u043e\u0436\u043d\u043e\u0441\u0442\u044c \u0441\u043b\u0438\u0442\u044c\u0441\u044f \u0441 \u044d\u0442\u043e\u0439 \u0443\u043d\u0438\u043a\u0430\u043b\u044c\u043d\u043e\u0439 \u0441\u0440\u0435\u0434\u043e\u0439, \u043e\u0442\u0434\u043e\u0445\u043d\u0443\u0442\u044c, \u0432\u043e\u0441\u0441\u0442\u0430\u043d\u043e\u0432\u0438\u0442\u044c\u0441\u044f, \u0440\u0430\u0441\u0441\u043b\u0430\u0431\u0438\u0442\u044c\u0441\u044f \u0438 \u0432\u043d\u043e\u0432\u044c \u043e\u0431\u0440\u0435\u0441\u0442\u0438 \u0440\u0430\u0434\u043e\u0441\u0442\u044c \u0436\u0438\u0437\u043d\u0438.<br \/>&#171;Ming\u0117 Villa&#187; &#8212; \u044d\u0442\u043e \u043c\u0435\u0441\u0442\u043e, \u0433\u0434\u0435 \u0431\u0440\u0438\u0437 \u0441 \u043b\u0430\u0433\u0443\u043d\u044b \u0440\u0430\u0441\u0441\u0435\u0438\u0432\u0430\u0435\u0442 \u0433\u043d\u0435\u0432 \u0438 \u0440\u0430\u0437\u043e\u0447\u0430\u0440\u043e\u0432\u0430\u043d\u0438\u0435, \u0433\u0434\u0435 \u0441\u043e\u043b\u043d\u0446\u0435 \u0438 \u043f\u043e\u043a\u043e\u0439 \u0432\u044b\u0437\u044b\u0432\u0430\u044e\u0442 \u0436\u0435\u043b\u0430\u043d\u0438\u0435 \u0436\u0438\u0442\u044c \u0438 \u0441 \u043d\u043e\u0432\u044b\u043c\u0438 \u0441\u0438\u043b\u0430\u043c\u0438 \u0432\u043e\u0437\u0432\u0440\u0430\u0449\u0430\u0442\u044c\u0441\u044f \u043a \u043f\u043e\u0432\u0441\u0435\u0434\u043d\u0435\u0432\u043d\u043e\u0439 \u0436\u0438\u0437\u043d\u0438, \u0433\u0434\u0435 \u043b\u0430\u0433\u0443\u043d\u0430 \u043d\u0430\u0445\u043e\u0434\u0438\u0442\u0441\u044f \u0432 \u043f\u0440\u0435\u0434\u0435\u043b\u0430\u0445 \u043b\u0435\u0433\u043a\u043e\u0439 \u0434\u043e\u0441\u044f\u0433\u0430\u0435\u043c\u043e\u0441\u0442\u0438.<\/p>\n<p><strong>\u0411\u043e\u043b\u0435\u0435 \u043f\u043e\u0434\u0440\u043e\u0431\u043d\u0430\u044f \u0438\u043d\u0444\u043e\u0440\u043c\u0430\u0446\u0438\u044f:<\/strong><br \/>Upai\u010dio g. 22, Minija, \u0160ilut\u0117s r. sav.  <br \/>\u0422\u0435\u043b. +370 698 25 166<br \/>\u042d\u043b. \u043f\u043e\u0447\u0442\u0430 <a href=\"&#109;&#x61;&#105;&#x6c;t&#x6f;:&#105;&#x6e;&#102;&#x6f;&#64;&#x6d;i&#110;&#x67;&#101;&#x73;v&#x69;l&#97;&#x2e;&#108;&#x74;\">&#x69;&#110;&#x66;&#x6f;&#64;&#x6d;&#x69;&#110;&#x67;&#x65;&#115;&#x76;&#x69;l&#x61;&#x2e;l&#x74;<\/a> <br \/>GPS 55.361916, 21.282593<br \/>GPS 55\u00b021&#8217;42.9&#8243;N 21\u00b016&#8217;57.3&#8243;E<\/p>\n<p>\u041a\u043e\u043b\u0438\u0447\u0435\u0441\u0442\u0432\u043e \u043a\u043e\u043c\u043d\u0430\u0442 \/ \u043c\u0435\u0441\u0442 &#8212; 1 \/ 12 \u0441\u043f\u0430\u043b\u044c\u043d\u044b\u0445 \u043c\u0435\u0441\u0442 \u0432 \u043e\u0442\u0434\u0435\u043b\u044c\u043d\u043e\u043c \u0434\u043e\u043c\u0438\u043a\u0435 \u0434\u043b\u044f \u043e\u0442\u0434\u044b\u0445\u0430<br \/>\u0426\u0435\u043d\u044b: \u0432 \u0431\u0443\u0434\u043d\u0438\u0435 \u0434\u043d\u0438 \u0446\u0435\u043d\u0430 \u0437\u0430 \u043d\u043e\u0447\u044c \u0437\u0430 \u0432\u0435\u0441\u044c \u0434\u043e\u043c \u043e\u0442\u0434\u044b\u0445\u0430 &#8212; 190 \u0435\u0432\u0440\u043e; \u0432 \u0432\u044b\u0445\u043e\u0434\u043d\u044b\u0435 \u0434\u043d\u0438 \u0446\u0435\u043d\u0430 \u0437\u0430 \u043d\u043e\u0447\u044c \u0437\u0430 \u0432\u0435\u0441\u044c \u0434\u043e\u043c \u043e\u0442\u0434\u044b\u0445\u0430 &#8212; 290 \u0435\u0432\u0440\u043e.<br \/>\u0411\u0430\u043d\u043a\u0435\u0442\u043d\u044b\u0439 \/ \u043a\u043e\u043d\u0444\u0435\u0440\u0435\u043d\u0446-\u0437\u0430\u043b &#8212; 20 \u043c\u0435\u0441\u0442<br \/>\u041f\u0440\u043e\u0447\u0438\u0435 \u0443\u0441\u043b\u0443\u0433\u0438: \u043c\u043e\u0440\u0441\u043a\u0438\u0435 \u043f\u0440\u043e\u0433\u0443\u043b\u043a\u0438 (\u0432\u043e\u0434\u043d\u044b\u0435 \u043b\u044b\u0436\u0438, \u043f\u0440\u043e\u0433\u0443\u043b\u043e\u0447\u043d\u044b\u0435 \u043a\u0430\u0442\u0435\u0440\u0430 \u0432 \u0423\u043e\u0441\u0442\u0430\u0434\u0432\u0430\u0440\u0438\u0441, \u041d\u0435\u0440\u0438\u043d\u0433\u0443, \u0412\u0435\u043d\u0442\u0435 \u0438 \u0442.\u0434.), \u043f\u0440\u043e\u043a\u0430\u0442 \u043b\u043e\u0434\u043e\u043a \u0438 \u0432\u043e\u0434\u043d\u044b\u0445 \u0432\u0435\u043b\u043e\u0441\u0438\u043f\u0435\u0434\u043e\u0432, \u0441\u0430\u0443\u043d\u0430, \u0440\u044b\u0431\u0430\u043b\u043a\u0430.<br \/>\u0412 \u0434\u043e\u043c\u0438\u043a\u0435 \u0435\u0441\u0442\u044c \u0432\u0441\u0435 \u043d\u0435\u043e\u0431\u0445\u043e\u0434\u0438\u043c\u043e\u0435 \u043a\u0443\u0445\u043e\u043d\u043d\u043e\u0435 \u043e\u0431\u043e\u0440\u0443\u0434\u043e\u0432\u0430\u043d\u0438\u0435, \u0431\u0430\u0440\u0431\u0435\u043a\u044e \u043d\u0430 \u043e\u0442\u043a\u0440\u044b\u0442\u043e\u043c \u0432\u043e\u0437\u0434\u0443\u0445\u0435 \u0438 \u043a\u0430\u043c\u0438\u043d. \u0417\u0430\u043a\u0440\u044b\u0442\u044b\u0439 \u0434\u0432\u043e\u0440 \u0438 \u0441\u0430\u0434, \u0447\u0430\u0441\u0442\u043d\u044b\u0439 \u0432\u044b\u0445\u043e\u0434 \u043a \u0440\u0435\u043a\u0435 \u041c\u0438\u043d\u0438\u044f.<\/p>\n\t\t\t\t\t\t\t\t<\/div>\n\t\t\t\t<\/div>\n\t\t\t\t\t<\/div>\n\t\t<\/div>\n\t\t\t\t\t<\/div>\n\t\t<\/section>\n\t\t\t\t<section class=\"wd-negative-gap elementor-section elementor-inner-section elementor-element elementor-element-32def83 elementor-section-boxed elementor-section-height-default elementor-section-height-default\" data-id=\"32def83\" data-element_type=\"section\" data-e-type=\"section\">\n\t\t\t\t\t\t<div class=\"elementor-container elementor-column-gap-default\">\n\t\t\t\t\t<div class=\"elementor-column elementor-col-100 elementor-inner-column elementor-element elementor-element-d81d781\" data-id=\"d81d781\" data-element_type=\"column\" data-e-type=\"column\">\n\t\t\t<div class=\"elementor-widget-wrap elementor-element-populated\">\n\t\t\t\t\t\t<div class=\"elementor-element elementor-element-9404faf elementor-widget elementor-widget-shortcode\" data-id=\"9404faf\" data-element_type=\"widget\" data-e-type=\"widget\" data-widget_type=\"shortcode.default\">\n\t\t\t\t<div class=\"elementor-widget-container\">\n\t\t\t\t\t\t\t<div class=\"elementor-shortcode\">\r\n            \r\n            \r\n            \r\n            <a name='map29'><\/a>\r\n            \r\n            \r\n            \r\n            \r\n            <div class=\"wpgmza_map \"  id=\"wpgmza_map_29\" style=\"display:block; overflow:auto; width:100%; height:400px; float:left;\" data-settings='{\"id\":\"29\",\"map_title\":\"Ming\\u0117s vila\",\"map_width\":\"100\",\"map_height\":\"400\",\"map_start_lat\":\"55.36280211338446\",\"map_start_lng\":\"21.280946447607406\",\"map_start_location\":\"\",\"map_start_zoom\":\"14\",\"default_marker\":\"\",\"type\":\"1\",\"alignment\":\"0\",\"directions_enabled\":\"0\",\"styling_enabled\":\"0\",\"styling_json\":\"\",\"active\":\"0\",\"kml\":\"\",\"bicycle\":\"0\",\"traffic\":\"0\",\"dbox\":\"1\",\"dbox_width\":\"100\",\"listmarkers\":\"0\",\"listmarkers_advanced\":\"0\",\"filterbycat\":\"0\",\"ugm_enabled\":\"0\",\"ugm_category_enabled\":\"0\",\"fusion\":\"\",\"map_width_type\":\"%\",\"map_height_type\":\"px\",\"mass_marker_support\":\"0\",\"ugm_access\":\"0\",\"order_markers_by\":\"1\",\"order_markers_choice\":\"1\",\"show_user_location\":\"0\",\"default_to\":\"\",\"other_settings\":{\"map_type\":1,\"sl_stroke_color\":\"#ff0000\",\"sl_fill_color\":\"#ff0000\",\"sl_stroke_opacity\":\"1\",\"sl_fill_opacity\":\"0.5\",\"transport_layer\":false,\"action\":\"wpgmza_save_map\",\"redirect_to\":\"\\\/wp-admin\\\/admin-post.php\",\"map_id\":\"29\",\"http_referer\":\"\\\/wp-admin\\\/admin.php?page=wp-google-maps-menu&amp;amp;action=edit&amp;amp;map_id=2\",\"wpgmza_id\":\"2\",\"wpgmza_start_location\":\"55.36280211338446,21.280946447607406\",\"wpgmza_start_zoom\":\"14\",\"wpgmza_dbox_width_type\":\"%\",\"default_from\":\"\",\"directions_behaviour\":\"default\",\"force_google_directions_app\":false,\"directions_route_origin_icon\":\"https:\\\/\\\/siluteinfo.lt\\\/wp-content\\\/plugins\\\/wp-google-maps\\\/images\\\/spotlight-poi2.png\",\"directions_origin_retina\":false,\"directions_route_destination_icon\":\"https:\\\/\\\/siluteinfo.lt\\\/wp-content\\\/plugins\\\/wp-google-maps\\\/images\\\/spotlight-poi2.png\",\"directions_destination_retina\":false,\"directions_route_stroke_color\":\"#4f8df5\",\"directions_route_stroke_weight\":\"4\",\"directions_route_stroke_opacity\":\"0.8\",\"directions_fit_bounds_to_route\":false,\"store_locator_enabled\":false,\"store_locator_search_area\":\"radial\",\"wpgmza_store_locator_radius_style\":\"legacy\",\"wpgmza_store_locator_default_radius\":\"10\",\"store_locator_auto_area_max_zoom\":\"\",\"wpgmza_store_locator_restrict\":\"\",\"store_locator_distance\":false,\"wpgmza_store_locator_position\":false,\"store_locator_show_distance\":false,\"store_locator_category\":false,\"wpgmza_store_locator_use_their_location\":false,\"wpgmza_store_locator_bounce\":false,\"upload_default_sl_marker\":\"\",\"upload_default_sl_marker_retina\":false,\"wpgmza_sl_animation\":\"0\",\"wpgmza_store_locator_hide_before_search\":false,\"store_locator_query_string\":\"\",\"store_locator_default_address\":\"\",\"store_locator_name_search\":false,\"store_locator_name_string\":\"\",\"store_locator_not_found_message\":\"\",\"retina\":false,\"wpgmza_map_align\":\"1\",\"upload_default_ul_marker\":\"\",\"upload_default_ul_marker_retina\":false,\"jump_to_nearest_marker_on_initialization\":false,\"automatically_pan_to_users_location\":false,\"override_users_location_zoom_level\":false,\"override_users_location_zoom_levels\":\"\",\"show_distance_from_location\":false,\"map_max_zoom\":\"21\",\"map_min_zoom\":\"0\",\"click_open_link\":false,\"fit_maps_bounds_to_markers\":false,\"fit_maps_bounds_to_markers_after_filtering\":false,\"hide_point_of_interest\":false,\"wpgmza_zoom_on_marker_click\":false,\"wpgmza_zoom_on_marker_click_slider\":\"\",\"close_infowindow_on_map_click\":false,\"disable_lightbox_images\":false,\"use_Raw_Jpeg_Coordinates\":false,\"disable_polygon_info_windows\":false,\"enable_advanced_custom_fields_integration\":false,\"enable_toolset_woocommerce_integration\":false,\"enable_woo_product_integration\":false,\"only_load_markers_within_viewport\":false,\"iw_primary_color\":\"#000000\",\"iw_accent_color\":\"#000000\",\"iw_text_color\":\"#000000\",\"wpgmza_listmarkers_by\":\"4\",\"wpgmza_marker_listing_position\":false,\"zoom_level_on_marker_listing_override\":false,\"zoom_level_on_marker_listing_click\":\"\",\"datatable_no_result_message\":\"\",\"remove_search_box_datables\":false,\"dataTable_pagination_style\":\"default\",\"datatable_search_string\":\"\",\"datatable_result_start\":\"\",\"datatable_result_of\":\"\",\"datatable_result_to\":\"\",\"datatable_result_total\":\"\",\"datatable_result_show\":\"\",\"datatable_result_entries\":\"\",\"wpgmza_savemap\":\"Save Map \\u00bb\",\"shortcodeAttributes\":{\"id\":\"29\"},\"wpgmza_theme_data\":\"\",\"store_locator_location_placeholder\":\"\",\"polygon_labels\":false,\"enable_advanced_custom_fields_integration_type\":\"\",\"wpgmza_push_in_map\":false,\"wpgmza_push_in_map_placement\":\"1\",\"wpgmza_push_in_map_width\":\"\",\"wpgmza_push_in_map_height\":\"\",\"marker_listing_disable_zoom\":false}}' data-map-id='29' data-shortcode-attributes='{\"id\":\"29\"}'> <\/div>\r\n            \r\n            <div data-wpgmza-table data-wpgmza-php-class=\"WPGMZA\\MarkerListing\\BasicList\" data-wpgmza-rest-api-route=\"\/marker-listing\/\" data-wpgmza-marker-listing=\"true\" class=\"wpgmza_marker_list_class\" style=\"width:100%;\" data-wpgmza-ajax-parameters='{\"map_id\":\"29\"}' id=\"wpgmza_marker_list_29\"><\/div>   \r\n        <\/div>\n\t\t\t\t\t\t<\/div>\n\t\t\t\t<\/div>\n\t\t\t\t\t<\/div>\n\t\t<\/div>\n\t\t\t\t\t<\/div>\n\t\t<\/section>\n\t\t\t\t\t<\/div>\n\t\t<\/div>\n\t\t\t\t\t<\/div>\n\t\t<\/section>\n\t\t\t\t<\/div>\n\t\t","protected":false},"excerpt":{"rendered":"<p>\u041f\u043e\u043c\u043d\u0438\u0442\u0435 \u043b\u0438 \u0432\u044b, \u043a\u043e\u0433\u0434\u0430 \u0432 \u043f\u043e\u0441\u043b\u0435\u0434\u043d\u0438\u0439 \u0440\u0430\u0437 \u0433\u0443\u043b\u044f\u043b\u0438 \u043f\u043e \u043b\u0443\u0433\u0443, \u043f\u043e\u043a\u0440\u044b\u0442\u043e\u043c\u0443 \u043a\u0430\u043f\u043b\u044f\u043c\u0438 \u0440\u043e\u0441\u044b? \u041a\u043e\u0433\u0434\u0430 \u0432 \u043f\u043e\u0441\u043b\u0435\u0434\u043d\u0438\u0439 \u0440\u0430\u0437 \u0432\u044b \u0432\u0441\u0442\u0440\u0435\u0447\u0430\u043b\u0438 \u0432\u043e\u0441\u0445\u043e\u0434<\/p>\n","protected":false},"author":1,"featured_media":12628,"parent":23223,"menu_order":7,"comment_status":"closed","ping_status":"closed","template":"","meta":{"_acf_changed":false,"_monsterinsights_skip_tracking":false,"_monsterinsights_sitenote_active":false,"_monsterinsights_sitenote_note":"","_monsterinsights_sitenote_category":0,"footnotes":""},"class_list":["post-27001","page","type-page","status-publish","has-post-thumbnail","hentry"],"acf":[],"_links":{"self":[{"href":"https:\/\/siluteinfo.lt\/ru\/wp-json\/wp\/v2\/pages\/27001","targetHints":{"allow":["GET"]}}],"collection":[{"href":"https:\/\/siluteinfo.lt\/ru\/wp-json\/wp\/v2\/pages"}],"about":[{"href":"https:\/\/siluteinfo.lt\/ru\/wp-json\/wp\/v2\/types\/page"}],"author":[{"embeddable":true,"href":"https:\/\/siluteinfo.lt\/ru\/wp-json\/wp\/v2\/users\/1"}],"replies":[{"embeddable":true,"href":"https:\/\/siluteinfo.lt\/ru\/wp-json\/wp\/v2\/comments?post=27001"}],"version-history":[{"count":0,"href":"https:\/\/siluteinfo.lt\/ru\/wp-json\/wp\/v2\/pages\/27001\/revisions"}],"up":[{"embeddable":true,"href":"https:\/\/siluteinfo.lt\/ru\/wp-json\/wp\/v2\/pages\/23223"}],"wp:featuredmedia":[{"embeddable":true,"href":"https:\/\/siluteinfo.lt\/ru\/wp-json\/wp\/v2\/media\/12628"}],"wp:attachment":[{"href":"https:\/\/siluteinfo.lt\/ru\/wp-json\/wp\/v2\/media?parent=27001"}],"curies":[{"name":"wp","href":"https:\/\/api.w.org\/{rel}","templated":true}]}}