{"id":26977,"date":"2022-06-11T07:02:30","date_gmt":"2022-06-11T05:02:30","guid":{"rendered":"https:\/\/siluteinfo.lt\/prozhivanie\/usadby\/minges-egzotika\/"},"modified":"2025-06-10T09:33:00","modified_gmt":"2025-06-10T07:33:00","slug":"minges-egzotika","status":"publish","type":"page","link":"https:\/\/siluteinfo.lt\/ru\/prozhivanie\/usadby\/minges-egzotika\/","title":{"rendered":"Ming\u0117s egzotika"},"content":{"rendered":"\t\t<div data-elementor-type=\"wp-page\" data-elementor-id=\"26977\" class=\"elementor elementor-26977 elementor-12606\" data-elementor-post-type=\"page\">\n\t\t\t\t\t\t<section class=\"wd-negative-gap elementor-section elementor-top-section elementor-element elementor-element-939d0f4 elementor-section-boxed elementor-section-height-default elementor-section-height-default\" data-id=\"939d0f4\" data-element_type=\"section\" data-e-type=\"section\">\n\t\t\t\t\t\t<div class=\"elementor-container elementor-column-gap-default\">\n\t\t\t\t\t<div class=\"elementor-column elementor-col-100 elementor-top-column elementor-element elementor-element-8c5795f\" data-id=\"8c5795f\" data-element_type=\"column\" data-e-type=\"column\">\n\t\t\t<div class=\"elementor-widget-wrap elementor-element-populated\">\n\t\t\t\t\t\t<section class=\"wd-negative-gap elementor-section elementor-inner-section elementor-element elementor-element-e822dfe elementor-section-boxed elementor-section-height-default elementor-section-height-default\" data-id=\"e822dfe\" data-element_type=\"section\" data-e-type=\"section\">\n\t\t\t\t\t\t<div class=\"elementor-container elementor-column-gap-default\">\n\t\t\t\t\t<div class=\"elementor-column elementor-col-50 elementor-inner-column elementor-element elementor-element-2364fa8\" data-id=\"2364fa8\" data-element_type=\"column\" data-e-type=\"column\">\n\t\t\t<div class=\"elementor-widget-wrap elementor-element-populated\">\n\t\t\t\t\t\t<div class=\"elementor-element elementor-element-450ae51 elementor-widget elementor-widget-theme-post-featured-image elementor-widget-image\" data-id=\"450ae51\" data-element_type=\"widget\" data-e-type=\"widget\" data-widget_type=\"theme-post-featured-image.default\">\n\t\t\t\t<div class=\"elementor-widget-container\">\n\t\t\t\t\t\t\t\t\t\t\t\t\t\t\t<img loading=\"lazy\" decoding=\"async\" width=\"1200\" height=\"800\" src=\"https:\/\/siluteinfo.lt\/wp-content\/themes\/woodmart\/images\/lazy.svg\" data-src=\"https:\/\/siluteinfo.lt\/wp-content\/uploads\/2025\/06\/apgyvendinimas-minges-egzotika.jpg\" class=\" wd-lazy-blur attachment-large size-large wp-image-43066\" alt=\"Sodyba \u201eMing\u0117s egzotika\u201c Minijos kaime\" srcset=\"\" data-srcset=\"https:\/\/siluteinfo.lt\/wp-content\/uploads\/2025\/06\/apgyvendinimas-minges-egzotika.jpg 1200w, https:\/\/siluteinfo.lt\/wp-content\/uploads\/2025\/06\/apgyvendinimas-minges-egzotika-400x267.jpg 400w, https:\/\/siluteinfo.lt\/wp-content\/uploads\/2025\/06\/apgyvendinimas-minges-egzotika-768x512.jpg 768w\" sizes=\"auto, (max-width: 1200px) 100vw, 1200px\" \/>\t\t\t\t\t\t\t\t\t\t\t\t\t\t\t<\/div>\n\t\t\t\t<\/div>\n\t\t\t\t\t<\/div>\n\t\t<\/div>\n\t\t\t\t<div class=\"elementor-column elementor-col-50 elementor-inner-column elementor-element elementor-element-575bfa6\" data-id=\"575bfa6\" data-element_type=\"column\" data-e-type=\"column\">\n\t\t\t<div class=\"elementor-widget-wrap elementor-element-populated\">\n\t\t\t\t\t\t<div class=\"elementor-element elementor-element-56f48bd4 color-scheme-inherit text-left elementor-widget elementor-widget-text-editor\" data-id=\"56f48bd4\" data-element_type=\"widget\" data-e-type=\"widget\" data-widget_type=\"text-editor.default\">\n\t\t\t\t<div class=\"elementor-widget-container\">\n\t\t\t\t\t\t\t\t\t<p>\u0423\u0441\u0430\u0434\u044c\u0431\u0430 \u00abMing\u0117s Egzotika\u00bb \u0440\u0430\u0441\u043f\u043e\u043b\u043e\u0436\u0435\u043d\u0430 \u043d\u0430 \u043b\u0435\u0432\u043e\u043c \u0431\u0435\u0440\u0435\u0433\u0443 \u0440\u0435\u043a\u0438 \u041c\u0438\u043d\u0438\u044f \u2014 \u044d\u0442\u043e \u0441\u043f\u043e\u043a\u043e\u0439\u043d\u043e\u0435 \u0438 \u0443\u0434\u043e\u0431\u043d\u043e\u0435 \u043c\u0435\u0441\u0442\u043e \u0434\u043b\u044f \u043e\u0442\u0434\u044b\u0445\u0430 \u043d\u0430 \u043f\u0440\u0438\u0440\u043e\u0434\u0435, \u0433\u0434\u0435 \u043c\u043e\u0436\u043d\u043e \u043d\u0430\u0441\u043b\u0430\u0434\u0438\u0442\u044c\u0441\u044f \u0442\u0438\u0448\u0438\u043d\u043e\u0439 \u0438 \u0443\u0435\u0434\u0438\u043d\u0435\u043d\u0438\u0435\u043c \u0431\u0435\u0437 \u0441\u0443\u0435\u0442\u044b. \u0417\u0434\u0435\u0441\u044c \u0440\u0430\u0434\u044b \u0441\u0435\u043c\u044c\u044f\u043c \u0441 \u0434\u0435\u0442\u044c\u043c\u0438, \u043a\u043e\u043c\u043f\u0430\u043d\u0438\u044f\u043c \u0434\u0440\u0443\u0437\u0435\u0439, \u043a\u043e\u043b\u043b\u0435\u043a\u0442\u0438\u0432\u0430\u043c \u043f\u0440\u0435\u0434\u043f\u0440\u0438\u044f\u0442\u0438\u0439 \u0438 \u043e\u0434\u0438\u043d\u043e\u0447\u043d\u044b\u043c \u043f\u0443\u0442\u0435\u0448\u0435\u0441\u0442\u0432\u0435\u043d\u043d\u0438\u043a\u0430\u043c \u2014 \u043c\u0435\u0441\u0442\u0430 \u0438 \u0437\u0430\u043d\u044f\u0442\u0438\u0439 \u0445\u0432\u0430\u0442\u0438\u0442 \u0432\u0441\u0435\u043c. \u0412 \u0443\u0441\u0430\u0434\u044c\u0431\u0435 \u0443\u044e\u0442\u043d\u044b\u0435 \u043d\u043e\u043c\u0435\u0440\u0430 \u0441\u043e \u0432\u0441\u0435\u043c\u0438 \u0443\u0434\u043e\u0431\u0441\u0442\u0432\u0430\u043c\u0438, \u0442\u0430\u043a\u0436\u0435 \u0435\u0441\u0442\u044c \u0432\u043e\u0437\u043c\u043e\u0436\u043d\u043e\u0441\u0442\u044c \u043f\u0440\u043e\u0432\u043e\u0434\u0438\u0442\u044c \u043f\u0440\u0430\u0437\u0434\u043d\u0438\u043a\u0438, \u0441\u0435\u043c\u0438\u043d\u0430\u0440\u044b \u0438 \u0434\u0440\u0443\u0433\u0438\u0435 \u043c\u0435\u0440\u043e\u043f\u0440\u0438\u044f\u0442\u0438\u044f. \u0420\u0430\u0431\u043e\u0442\u0430\u0435\u0442 \u043a\u0430\u0444\u0435, \u0433\u0434\u0435 \u043c\u043e\u0436\u043d\u043e \u043f\u043e\u043e\u0431\u0435\u0434\u0430\u0442\u044c \u0438\u043b\u0438 \u0432\u044b\u043f\u0438\u0442\u044c \u043a\u043e\u0444\u0435 \u0441 \u0432\u0438\u0434\u043e\u043c \u043d\u0430 \u0440\u0435\u043a\u0443. \u0414\u043b\u044f \u0434\u0435\u0442\u0435\u0439 \u043e\u0431\u043e\u0440\u0443\u0434\u043e\u0432\u0430\u043d\u0430 \u0438\u0433\u0440\u043e\u0432\u0430\u044f \u043f\u043b\u043e\u0449\u0430\u0434\u043a\u0430, \u0430 \u043b\u044e\u0431\u0438\u0442\u0435\u043b\u0438 \u0430\u043a\u0442\u0438\u0432\u043d\u043e\u0433\u043e \u043e\u0442\u0434\u044b\u0445\u0430 \u043c\u043e\u0433\u0443\u0442 \u0432\u043e\u0441\u043f\u043e\u043b\u044c\u0437\u043e\u0432\u0430\u0442\u044c\u0441\u044f \u0431\u0430\u0441\u043a\u0435\u0442\u0431\u043e\u043b\u044c\u043d\u043e\u0439 \u0438 \u0432\u043e\u043b\u0435\u0439\u0431\u043e\u043b\u044c\u043d\u043e\u0439 \u043f\u043b\u043e\u0449\u0430\u0434\u043a\u0430\u043c\u0438. \u041f\u043e\u0441\u043b\u0435 \u0434\u043d\u044f \u043d\u0430 \u043f\u0440\u0438\u0440\u043e\u0434\u0435 \u0432\u044b \u043c\u043e\u0436\u0435\u0442\u0435 \u0440\u0430\u0441\u0441\u043b\u0430\u0431\u0438\u0442\u044c\u0441\u044f \u0432 \u043c\u0438\u043d\u0438-SPA-\u0437\u043e\u043d\u0435 \u0441 \u0441\u0430\u0443\u043d\u043e\u0439 \u0438 \u0434\u0436\u0430\u043a\u0443\u0437\u0438. \u0423\u0441\u0430\u0434\u044c\u0431\u0430 \u043f\u043e\u0434\u0445\u043e\u0434\u0438\u0442 \u0434\u043b\u044f \u043e\u0442\u0434\u044b\u0445\u0430 \u0432 \u043b\u044e\u0431\u043e\u0435 \u0432\u0440\u0435\u043c\u044f \u0433\u043e\u0434\u0430 \u2014 \u043a\u0430\u043a \u0434\u043b\u044f \u043b\u0435\u0442\u043d\u0438\u0445 \u0432\u044b\u0445\u043e\u0434\u043d\u044b\u0445, \u0442\u0430\u043a \u0438 \u0434\u043b\u044f \u0441\u043f\u043e\u043a\u043e\u0439\u043d\u044b\u0445 \u0437\u0438\u043c\u043d\u0438\u0445 \u0432\u0435\u0447\u0435\u0440\u043e\u0432. \u00abMing\u0117s Egzotika\u00bb \u2014 \u043e\u0442\u043b\u0438\u0447\u043d\u044b\u0439 \u0432\u044b\u0431\u043e\u0440 \u0434\u043b\u044f \u0442\u0435\u0445, \u043a\u0442\u043e \u0438\u0449\u0435\u0442 \u0441\u043f\u043e\u043a\u043e\u0439\u0441\u0442\u0432\u0438\u0435, \u043a\u043e\u043c\u0444\u043e\u0440\u0442 \u0438 \u043f\u0440\u0438\u0440\u043e\u0434\u0443 \u0431\u0435\u0437 \u043b\u0438\u0448\u043d\u0438\u0445 \u0437\u0430\u0431\u043e\u0442.       <\/p><p><strong>\u0414\u043e\u043f\u043e\u043b\u043d\u0438\u0442\u0435\u043b\u044c\u043d\u0430\u044f \u0438\u043d\u0444\u043e\u0440\u043c\u0430\u0446\u0438\u044f:<\/strong><br>Krok\u0173 Lankos g. 33, Minija, \u0160ilut\u0117s r. sav.<br>\u041f\u0440\u043e\u0436\u0438\u0432\u0430\u043d\u0438\u0435: +370 687 85 058; \u0410\u0440\u0435\u043d\u0434\u0430 \u043b\u043e\u0434\u043e\u043a: +370 686 66 600<br>\u042d\u043b. \u043f\u043e\u0447\u0442\u0430: &#x6d;&#x69;&#110;&#105;j&#x61;&#x40;&#x6d;&#105;&#110;g&#x65;&#x73;&#x65;&#103;&#122;o&#x74;&#x69;&#x6b;&#97;&#46;l&#x74;   <br><a href=\"http:\/\/www.mingeskaimas.lt\/\" target=\"_blank\" rel=\"noopener\">www.mingeskaimas.lt<\/a><br>GPS 55.358648, 21.284363<br>GPS 55\u00b021&#8217;31.1&#8243;N 21\u00b017&#8217;03.7&#8243;E<\/p><p>\u041a\u043e\u043b-\u0432\u043e \u043d\u043e\u043c\u0435\u0440\u043e\u0432 \/ \u043c\u0435\u0441\u0442: 17 \/ 55<br>\u0426\u0435\u043d\u0430 \u043e\u0442: 30 \u0435\u0432\u0440\u043e<br>\u0414\u043e\u043f\u043e\u043b\u043d\u0438\u0442\u0435\u043b\u044c\u043d\u044b\u0435 \u0443\u0441\u043b\u0443\u0433\u0438: \u043a\u0430\u0444\u0435 \u043d\u0430 80 \u043c\u0435\u0441\u0442, \u043b\u0438\u0442\u043e\u0432\u0441\u043a\u0430\u044f \u0431\u0430\u043d\u044f, \u0430\u0440\u0435\u043d\u0434\u0430 \u043b\u043e\u0434\u043e\u043a, \u0440\u044b\u0431\u0430\u043b\u043a\u0430, \u0437\u043e\u043d\u0430 \u0434\u043b\u044f \u043a\u0435\u043c\u043f\u0435\u0440\u043e\u0432.<\/p>\t\t\t\t\t\t\t\t<\/div>\n\t\t\t\t<\/div>\n\t\t\t\t\t<\/div>\n\t\t<\/div>\n\t\t\t\t\t<\/div>\n\t\t<\/section>\n\t\t\t\t<section class=\"wd-negative-gap elementor-section elementor-inner-section elementor-element elementor-element-604c4ae elementor-section-boxed elementor-section-height-default elementor-section-height-default\" data-id=\"604c4ae\" data-element_type=\"section\" data-e-type=\"section\">\n\t\t\t\t\t\t<div class=\"elementor-container elementor-column-gap-default\">\n\t\t\t\t\t<div class=\"elementor-column elementor-col-100 elementor-inner-column elementor-element elementor-element-99e62d5\" data-id=\"99e62d5\" data-element_type=\"column\" data-e-type=\"column\">\n\t\t\t<div class=\"elementor-widget-wrap elementor-element-populated\">\n\t\t\t\t\t\t<div class=\"elementor-element elementor-element-ab6116a elementor-widget elementor-widget-shortcode\" data-id=\"ab6116a\" data-element_type=\"widget\" data-e-type=\"widget\" data-widget_type=\"shortcode.default\">\n\t\t\t\t<div class=\"elementor-widget-container\">\n\t\t\t\t\t\t\t<div class=\"elementor-shortcode\">\r\n            \r\n            \r\n            \r\n            <a name='map26'><\/a>\r\n            \r\n            \r\n            \r\n            \r\n            <div class=\"wpgmza_map \"  id=\"wpgmza_map_26\" style=\"display:block; overflow:auto; width:100%; height:400px; float:left;\" data-settings='{\"id\":\"26\",\"map_title\":\"Ming\\u0117s egzotika\",\"map_width\":\"100\",\"map_height\":\"400\",\"map_start_lat\":\"55.397343577063765\",\"map_start_lng\":\"21.530294754821757\",\"map_start_location\":\"\",\"map_start_zoom\":\"10\",\"default_marker\":\"\",\"type\":\"0\",\"alignment\":\"0\",\"directions_enabled\":\"0\",\"styling_enabled\":\"0\",\"styling_json\":\"\",\"active\":\"0\",\"kml\":\"\",\"bicycle\":\"0\",\"traffic\":\"0\",\"dbox\":\"1\",\"dbox_width\":\"100\",\"listmarkers\":\"0\",\"listmarkers_advanced\":\"0\",\"filterbycat\":\"0\",\"ugm_enabled\":\"0\",\"ugm_category_enabled\":\"0\",\"fusion\":\"\",\"map_width_type\":\"%\",\"map_height_type\":\"px\",\"mass_marker_support\":\"0\",\"ugm_access\":\"0\",\"order_markers_by\":\"1\",\"order_markers_choice\":\"1\",\"show_user_location\":\"0\",\"default_to\":\"\",\"other_settings\":{\"map_type\":1,\"sl_stroke_color\":\"#ff0000\",\"sl_fill_color\":\"#ff0000\",\"sl_stroke_opacity\":\"1\",\"sl_fill_opacity\":\"0.5\",\"transport_layer\":false,\"action\":\"wpgmza_save_map\",\"redirect_to\":\"\\\/wp-admin\\\/admin-post.php\",\"map_id\":\"26\",\"http_referer\":\"\\\/wp-admin\\\/admin.php?page=wp-google-maps-menu&amp;amp;action=edit&amp;amp;map_id=2\",\"wpgmza_id\":\"2\",\"wpgmza_start_location\":\"55.397343577063765,21.530294754821757\",\"wpgmza_start_zoom\":\"10\",\"wpgmza_dbox_width_type\":\"%\",\"default_from\":\"\",\"directions_behaviour\":\"default\",\"force_google_directions_app\":false,\"directions_route_origin_icon\":\"https:\\\/\\\/siluteinfo.lt\\\/wp-content\\\/plugins\\\/wp-google-maps\\\/images\\\/spotlight-poi2.png\",\"directions_origin_retina\":false,\"directions_route_destination_icon\":\"https:\\\/\\\/siluteinfo.lt\\\/wp-content\\\/plugins\\\/wp-google-maps\\\/images\\\/spotlight-poi2.png\",\"directions_destination_retina\":false,\"directions_route_stroke_color\":\"#4f8df5\",\"directions_route_stroke_weight\":\"4\",\"directions_route_stroke_opacity\":\"0.8\",\"directions_fit_bounds_to_route\":false,\"store_locator_enabled\":false,\"store_locator_search_area\":\"radial\",\"wpgmza_store_locator_radius_style\":\"legacy\",\"wpgmza_store_locator_default_radius\":\"10\",\"store_locator_auto_area_max_zoom\":\"\",\"wpgmza_store_locator_restrict\":\"\",\"store_locator_distance\":false,\"wpgmza_store_locator_position\":false,\"store_locator_show_distance\":false,\"store_locator_category\":false,\"wpgmza_store_locator_use_their_location\":false,\"wpgmza_store_locator_bounce\":false,\"upload_default_sl_marker\":\"\",\"upload_default_sl_marker_retina\":false,\"wpgmza_sl_animation\":\"0\",\"wpgmza_store_locator_hide_before_search\":false,\"store_locator_query_string\":\"\",\"store_locator_default_address\":\"\",\"store_locator_name_search\":false,\"store_locator_name_string\":\"\",\"store_locator_not_found_message\":\"\",\"retina\":false,\"wpgmza_map_align\":\"1\",\"upload_default_ul_marker\":\"\",\"upload_default_ul_marker_retina\":false,\"jump_to_nearest_marker_on_initialization\":false,\"automatically_pan_to_users_location\":false,\"override_users_location_zoom_level\":false,\"override_users_location_zoom_levels\":\"\",\"show_distance_from_location\":false,\"map_max_zoom\":\"21\",\"map_min_zoom\":\"0\",\"click_open_link\":false,\"fit_maps_bounds_to_markers\":false,\"fit_maps_bounds_to_markers_after_filtering\":false,\"hide_point_of_interest\":false,\"wpgmza_zoom_on_marker_click\":false,\"wpgmza_zoom_on_marker_click_slider\":\"\",\"close_infowindow_on_map_click\":false,\"disable_lightbox_images\":false,\"use_Raw_Jpeg_Coordinates\":false,\"disable_polygon_info_windows\":false,\"enable_advanced_custom_fields_integration\":false,\"enable_toolset_woocommerce_integration\":false,\"enable_woo_product_integration\":false,\"only_load_markers_within_viewport\":false,\"iw_primary_color\":\"#000000\",\"iw_accent_color\":\"#000000\",\"iw_text_color\":\"#000000\",\"wpgmza_listmarkers_by\":\"4\",\"wpgmza_marker_listing_position\":false,\"zoom_level_on_marker_listing_override\":false,\"zoom_level_on_marker_listing_click\":\"\",\"datatable_no_result_message\":\"\",\"remove_search_box_datables\":false,\"dataTable_pagination_style\":\"default\",\"datatable_search_string\":\"\",\"datatable_result_start\":\"\",\"datatable_result_of\":\"\",\"datatable_result_to\":\"\",\"datatable_result_total\":\"\",\"datatable_result_show\":\"\",\"datatable_result_entries\":\"\",\"wpgmza_savemap\":\"Save Map \\u00bb\",\"shortcodeAttributes\":{\"id\":\"26\"}}}' data-map-id='26' data-shortcode-attributes='{\"id\":\"26\"}'> <\/div>\r\n            \r\n            <div data-wpgmza-table data-wpgmza-php-class=\"WPGMZA\\MarkerListing\\BasicList\" data-wpgmza-rest-api-route=\"\/marker-listing\/\" data-wpgmza-marker-listing=\"true\" class=\"wpgmza_marker_list_class\" style=\"width:100%;\" data-wpgmza-ajax-parameters='{\"map_id\":\"26\"}' id=\"wpgmza_marker_list_26\"><\/div>   \r\n        <\/div>\n\t\t\t\t\t\t<\/div>\n\t\t\t\t<\/div>\n\t\t\t\t\t<\/div>\n\t\t<\/div>\n\t\t\t\t\t<\/div>\n\t\t<\/section>\n\t\t\t\t\t<\/div>\n\t\t<\/div>\n\t\t\t\t\t<\/div>\n\t\t<\/section>\n\t\t\t\t<\/div>\n\t\t","protected":false},"excerpt":{"rendered":"<p>\u0423\u0441\u0430\u0434\u044c\u0431\u0430 \u00abMing\u0117s Egzotika\u00bb \u0440\u0430\u0441\u043f\u043e\u043b\u043e\u0436\u0435\u043d\u0430 \u043d\u0430 \u043b\u0435\u0432\u043e\u043c \u0431\u0435\u0440\u0435\u0433\u0443 \u0440\u0435\u043a\u0438 \u041c\u0438\u043d\u0438\u044f \u2014 \u044d\u0442\u043e \u0441\u043f\u043e\u043a\u043e\u0439\u043d\u043e\u0435 \u0438 \u0443\u0434\u043e\u0431\u043d\u043e\u0435 \u043c\u0435\u0441\u0442\u043e \u0434\u043b\u044f \u043e\u0442\u0434\u044b\u0445\u0430 \u043d\u0430 \u043f\u0440\u0438\u0440\u043e\u0434\u0435, \u0433\u0434\u0435<\/p>\n","protected":false},"author":1,"featured_media":43066,"parent":23223,"menu_order":5,"comment_status":"closed","ping_status":"closed","template":"","meta":{"_acf_changed":false,"_monsterinsights_skip_tracking":false,"_monsterinsights_sitenote_active":false,"_monsterinsights_sitenote_note":"","_monsterinsights_sitenote_category":0,"footnotes":""},"class_list":["post-26977","page","type-page","status-publish","has-post-thumbnail","hentry"],"acf":[],"_links":{"self":[{"href":"https:\/\/siluteinfo.lt\/ru\/wp-json\/wp\/v2\/pages\/26977","targetHints":{"allow":["GET"]}}],"collection":[{"href":"https:\/\/siluteinfo.lt\/ru\/wp-json\/wp\/v2\/pages"}],"about":[{"href":"https:\/\/siluteinfo.lt\/ru\/wp-json\/wp\/v2\/types\/page"}],"author":[{"embeddable":true,"href":"https:\/\/siluteinfo.lt\/ru\/wp-json\/wp\/v2\/users\/1"}],"replies":[{"embeddable":true,"href":"https:\/\/siluteinfo.lt\/ru\/wp-json\/wp\/v2\/comments?post=26977"}],"version-history":[{"count":0,"href":"https:\/\/siluteinfo.lt\/ru\/wp-json\/wp\/v2\/pages\/26977\/revisions"}],"up":[{"embeddable":true,"href":"https:\/\/siluteinfo.lt\/ru\/wp-json\/wp\/v2\/pages\/23223"}],"wp:featuredmedia":[{"embeddable":true,"href":"https:\/\/siluteinfo.lt\/ru\/wp-json\/wp\/v2\/media\/43066"}],"wp:attachment":[{"href":"https:\/\/siluteinfo.lt\/ru\/wp-json\/wp\/v2\/media?parent=26977"}],"curies":[{"name":"wp","href":"https:\/\/api.w.org\/{rel}","templated":true}]}}