{"id":26570,"date":"2022-06-11T07:08:29","date_gmt":"2022-06-11T05:08:29","guid":{"rendered":"https:\/\/siluteinfo.lt\/prozhivanie\/usadby\/aukstumales-krantas\/"},"modified":"2023-10-31T20:48:55","modified_gmt":"2023-10-31T18:48:55","slug":"aukstumales-krantas","status":"publish","type":"page","link":"https:\/\/siluteinfo.lt\/ru\/prozhivanie\/usadby\/aukstumales-krantas\/","title":{"rendered":"Auk\u0161tumal\u0117s krantas"},"content":{"rendered":"\t\t<div data-elementor-type=\"wp-page\" data-elementor-id=\"26570\" class=\"elementor elementor-26570 elementor-12642\" data-elementor-post-type=\"page\">\n\t\t\t\t\t\t<section class=\"wd-negative-gap elementor-section elementor-top-section elementor-element elementor-element-e86fd66 elementor-section-boxed elementor-section-height-default elementor-section-height-default\" data-id=\"e86fd66\" data-element_type=\"section\" data-e-type=\"section\">\n\t\t\t\t\t\t<div class=\"elementor-container elementor-column-gap-default\">\n\t\t\t\t\t<div class=\"elementor-column elementor-col-100 elementor-top-column elementor-element elementor-element-5de76bc\" data-id=\"5de76bc\" data-element_type=\"column\" data-e-type=\"column\">\n\t\t\t<div class=\"elementor-widget-wrap elementor-element-populated\">\n\t\t\t\t\t\t<section class=\"wd-negative-gap elementor-section elementor-inner-section elementor-element elementor-element-4f2969f elementor-section-boxed elementor-section-height-default elementor-section-height-default\" data-id=\"4f2969f\" data-element_type=\"section\" data-e-type=\"section\">\n\t\t\t\t\t\t<div class=\"elementor-container elementor-column-gap-default\">\n\t\t\t\t\t<div class=\"elementor-column elementor-col-50 elementor-inner-column elementor-element elementor-element-7d0b4cd\" data-id=\"7d0b4cd\" data-element_type=\"column\" data-e-type=\"column\">\n\t\t\t<div class=\"elementor-widget-wrap elementor-element-populated\">\n\t\t\t\t\t\t<div class=\"elementor-element elementor-element-f56a558 elementor-widget elementor-widget-theme-post-featured-image elementor-widget-image\" data-id=\"f56a558\" data-element_type=\"widget\" data-e-type=\"widget\" data-widget_type=\"theme-post-featured-image.default\">\n\t\t\t\t<div class=\"elementor-widget-container\">\n\t\t\t\t\t\t\t\t\t\t\t\t\t\t\t<img loading=\"lazy\" decoding=\"async\" width=\"780\" height=\"240\" src=\"https:\/\/siluteinfo.lt\/wp-content\/themes\/woodmart\/images\/lazy.svg\" data-src=\"https:\/\/siluteinfo.lt\/wp-content\/uploads\/2022\/06\/Kaimo-turizmo-sodyba-Aukstumales-krantas_780x240.jpg\" class=\" wd-lazy-blur attachment-large size-large wp-image-12646\" alt=\"\" srcset=\"\" data-srcset=\"https:\/\/siluteinfo.lt\/wp-content\/uploads\/2022\/06\/Kaimo-turizmo-sodyba-Aukstumales-krantas_780x240.jpg 780w, https:\/\/siluteinfo.lt\/wp-content\/uploads\/2022\/06\/Kaimo-turizmo-sodyba-Aukstumales-krantas_780x240-400x123.jpg 400w, https:\/\/siluteinfo.lt\/wp-content\/uploads\/2022\/06\/Kaimo-turizmo-sodyba-Aukstumales-krantas_780x240-768x236.jpg 768w\" sizes=\"auto, (max-width: 780px) 100vw, 780px\" \/>\t\t\t\t\t\t\t\t\t\t\t\t\t\t\t<\/div>\n\t\t\t\t<\/div>\n\t\t\t\t\t<\/div>\n\t\t<\/div>\n\t\t\t\t<div class=\"elementor-column elementor-col-50 elementor-inner-column elementor-element elementor-element-f923aee\" data-id=\"f923aee\" data-element_type=\"column\" data-e-type=\"column\">\n\t\t\t<div class=\"elementor-widget-wrap elementor-element-populated\">\n\t\t\t\t\t\t<div class=\"elementor-element elementor-element-2775bd46 color-scheme-inherit text-left elementor-widget elementor-widget-text-editor\" data-id=\"2775bd46\" data-element_type=\"widget\" data-e-type=\"widget\" data-widget_type=\"text-editor.default\">\n\t\t\t\t<div class=\"elementor-widget-container\">\n\t\t\t\t\t\t\t\t\t<p>&#171;Auk\u0161tumal\u0117s krantas&#187; &#8212; \u044d\u0442\u043e \u0443\u0441\u0430\u0434\u044c\u0431\u0430 \u043d\u0430 \u0431\u0435\u0440\u0435\u0433\u0443 \u0440\u0435\u043a\u0438 \u0410\u0443\u043a\u0448\u0442\u0443\u043c\u0430\u043b\u0435, \u0440\u044f\u0434\u043e\u043c \u0441 \u043e\u0437\u0435\u0440\u043e\u043c \u041a\u0440\u043e\u043a\u0443 \u041b\u0430\u043d\u043a\u0430. \u041e\u0442\u0434\u044b\u0445\u0430\u044e\u0449\u0438\u043c \u0437\u0434\u0435\u0441\u044c \u0440\u0430\u0434\u044b \u043a\u0440\u0443\u0433\u043b\u044b\u0439 \u0433\u043e\u0434. \u0420\u044b\u0431\u0430\u043a\u0438 \u043c\u043e\u0433\u0443\u0442 \u0434\u043e\u043a\u0430\u0437\u0430\u0442\u044c \u0441\u0432\u043e\u0435 \u043c\u0430\u0441\u0442\u0435\u0440\u0441\u0442\u0432\u043e \u043f\u0435\u0440\u0435\u0434 \u0440\u044b\u0431\u043e\u0439 \u0432 \u0440\u0435\u043a\u0435 \u0438\u043b\u0438 \u0432 \u043f\u0440\u0443\u0434\u0443, \u043f\u043e\u043b\u043d\u043e\u043c \u0440\u044b\u0431\u044b. \u0410 \u0435\u0441\u043b\u0438 \u0432\u044b \u043f\u043b\u0430\u043d\u0438\u0440\u0443\u0435\u0442\u0435 \u043e\u0442\u043c\u0435\u0442\u0438\u0442\u044c \u0441\u0435\u043c\u0435\u0439\u043d\u044b\u0435 \u043f\u0440\u0430\u0437\u0434\u043d\u0438\u043a\u0438, \u0432\u0441\u0442\u0440\u0435\u0447\u0438 \u0432\u044b\u043f\u0443\u0441\u043a\u043d\u0438\u043a\u043e\u0432, \u043a\u043e\u0440\u043f\u043e\u0440\u0430\u0442\u0438\u0432\u043d\u044b\u0435 \u0431\u0430\u043d\u043a\u0435\u0442\u044b, \u043c\u044b \u043f\u043e\u0437\u0430\u0431\u043e\u0442\u0438\u043c\u0441\u044f \u043e\u0431\u043e \u0432\u0441\u0435\u043c, \u0447\u0442\u043e \u043f\u043e\u043c\u043e\u0436\u0435\u0442 \u0432\u0430\u043c \u0441\u043e\u0437\u0434\u0430\u0442\u044c \u0445\u043e\u0440\u043e\u0448\u0435\u0435 \u043d\u0430\u0441\u0442\u0440\u043e\u0435\u043d\u0438\u0435!<\/p>\n<p><strong>\u0411\u043e\u043b\u0435\u0435 \u043f\u043e\u0434\u0440\u043e\u0431\u043d\u0430\u044f \u0438\u043d\u0444\u043e\u0440\u043c\u0430\u0446\u0438\u044f:<\/strong><br \/>Auk\u0161tumalos g. 4, \u0160y\u0161giriai, \u0160ilut\u0117s r. sav.  <br \/>Tel.: +370 650 65 322, +370 650 65 334<br \/>E-Mail <a href=\"&#109;&#x61;&#105;&#x6c;&#116;&#x6f;:&#x69;n&#x66;o&#64;&#x61;&#117;&#x6b;&#115;&#x74;&#117;&#x6d;a&#x6c;e&#x73;k&#114;&#x61;&#110;&#x74;&#97;&#x73;&#46;&#x6c;t\">&#x69;&#110;&#x66;&#x6f;&#64;&#x61;&#x75;&#107;&#x73;&#x74;&#117;&#x6d;&#x61;l&#x65;&#x73;k&#x72;&#97;n&#x74;&#97;s&#x2e;&#108;t<\/a> <br \/><a href=\"https:\/\/www.aukstumaleskrantas.lt\/\" target=\"_blank\" rel=\"noopener\">www.aukstumaleskrantas.lt<\/a><br \/>GPS 55.369016, 21.362115<br \/>GPS 55\u00b022&#8217;08.5&#8243;N 21\u00b021&#8217;43.6&#8243;E<\/p>\n<p>\u041a\u043e\u043b\u0438\u0447\u0435\u0441\u0442\u0432\u043e \u043d\u043e\u043c\u0435\u0440\u043e\u0432 \/ \u043b\u044e\u0434\u0435\u0439 &#8212; 9 \/ 39<br \/>\u0426\u0435\u043d\u0430 \u043e\u0442 15 Eur<br \/>\u0411\u0430\u043d\u043a\u0435\u0442\u043d\u044b\u0439 \/ \u043a\u043e\u043d\u0444\u0435\u0440\u0435\u043d\u0446-\u0437\u0430\u043b &#8212; 40 \u043c\u0435\u0441\u0442<br \/>\u041f\u0440\u043e\u0447\u0438\u0435 \u0443\u0441\u043b\u0443\u0433\u0438: \u044d\u043a\u0441\u043a\u0443\u0440\u0441\u0438\u0438 \u043d\u0430 \u043b\u043e\u0434\u043a\u0430\u0445, \u0431\u0430\u0439\u0434\u0430\u0440\u043a\u0438, \u0448\u043b\u044e\u043f\u043a\u0438. \u041a\u043e\u043d\u0444\u0435\u0440\u0435\u043d\u0446-\u0437\u0430\u043b \u0438 \u0431\u0430\u043d\u043a\u0435\u0442\u043d\u044b\u0439 \u0437\u0430\u043b, \u0431\u0430\u043d\u043d\u044b\u0439 \u043a\u043e\u043c\u043f\u043b\u0435\u043a\u0441, \u043f\u043b\u043e\u0449\u0430\u0434\u043a\u0438 \u0434\u043b\u044f \u0431\u0430\u0441\u043a\u0435\u0442\u0431\u043e\u043b\u0430, \u0444\u0443\u0442\u0431\u043e\u043b\u0430, \u043f\u043b\u044f\u0436\u043d\u043e\u0433\u043e \u0432\u043e\u043b\u0435\u0439\u0431\u043e\u043b\u0430, \u0431\u0430\u0434\u043c\u0438\u043d\u0442\u043e\u043d\u0430, \u0431\u0438\u043b\u044c\u044f\u0440\u0434\u043d\u044b\u0439 \u0441\u0442\u043e\u043b, 20-\u043c\u0435\u0441\u0442\u043d\u0430\u044f \u0431\u0435\u0441\u0435\u0434\u043a\u0430 \u0441 \u043a\u0430\u043c\u0438\u043d\u043e\u043c.<\/p>\n\t\t\t\t\t\t\t\t<\/div>\n\t\t\t\t<\/div>\n\t\t\t\t\t<\/div>\n\t\t<\/div>\n\t\t\t\t\t<\/div>\n\t\t<\/section>\n\t\t\t\t<section class=\"wd-negative-gap elementor-section elementor-inner-section elementor-element elementor-element-876b8f1 elementor-section-boxed elementor-section-height-default elementor-section-height-default\" data-id=\"876b8f1\" data-element_type=\"section\" data-e-type=\"section\">\n\t\t\t\t\t\t<div class=\"elementor-container elementor-column-gap-default\">\n\t\t\t\t\t<div class=\"elementor-column elementor-col-100 elementor-inner-column elementor-element elementor-element-3a73128\" data-id=\"3a73128\" data-element_type=\"column\" data-e-type=\"column\">\n\t\t\t<div class=\"elementor-widget-wrap elementor-element-populated\">\n\t\t\t\t\t\t<div class=\"elementor-element elementor-element-8ecc186 elementor-widget elementor-widget-shortcode\" data-id=\"8ecc186\" data-element_type=\"widget\" data-e-type=\"widget\" data-widget_type=\"shortcode.default\">\n\t\t\t\t<div class=\"elementor-widget-container\">\n\t\t\t\t\t\t\t<div class=\"elementor-shortcode\">\r\n            \r\n            \r\n            \r\n            <a name='map32'><\/a>\r\n            \r\n            \r\n            \r\n            \r\n            <div class=\"wpgmza_map \"  id=\"wpgmza_map_32\" style=\"display:block; overflow:auto; width:100%; height:400px; float:left;\" data-settings='{\"id\":\"32\",\"map_title\":\"Auk\\u0161tumal\\u0117s krantas\",\"map_width\":\"100\",\"map_height\":\"400\",\"map_start_lat\":\"55.37025593873769\",\"map_start_lng\":\"21.360248521699823\",\"map_start_location\":\"\",\"map_start_zoom\":\"14\",\"default_marker\":\"\",\"type\":\"1\",\"alignment\":\"0\",\"directions_enabled\":\"0\",\"styling_enabled\":\"0\",\"styling_json\":\"\",\"active\":\"0\",\"kml\":\"\",\"bicycle\":\"0\",\"traffic\":\"0\",\"dbox\":\"1\",\"dbox_width\":\"100\",\"listmarkers\":\"0\",\"listmarkers_advanced\":\"0\",\"filterbycat\":\"0\",\"ugm_enabled\":\"0\",\"ugm_category_enabled\":\"0\",\"fusion\":\"\",\"map_width_type\":\"%\",\"map_height_type\":\"px\",\"mass_marker_support\":\"0\",\"ugm_access\":\"0\",\"order_markers_by\":\"1\",\"order_markers_choice\":\"1\",\"show_user_location\":\"0\",\"default_to\":\"\",\"other_settings\":{\"map_type\":1,\"sl_stroke_color\":\"#ff0000\",\"sl_fill_color\":\"#ff0000\",\"sl_stroke_opacity\":\"1\",\"sl_fill_opacity\":\"0.5\",\"transport_layer\":false,\"action\":\"wpgmza_save_map\",\"redirect_to\":\"\\\/wp-admin\\\/admin-post.php\",\"map_id\":\"32\",\"http_referer\":\"\\\/wp-admin\\\/admin.php?page=wp-google-maps-menu&amp;amp;action=edit&amp;amp;map_id=2\",\"wpgmza_id\":\"2\",\"wpgmza_start_location\":\"55.37025593873769,21.360248521699823\",\"wpgmza_start_zoom\":\"14\",\"wpgmza_dbox_width_type\":\"%\",\"default_from\":\"\",\"directions_behaviour\":\"default\",\"force_google_directions_app\":false,\"directions_route_origin_icon\":\"https:\\\/\\\/siluteinfo.lt\\\/wp-content\\\/plugins\\\/wp-google-maps\\\/images\\\/spotlight-poi2.png\",\"directions_origin_retina\":false,\"directions_route_destination_icon\":\"https:\\\/\\\/siluteinfo.lt\\\/wp-content\\\/plugins\\\/wp-google-maps\\\/images\\\/spotlight-poi2.png\",\"directions_destination_retina\":false,\"directions_route_stroke_color\":\"#4f8df5\",\"directions_route_stroke_weight\":\"4\",\"directions_route_stroke_opacity\":\"0.8\",\"directions_fit_bounds_to_route\":false,\"store_locator_enabled\":false,\"store_locator_search_area\":\"radial\",\"wpgmza_store_locator_radius_style\":\"legacy\",\"wpgmza_store_locator_default_radius\":\"10\",\"store_locator_auto_area_max_zoom\":\"\",\"wpgmza_store_locator_restrict\":\"\",\"store_locator_distance\":false,\"wpgmza_store_locator_position\":false,\"store_locator_show_distance\":false,\"store_locator_category\":false,\"wpgmza_store_locator_use_their_location\":false,\"wpgmza_store_locator_bounce\":false,\"upload_default_sl_marker\":\"\",\"upload_default_sl_marker_retina\":false,\"wpgmza_sl_animation\":\"0\",\"wpgmza_store_locator_hide_before_search\":false,\"store_locator_query_string\":\"\",\"store_locator_default_address\":\"\",\"store_locator_name_search\":false,\"store_locator_name_string\":\"\",\"store_locator_not_found_message\":\"\",\"retina\":false,\"wpgmza_map_align\":\"1\",\"upload_default_ul_marker\":\"\",\"upload_default_ul_marker_retina\":false,\"jump_to_nearest_marker_on_initialization\":false,\"automatically_pan_to_users_location\":false,\"override_users_location_zoom_level\":false,\"override_users_location_zoom_levels\":\"\",\"show_distance_from_location\":false,\"map_max_zoom\":\"21\",\"map_min_zoom\":\"0\",\"click_open_link\":false,\"fit_maps_bounds_to_markers\":false,\"fit_maps_bounds_to_markers_after_filtering\":false,\"hide_point_of_interest\":false,\"wpgmza_zoom_on_marker_click\":false,\"wpgmza_zoom_on_marker_click_slider\":\"\",\"close_infowindow_on_map_click\":false,\"disable_lightbox_images\":false,\"use_Raw_Jpeg_Coordinates\":false,\"disable_polygon_info_windows\":false,\"enable_advanced_custom_fields_integration\":false,\"enable_toolset_woocommerce_integration\":false,\"enable_woo_product_integration\":false,\"only_load_markers_within_viewport\":false,\"iw_primary_color\":\"#000000\",\"iw_accent_color\":\"#000000\",\"iw_text_color\":\"#000000\",\"wpgmza_listmarkers_by\":\"4\",\"wpgmza_marker_listing_position\":false,\"zoom_level_on_marker_listing_override\":false,\"zoom_level_on_marker_listing_click\":\"\",\"datatable_no_result_message\":\"\",\"remove_search_box_datables\":false,\"dataTable_pagination_style\":\"default\",\"datatable_search_string\":\"\",\"datatable_result_start\":\"\",\"datatable_result_of\":\"\",\"datatable_result_to\":\"\",\"datatable_result_total\":\"\",\"datatable_result_show\":\"\",\"datatable_result_entries\":\"\",\"wpgmza_savemap\":\"Save Map \\u00bb\",\"shortcodeAttributes\":{\"id\":\"32\"},\"wpgmza_theme_data\":\"\",\"store_locator_location_placeholder\":\"\",\"polygon_labels\":false,\"enable_advanced_custom_fields_integration_type\":\"\",\"wpgmza_push_in_map\":false,\"wpgmza_push_in_map_placement\":\"1\",\"wpgmza_push_in_map_width\":\"\",\"wpgmza_push_in_map_height\":\"\",\"marker_listing_disable_zoom\":false}}' data-map-id='32' data-shortcode-attributes='{\"id\":\"32\"}'> <\/div>\r\n            \r\n            <div data-wpgmza-table data-wpgmza-php-class=\"WPGMZA\\MarkerListing\\BasicList\" data-wpgmza-rest-api-route=\"\/marker-listing\/\" data-wpgmza-marker-listing=\"true\" class=\"wpgmza_marker_list_class\" style=\"width:100%;\" data-wpgmza-ajax-parameters='{\"map_id\":\"32\"}' id=\"wpgmza_marker_list_32\"><\/div>   \r\n        <\/div>\n\t\t\t\t\t\t<\/div>\n\t\t\t\t<\/div>\n\t\t\t\t\t<\/div>\n\t\t<\/div>\n\t\t\t\t\t<\/div>\n\t\t<\/section>\n\t\t\t\t\t<\/div>\n\t\t<\/div>\n\t\t\t\t\t<\/div>\n\t\t<\/section>\n\t\t\t\t<\/div>\n\t\t","protected":false},"excerpt":{"rendered":"<p>&#171;Auk\u0161tumal\u0117s krantas&#187; &#8212; \u044d\u0442\u043e \u0443\u0441\u0430\u0434\u044c\u0431\u0430 \u043d\u0430 \u0431\u0435\u0440\u0435\u0433\u0443 \u0440\u0435\u043a\u0438 \u0410\u0443\u043a\u0448\u0442\u0443\u043c\u0430\u043b\u0435, \u0440\u044f\u0434\u043e\u043c \u0441 \u043e\u0437\u0435\u0440\u043e\u043c \u041a\u0440\u043e\u043a\u0443 \u041b\u0430\u043d\u043a\u0430. \u041e\u0442\u0434\u044b\u0445\u0430\u044e\u0449\u0438\u043c \u0437\u0434\u0435\u0441\u044c \u0440\u0430\u0434\u044b \u043a\u0440\u0443\u0433\u043b\u044b\u0439 \u0433\u043e\u0434. \u0420\u044b\u0431\u0430\u043a\u0438<\/p>\n","protected":false},"author":1,"featured_media":12646,"parent":23223,"menu_order":4,"comment_status":"closed","ping_status":"closed","template":"","meta":{"_acf_changed":false,"_monsterinsights_skip_tracking":false,"_monsterinsights_sitenote_active":false,"_monsterinsights_sitenote_note":"","_monsterinsights_sitenote_category":0,"footnotes":""},"class_list":["post-26570","page","type-page","status-publish","has-post-thumbnail","hentry"],"acf":[],"_links":{"self":[{"href":"https:\/\/siluteinfo.lt\/ru\/wp-json\/wp\/v2\/pages\/26570","targetHints":{"allow":["GET"]}}],"collection":[{"href":"https:\/\/siluteinfo.lt\/ru\/wp-json\/wp\/v2\/pages"}],"about":[{"href":"https:\/\/siluteinfo.lt\/ru\/wp-json\/wp\/v2\/types\/page"}],"author":[{"embeddable":true,"href":"https:\/\/siluteinfo.lt\/ru\/wp-json\/wp\/v2\/users\/1"}],"replies":[{"embeddable":true,"href":"https:\/\/siluteinfo.lt\/ru\/wp-json\/wp\/v2\/comments?post=26570"}],"version-history":[{"count":0,"href":"https:\/\/siluteinfo.lt\/ru\/wp-json\/wp\/v2\/pages\/26570\/revisions"}],"up":[{"embeddable":true,"href":"https:\/\/siluteinfo.lt\/ru\/wp-json\/wp\/v2\/pages\/23223"}],"wp:featuredmedia":[{"embeddable":true,"href":"https:\/\/siluteinfo.lt\/ru\/wp-json\/wp\/v2\/media\/12646"}],"wp:attachment":[{"href":"https:\/\/siluteinfo.lt\/ru\/wp-json\/wp\/v2\/media?parent=26570"}],"curies":[{"name":"wp","href":"https:\/\/api.w.org\/{rel}","templated":true}]}}