{"id":23261,"date":"2022-06-11T11:18:26","date_gmt":"2022-06-11T09:18:26","guid":{"rendered":"https:\/\/siluteinfo.lt\/svobodnoe-vremia\/aktivnye-razvlechenija\/"},"modified":"2025-05-20T07:26:08","modified_gmt":"2025-05-20T05:26:08","slug":"aktyvnyj-otdych","status":"publish","type":"page","link":"https:\/\/siluteinfo.lt\/ru\/dosug\/aktyvnyj-otdych\/","title":{"rendered":"\u0410\u043a\u0442\u0438\u0432\u043d\u044b\u0439 \u043e\u0442\u0434\u044b\u0445"},"content":{"rendered":"\t\t<div data-elementor-type=\"wp-page\" data-elementor-id=\"23261\" class=\"elementor elementor-23261 elementor-13187\" data-elementor-post-type=\"page\">\n\t\t\t\t\t\t<section class=\"wd-negative-gap elementor-section elementor-top-section elementor-element elementor-element-4248140 elementor-section-boxed elementor-section-height-default elementor-section-height-default\" data-id=\"4248140\" data-element_type=\"section\" data-e-type=\"section\">\n\t\t\t\t\t\t<div class=\"elementor-container elementor-column-gap-default\">\n\t\t\t\t\t<div class=\"elementor-column elementor-col-100 elementor-top-column elementor-element elementor-element-a2b438f\" data-id=\"a2b438f\" data-element_type=\"column\" data-e-type=\"column\">\n\t\t\t<div class=\"elementor-widget-wrap elementor-element-populated\">\n\t\t\t\t\t\t<div class=\"elementor-element elementor-element-26dd3de elementor-grid-3 elementor-grid-tablet-2 elementor-grid-mobile-1 elementor-posts--thumbnail-top elementor-card-shadow-yes elementor-posts__hover-gradient elementor-widget elementor-widget-posts\" data-id=\"26dd3de\" data-element_type=\"widget\" data-e-type=\"widget\" data-settings=\"{&quot;cards_columns&quot;:&quot;3&quot;,&quot;cards_columns_tablet&quot;:&quot;2&quot;,&quot;cards_columns_mobile&quot;:&quot;1&quot;,&quot;cards_row_gap&quot;:{&quot;unit&quot;:&quot;px&quot;,&quot;size&quot;:35,&quot;sizes&quot;:[]},&quot;cards_row_gap_tablet&quot;:{&quot;unit&quot;:&quot;px&quot;,&quot;size&quot;:&quot;&quot;,&quot;sizes&quot;:[]},&quot;cards_row_gap_mobile&quot;:{&quot;unit&quot;:&quot;px&quot;,&quot;size&quot;:&quot;&quot;,&quot;sizes&quot;:[]}}\" data-widget_type=\"posts.cards\">\n\t\t\t\t<div class=\"elementor-widget-container\">\n\t\t\t\t\t\t\t<div class=\"elementor-posts-container elementor-posts elementor-posts--skin-cards elementor-grid\" role=\"list\">\n\t\t\t\t<article class=\"elementor-post elementor-grid-item post-41413 page type-page status-publish has-post-thumbnail hentry\" role=\"listitem\">\n\t\t\t<div class=\"elementor-post__card\">\n\t\t\t\t<a class=\"elementor-post__thumbnail__link\" href=\"https:\/\/siluteinfo.lt\/ru\/dosug\/aktyvnyj-otdych\/diskogolf-park-v-silute\/\" tabindex=\"-1\"><div class=\"elementor-post__thumbnail\"><img loading=\"lazy\" decoding=\"async\" width=\"400\" height=\"266\" src=\"https:\/\/siluteinfo.lt\/wp-content\/themes\/woodmart\/images\/lazy.svg\" data-src=\"https:\/\/siluteinfo.lt\/wp-content\/uploads\/2025\/05\/laisvalaikis-pramogos-diskgolfas-400x266.jpg\" class=\" wd-lazy-blur attachment-medium size-medium wp-image-41354\" alt=\"Vyras meta l\u0117k\u0161t\u0119 \u017eaisdamas diskgolf\u0105 parke\" srcset=\"\" data-srcset=\"https:\/\/siluteinfo.lt\/wp-content\/uploads\/2025\/05\/laisvalaikis-pramogos-diskgolfas-400x266.jpg 400w, https:\/\/siluteinfo.lt\/wp-content\/uploads\/2025\/05\/laisvalaikis-pramogos-diskgolfas-768x511.jpg 768w, https:\/\/siluteinfo.lt\/wp-content\/uploads\/2025\/05\/laisvalaikis-pramogos-diskgolfas.jpg 1200w\" sizes=\"auto, (max-width: 400px) 100vw, 400px\" \/><\/div><\/a>\n\t\t\t\t<div class=\"elementor-post__text\">\n\t\t\t\t<h2 class=\"elementor-post__title\">\n\t\t\t<a href=\"https:\/\/siluteinfo.lt\/ru\/dosug\/aktyvnyj-otdych\/diskogolf-park-v-silute\/\">\n\t\t\t\t\u0414\u0438\u0441\u043a\u043e\u0433\u043e\u043b\u044c\u0444-\u043f\u0430\u0440\u043a \u0432 \u0428\u0438\u043b\u0443\u0442\u0435\t\t\t<\/a>\n\t\t<\/h2>\n\t\t\t\t<div class=\"elementor-post__excerpt\">\n\t\t\t<p>\u0414\u0438\u0441\u043a\u043e\u0433\u043e\u043b\u044c\u0444 \u043d\u0430\u043a\u043e\u043d\u0435\u0446-\u0442\u043e \u0434\u043e\u0431\u0440\u0430\u043b\u0441\u044f \u0438 \u0434\u043e \u0428\u0438\u043b\u0443\u0442\u0435! \u041f\u0440\u0438\u0445\u043e\u0434\u0438, \u043f\u043e\u0437\u043d\u0430\u043a\u043e\u043c\u044c\u0441\u044f \u0438 \u043f\u043e\u043f\u0440\u043e\u0431\u0443\u0439! \u041e\u0442\u043b\u0438\u0447\u043d\u0430\u044f \u0432\u043e\u0437\u043c\u043e\u0436\u043d\u043e\u0441\u0442\u044c \u0432\u0435\u0441\u0435\u043b\u043e \u043f\u0440\u043e\u0432\u0435\u0441\u0442\u0438 \u0432\u0440\u0435\u043c\u044f, \u043f\u043e\u0434\u0432\u0438\u0433\u0430\u0442\u044c\u0441\u044f \u0438 \u043f\u043e\u043b\u0443\u0447\u0438\u0442\u044c \u043d\u043e\u0432\u044b\u0435 \u0432\u043f\u0435\u0447\u0430\u0442\u043b\u0435\u043d\u0438\u044f!<\/p>\n\t\t<\/div>\n\t\t\t\t\t<div class=\"elementor-post__read-more-wrapper\">\n\t\t\n\t\t<a class=\"elementor-post__read-more\" href=\"https:\/\/siluteinfo.lt\/ru\/dosug\/aktyvnyj-otdych\/diskogolf-park-v-silute\/\" aria-label=\"Read more about \u0414\u0438\u0441\u043a\u043e\u0433\u043e\u043b\u044c\u0444-\u043f\u0430\u0440\u043a \u0432 \u0428\u0438\u043b\u0443\u0442\u0435\" tabindex=\"-1\">\n\t\t\t\u0427\u0438\u0442\u0430\u0442\u044c \u0434\u0430\u043b\u0435\u0435 \u00bb\t\t<\/a>\n\n\t\t\t\t\t<\/div>\n\t\t\t\t<\/div>\n\t\t\t\t\t<\/div>\n\t\t<\/article>\n\t\t\t\t<article class=\"elementor-post elementor-grid-item post-40441 page type-page status-publish has-post-thumbnail hentry\" role=\"listitem\">\n\t\t\t<div class=\"elementor-post__card\">\n\t\t\t\t<a class=\"elementor-post__thumbnail__link\" href=\"https:\/\/siluteinfo.lt\/ru\/dosug\/aktyvnyj-otdych\/basseyn-v-shilute\/\" tabindex=\"-1\"><div class=\"elementor-post__thumbnail\"><img loading=\"lazy\" decoding=\"async\" width=\"400\" height=\"266\" src=\"https:\/\/siluteinfo.lt\/wp-content\/themes\/woodmart\/images\/lazy.svg\" data-src=\"https:\/\/siluteinfo.lt\/wp-content\/uploads\/2025\/03\/pramogos-silutes-baseinas-400x266.jpg\" class=\" wd-lazy-blur attachment-medium size-medium wp-image-39199\" alt=\"Laisvalaikio ir sporto nam\u0173 pastatas \u0160ilut\u0117je\" srcset=\"\" data-srcset=\"https:\/\/siluteinfo.lt\/wp-content\/uploads\/2025\/03\/pramogos-silutes-baseinas-400x266.jpg 400w, https:\/\/siluteinfo.lt\/wp-content\/uploads\/2025\/03\/pramogos-silutes-baseinas-768x511.jpg 768w, https:\/\/siluteinfo.lt\/wp-content\/uploads\/2025\/03\/pramogos-silutes-baseinas.jpg 1000w\" sizes=\"auto, (max-width: 400px) 100vw, 400px\" \/><\/div><\/a>\n\t\t\t\t<div class=\"elementor-post__text\">\n\t\t\t\t<h2 class=\"elementor-post__title\">\n\t\t\t<a href=\"https:\/\/siluteinfo.lt\/ru\/dosug\/aktyvnyj-otdych\/basseyn-v-shilute\/\">\n\t\t\t\t\u0411\u0430\u0441\u0441\u0435\u0439\u043d \u0432 \u0428\u0438\u043b\u0443\u0442\u0435\t\t\t<\/a>\n\t\t<\/h2>\n\t\t\t\t<div class=\"elementor-post__excerpt\">\n\t\t\t<p>\u0423\u0441\u043b\u0443\u0433\u0438: 25-\u043c\u0435\u0442\u0440\u043e\u0432\u044b\u0439 \u0431\u0430\u0441\u0441\u0435\u0439\u043d \u0441 4 \u0434\u043e\u0440\u043e\u0436\u043a\u0430\u043c\u0438; 3 \u0441\u0430\u0443\u043d\u044b (\u0442\u0443\u0440\u0435\u0446\u043a\u0430\u044f, \u0441\u043e\u043b\u044f\u043d\u0430\u044f, \u043f\u0430\u0440\u043e\u0432\u0430\u044f); \u0434\u0436\u0430\u043a\u0443\u0437\u0438; \u0434\u0435\u0442\u0441\u043a\u0438\u0439 \u0431\u0430\u0441\u0441\u0435\u0439\u043d; \u043c\u0430\u0441\u0441\u0430\u0436\u043d\u044b\u0439 \u0431\u0430\u0441\u0441\u0435\u0439\u043d; \u0440\u0435\u043a\u0430; \u0437\u043e\u043d\u0430 \u043e\u0442\u0434\u044b\u0445\u0430. \u0411\u0410\u0421\u0421\u0415\u0419\u041d<\/p>\n\t\t<\/div>\n\t\t\t\t\t<div class=\"elementor-post__read-more-wrapper\">\n\t\t\n\t\t<a class=\"elementor-post__read-more\" href=\"https:\/\/siluteinfo.lt\/ru\/dosug\/aktyvnyj-otdych\/basseyn-v-shilute\/\" aria-label=\"Read more about \u0411\u0430\u0441\u0441\u0435\u0439\u043d \u0432 \u0428\u0438\u043b\u0443\u0442\u0435\" tabindex=\"-1\">\n\t\t\t\u0427\u0438\u0442\u0430\u0442\u044c \u0434\u0430\u043b\u0435\u0435 \u00bb\t\t<\/a>\n\n\t\t\t\t\t<\/div>\n\t\t\t\t<\/div>\n\t\t\t\t\t<\/div>\n\t\t<\/article>\n\t\t\t\t<article class=\"elementor-post elementor-grid-item post-41423 page type-page status-publish has-post-thumbnail hentry\" role=\"listitem\">\n\t\t\t<div class=\"elementor-post__card\">\n\t\t\t\t<a class=\"elementor-post__thumbnail__link\" href=\"https:\/\/siluteinfo.lt\/ru\/dosug\/aktyvnyj-otdych\/nablyudeniye-za-ptitsami-na-kanoe-s-gidom\/\" tabindex=\"-1\"><div class=\"elementor-post__thumbnail\"><img loading=\"lazy\" decoding=\"async\" width=\"400\" height=\"300\" src=\"https:\/\/siluteinfo.lt\/wp-content\/themes\/woodmart\/images\/lazy.svg\" data-src=\"https:\/\/siluteinfo.lt\/wp-content\/uploads\/2023\/11\/aktyvios-pramogos-pauksciu-stebejimas-kanojomis-su-gidu-400x300.jpg\" class=\" wd-lazy-blur attachment-medium size-medium wp-image-32244\" alt=\"\" srcset=\"\" data-srcset=\"https:\/\/siluteinfo.lt\/wp-content\/uploads\/2023\/11\/aktyvios-pramogos-pauksciu-stebejimas-kanojomis-su-gidu-400x300.jpg 400w, https:\/\/siluteinfo.lt\/wp-content\/uploads\/2023\/11\/aktyvios-pramogos-pauksciu-stebejimas-kanojomis-su-gidu-768x576.jpg 768w, https:\/\/siluteinfo.lt\/wp-content\/uploads\/2023\/11\/aktyvios-pramogos-pauksciu-stebejimas-kanojomis-su-gidu.jpg 1000w\" sizes=\"auto, (max-width: 400px) 100vw, 400px\" \/><\/div><\/a>\n\t\t\t\t<div class=\"elementor-post__text\">\n\t\t\t\t<h2 class=\"elementor-post__title\">\n\t\t\t<a href=\"https:\/\/siluteinfo.lt\/ru\/dosug\/aktyvnyj-otdych\/nablyudeniye-za-ptitsami-na-kanoe-s-gidom\/\">\n\t\t\t\t\u041d\u0430\u0431\u043b\u044e\u0434\u0435\u043d\u0438\u0435 \u0437\u0430 \u043f\u0442\u0438\u0446\u0430\u043c\u0438 \u043d\u0430 \u043a\u0430\u043d\u043e\u044d \u0441 \u0433\u0438\u0434\u043e\u043c\t\t\t<\/a>\n\t\t<\/h2>\n\t\t\t\t<div class=\"elementor-post__excerpt\">\n\t\t\t<p>\u0412\u044b \u043a\u043e\u0433\u0434\u0430-\u043d\u0438\u0431\u0443\u0434\u044c \u0437\u0430\u0434\u0443\u043c\u044b\u0432\u0430\u043b\u0438\u0441\u044c, \u043a\u0430\u043a \u0432\u044b\u0433\u043b\u044f\u0434\u0438\u0442 \u0440\u0430\u0439 \u0434\u043b\u044f \u043f\u0442\u0438\u0446? \u042d\u0442\u043e\u0442 \u043c\u0430\u0440\u0448\u0440\u0443\u0442 \u043e\u0442\u043a\u0440\u043e\u0435\u0442 \u0434\u043b\u044f \u0432\u0430\u0441 \u043f\u043e\u0434\u043b\u0438\u043d\u043d\u043e\u0435 \u0447\u0443\u0432\u0441\u0442\u0432\u043e \u0441\u0432\u043e\u0431\u043e\u0434\u044b \u0438 \u043a\u0440\u0430\u0441\u043e\u0442\u0443 \u043d\u0435\u0442\u0440\u043e\u043d\u0443\u0442\u043e\u0439 \u0434\u0438\u043a\u043e\u0439<\/p>\n\t\t<\/div>\n\t\t\t\t\t<div class=\"elementor-post__read-more-wrapper\">\n\t\t\n\t\t<a class=\"elementor-post__read-more\" href=\"https:\/\/siluteinfo.lt\/ru\/dosug\/aktyvnyj-otdych\/nablyudeniye-za-ptitsami-na-kanoe-s-gidom\/\" aria-label=\"Read more about \u041d\u0430\u0431\u043b\u044e\u0434\u0435\u043d\u0438\u0435 \u0437\u0430 \u043f\u0442\u0438\u0446\u0430\u043c\u0438 \u043d\u0430 \u043a\u0430\u043d\u043e\u044d \u0441 \u0433\u0438\u0434\u043e\u043c\" tabindex=\"-1\">\n\t\t\t\u0427\u0438\u0442\u0430\u0442\u044c \u0434\u0430\u043b\u0435\u0435 \u00bb\t\t<\/a>\n\n\t\t\t\t\t<\/div>\n\t\t\t\t<\/div>\n\t\t\t\t\t<\/div>\n\t\t<\/article>\n\t\t\t\t<article class=\"elementor-post elementor-grid-item post-41433 page type-page status-publish has-post-thumbnail hentry\" role=\"listitem\">\n\t\t\t<div class=\"elementor-post__card\">\n\t\t\t\t<a class=\"elementor-post__thumbnail__link\" href=\"https:\/\/siluteinfo.lt\/ru\/dosug\/aktyvnyj-otdych\/polyot-na-vozdusnom-sare-v-silute\/\" tabindex=\"-1\"><div class=\"elementor-post__thumbnail\"><img loading=\"lazy\" decoding=\"async\" width=\"400\" height=\"300\" src=\"https:\/\/siluteinfo.lt\/wp-content\/themes\/woodmart\/images\/lazy.svg\" data-src=\"https:\/\/siluteinfo.lt\/wp-content\/uploads\/2023\/11\/aktyvios-pramogos-skrydis_oro_balionu_siluteje-400x300.jpg\" class=\" wd-lazy-blur attachment-medium size-medium wp-image-32250\" alt=\"\" srcset=\"\" data-srcset=\"https:\/\/siluteinfo.lt\/wp-content\/uploads\/2023\/11\/aktyvios-pramogos-skrydis_oro_balionu_siluteje-400x300.jpg 400w, https:\/\/siluteinfo.lt\/wp-content\/uploads\/2023\/11\/aktyvios-pramogos-skrydis_oro_balionu_siluteje-768x576.jpg 768w, https:\/\/siluteinfo.lt\/wp-content\/uploads\/2023\/11\/aktyvios-pramogos-skrydis_oro_balionu_siluteje.jpg 1200w\" sizes=\"auto, (max-width: 400px) 100vw, 400px\" \/><\/div><\/a>\n\t\t\t\t<div class=\"elementor-post__text\">\n\t\t\t\t<h2 class=\"elementor-post__title\">\n\t\t\t<a href=\"https:\/\/siluteinfo.lt\/ru\/dosug\/aktyvnyj-otdych\/polyot-na-vozdusnom-sare-v-silute\/\">\n\t\t\t\t\u041f\u043e\u043b\u0451\u0442 \u043d\u0430 \u0432\u043e\u0437\u0434\u0443\u0448\u043d\u043e\u043c \u0448\u0430\u0440\u0435 \u0432 \u0428\u0438\u043b\u0443\u0442\u0435\t\t\t<\/a>\n\t\t<\/h2>\n\t\t\t\t<div class=\"elementor-post__excerpt\">\n\t\t\t<p>\u041f\u0440\u0438\u0433\u043b\u0430\u0448\u0430\u0435\u043c \u0432\u0430\u0441 \u043f\u043e\u0434\u043d\u044f\u0442\u044c\u0441\u044f \u043d\u0430\u0434 \u0436\u0438\u0432\u043e\u043f\u0438\u0441\u043d\u044b\u043c \u043a\u0440\u0430\u0435\u043c \u0434\u0435\u043b\u044c\u0442\u044b \u041d\u0435\u043c\u0430\u043d\u0430! \u0412\u044b \u0443\u0432\u0438\u0434\u0438\u0442\u0435 \u043d\u0435 \u0442\u043e\u043b\u044c\u043a\u043e \u0428\u0438\u043b\u0443\u0442\u0435, \u043d\u043e \u0438 \u043e\u043a\u0440\u0443\u0436\u0430\u044e\u0449\u0438\u0435 \u0432\u043e\u0434\u043e\u0451\u043c\u044b \u2013 \u041a\u0443\u0440\u0448\u0441\u043a\u0438\u0439 \u0437\u0430\u043b\u0438\u0432,<\/p>\n\t\t<\/div>\n\t\t\t\t\t<div class=\"elementor-post__read-more-wrapper\">\n\t\t\n\t\t<a class=\"elementor-post__read-more\" href=\"https:\/\/siluteinfo.lt\/ru\/dosug\/aktyvnyj-otdych\/polyot-na-vozdusnom-sare-v-silute\/\" aria-label=\"Read more about \u041f\u043e\u043b\u0451\u0442 \u043d\u0430 \u0432\u043e\u0437\u0434\u0443\u0448\u043d\u043e\u043c \u0448\u0430\u0440\u0435 \u0432 \u0428\u0438\u043b\u0443\u0442\u0435\" tabindex=\"-1\">\n\t\t\t\u0427\u0438\u0442\u0430\u0442\u044c \u0434\u0430\u043b\u0435\u0435 \u00bb\t\t<\/a>\n\n\t\t\t\t\t<\/div>\n\t\t\t\t<\/div>\n\t\t\t\t\t<\/div>\n\t\t<\/article>\n\t\t\t\t<article class=\"elementor-post elementor-grid-item post-41443 page type-page status-publish has-post-thumbnail hentry\" role=\"listitem\">\n\t\t\t<div class=\"elementor-post__card\">\n\t\t\t\t<a class=\"elementor-post__thumbnail__link\" href=\"https:\/\/siluteinfo.lt\/ru\/dosug\/aktyvnyj-otdych\/polet-na-vozdusnom-sare\/\" tabindex=\"-1\"><div class=\"elementor-post__thumbnail\"><img loading=\"lazy\" decoding=\"async\" width=\"400\" height=\"300\" src=\"https:\/\/siluteinfo.lt\/wp-content\/themes\/woodmart\/images\/lazy.svg\" data-src=\"https:\/\/siluteinfo.lt\/wp-content\/uploads\/2023\/11\/aktyvios-pramogos-skrydis-oro-balionu-400x300.jpg\" class=\" wd-lazy-blur attachment-medium size-medium wp-image-32256\" alt=\"\" srcset=\"\" data-srcset=\"https:\/\/siluteinfo.lt\/wp-content\/uploads\/2023\/11\/aktyvios-pramogos-skrydis-oro-balionu-400x300.jpg 400w, https:\/\/siluteinfo.lt\/wp-content\/uploads\/2023\/11\/aktyvios-pramogos-skrydis-oro-balionu-768x576.jpg 768w, https:\/\/siluteinfo.lt\/wp-content\/uploads\/2023\/11\/aktyvios-pramogos-skrydis-oro-balionu.jpg 1200w\" sizes=\"auto, (max-width: 400px) 100vw, 400px\" \/><\/div><\/a>\n\t\t\t\t<div class=\"elementor-post__text\">\n\t\t\t\t<h2 class=\"elementor-post__title\">\n\t\t\t<a href=\"https:\/\/siluteinfo.lt\/ru\/dosug\/aktyvnyj-otdych\/polet-na-vozdusnom-sare\/\">\n\t\t\t\t\u041f\u043e\u043b\u0435\u0442 \u043d\u0430 \u0432\u043e\u0437\u0434\u0443\u0448\u043d\u043e\u043c \u0448\u0430\u0440\u0435\t\t\t<\/a>\n\t\t<\/h2>\n\t\t\t\t<div class=\"elementor-post__excerpt\">\n\t\t\t<p>\u041e\u0442\u043a\u0440\u043e\u0439\u0442\u0435 \u0434\u043b\u044f \u0441\u0435\u0431\u044f \u0432\u043e\u043b\u0448\u0435\u0431\u043d\u044b\u0439 \u043a\u0440\u0430\u0439 \u0434\u0435\u043b\u044c\u0442\u044b \u041d\u0435\u043c\u0430\u043d\u0430 \u0441 \u0432\u044b\u0441\u043e\u0442\u044b \u043f\u0442\u0438\u0447\u044c\u0435\u0433\u043e \u043f\u043e\u043b\u0435\u0442\u0430! \u0421\u0442\u0430\u0440\u044b\u0439 \u0433\u043e\u0440\u043e\u0434, \u043a\u0430\u043d\u0430\u043b\u044b \u0438 \u0431\u0443\u0445\u0442\u044b \u043e\u0442\u043a\u0440\u043e\u044e\u0442\u0441\u044f \u0441 \u043d\u043e\u0432\u043e\u0439, \u0432\u043e\u0437\u0434\u0443\u0448\u043d\u043e\u0439<\/p>\n\t\t<\/div>\n\t\t\t\t\t<div class=\"elementor-post__read-more-wrapper\">\n\t\t\n\t\t<a class=\"elementor-post__read-more\" href=\"https:\/\/siluteinfo.lt\/ru\/dosug\/aktyvnyj-otdych\/polet-na-vozdusnom-sare\/\" aria-label=\"Read more about \u041f\u043e\u043b\u0435\u0442 \u043d\u0430 \u0432\u043e\u0437\u0434\u0443\u0448\u043d\u043e\u043c \u0448\u0430\u0440\u0435\" tabindex=\"-1\">\n\t\t\t\u0427\u0438\u0442\u0430\u0442\u044c \u0434\u0430\u043b\u0435\u0435 \u00bb\t\t<\/a>\n\n\t\t\t\t\t<\/div>\n\t\t\t\t<\/div>\n\t\t\t\t\t<\/div>\n\t\t<\/article>\n\t\t\t\t<article class=\"elementor-post elementor-grid-item post-41453 page type-page status-publish has-post-thumbnail hentry\" role=\"listitem\">\n\t\t\t<div class=\"elementor-post__card\">\n\t\t\t\t<a class=\"elementor-post__thumbnail__link\" href=\"https:\/\/siluteinfo.lt\/ru\/dosug\/aktyvnyj-otdych\/peintbol\/\" tabindex=\"-1\"><div class=\"elementor-post__thumbnail\"><img loading=\"lazy\" decoding=\"async\" width=\"400\" height=\"300\" src=\"https:\/\/siluteinfo.lt\/wp-content\/themes\/woodmart\/images\/lazy.svg\" data-src=\"https:\/\/siluteinfo.lt\/wp-content\/uploads\/2023\/11\/aktyvios-pramogos-dazasvydis-400x300.jpg\" class=\" wd-lazy-blur attachment-medium size-medium wp-image-32268\" alt=\"\" srcset=\"\" data-srcset=\"https:\/\/siluteinfo.lt\/wp-content\/uploads\/2023\/11\/aktyvios-pramogos-dazasvydis-400x300.jpg 400w, https:\/\/siluteinfo.lt\/wp-content\/uploads\/2023\/11\/aktyvios-pramogos-dazasvydis-768x576.jpg 768w, https:\/\/siluteinfo.lt\/wp-content\/uploads\/2023\/11\/aktyvios-pramogos-dazasvydis.jpg 1200w\" sizes=\"auto, (max-width: 400px) 100vw, 400px\" \/><\/div><\/a>\n\t\t\t\t<div class=\"elementor-post__text\">\n\t\t\t\t<h2 class=\"elementor-post__title\">\n\t\t\t<a href=\"https:\/\/siluteinfo.lt\/ru\/dosug\/aktyvnyj-otdych\/peintbol\/\">\n\t\t\t\t\u041f\u0435\u0439\u043d\u0442\u0431\u043e\u043b\t\t\t<\/a>\n\t\t<\/h2>\n\t\t\t\t<div class=\"elementor-post__excerpt\">\n\t\t\t<p>\u041f\u0435\u0439\u043d\u0442\u0431\u043e\u043b \u2013 \u044d\u0442\u043e \u043e\u0434\u0438\u043d \u0438\u0437 \u0441\u0430\u043c\u044b\u0445 \u043f\u043e\u043f\u0443\u043b\u044f\u0440\u043d\u044b\u0445 \u0432\u0438\u0434\u043e\u0432 \u0430\u043a\u0442\u0438\u0432\u043d\u043e\u0433\u043e \u043e\u0442\u0434\u044b\u0445\u0430, \u043b\u044e\u0431\u0438\u043c\u044b\u0439 \u043a\u0430\u043a \u0432\u0437\u0440\u043e\u0441\u043b\u044b\u043c\u0438, \u0442\u0430\u043a \u0438 \u0434\u0435\u0442\u044c\u043c\u0438. \u042d\u0442\u043e \u0438\u0433\u0440\u0430, \u043f\u043e\u043b\u043d\u0430\u044f \u043d\u0435\u043e\u0436\u0438\u0434\u0430\u043d\u043d\u043e\u0441\u0442\u0435\u0439,<\/p>\n\t\t<\/div>\n\t\t\t\t\t<div class=\"elementor-post__read-more-wrapper\">\n\t\t\n\t\t<a class=\"elementor-post__read-more\" href=\"https:\/\/siluteinfo.lt\/ru\/dosug\/aktyvnyj-otdych\/peintbol\/\" aria-label=\"Read more about \u041f\u0435\u0439\u043d\u0442\u0431\u043e\u043b\" tabindex=\"-1\">\n\t\t\t\u0427\u0438\u0442\u0430\u0442\u044c \u0434\u0430\u043b\u0435\u0435 \u00bb\t\t<\/a>\n\n\t\t\t\t\t<\/div>\n\t\t\t\t<\/div>\n\t\t\t\t\t<\/div>\n\t\t<\/article>\n\t\t\t\t<\/div>\n\t\t\n\t\t\t\t\t\t<\/div>\n\t\t\t\t<\/div>\n\t\t\t\t\t<\/div>\n\t\t<\/div>\n\t\t\t\t\t<\/div>\n\t\t<\/section>\n\t\t\t\t<\/div>\n\t\t","protected":false},"excerpt":{"rendered":"","protected":false},"author":1,"featured_media":0,"parent":23073,"menu_order":2,"comment_status":"closed","ping_status":"closed","template":"","meta":{"_acf_changed":false,"_monsterinsights_skip_tracking":false,"_monsterinsights_sitenote_active":false,"_monsterinsights_sitenote_note":"","_monsterinsights_sitenote_category":0,"footnotes":""},"class_list":["post-23261","page","type-page","status-publish","hentry"],"acf":[],"_links":{"self":[{"href":"https:\/\/siluteinfo.lt\/ru\/wp-json\/wp\/v2\/pages\/23261","targetHints":{"allow":["GET"]}}],"collection":[{"href":"https:\/\/siluteinfo.lt\/ru\/wp-json\/wp\/v2\/pages"}],"about":[{"href":"https:\/\/siluteinfo.lt\/ru\/wp-json\/wp\/v2\/types\/page"}],"author":[{"embeddable":true,"href":"https:\/\/siluteinfo.lt\/ru\/wp-json\/wp\/v2\/users\/1"}],"replies":[{"embeddable":true,"href":"https:\/\/siluteinfo.lt\/ru\/wp-json\/wp\/v2\/comments?post=23261"}],"version-history":[{"count":0,"href":"https:\/\/siluteinfo.lt\/ru\/wp-json\/wp\/v2\/pages\/23261\/revisions"}],"up":[{"embeddable":true,"href":"https:\/\/siluteinfo.lt\/ru\/wp-json\/wp\/v2\/pages\/23073"}],"wp:attachment":[{"href":"https:\/\/siluteinfo.lt\/ru\/wp-json\/wp\/v2\/media?parent=23261"}],"curies":[{"name":"wp","href":"https:\/\/api.w.org\/{rel}","templated":true}]}}