{"id":47573,"date":"2026-02-24T23:59:00","date_gmt":"2026-02-24T21:59:00","guid":{"rendered":"https:\/\/siluteinfo.lt\/events-new\/"},"modified":"2026-04-21T10:11:51","modified_gmt":"2026-04-21T08:11:51","slug":"events-new","status":"publish","type":"page","link":"https:\/\/siluteinfo.lt\/en\/events-new\/","title":{"rendered":"Events New"},"content":{"rendered":"\t\t<div data-elementor-type=\"wp-page\" data-elementor-id=\"47573\" class=\"elementor elementor-47573 elementor-46799\" data-elementor-post-type=\"page\">\n\t\t\t\t<div class=\"wd-negative-gap elementor-element elementor-element-568e0d9 e-flex e-con-boxed e-con e-parent\" data-id=\"568e0d9\" data-element_type=\"container\" data-e-type=\"container\">\n\t\t\t\t\t<div class=\"e-con-inner\">\n\t\t\t\t<div class=\"elementor-element elementor-element-d75232c elementor-widget elementor-widget-rk_event_grid\" data-id=\"d75232c\" data-element_type=\"widget\" data-e-type=\"widget\" data-widget_type=\"rk_event_grid.default\">\n\t\t\t\t<div class=\"elementor-widget-container\">\n\t\t\t\t\t        <div class=\"rk-widget-container\" id=\"rk-widget-d75232c\">\r\n            <h1>Events Calendar<\/h1>\r\n\r\n            <!-- Filters -->\r\n            <section class=\"filters-section\" aria-label=\"Rengini\u0173 filtrai\">\r\n                <div class=\"filter-group\">\r\n                    <label>Miestas<\/label>\r\n                    <div class=\"custom-dropdown\" id=\"city-dropdown\">\r\n                        <button class=\"dropdown-trigger\" type=\"button\" aria-haspopup=\"true\" aria-expanded=\"false\">\r\n                            <span class=\"dropdown-trigger-text\">Visi miestai<\/span>\r\n                        <\/button>\r\n                        <div class=\"dropdown-menu\" role=\"menu\"><\/div>\r\n                    <\/div>\r\n                <\/div>\r\n\r\n                <div class=\"filter-group\">\r\n                    <label>Kategorija<\/label>\r\n                    <div class=\"custom-dropdown\" id=\"category-dropdown\">\r\n                        <button class=\"dropdown-trigger\" type=\"button\" aria-haspopup=\"true\" aria-expanded=\"false\">\r\n                            <span class=\"dropdown-trigger-text\">Visos kategorijos<\/span>\r\n                        <\/button>\r\n                        <div class=\"dropdown-menu\" role=\"menu\"><\/div>\r\n                    <\/div>\r\n                <\/div>\r\n\r\n                <div class=\"filter-group\">\r\n                    <label>Kaina<\/label>\r\n                    <div class=\"custom-dropdown\" id=\"price-dropdown\">\r\n                        <button class=\"dropdown-trigger\" type=\"button\" aria-haspopup=\"true\" aria-expanded=\"false\">\r\n                            <span class=\"dropdown-trigger-text\">Visi renginiai<\/span>\r\n                        <\/button>\r\n                        <div class=\"dropdown-menu\" role=\"menu\"><\/div>\r\n                    <\/div>\r\n                <\/div>\r\n            <\/section>\r\n\r\n            <!-- Calendar -->\r\n            <section class=\"calendar-section\" aria-label=\"Rengini\u0173 kalendorius\">\r\n                <div class=\"calendar-header\">\r\n                    <button class=\"calendar-nav-btn\" id=\"prev-month\" aria-label=\"Ankstesnis m\u0117nuo\">\r\n                        <i class=\"fas fa-chevron-left\" aria-hidden=\"true\"><\/i>\r\n                    <\/button>\r\n                    <h2 class=\"calendar-title\"><\/h2>\r\n                    <button class=\"calendar-nav-btn\" id=\"next-month\" aria-label=\"Kitas m\u0117nuo\">\r\n                        <i class=\"fas fa-chevron-right\" aria-hidden=\"true\"><\/i>\r\n                    <\/button>\r\n                <\/div>\r\n\r\n                <div class=\"calendar-grid\" role=\"grid\">\r\n                    <div class=\"calendar-day-name\">Pr<\/div>\r\n                    <div class=\"calendar-day-name\">An<\/div>\r\n                    <div class=\"calendar-day-name\">Tr<\/div>\r\n                    <div class=\"calendar-day-name\">Kt<\/div>\r\n                    <div class=\"calendar-day-name\">Pn<\/div>\r\n                    <div class=\"calendar-day-name\">\u0160t<\/div>\r\n                    <div class=\"calendar-day-name\">Sk<\/div>\r\n                <\/div>\r\n            <\/section>\r\n\r\n            <!-- Events List -->\r\n            <section class=\"events-section\" aria-label=\"Rengini\u0173 s\u0105ra\u0161as\">\r\n                <h2>Upcoming Events<\/h2>\r\n                <div class=\"events-list\" role=\"list\"><\/div>\r\n            <\/section>\r\n        <\/div>\r\n\r\n        <script>\r\n            document.addEventListener('DOMContentLoaded', function() {\r\n                if (window.RKEventGrid) {\r\n                    new RKEventGrid(\r\n                        document.getElementById('rk-widget-d75232c'),\r\n                        [{\"id\":54,\"post_id\":47042,\"title\":\"Algirdo Kum\\u017eos knygos \\u201eLietuvi\\u0161ki karmos d\\u0117sniai. Mano gyvenimo istorijos\\u201d pristatymas\",\"date\":\"2026-03-19\",\"city\":\"\\u0160ilut\\u0117\",\"category\":\"Renginys\",\"location\":\"\\u0160ilut\\u0117s Fridricho Bajorai\\u010dio vie\\u0161oji biblioteka, Til\\u017e\\u0117s g. 10, \\u0160ilut\\u0117\",\"price\":\"free\",\"url\":\"https:\\\/\\\/siluteinfo.lt\\\/renginys\\\/algirdo-kumzos-knygos-lietuviski-karmos-desniai-mano-gyvenimo-istorijos-pristatymas\\\/?session_id=54\",\"image\":\"https:\\\/\\\/siluteinfo.lt\\\/wp-content\\\/uploads\\\/2026\\\/03\\\/renginiai-algirdo-kumzos-knygos-pristatymas-768x1086.jpg\"},{\"id\":46,\"post_id\":47490,\"title\":\"Test test\",\"date\":\"2026-03-27\",\"city\":\"Alka\",\"category\":\"Uncategorized\",\"location\":\"111111\",\"price\":\"free\",\"url\":\"https:\\\/\\\/siluteinfo.lt\\\/renginys\\\/test-test\\\/?session_id=46\",\"image\":\"\"},{\"id\":47,\"post_id\":47490,\"title\":\"Test test\",\"date\":\"2026-03-30\",\"city\":\"Budrikai\",\"category\":\"Uncategorized\",\"location\":\"22222222\",\"price\":\"free\",\"url\":\"https:\\\/\\\/siluteinfo.lt\\\/renginys\\\/test-test\\\/?session_id=47\",\"image\":\"\"},{\"id\":48,\"post_id\":47501,\"title\":\"Testas 3 dienos\",\"date\":\"2026-04-06\",\"city\":\"\\u0160ilut\\u0117\",\"category\":\"Uncategorized\",\"location\":\"\\u0160ilut\\u0117s kult\\u016bros centras\",\"price\":\"free\",\"url\":\"https:\\\/\\\/siluteinfo.lt\\\/renginys\\\/testas-3-dienos\\\/?session_id=48\",\"image\":\"https:\\\/\\\/siluteinfo.lt\\\/wp-content\\\/uploads\\\/2026\\\/02\\\/naujiena123-768x512.jpg\"},{\"id\":49,\"post_id\":47501,\"title\":\"Testas 3 dienos\",\"date\":\"2026-04-08\",\"city\":\"Rusn\\u0117\",\"category\":\"Uncategorized\",\"location\":\"Peterso tiltas\",\"price\":\"free\",\"url\":\"https:\\\/\\\/siluteinfo.lt\\\/renginys\\\/testas-3-dienos\\\/?session_id=49\",\"image\":\"https:\\\/\\\/siluteinfo.lt\\\/wp-content\\\/uploads\\\/2026\\\/02\\\/naujiena123-768x512.jpg\"},{\"id\":52,\"post_id\":47508,\"title\":\"Aist\\u0117s Stankevi\\u010di\\u016bt\\u0117s ir Luko Danio parodos \\u201e\\u012ekliuv\\u0119 sp\\u0105stai\\u201c atidarymas \\u201eKintai Arts\\u201c rezidencijos galerijoje\",\"date\":\"2026-04-09\",\"city\":\"Kintai\",\"category\":\"Parodos\",\"location\":\"Kintai Arts rezidencijos galerija\",\"price\":\"free\",\"url\":\"https:\\\/\\\/siluteinfo.lt\\\/renginys\\\/aistes-stankeviciutes-ir-luko-danio-parodos-ikliuve-spastai-atidarymas-kintai-arts-rezidencijos-galerijoje\\\/?session_id=52\",\"image\":\"https:\\\/\\\/siluteinfo.lt\\\/wp-content\\\/uploads\\\/2026\\\/03\\\/renginiai-paroda-ikliuve-spastai-768x1081.jpg\"},{\"id\":53,\"post_id\":47509,\"title\":\"Aist\\u0117s Stankevi\\u010di\\u016bt\\u0117s ir Luko Danio paroda \\u201e\\u012ekliuv\\u0119 sp\\u0105stai\\u201c\",\"date\":\"2026-04-09\",\"city\":\"Kintai\",\"category\":\"Parodos\",\"location\":\"Kintai Arts rezidencijos galerija\",\"price\":\"free\",\"url\":\"https:\\\/\\\/siluteinfo.lt\\\/renginys\\\/aistes-stankeviciutes-ir-luko-danio-paroda-ikliuve-spastai\\\/?session_id=53\",\"image\":\"https:\\\/\\\/siluteinfo.lt\\\/wp-content\\\/uploads\\\/2026\\\/03\\\/renginiai-paroda-ikliuve-spastai-768x1081.jpg\"},{\"id\":50,\"post_id\":47501,\"title\":\"Testas 3 dienos\",\"date\":\"2026-04-11\",\"city\":\"Kintai\",\"category\":\"Uncategorized\",\"location\":\"Vyd\\u016bno kult\\u016bros centras\",\"price\":\"free\",\"url\":\"https:\\\/\\\/siluteinfo.lt\\\/renginys\\\/testas-3-dienos\\\/?session_id=50\",\"image\":\"https:\\\/\\\/siluteinfo.lt\\\/wp-content\\\/uploads\\\/2026\\\/02\\\/naujiena123-768x512.jpg\"},{\"id\":57,\"post_id\":47570,\"title\":\"Pirmosios pagalbos \\u012fg\\u016bd\\u017ei\\u0173 mokymai \\u0160ilut\\u0117je\",\"date\":\"2026-04-21\",\"city\":\"\\u0160ilut\\u0117\",\"category\":\"U\\u017esi\\u0117mimai\",\"location\":\"Liep\\u0173 g. 16, \\u0160ilut\\u0117\",\"price\":\"free\",\"url\":\"https:\\\/\\\/siluteinfo.lt\\\/renginys\\\/pirmosios-pagalbos-igudziu-mokymai-siluteje\\\/?session_id=57\",\"image\":\"https:\\\/\\\/siluteinfo.lt\\\/wp-content\\\/uploads\\\/2026\\\/04\\\/pirmosios-pagalbos-igudziu-mokymai-siluteje-768x644.jpg\"},{\"id\":56,\"post_id\":47563,\"title\":\"Loretos Liutkut\\u0117s k\\u016brybos vakaras \\u0160ilut\\u0117je\",\"date\":\"2026-04-23\",\"city\":\"\\u0160ilut\\u0117\",\"category\":\"Literat\\u016bra\",\"location\":\"\\u0160ilut\\u0117s Fridricho Bajorai\\u010dio vie\\u0161oji biblioteka, parod\\u0173 sal\\u0117 (1 auk\\u0161tas, Til\\u017e\\u0117s g. 10)\",\"price\":\"free\",\"url\":\"https:\\\/\\\/siluteinfo.lt\\\/renginys\\\/loretos-liutkutes-kurybos-vakaras-siluteje\\\/?session_id=56\",\"image\":\"https:\\\/\\\/siluteinfo.lt\\\/wp-content\\\/uploads\\\/2026\\\/04\\\/loretos-liutkutes-kurybos-vakaras-siluteje-768x1086.jpg\"},{\"id\":58,\"post_id\":47570,\"title\":\"Pirmosios pagalbos \\u012fg\\u016bd\\u017ei\\u0173 mokymai \\u0160ilut\\u0117je\",\"date\":\"2026-04-23\",\"city\":\"\\u0160ilut\\u0117\",\"category\":\"U\\u017esi\\u0117mimai\",\"location\":\"Liep\\u0173 g. 16, \\u0160ilut\\u0117\",\"price\":\"free\",\"url\":\"https:\\\/\\\/siluteinfo.lt\\\/renginys\\\/pirmosios-pagalbos-igudziu-mokymai-siluteje\\\/?session_id=58\",\"image\":\"https:\\\/\\\/siluteinfo.lt\\\/wp-content\\\/uploads\\\/2026\\\/04\\\/pirmosios-pagalbos-igudziu-mokymai-siluteje-768x644.jpg\"},{\"id\":55,\"post_id\":47562,\"title\":\"Vytauto Sinicos knygos \\u201eKolonizacija\\u201c pristatymas \\u0160ilut\\u0117je\",\"date\":\"2026-04-28\",\"city\":\"\\u0160ilut\\u0117\",\"category\":\"Literat\\u016bra\",\"location\":\"\\u0160ilut\\u0117s Fridricho Bajorai\\u010dio vie\\u0161oji biblioteka, parod\\u0173 sal\\u0117 (1 auk\\u0161tas, Til\\u017e\\u0117s g. 10)\",\"price\":\"free\",\"url\":\"https:\\\/\\\/siluteinfo.lt\\\/renginys\\\/vytauto-sinicos-knygos-kolonizacija-pristatymas-siluteje\\\/?session_id=55\",\"image\":\"https:\\\/\\\/siluteinfo.lt\\\/wp-content\\\/uploads\\\/2026\\\/04\\\/vytauto-sinicos-knygos-kolonizacija-pristatymas-siluteje-768x1086.jpg\"},{\"id\":59,\"post_id\":47585,\"title\":\"Nemokama pasirengimo ekstremalioms situacijoms ekskursija \\u0160ilut\\u0117je\",\"date\":\"2026-05-01\",\"city\":\"\\u0160ilut\\u0117\",\"category\":\"Ekskursijos\",\"location\":\"Dariaus ir Gir\\u0117no g. 1, \\u0160ilut\\u0117\",\"price\":\"free\",\"url\":\"https:\\\/\\\/siluteinfo.lt\\\/renginys\\\/nemokama-pasirengimo-ekstremalioms-situacijoms-ekskursija-siluteje\\\/?session_id=59\",\"image\":\"https:\\\/\\\/siluteinfo.lt\\\/wp-content\\\/uploads\\\/2026\\\/04\\\/nemokama-pasirengimo-ekstremalioms-situacijoms-ekskursija-siluteje-768x768.jpg\"},{\"id\":62,\"post_id\":47599,\"title\":\"\\u017dygis \\u201eLietuva eina\\u201c: Vanagai\\u2013\\u0160v\\u0117k\\u0161na\",\"date\":\"2026-05-09\",\"city\":\"\\u0160v\\u0117k\\u0161na\",\"category\":\"\\u017dygiai\",\"location\":\"\\u0160v\\u0117k\\u0161nos \\u0160v. apa\\u0161talo Jok\\u016bbo ba\\u017eny\\u010dia (Ba\\u017eny\\u010dios g. 8, \\u0160v\\u0117k\\u0161na)\",\"price\":\"free\",\"url\":\"https:\\\/\\\/siluteinfo.lt\\\/renginys\\\/zygis-lietuva-eina-vanagai-sveksna\\\/?session_id=62\",\"image\":\"https:\\\/\\\/siluteinfo.lt\\\/wp-content\\\/uploads\\\/2026\\\/04\\\/lietuva-eina-vanagai-sveksna-768x768.jpg\"}]                    );\r\n                }\r\n            });\r\n            \/\/ Also for Elementor preview\r\n            if (window.elementorFrontend) {\r\n                elementorFrontend.hooks.addAction('frontend\/element_ready\/rk_event_grid.default', function($scope) {\r\n                    if (window.RKEventGrid) {\r\n                        new RKEventGrid($scope[0], [{\"id\":54,\"post_id\":47042,\"title\":\"Algirdo Kum\\u017eos knygos \\u201eLietuvi\\u0161ki karmos d\\u0117sniai. Mano gyvenimo istorijos\\u201d pristatymas\",\"date\":\"2026-03-19\",\"city\":\"\\u0160ilut\\u0117\",\"category\":\"Renginys\",\"location\":\"\\u0160ilut\\u0117s Fridricho Bajorai\\u010dio vie\\u0161oji biblioteka, Til\\u017e\\u0117s g. 10, \\u0160ilut\\u0117\",\"price\":\"free\",\"url\":\"https:\\\/\\\/siluteinfo.lt\\\/renginys\\\/algirdo-kumzos-knygos-lietuviski-karmos-desniai-mano-gyvenimo-istorijos-pristatymas\\\/?session_id=54\",\"image\":\"https:\\\/\\\/siluteinfo.lt\\\/wp-content\\\/uploads\\\/2026\\\/03\\\/renginiai-algirdo-kumzos-knygos-pristatymas-768x1086.jpg\"},{\"id\":46,\"post_id\":47490,\"title\":\"Test test\",\"date\":\"2026-03-27\",\"city\":\"Alka\",\"category\":\"Uncategorized\",\"location\":\"111111\",\"price\":\"free\",\"url\":\"https:\\\/\\\/siluteinfo.lt\\\/renginys\\\/test-test\\\/?session_id=46\",\"image\":\"\"},{\"id\":47,\"post_id\":47490,\"title\":\"Test test\",\"date\":\"2026-03-30\",\"city\":\"Budrikai\",\"category\":\"Uncategorized\",\"location\":\"22222222\",\"price\":\"free\",\"url\":\"https:\\\/\\\/siluteinfo.lt\\\/renginys\\\/test-test\\\/?session_id=47\",\"image\":\"\"},{\"id\":48,\"post_id\":47501,\"title\":\"Testas 3 dienos\",\"date\":\"2026-04-06\",\"city\":\"\\u0160ilut\\u0117\",\"category\":\"Uncategorized\",\"location\":\"\\u0160ilut\\u0117s kult\\u016bros centras\",\"price\":\"free\",\"url\":\"https:\\\/\\\/siluteinfo.lt\\\/renginys\\\/testas-3-dienos\\\/?session_id=48\",\"image\":\"https:\\\/\\\/siluteinfo.lt\\\/wp-content\\\/uploads\\\/2026\\\/02\\\/naujiena123-768x512.jpg\"},{\"id\":49,\"post_id\":47501,\"title\":\"Testas 3 dienos\",\"date\":\"2026-04-08\",\"city\":\"Rusn\\u0117\",\"category\":\"Uncategorized\",\"location\":\"Peterso tiltas\",\"price\":\"free\",\"url\":\"https:\\\/\\\/siluteinfo.lt\\\/renginys\\\/testas-3-dienos\\\/?session_id=49\",\"image\":\"https:\\\/\\\/siluteinfo.lt\\\/wp-content\\\/uploads\\\/2026\\\/02\\\/naujiena123-768x512.jpg\"},{\"id\":52,\"post_id\":47508,\"title\":\"Aist\\u0117s Stankevi\\u010di\\u016bt\\u0117s ir Luko Danio parodos \\u201e\\u012ekliuv\\u0119 sp\\u0105stai\\u201c atidarymas \\u201eKintai Arts\\u201c rezidencijos galerijoje\",\"date\":\"2026-04-09\",\"city\":\"Kintai\",\"category\":\"Parodos\",\"location\":\"Kintai Arts rezidencijos galerija\",\"price\":\"free\",\"url\":\"https:\\\/\\\/siluteinfo.lt\\\/renginys\\\/aistes-stankeviciutes-ir-luko-danio-parodos-ikliuve-spastai-atidarymas-kintai-arts-rezidencijos-galerijoje\\\/?session_id=52\",\"image\":\"https:\\\/\\\/siluteinfo.lt\\\/wp-content\\\/uploads\\\/2026\\\/03\\\/renginiai-paroda-ikliuve-spastai-768x1081.jpg\"},{\"id\":53,\"post_id\":47509,\"title\":\"Aist\\u0117s Stankevi\\u010di\\u016bt\\u0117s ir Luko Danio paroda \\u201e\\u012ekliuv\\u0119 sp\\u0105stai\\u201c\",\"date\":\"2026-04-09\",\"city\":\"Kintai\",\"category\":\"Parodos\",\"location\":\"Kintai Arts rezidencijos galerija\",\"price\":\"free\",\"url\":\"https:\\\/\\\/siluteinfo.lt\\\/renginys\\\/aistes-stankeviciutes-ir-luko-danio-paroda-ikliuve-spastai\\\/?session_id=53\",\"image\":\"https:\\\/\\\/siluteinfo.lt\\\/wp-content\\\/uploads\\\/2026\\\/03\\\/renginiai-paroda-ikliuve-spastai-768x1081.jpg\"},{\"id\":50,\"post_id\":47501,\"title\":\"Testas 3 dienos\",\"date\":\"2026-04-11\",\"city\":\"Kintai\",\"category\":\"Uncategorized\",\"location\":\"Vyd\\u016bno kult\\u016bros centras\",\"price\":\"free\",\"url\":\"https:\\\/\\\/siluteinfo.lt\\\/renginys\\\/testas-3-dienos\\\/?session_id=50\",\"image\":\"https:\\\/\\\/siluteinfo.lt\\\/wp-content\\\/uploads\\\/2026\\\/02\\\/naujiena123-768x512.jpg\"},{\"id\":57,\"post_id\":47570,\"title\":\"Pirmosios pagalbos \\u012fg\\u016bd\\u017ei\\u0173 mokymai \\u0160ilut\\u0117je\",\"date\":\"2026-04-21\",\"city\":\"\\u0160ilut\\u0117\",\"category\":\"U\\u017esi\\u0117mimai\",\"location\":\"Liep\\u0173 g. 16, \\u0160ilut\\u0117\",\"price\":\"free\",\"url\":\"https:\\\/\\\/siluteinfo.lt\\\/renginys\\\/pirmosios-pagalbos-igudziu-mokymai-siluteje\\\/?session_id=57\",\"image\":\"https:\\\/\\\/siluteinfo.lt\\\/wp-content\\\/uploads\\\/2026\\\/04\\\/pirmosios-pagalbos-igudziu-mokymai-siluteje-768x644.jpg\"},{\"id\":56,\"post_id\":47563,\"title\":\"Loretos Liutkut\\u0117s k\\u016brybos vakaras \\u0160ilut\\u0117je\",\"date\":\"2026-04-23\",\"city\":\"\\u0160ilut\\u0117\",\"category\":\"Literat\\u016bra\",\"location\":\"\\u0160ilut\\u0117s Fridricho Bajorai\\u010dio vie\\u0161oji biblioteka, parod\\u0173 sal\\u0117 (1 auk\\u0161tas, Til\\u017e\\u0117s g. 10)\",\"price\":\"free\",\"url\":\"https:\\\/\\\/siluteinfo.lt\\\/renginys\\\/loretos-liutkutes-kurybos-vakaras-siluteje\\\/?session_id=56\",\"image\":\"https:\\\/\\\/siluteinfo.lt\\\/wp-content\\\/uploads\\\/2026\\\/04\\\/loretos-liutkutes-kurybos-vakaras-siluteje-768x1086.jpg\"},{\"id\":58,\"post_id\":47570,\"title\":\"Pirmosios pagalbos \\u012fg\\u016bd\\u017ei\\u0173 mokymai \\u0160ilut\\u0117je\",\"date\":\"2026-04-23\",\"city\":\"\\u0160ilut\\u0117\",\"category\":\"U\\u017esi\\u0117mimai\",\"location\":\"Liep\\u0173 g. 16, \\u0160ilut\\u0117\",\"price\":\"free\",\"url\":\"https:\\\/\\\/siluteinfo.lt\\\/renginys\\\/pirmosios-pagalbos-igudziu-mokymai-siluteje\\\/?session_id=58\",\"image\":\"https:\\\/\\\/siluteinfo.lt\\\/wp-content\\\/uploads\\\/2026\\\/04\\\/pirmosios-pagalbos-igudziu-mokymai-siluteje-768x644.jpg\"},{\"id\":55,\"post_id\":47562,\"title\":\"Vytauto Sinicos knygos \\u201eKolonizacija\\u201c pristatymas \\u0160ilut\\u0117je\",\"date\":\"2026-04-28\",\"city\":\"\\u0160ilut\\u0117\",\"category\":\"Literat\\u016bra\",\"location\":\"\\u0160ilut\\u0117s Fridricho Bajorai\\u010dio vie\\u0161oji biblioteka, parod\\u0173 sal\\u0117 (1 auk\\u0161tas, Til\\u017e\\u0117s g. 10)\",\"price\":\"free\",\"url\":\"https:\\\/\\\/siluteinfo.lt\\\/renginys\\\/vytauto-sinicos-knygos-kolonizacija-pristatymas-siluteje\\\/?session_id=55\",\"image\":\"https:\\\/\\\/siluteinfo.lt\\\/wp-content\\\/uploads\\\/2026\\\/04\\\/vytauto-sinicos-knygos-kolonizacija-pristatymas-siluteje-768x1086.jpg\"},{\"id\":59,\"post_id\":47585,\"title\":\"Nemokama pasirengimo ekstremalioms situacijoms ekskursija \\u0160ilut\\u0117je\",\"date\":\"2026-05-01\",\"city\":\"\\u0160ilut\\u0117\",\"category\":\"Ekskursijos\",\"location\":\"Dariaus ir Gir\\u0117no g. 1, \\u0160ilut\\u0117\",\"price\":\"free\",\"url\":\"https:\\\/\\\/siluteinfo.lt\\\/renginys\\\/nemokama-pasirengimo-ekstremalioms-situacijoms-ekskursija-siluteje\\\/?session_id=59\",\"image\":\"https:\\\/\\\/siluteinfo.lt\\\/wp-content\\\/uploads\\\/2026\\\/04\\\/nemokama-pasirengimo-ekstremalioms-situacijoms-ekskursija-siluteje-768x768.jpg\"},{\"id\":62,\"post_id\":47599,\"title\":\"\\u017dygis \\u201eLietuva eina\\u201c: Vanagai\\u2013\\u0160v\\u0117k\\u0161na\",\"date\":\"2026-05-09\",\"city\":\"\\u0160v\\u0117k\\u0161na\",\"category\":\"\\u017dygiai\",\"location\":\"\\u0160v\\u0117k\\u0161nos \\u0160v. apa\\u0161talo Jok\\u016bbo ba\\u017eny\\u010dia (Ba\\u017eny\\u010dios g. 8, \\u0160v\\u0117k\\u0161na)\",\"price\":\"free\",\"url\":\"https:\\\/\\\/siluteinfo.lt\\\/renginys\\\/zygis-lietuva-eina-vanagai-sveksna\\\/?session_id=62\",\"image\":\"https:\\\/\\\/siluteinfo.lt\\\/wp-content\\\/uploads\\\/2026\\\/04\\\/lietuva-eina-vanagai-sveksna-768x768.jpg\"}]);\r\n                    }\r\n                });\r\n            }\r\n        <\/script>\r\n        \t\t\t\t<\/div>\n\t\t\t\t<\/div>\n\t\t\t\t\t<\/div>\n\t\t\t\t<\/div>\n\t\t\t\t<\/div>\n\t\t","protected":false},"excerpt":{"rendered":"<p>Events Calendar Miestas Visi miestai Kategorija Visos kategorijos Kaina Visi renginiai Pr An Tr Kt Pn \u0160t Sk Upcoming Events<\/p>\n","protected":false},"author":1,"featured_media":0,"parent":0,"menu_order":0,"comment_status":"closed","ping_status":"closed","template":"","meta":{"_acf_changed":false,"_monsterinsights_skip_tracking":false,"_monsterinsights_sitenote_active":false,"_monsterinsights_sitenote_note":"","_monsterinsights_sitenote_category":0,"footnotes":""},"class_list":["post-47573","page","type-page","status-publish","hentry"],"acf":[],"_links":{"self":[{"href":"https:\/\/siluteinfo.lt\/en\/wp-json\/wp\/v2\/pages\/47573","targetHints":{"allow":["GET"]}}],"collection":[{"href":"https:\/\/siluteinfo.lt\/en\/wp-json\/wp\/v2\/pages"}],"about":[{"href":"https:\/\/siluteinfo.lt\/en\/wp-json\/wp\/v2\/types\/page"}],"author":[{"embeddable":true,"href":"https:\/\/siluteinfo.lt\/en\/wp-json\/wp\/v2\/users\/1"}],"replies":[{"embeddable":true,"href":"https:\/\/siluteinfo.lt\/en\/wp-json\/wp\/v2\/comments?post=47573"}],"version-history":[{"count":1,"href":"https:\/\/siluteinfo.lt\/en\/wp-json\/wp\/v2\/pages\/47573\/revisions"}],"predecessor-version":[{"id":47574,"href":"https:\/\/siluteinfo.lt\/en\/wp-json\/wp\/v2\/pages\/47573\/revisions\/47574"}],"wp:attachment":[{"href":"https:\/\/siluteinfo.lt\/en\/wp-json\/wp\/v2\/media?parent=47573"}],"curies":[{"name":"wp","href":"https:\/\/api.w.org\/{rel}","templated":true}]}}