{"id":44256,"date":"2025-06-20T10:48:09","date_gmt":"2025-06-20T07:48:09","guid":{"rendered":"https:\/\/siluteinfo.lt\/silute-region\/towns-of-the-silute-region\/juknaiciai\/"},"modified":"2025-06-20T22:16:34","modified_gmt":"2025-06-20T19:16:34","slug":"juknaiciai","status":"publish","type":"page","link":"https:\/\/siluteinfo.lt\/en\/silute-region\/towns-of-the-silute-region\/juknaiciai\/","title":{"rendered":"Juknai\u010diai"},"content":{"rendered":"\t\t<div data-elementor-type=\"wp-page\" data-elementor-id=\"44256\" class=\"elementor elementor-44256 elementor-44094\" data-elementor-post-type=\"page\">\n\t\t\t\t<div class=\"wd-negative-gap elementor-element elementor-element-2b4b3ea e-flex e-con-boxed e-con e-parent\" data-id=\"2b4b3ea\" data-element_type=\"container\" data-e-type=\"container\">\n\t\t\t\t\t<div class=\"e-con-inner\">\n\t\t<div class=\"elementor-element elementor-element-1d6c603 e-con-full e-flex e-con e-child\" data-id=\"1d6c603\" data-element_type=\"container\" data-e-type=\"container\">\n\t\t\t\t<div class=\"elementor-element elementor-element-8176af6 elementor-widget elementor-widget-theme-post-featured-image elementor-widget-image\" data-id=\"8176af6\" data-element_type=\"widget\" data-e-type=\"widget\" data-widget_type=\"theme-post-featured-image.default\">\n\t\t\t\t<div class=\"elementor-widget-container\">\n\t\t\t\t\t\t\t\t\t\t\t\t\t\t\t<img loading=\"lazy\" decoding=\"async\" width=\"1200\" height=\"800\" src=\"https:\/\/siluteinfo.lt\/wp-content\/themes\/woodmart\/images\/lazy.svg\" data-src=\"https:\/\/siluteinfo.lt\/wp-content\/uploads\/2025\/05\/miesteliai-juknaiciai.jpg\" class=\" wd-lazy-blur attachment-full size-full wp-image-42627\" alt=\"Juknai\u010di\u0173 panorama\" srcset=\"\" data-srcset=\"https:\/\/siluteinfo.lt\/wp-content\/uploads\/2025\/05\/miesteliai-juknaiciai.jpg 1200w, https:\/\/siluteinfo.lt\/wp-content\/uploads\/2025\/05\/miesteliai-juknaiciai-400x267.jpg 400w, https:\/\/siluteinfo.lt\/wp-content\/uploads\/2025\/05\/miesteliai-juknaiciai-768x512.jpg 768w\" sizes=\"auto, (max-width: 1200px) 100vw, 1200px\" \/>\t\t\t\t\t\t\t\t\t\t\t\t\t\t\t<\/div>\n\t\t\t\t<\/div>\n\t\t\t\t<\/div>\n\t\t<div class=\"elementor-element elementor-element-24a16f7 e-con-full e-flex e-con e-child\" data-id=\"24a16f7\" data-element_type=\"container\" data-e-type=\"container\">\n\t\t\t\t<div class=\"elementor-element elementor-element-f93a84b color-scheme-inherit text-left elementor-widget elementor-widget-text-editor\" data-id=\"f93a84b\" data-element_type=\"widget\" data-e-type=\"widget\" data-widget_type=\"text-editor.default\">\n\t\t\t\t<div class=\"elementor-widget-container\">\n\t\t\t\t\t\t\t\t\t<p style=\"text-align: left;\">Juknai\u010diai is an example of modern rural architecture. The name of the village was first mentioned in 1540. At the beginning of the 20th century, Juknai\u010diai consisted of a dozen farmsteads near the railway and many small homesteads in the surrounding area. Larger farmsteads closer to the \u0160ilut\u0117\u2013Pag\u0117giai road belonged to the village of Blauzd\u017eiai. Juknai\u010diai\u2014a small and now somewhat forgotten settlement in Western Lithuania\u2014once became nearly an ideal model of a town. Since 1964, under smart collective farm management, the village was organized in a way that, by the standards of the time, was remarkably well developed. We can even see traces of the garden-city idea here: the rich landscape was designed by architects R\u016bta and Alfonsas Ki\u0161kis. As early as the 1960s, the infrastructure in Juknai\u010diai surpassed even urban expectations. Disliked in rural areas, apartment blocks here acquired a playful regionalist character. The settlement was planted with clusters of trees, ornamental shrubs, flower beds, and lawns, and was adorned with decorative sculptures. In the park, a \u201cGrove of Hopes\u201d was planted, where parents of newborns would plant oak and linden trees. In 1996, the \u0160ilut\u0117 district municipality granted Juknai\u010diai the status of a park-village, and the landscape was declared protected.<br>Juknai\u010diai is rich in artistic accents. The village symbol became a wooden sculpture by artist S. Kuzma\u2014a falcon perched on a horse\u2019s mane. The horse symbolized agricultural labor, while the falcon stood for spiritual elevation and artistic vision. Other sculptures by Kuzma include Egl\u0117 and \u017dilvinas, Flame of Friendship, and Motherhood.                  <br>Near Juknai\u010diai, in the village of Vy\u017eiai, stands a beautiful Evangelical Lutheran church built in 1865. The church is rectangular, in a Gothic-Romanesque style, with a single tower and a five-sided apse. It features 16-register bright-toned pipe organs. The massive 36-meter tower once held two copper bells. The church was damaged during the war and later converted into a grain warehouse. In 1993, it was returned to the Lutheran community, restored, and reopened.       <br>On the outskirts of the village stands Juknai\u010diai\u2019s Alka Hill. In 2012, an amphitheater was built in Juknai\u010diai, adding to the village\u2019s beauty. <\/p><p style=\"text-align: left;\"> <\/p>\t\t\t\t\t\t\t\t<\/div>\n\t\t\t\t<\/div>\n\t\t\t\t<\/div>\n\t\t\t\t\t<\/div>\n\t\t\t\t<\/div>\n\t\t\t\t<\/div>\n\t\t","protected":false},"excerpt":{"rendered":"<p>Juknai\u010diai is an example of modern rural architecture. The name of the village was first mentioned in 1540. At the<\/p>\n","protected":false},"author":2,"featured_media":42627,"parent":44118,"menu_order":9,"comment_status":"closed","ping_status":"closed","template":"","meta":{"_acf_changed":false,"_monsterinsights_skip_tracking":false,"_monsterinsights_sitenote_active":false,"_monsterinsights_sitenote_note":"","_monsterinsights_sitenote_category":0,"footnotes":""},"class_list":["post-44256","page","type-page","status-publish","has-post-thumbnail","hentry"],"acf":[],"_links":{"self":[{"href":"https:\/\/siluteinfo.lt\/en\/wp-json\/wp\/v2\/pages\/44256","targetHints":{"allow":["GET"]}}],"collection":[{"href":"https:\/\/siluteinfo.lt\/en\/wp-json\/wp\/v2\/pages"}],"about":[{"href":"https:\/\/siluteinfo.lt\/en\/wp-json\/wp\/v2\/types\/page"}],"author":[{"embeddable":true,"href":"https:\/\/siluteinfo.lt\/en\/wp-json\/wp\/v2\/users\/2"}],"replies":[{"embeddable":true,"href":"https:\/\/siluteinfo.lt\/en\/wp-json\/wp\/v2\/comments?post=44256"}],"version-history":[{"count":0,"href":"https:\/\/siluteinfo.lt\/en\/wp-json\/wp\/v2\/pages\/44256\/revisions"}],"up":[{"embeddable":true,"href":"https:\/\/siluteinfo.lt\/en\/wp-json\/wp\/v2\/pages\/44118"}],"wp:featuredmedia":[{"embeddable":true,"href":"https:\/\/siluteinfo.lt\/en\/wp-json\/wp\/v2\/media\/42627"}],"wp:attachment":[{"href":"https:\/\/siluteinfo.lt\/en\/wp-json\/wp\/v2\/media?parent=44256"}],"curies":[{"name":"wp","href":"https:\/\/api.w.org\/{rel}","templated":true}]}}