{"id":44250,"date":"2025-06-20T10:47:09","date_gmt":"2025-06-20T07:47:09","guid":{"rendered":"https:\/\/siluteinfo.lt\/silute-region\/towns-of-the-silute-region\/vainutas\/"},"modified":"2025-06-20T22:13:17","modified_gmt":"2025-06-20T19:13:17","slug":"vainutas","status":"publish","type":"page","link":"https:\/\/siluteinfo.lt\/en\/silute-region\/towns-of-the-silute-region\/vainutas\/","title":{"rendered":"Vainutas"},"content":{"rendered":"\t\t<div data-elementor-type=\"wp-page\" data-elementor-id=\"44250\" class=\"elementor elementor-44250 elementor-44092\" data-elementor-post-type=\"page\">\n\t\t\t\t<div class=\"wd-negative-gap elementor-element elementor-element-8614430 e-flex e-con-boxed e-con e-parent\" data-id=\"8614430\" data-element_type=\"container\" data-e-type=\"container\">\n\t\t\t\t\t<div class=\"e-con-inner\">\n\t\t<div class=\"elementor-element elementor-element-75dc93e e-con-full e-flex e-con e-child\" data-id=\"75dc93e\" data-element_type=\"container\" data-e-type=\"container\">\n\t\t\t\t<div class=\"elementor-element elementor-element-db13ee5 elementor-widget elementor-widget-theme-post-featured-image elementor-widget-image\" data-id=\"db13ee5\" data-element_type=\"widget\" data-e-type=\"widget\" data-widget_type=\"theme-post-featured-image.default\">\n\t\t\t\t<div class=\"elementor-widget-container\">\n\t\t\t\t\t\t\t\t\t\t\t\t\t\t\t<img loading=\"lazy\" decoding=\"async\" width=\"1200\" height=\"900\" src=\"https:\/\/siluteinfo.lt\/wp-content\/themes\/woodmart\/images\/lazy.svg\" data-src=\"https:\/\/siluteinfo.lt\/wp-content\/uploads\/2023\/10\/miesteliai-vainutas.jpg\" class=\" wd-lazy-blur attachment-full size-full wp-image-30738\" alt=\"\" srcset=\"\" data-srcset=\"https:\/\/siluteinfo.lt\/wp-content\/uploads\/2023\/10\/miesteliai-vainutas.jpg 1200w, https:\/\/siluteinfo.lt\/wp-content\/uploads\/2023\/10\/miesteliai-vainutas-400x300.jpg 400w, https:\/\/siluteinfo.lt\/wp-content\/uploads\/2023\/10\/miesteliai-vainutas-768x576.jpg 768w\" sizes=\"auto, (max-width: 1200px) 100vw, 1200px\" \/>\t\t\t\t\t\t\t\t\t\t\t\t\t\t\t<\/div>\n\t\t\t\t<\/div>\n\t\t\t\t<\/div>\n\t\t<div class=\"elementor-element elementor-element-4936e7c e-con-full e-flex e-con e-child\" data-id=\"4936e7c\" data-element_type=\"container\" data-e-type=\"container\">\n\t\t\t\t<div class=\"elementor-element elementor-element-4469f1a color-scheme-inherit text-left elementor-widget elementor-widget-text-editor\" data-id=\"4469f1a\" data-element_type=\"widget\" data-e-type=\"widget\" data-widget_type=\"text-editor.default\">\n\t\t\t\t<div class=\"elementor-widget-container\">\n\t\t\t\t\t\t\t\t\t<p style=\"text-align: left;\">Vainutas is a Samogitian border town, situated in a beautiful valley where the river \u0160y\u0161a starts its journey. Vainutas was first mentioned in written sources in 1506. In 1640, 29 families lived in Vainutas. At the beginning of the 18th century (during the Northern War), the town burnt down and there were no inhabitants in Vainutas. Gradually, life in Vainutas started to develop, a church and a school were built, but in 1853 the town was destroyed. Vainutas burnt down again. However, after each disaster, the town recovered quickly. From 1853, the poet and classic of Lithuanian literature Antanas Baranauskas worked in Vainutas as a scribe&#8217;s assistant for two years. His most famous work is the poem &#8220;Anyk\u0161\u010di\u0173 \u0161ilelis&#8221;. The poet also described the Vainutas fire in verse. A small church was built in 1856 and rebuilt in 1869 on the initiative of Bishop Motiejus Valan\u010dius. It has survived to the present day &#8211; stone-built, rectangular in plan, gabled with an apse, with 3 altars inside. The churchyard is enclosed by a stone masonry fence.<br>The town is adorned with wooden shrines and monuments: a chapel-post dedicated to priest and poet Antanas Baranauskas, a roofed pillar cross for St. John the Baptist, a shepherd boy sculpture, the Rebirth memorial stone, and an oak grove commemorating the Restoration of Lithuanian Independence. At the town\u2019s entrance, a wooden cannon\u2014Vainutas&#8217; symbol\u2014stands on a stone pedestal.<br>Today, visitors to Vainutas will find a small town where time flows slowly, like the water of the \u0160y\u0161a River that begins in the nearby countryside. A school, a church, a shop, a cemetery &#8211; everything is close by, all within easy reach. When nature comes back to life, the name of the town, Vainutas, written in blooming wild flowers, greets you on the hillside, which opens up in all its beauty to everyone coming from the direction of \u017demai\u010di\u0173 Naumietis.                   <\/p><p style=\"text-align: left;\"> <\/p>\t\t\t\t\t\t\t\t<\/div>\n\t\t\t\t<\/div>\n\t\t\t\t<\/div>\n\t\t\t\t\t<\/div>\n\t\t\t\t<\/div>\n\t\t\t\t<\/div>\n\t\t","protected":false},"excerpt":{"rendered":"<p>Vainutas is a Samogitian border town, situated in a beautiful valley where the river \u0160y\u0161a starts its journey. Vainutas was<\/p>\n","protected":false},"author":2,"featured_media":30738,"parent":44118,"menu_order":8,"comment_status":"closed","ping_status":"closed","template":"","meta":{"_acf_changed":false,"_monsterinsights_skip_tracking":false,"_monsterinsights_sitenote_active":false,"_monsterinsights_sitenote_note":"","_monsterinsights_sitenote_category":0,"footnotes":""},"class_list":["post-44250","page","type-page","status-publish","has-post-thumbnail","hentry"],"acf":[],"_links":{"self":[{"href":"https:\/\/siluteinfo.lt\/en\/wp-json\/wp\/v2\/pages\/44250","targetHints":{"allow":["GET"]}}],"collection":[{"href":"https:\/\/siluteinfo.lt\/en\/wp-json\/wp\/v2\/pages"}],"about":[{"href":"https:\/\/siluteinfo.lt\/en\/wp-json\/wp\/v2\/types\/page"}],"author":[{"embeddable":true,"href":"https:\/\/siluteinfo.lt\/en\/wp-json\/wp\/v2\/users\/2"}],"replies":[{"embeddable":true,"href":"https:\/\/siluteinfo.lt\/en\/wp-json\/wp\/v2\/comments?post=44250"}],"version-history":[{"count":0,"href":"https:\/\/siluteinfo.lt\/en\/wp-json\/wp\/v2\/pages\/44250\/revisions"}],"up":[{"embeddable":true,"href":"https:\/\/siluteinfo.lt\/en\/wp-json\/wp\/v2\/pages\/44118"}],"wp:featuredmedia":[{"embeddable":true,"href":"https:\/\/siluteinfo.lt\/en\/wp-json\/wp\/v2\/media\/30738"}],"wp:attachment":[{"href":"https:\/\/siluteinfo.lt\/en\/wp-json\/wp\/v2\/media?parent=44250"}],"curies":[{"name":"wp","href":"https:\/\/api.w.org\/{rel}","templated":true}]}}