{"id":44226,"date":"2025-06-20T10:45:32","date_gmt":"2025-06-20T07:45:32","guid":{"rendered":"https:\/\/siluteinfo.lt\/silute-region\/towns-of-the-silute-region\/gardamas\/"},"modified":"2025-06-20T22:07:21","modified_gmt":"2025-06-20T19:07:21","slug":"gardamas","status":"publish","type":"page","link":"https:\/\/siluteinfo.lt\/en\/silute-region\/towns-of-the-silute-region\/gardamas\/","title":{"rendered":"Gardamas"},"content":{"rendered":"\t\t<div data-elementor-type=\"wp-page\" data-elementor-id=\"44226\" class=\"elementor elementor-44226 elementor-44088\" data-elementor-post-type=\"page\">\n\t\t\t\t<div class=\"wd-negative-gap elementor-element elementor-element-befbef2 e-flex e-con-boxed e-con e-parent\" data-id=\"befbef2\" data-element_type=\"container\" data-e-type=\"container\">\n\t\t\t\t\t<div class=\"e-con-inner\">\n\t\t<div class=\"elementor-element elementor-element-ecfc2e6 e-con-full e-flex e-con e-child\" data-id=\"ecfc2e6\" data-element_type=\"container\" data-e-type=\"container\">\n\t\t\t\t<div class=\"elementor-element elementor-element-846743a elementor-widget elementor-widget-theme-post-featured-image elementor-widget-image\" data-id=\"846743a\" data-element_type=\"widget\" data-e-type=\"widget\" data-widget_type=\"theme-post-featured-image.default\">\n\t\t\t\t<div class=\"elementor-widget-container\">\n\t\t\t\t\t\t\t\t\t\t\t\t\t\t\t<img loading=\"lazy\" decoding=\"async\" width=\"1200\" height=\"900\" src=\"https:\/\/siluteinfo.lt\/wp-content\/themes\/woodmart\/images\/lazy.svg\" data-src=\"https:\/\/siluteinfo.lt\/wp-content\/uploads\/2023\/10\/miesteliai-gardamas.jpg\" class=\" wd-lazy-blur attachment-full size-full wp-image-30690\" alt=\"\" srcset=\"\" data-srcset=\"https:\/\/siluteinfo.lt\/wp-content\/uploads\/2023\/10\/miesteliai-gardamas.jpg 1200w, https:\/\/siluteinfo.lt\/wp-content\/uploads\/2023\/10\/miesteliai-gardamas-400x300.jpg 400w, https:\/\/siluteinfo.lt\/wp-content\/uploads\/2023\/10\/miesteliai-gardamas-768x576.jpg 768w\" sizes=\"auto, (max-width: 1200px) 100vw, 1200px\" \/>\t\t\t\t\t\t\t\t\t\t\t\t\t\t\t<\/div>\n\t\t\t\t<\/div>\n\t\t\t\t<\/div>\n\t\t<div class=\"elementor-element elementor-element-37d87eb e-con-full e-flex e-con e-child\" data-id=\"37d87eb\" data-element_type=\"container\" data-e-type=\"container\">\n\t\t\t\t<div class=\"elementor-element elementor-element-da556ff color-scheme-inherit text-left elementor-widget elementor-widget-text-editor\" data-id=\"da556ff\" data-element_type=\"widget\" data-e-type=\"widget\" data-widget_type=\"text-editor.default\">\n\t\t\t\t<div class=\"elementor-widget-container\">\n\t\t\t\t\t\t\t\t\t<p style=\"text-align: left;\">The town of Gardamas is located along the \u0160v\u0117k\u0161na\u2013\u017demai\u010di\u0173 Naumiestis road. It is an old settlement, with its name derived from the word \u201cgardas,\u201d meaning an enclosed place or even a castle or fortress. Historical sources mention it as early as 1561, when its lands were measured according to the valakas system. In 1562, it was noted as the center of a local administrative district (vaityst\u0117), from which royal estate lands were governed\u2014stretching from the villages of Laukst\u0117nai to Juod\u017eiai and Vanagai. Since the 18th century, Gardamas has been referred to as a town. It is notable not only for its beautiful surroundings and the scenic slopes of the Tenesis stream, but also for the \u201cMa\u017evydas Route\u201d and its Lourdes shrine.<br>The first church in Gardamas is believed to have been built in the 17th century, but it was destroyed by fire. A new wooden church was built on the same site in 1706. After the wars with the Germans, Gardamas slowly grew as trade routes through Samogitia opened up. However, with the rise of \u017demai\u010di\u0173 Naumiestis, the role of Gardamas diminished. After the 1795 occupation of Lithuania by Tsarist Russia, the status of Gardamas residents, known as state peasants, worsened: they faced conscription and heavier taxes. During Tsarist rule, Gardamas and surrounding villages became a border region of the Russian Empire. During the press ban era, this border was heavily guarded. Border guard barracks were established along the Naumiestis\u2013Gardamas\u2013\u0160v\u0117k\u0161na road, which was considered the second line of defense. At the end of the 19th century, Gardamas became one of the centers of the Lithuanian book smuggling movement, distributing banned Lithuanian publications.<br>The present-day Church of St. Roch was built in 1932. At its side, in the early 20th century, a miraculous Lourdes was constructed on a slope. The niche was made of fieldstones and is about 1.8 meters high. The story of Lourdes varies among locals. Some say the Virgin Mary appeared there; others say a man\u2019s child was healed despite the man\u2019s disbelief in God. Out of gratitude, the man built the Lourdes. In front of it is a well that never freezes and never runs dry. To the right of the Lourdes, a stone staircase leads to the church. There are 14 steps\u2014the same number as the Stations of the Cross. Elderly people say that climbing those steps is like walking the stations.<br>Lourdes is a place where flowers always bloom and candles always burn. It is a place where people quietly express their sorrow and joy, a place whose water brings hope and renewal.            <\/p><p style=\"text-align: left;\"> <\/p>\t\t\t\t\t\t\t\t<\/div>\n\t\t\t\t<\/div>\n\t\t\t\t<\/div>\n\t\t\t\t\t<\/div>\n\t\t\t\t<\/div>\n\t\t\t\t<\/div>\n\t\t","protected":false},"excerpt":{"rendered":"<p>The town of Gardamas is located along the \u0160v\u0117k\u0161na\u2013\u017demai\u010di\u0173 Naumiestis road. It is an old settlement, with its name derived<\/p>\n","protected":false},"author":2,"featured_media":30690,"parent":44118,"menu_order":6,"comment_status":"closed","ping_status":"closed","template":"","meta":{"_acf_changed":false,"_monsterinsights_skip_tracking":false,"_monsterinsights_sitenote_active":false,"_monsterinsights_sitenote_note":"","_monsterinsights_sitenote_category":0,"footnotes":""},"class_list":["post-44226","page","type-page","status-publish","has-post-thumbnail","hentry"],"acf":[],"_links":{"self":[{"href":"https:\/\/siluteinfo.lt\/en\/wp-json\/wp\/v2\/pages\/44226","targetHints":{"allow":["GET"]}}],"collection":[{"href":"https:\/\/siluteinfo.lt\/en\/wp-json\/wp\/v2\/pages"}],"about":[{"href":"https:\/\/siluteinfo.lt\/en\/wp-json\/wp\/v2\/types\/page"}],"author":[{"embeddable":true,"href":"https:\/\/siluteinfo.lt\/en\/wp-json\/wp\/v2\/users\/2"}],"replies":[{"embeddable":true,"href":"https:\/\/siluteinfo.lt\/en\/wp-json\/wp\/v2\/comments?post=44226"}],"version-history":[{"count":0,"href":"https:\/\/siluteinfo.lt\/en\/wp-json\/wp\/v2\/pages\/44226\/revisions"}],"up":[{"embeddable":true,"href":"https:\/\/siluteinfo.lt\/en\/wp-json\/wp\/v2\/pages\/44118"}],"wp:featuredmedia":[{"embeddable":true,"href":"https:\/\/siluteinfo.lt\/en\/wp-json\/wp\/v2\/media\/30690"}],"wp:attachment":[{"href":"https:\/\/siluteinfo.lt\/en\/wp-json\/wp\/v2\/media?parent=44226"}],"curies":[{"name":"wp","href":"https:\/\/api.w.org\/{rel}","templated":true}]}}