{"id":44216,"date":"2025-06-20T10:44:34","date_gmt":"2025-06-20T07:44:34","guid":{"rendered":"https:\/\/siluteinfo.lt\/silute-region\/towns-of-the-silute-region\/katyciai\/"},"modified":"2025-06-20T22:01:18","modified_gmt":"2025-06-20T19:01:18","slug":"katyciai","status":"publish","type":"page","link":"https:\/\/siluteinfo.lt\/en\/silute-region\/towns-of-the-silute-region\/katyciai\/","title":{"rendered":"Katy\u010diai"},"content":{"rendered":"\t\t<div data-elementor-type=\"wp-page\" data-elementor-id=\"44216\" class=\"elementor elementor-44216 elementor-44086\" data-elementor-post-type=\"page\">\n\t\t\t\t<div class=\"wd-negative-gap elementor-element elementor-element-962097b e-flex e-con-boxed e-con e-parent\" data-id=\"962097b\" data-element_type=\"container\" data-e-type=\"container\">\n\t\t\t\t\t<div class=\"e-con-inner\">\n\t\t<div class=\"elementor-element elementor-element-57ca80a e-con-full e-flex e-con e-child\" data-id=\"57ca80a\" data-element_type=\"container\" data-e-type=\"container\">\n\t\t\t\t<div class=\"elementor-element elementor-element-76b8976 elementor-widget elementor-widget-theme-post-featured-image elementor-widget-image\" data-id=\"76b8976\" data-element_type=\"widget\" data-e-type=\"widget\" data-widget_type=\"theme-post-featured-image.default\">\n\t\t\t\t<div class=\"elementor-widget-container\">\n\t\t\t\t\t\t\t\t\t\t\t\t\t\t\t<img loading=\"lazy\" decoding=\"async\" width=\"1200\" height=\"900\" src=\"https:\/\/siluteinfo.lt\/wp-content\/themes\/woodmart\/images\/lazy.svg\" data-src=\"https:\/\/siluteinfo.lt\/wp-content\/uploads\/2023\/10\/miesteliai-katyciai.jpg\" class=\" wd-lazy-blur attachment-full size-full wp-image-30702\" alt=\"\" srcset=\"\" data-srcset=\"https:\/\/siluteinfo.lt\/wp-content\/uploads\/2023\/10\/miesteliai-katyciai.jpg 1200w, https:\/\/siluteinfo.lt\/wp-content\/uploads\/2023\/10\/miesteliai-katyciai-400x300.jpg 400w, https:\/\/siluteinfo.lt\/wp-content\/uploads\/2023\/10\/miesteliai-katyciai-768x576.jpg 768w\" sizes=\"auto, (max-width: 1200px) 100vw, 1200px\" \/>\t\t\t\t\t\t\t\t\t\t\t\t\t\t\t<\/div>\n\t\t\t\t<\/div>\n\t\t\t\t<\/div>\n\t\t<div class=\"elementor-element elementor-element-d6fb01e e-con-full e-flex e-con e-child\" data-id=\"d6fb01e\" data-element_type=\"container\" data-e-type=\"container\">\n\t\t\t\t<div class=\"elementor-element elementor-element-4655a5c color-scheme-inherit text-left elementor-widget elementor-widget-text-editor\" data-id=\"4655a5c\" data-element_type=\"widget\" data-e-type=\"widget\" data-widget_type=\"text-editor.default\">\n\t\t\t\t<div class=\"elementor-widget-container\">\n\t\t\t\t\t\t\t\t\t<p style=\"text-align: left;\">aty\u010diai is a small town located near the \u0160y\u0161a River, one of the oldest settlements in the \u0160ilut\u0117 district municipality, with well-preserved architecture. According to the 1442 Treaty of Melno, Katy\u010diai belonged to the Grand Duchy of Lithuania. In 1555, it became part of Prussia. In the 18th century, large markets were held here. During the 18th century and the first half of the 19th century, many local residents died due to plague and cholera epidemics. German colonists were brought in to replace them. By 1861, Germans made up 80% of the local population. In 1905, Lithuanians made up 30% of Katy\u010diai\u2019s residents. After the Klaip\u0117da Revolt, Katy\u010diai became part of Lithuania. At the end of World War II, many Germans living in Katy\u010diai fled westward, and their place was taken by newcomers from various regions of Lithuania.                 <br>Katy\u010diai is adorned by an old Evangelical Lutheran church. Built in 1734 from fieldstones and bricks with a wooden tower, it stands beside the old cemetery. In 1801, a powerful storm broke the church tower. In 1894, the church underwent major reconstruction, gaining a strict rectangular shape and a reinforced wooden tower topped with a tent-like roof. The wooden tower held three bells, one of which was a gift from Queen Louise of Prussia. These bells rang until 1955.<br>In 1926, a watermill was built in Katy\u010diai, which supplied electricity to the town for a time after the war. Today, the building is in critical condition and in need of renovation. <br>Next to the church, at the crossroads of the Degu\u010diai, Stubriai, and Medi\u0161k\u0117miai roads, a market square was established with rows of shops. In 1906, the square began to be paved with stones. This distinctive market square was lined with ornate 1\u20133 story masonry buildings. After the war, the surrounding farmsteads were completely destroyed, and the old masonry buildings declined.<br>After 1990, Katy\u010diai continued to deteriorate. During the years of restored independence, three-story buildings in the market square were abandoned and later demolished. It was only in 2005 that the historical part of Katy\u010diai was included in the Register of Cultural Heritage of the Republic of Lithuania\u2014without an indication of its value. Even after many years, the town has retained many German features. It remains a unique and intriguing place, where one can see something truly distinctive. Over the centuries, Katy\u010diai was known by various names: Kotyca, Koadjuthen, Koadjuten, Coadjuthen, Katytiai, Kottiten.         <\/p><p style=\"text-align: left;\"> <\/p>\t\t\t\t\t\t\t\t<\/div>\n\t\t\t\t<\/div>\n\t\t\t\t<\/div>\n\t\t\t\t\t<\/div>\n\t\t\t\t<\/div>\n\t\t\t\t<\/div>\n\t\t","protected":false},"excerpt":{"rendered":"<p>aty\u010diai is a small town located near the \u0160y\u0161a River, one of the oldest settlements in the \u0160ilut\u0117 district municipality,<\/p>\n","protected":false},"author":2,"featured_media":30702,"parent":44118,"menu_order":5,"comment_status":"closed","ping_status":"closed","template":"","meta":{"_acf_changed":false,"_monsterinsights_skip_tracking":false,"_monsterinsights_sitenote_active":false,"_monsterinsights_sitenote_note":"","_monsterinsights_sitenote_category":0,"footnotes":""},"class_list":["post-44216","page","type-page","status-publish","has-post-thumbnail","hentry"],"acf":[],"_links":{"self":[{"href":"https:\/\/siluteinfo.lt\/en\/wp-json\/wp\/v2\/pages\/44216","targetHints":{"allow":["GET"]}}],"collection":[{"href":"https:\/\/siluteinfo.lt\/en\/wp-json\/wp\/v2\/pages"}],"about":[{"href":"https:\/\/siluteinfo.lt\/en\/wp-json\/wp\/v2\/types\/page"}],"author":[{"embeddable":true,"href":"https:\/\/siluteinfo.lt\/en\/wp-json\/wp\/v2\/users\/2"}],"replies":[{"embeddable":true,"href":"https:\/\/siluteinfo.lt\/en\/wp-json\/wp\/v2\/comments?post=44216"}],"version-history":[{"count":0,"href":"https:\/\/siluteinfo.lt\/en\/wp-json\/wp\/v2\/pages\/44216\/revisions"}],"up":[{"embeddable":true,"href":"https:\/\/siluteinfo.lt\/en\/wp-json\/wp\/v2\/pages\/44118"}],"wp:featuredmedia":[{"embeddable":true,"href":"https:\/\/siluteinfo.lt\/en\/wp-json\/wp\/v2\/media\/30702"}],"wp:attachment":[{"href":"https:\/\/siluteinfo.lt\/en\/wp-json\/wp\/v2\/media?parent=44216"}],"curies":[{"name":"wp","href":"https:\/\/api.w.org\/{rel}","templated":true}]}}