{"id":44204,"date":"2025-06-20T10:43:31","date_gmt":"2025-06-20T07:43:31","guid":{"rendered":"https:\/\/siluteinfo.lt\/silute-region\/towns-of-the-silute-region\/zemaiciu-naumiestis\/"},"modified":"2025-06-20T21:47:56","modified_gmt":"2025-06-20T18:47:56","slug":"zemaiciu-naumiestis","status":"publish","type":"page","link":"https:\/\/siluteinfo.lt\/en\/silute-region\/towns-of-the-silute-region\/zemaiciu-naumiestis\/","title":{"rendered":"\u017demai\u010di\u0173 Naumiestis"},"content":{"rendered":"\t\t<div data-elementor-type=\"wp-page\" data-elementor-id=\"44204\" class=\"elementor elementor-44204 elementor-44084\" data-elementor-post-type=\"page\">\n\t\t\t\t<div class=\"wd-negative-gap elementor-element elementor-element-82a669c e-flex e-con-boxed e-con e-parent\" data-id=\"82a669c\" data-element_type=\"container\" data-e-type=\"container\">\n\t\t\t\t\t<div class=\"e-con-inner\">\n\t\t<div class=\"elementor-element elementor-element-68d8ef9 e-con-full e-flex e-con e-child\" data-id=\"68d8ef9\" data-element_type=\"container\" data-e-type=\"container\">\n\t\t\t\t<div class=\"elementor-element elementor-element-f5a6b03 elementor-widget elementor-widget-theme-post-featured-image elementor-widget-image\" data-id=\"f5a6b03\" data-element_type=\"widget\" data-e-type=\"widget\" data-widget_type=\"theme-post-featured-image.default\">\n\t\t\t\t<div class=\"elementor-widget-container\">\n\t\t\t\t\t\t\t\t\t\t\t\t\t\t\t<img loading=\"lazy\" decoding=\"async\" width=\"1200\" height=\"900\" src=\"https:\/\/siluteinfo.lt\/wp-content\/themes\/woodmart\/images\/lazy.svg\" data-src=\"https:\/\/siluteinfo.lt\/wp-content\/uploads\/2023\/10\/miesteliai-zemaiciu-naumiestis.jpg\" class=\" wd-lazy-blur attachment-full size-full wp-image-30744\" alt=\"\" srcset=\"\" data-srcset=\"https:\/\/siluteinfo.lt\/wp-content\/uploads\/2023\/10\/miesteliai-zemaiciu-naumiestis.jpg 1200w, https:\/\/siluteinfo.lt\/wp-content\/uploads\/2023\/10\/miesteliai-zemaiciu-naumiestis-400x300.jpg 400w, https:\/\/siluteinfo.lt\/wp-content\/uploads\/2023\/10\/miesteliai-zemaiciu-naumiestis-768x576.jpg 768w\" sizes=\"auto, (max-width: 1200px) 100vw, 1200px\" \/>\t\t\t\t\t\t\t\t\t\t\t\t\t\t\t<\/div>\n\t\t\t\t<\/div>\n\t\t\t\t<\/div>\n\t\t<div class=\"elementor-element elementor-element-ba9d204 e-con-full e-flex e-con e-child\" data-id=\"ba9d204\" data-element_type=\"container\" data-e-type=\"container\">\n\t\t\t\t<div class=\"elementor-element elementor-element-dc01d12 color-scheme-inherit text-left elementor-widget elementor-widget-text-editor\" data-id=\"dc01d12\" data-element_type=\"widget\" data-e-type=\"widget\" data-widget_type=\"text-editor.default\">\n\t\t\t\t<div class=\"elementor-widget-container\">\n\t\t\t\t\t\t\t\t\t<p>\u017demai\u010di\u0173 Naumiestis is an old border town in Samogitia, with settlements in its surroundings dating back to the 14th century. The town gained special importance after the 1863\u20131864 uprising, when Lithuanian publications were banned\u2014it became a key hub for distributing forbidden literature. One of the main book smuggling routes passed through it. From 1910 to 1914, Evangelical Lutheran pastor Friedrich Megnius published the newspaper Sve\u010dias in Lithuanian in Naumiestis, which was the only newspaper published in Samogitia at the time. More than a hundred years later, a few copies of this newspaper were found during the renovation of the Lutheran rectory.      <br>The old market square of \u017demai\u010di\u0173 Naumiestis, cobbled and largely unchanged since the early 19th century, reflects the multicultural life of this border town. The surrounding buildings serve as living exhibits, recalling the Jewish, Lithuanian, and Lietuvinink shops, taverns, and workshops once operating there. Naumiestis hosted two weekly markets, several annual fairs, had a customs office (on the Russian-German border), about thirty shops and taverns, as well as an electric power station, a steam-powered sawmill, a watermill, a knitting workshop, a bakery, a primary school, a junior high school, a library, and more. The town was beautifully rebuilt and better planned, with sidewalks laid and the center and main streets cobbled.<br>The people of Naumiestis actively contributed to building Independent Lithuania. After the restoration of Lithuanian statehood in 1918, Naumiestis became the center of a local administrative unit and was known as Taurag\u0117\u2019s Naumiestis. In the 1930s, it began to be called \u017demai\u010di\u0173 Naumiestis.<br>On the Vanagiai Mound, also known as Green Hill, proudly stands the Roman Catholic Church of St. Michael the Archangel, built in 1782. This wooden church, constructed in folk architectural style, features elements of neo-Gothic design. It houses religious paintings and sculptures of artistic value. The church building follows a cruciform plan with a small tower at the roof\u2019s crossing. In 1842, a church for Evangelical Lutherans was also built. \u017demai\u010di\u0173 Naumiestis had a large Jewish community, evidenced by the still-standing massive brick synagogue built in 1816. During the Soviet era, the synagogue was used as a cultural center. Now, the building is abandoned and in disrepair. In \u017demai\u010di\u0173 Naumiestis, everyone had their place of worship.                     The town\u2019s architecture has remained unchanged for many years, attracting Lithuanian filmmakers. Every autumn, a harvest festival\u2014Dagotuv\u0117s\u2014is held on the beautiful Green Hill.<\/p><p style=\"text-align: left;\"> <\/p>\t\t\t\t\t\t\t\t<\/div>\n\t\t\t\t<\/div>\n\t\t\t\t<\/div>\n\t\t\t\t\t<\/div>\n\t\t\t\t<\/div>\n\t\t\t\t<\/div>\n\t\t","protected":false},"excerpt":{"rendered":"<p>\u017demai\u010di\u0173 Naumiestis is an old border town in Samogitia, with settlements in its surroundings dating back to the 14th century.<\/p>\n","protected":false},"author":2,"featured_media":30744,"parent":44118,"menu_order":4,"comment_status":"closed","ping_status":"closed","template":"","meta":{"_acf_changed":false,"_monsterinsights_skip_tracking":false,"_monsterinsights_sitenote_active":false,"_monsterinsights_sitenote_note":"","_monsterinsights_sitenote_category":0,"footnotes":""},"class_list":["post-44204","page","type-page","status-publish","has-post-thumbnail","hentry"],"acf":[],"_links":{"self":[{"href":"https:\/\/siluteinfo.lt\/en\/wp-json\/wp\/v2\/pages\/44204","targetHints":{"allow":["GET"]}}],"collection":[{"href":"https:\/\/siluteinfo.lt\/en\/wp-json\/wp\/v2\/pages"}],"about":[{"href":"https:\/\/siluteinfo.lt\/en\/wp-json\/wp\/v2\/types\/page"}],"author":[{"embeddable":true,"href":"https:\/\/siluteinfo.lt\/en\/wp-json\/wp\/v2\/users\/2"}],"replies":[{"embeddable":true,"href":"https:\/\/siluteinfo.lt\/en\/wp-json\/wp\/v2\/comments?post=44204"}],"version-history":[{"count":0,"href":"https:\/\/siluteinfo.lt\/en\/wp-json\/wp\/v2\/pages\/44204\/revisions"}],"up":[{"embeddable":true,"href":"https:\/\/siluteinfo.lt\/en\/wp-json\/wp\/v2\/pages\/44118"}],"wp:featuredmedia":[{"embeddable":true,"href":"https:\/\/siluteinfo.lt\/en\/wp-json\/wp\/v2\/media\/30744"}],"wp:attachment":[{"href":"https:\/\/siluteinfo.lt\/en\/wp-json\/wp\/v2\/media?parent=44204"}],"curies":[{"name":"wp","href":"https:\/\/api.w.org\/{rel}","templated":true}]}}