{"id":44194,"date":"2025-06-20T10:39:56","date_gmt":"2025-06-20T07:39:56","guid":{"rendered":"https:\/\/siluteinfo.lt\/silute-region\/towns-of-the-silute-region\/rusne\/"},"modified":"2025-06-20T21:36:17","modified_gmt":"2025-06-20T18:36:17","slug":"rusne","status":"publish","type":"page","link":"https:\/\/siluteinfo.lt\/en\/silute-region\/towns-of-the-silute-region\/rusne\/","title":{"rendered":"Rusn\u0117"},"content":{"rendered":"\t\t<div data-elementor-type=\"wp-page\" data-elementor-id=\"44194\" class=\"elementor elementor-44194 elementor-44078\" data-elementor-post-type=\"page\">\n\t\t\t\t<div class=\"wd-negative-gap elementor-element elementor-element-ab16e31 e-flex e-con-boxed e-con e-parent\" data-id=\"ab16e31\" data-element_type=\"container\" data-e-type=\"container\">\n\t\t\t\t\t<div class=\"e-con-inner\">\n\t\t<div class=\"elementor-element elementor-element-f986a69 e-con-full e-flex e-con e-child\" data-id=\"f986a69\" data-element_type=\"container\" data-e-type=\"container\">\n\t\t\t\t<div class=\"elementor-element elementor-element-88aba7b elementor-widget elementor-widget-theme-post-featured-image elementor-widget-image\" data-id=\"88aba7b\" data-element_type=\"widget\" data-e-type=\"widget\" data-widget_type=\"theme-post-featured-image.default\">\n\t\t\t\t<div class=\"elementor-widget-container\">\n\t\t\t\t\t\t\t\t\t\t\t\t\t\t\t<img loading=\"lazy\" decoding=\"async\" width=\"1200\" height=\"800\" src=\"https:\/\/siluteinfo.lt\/wp-content\/themes\/woodmart\/images\/lazy.svg\" data-src=\"https:\/\/siluteinfo.lt\/wp-content\/uploads\/2025\/05\/miesteliai-rusne.jpg\" class=\" wd-lazy-blur attachment-full size-full wp-image-42604\" alt=\"Rusn\u0117s panorama\" srcset=\"\" data-srcset=\"https:\/\/siluteinfo.lt\/wp-content\/uploads\/2025\/05\/miesteliai-rusne.jpg 1200w, https:\/\/siluteinfo.lt\/wp-content\/uploads\/2025\/05\/miesteliai-rusne-400x267.jpg 400w, https:\/\/siluteinfo.lt\/wp-content\/uploads\/2025\/05\/miesteliai-rusne-768x512.jpg 768w\" sizes=\"auto, (max-width: 1200px) 100vw, 1200px\" \/>\t\t\t\t\t\t\t\t\t\t\t\t\t\t\t<\/div>\n\t\t\t\t<\/div>\n\t\t\t\t<\/div>\n\t\t<div class=\"elementor-element elementor-element-6b94c63 e-con-full e-flex e-con e-child\" data-id=\"6b94c63\" data-element_type=\"container\" data-e-type=\"container\">\n\t\t\t\t<div class=\"elementor-element elementor-element-7bdd7d3 color-scheme-inherit text-left elementor-widget elementor-widget-text-editor\" data-id=\"7bdd7d3\" data-element_type=\"widget\" data-e-type=\"widget\" data-widget_type=\"text-editor.default\">\n\t\t\t\t<div class=\"elementor-widget-container\">\n\t\t\t\t\t\t\t\t\t<p style=\"text-align: left;\">Rusn\u0117 is one of the oldest, most unique and partly interesting settlements in the Nemunas Delta of Lithuania Minor. The name of the largest island in Lithuania was first mentioned in written sources as early as 1366, when the Teutonic Knights began to consolidate their stronghold on the coast and in the Curonian Lagoon region. Rusn\u0117 is a border town located on an island in the Nemunas delta between the Atmata and Skirvyt\u0117 rivers, with the Pakaln\u0117 River running through the middle. On the other side of the river is the Kaliningrad Oblast of the Russian Federation. The only road to Rusn\u0117 is a bridge over the Atmata. The first bridge to the island was built in 1914. It was a 2-arch Peters Bridge, the remains of which have been preserved until today. 30 years later, in 1974, a new bridge was built next to the old one. It is the largest town in Lithuania, located on an island, famous for its natural beauty, bird diversity and spring tides. The island covers an area of 47 km\u00b2. In addition to the town of Rusn\u0117, there are the villages of Vorusn\u0117, \u0160y\u0161krant\u0117, Pakaln\u0117, Uostadvaris and Skirvyt\u0117l\u0117. It is not the only island in the Nemunas Delta: Rusn\u0117 is surrounded by several smaller ones. Visitors to Rusn\u0117 are melted by the spectacularly beautiful marinistic landscapes. The ensemble of fresh Pomeranian wind, water and pine forests creates a simply stunning picture of nature.             <br>Rusn\u0117 is not only famous for its landscape or its preserved old wooden architecture &#8211; the island is rightly called the capital of the tastiest smoked fish. Many people flock here every year to taste the authentic dishes prepared by the Rusnians and to enjoy the nose-tickling smells of fresh fish. Visitors often return for the first time, knowing that they are always welcome in Rusn\u0117. The harmony of water and land-based activities created on Lithuania&#8217;s largest island attracts visitors of all kinds &#8211; fishery professionals and amateurs, ornithologists, nature and ethno-culture explorers, and lovers of peace and water. There is no shortage of active water activities &#8211; fishing, boating, boating and canoeing are all available. Moreover, Rusn\u0117 Island is the most attractive centre for ice fishing in the Curonian Lagoon. It is a unique corner of nature, surrounded by water on all sides, where it is always good to come back.      <\/p>\n<p style=\"text-align: left;\"><\/p>\n<p style=\"text-align: left;\"><\/p>\t\t\t\t\t\t\t\t<\/div>\n\t\t\t\t<\/div>\n\t\t\t\t<\/div>\n\t\t\t\t\t<\/div>\n\t\t\t\t<\/div>\n\t\t\t\t<\/div>\n\t\t","protected":false},"excerpt":{"rendered":"<p>Rusn\u0117 is one of the oldest, most unique and partly interesting settlements in the Nemunas Delta of Lithuania Minor. The<\/p>\n","protected":false},"author":2,"featured_media":42604,"parent":44118,"menu_order":2,"comment_status":"closed","ping_status":"closed","template":"","meta":{"_acf_changed":false,"_monsterinsights_skip_tracking":false,"_monsterinsights_sitenote_active":false,"_monsterinsights_sitenote_note":"","_monsterinsights_sitenote_category":0,"footnotes":""},"class_list":["post-44194","page","type-page","status-publish","has-post-thumbnail","hentry"],"acf":[],"_links":{"self":[{"href":"https:\/\/siluteinfo.lt\/en\/wp-json\/wp\/v2\/pages\/44194","targetHints":{"allow":["GET"]}}],"collection":[{"href":"https:\/\/siluteinfo.lt\/en\/wp-json\/wp\/v2\/pages"}],"about":[{"href":"https:\/\/siluteinfo.lt\/en\/wp-json\/wp\/v2\/types\/page"}],"author":[{"embeddable":true,"href":"https:\/\/siluteinfo.lt\/en\/wp-json\/wp\/v2\/users\/2"}],"replies":[{"embeddable":true,"href":"https:\/\/siluteinfo.lt\/en\/wp-json\/wp\/v2\/comments?post=44194"}],"version-history":[{"count":0,"href":"https:\/\/siluteinfo.lt\/en\/wp-json\/wp\/v2\/pages\/44194\/revisions"}],"up":[{"embeddable":true,"href":"https:\/\/siluteinfo.lt\/en\/wp-json\/wp\/v2\/pages\/44118"}],"wp:featuredmedia":[{"embeddable":true,"href":"https:\/\/siluteinfo.lt\/en\/wp-json\/wp\/v2\/media\/42604"}],"wp:attachment":[{"href":"https:\/\/siluteinfo.lt\/en\/wp-json\/wp\/v2\/media?parent=44194"}],"curies":[{"name":"wp","href":"https:\/\/api.w.org\/{rel}","templated":true}]}}