{"id":43808,"date":"2022-05-26T06:05:52","date_gmt":"2022-05-26T04:05:52","guid":{"rendered":"https:\/\/siluteinfo.lt\/leisure\/places-to-visit\/evangelical-lutheran-church-zemaiciu-naumiestis\/"},"modified":"2025-06-18T20:42:44","modified_gmt":"2025-06-18T18:42:44","slug":"evangelical-lutheran-church-zemaiciu-naumiestis","status":"publish","type":"page","link":"https:\/\/siluteinfo.lt\/en\/leisure\/places-to-visit\/evangelical-lutheran-church-zemaiciu-naumiestis\/","title":{"rendered":"Evangelical Lutheran Church of \u017demai\u010di\u0173 Naumiestis"},"content":{"rendered":"\t\t<div data-elementor-type=\"wp-page\" data-elementor-id=\"43808\" class=\"elementor elementor-43808 elementor-11311\" data-elementor-post-type=\"page\">\n\t\t\t\t<div class=\"wd-negative-gap elementor-element elementor-element-a0b2ba3 e-flex e-con-boxed e-con e-parent\" data-id=\"a0b2ba3\" data-element_type=\"container\" data-e-type=\"container\">\n\t\t\t\t\t<div class=\"e-con-inner\">\n\t\t<div class=\"elementor-element elementor-element-ed2b712 e-con-full e-flex e-con e-child\" data-id=\"ed2b712\" data-element_type=\"container\" data-e-type=\"container\">\n\t\t\t\t<div class=\"elementor-element elementor-element-1e2944a elementor-widget elementor-widget-theme-post-featured-image elementor-widget-image\" data-id=\"1e2944a\" data-element_type=\"widget\" data-e-type=\"widget\" data-widget_type=\"theme-post-featured-image.default\">\n\t\t\t\t<div class=\"elementor-widget-container\">\n\t\t\t\t\t\t\t\t\t\t\t\t\t\t\t<img loading=\"lazy\" decoding=\"async\" width=\"1200\" height=\"800\" src=\"https:\/\/siluteinfo.lt\/wp-content\/themes\/woodmart\/images\/lazy.svg\" data-src=\"https:\/\/siluteinfo.lt\/wp-content\/uploads\/2025\/06\/lankomi-zemaiciu-naumiescio-evangeliku-liuteronu-baznycia.jpg\" class=\" wd-lazy-blur attachment-full size-full wp-image-43567\" alt=\"Evangelik\u0173 liuteron\u0173 ba\u017eny\u010dia \u017demai\u010di\u0173 Naumiestyje\" srcset=\"\" data-srcset=\"https:\/\/siluteinfo.lt\/wp-content\/uploads\/2025\/06\/lankomi-zemaiciu-naumiescio-evangeliku-liuteronu-baznycia.jpg 1200w, https:\/\/siluteinfo.lt\/wp-content\/uploads\/2025\/06\/lankomi-zemaiciu-naumiescio-evangeliku-liuteronu-baznycia-800x533.jpg 800w, https:\/\/siluteinfo.lt\/wp-content\/uploads\/2025\/06\/lankomi-zemaiciu-naumiescio-evangeliku-liuteronu-baznycia-768x512.jpg 768w\" sizes=\"auto, (max-width: 1200px) 100vw, 1200px\" \/>\t\t\t\t\t\t\t\t\t\t\t\t\t\t\t<\/div>\n\t\t\t\t<\/div>\n\t\t\t\t<\/div>\n\t\t<div class=\"elementor-element elementor-element-597aab5 e-con-full e-flex e-con e-child\" data-id=\"597aab5\" data-element_type=\"container\" data-e-type=\"container\">\n\t\t\t\t<div class=\"elementor-element elementor-element-58e8443 color-scheme-inherit text-left elementor-widget elementor-widget-text-editor\" data-id=\"58e8443\" data-element_type=\"widget\" data-e-type=\"widget\" data-widget_type=\"text-editor.default\">\n\t\t\t\t<div class=\"elementor-widget-container\">\n\t\t\t\t\t\t\t\t\t<div dir=\"auto\" style=\"font-style: normal; font-variant-ligatures: normal; font-variant-caps: normal; font-weight: 400; font-family: Jost, Arial, Helvetica, sans-serif; font-size: 16px; white-space: normal; text-align: justify;\"><div dir=\"auto\" style=\"font-style: normal; font-variant-ligatures: normal; font-variant-caps: normal; font-weight: 400; font-family: Jost, Arial, Helvetica, sans-serif; font-size: 16px; white-space: normal; text-align: justify;\"><div dir=\"auto\" style=\"font-style: normal; font-variant-ligatures: normal; font-variant-caps: normal; font-weight: 400; font-family: Jost, Arial, Helvetica, sans-serif; font-size: 16px; white-space: normal; text-align: justify;\"><div dir=\"auto\" style=\"font-style: normal; font-variant-ligatures: normal; font-variant-caps: normal; font-weight: 400; font-family: Jost, Arial, Helvetica, sans-serif; font-size: 16px; white-space: normal; text-align: justify;\"><div dir=\"auto\" style=\"font-style: normal; font-variant-ligatures: normal; font-variant-caps: normal; font-weight: 400; font-family: Jost, Arial, Helvetica, sans-serif; font-size: 16px; white-space: normal; text-align: justify;\"><div dir=\"auto\" style=\"font-style: normal; font-variant-ligatures: normal; font-variant-caps: normal; font-weight: 400; font-family: Jost, Arial, Helvetica, sans-serif; font-size: 16px; white-space: normal; text-align: justify;\"><div dir=\"auto\" style=\"font-style: normal; font-variant-ligatures: normal; font-variant-caps: normal; font-weight: 400; font-family: Jost, Arial, Helvetica, sans-serif; font-size: 16px; white-space: normal; text-align: justify;\"><p style=\"text-align: left;\">Located in the town center, the church was completed in 1842 after 17 years of construction. The architect is unknown, but the building demonstrates both refined taste and sound architectural knowledge: a harmonious, rectangular masonry structure with plastered walls.<br>Its most distinctive and original feature is the spacious portico, recessed into the front of the church. Surrounded by old trees, the light-colored silhouette of the church evokes the image of an ancient Greek temple.     <br>Though the church satisfied the local congregation, the construction process was exhausting and there were not enough funds or energy left to build an impressive bell tower. Instead, a hastily built wooden structure was erected, barely matching the elegance of the church.<br>The bell arrived six years later, in 1848. Though small, its sound is clear and can be heard within a 2-kilometer radius on a calm day.<br>The organ was installed even later, around 1890.<br>Today, the church continues to serve as a place of worship for the Evangelical Lutheran community.   <\/p><\/div><\/div><\/div><\/div><\/div><\/div><\/div>\t\t\t\t\t\t\t\t<\/div>\n\t\t\t\t<\/div>\n\t\t\t\t<\/div>\n\t\t<div class=\"elementor-element elementor-element-95c9252 e-con-full e-flex e-con e-child\" data-id=\"95c9252\" data-element_type=\"container\" data-e-type=\"container\">\n\t\t\t\t<div class=\"elementor-element elementor-element-7f00896 elementor-widget elementor-widget-shortcode\" data-id=\"7f00896\" data-element_type=\"widget\" data-e-type=\"widget\" data-widget_type=\"shortcode.default\">\n\t\t\t\t<div class=\"elementor-widget-container\">\n\t\t\t\t\t\t\t<div class=\"elementor-shortcode\">\t\t<div id=\"maps-marker-pro-6cf0bf88\" class=\"maps-marker-pro mmp-list-below\" style=\"width: 100%;\">\n\t\t\t<div id=\"mmp-map-wrap-6cf0bf88\" class=\"mmp-map-wrap\">\n\t\t\t\t\t\t\t\t\t<div id=\"mmp-panel-6cf0bf88\" class=\"mmp-panel\"><\/div>\n\t\t\t\t\t\t\t\t<div id=\"mmp-map-6cf0bf88\" class=\"mmp-map\" style=\"height: 500px;\"><\/div>\n\t\t\t\t\t\t\t<\/div>\n\t\t\t\t\t\t\t<div id=\"mmp-list-6cf0bf88\" class=\"mmp-list\" style=\"flex-basis: 400px;\"><\/div>\n\t\t\t\t\t<\/div>\n\t\t<\/div>\n\t\t\t\t\t\t<\/div>\n\t\t\t\t<\/div>\n\t\t\t\t<\/div>\n\t\t\t\t\t<\/div>\n\t\t\t\t<\/div>\n\t\t\t\t<\/div>\n\t\t","protected":false},"excerpt":{"rendered":"<p>Located in the town center, the church was completed in 1842 after 17 years of construction. The architect is unknown,<\/p>\n","protected":false},"author":1,"featured_media":43567,"parent":22863,"menu_order":97,"comment_status":"closed","ping_status":"closed","template":"","meta":{"_acf_changed":false,"_monsterinsights_skip_tracking":false,"_monsterinsights_sitenote_active":false,"_monsterinsights_sitenote_note":"","_monsterinsights_sitenote_category":0,"footnotes":""},"class_list":["post-43808","page","type-page","status-publish","has-post-thumbnail","hentry"],"acf":[],"_links":{"self":[{"href":"https:\/\/siluteinfo.lt\/en\/wp-json\/wp\/v2\/pages\/43808","targetHints":{"allow":["GET"]}}],"collection":[{"href":"https:\/\/siluteinfo.lt\/en\/wp-json\/wp\/v2\/pages"}],"about":[{"href":"https:\/\/siluteinfo.lt\/en\/wp-json\/wp\/v2\/types\/page"}],"author":[{"embeddable":true,"href":"https:\/\/siluteinfo.lt\/en\/wp-json\/wp\/v2\/users\/1"}],"replies":[{"embeddable":true,"href":"https:\/\/siluteinfo.lt\/en\/wp-json\/wp\/v2\/comments?post=43808"}],"version-history":[{"count":0,"href":"https:\/\/siluteinfo.lt\/en\/wp-json\/wp\/v2\/pages\/43808\/revisions"}],"up":[{"embeddable":true,"href":"https:\/\/siluteinfo.lt\/en\/wp-json\/wp\/v2\/pages\/22863"}],"wp:featuredmedia":[{"embeddable":true,"href":"https:\/\/siluteinfo.lt\/en\/wp-json\/wp\/v2\/media\/43567"}],"wp:attachment":[{"href":"https:\/\/siluteinfo.lt\/en\/wp-json\/wp\/v2\/media?parent=43808"}],"curies":[{"name":"wp","href":"https:\/\/api.w.org\/{rel}","templated":true}]}}