{"id":43786,"date":"2022-05-26T05:42:46","date_gmt":"2022-05-26T03:42:46","guid":{"rendered":"https:\/\/siluteinfo.lt\/leisure\/places-to-visit\/stempliai-manor\/"},"modified":"2025-06-18T20:28:04","modified_gmt":"2025-06-18T18:28:04","slug":"stempliai-manor","status":"publish","type":"page","link":"https:\/\/siluteinfo.lt\/en\/leisure\/places-to-visit\/stempliai-manor\/","title":{"rendered":"Stempliai Manor"},"content":{"rendered":"\t\t<div data-elementor-type=\"wp-page\" data-elementor-id=\"43786\" class=\"elementor elementor-43786 elementor-11297\" data-elementor-post-type=\"page\">\n\t\t\t\t<div class=\"wd-negative-gap elementor-element elementor-element-9e80889 e-flex e-con-boxed e-con e-parent\" data-id=\"9e80889\" data-element_type=\"container\" data-e-type=\"container\">\n\t\t\t\t\t<div class=\"e-con-inner\">\n\t\t<div class=\"elementor-element elementor-element-03de487 e-con-full e-flex e-con e-child\" data-id=\"03de487\" data-element_type=\"container\" data-e-type=\"container\">\n\t\t\t\t<div class=\"elementor-element elementor-element-bb03944 elementor-widget elementor-widget-theme-post-featured-image elementor-widget-image\" data-id=\"bb03944\" data-element_type=\"widget\" data-e-type=\"widget\" data-widget_type=\"theme-post-featured-image.default\">\n\t\t\t\t<div class=\"elementor-widget-container\">\n\t\t\t\t\t\t\t\t\t\t\t\t\t\t\t<img loading=\"lazy\" decoding=\"async\" width=\"1200\" height=\"900\" src=\"https:\/\/siluteinfo.lt\/wp-content\/themes\/woodmart\/images\/lazy.svg\" data-src=\"https:\/\/siluteinfo.lt\/wp-content\/uploads\/2023\/11\/lankomi-stempliu-dvaras.jpg\" class=\" wd-lazy-blur attachment-full size-full wp-image-32107\" alt=\"Stempli\u0173 dvaras Stempl\u0117se\" srcset=\"\" data-srcset=\"https:\/\/siluteinfo.lt\/wp-content\/uploads\/2023\/11\/lankomi-stempliu-dvaras.jpg 1200w, https:\/\/siluteinfo.lt\/wp-content\/uploads\/2023\/11\/lankomi-stempliu-dvaras-400x300.jpg 400w, https:\/\/siluteinfo.lt\/wp-content\/uploads\/2023\/11\/lankomi-stempliu-dvaras-768x576.jpg 768w\" sizes=\"auto, (max-width: 1200px) 100vw, 1200px\" \/>\t\t\t\t\t\t\t\t\t\t\t\t\t\t\t<\/div>\n\t\t\t\t<\/div>\n\t\t\t\t<\/div>\n\t\t<div class=\"elementor-element elementor-element-ddda70c e-con-full e-flex e-con e-child\" data-id=\"ddda70c\" data-element_type=\"container\" data-e-type=\"container\">\n\t\t\t\t<div class=\"elementor-element elementor-element-797e843 color-scheme-inherit text-left elementor-widget elementor-widget-text-editor\" data-id=\"797e843\" data-element_type=\"widget\" data-e-type=\"widget\" data-widget_type=\"text-editor.default\">\n\t\t\t\t<div class=\"elementor-widget-container\">\n\t\t\t\t\t\t\t\t\t<div dir=\"auto\" style=\"font-style: normal; font-variant-ligatures: normal; font-variant-caps: normal; font-weight: 400; font-family: Jost, Arial, Helvetica, sans-serif; font-size: 16px; white-space: normal; text-align: justify;\"><div dir=\"auto\" style=\"font-style: normal; font-variant-ligatures: normal; font-variant-caps: normal; font-weight: 400; font-family: Jost, Arial, Helvetica, sans-serif; font-size: 16px; white-space: normal; text-align: justify;\"><div dir=\"auto\" style=\"font-style: normal; font-variant-ligatures: normal; font-variant-caps: normal; font-weight: 400; font-family: Jost, Arial, Helvetica, sans-serif; font-size: 16px; white-space: normal; text-align: justify;\"><div dir=\"auto\" style=\"font-style: normal; font-variant-ligatures: normal; font-variant-caps: normal; font-weight: 400; font-family: Jost, Arial, Helvetica, sans-serif; font-size: 16px; white-space: normal; text-align: justify;\"><div dir=\"auto\" style=\"font-style: normal; font-variant-ligatures: normal; font-variant-caps: normal; font-weight: 400; font-family: Jost, Arial, Helvetica, sans-serif; font-size: 16px; white-space: normal; text-align: justify;\"><div dir=\"auto\" style=\"font-style: normal; font-variant-ligatures: normal; font-variant-caps: normal; font-weight: 400; font-family: Jost, Arial, Helvetica, sans-serif; font-size: 16px; white-space: normal; text-align: justify;\"><div dir=\"auto\" style=\"font-style: normal; font-variant-ligatures: normal; font-variant-caps: normal; font-weight: 400; font-family: Jost, Arial, Helvetica, sans-serif; font-size: 16px; white-space: normal; text-align: justify;\"><p style=\"text-align: left;\">In 1820, after the sons of Jurgis Plater divided the \u0160v\u0117k\u0161na estate, Count Kazimieras Plater established a manor on the outskirts of the village of Stempliai.<br>Writer Simonas Stanevi\u010dius lived at Stempl\u0117s Manor for 12 years, overseeing the library left behind by his patron Jurgis Plater.  <br>Stempl\u0117s Manor has survived to this day. It is located about 2 km north of the village.<br>Three buildings remain: a single-story wooden residential house with a mansard roof on a stone foundation, a wooden granary, and a clay-walled barn with a gabled roof.<br>The manor house has been repainted orange and is surrounded by trees; a large granary structure, although decaying, still stands.<br>Today, the site is privately owned and operated as a farm.    <\/p><\/div><\/div><\/div><\/div><\/div><\/div><\/div>\t\t\t\t\t\t\t\t<\/div>\n\t\t\t\t<\/div>\n\t\t\t\t<\/div>\n\t\t<div class=\"elementor-element elementor-element-3e6fbb3 e-con-full e-flex e-con e-child\" data-id=\"3e6fbb3\" data-element_type=\"container\" data-e-type=\"container\">\n\t\t\t\t<div class=\"elementor-element elementor-element-3c5686f elementor-widget elementor-widget-shortcode\" data-id=\"3c5686f\" data-element_type=\"widget\" data-e-type=\"widget\" data-widget_type=\"shortcode.default\">\n\t\t\t\t<div class=\"elementor-widget-container\">\n\t\t\t\t\t\t\t<div class=\"elementor-shortcode\">\t\t<div id=\"maps-marker-pro-c4e877cf\" class=\"maps-marker-pro mmp-list-below\" style=\"width: 100%;\">\n\t\t\t<div id=\"mmp-map-wrap-c4e877cf\" class=\"mmp-map-wrap\">\n\t\t\t\t\t\t\t\t\t<div id=\"mmp-panel-c4e877cf\" class=\"mmp-panel\"><\/div>\n\t\t\t\t\t\t\t\t<div id=\"mmp-map-c4e877cf\" class=\"mmp-map\" style=\"height: 500px;\"><\/div>\n\t\t\t\t\t\t\t<\/div>\n\t\t\t\t\t\t\t<div id=\"mmp-list-c4e877cf\" class=\"mmp-list\" style=\"flex-basis: 400px;\"><\/div>\n\t\t\t\t\t<\/div>\n\t\t<\/div>\n\t\t\t\t\t\t<\/div>\n\t\t\t\t<\/div>\n\t\t\t\t<\/div>\n\t\t\t\t\t<\/div>\n\t\t\t\t<\/div>\n\t\t\t\t<\/div>\n\t\t","protected":false},"excerpt":{"rendered":"<p>In 1820, after the sons of Jurgis Plater divided the \u0160v\u0117k\u0161na estate, Count Kazimieras Plater established a manor on the<\/p>\n","protected":false},"author":1,"featured_media":32107,"parent":22863,"menu_order":95,"comment_status":"closed","ping_status":"closed","template":"","meta":{"_acf_changed":false,"_monsterinsights_skip_tracking":false,"_monsterinsights_sitenote_active":false,"_monsterinsights_sitenote_note":"","_monsterinsights_sitenote_category":0,"footnotes":""},"class_list":["post-43786","page","type-page","status-publish","has-post-thumbnail","hentry"],"acf":[],"_links":{"self":[{"href":"https:\/\/siluteinfo.lt\/en\/wp-json\/wp\/v2\/pages\/43786","targetHints":{"allow":["GET"]}}],"collection":[{"href":"https:\/\/siluteinfo.lt\/en\/wp-json\/wp\/v2\/pages"}],"about":[{"href":"https:\/\/siluteinfo.lt\/en\/wp-json\/wp\/v2\/types\/page"}],"author":[{"embeddable":true,"href":"https:\/\/siluteinfo.lt\/en\/wp-json\/wp\/v2\/users\/1"}],"replies":[{"embeddable":true,"href":"https:\/\/siluteinfo.lt\/en\/wp-json\/wp\/v2\/comments?post=43786"}],"version-history":[{"count":0,"href":"https:\/\/siluteinfo.lt\/en\/wp-json\/wp\/v2\/pages\/43786\/revisions"}],"up":[{"embeddable":true,"href":"https:\/\/siluteinfo.lt\/en\/wp-json\/wp\/v2\/pages\/22863"}],"wp:featuredmedia":[{"embeddable":true,"href":"https:\/\/siluteinfo.lt\/en\/wp-json\/wp\/v2\/media\/32107"}],"wp:attachment":[{"href":"https:\/\/siluteinfo.lt\/en\/wp-json\/wp\/v2\/media?parent=43786"}],"curies":[{"name":"wp","href":"https:\/\/api.w.org\/{rel}","templated":true}]}}